{"id":60782,"date":"2024-01-20T16:53:09","date_gmt":"2024-01-20T15:53:09","guid":{"rendered":"https:\/\/ajatutaja.com\/?post_type=product&#038;p=60782"},"modified":"2026-04-13T16:23:59","modified_gmt":"2026-04-13T14:23:59","slug":"dr-browns-grizalo-zirafa","status":"publish","type":"product","link":"https:\/\/ajatutaja.com\/hr\/proizvod\/dr-browns-grizalo-zirafa\/","title":{"rendered":"Dr. Brown\u2019s grizalo \u017dirafa"},"content":{"rendered":"<p>[vc_row][vc_column][vc_column_text]<\/p>\n<h3>Lastnosti grizala Dr.Brown`s:<\/h3>\n<div id=\"description\" class=\"tab-pane fade in active\">\n<div class=\"product-description\">\n<ul>\n<li>Grizalo je iz silikona, brez BPA.<\/li>\n<li>Grizalo z ve\u010d teksturami laj\u0161a bole\u010dino in nelagodje dojen\u010dka, za uporabo v njegovih ustih pa je popolnoma varno.<\/li>\n<li>Grizalo lahko ohladite v hladilniku, posebej tiste dneve, ko je izra\u0161\u010danje zobkov za dojen\u010dka bolj bole\u010de in nelagodno. To mu bo \u0161e dodatno pomagalo.<\/li>\n<li>Dimenzije: 6x10x1.5 cm<\/li>\n<li>Priporo\u010dljivo za otroke starosti 3m+.<\/li>\n<li>Vzdr\u017eevanje: Grizalo je primerno za pomivanje v pomivalnem stroju (na zgornji re\u0161etki). Varno je steriliziranje v sterilizatorju, kar omogo\u010da preprosto \u010di\u0161\u010denje.<\/li>\n<\/ul>\n<p>Navodila za uporabo: Oprati pred vsako uporabo! Menjati \u0161\u010detko vsake 3 mesece ali ko so \u0161\u010detine obrabljene!<\/p>\n<\/div>\n<\/div>\n<p>[\/vc_column_text][\/vc_column][\/vc_row]<\/p>\n","protected":false},"excerpt":{"rendered":"<p>Grizalo Dr.Brown`s v obiki \u017erafe je pediatri\u010dni zobozdravnik in je iz ve\u010d tekstur iz silikona, ki laj\u0161a bole\u010dino in nelagodje dojen\u010dka pri izra\u0161\u010danju prvih zobkov. Ima \u010dvrste robove, ki masirajo bole\u010de dlesni, ter tak\u0161no povr\u0161ino, ki nudi popu\u0161\u010danje pritiska pri bole\u010dih dlesnih.<\/p>\n","protected":false},"featured_media":60790,"template":"","meta":[],"pwb-brand":[5426],"product_brand":[],"product_cat":[2610,2715,2711,2308,2266],"product_tag":[5428],"class_list":{"0":"post-60782","1":"product","2":"type-product","3":"status-publish","4":"has-post-thumbnail","6":"pwb-brand-dr-browns","7":"product_cat-darila","8":"product_cat-darilo-do-15e","9":"product_cat-darilo-ob-rojstvu","10":"product_cat-grizala-za-zobke","11":"product_cat-hranjenje","12":"product_tag-dr-browns","14":"first","15":"instock","16":"taxable","17":"shipping-taxable","18":"purchasable","19":"product-type-simple","20":"add-to-wishlist-before_image"},"yoast_head":"<!-- This site is optimized with the Yoast SEO plugin v27.3 - https:\/\/yoast.com\/product\/yoast-seo-wordpress\/ -->\n<title>Dr. Brown\u2019s grizalo \u017dirafa | Ajatutaja<\/title>\n<meta name=\"description\" content=\"Grizalo Dr.Brown`s v obiki \u017erafe je pediatri\u010dni zobozdravnik in je iz ve\u010d tekstur iz silikona, ki laj\u0161a bole\u010dino in nelagodje dojen\u010dka pri bole\u010dih dlesnih.\" \/>\n<meta name=\"robots\" content=\"index, follow, max-snippet:-1, max-image-preview:large, max-video-preview:-1\" \/>\n<link rel=\"canonical\" href=\"https:\/\/ajatutaja.com\/izdelek\/dr-browns-grizalo-zirafa\/\" \/>\n<meta property=\"og:locale\" content=\"hr_HR\" \/>\n<meta property=\"og:type\" content=\"article\" \/>\n<meta property=\"og:title\" content=\"Dr. Brown\u2019s grizalo \u017dirafa | Ajatutaja\" \/>\n<meta property=\"og:description\" content=\"Grizalo Dr.Brown`s v obiki \u017erafe je pediatri\u010dni zobozdravnik in je iz ve\u010d tekstur iz silikona, ki laj\u0161a bole\u010dino in nelagodje dojen\u010dka pri bole\u010dih dlesnih.\" \/>\n<meta property=\"og:url\" content=\"https:\/\/ajatutaja.com\/izdelek\/dr-browns-grizalo-zirafa\/\" \/>\n<meta property=\"og:site_name\" content=\"Ajatutaja\" \/>\n<meta property=\"article:modified_time\" content=\"2026-04-13T14:23:59+00:00\" \/>\n<meta property=\"og:image\" content=\"https:\/\/ajatutaja.com\/wp-content\/uploads\/2024\/01\/grizalo-zirafa-dr-browns-1.jpg\" \/>\n\t<meta property=\"og:image:width\" content=\"1000\" \/>\n\t<meta property=\"og:image:height\" content=\"1300\" \/>\n\t<meta property=\"og:image:type\" content=\"image\/jpeg\" \/>\n<meta name=\"twitter:card\" content=\"summary_large_image\" \/>\n<meta name=\"twitter:label1\" content=\"Procijenjeno vrijeme \u010ditanja\" \/>\n\t<meta name=\"twitter:data1\" content=\"1 minuta\" \/>\n<script type=\"application\/ld+json\" class=\"yoast-schema-graph\">{\"@context\":\"https:\\\/\\\/schema.org\",\"@graph\":[{\"@type\":\"WebPage\",\"@id\":\"https:\\\/\\\/ajatutaja.com\\\/izdelek\\\/dr-browns-grizalo-zirafa\\\/\",\"url\":\"https:\\\/\\\/ajatutaja.com\\\/izdelek\\\/dr-browns-grizalo-zirafa\\\/\",\"name\":\"Dr. Brown\u2019s grizalo \u017dirafa | Ajatutaja\",\"isPartOf\":{\"@id\":\"https:\\\/\\\/ajatutaja.com\\\/#website\"},\"primaryImageOfPage\":{\"@id\":\"https:\\\/\\\/ajatutaja.com\\\/izdelek\\\/dr-browns-grizalo-zirafa\\\/#primaryimage\"},\"image\":{\"@id\":\"https:\\\/\\\/ajatutaja.com\\\/izdelek\\\/dr-browns-grizalo-zirafa\\\/#primaryimage\"},\"thumbnailUrl\":\"https:\\\/\\\/ajatutaja.com\\\/wp-content\\\/uploads\\\/2024\\\/01\\\/grizalo-zirafa-dr-browns-1.jpg\",\"datePublished\":\"2024-01-20T15:53:09+00:00\",\"dateModified\":\"2026-04-13T14:23:59+00:00\",\"description\":\"Grizalo Dr.Brown`s v obiki \u017erafe je pediatri\u010dni zobozdravnik in je iz ve\u010d tekstur iz silikona, ki laj\u0161a bole\u010dino in nelagodje dojen\u010dka pri bole\u010dih dlesnih.\",\"breadcrumb\":{\"@id\":\"https:\\\/\\\/ajatutaja.com\\\/izdelek\\\/dr-browns-grizalo-zirafa\\\/#breadcrumb\"},\"inLanguage\":\"hr\",\"potentialAction\":[{\"@type\":\"ReadAction\",\"target\":[\"https:\\\/\\\/ajatutaja.com\\\/izdelek\\\/dr-browns-grizalo-zirafa\\\/\"]}]},{\"@type\":\"ImageObject\",\"inLanguage\":\"hr\",\"@id\":\"https:\\\/\\\/ajatutaja.com\\\/izdelek\\\/dr-browns-grizalo-zirafa\\\/#primaryimage\",\"url\":\"https:\\\/\\\/ajatutaja.com\\\/wp-content\\\/uploads\\\/2024\\\/01\\\/grizalo-zirafa-dr-browns-1.jpg\",\"contentUrl\":\"https:\\\/\\\/ajatutaja.com\\\/wp-content\\\/uploads\\\/2024\\\/01\\\/grizalo-zirafa-dr-browns-1.jpg\",\"width\":1000,\"height\":1300},{\"@type\":\"BreadcrumbList\",\"@id\":\"https:\\\/\\\/ajatutaja.com\\\/izdelek\\\/dr-browns-grizalo-zirafa\\\/#breadcrumb\",\"itemListElement\":[{\"@type\":\"ListItem\",\"position\":1,\"name\":\"Home\",\"item\":\"https:\\\/\\\/ajatutaja.com\\\/hr\\\/\"},{\"@type\":\"ListItem\",\"position\":2,\"name\":\"Trgovina\",\"item\":\"https:\\\/\\\/ajatutaja.com\\\/hr\\\/trgovina\\\/\"},{\"@type\":\"ListItem\",\"position\":3,\"name\":\"Dr. Brown\u2019s grizalo \u017dirafa\"}]},{\"@type\":\"WebSite\",\"@id\":\"https:\\\/\\\/ajatutaja.com\\\/#website\",\"url\":\"https:\\\/\\\/ajatutaja.com\\\/\",\"name\":\"Ajatutaja\",\"description\":\"Otro\u0161ka spletna trgovina AJATUTAJA\",\"publisher\":{\"@id\":\"https:\\\/\\\/ajatutaja.com\\\/#organization\"},\"potentialAction\":[{\"@type\":\"SearchAction\",\"target\":{\"@type\":\"EntryPoint\",\"urlTemplate\":\"https:\\\/\\\/ajatutaja.com\\\/?s={search_term_string}\"},\"query-input\":{\"@type\":\"PropertyValueSpecification\",\"valueRequired\":true,\"valueName\":\"search_term_string\"}}],\"inLanguage\":\"hr\"},{\"@type\":\"Organization\",\"@id\":\"https:\\\/\\\/ajatutaja.com\\\/#organization\",\"name\":\"Ajatutaja\",\"url\":\"https:\\\/\\\/ajatutaja.com\\\/\",\"logo\":{\"@type\":\"ImageObject\",\"inLanguage\":\"hr\",\"@id\":\"https:\\\/\\\/ajatutaja.com\\\/#\\\/schema\\\/logo\\\/image\\\/\",\"url\":\"https:\\\/\\\/ajatutaja.com\\\/wp-content\\\/uploads\\\/2021\\\/10\\\/logo.png\",\"contentUrl\":\"https:\\\/\\\/ajatutaja.com\\\/wp-content\\\/uploads\\\/2021\\\/10\\\/logo.png\",\"width\":555,\"height\":150,\"caption\":\"Ajatutaja\"},\"image\":{\"@id\":\"https:\\\/\\\/ajatutaja.com\\\/#\\\/schema\\\/logo\\\/image\\\/\"}}]}<\/script>\n<!-- \/ Yoast SEO plugin. -->","yoast_head_json":{"title":"Dr. Brown\u2019s grizalo \u017dirafa | Ajatutaja","description":"Grizalo Dr.Brown`s v obiki \u017erafe je pediatri\u010dni zobozdravnik in je iz ve\u010d tekstur iz silikona, ki laj\u0161a bole\u010dino in nelagodje dojen\u010dka pri bole\u010dih dlesnih.","robots":{"index":"index","follow":"follow","max-snippet":"max-snippet:-1","max-image-preview":"max-image-preview:large","max-video-preview":"max-video-preview:-1"},"canonical":"https:\/\/ajatutaja.com\/izdelek\/dr-browns-grizalo-zirafa\/","og_locale":"hr_HR","og_type":"article","og_title":"Dr. Brown\u2019s grizalo \u017dirafa | Ajatutaja","og_description":"Grizalo Dr.Brown`s v obiki \u017erafe je pediatri\u010dni zobozdravnik in je iz ve\u010d tekstur iz silikona, ki laj\u0161a bole\u010dino in nelagodje dojen\u010dka pri bole\u010dih dlesnih.","og_url":"https:\/\/ajatutaja.com\/izdelek\/dr-browns-grizalo-zirafa\/","og_site_name":"Ajatutaja","article_modified_time":"2026-04-13T14:23:59+00:00","og_image":[{"width":1000,"height":1300,"url":"https:\/\/ajatutaja.com\/wp-content\/uploads\/2024\/01\/grizalo-zirafa-dr-browns-1.jpg","type":"image\/jpeg"}],"twitter_card":"summary_large_image","twitter_misc":{"Procijenjeno vrijeme \u010ditanja":"1 minuta"},"schema":{"@context":"https:\/\/schema.org","@graph":[{"@type":"WebPage","@id":"https:\/\/ajatutaja.com\/izdelek\/dr-browns-grizalo-zirafa\/","url":"https:\/\/ajatutaja.com\/izdelek\/dr-browns-grizalo-zirafa\/","name":"Dr. Brown\u2019s grizalo \u017dirafa | Ajatutaja","isPartOf":{"@id":"https:\/\/ajatutaja.com\/#website"},"primaryImageOfPage":{"@id":"https:\/\/ajatutaja.com\/izdelek\/dr-browns-grizalo-zirafa\/#primaryimage"},"image":{"@id":"https:\/\/ajatutaja.com\/izdelek\/dr-browns-grizalo-zirafa\/#primaryimage"},"thumbnailUrl":"https:\/\/ajatutaja.com\/wp-content\/uploads\/2024\/01\/grizalo-zirafa-dr-browns-1.jpg","datePublished":"2024-01-20T15:53:09+00:00","dateModified":"2026-04-13T14:23:59+00:00","description":"Grizalo Dr.Brown`s v obiki \u017erafe je pediatri\u010dni zobozdravnik in je iz ve\u010d tekstur iz silikona, ki laj\u0161a bole\u010dino in nelagodje dojen\u010dka pri bole\u010dih dlesnih.","breadcrumb":{"@id":"https:\/\/ajatutaja.com\/izdelek\/dr-browns-grizalo-zirafa\/#breadcrumb"},"inLanguage":"hr","potentialAction":[{"@type":"ReadAction","target":["https:\/\/ajatutaja.com\/izdelek\/dr-browns-grizalo-zirafa\/"]}]},{"@type":"ImageObject","inLanguage":"hr","@id":"https:\/\/ajatutaja.com\/izdelek\/dr-browns-grizalo-zirafa\/#primaryimage","url":"https:\/\/ajatutaja.com\/wp-content\/uploads\/2024\/01\/grizalo-zirafa-dr-browns-1.jpg","contentUrl":"https:\/\/ajatutaja.com\/wp-content\/uploads\/2024\/01\/grizalo-zirafa-dr-browns-1.jpg","width":1000,"height":1300},{"@type":"BreadcrumbList","@id":"https:\/\/ajatutaja.com\/izdelek\/dr-browns-grizalo-zirafa\/#breadcrumb","itemListElement":[{"@type":"ListItem","position":1,"name":"Home","item":"https:\/\/ajatutaja.com\/hr\/"},{"@type":"ListItem","position":2,"name":"Trgovina","item":"https:\/\/ajatutaja.com\/hr\/trgovina\/"},{"@type":"ListItem","position":3,"name":"Dr. Brown\u2019s grizalo \u017dirafa"}]},{"@type":"WebSite","@id":"https:\/\/ajatutaja.com\/#website","url":"https:\/\/ajatutaja.com\/","name":"Ajatutaja","description":"Otro\u0161ka spletna trgovina AJATUTAJA","publisher":{"@id":"https:\/\/ajatutaja.com\/#organization"},"potentialAction":[{"@type":"SearchAction","target":{"@type":"EntryPoint","urlTemplate":"https:\/\/ajatutaja.com\/?s={search_term_string}"},"query-input":{"@type":"PropertyValueSpecification","valueRequired":true,"valueName":"search_term_string"}}],"inLanguage":"hr"},{"@type":"Organization","@id":"https:\/\/ajatutaja.com\/#organization","name":"Ajatutaja","url":"https:\/\/ajatutaja.com\/","logo":{"@type":"ImageObject","inLanguage":"hr","@id":"https:\/\/ajatutaja.com\/#\/schema\/logo\/image\/","url":"https:\/\/ajatutaja.com\/wp-content\/uploads\/2021\/10\/logo.png","contentUrl":"https:\/\/ajatutaja.com\/wp-content\/uploads\/2021\/10\/logo.png","width":555,"height":150,"caption":"Ajatutaja"},"image":{"@id":"https:\/\/ajatutaja.com\/#\/schema\/logo\/image\/"}}]}},"brands":[{"id":5426,"name":"Dr. Brown\u2019s","slug":"dr-browns"}],"_links":{"self":[{"href":"https:\/\/ajatutaja.com\/hr\/wp-json\/wp\/v2\/product\/60782","targetHints":{"allow":["GET"]}}],"collection":[{"href":"https:\/\/ajatutaja.com\/hr\/wp-json\/wp\/v2\/product"}],"about":[{"href":"https:\/\/ajatutaja.com\/hr\/wp-json\/wp\/v2\/types\/product"}],"wp:featuredmedia":[{"embeddable":true,"href":"https:\/\/ajatutaja.com\/hr\/wp-json\/wp\/v2\/media\/60790"}],"wp:attachment":[{"href":"https:\/\/ajatutaja.com\/hr\/wp-json\/wp\/v2\/media?parent=60782"}],"wp:term":[{"taxonomy":"pwb-brand","embeddable":true,"href":"https:\/\/ajatutaja.com\/hr\/wp-json\/wp\/v2\/pwb-brand?post=60782"},{"taxonomy":"product_brand","embeddable":true,"href":"https:\/\/ajatutaja.com\/hr\/wp-json\/wp\/v2\/product_brand?post=60782"},{"taxonomy":"product_cat","embeddable":true,"href":"https:\/\/ajatutaja.com\/hr\/wp-json\/wp\/v2\/product_cat?post=60782"},{"taxonomy":"product_tag","embeddable":true,"href":"https:\/\/ajatutaja.com\/hr\/wp-json\/wp\/v2\/product_tag?post=60782"}],"curies":[{"name":"wp","href":"https:\/\/api.w.org\/{rel}","templated":true}]}}