{"id":60735,"date":"2024-01-20T12:12:03","date_gmt":"2024-01-20T11:12:03","guid":{"rendered":"https:\/\/ajatutaja.com\/?post_type=product&#038;p=60735"},"modified":"2026-03-12T14:54:19","modified_gmt":"2026-03-12T13:54:19","slug":"dr-browns-steklenicka-anti-colic-options-ozko-grlo-120ml-pak-2","status":"publish","type":"product","link":"https:\/\/ajatutaja.com\/hr\/proizvod\/dr-browns-steklenicka-anti-colic-options-ozko-grlo-120ml-pak-2\/","title":{"rendered":"Dr. Brown\u2019s stekleni\u010dka Anti-Colic Options+\u2122 ozko grlo 120ml (Pak.2)"},"content":{"rendered":"<p>[vc_row][vc_column][vc_column_text]Dr. Brown\u2019s stekleni\u010dka omogo\u010da optimalno hranjenje novorojen\u010dkov in mal\u010dkov. Zaradi notranjega prezra\u010devalnega sistema dokazano zmanj\u0161uje pojav kolik, obenem pa zmanj\u0161uje polivanje, spahovanje in vetrove, saj s hranjenjem po Dr. Brown\u2019s stekleni\u010dki dojen\u010dki pogoltnejo manj zraka. Hranjenje s stekleni\u010dko Dr. Brown&#8217;s, je \u0161e najbli\u017eja razli\u010dica dojenju, saj se lahko dojen\u010dek <u>hrani s svojim ritmom.<\/u><\/p>\n<h3>Lastnosti stekleni\u010dke Dr.Brown`s Anti-COlic Options+\u2122:<\/h3>\n<ul>\n<li>Volumen: 120 ml.<\/li>\n<li>Material: steklo in silikon. Brez BPA<\/li>\n<li>Stekleni\u010dko je mo\u017eno uporabljati z ventilom ali brez.<\/li>\n<li>V kompletu sta 2 stekleni ozkovratni stekleni\u010dki v kompletu s <b>cuceljem, level 1.<\/b><\/li>\n<li><b>Simetri\u010dna in bradavici podobna oblika cuclja iz najkvalitetnej\u0161ega silikona<\/b> spodbuja <b>pravilno pristavljanje<\/b>. Tudi prehod od konice cuclja do baze je postopen, da se dojen\u010dek lahko primerno in pravilno pristavi.<\/li>\n<li>Dr. Brown&#8217;s stekleni\u010dka optimalno deluje z name\u0161\u010denim notranjim prezra\u010devalnim sistemom, ki ga je tekom otrokovega razvoja mogo\u010de tudi odstraniti in zato ni potrebe po drugi stekleni\u010dki.<\/li>\n<li>Stekleni\u010dke Dr. Brown&#8217;s so odporne na vro\u010dino in toplotna nihanja, saj lahko prenesejo visoke in nizke temperature, prav tako pa tudi postopne temperaturne spremembe.<\/li>\n<li>Otro\u0161ke stekleni\u010dke Dr.Brown`s imajo simetri\u010dno in bradavici podobno obliko silikonskega cuclja, ki dojen\u010dke spodbuja k pravilnem pristavljanju in so primerne tudi za otroke z razcepljenim nebom in razcepljeno ustnico.<\/li>\n<li>Nega in vzdr\u017eevanje: Varna za uporabo v pomivalnem stroju (le na zgornji re\u0161etki), v elektri\u010dnih sterilizatorjih, mikrovalovni pe\u010dici ali za sterilizacijo v vreli vodi.<\/li>\n<\/ul>\n<p>[\/vc_column_text][\/vc_column][\/vc_row]<\/p>\n","protected":false},"excerpt":{"rendered":"<p>Dr. Brown&#8217;s stekleni\u010dka z ozkim grlom Options+\u2122 omogo\u010da optimalno hranjenje otroka od rojstva dalje. Patentiran sistem Dr Brown\u2019s Options+ dokazano zmanj\u0161uje pojav kolik, obenem pa zmanj\u0161uje polivanje, spahovanje in vetrove, saj s hranjenjem po Dr. Brown&#8217;s stekleni\u010dki dojen\u010dki pogoltnejo manj zraka.<\/p>\n","protected":false},"featured_media":60737,"template":"","meta":[],"pwb-brand":[5426,2269],"product_brand":[],"product_cat":[2307,2266],"product_tag":[5428],"class_list":{"0":"post-60735","1":"product","2":"type-product","3":"status-publish","4":"has-post-thumbnail","6":"pwb-brand-dr-browns","7":"pwb-brand-hranjenje","8":"product_cat-flaske-in-steklenicke","9":"product_cat-hranjenje","10":"product_tag-dr-browns","12":"first","13":"instock","14":"taxable","15":"shipping-taxable","16":"purchasable","17":"product-type-simple","18":"add-to-wishlist-before_image"},"yoast_head":"<!-- This site is optimized with the Yoast SEO plugin v27.3 - https:\/\/yoast.com\/product\/yoast-seo-wordpress\/ -->\n<title>Dr. Brown\u2019s stekleni\u010dka Anti-Colic Options+\u2122 ozko grlo 120ml (Pak.2) | Ajatutaja<\/title>\n<meta name=\"description\" content=\"Dr. Brown&#039;s stekleni\u010dka omogo\u010da optimalno hranjenje otroka od rojstva dalje. Patentiran sistem Dr Brown\u2019s Options+ dokazano zmanj\u0161uje pojav kolik, obenem pa zmanj\u0161uje polivanje, spahovanje in vetrove, saj s hranjenjem po Dr. Brown&#039;s stekleni\u010dki dojen\u010dki pogoltnejo manj zraka.\" \/>\n<meta name=\"robots\" content=\"index, follow, max-snippet:-1, max-image-preview:large, max-video-preview:-1\" \/>\n<link rel=\"canonical\" href=\"https:\/\/ajatutaja.com\/izdelek\/dr-browns-steklenicka-anti-colic-options-ozko-grlo-120ml-pak-2\/\" \/>\n<meta property=\"og:locale\" content=\"hr_HR\" \/>\n<meta property=\"og:type\" content=\"article\" \/>\n<meta property=\"og:title\" content=\"Dr. Brown\u2019s stekleni\u010dka Anti-Colic Options+\u2122 ozko grlo 120ml (Pak.2) | Ajatutaja\" \/>\n<meta property=\"og:description\" content=\"Dr. Brown&#039;s stekleni\u010dka omogo\u010da optimalno hranjenje otroka od rojstva dalje. Patentiran sistem Dr Brown\u2019s Options+ dokazano zmanj\u0161uje pojav kolik, obenem pa zmanj\u0161uje polivanje, spahovanje in vetrove, saj s hranjenjem po Dr. Brown&#039;s stekleni\u010dki dojen\u010dki pogoltnejo manj zraka.\" \/>\n<meta property=\"og:url\" content=\"https:\/\/ajatutaja.com\/izdelek\/dr-browns-steklenicka-anti-colic-options-ozko-grlo-120ml-pak-2\/\" \/>\n<meta property=\"og:site_name\" content=\"Ajatutaja\" \/>\n<meta property=\"article:modified_time\" content=\"2026-03-12T13:54:19+00:00\" \/>\n<meta property=\"og:image\" content=\"https:\/\/ajatutaja.com\/wp-content\/uploads\/2024\/01\/Dr-Brown-s-steklena-ozkovratna-steklenicka-120-ml-2kom-1.jpg\" \/>\n\t<meta property=\"og:image:width\" content=\"1000\" \/>\n\t<meta property=\"og:image:height\" content=\"1300\" \/>\n\t<meta property=\"og:image:type\" content=\"image\/jpeg\" \/>\n<meta name=\"twitter:card\" content=\"summary_large_image\" \/>\n<meta name=\"twitter:label1\" content=\"Procijenjeno vrijeme \u010ditanja\" \/>\n\t<meta name=\"twitter:data1\" content=\"1 minuta\" \/>\n<script type=\"application\/ld+json\" class=\"yoast-schema-graph\">{\"@context\":\"https:\\\/\\\/schema.org\",\"@graph\":[{\"@type\":\"WebPage\",\"@id\":\"https:\\\/\\\/ajatutaja.com\\\/izdelek\\\/dr-browns-steklenicka-anti-colic-options-ozko-grlo-120ml-pak-2\\\/\",\"url\":\"https:\\\/\\\/ajatutaja.com\\\/izdelek\\\/dr-browns-steklenicka-anti-colic-options-ozko-grlo-120ml-pak-2\\\/\",\"name\":\"Dr. Brown\u2019s stekleni\u010dka Anti-Colic Options+\u2122 ozko grlo 120ml (Pak.2) | Ajatutaja\",\"isPartOf\":{\"@id\":\"https:\\\/\\\/ajatutaja.com\\\/#website\"},\"primaryImageOfPage\":{\"@id\":\"https:\\\/\\\/ajatutaja.com\\\/izdelek\\\/dr-browns-steklenicka-anti-colic-options-ozko-grlo-120ml-pak-2\\\/#primaryimage\"},\"image\":{\"@id\":\"https:\\\/\\\/ajatutaja.com\\\/izdelek\\\/dr-browns-steklenicka-anti-colic-options-ozko-grlo-120ml-pak-2\\\/#primaryimage\"},\"thumbnailUrl\":\"https:\\\/\\\/ajatutaja.com\\\/wp-content\\\/uploads\\\/2024\\\/01\\\/Dr-Brown-s-steklena-ozkovratna-steklenicka-120-ml-2kom-1.jpg\",\"datePublished\":\"2024-01-20T11:12:03+00:00\",\"dateModified\":\"2026-03-12T13:54:19+00:00\",\"description\":\"Dr. Brown's stekleni\u010dka omogo\u010da optimalno hranjenje otroka od rojstva dalje. Patentiran sistem Dr Brown\u2019s Options+ dokazano zmanj\u0161uje pojav kolik, obenem pa zmanj\u0161uje polivanje, spahovanje in vetrove, saj s hranjenjem po Dr. Brown's stekleni\u010dki dojen\u010dki pogoltnejo manj zraka.\",\"breadcrumb\":{\"@id\":\"https:\\\/\\\/ajatutaja.com\\\/izdelek\\\/dr-browns-steklenicka-anti-colic-options-ozko-grlo-120ml-pak-2\\\/#breadcrumb\"},\"inLanguage\":\"hr\",\"potentialAction\":[{\"@type\":\"ReadAction\",\"target\":[\"https:\\\/\\\/ajatutaja.com\\\/izdelek\\\/dr-browns-steklenicka-anti-colic-options-ozko-grlo-120ml-pak-2\\\/\"]}]},{\"@type\":\"ImageObject\",\"inLanguage\":\"hr\",\"@id\":\"https:\\\/\\\/ajatutaja.com\\\/izdelek\\\/dr-browns-steklenicka-anti-colic-options-ozko-grlo-120ml-pak-2\\\/#primaryimage\",\"url\":\"https:\\\/\\\/ajatutaja.com\\\/wp-content\\\/uploads\\\/2024\\\/01\\\/Dr-Brown-s-steklena-ozkovratna-steklenicka-120-ml-2kom-1.jpg\",\"contentUrl\":\"https:\\\/\\\/ajatutaja.com\\\/wp-content\\\/uploads\\\/2024\\\/01\\\/Dr-Brown-s-steklena-ozkovratna-steklenicka-120-ml-2kom-1.jpg\",\"width\":1000,\"height\":1300},{\"@type\":\"BreadcrumbList\",\"@id\":\"https:\\\/\\\/ajatutaja.com\\\/izdelek\\\/dr-browns-steklenicka-anti-colic-options-ozko-grlo-120ml-pak-2\\\/#breadcrumb\",\"itemListElement\":[{\"@type\":\"ListItem\",\"position\":1,\"name\":\"Home\",\"item\":\"https:\\\/\\\/ajatutaja.com\\\/hr\\\/\"},{\"@type\":\"ListItem\",\"position\":2,\"name\":\"Trgovina\",\"item\":\"https:\\\/\\\/ajatutaja.com\\\/hr\\\/trgovina\\\/\"},{\"@type\":\"ListItem\",\"position\":3,\"name\":\"Dr. Brown\u2019s stekleni\u010dka Anti-Colic Options+\u2122 ozko grlo 120ml (Pak.2)\"}]},{\"@type\":\"WebSite\",\"@id\":\"https:\\\/\\\/ajatutaja.com\\\/#website\",\"url\":\"https:\\\/\\\/ajatutaja.com\\\/\",\"name\":\"Ajatutaja\",\"description\":\"Otro\u0161ka spletna trgovina AJATUTAJA\",\"publisher\":{\"@id\":\"https:\\\/\\\/ajatutaja.com\\\/#organization\"},\"potentialAction\":[{\"@type\":\"SearchAction\",\"target\":{\"@type\":\"EntryPoint\",\"urlTemplate\":\"https:\\\/\\\/ajatutaja.com\\\/?s={search_term_string}\"},\"query-input\":{\"@type\":\"PropertyValueSpecification\",\"valueRequired\":true,\"valueName\":\"search_term_string\"}}],\"inLanguage\":\"hr\"},{\"@type\":\"Organization\",\"@id\":\"https:\\\/\\\/ajatutaja.com\\\/#organization\",\"name\":\"Ajatutaja\",\"url\":\"https:\\\/\\\/ajatutaja.com\\\/\",\"logo\":{\"@type\":\"ImageObject\",\"inLanguage\":\"hr\",\"@id\":\"https:\\\/\\\/ajatutaja.com\\\/#\\\/schema\\\/logo\\\/image\\\/\",\"url\":\"https:\\\/\\\/ajatutaja.com\\\/wp-content\\\/uploads\\\/2021\\\/10\\\/logo.png\",\"contentUrl\":\"https:\\\/\\\/ajatutaja.com\\\/wp-content\\\/uploads\\\/2021\\\/10\\\/logo.png\",\"width\":555,\"height\":150,\"caption\":\"Ajatutaja\"},\"image\":{\"@id\":\"https:\\\/\\\/ajatutaja.com\\\/#\\\/schema\\\/logo\\\/image\\\/\"}}]}<\/script>\n<!-- \/ Yoast SEO plugin. -->","yoast_head_json":{"title":"Dr. Brown\u2019s stekleni\u010dka Anti-Colic Options+\u2122 ozko grlo 120ml (Pak.2) | Ajatutaja","description":"Dr. Brown's stekleni\u010dka omogo\u010da optimalno hranjenje otroka od rojstva dalje. Patentiran sistem Dr Brown\u2019s Options+ dokazano zmanj\u0161uje pojav kolik, obenem pa zmanj\u0161uje polivanje, spahovanje in vetrove, saj s hranjenjem po Dr. Brown's stekleni\u010dki dojen\u010dki pogoltnejo manj zraka.","robots":{"index":"index","follow":"follow","max-snippet":"max-snippet:-1","max-image-preview":"max-image-preview:large","max-video-preview":"max-video-preview:-1"},"canonical":"https:\/\/ajatutaja.com\/izdelek\/dr-browns-steklenicka-anti-colic-options-ozko-grlo-120ml-pak-2\/","og_locale":"hr_HR","og_type":"article","og_title":"Dr. Brown\u2019s stekleni\u010dka Anti-Colic Options+\u2122 ozko grlo 120ml (Pak.2) | Ajatutaja","og_description":"Dr. Brown's stekleni\u010dka omogo\u010da optimalno hranjenje otroka od rojstva dalje. Patentiran sistem Dr Brown\u2019s Options+ dokazano zmanj\u0161uje pojav kolik, obenem pa zmanj\u0161uje polivanje, spahovanje in vetrove, saj s hranjenjem po Dr. Brown's stekleni\u010dki dojen\u010dki pogoltnejo manj zraka.","og_url":"https:\/\/ajatutaja.com\/izdelek\/dr-browns-steklenicka-anti-colic-options-ozko-grlo-120ml-pak-2\/","og_site_name":"Ajatutaja","article_modified_time":"2026-03-12T13:54:19+00:00","og_image":[{"width":1000,"height":1300,"url":"https:\/\/ajatutaja.com\/wp-content\/uploads\/2024\/01\/Dr-Brown-s-steklena-ozkovratna-steklenicka-120-ml-2kom-1.jpg","type":"image\/jpeg"}],"twitter_card":"summary_large_image","twitter_misc":{"Procijenjeno vrijeme \u010ditanja":"1 minuta"},"schema":{"@context":"https:\/\/schema.org","@graph":[{"@type":"WebPage","@id":"https:\/\/ajatutaja.com\/izdelek\/dr-browns-steklenicka-anti-colic-options-ozko-grlo-120ml-pak-2\/","url":"https:\/\/ajatutaja.com\/izdelek\/dr-browns-steklenicka-anti-colic-options-ozko-grlo-120ml-pak-2\/","name":"Dr. Brown\u2019s stekleni\u010dka Anti-Colic Options+\u2122 ozko grlo 120ml (Pak.2) | Ajatutaja","isPartOf":{"@id":"https:\/\/ajatutaja.com\/#website"},"primaryImageOfPage":{"@id":"https:\/\/ajatutaja.com\/izdelek\/dr-browns-steklenicka-anti-colic-options-ozko-grlo-120ml-pak-2\/#primaryimage"},"image":{"@id":"https:\/\/ajatutaja.com\/izdelek\/dr-browns-steklenicka-anti-colic-options-ozko-grlo-120ml-pak-2\/#primaryimage"},"thumbnailUrl":"https:\/\/ajatutaja.com\/wp-content\/uploads\/2024\/01\/Dr-Brown-s-steklena-ozkovratna-steklenicka-120-ml-2kom-1.jpg","datePublished":"2024-01-20T11:12:03+00:00","dateModified":"2026-03-12T13:54:19+00:00","description":"Dr. Brown's stekleni\u010dka omogo\u010da optimalno hranjenje otroka od rojstva dalje. Patentiran sistem Dr Brown\u2019s Options+ dokazano zmanj\u0161uje pojav kolik, obenem pa zmanj\u0161uje polivanje, spahovanje in vetrove, saj s hranjenjem po Dr. Brown's stekleni\u010dki dojen\u010dki pogoltnejo manj zraka.","breadcrumb":{"@id":"https:\/\/ajatutaja.com\/izdelek\/dr-browns-steklenicka-anti-colic-options-ozko-grlo-120ml-pak-2\/#breadcrumb"},"inLanguage":"hr","potentialAction":[{"@type":"ReadAction","target":["https:\/\/ajatutaja.com\/izdelek\/dr-browns-steklenicka-anti-colic-options-ozko-grlo-120ml-pak-2\/"]}]},{"@type":"ImageObject","inLanguage":"hr","@id":"https:\/\/ajatutaja.com\/izdelek\/dr-browns-steklenicka-anti-colic-options-ozko-grlo-120ml-pak-2\/#primaryimage","url":"https:\/\/ajatutaja.com\/wp-content\/uploads\/2024\/01\/Dr-Brown-s-steklena-ozkovratna-steklenicka-120-ml-2kom-1.jpg","contentUrl":"https:\/\/ajatutaja.com\/wp-content\/uploads\/2024\/01\/Dr-Brown-s-steklena-ozkovratna-steklenicka-120-ml-2kom-1.jpg","width":1000,"height":1300},{"@type":"BreadcrumbList","@id":"https:\/\/ajatutaja.com\/izdelek\/dr-browns-steklenicka-anti-colic-options-ozko-grlo-120ml-pak-2\/#breadcrumb","itemListElement":[{"@type":"ListItem","position":1,"name":"Home","item":"https:\/\/ajatutaja.com\/hr\/"},{"@type":"ListItem","position":2,"name":"Trgovina","item":"https:\/\/ajatutaja.com\/hr\/trgovina\/"},{"@type":"ListItem","position":3,"name":"Dr. Brown\u2019s stekleni\u010dka Anti-Colic Options+\u2122 ozko grlo 120ml (Pak.2)"}]},{"@type":"WebSite","@id":"https:\/\/ajatutaja.com\/#website","url":"https:\/\/ajatutaja.com\/","name":"Ajatutaja","description":"Otro\u0161ka spletna trgovina AJATUTAJA","publisher":{"@id":"https:\/\/ajatutaja.com\/#organization"},"potentialAction":[{"@type":"SearchAction","target":{"@type":"EntryPoint","urlTemplate":"https:\/\/ajatutaja.com\/?s={search_term_string}"},"query-input":{"@type":"PropertyValueSpecification","valueRequired":true,"valueName":"search_term_string"}}],"inLanguage":"hr"},{"@type":"Organization","@id":"https:\/\/ajatutaja.com\/#organization","name":"Ajatutaja","url":"https:\/\/ajatutaja.com\/","logo":{"@type":"ImageObject","inLanguage":"hr","@id":"https:\/\/ajatutaja.com\/#\/schema\/logo\/image\/","url":"https:\/\/ajatutaja.com\/wp-content\/uploads\/2021\/10\/logo.png","contentUrl":"https:\/\/ajatutaja.com\/wp-content\/uploads\/2021\/10\/logo.png","width":555,"height":150,"caption":"Ajatutaja"},"image":{"@id":"https:\/\/ajatutaja.com\/#\/schema\/logo\/image\/"}}]}},"brands":[{"id":5426,"name":"Dr. Brown\u2019s","slug":"dr-browns"},{"id":2269,"name":"Hranjenje","slug":"hranjenje"}],"_links":{"self":[{"href":"https:\/\/ajatutaja.com\/hr\/wp-json\/wp\/v2\/product\/60735","targetHints":{"allow":["GET"]}}],"collection":[{"href":"https:\/\/ajatutaja.com\/hr\/wp-json\/wp\/v2\/product"}],"about":[{"href":"https:\/\/ajatutaja.com\/hr\/wp-json\/wp\/v2\/types\/product"}],"wp:featuredmedia":[{"embeddable":true,"href":"https:\/\/ajatutaja.com\/hr\/wp-json\/wp\/v2\/media\/60737"}],"wp:attachment":[{"href":"https:\/\/ajatutaja.com\/hr\/wp-json\/wp\/v2\/media?parent=60735"}],"wp:term":[{"taxonomy":"pwb-brand","embeddable":true,"href":"https:\/\/ajatutaja.com\/hr\/wp-json\/wp\/v2\/pwb-brand?post=60735"},{"taxonomy":"product_brand","embeddable":true,"href":"https:\/\/ajatutaja.com\/hr\/wp-json\/wp\/v2\/product_brand?post=60735"},{"taxonomy":"product_cat","embeddable":true,"href":"https:\/\/ajatutaja.com\/hr\/wp-json\/wp\/v2\/product_cat?post=60735"},{"taxonomy":"product_tag","embeddable":true,"href":"https:\/\/ajatutaja.com\/hr\/wp-json\/wp\/v2\/product_tag?post=60735"}],"curies":[{"name":"wp","href":"https:\/\/api.w.org\/{rel}","templated":true}]}}