{"id":60448,"date":"2024-01-07T19:05:57","date_gmt":"2024-01-07T18:05:57","guid":{"rendered":"https:\/\/ajatutaja.com\/?post_type=product&#038;p=60448"},"modified":"2026-04-14T20:37:19","modified_gmt":"2026-04-14T18:37:19","slug":"pripomocek-za-zibanje-vozicka-zazu-rocking-robby","status":"publish","type":"product","link":"https:\/\/ajatutaja.com\/hr\/proizvod\/pripomocek-za-zibanje-vozicka-zazu-rocking-robby\/","title":{"rendered":"Pripomo\u010dek za zibanje vozi\u010dka ZAZU &#8211; Rocking Robby"},"content":{"rendered":"<p>[vc_row][vc_column][vc_column_text]Ste tudi vi opazili, da otrok neha spati, ko se z vozi\u010dkom ustavite? Prenosna naprava ZAZU Rocking Robby bo re\u0161ila to te\u017eavo. Enostavno jo obesite na ro\u010daj otro\u0161kega vozi\u010dka in ta ga bo za\u010dela zibati takoj, ko bo otrok zajokal.<\/p>\n<h3>Lastnosti naprave ZAZU Rocking Robby:<\/h3>\n<ul>\n<li>Mo\u017enost prilagoditve frekvence zibanja tako, da zagotovite najbolj\u0161e zibanje velikih in majhnih vozi\u010dkov.<\/li>\n<li>Univerzalna velikost omogo\u010da namestitev na katerikoli otro\u0161ki vozi\u010dek ali zibelko ali gugalnik.<\/li>\n<li>Robby bo ne\u017eno zibal vozi\u010dek 40 minut in se nato samodejno izklopi.<\/li>\n<li>Senzor joka lahko pazi na va\u0161ega mal\u010dka in se samodejno aktivira ob joku.<\/li>\n<li>Do 8+ ur delovanja baterije.<\/li>\n<li>Uporabno v zaprtih prostorih in na prostem (IPX1 vodoodporen).<\/li>\n<li>Dimenzije izdelka: 13 x 9,5 x 10,5 cm<\/li>\n<li>Prilo\u017een USB kabel (Vhod: 5V, min 1A) Polnilna baterija zagotavlja do 8 ur avtonomije.<\/li>\n<li>Izdelki ZAZU so testirani v skladu z mednarodnimi varnostnimi predpisi<\/li>\n<\/ul>\n<p>[\/vc_column_text][\/vc_column][\/vc_row]<\/p>\n","protected":false},"excerpt":{"rendered":"<p>Rocking Robby je revolucionarni prenosni pripomo\u010dek blagovne znamke ZAZU, ki poskrbi, da samostojno zaziba vozi\u010dek, ko otrok zajo\u010de. Uporaba je res preprosta, saj se enostavno obesi na ro\u010daj kateregakoli otro\u0161kega vozi\u010dka &#8211; bodisi doma ali na sprehodu.<\/p>\n","protected":false},"featured_media":60449,"template":"","meta":[],"pwb-brand":[2611,2641],"product_brand":[],"product_cat":[2710,2370,2598,2593,2360],"product_tag":[5009],"class_list":{"0":"post-60448","1":"product","2":"type-product","3":"status-publish","4":"has-post-thumbnail","6":"pwb-brand-spanje","7":"pwb-brand-zazu","8":"product_cat-babyshower-darila","9":"product_cat-dodatna-oprema-vozicki","10":"product_cat-otroski-lezalniki","11":"product_cat-spanje","12":"product_cat-vozicki","13":"product_tag-zazu","15":"first","16":"outofstock","17":"taxable","18":"shipping-taxable","19":"purchasable","20":"product-type-simple","21":"add-to-wishlist-before_image"},"yoast_head":"<!-- This site is optimized with the Yoast SEO plugin v27.3 - https:\/\/yoast.com\/product\/yoast-seo-wordpress\/ -->\n<title>Pripomo\u010dek za zibanje vozi\u010dka ZAZU - Rocking Robby | Ajatutaja<\/title>\n<meta name=\"description\" content=\"Rocking Robby je revolucionarni prenosni pripomo\u010dek blagovne znamke ZAZU, ki poskrbi, da samostojno zaziba vozi\u010dek, ko otrok zajo\u010de.\" \/>\n<meta name=\"robots\" content=\"index, follow, max-snippet:-1, max-image-preview:large, max-video-preview:-1\" \/>\n<link rel=\"canonical\" href=\"https:\/\/ajatutaja.com\/izdelek\/pripomocek-za-zibanje-vozicka-zazu-rocking-robby\/\" \/>\n<meta property=\"og:locale\" content=\"hr_HR\" \/>\n<meta property=\"og:type\" content=\"article\" \/>\n<meta property=\"og:title\" content=\"Pripomo\u010dek za zibanje vozi\u010dka ZAZU - Rocking Robby | Ajatutaja\" \/>\n<meta property=\"og:description\" content=\"Rocking Robby je revolucionarni prenosni pripomo\u010dek blagovne znamke ZAZU, ki poskrbi, da samostojno zaziba vozi\u010dek, ko otrok zajo\u010de.\" \/>\n<meta property=\"og:url\" content=\"https:\/\/ajatutaja.com\/izdelek\/pripomocek-za-zibanje-vozicka-zazu-rocking-robby\/\" \/>\n<meta property=\"og:site_name\" content=\"Ajatutaja\" \/>\n<meta property=\"article:modified_time\" content=\"2026-04-14T18:37:19+00:00\" \/>\n<meta property=\"og:image\" content=\"https:\/\/ajatutaja.com\/wp-content\/uploads\/2024\/01\/ZAZU-Rocker-prenosni-pripomocek-za-zibanje-vozicka-Robby-ajatutaja-1.jpg\" \/>\n\t<meta property=\"og:image:width\" content=\"1000\" \/>\n\t<meta property=\"og:image:height\" content=\"1000\" \/>\n\t<meta property=\"og:image:type\" content=\"image\/jpeg\" \/>\n<meta name=\"twitter:card\" content=\"summary_large_image\" \/>\n<meta name=\"twitter:label1\" content=\"Procijenjeno vrijeme \u010ditanja\" \/>\n\t<meta name=\"twitter:data1\" content=\"2 minute\" \/>\n<script type=\"application\/ld+json\" class=\"yoast-schema-graph\">{\"@context\":\"https:\\\/\\\/schema.org\",\"@graph\":[{\"@type\":\"WebPage\",\"@id\":\"https:\\\/\\\/ajatutaja.com\\\/izdelek\\\/pripomocek-za-zibanje-vozicka-zazu-rocking-robby\\\/\",\"url\":\"https:\\\/\\\/ajatutaja.com\\\/izdelek\\\/pripomocek-za-zibanje-vozicka-zazu-rocking-robby\\\/\",\"name\":\"Pripomo\u010dek za zibanje vozi\u010dka ZAZU - Rocking Robby | Ajatutaja\",\"isPartOf\":{\"@id\":\"https:\\\/\\\/ajatutaja.com\\\/#website\"},\"primaryImageOfPage\":{\"@id\":\"https:\\\/\\\/ajatutaja.com\\\/izdelek\\\/pripomocek-za-zibanje-vozicka-zazu-rocking-robby\\\/#primaryimage\"},\"image\":{\"@id\":\"https:\\\/\\\/ajatutaja.com\\\/izdelek\\\/pripomocek-za-zibanje-vozicka-zazu-rocking-robby\\\/#primaryimage\"},\"thumbnailUrl\":\"https:\\\/\\\/ajatutaja.com\\\/wp-content\\\/uploads\\\/2024\\\/01\\\/ZAZU-Rocker-prenosni-pripomocek-za-zibanje-vozicka-Robby-ajatutaja-1.jpg\",\"datePublished\":\"2024-01-07T18:05:57+00:00\",\"dateModified\":\"2026-04-14T18:37:19+00:00\",\"description\":\"Rocking Robby je revolucionarni prenosni pripomo\u010dek blagovne znamke ZAZU, ki poskrbi, da samostojno zaziba vozi\u010dek, ko otrok zajo\u010de.\",\"breadcrumb\":{\"@id\":\"https:\\\/\\\/ajatutaja.com\\\/izdelek\\\/pripomocek-za-zibanje-vozicka-zazu-rocking-robby\\\/#breadcrumb\"},\"inLanguage\":\"hr\",\"potentialAction\":[{\"@type\":\"ReadAction\",\"target\":[\"https:\\\/\\\/ajatutaja.com\\\/izdelek\\\/pripomocek-za-zibanje-vozicka-zazu-rocking-robby\\\/\"]}]},{\"@type\":\"ImageObject\",\"inLanguage\":\"hr\",\"@id\":\"https:\\\/\\\/ajatutaja.com\\\/izdelek\\\/pripomocek-za-zibanje-vozicka-zazu-rocking-robby\\\/#primaryimage\",\"url\":\"https:\\\/\\\/ajatutaja.com\\\/wp-content\\\/uploads\\\/2024\\\/01\\\/ZAZU-Rocker-prenosni-pripomocek-za-zibanje-vozicka-Robby-ajatutaja-1.jpg\",\"contentUrl\":\"https:\\\/\\\/ajatutaja.com\\\/wp-content\\\/uploads\\\/2024\\\/01\\\/ZAZU-Rocker-prenosni-pripomocek-za-zibanje-vozicka-Robby-ajatutaja-1.jpg\",\"width\":1000,\"height\":1000},{\"@type\":\"BreadcrumbList\",\"@id\":\"https:\\\/\\\/ajatutaja.com\\\/izdelek\\\/pripomocek-za-zibanje-vozicka-zazu-rocking-robby\\\/#breadcrumb\",\"itemListElement\":[{\"@type\":\"ListItem\",\"position\":1,\"name\":\"Home\",\"item\":\"https:\\\/\\\/ajatutaja.com\\\/hr\\\/\"},{\"@type\":\"ListItem\",\"position\":2,\"name\":\"Trgovina\",\"item\":\"https:\\\/\\\/ajatutaja.com\\\/hr\\\/trgovina\\\/\"},{\"@type\":\"ListItem\",\"position\":3,\"name\":\"Pripomo\u010dek za zibanje vozi\u010dka ZAZU &#8211; Rocking Robby\"}]},{\"@type\":\"WebSite\",\"@id\":\"https:\\\/\\\/ajatutaja.com\\\/#website\",\"url\":\"https:\\\/\\\/ajatutaja.com\\\/\",\"name\":\"Ajatutaja\",\"description\":\"Otro\u0161ka spletna trgovina AJATUTAJA\",\"publisher\":{\"@id\":\"https:\\\/\\\/ajatutaja.com\\\/#organization\"},\"potentialAction\":[{\"@type\":\"SearchAction\",\"target\":{\"@type\":\"EntryPoint\",\"urlTemplate\":\"https:\\\/\\\/ajatutaja.com\\\/?s={search_term_string}\"},\"query-input\":{\"@type\":\"PropertyValueSpecification\",\"valueRequired\":true,\"valueName\":\"search_term_string\"}}],\"inLanguage\":\"hr\"},{\"@type\":\"Organization\",\"@id\":\"https:\\\/\\\/ajatutaja.com\\\/#organization\",\"name\":\"Ajatutaja\",\"url\":\"https:\\\/\\\/ajatutaja.com\\\/\",\"logo\":{\"@type\":\"ImageObject\",\"inLanguage\":\"hr\",\"@id\":\"https:\\\/\\\/ajatutaja.com\\\/#\\\/schema\\\/logo\\\/image\\\/\",\"url\":\"https:\\\/\\\/ajatutaja.com\\\/wp-content\\\/uploads\\\/2021\\\/10\\\/logo.png\",\"contentUrl\":\"https:\\\/\\\/ajatutaja.com\\\/wp-content\\\/uploads\\\/2021\\\/10\\\/logo.png\",\"width\":555,\"height\":150,\"caption\":\"Ajatutaja\"},\"image\":{\"@id\":\"https:\\\/\\\/ajatutaja.com\\\/#\\\/schema\\\/logo\\\/image\\\/\"}}]}<\/script>\n<!-- \/ Yoast SEO plugin. -->","yoast_head_json":{"title":"Pripomo\u010dek za zibanje vozi\u010dka ZAZU - Rocking Robby | Ajatutaja","description":"Rocking Robby je revolucionarni prenosni pripomo\u010dek blagovne znamke ZAZU, ki poskrbi, da samostojno zaziba vozi\u010dek, ko otrok zajo\u010de.","robots":{"index":"index","follow":"follow","max-snippet":"max-snippet:-1","max-image-preview":"max-image-preview:large","max-video-preview":"max-video-preview:-1"},"canonical":"https:\/\/ajatutaja.com\/izdelek\/pripomocek-za-zibanje-vozicka-zazu-rocking-robby\/","og_locale":"hr_HR","og_type":"article","og_title":"Pripomo\u010dek za zibanje vozi\u010dka ZAZU - Rocking Robby | Ajatutaja","og_description":"Rocking Robby je revolucionarni prenosni pripomo\u010dek blagovne znamke ZAZU, ki poskrbi, da samostojno zaziba vozi\u010dek, ko otrok zajo\u010de.","og_url":"https:\/\/ajatutaja.com\/izdelek\/pripomocek-za-zibanje-vozicka-zazu-rocking-robby\/","og_site_name":"Ajatutaja","article_modified_time":"2026-04-14T18:37:19+00:00","og_image":[{"width":1000,"height":1000,"url":"https:\/\/ajatutaja.com\/wp-content\/uploads\/2024\/01\/ZAZU-Rocker-prenosni-pripomocek-za-zibanje-vozicka-Robby-ajatutaja-1.jpg","type":"image\/jpeg"}],"twitter_card":"summary_large_image","twitter_misc":{"Procijenjeno vrijeme \u010ditanja":"2 minute"},"schema":{"@context":"https:\/\/schema.org","@graph":[{"@type":"WebPage","@id":"https:\/\/ajatutaja.com\/izdelek\/pripomocek-za-zibanje-vozicka-zazu-rocking-robby\/","url":"https:\/\/ajatutaja.com\/izdelek\/pripomocek-za-zibanje-vozicka-zazu-rocking-robby\/","name":"Pripomo\u010dek za zibanje vozi\u010dka ZAZU - Rocking Robby | Ajatutaja","isPartOf":{"@id":"https:\/\/ajatutaja.com\/#website"},"primaryImageOfPage":{"@id":"https:\/\/ajatutaja.com\/izdelek\/pripomocek-za-zibanje-vozicka-zazu-rocking-robby\/#primaryimage"},"image":{"@id":"https:\/\/ajatutaja.com\/izdelek\/pripomocek-za-zibanje-vozicka-zazu-rocking-robby\/#primaryimage"},"thumbnailUrl":"https:\/\/ajatutaja.com\/wp-content\/uploads\/2024\/01\/ZAZU-Rocker-prenosni-pripomocek-za-zibanje-vozicka-Robby-ajatutaja-1.jpg","datePublished":"2024-01-07T18:05:57+00:00","dateModified":"2026-04-14T18:37:19+00:00","description":"Rocking Robby je revolucionarni prenosni pripomo\u010dek blagovne znamke ZAZU, ki poskrbi, da samostojno zaziba vozi\u010dek, ko otrok zajo\u010de.","breadcrumb":{"@id":"https:\/\/ajatutaja.com\/izdelek\/pripomocek-za-zibanje-vozicka-zazu-rocking-robby\/#breadcrumb"},"inLanguage":"hr","potentialAction":[{"@type":"ReadAction","target":["https:\/\/ajatutaja.com\/izdelek\/pripomocek-za-zibanje-vozicka-zazu-rocking-robby\/"]}]},{"@type":"ImageObject","inLanguage":"hr","@id":"https:\/\/ajatutaja.com\/izdelek\/pripomocek-za-zibanje-vozicka-zazu-rocking-robby\/#primaryimage","url":"https:\/\/ajatutaja.com\/wp-content\/uploads\/2024\/01\/ZAZU-Rocker-prenosni-pripomocek-za-zibanje-vozicka-Robby-ajatutaja-1.jpg","contentUrl":"https:\/\/ajatutaja.com\/wp-content\/uploads\/2024\/01\/ZAZU-Rocker-prenosni-pripomocek-za-zibanje-vozicka-Robby-ajatutaja-1.jpg","width":1000,"height":1000},{"@type":"BreadcrumbList","@id":"https:\/\/ajatutaja.com\/izdelek\/pripomocek-za-zibanje-vozicka-zazu-rocking-robby\/#breadcrumb","itemListElement":[{"@type":"ListItem","position":1,"name":"Home","item":"https:\/\/ajatutaja.com\/hr\/"},{"@type":"ListItem","position":2,"name":"Trgovina","item":"https:\/\/ajatutaja.com\/hr\/trgovina\/"},{"@type":"ListItem","position":3,"name":"Pripomo\u010dek za zibanje vozi\u010dka ZAZU &#8211; Rocking Robby"}]},{"@type":"WebSite","@id":"https:\/\/ajatutaja.com\/#website","url":"https:\/\/ajatutaja.com\/","name":"Ajatutaja","description":"Otro\u0161ka spletna trgovina AJATUTAJA","publisher":{"@id":"https:\/\/ajatutaja.com\/#organization"},"potentialAction":[{"@type":"SearchAction","target":{"@type":"EntryPoint","urlTemplate":"https:\/\/ajatutaja.com\/?s={search_term_string}"},"query-input":{"@type":"PropertyValueSpecification","valueRequired":true,"valueName":"search_term_string"}}],"inLanguage":"hr"},{"@type":"Organization","@id":"https:\/\/ajatutaja.com\/#organization","name":"Ajatutaja","url":"https:\/\/ajatutaja.com\/","logo":{"@type":"ImageObject","inLanguage":"hr","@id":"https:\/\/ajatutaja.com\/#\/schema\/logo\/image\/","url":"https:\/\/ajatutaja.com\/wp-content\/uploads\/2021\/10\/logo.png","contentUrl":"https:\/\/ajatutaja.com\/wp-content\/uploads\/2021\/10\/logo.png","width":555,"height":150,"caption":"Ajatutaja"},"image":{"@id":"https:\/\/ajatutaja.com\/#\/schema\/logo\/image\/"}}]}},"brands":[{"id":2611,"name":"Spanje","slug":"spanje"},{"id":2641,"name":"Zazu","slug":"zazu"}],"_links":{"self":[{"href":"https:\/\/ajatutaja.com\/hr\/wp-json\/wp\/v2\/product\/60448","targetHints":{"allow":["GET"]}}],"collection":[{"href":"https:\/\/ajatutaja.com\/hr\/wp-json\/wp\/v2\/product"}],"about":[{"href":"https:\/\/ajatutaja.com\/hr\/wp-json\/wp\/v2\/types\/product"}],"wp:featuredmedia":[{"embeddable":true,"href":"https:\/\/ajatutaja.com\/hr\/wp-json\/wp\/v2\/media\/60449"}],"wp:attachment":[{"href":"https:\/\/ajatutaja.com\/hr\/wp-json\/wp\/v2\/media?parent=60448"}],"wp:term":[{"taxonomy":"pwb-brand","embeddable":true,"href":"https:\/\/ajatutaja.com\/hr\/wp-json\/wp\/v2\/pwb-brand?post=60448"},{"taxonomy":"product_brand","embeddable":true,"href":"https:\/\/ajatutaja.com\/hr\/wp-json\/wp\/v2\/product_brand?post=60448"},{"taxonomy":"product_cat","embeddable":true,"href":"https:\/\/ajatutaja.com\/hr\/wp-json\/wp\/v2\/product_cat?post=60448"},{"taxonomy":"product_tag","embeddable":true,"href":"https:\/\/ajatutaja.com\/hr\/wp-json\/wp\/v2\/product_tag?post=60448"}],"curies":[{"name":"wp","href":"https:\/\/api.w.org\/{rel}","templated":true}]}}