{"id":60430,"date":"2024-01-07T10:47:52","date_gmt":"2024-01-07T09:47:52","guid":{"rendered":"https:\/\/ajatutaja.com\/?post_type=product&#038;p=60430"},"modified":"2026-03-04T12:52:19","modified_gmt":"2026-03-04T11:52:19","slug":"mushie-grizalo-links-sand","status":"publish","type":"product","link":"https:\/\/ajatutaja.com\/hr\/proizvod\/mushie-grizalo-links-sand\/","title":{"rendered":"Mushie grizalo Links &#8211; Sand"},"content":{"rendered":"<p>[vc_row][vc_column][vc_column_text]Narejeno iz <strong>100% nestrupenega silikona<\/strong> in zasnovane tako, da jih mali prsti zlahka primejo. Zaradi njihove geometrijske zasnove in prefinjenih barv so eleganten dodatek va\u0161emu domu.<\/p>\n<h3>Lastnosti grizala iz silikona Mushie:<\/h3>\n<ul>\n<li>Priporo\u010dljivo za otroke stare 3+ mesecev<\/li>\n<li>Brez BPA\/PVC\/ftalatov<\/li>\n<li>100 % silikon za \u017eivila<\/li>\n<li>Dimenzije: 20 x 5 cm<\/li>\n<li>Primerno za pomivanje v pomivalnem stroju<\/li>\n<li>Nega: perite s toplo vodo z milom in pustite, da se posu\u0161i na zraku<\/li>\n<\/ul>\n<p>[\/vc_column_text][\/vc_column][\/vc_row]<\/p>\n","protected":false},"excerpt":{"rendered":"<p>Mushie silikonsko grizalo Links v obliki verige je odli\u010dna re\u017eitev za laj\u0161anje bole\u010din priizra\u0161\u010danju zobkov in pa zabavna igra\u010da, ki jo lahko otroku ponudite\u00a0 po dopolnjenem 3 mesecu starosti, saj spodbuja senzori\u010dno raziskovanje in razvoj finih motori\u010dnih sposobnost.<\/p>\n","protected":false},"featured_media":60432,"template":"","meta":[],"pwb-brand":[2452,5148,5140],"product_brand":[],"product_cat":[3987,2441,2715,2711,2308,2362],"product_tag":[5142],"class_list":{"0":"post-60430","1":"product","2":"type-product","3":"status-publish","4":"has-post-thumbnail","6":"pwb-brand-igranje","7":"pwb-brand-mushie-igranje","8":"pwb-brand-mushie","9":"product_cat-3-mesece-igrace","10":"product_cat-aktivnostne-igrace","11":"product_cat-darilo-do-15e","12":"product_cat-darilo-ob-rojstvu","13":"product_cat-grizala-za-zobke","14":"product_cat-igranje","15":"product_tag-mushie","17":"first","18":"instock","19":"taxable","20":"shipping-taxable","21":"purchasable","22":"product-type-simple","23":"add-to-wishlist-before_image"},"yoast_head":"<!-- This site is optimized with the Yoast SEO plugin v27.3 - https:\/\/yoast.com\/product\/yoast-seo-wordpress\/ -->\n<title>Mushie grizalo Links - Sand | Ajatutaja<\/title>\n<meta name=\"description\" content=\"Mushie silikonsko grizalo Links v obliki verige je odli\u010dna re\u017eitev za laj\u0161anje bole\u010din priizra\u0161\u010danju zobkov in pa zabavna igra\u010da, ki jo lahko otroku ponudite\u00a0 po dopolnjenem 3 mesecu starosti, saj spodbuja senzori\u010dno raziskovanje in razvoj finih motori\u010dnih sposobnost.\" \/>\n<meta name=\"robots\" content=\"index, follow, max-snippet:-1, max-image-preview:large, max-video-preview:-1\" \/>\n<link rel=\"canonical\" href=\"https:\/\/ajatutaja.com\/hr\/proizvod\/mushie-grizalo-links-sand\/\" \/>\n<meta property=\"og:locale\" content=\"hr_HR\" \/>\n<meta property=\"og:type\" content=\"article\" \/>\n<meta property=\"og:title\" content=\"Mushie grizalo Links - Sand | Ajatutaja\" \/>\n<meta property=\"og:description\" content=\"Mushie silikonsko grizalo Links v obliki verige je odli\u010dna re\u017eitev za laj\u0161anje bole\u010din priizra\u0161\u010danju zobkov in pa zabavna igra\u010da, ki jo lahko otroku ponudite\u00a0 po dopolnjenem 3 mesecu starosti, saj spodbuja senzori\u010dno raziskovanje in razvoj finih motori\u010dnih sposobnost.\" \/>\n<meta property=\"og:url\" content=\"https:\/\/ajatutaja.com\/hr\/proizvod\/mushie-grizalo-links-sand\/\" \/>\n<meta property=\"og:site_name\" content=\"Ajatutaja\" \/>\n<meta property=\"article:modified_time\" content=\"2026-03-04T11:52:19+00:00\" \/>\n<meta property=\"og:image\" content=\"https:\/\/ajatutaja.com\/wp-content\/uploads\/2024\/01\/Mushie-grizalo-links-ajatutaja-0.jpg\" \/>\n\t<meta property=\"og:image:width\" content=\"1500\" \/>\n\t<meta property=\"og:image:height\" content=\"1500\" \/>\n\t<meta property=\"og:image:type\" content=\"image\/jpeg\" \/>\n<meta name=\"twitter:card\" content=\"summary_large_image\" \/>\n<script type=\"application\/ld+json\" class=\"yoast-schema-graph\">{\"@context\":\"https:\\\/\\\/schema.org\",\"@graph\":[{\"@type\":\"WebPage\",\"@id\":\"https:\\\/\\\/ajatutaja.com\\\/hr\\\/proizvod\\\/mushie-grizalo-links-sand\\\/\",\"url\":\"https:\\\/\\\/ajatutaja.com\\\/hr\\\/proizvod\\\/mushie-grizalo-links-sand\\\/\",\"name\":\"Mushie grizalo Links - Sand | Ajatutaja\",\"isPartOf\":{\"@id\":\"https:\\\/\\\/ajatutaja.com\\\/#website\"},\"primaryImageOfPage\":{\"@id\":\"https:\\\/\\\/ajatutaja.com\\\/hr\\\/proizvod\\\/mushie-grizalo-links-sand\\\/#primaryimage\"},\"image\":{\"@id\":\"https:\\\/\\\/ajatutaja.com\\\/hr\\\/proizvod\\\/mushie-grizalo-links-sand\\\/#primaryimage\"},\"thumbnailUrl\":\"https:\\\/\\\/ajatutaja.com\\\/wp-content\\\/uploads\\\/2024\\\/01\\\/Mushie-grizalo-links-ajatutaja-0.jpg\",\"datePublished\":\"2024-01-07T09:47:52+00:00\",\"dateModified\":\"2026-03-04T11:52:19+00:00\",\"description\":\"Mushie silikonsko grizalo Links v obliki verige je odli\u010dna re\u017eitev za laj\u0161anje bole\u010din priizra\u0161\u010danju zobkov in pa zabavna igra\u010da, ki jo lahko otroku ponudite\u00a0 po dopolnjenem 3 mesecu starosti, saj spodbuja senzori\u010dno raziskovanje in razvoj finih motori\u010dnih sposobnost.\",\"breadcrumb\":{\"@id\":\"https:\\\/\\\/ajatutaja.com\\\/hr\\\/proizvod\\\/mushie-grizalo-links-sand\\\/#breadcrumb\"},\"inLanguage\":\"hr\",\"potentialAction\":[{\"@type\":\"ReadAction\",\"target\":[\"https:\\\/\\\/ajatutaja.com\\\/hr\\\/proizvod\\\/mushie-grizalo-links-sand\\\/\"]}]},{\"@type\":\"ImageObject\",\"inLanguage\":\"hr\",\"@id\":\"https:\\\/\\\/ajatutaja.com\\\/hr\\\/proizvod\\\/mushie-grizalo-links-sand\\\/#primaryimage\",\"url\":\"https:\\\/\\\/ajatutaja.com\\\/wp-content\\\/uploads\\\/2024\\\/01\\\/Mushie-grizalo-links-ajatutaja-0.jpg\",\"contentUrl\":\"https:\\\/\\\/ajatutaja.com\\\/wp-content\\\/uploads\\\/2024\\\/01\\\/Mushie-grizalo-links-ajatutaja-0.jpg\",\"width\":1500,\"height\":1500},{\"@type\":\"BreadcrumbList\",\"@id\":\"https:\\\/\\\/ajatutaja.com\\\/hr\\\/proizvod\\\/mushie-grizalo-links-sand\\\/#breadcrumb\",\"itemListElement\":[{\"@type\":\"ListItem\",\"position\":1,\"name\":\"Home\",\"item\":\"https:\\\/\\\/ajatutaja.com\\\/hr\\\/\"},{\"@type\":\"ListItem\",\"position\":2,\"name\":\"Trgovina\",\"item\":\"https:\\\/\\\/ajatutaja.com\\\/hr\\\/trgovina\\\/\"},{\"@type\":\"ListItem\",\"position\":3,\"name\":\"Mushie grizalo Links &#8211; Sand\"}]},{\"@type\":\"WebSite\",\"@id\":\"https:\\\/\\\/ajatutaja.com\\\/#website\",\"url\":\"https:\\\/\\\/ajatutaja.com\\\/\",\"name\":\"Ajatutaja\",\"description\":\"Otro\u0161ka spletna trgovina AJATUTAJA\",\"publisher\":{\"@id\":\"https:\\\/\\\/ajatutaja.com\\\/#organization\"},\"potentialAction\":[{\"@type\":\"SearchAction\",\"target\":{\"@type\":\"EntryPoint\",\"urlTemplate\":\"https:\\\/\\\/ajatutaja.com\\\/?s={search_term_string}\"},\"query-input\":{\"@type\":\"PropertyValueSpecification\",\"valueRequired\":true,\"valueName\":\"search_term_string\"}}],\"inLanguage\":\"hr\"},{\"@type\":\"Organization\",\"@id\":\"https:\\\/\\\/ajatutaja.com\\\/#organization\",\"name\":\"Ajatutaja\",\"url\":\"https:\\\/\\\/ajatutaja.com\\\/\",\"logo\":{\"@type\":\"ImageObject\",\"inLanguage\":\"hr\",\"@id\":\"https:\\\/\\\/ajatutaja.com\\\/#\\\/schema\\\/logo\\\/image\\\/\",\"url\":\"https:\\\/\\\/ajatutaja.com\\\/wp-content\\\/uploads\\\/2021\\\/10\\\/logo.png\",\"contentUrl\":\"https:\\\/\\\/ajatutaja.com\\\/wp-content\\\/uploads\\\/2021\\\/10\\\/logo.png\",\"width\":555,\"height\":150,\"caption\":\"Ajatutaja\"},\"image\":{\"@id\":\"https:\\\/\\\/ajatutaja.com\\\/#\\\/schema\\\/logo\\\/image\\\/\"}}]}<\/script>\n<!-- \/ Yoast SEO plugin. -->","yoast_head_json":{"title":"Mushie grizalo Links - Sand | Ajatutaja","description":"Mushie silikonsko grizalo Links v obliki verige je odli\u010dna re\u017eitev za laj\u0161anje bole\u010din priizra\u0161\u010danju zobkov in pa zabavna igra\u010da, ki jo lahko otroku ponudite\u00a0 po dopolnjenem 3 mesecu starosti, saj spodbuja senzori\u010dno raziskovanje in razvoj finih motori\u010dnih sposobnost.","robots":{"index":"index","follow":"follow","max-snippet":"max-snippet:-1","max-image-preview":"max-image-preview:large","max-video-preview":"max-video-preview:-1"},"canonical":"https:\/\/ajatutaja.com\/hr\/proizvod\/mushie-grizalo-links-sand\/","og_locale":"hr_HR","og_type":"article","og_title":"Mushie grizalo Links - Sand | Ajatutaja","og_description":"Mushie silikonsko grizalo Links v obliki verige je odli\u010dna re\u017eitev za laj\u0161anje bole\u010din priizra\u0161\u010danju zobkov in pa zabavna igra\u010da, ki jo lahko otroku ponudite\u00a0 po dopolnjenem 3 mesecu starosti, saj spodbuja senzori\u010dno raziskovanje in razvoj finih motori\u010dnih sposobnost.","og_url":"https:\/\/ajatutaja.com\/hr\/proizvod\/mushie-grizalo-links-sand\/","og_site_name":"Ajatutaja","article_modified_time":"2026-03-04T11:52:19+00:00","og_image":[{"width":1500,"height":1500,"url":"https:\/\/ajatutaja.com\/wp-content\/uploads\/2024\/01\/Mushie-grizalo-links-ajatutaja-0.jpg","type":"image\/jpeg"}],"twitter_card":"summary_large_image","schema":{"@context":"https:\/\/schema.org","@graph":[{"@type":"WebPage","@id":"https:\/\/ajatutaja.com\/hr\/proizvod\/mushie-grizalo-links-sand\/","url":"https:\/\/ajatutaja.com\/hr\/proizvod\/mushie-grizalo-links-sand\/","name":"Mushie grizalo Links - Sand | Ajatutaja","isPartOf":{"@id":"https:\/\/ajatutaja.com\/#website"},"primaryImageOfPage":{"@id":"https:\/\/ajatutaja.com\/hr\/proizvod\/mushie-grizalo-links-sand\/#primaryimage"},"image":{"@id":"https:\/\/ajatutaja.com\/hr\/proizvod\/mushie-grizalo-links-sand\/#primaryimage"},"thumbnailUrl":"https:\/\/ajatutaja.com\/wp-content\/uploads\/2024\/01\/Mushie-grizalo-links-ajatutaja-0.jpg","datePublished":"2024-01-07T09:47:52+00:00","dateModified":"2026-03-04T11:52:19+00:00","description":"Mushie silikonsko grizalo Links v obliki verige je odli\u010dna re\u017eitev za laj\u0161anje bole\u010din priizra\u0161\u010danju zobkov in pa zabavna igra\u010da, ki jo lahko otroku ponudite\u00a0 po dopolnjenem 3 mesecu starosti, saj spodbuja senzori\u010dno raziskovanje in razvoj finih motori\u010dnih sposobnost.","breadcrumb":{"@id":"https:\/\/ajatutaja.com\/hr\/proizvod\/mushie-grizalo-links-sand\/#breadcrumb"},"inLanguage":"hr","potentialAction":[{"@type":"ReadAction","target":["https:\/\/ajatutaja.com\/hr\/proizvod\/mushie-grizalo-links-sand\/"]}]},{"@type":"ImageObject","inLanguage":"hr","@id":"https:\/\/ajatutaja.com\/hr\/proizvod\/mushie-grizalo-links-sand\/#primaryimage","url":"https:\/\/ajatutaja.com\/wp-content\/uploads\/2024\/01\/Mushie-grizalo-links-ajatutaja-0.jpg","contentUrl":"https:\/\/ajatutaja.com\/wp-content\/uploads\/2024\/01\/Mushie-grizalo-links-ajatutaja-0.jpg","width":1500,"height":1500},{"@type":"BreadcrumbList","@id":"https:\/\/ajatutaja.com\/hr\/proizvod\/mushie-grizalo-links-sand\/#breadcrumb","itemListElement":[{"@type":"ListItem","position":1,"name":"Home","item":"https:\/\/ajatutaja.com\/hr\/"},{"@type":"ListItem","position":2,"name":"Trgovina","item":"https:\/\/ajatutaja.com\/hr\/trgovina\/"},{"@type":"ListItem","position":3,"name":"Mushie grizalo Links &#8211; Sand"}]},{"@type":"WebSite","@id":"https:\/\/ajatutaja.com\/#website","url":"https:\/\/ajatutaja.com\/","name":"Ajatutaja","description":"Otro\u0161ka spletna trgovina AJATUTAJA","publisher":{"@id":"https:\/\/ajatutaja.com\/#organization"},"potentialAction":[{"@type":"SearchAction","target":{"@type":"EntryPoint","urlTemplate":"https:\/\/ajatutaja.com\/?s={search_term_string}"},"query-input":{"@type":"PropertyValueSpecification","valueRequired":true,"valueName":"search_term_string"}}],"inLanguage":"hr"},{"@type":"Organization","@id":"https:\/\/ajatutaja.com\/#organization","name":"Ajatutaja","url":"https:\/\/ajatutaja.com\/","logo":{"@type":"ImageObject","inLanguage":"hr","@id":"https:\/\/ajatutaja.com\/#\/schema\/logo\/image\/","url":"https:\/\/ajatutaja.com\/wp-content\/uploads\/2021\/10\/logo.png","contentUrl":"https:\/\/ajatutaja.com\/wp-content\/uploads\/2021\/10\/logo.png","width":555,"height":150,"caption":"Ajatutaja"},"image":{"@id":"https:\/\/ajatutaja.com\/#\/schema\/logo\/image\/"}}]}},"brands":[{"id":2452,"name":"Igranje","slug":"igranje"},{"id":5140,"name":"Mushie","slug":"mushie"},{"id":5148,"name":"Mushie","slug":"mushie-igranje"}],"_links":{"self":[{"href":"https:\/\/ajatutaja.com\/hr\/wp-json\/wp\/v2\/product\/60430","targetHints":{"allow":["GET"]}}],"collection":[{"href":"https:\/\/ajatutaja.com\/hr\/wp-json\/wp\/v2\/product"}],"about":[{"href":"https:\/\/ajatutaja.com\/hr\/wp-json\/wp\/v2\/types\/product"}],"wp:featuredmedia":[{"embeddable":true,"href":"https:\/\/ajatutaja.com\/hr\/wp-json\/wp\/v2\/media\/60432"}],"wp:attachment":[{"href":"https:\/\/ajatutaja.com\/hr\/wp-json\/wp\/v2\/media?parent=60430"}],"wp:term":[{"taxonomy":"pwb-brand","embeddable":true,"href":"https:\/\/ajatutaja.com\/hr\/wp-json\/wp\/v2\/pwb-brand?post=60430"},{"taxonomy":"product_brand","embeddable":true,"href":"https:\/\/ajatutaja.com\/hr\/wp-json\/wp\/v2\/product_brand?post=60430"},{"taxonomy":"product_cat","embeddable":true,"href":"https:\/\/ajatutaja.com\/hr\/wp-json\/wp\/v2\/product_cat?post=60430"},{"taxonomy":"product_tag","embeddable":true,"href":"https:\/\/ajatutaja.com\/hr\/wp-json\/wp\/v2\/product_tag?post=60430"}],"curies":[{"name":"wp","href":"https:\/\/api.w.org\/{rel}","templated":true}]}}