{"id":60156,"date":"2023-12-29T14:32:19","date_gmt":"2023-12-29T13:32:19","guid":{"rendered":"https:\/\/ajatutaja.com\/?post_type=product&#038;p=60156"},"modified":"2026-01-15T04:45:33","modified_gmt":"2026-01-15T03:45:33","slug":"toaster-set-iz-lesa-little-dutch","status":"publish","type":"product","link":"https:\/\/ajatutaja.com\/hr\/proizvod\/toaster-set-iz-lesa-little-dutch\/","title":{"rendered":"Toaster set iz lesa Little Dutch"},"content":{"rendered":"<p>[vc_row][vc_column][vc_column_text]Leseni toaster set v pastelnih barvah in se lepo dopolnjuje z leseno kuhinjo Little Dutch.<\/p>\n<h3>Lastnosti lesenega toasterja Little Dutch:<\/h3>\n<ul>\n<li>Material: izdelano iz lesa + MDF<\/li>\n<li>Barvano z otrokom prijaznimi barvami na vodni osnovi<\/li>\n<li>Dimenzije:\u00a018 x 8 x 18 cm<\/li>\n<li>Starost: 2+<\/li>\n<li>Set uklju\u010duje: 1 lesen opeka\u010d za kruh (toaster) z 9 dodatki<\/li>\n<li>Varno za otroke &#8211; izdelek je skladen z evropsko uredbo REACH in evropsko direktivo EN-71.<\/li>\n<\/ul>\n<p>[\/vc_column_text][\/vc_column][\/vc_row]<\/p>\n","protected":false},"excerpt":{"rendered":"<p><span lang=\"sl\">Leseni toaster Little Dutch lepo dopolnjuje otro\u0161ko kuhinjo in zagotavlja popolno zabavo! \u010ce pritisnete ro\u010dico, bodo sendvi\u010di sko\u010dili iz opeka\u010da! Komplet vsebuje toaster, vklju\u010dno s kro\u017enikom, no\u017eem, dvema rezinama kruha, maslom, rezino sira, ocvrtim jajcem in dvema kozarcema medu in marmelade. <\/span><\/p>\n","protected":false},"featured_media":60159,"template":"","meta":[],"pwb-brand":[2452,2457],"product_brand":[],"product_cat":[3991,5072,2716,2712,2713,2448,2443],"product_tag":[4002,4428],"class_list":{"0":"post-60156","1":"product","2":"type-product","3":"status-publish","4":"has-post-thumbnail","6":"pwb-brand-igranje","7":"pwb-brand-little-dutch-igra","8":"product_cat-24-mesecev-igrace","9":"product_cat-bozicna-darila","10":"product_cat-darilo-do-30e","11":"product_cat-darilo-za-decka","12":"product_cat-darilo-za-deklico","13":"product_cat-igranje-vlog","14":"product_cat-lesene-igrace","15":"product_tag-little-dutch","16":"product_tag-otroska-kuhinja","18":"first","19":"outofstock","20":"taxable","21":"shipping-taxable","22":"purchasable","23":"product-type-simple","24":"add-to-wishlist-before_image"},"yoast_head":"<!-- This site is optimized with the Yoast SEO plugin v27.3 - https:\/\/yoast.com\/product\/yoast-seo-wordpress\/ -->\n<title>Toaster set iz lesa Little Dutch | Ajatutaja<\/title>\n<meta name=\"description\" content=\"Leseni toaster Little Dutch lepo dopolnjuje otro\u0161ko kuhinjo in zagotavlja popolno zabavo! \u010ce pritisnete ro\u010dico, bodo sendvi\u010di sko\u010dili iz opeka\u010da!\" \/>\n<meta name=\"robots\" content=\"index, follow, max-snippet:-1, max-image-preview:large, max-video-preview:-1\" \/>\n<link rel=\"canonical\" href=\"https:\/\/ajatutaja.com\/izdelek\/toaster-set-iz-lesa-little-dutch\/\" \/>\n<meta property=\"og:locale\" content=\"hr_HR\" \/>\n<meta property=\"og:type\" content=\"article\" \/>\n<meta property=\"og:title\" content=\"Toaster set iz lesa Little Dutch | Ajatutaja\" \/>\n<meta property=\"og:description\" content=\"Leseni toaster Little Dutch lepo dopolnjuje otro\u0161ko kuhinjo in zagotavlja popolno zabavo! \u010ce pritisnete ro\u010dico, bodo sendvi\u010di sko\u010dili iz opeka\u010da!\" \/>\n<meta property=\"og:url\" content=\"https:\/\/ajatutaja.com\/izdelek\/toaster-set-iz-lesa-little-dutch\/\" \/>\n<meta property=\"og:site_name\" content=\"Ajatutaja\" \/>\n<meta property=\"article:modified_time\" content=\"2026-01-15T03:45:33+00:00\" \/>\n<meta property=\"og:image\" content=\"https:\/\/ajatutaja.com\/wp-content\/uploads\/2023\/12\/Leseni-toaster-za-otrosko-kuhinjo-little-dutch-ajatutaja-2.jpg\" \/>\n\t<meta property=\"og:image:width\" content=\"1022\" \/>\n\t<meta property=\"og:image:height\" content=\"1022\" \/>\n\t<meta property=\"og:image:type\" content=\"image\/jpeg\" \/>\n<meta name=\"twitter:card\" content=\"summary_large_image\" \/>\n<script type=\"application\/ld+json\" class=\"yoast-schema-graph\">{\"@context\":\"https:\\\/\\\/schema.org\",\"@graph\":[{\"@type\":\"WebPage\",\"@id\":\"https:\\\/\\\/ajatutaja.com\\\/izdelek\\\/toaster-set-iz-lesa-little-dutch\\\/\",\"url\":\"https:\\\/\\\/ajatutaja.com\\\/izdelek\\\/toaster-set-iz-lesa-little-dutch\\\/\",\"name\":\"Toaster set iz lesa Little Dutch | Ajatutaja\",\"isPartOf\":{\"@id\":\"https:\\\/\\\/ajatutaja.com\\\/#website\"},\"primaryImageOfPage\":{\"@id\":\"https:\\\/\\\/ajatutaja.com\\\/izdelek\\\/toaster-set-iz-lesa-little-dutch\\\/#primaryimage\"},\"image\":{\"@id\":\"https:\\\/\\\/ajatutaja.com\\\/izdelek\\\/toaster-set-iz-lesa-little-dutch\\\/#primaryimage\"},\"thumbnailUrl\":\"https:\\\/\\\/ajatutaja.com\\\/wp-content\\\/uploads\\\/2023\\\/12\\\/Leseni-toaster-za-otrosko-kuhinjo-little-dutch-ajatutaja-2.jpg\",\"datePublished\":\"2023-12-29T13:32:19+00:00\",\"dateModified\":\"2026-01-15T03:45:33+00:00\",\"description\":\"Leseni toaster Little Dutch lepo dopolnjuje otro\u0161ko kuhinjo in zagotavlja popolno zabavo! \u010ce pritisnete ro\u010dico, bodo sendvi\u010di sko\u010dili iz opeka\u010da!\",\"breadcrumb\":{\"@id\":\"https:\\\/\\\/ajatutaja.com\\\/izdelek\\\/toaster-set-iz-lesa-little-dutch\\\/#breadcrumb\"},\"inLanguage\":\"hr\",\"potentialAction\":[{\"@type\":\"ReadAction\",\"target\":[\"https:\\\/\\\/ajatutaja.com\\\/izdelek\\\/toaster-set-iz-lesa-little-dutch\\\/\"]}]},{\"@type\":\"ImageObject\",\"inLanguage\":\"hr\",\"@id\":\"https:\\\/\\\/ajatutaja.com\\\/izdelek\\\/toaster-set-iz-lesa-little-dutch\\\/#primaryimage\",\"url\":\"https:\\\/\\\/ajatutaja.com\\\/wp-content\\\/uploads\\\/2023\\\/12\\\/Leseni-toaster-za-otrosko-kuhinjo-little-dutch-ajatutaja-2.jpg\",\"contentUrl\":\"https:\\\/\\\/ajatutaja.com\\\/wp-content\\\/uploads\\\/2023\\\/12\\\/Leseni-toaster-za-otrosko-kuhinjo-little-dutch-ajatutaja-2.jpg\",\"width\":1022,\"height\":1022},{\"@type\":\"BreadcrumbList\",\"@id\":\"https:\\\/\\\/ajatutaja.com\\\/izdelek\\\/toaster-set-iz-lesa-little-dutch\\\/#breadcrumb\",\"itemListElement\":[{\"@type\":\"ListItem\",\"position\":1,\"name\":\"Home\",\"item\":\"https:\\\/\\\/ajatutaja.com\\\/hr\\\/\"},{\"@type\":\"ListItem\",\"position\":2,\"name\":\"Trgovina\",\"item\":\"https:\\\/\\\/ajatutaja.com\\\/hr\\\/trgovina\\\/\"},{\"@type\":\"ListItem\",\"position\":3,\"name\":\"Toaster set iz lesa Little Dutch\"}]},{\"@type\":\"WebSite\",\"@id\":\"https:\\\/\\\/ajatutaja.com\\\/#website\",\"url\":\"https:\\\/\\\/ajatutaja.com\\\/\",\"name\":\"Ajatutaja\",\"description\":\"Otro\u0161ka spletna trgovina AJATUTAJA\",\"publisher\":{\"@id\":\"https:\\\/\\\/ajatutaja.com\\\/#organization\"},\"potentialAction\":[{\"@type\":\"SearchAction\",\"target\":{\"@type\":\"EntryPoint\",\"urlTemplate\":\"https:\\\/\\\/ajatutaja.com\\\/?s={search_term_string}\"},\"query-input\":{\"@type\":\"PropertyValueSpecification\",\"valueRequired\":true,\"valueName\":\"search_term_string\"}}],\"inLanguage\":\"hr\"},{\"@type\":\"Organization\",\"@id\":\"https:\\\/\\\/ajatutaja.com\\\/#organization\",\"name\":\"Ajatutaja\",\"url\":\"https:\\\/\\\/ajatutaja.com\\\/\",\"logo\":{\"@type\":\"ImageObject\",\"inLanguage\":\"hr\",\"@id\":\"https:\\\/\\\/ajatutaja.com\\\/#\\\/schema\\\/logo\\\/image\\\/\",\"url\":\"https:\\\/\\\/ajatutaja.com\\\/wp-content\\\/uploads\\\/2021\\\/10\\\/logo.png\",\"contentUrl\":\"https:\\\/\\\/ajatutaja.com\\\/wp-content\\\/uploads\\\/2021\\\/10\\\/logo.png\",\"width\":555,\"height\":150,\"caption\":\"Ajatutaja\"},\"image\":{\"@id\":\"https:\\\/\\\/ajatutaja.com\\\/#\\\/schema\\\/logo\\\/image\\\/\"}}]}<\/script>\n<!-- \/ Yoast SEO plugin. -->","yoast_head_json":{"title":"Toaster set iz lesa Little Dutch | Ajatutaja","description":"Leseni toaster Little Dutch lepo dopolnjuje otro\u0161ko kuhinjo in zagotavlja popolno zabavo! \u010ce pritisnete ro\u010dico, bodo sendvi\u010di sko\u010dili iz opeka\u010da!","robots":{"index":"index","follow":"follow","max-snippet":"max-snippet:-1","max-image-preview":"max-image-preview:large","max-video-preview":"max-video-preview:-1"},"canonical":"https:\/\/ajatutaja.com\/izdelek\/toaster-set-iz-lesa-little-dutch\/","og_locale":"hr_HR","og_type":"article","og_title":"Toaster set iz lesa Little Dutch | Ajatutaja","og_description":"Leseni toaster Little Dutch lepo dopolnjuje otro\u0161ko kuhinjo in zagotavlja popolno zabavo! \u010ce pritisnete ro\u010dico, bodo sendvi\u010di sko\u010dili iz opeka\u010da!","og_url":"https:\/\/ajatutaja.com\/izdelek\/toaster-set-iz-lesa-little-dutch\/","og_site_name":"Ajatutaja","article_modified_time":"2026-01-15T03:45:33+00:00","og_image":[{"width":1022,"height":1022,"url":"https:\/\/ajatutaja.com\/wp-content\/uploads\/2023\/12\/Leseni-toaster-za-otrosko-kuhinjo-little-dutch-ajatutaja-2.jpg","type":"image\/jpeg"}],"twitter_card":"summary_large_image","schema":{"@context":"https:\/\/schema.org","@graph":[{"@type":"WebPage","@id":"https:\/\/ajatutaja.com\/izdelek\/toaster-set-iz-lesa-little-dutch\/","url":"https:\/\/ajatutaja.com\/izdelek\/toaster-set-iz-lesa-little-dutch\/","name":"Toaster set iz lesa Little Dutch | Ajatutaja","isPartOf":{"@id":"https:\/\/ajatutaja.com\/#website"},"primaryImageOfPage":{"@id":"https:\/\/ajatutaja.com\/izdelek\/toaster-set-iz-lesa-little-dutch\/#primaryimage"},"image":{"@id":"https:\/\/ajatutaja.com\/izdelek\/toaster-set-iz-lesa-little-dutch\/#primaryimage"},"thumbnailUrl":"https:\/\/ajatutaja.com\/wp-content\/uploads\/2023\/12\/Leseni-toaster-za-otrosko-kuhinjo-little-dutch-ajatutaja-2.jpg","datePublished":"2023-12-29T13:32:19+00:00","dateModified":"2026-01-15T03:45:33+00:00","description":"Leseni toaster Little Dutch lepo dopolnjuje otro\u0161ko kuhinjo in zagotavlja popolno zabavo! \u010ce pritisnete ro\u010dico, bodo sendvi\u010di sko\u010dili iz opeka\u010da!","breadcrumb":{"@id":"https:\/\/ajatutaja.com\/izdelek\/toaster-set-iz-lesa-little-dutch\/#breadcrumb"},"inLanguage":"hr","potentialAction":[{"@type":"ReadAction","target":["https:\/\/ajatutaja.com\/izdelek\/toaster-set-iz-lesa-little-dutch\/"]}]},{"@type":"ImageObject","inLanguage":"hr","@id":"https:\/\/ajatutaja.com\/izdelek\/toaster-set-iz-lesa-little-dutch\/#primaryimage","url":"https:\/\/ajatutaja.com\/wp-content\/uploads\/2023\/12\/Leseni-toaster-za-otrosko-kuhinjo-little-dutch-ajatutaja-2.jpg","contentUrl":"https:\/\/ajatutaja.com\/wp-content\/uploads\/2023\/12\/Leseni-toaster-za-otrosko-kuhinjo-little-dutch-ajatutaja-2.jpg","width":1022,"height":1022},{"@type":"BreadcrumbList","@id":"https:\/\/ajatutaja.com\/izdelek\/toaster-set-iz-lesa-little-dutch\/#breadcrumb","itemListElement":[{"@type":"ListItem","position":1,"name":"Home","item":"https:\/\/ajatutaja.com\/hr\/"},{"@type":"ListItem","position":2,"name":"Trgovina","item":"https:\/\/ajatutaja.com\/hr\/trgovina\/"},{"@type":"ListItem","position":3,"name":"Toaster set iz lesa Little Dutch"}]},{"@type":"WebSite","@id":"https:\/\/ajatutaja.com\/#website","url":"https:\/\/ajatutaja.com\/","name":"Ajatutaja","description":"Otro\u0161ka spletna trgovina AJATUTAJA","publisher":{"@id":"https:\/\/ajatutaja.com\/#organization"},"potentialAction":[{"@type":"SearchAction","target":{"@type":"EntryPoint","urlTemplate":"https:\/\/ajatutaja.com\/?s={search_term_string}"},"query-input":{"@type":"PropertyValueSpecification","valueRequired":true,"valueName":"search_term_string"}}],"inLanguage":"hr"},{"@type":"Organization","@id":"https:\/\/ajatutaja.com\/#organization","name":"Ajatutaja","url":"https:\/\/ajatutaja.com\/","logo":{"@type":"ImageObject","inLanguage":"hr","@id":"https:\/\/ajatutaja.com\/#\/schema\/logo\/image\/","url":"https:\/\/ajatutaja.com\/wp-content\/uploads\/2021\/10\/logo.png","contentUrl":"https:\/\/ajatutaja.com\/wp-content\/uploads\/2021\/10\/logo.png","width":555,"height":150,"caption":"Ajatutaja"},"image":{"@id":"https:\/\/ajatutaja.com\/#\/schema\/logo\/image\/"}}]}},"brands":[{"id":2452,"name":"Igranje","slug":"igranje"},{"id":2457,"name":"Little Dutch","slug":"little-dutch-igra"}],"_links":{"self":[{"href":"https:\/\/ajatutaja.com\/hr\/wp-json\/wp\/v2\/product\/60156","targetHints":{"allow":["GET"]}}],"collection":[{"href":"https:\/\/ajatutaja.com\/hr\/wp-json\/wp\/v2\/product"}],"about":[{"href":"https:\/\/ajatutaja.com\/hr\/wp-json\/wp\/v2\/types\/product"}],"wp:featuredmedia":[{"embeddable":true,"href":"https:\/\/ajatutaja.com\/hr\/wp-json\/wp\/v2\/media\/60159"}],"wp:attachment":[{"href":"https:\/\/ajatutaja.com\/hr\/wp-json\/wp\/v2\/media?parent=60156"}],"wp:term":[{"taxonomy":"pwb-brand","embeddable":true,"href":"https:\/\/ajatutaja.com\/hr\/wp-json\/wp\/v2\/pwb-brand?post=60156"},{"taxonomy":"product_brand","embeddable":true,"href":"https:\/\/ajatutaja.com\/hr\/wp-json\/wp\/v2\/product_brand?post=60156"},{"taxonomy":"product_cat","embeddable":true,"href":"https:\/\/ajatutaja.com\/hr\/wp-json\/wp\/v2\/product_cat?post=60156"},{"taxonomy":"product_tag","embeddable":true,"href":"https:\/\/ajatutaja.com\/hr\/wp-json\/wp\/v2\/product_tag?post=60156"}],"curies":[{"name":"wp","href":"https:\/\/api.w.org\/{rel}","templated":true}]}}