{"id":54730,"date":"2023-12-03T01:42:50","date_gmt":"2023-12-03T00:42:50","guid":{"rendered":"https:\/\/ajatutaja.com\/?post_type=product&#038;p=54730"},"modified":"2026-03-17T10:53:02","modified_gmt":"2026-03-17T09:53:02","slug":"little-dutch-lesena-hiska-little-farm","status":"publish","type":"product","link":"https:\/\/ajatutaja.com\/hr\/proizvod\/little-dutch-lesena-hiska-little-farm\/","title":{"rendered":"Little Dutch Lesena hi\u0161ka Little Farm"},"content":{"rendered":"<p>[vc_row][vc_column][vc_column_text]Nizozemski proizvajalec Little Dutch izdeluje brez\u010dasne igra\u010de visoke kakovosti, z elegantnimi barvami, odtisi in ilustracijami. Vsi izdelki so skladni z evropskimi direktivami in se proizvajajo brez dela otrok in na dru\u017ebeno odgovoren na\u010din.<\/p>\n<h3>Lastnosti lesene hi\u0161ke Farm \/ Kmetija Little Dutch:<\/h3>\n<ul>\n<li>Barvano z otrokom prijaznimi barvami na vodni osnovi<\/li>\n<li>Starost: 3 leta+<\/li>\n<li>V kompletu je lesena hi\u0161ka v obili hleva, v kateri se skriva 15 figuric (kmet in kmetica, doma\u010de \u017eivali, traktor in lesena ograja)<\/li>\n<li>Dimenzije:\u00a028 x 24,7 x 19,5 cm<\/li>\n<li>OPOZORILO: Ni primerno za otroke mlaj\u0161e od 3 let zaradi majhnih delov. Nevarnost zadu\u0161itve.<\/li>\n<\/ul>\n<p>Varno za otroke \u2013 izdelek je skladen z evropsko uredbo REACH in evropsko direktivo EN-71.[\/vc_column_text][\/vc_column][\/vc_row]<\/p>\n","protected":false},"excerpt":{"rendered":"<p id=\"tw-target-text\" dir=\"ltr\" data-placeholder=\"Prevod\" data-ved=\"2ahUKEwif_f7V99aBAxX1gv0HHTG3B5gQ3ewLegQIBhAQ\"><span lang=\"sl\">S to leseno hi\u0161ko v obliki hleva in prilo\u017eenimi \u017eivalmi na kmetiji, se bo va\u0161 mal\u010dek zelo zabaval! Z vsemi lesenimi figuricami, va\u0161 otrok lahko ustvari svojo zgodbo, spodbujanje njegovega domi\u0161ljijskega razmi\u0161ljanja pa ne bo konec. In ko je igranja konec, preprosto shranite vse figure v hi\u0161ko in pospravite.<\/span><\/p>\n<p><span lang=\"sl\">Lesena hi\u0161ka Little Farm je odli\u010dna za domi\u0161ljijsko igro, pomaga spodbujati socialni in \u010dustveni razvoj ter podpira fino motoriko.<\/span><\/p>\n","protected":false},"featured_media":54732,"template":"","meta":[],"pwb-brand":[2452,2457],"product_brand":[],"product_cat":[3992,2441,5072,2717,2712,2713,2443],"product_tag":[5659,4002,5361],"class_list":{"0":"post-54730","1":"product","2":"type-product","3":"status-publish","4":"has-post-thumbnail","6":"pwb-brand-igranje","7":"pwb-brand-little-dutch-igra","8":"product_cat-3-leta-igrace","9":"product_cat-aktivnostne-igrace","10":"product_cat-bozicna-darila","11":"product_cat-darilo-do-50e","12":"product_cat-darilo-za-decka","13":"product_cat-darilo-za-deklico","14":"product_cat-lesene-igrace","15":"product_tag-kmetija","16":"product_tag-little-dutch","17":"product_tag-little-farm","19":"first","20":"instock","21":"taxable","22":"shipping-taxable","23":"purchasable","24":"product-type-simple","25":"add-to-wishlist-before_image"},"yoast_head":"<!-- This site is optimized with the Yoast SEO plugin v27.3 - https:\/\/yoast.com\/product\/yoast-seo-wordpress\/ -->\n<title>Little Dutch Lesena hi\u0161ka Little Farm | Ajatutaja<\/title>\n<meta name=\"description\" content=\"S to leseno hi\u0161ko v obliki hleva in prilo\u017eenimi \u017eivalmi na kmetiji, se bo va\u0161 mal\u010dek zelo zabaval! Z vsemi lesenimi figuricami, va\u0161 otrok lahko ustvari svojo zgodbo, spodbujanje njegovega domi\u0161ljijskega razmi\u0161ljanja pa ne bo konec.\" \/>\n<meta name=\"robots\" content=\"index, follow, max-snippet:-1, max-image-preview:large, max-video-preview:-1\" \/>\n<link rel=\"canonical\" href=\"https:\/\/ajatutaja.com\/izdelek\/little-dutch-lesena-hiska-little-farm\/\" \/>\n<meta property=\"og:locale\" content=\"hr_HR\" \/>\n<meta property=\"og:type\" content=\"article\" \/>\n<meta property=\"og:title\" content=\"Little Dutch Lesena hi\u0161ka Little Farm | Ajatutaja\" \/>\n<meta property=\"og:description\" content=\"S to leseno hi\u0161ko v obliki hleva in prilo\u017eenimi \u017eivalmi na kmetiji, se bo va\u0161 mal\u010dek zelo zabaval! Z vsemi lesenimi figuricami, va\u0161 otrok lahko ustvari svojo zgodbo, spodbujanje njegovega domi\u0161ljijskega razmi\u0161ljanja pa ne bo konec.\" \/>\n<meta property=\"og:url\" content=\"https:\/\/ajatutaja.com\/izdelek\/little-dutch-lesena-hiska-little-farm\/\" \/>\n<meta property=\"og:site_name\" content=\"Ajatutaja\" \/>\n<meta property=\"article:modified_time\" content=\"2026-03-17T09:53:02+00:00\" \/>\n<meta property=\"og:image\" content=\"https:\/\/ajatutaja.com\/wp-content\/uploads\/2023\/12\/lesena-hiska-little-farm-1.jpg\" \/>\n\t<meta property=\"og:image:width\" content=\"1022\" \/>\n\t<meta property=\"og:image:height\" content=\"1022\" \/>\n\t<meta property=\"og:image:type\" content=\"image\/jpeg\" \/>\n<meta name=\"twitter:card\" content=\"summary_large_image\" \/>\n<meta name=\"twitter:label1\" content=\"Procijenjeno vrijeme \u010ditanja\" \/>\n\t<meta name=\"twitter:data1\" content=\"1 minuta\" \/>\n<script type=\"application\/ld+json\" class=\"yoast-schema-graph\">{\"@context\":\"https:\\\/\\\/schema.org\",\"@graph\":[{\"@type\":\"WebPage\",\"@id\":\"https:\\\/\\\/ajatutaja.com\\\/izdelek\\\/little-dutch-lesena-hiska-little-farm\\\/\",\"url\":\"https:\\\/\\\/ajatutaja.com\\\/izdelek\\\/little-dutch-lesena-hiska-little-farm\\\/\",\"name\":\"Little Dutch Lesena hi\u0161ka Little Farm | Ajatutaja\",\"isPartOf\":{\"@id\":\"https:\\\/\\\/ajatutaja.com\\\/#website\"},\"primaryImageOfPage\":{\"@id\":\"https:\\\/\\\/ajatutaja.com\\\/izdelek\\\/little-dutch-lesena-hiska-little-farm\\\/#primaryimage\"},\"image\":{\"@id\":\"https:\\\/\\\/ajatutaja.com\\\/izdelek\\\/little-dutch-lesena-hiska-little-farm\\\/#primaryimage\"},\"thumbnailUrl\":\"https:\\\/\\\/ajatutaja.com\\\/wp-content\\\/uploads\\\/2023\\\/12\\\/lesena-hiska-little-farm-1.jpg\",\"datePublished\":\"2023-12-03T00:42:50+00:00\",\"dateModified\":\"2026-03-17T09:53:02+00:00\",\"description\":\"S to leseno hi\u0161ko v obliki hleva in prilo\u017eenimi \u017eivalmi na kmetiji, se bo va\u0161 mal\u010dek zelo zabaval! Z vsemi lesenimi figuricami, va\u0161 otrok lahko ustvari svojo zgodbo, spodbujanje njegovega domi\u0161ljijskega razmi\u0161ljanja pa ne bo konec.\",\"breadcrumb\":{\"@id\":\"https:\\\/\\\/ajatutaja.com\\\/izdelek\\\/little-dutch-lesena-hiska-little-farm\\\/#breadcrumb\"},\"inLanguage\":\"hr\",\"potentialAction\":[{\"@type\":\"ReadAction\",\"target\":[\"https:\\\/\\\/ajatutaja.com\\\/izdelek\\\/little-dutch-lesena-hiska-little-farm\\\/\"]}]},{\"@type\":\"ImageObject\",\"inLanguage\":\"hr\",\"@id\":\"https:\\\/\\\/ajatutaja.com\\\/izdelek\\\/little-dutch-lesena-hiska-little-farm\\\/#primaryimage\",\"url\":\"https:\\\/\\\/ajatutaja.com\\\/wp-content\\\/uploads\\\/2023\\\/12\\\/lesena-hiska-little-farm-1.jpg\",\"contentUrl\":\"https:\\\/\\\/ajatutaja.com\\\/wp-content\\\/uploads\\\/2023\\\/12\\\/lesena-hiska-little-farm-1.jpg\",\"width\":1022,\"height\":1022},{\"@type\":\"BreadcrumbList\",\"@id\":\"https:\\\/\\\/ajatutaja.com\\\/izdelek\\\/little-dutch-lesena-hiska-little-farm\\\/#breadcrumb\",\"itemListElement\":[{\"@type\":\"ListItem\",\"position\":1,\"name\":\"Home\",\"item\":\"https:\\\/\\\/ajatutaja.com\\\/hr\\\/\"},{\"@type\":\"ListItem\",\"position\":2,\"name\":\"Trgovina\",\"item\":\"https:\\\/\\\/ajatutaja.com\\\/hr\\\/trgovina\\\/\"},{\"@type\":\"ListItem\",\"position\":3,\"name\":\"Little Dutch Lesena hi\u0161ka Little Farm\"}]},{\"@type\":\"WebSite\",\"@id\":\"https:\\\/\\\/ajatutaja.com\\\/#website\",\"url\":\"https:\\\/\\\/ajatutaja.com\\\/\",\"name\":\"Ajatutaja\",\"description\":\"Otro\u0161ka spletna trgovina AJATUTAJA\",\"publisher\":{\"@id\":\"https:\\\/\\\/ajatutaja.com\\\/#organization\"},\"potentialAction\":[{\"@type\":\"SearchAction\",\"target\":{\"@type\":\"EntryPoint\",\"urlTemplate\":\"https:\\\/\\\/ajatutaja.com\\\/?s={search_term_string}\"},\"query-input\":{\"@type\":\"PropertyValueSpecification\",\"valueRequired\":true,\"valueName\":\"search_term_string\"}}],\"inLanguage\":\"hr\"},{\"@type\":\"Organization\",\"@id\":\"https:\\\/\\\/ajatutaja.com\\\/#organization\",\"name\":\"Ajatutaja\",\"url\":\"https:\\\/\\\/ajatutaja.com\\\/\",\"logo\":{\"@type\":\"ImageObject\",\"inLanguage\":\"hr\",\"@id\":\"https:\\\/\\\/ajatutaja.com\\\/#\\\/schema\\\/logo\\\/image\\\/\",\"url\":\"https:\\\/\\\/ajatutaja.com\\\/wp-content\\\/uploads\\\/2021\\\/10\\\/logo.png\",\"contentUrl\":\"https:\\\/\\\/ajatutaja.com\\\/wp-content\\\/uploads\\\/2021\\\/10\\\/logo.png\",\"width\":555,\"height\":150,\"caption\":\"Ajatutaja\"},\"image\":{\"@id\":\"https:\\\/\\\/ajatutaja.com\\\/#\\\/schema\\\/logo\\\/image\\\/\"}}]}<\/script>\n<!-- \/ Yoast SEO plugin. -->","yoast_head_json":{"title":"Little Dutch Lesena hi\u0161ka Little Farm | Ajatutaja","description":"S to leseno hi\u0161ko v obliki hleva in prilo\u017eenimi \u017eivalmi na kmetiji, se bo va\u0161 mal\u010dek zelo zabaval! Z vsemi lesenimi figuricami, va\u0161 otrok lahko ustvari svojo zgodbo, spodbujanje njegovega domi\u0161ljijskega razmi\u0161ljanja pa ne bo konec.","robots":{"index":"index","follow":"follow","max-snippet":"max-snippet:-1","max-image-preview":"max-image-preview:large","max-video-preview":"max-video-preview:-1"},"canonical":"https:\/\/ajatutaja.com\/izdelek\/little-dutch-lesena-hiska-little-farm\/","og_locale":"hr_HR","og_type":"article","og_title":"Little Dutch Lesena hi\u0161ka Little Farm | Ajatutaja","og_description":"S to leseno hi\u0161ko v obliki hleva in prilo\u017eenimi \u017eivalmi na kmetiji, se bo va\u0161 mal\u010dek zelo zabaval! Z vsemi lesenimi figuricami, va\u0161 otrok lahko ustvari svojo zgodbo, spodbujanje njegovega domi\u0161ljijskega razmi\u0161ljanja pa ne bo konec.","og_url":"https:\/\/ajatutaja.com\/izdelek\/little-dutch-lesena-hiska-little-farm\/","og_site_name":"Ajatutaja","article_modified_time":"2026-03-17T09:53:02+00:00","og_image":[{"width":1022,"height":1022,"url":"https:\/\/ajatutaja.com\/wp-content\/uploads\/2023\/12\/lesena-hiska-little-farm-1.jpg","type":"image\/jpeg"}],"twitter_card":"summary_large_image","twitter_misc":{"Procijenjeno vrijeme \u010ditanja":"1 minuta"},"schema":{"@context":"https:\/\/schema.org","@graph":[{"@type":"WebPage","@id":"https:\/\/ajatutaja.com\/izdelek\/little-dutch-lesena-hiska-little-farm\/","url":"https:\/\/ajatutaja.com\/izdelek\/little-dutch-lesena-hiska-little-farm\/","name":"Little Dutch Lesena hi\u0161ka Little Farm | Ajatutaja","isPartOf":{"@id":"https:\/\/ajatutaja.com\/#website"},"primaryImageOfPage":{"@id":"https:\/\/ajatutaja.com\/izdelek\/little-dutch-lesena-hiska-little-farm\/#primaryimage"},"image":{"@id":"https:\/\/ajatutaja.com\/izdelek\/little-dutch-lesena-hiska-little-farm\/#primaryimage"},"thumbnailUrl":"https:\/\/ajatutaja.com\/wp-content\/uploads\/2023\/12\/lesena-hiska-little-farm-1.jpg","datePublished":"2023-12-03T00:42:50+00:00","dateModified":"2026-03-17T09:53:02+00:00","description":"S to leseno hi\u0161ko v obliki hleva in prilo\u017eenimi \u017eivalmi na kmetiji, se bo va\u0161 mal\u010dek zelo zabaval! Z vsemi lesenimi figuricami, va\u0161 otrok lahko ustvari svojo zgodbo, spodbujanje njegovega domi\u0161ljijskega razmi\u0161ljanja pa ne bo konec.","breadcrumb":{"@id":"https:\/\/ajatutaja.com\/izdelek\/little-dutch-lesena-hiska-little-farm\/#breadcrumb"},"inLanguage":"hr","potentialAction":[{"@type":"ReadAction","target":["https:\/\/ajatutaja.com\/izdelek\/little-dutch-lesena-hiska-little-farm\/"]}]},{"@type":"ImageObject","inLanguage":"hr","@id":"https:\/\/ajatutaja.com\/izdelek\/little-dutch-lesena-hiska-little-farm\/#primaryimage","url":"https:\/\/ajatutaja.com\/wp-content\/uploads\/2023\/12\/lesena-hiska-little-farm-1.jpg","contentUrl":"https:\/\/ajatutaja.com\/wp-content\/uploads\/2023\/12\/lesena-hiska-little-farm-1.jpg","width":1022,"height":1022},{"@type":"BreadcrumbList","@id":"https:\/\/ajatutaja.com\/izdelek\/little-dutch-lesena-hiska-little-farm\/#breadcrumb","itemListElement":[{"@type":"ListItem","position":1,"name":"Home","item":"https:\/\/ajatutaja.com\/hr\/"},{"@type":"ListItem","position":2,"name":"Trgovina","item":"https:\/\/ajatutaja.com\/hr\/trgovina\/"},{"@type":"ListItem","position":3,"name":"Little Dutch Lesena hi\u0161ka Little Farm"}]},{"@type":"WebSite","@id":"https:\/\/ajatutaja.com\/#website","url":"https:\/\/ajatutaja.com\/","name":"Ajatutaja","description":"Otro\u0161ka spletna trgovina AJATUTAJA","publisher":{"@id":"https:\/\/ajatutaja.com\/#organization"},"potentialAction":[{"@type":"SearchAction","target":{"@type":"EntryPoint","urlTemplate":"https:\/\/ajatutaja.com\/?s={search_term_string}"},"query-input":{"@type":"PropertyValueSpecification","valueRequired":true,"valueName":"search_term_string"}}],"inLanguage":"hr"},{"@type":"Organization","@id":"https:\/\/ajatutaja.com\/#organization","name":"Ajatutaja","url":"https:\/\/ajatutaja.com\/","logo":{"@type":"ImageObject","inLanguage":"hr","@id":"https:\/\/ajatutaja.com\/#\/schema\/logo\/image\/","url":"https:\/\/ajatutaja.com\/wp-content\/uploads\/2021\/10\/logo.png","contentUrl":"https:\/\/ajatutaja.com\/wp-content\/uploads\/2021\/10\/logo.png","width":555,"height":150,"caption":"Ajatutaja"},"image":{"@id":"https:\/\/ajatutaja.com\/#\/schema\/logo\/image\/"}}]}},"brands":[{"id":2452,"name":"Igranje","slug":"igranje"},{"id":2457,"name":"Little Dutch","slug":"little-dutch-igra"}],"_links":{"self":[{"href":"https:\/\/ajatutaja.com\/hr\/wp-json\/wp\/v2\/product\/54730","targetHints":{"allow":["GET"]}}],"collection":[{"href":"https:\/\/ajatutaja.com\/hr\/wp-json\/wp\/v2\/product"}],"about":[{"href":"https:\/\/ajatutaja.com\/hr\/wp-json\/wp\/v2\/types\/product"}],"wp:featuredmedia":[{"embeddable":true,"href":"https:\/\/ajatutaja.com\/hr\/wp-json\/wp\/v2\/media\/54732"}],"wp:attachment":[{"href":"https:\/\/ajatutaja.com\/hr\/wp-json\/wp\/v2\/media?parent=54730"}],"wp:term":[{"taxonomy":"pwb-brand","embeddable":true,"href":"https:\/\/ajatutaja.com\/hr\/wp-json\/wp\/v2\/pwb-brand?post=54730"},{"taxonomy":"product_brand","embeddable":true,"href":"https:\/\/ajatutaja.com\/hr\/wp-json\/wp\/v2\/product_brand?post=54730"},{"taxonomy":"product_cat","embeddable":true,"href":"https:\/\/ajatutaja.com\/hr\/wp-json\/wp\/v2\/product_cat?post=54730"},{"taxonomy":"product_tag","embeddable":true,"href":"https:\/\/ajatutaja.com\/hr\/wp-json\/wp\/v2\/product_tag?post=54730"}],"curies":[{"name":"wp","href":"https:\/\/api.w.org\/{rel}","templated":true}]}}