{"id":54723,"date":"2023-12-03T01:31:02","date_gmt":"2023-12-03T00:31:02","guid":{"rendered":"https:\/\/ajatutaja.com\/?post_type=product&#038;p=54723"},"modified":"2026-03-12T14:43:53","modified_gmt":"2026-03-12T13:43:53","slug":"little-dutch-aktivnostna-knjigica-little-farm","status":"publish","type":"product","link":"https:\/\/ajatutaja.com\/hr\/proizvod\/little-dutch-aktivnostna-knjigica-little-farm\/","title":{"rendered":"Little Dutch mehka aktivnostna knjigica Little Farm"},"content":{"rendered":"<p>Nizozemski proizvajalec Little Dutch izdeluje brez\u010dasne igra\u010de visoke kakovosti, z elegantnimi barvami, odtisi in ilustracijami. Vsi izdelki so skladni z evropskimi direktivami in se proizvajajo brez dela otrok in na dru\u017ebeno odgovoren na\u010din.<\/p>\n<h3>Lastnosti aktivnostne knjigice Little Dutch:<\/h3>\n<ul>\n<li>Dimenzije:\u00a018 x 16 x 4,5 cm<\/li>\n<li>Starost: 0m+<\/li>\n<li>Sestava: 100% poliester<\/li>\n<li>Vzdr\u017eevanje: pranje na ob\u010dutljivo 30\u00b0C<\/li>\n<\/ul>\n<p>Varno za otroke \u2013 izdelek je skladen z evropsko uredbo REACH in evropsko direktivo EN-71.<\/p>\n","protected":false},"excerpt":{"rendered":"<p><span lang=\"sl\">V mehki senzori\u010dni knjigici Little Dutch iz kolekcije Little Farm bo otrok odkrival \u017eivali na kmetiji. Izdelana je iz razli\u010dnih materialov, ki jih je treba raziskati, na primer ogledalo in igra\u010de, ki \u0161umijo in \u0161elestijo. <\/span>Knjigica ne spodbuja samo \u010dutov, ampak je tudi kot nala\u0161\u010d za razvoj usklajevanja rok in o\u010di.<\/p>\n","protected":false},"featured_media":54724,"template":"","meta":[],"pwb-brand":[2452,2457],"product_brand":[],"product_cat":[3986,2610,2716,2362,5064,2446],"product_tag":[4002,5361],"class_list":{"0":"post-54723","1":"product","2":"type-product","3":"status-publish","4":"has-post-thumbnail","6":"pwb-brand-igranje","7":"pwb-brand-little-dutch-igra","8":"product_cat-novorojencek-igrace","9":"product_cat-darila","10":"product_cat-darilo-do-30e","11":"product_cat-igranje","12":"product_cat-mehke-in-plisaste-igrace","13":"product_cat-mehke-knjigice","14":"product_tag-little-dutch","15":"product_tag-little-farm","17":"first","18":"instock","19":"taxable","20":"shipping-taxable","21":"purchasable","22":"product-type-simple","23":"add-to-wishlist-before_image"},"yoast_head":"<!-- This site is optimized with the Yoast SEO plugin v27.3 - https:\/\/yoast.com\/product\/yoast-seo-wordpress\/ -->\n<title>Little Dutch mehka aktivnostna knjigica Little Farm | Ajatutaja<\/title>\n<meta name=\"description\" content=\"V mehki senzori\u010dni knjigici Little Dutch iz kolekcije Little Farm bo otrok odkrival \u017eivali na kmetiji. Izdelana je iz razli\u010dnih materialov, ki jih je treba raziskati, na primer ogledalo in igra\u010de, ki \u0161umijo in \u0161elestijo\" \/>\n<meta name=\"robots\" content=\"index, follow, max-snippet:-1, max-image-preview:large, max-video-preview:-1\" \/>\n<link rel=\"canonical\" href=\"https:\/\/ajatutaja.com\/izdelek\/little-dutch-aktivnostna-knjigica-little-farm\/\" \/>\n<meta property=\"og:locale\" content=\"hr_HR\" \/>\n<meta property=\"og:type\" content=\"article\" \/>\n<meta property=\"og:title\" content=\"Little Dutch mehka aktivnostna knjigica Little Farm | Ajatutaja\" \/>\n<meta property=\"og:description\" content=\"V mehki senzori\u010dni knjigici Little Dutch iz kolekcije Little Farm bo otrok odkrival \u017eivali na kmetiji. Izdelana je iz razli\u010dnih materialov, ki jih je treba raziskati, na primer ogledalo in igra\u010de, ki \u0161umijo in \u0161elestijo\" \/>\n<meta property=\"og:url\" content=\"https:\/\/ajatutaja.com\/izdelek\/little-dutch-aktivnostna-knjigica-little-farm\/\" \/>\n<meta property=\"og:site_name\" content=\"Ajatutaja\" \/>\n<meta property=\"article:modified_time\" content=\"2026-03-12T13:43:53+00:00\" \/>\n<meta property=\"og:image\" content=\"https:\/\/ajatutaja.com\/wp-content\/uploads\/2023\/12\/aktivnostna-knjigica-little-farm.jpg\" \/>\n\t<meta property=\"og:image:width\" content=\"800\" \/>\n\t<meta property=\"og:image:height\" content=\"800\" \/>\n\t<meta property=\"og:image:type\" content=\"image\/jpeg\" \/>\n<meta name=\"twitter:card\" content=\"summary_large_image\" \/>\n<script type=\"application\/ld+json\" class=\"yoast-schema-graph\">{\"@context\":\"https:\\\/\\\/schema.org\",\"@graph\":[{\"@type\":\"WebPage\",\"@id\":\"https:\\\/\\\/ajatutaja.com\\\/izdelek\\\/little-dutch-aktivnostna-knjigica-little-farm\\\/\",\"url\":\"https:\\\/\\\/ajatutaja.com\\\/izdelek\\\/little-dutch-aktivnostna-knjigica-little-farm\\\/\",\"name\":\"Little Dutch mehka aktivnostna knjigica Little Farm | Ajatutaja\",\"isPartOf\":{\"@id\":\"https:\\\/\\\/ajatutaja.com\\\/#website\"},\"primaryImageOfPage\":{\"@id\":\"https:\\\/\\\/ajatutaja.com\\\/izdelek\\\/little-dutch-aktivnostna-knjigica-little-farm\\\/#primaryimage\"},\"image\":{\"@id\":\"https:\\\/\\\/ajatutaja.com\\\/izdelek\\\/little-dutch-aktivnostna-knjigica-little-farm\\\/#primaryimage\"},\"thumbnailUrl\":\"https:\\\/\\\/ajatutaja.com\\\/wp-content\\\/uploads\\\/2023\\\/12\\\/aktivnostna-knjigica-little-farm.jpg\",\"datePublished\":\"2023-12-03T00:31:02+00:00\",\"dateModified\":\"2026-03-12T13:43:53+00:00\",\"description\":\"V mehki senzori\u010dni knjigici Little Dutch iz kolekcije Little Farm bo otrok odkrival \u017eivali na kmetiji. Izdelana je iz razli\u010dnih materialov, ki jih je treba raziskati, na primer ogledalo in igra\u010de, ki \u0161umijo in \u0161elestijo\",\"breadcrumb\":{\"@id\":\"https:\\\/\\\/ajatutaja.com\\\/izdelek\\\/little-dutch-aktivnostna-knjigica-little-farm\\\/#breadcrumb\"},\"inLanguage\":\"hr\",\"potentialAction\":[{\"@type\":\"ReadAction\",\"target\":[\"https:\\\/\\\/ajatutaja.com\\\/izdelek\\\/little-dutch-aktivnostna-knjigica-little-farm\\\/\"]}]},{\"@type\":\"ImageObject\",\"inLanguage\":\"hr\",\"@id\":\"https:\\\/\\\/ajatutaja.com\\\/izdelek\\\/little-dutch-aktivnostna-knjigica-little-farm\\\/#primaryimage\",\"url\":\"https:\\\/\\\/ajatutaja.com\\\/wp-content\\\/uploads\\\/2023\\\/12\\\/aktivnostna-knjigica-little-farm.jpg\",\"contentUrl\":\"https:\\\/\\\/ajatutaja.com\\\/wp-content\\\/uploads\\\/2023\\\/12\\\/aktivnostna-knjigica-little-farm.jpg\",\"width\":800,\"height\":800},{\"@type\":\"BreadcrumbList\",\"@id\":\"https:\\\/\\\/ajatutaja.com\\\/izdelek\\\/little-dutch-aktivnostna-knjigica-little-farm\\\/#breadcrumb\",\"itemListElement\":[{\"@type\":\"ListItem\",\"position\":1,\"name\":\"Home\",\"item\":\"https:\\\/\\\/ajatutaja.com\\\/hr\\\/\"},{\"@type\":\"ListItem\",\"position\":2,\"name\":\"Trgovina\",\"item\":\"https:\\\/\\\/ajatutaja.com\\\/hr\\\/trgovina\\\/\"},{\"@type\":\"ListItem\",\"position\":3,\"name\":\"Little Dutch mehka aktivnostna knjigica Little Farm\"}]},{\"@type\":\"WebSite\",\"@id\":\"https:\\\/\\\/ajatutaja.com\\\/#website\",\"url\":\"https:\\\/\\\/ajatutaja.com\\\/\",\"name\":\"Ajatutaja\",\"description\":\"Otro\u0161ka spletna trgovina AJATUTAJA\",\"publisher\":{\"@id\":\"https:\\\/\\\/ajatutaja.com\\\/#organization\"},\"potentialAction\":[{\"@type\":\"SearchAction\",\"target\":{\"@type\":\"EntryPoint\",\"urlTemplate\":\"https:\\\/\\\/ajatutaja.com\\\/?s={search_term_string}\"},\"query-input\":{\"@type\":\"PropertyValueSpecification\",\"valueRequired\":true,\"valueName\":\"search_term_string\"}}],\"inLanguage\":\"hr\"},{\"@type\":\"Organization\",\"@id\":\"https:\\\/\\\/ajatutaja.com\\\/#organization\",\"name\":\"Ajatutaja\",\"url\":\"https:\\\/\\\/ajatutaja.com\\\/\",\"logo\":{\"@type\":\"ImageObject\",\"inLanguage\":\"hr\",\"@id\":\"https:\\\/\\\/ajatutaja.com\\\/#\\\/schema\\\/logo\\\/image\\\/\",\"url\":\"https:\\\/\\\/ajatutaja.com\\\/wp-content\\\/uploads\\\/2021\\\/10\\\/logo.png\",\"contentUrl\":\"https:\\\/\\\/ajatutaja.com\\\/wp-content\\\/uploads\\\/2021\\\/10\\\/logo.png\",\"width\":555,\"height\":150,\"caption\":\"Ajatutaja\"},\"image\":{\"@id\":\"https:\\\/\\\/ajatutaja.com\\\/#\\\/schema\\\/logo\\\/image\\\/\"}}]}<\/script>\n<!-- \/ Yoast SEO plugin. -->","yoast_head_json":{"title":"Little Dutch mehka aktivnostna knjigica Little Farm | Ajatutaja","description":"V mehki senzori\u010dni knjigici Little Dutch iz kolekcije Little Farm bo otrok odkrival \u017eivali na kmetiji. Izdelana je iz razli\u010dnih materialov, ki jih je treba raziskati, na primer ogledalo in igra\u010de, ki \u0161umijo in \u0161elestijo","robots":{"index":"index","follow":"follow","max-snippet":"max-snippet:-1","max-image-preview":"max-image-preview:large","max-video-preview":"max-video-preview:-1"},"canonical":"https:\/\/ajatutaja.com\/izdelek\/little-dutch-aktivnostna-knjigica-little-farm\/","og_locale":"hr_HR","og_type":"article","og_title":"Little Dutch mehka aktivnostna knjigica Little Farm | Ajatutaja","og_description":"V mehki senzori\u010dni knjigici Little Dutch iz kolekcije Little Farm bo otrok odkrival \u017eivali na kmetiji. Izdelana je iz razli\u010dnih materialov, ki jih je treba raziskati, na primer ogledalo in igra\u010de, ki \u0161umijo in \u0161elestijo","og_url":"https:\/\/ajatutaja.com\/izdelek\/little-dutch-aktivnostna-knjigica-little-farm\/","og_site_name":"Ajatutaja","article_modified_time":"2026-03-12T13:43:53+00:00","og_image":[{"width":800,"height":800,"url":"https:\/\/ajatutaja.com\/wp-content\/uploads\/2023\/12\/aktivnostna-knjigica-little-farm.jpg","type":"image\/jpeg"}],"twitter_card":"summary_large_image","schema":{"@context":"https:\/\/schema.org","@graph":[{"@type":"WebPage","@id":"https:\/\/ajatutaja.com\/izdelek\/little-dutch-aktivnostna-knjigica-little-farm\/","url":"https:\/\/ajatutaja.com\/izdelek\/little-dutch-aktivnostna-knjigica-little-farm\/","name":"Little Dutch mehka aktivnostna knjigica Little Farm | Ajatutaja","isPartOf":{"@id":"https:\/\/ajatutaja.com\/#website"},"primaryImageOfPage":{"@id":"https:\/\/ajatutaja.com\/izdelek\/little-dutch-aktivnostna-knjigica-little-farm\/#primaryimage"},"image":{"@id":"https:\/\/ajatutaja.com\/izdelek\/little-dutch-aktivnostna-knjigica-little-farm\/#primaryimage"},"thumbnailUrl":"https:\/\/ajatutaja.com\/wp-content\/uploads\/2023\/12\/aktivnostna-knjigica-little-farm.jpg","datePublished":"2023-12-03T00:31:02+00:00","dateModified":"2026-03-12T13:43:53+00:00","description":"V mehki senzori\u010dni knjigici Little Dutch iz kolekcije Little Farm bo otrok odkrival \u017eivali na kmetiji. Izdelana je iz razli\u010dnih materialov, ki jih je treba raziskati, na primer ogledalo in igra\u010de, ki \u0161umijo in \u0161elestijo","breadcrumb":{"@id":"https:\/\/ajatutaja.com\/izdelek\/little-dutch-aktivnostna-knjigica-little-farm\/#breadcrumb"},"inLanguage":"hr","potentialAction":[{"@type":"ReadAction","target":["https:\/\/ajatutaja.com\/izdelek\/little-dutch-aktivnostna-knjigica-little-farm\/"]}]},{"@type":"ImageObject","inLanguage":"hr","@id":"https:\/\/ajatutaja.com\/izdelek\/little-dutch-aktivnostna-knjigica-little-farm\/#primaryimage","url":"https:\/\/ajatutaja.com\/wp-content\/uploads\/2023\/12\/aktivnostna-knjigica-little-farm.jpg","contentUrl":"https:\/\/ajatutaja.com\/wp-content\/uploads\/2023\/12\/aktivnostna-knjigica-little-farm.jpg","width":800,"height":800},{"@type":"BreadcrumbList","@id":"https:\/\/ajatutaja.com\/izdelek\/little-dutch-aktivnostna-knjigica-little-farm\/#breadcrumb","itemListElement":[{"@type":"ListItem","position":1,"name":"Home","item":"https:\/\/ajatutaja.com\/hr\/"},{"@type":"ListItem","position":2,"name":"Trgovina","item":"https:\/\/ajatutaja.com\/hr\/trgovina\/"},{"@type":"ListItem","position":3,"name":"Little Dutch mehka aktivnostna knjigica Little Farm"}]},{"@type":"WebSite","@id":"https:\/\/ajatutaja.com\/#website","url":"https:\/\/ajatutaja.com\/","name":"Ajatutaja","description":"Otro\u0161ka spletna trgovina AJATUTAJA","publisher":{"@id":"https:\/\/ajatutaja.com\/#organization"},"potentialAction":[{"@type":"SearchAction","target":{"@type":"EntryPoint","urlTemplate":"https:\/\/ajatutaja.com\/?s={search_term_string}"},"query-input":{"@type":"PropertyValueSpecification","valueRequired":true,"valueName":"search_term_string"}}],"inLanguage":"hr"},{"@type":"Organization","@id":"https:\/\/ajatutaja.com\/#organization","name":"Ajatutaja","url":"https:\/\/ajatutaja.com\/","logo":{"@type":"ImageObject","inLanguage":"hr","@id":"https:\/\/ajatutaja.com\/#\/schema\/logo\/image\/","url":"https:\/\/ajatutaja.com\/wp-content\/uploads\/2021\/10\/logo.png","contentUrl":"https:\/\/ajatutaja.com\/wp-content\/uploads\/2021\/10\/logo.png","width":555,"height":150,"caption":"Ajatutaja"},"image":{"@id":"https:\/\/ajatutaja.com\/#\/schema\/logo\/image\/"}}]}},"brands":[{"id":2452,"name":"Igranje","slug":"igranje"},{"id":2457,"name":"Little Dutch","slug":"little-dutch-igra"}],"_links":{"self":[{"href":"https:\/\/ajatutaja.com\/hr\/wp-json\/wp\/v2\/product\/54723","targetHints":{"allow":["GET"]}}],"collection":[{"href":"https:\/\/ajatutaja.com\/hr\/wp-json\/wp\/v2\/product"}],"about":[{"href":"https:\/\/ajatutaja.com\/hr\/wp-json\/wp\/v2\/types\/product"}],"wp:featuredmedia":[{"embeddable":true,"href":"https:\/\/ajatutaja.com\/hr\/wp-json\/wp\/v2\/media\/54724"}],"wp:attachment":[{"href":"https:\/\/ajatutaja.com\/hr\/wp-json\/wp\/v2\/media?parent=54723"}],"wp:term":[{"taxonomy":"pwb-brand","embeddable":true,"href":"https:\/\/ajatutaja.com\/hr\/wp-json\/wp\/v2\/pwb-brand?post=54723"},{"taxonomy":"product_brand","embeddable":true,"href":"https:\/\/ajatutaja.com\/hr\/wp-json\/wp\/v2\/product_brand?post=54723"},{"taxonomy":"product_cat","embeddable":true,"href":"https:\/\/ajatutaja.com\/hr\/wp-json\/wp\/v2\/product_cat?post=54723"},{"taxonomy":"product_tag","embeddable":true,"href":"https:\/\/ajatutaja.com\/hr\/wp-json\/wp\/v2\/product_tag?post=54723"}],"curies":[{"name":"wp","href":"https:\/\/api.w.org\/{rel}","templated":true}]}}