{"id":54649,"date":"2023-12-02T15:06:10","date_gmt":"2023-12-02T14:06:10","guid":{"rendered":"https:\/\/ajatutaja.com\/?post_type=product&#038;p=54649"},"modified":"2026-03-12T14:39:04","modified_gmt":"2026-03-12T13:39:04","slug":"baby-brezza-food-maker-deluxe-parni-kuhalnik-odmrzovalnik-in-mesalnik","status":"publish","type":"product","link":"https:\/\/ajatutaja.com\/hr\/proizvod\/baby-brezza-food-maker-deluxe-parni-kuhalnik-odmrzovalnik-in-mesalnik\/","title":{"rendered":"Baby Brezza\u00ae Food Maker Deluxe &#8211; parni kuhalnik, odmrzovalnik in me\u0161alnik"},"content":{"rendered":"<p>[vc_row][vc_column][vc_column_text]<\/p>\n<div class=\"short-desc\">\n<h4>Lastnosti aparata Baby Brezza Food Maker Deluxe:<\/h4>\n<div class=\"short-desc\">\n<ul>\n<li>Omogo\u010da odmrzovanje ter 3 razli\u010dne funkcije: soparjenje in me\u0161anje, samo kuhanje ali samo me\u0161anje.<\/li>\n<li>Samodejno kuha na sopari in me\u0161a v 1 enostavnem koraku.<\/li>\n<li>Pripravi otro\u0161ko hrano v le 10 minutah.<\/li>\n<li>Velika prostornina: skleda sprejme do 900 ml ka\u0161e.<\/li>\n<li>Preprosta uporaba in \u010di\u0161\u010denje \u2013 nadzorna plo\u0161\u010da LCD, popolnoma dostopna posoda za paro, skleda in rezila, primerna za pranje v pomivalnem stroju, odstranljiva posoda za vodo.<\/li>\n<li>4 rezila iz nerjave\u010dega jekla me\u0161ajo hrano do popolne konsistence za vsako stopnjo razvoja va\u0161ega dojen\u010dka.<\/li>\n<li>Vklju\u010duje: 3 vre\u010dke za ve\u010dkratno uporabo in 3 lijake.<\/li>\n<li>Enostaven za vzdr\u017eevanje in \u010di\u0161\u010denje, saj ima popolnoma dostopen rezervoar za paro in odstranljiv rezervoar za vodo. Posoda in rezilo sta primerna za pomivalni stroj.<\/li>\n<li>Nadvse uporaben aparat za pripravo hrane, saj omogo\u010da pripravo tudi ostale hrane, kot so testenine, zelenjava, trdo kuhana jajca in juho.<\/li>\n<li>Dimenzije izdelka: <span class=\"entry-content\">191x241x191 mm.<\/span><\/li>\n<li>Te\u017ea izdelka: 2.45 kg.<\/li>\n<li>Brez BPA.<\/li>\n<li>Prejemnik nagrad \u201cBest Food Makers 2018\u201d by Huffington Post, a finalist for 2018 Best Feeding Helper in the \u201cWhat To Expect Awards\u201d and a food maker by Baby Magazine for Motherhood.<\/li>\n<\/ul>\n<\/div>\n<\/div>\n<p>[\/vc_column_text][\/vc_column][\/vc_row]<\/p>\n","protected":false},"excerpt":{"rendered":"<p>Parni kuhalnik Baby Brezza Food Maker Deluxe nudi hitro in enostavno pripravo hrane za mal\u010dke. Potrebnih je le 10 minut in zdrav obrok za va\u0161ega mal\u010dka je pripravljen! To je kompakten in fukcionalen aparat za pripravo hrane nudi odmzovanje in 3 funkcije: soparjenje in me\u0161anje, samo kuhanje ali samo me\u0161anje.<\/p>\n","protected":false},"featured_media":54651,"template":"","meta":[],"pwb-brand":[2337,2269],"product_brand":[],"product_cat":[2313,2710,2266],"product_tag":[4519],"class_list":{"0":"post-54649","1":"product","2":"type-product","3":"status-publish","4":"has-post-thumbnail","6":"pwb-brand-baby-brezza","7":"pwb-brand-hranjenje","8":"product_cat-aparati-za-pripravo-hrane","9":"product_cat-babyshower-darila","10":"product_cat-hranjenje","11":"product_tag-baby-brezza","13":"first","14":"instock","15":"taxable","16":"shipping-taxable","17":"purchasable","18":"product-type-simple","19":"add-to-wishlist-before_image"},"yoast_head":"<!-- This site is optimized with the Yoast SEO plugin v27.3 - https:\/\/yoast.com\/product\/yoast-seo-wordpress\/ -->\n<title>Baby Brezza\u00ae Food Maker Deluxe - parni kuhalnik, odmrzovalnik in me\u0161alnik | Ajatutaja<\/title>\n<meta name=\"description\" content=\"Parni kuhalnik Baby Brezza Food Maker Deluxe nudi hitro in enostavno pripravo hrane za mal\u010dke. Potrebnih je le 10 minut in zdrav obrok za va\u0161ega mal\u010dka je pripravljen!\" \/>\n<meta name=\"robots\" content=\"index, follow, max-snippet:-1, max-image-preview:large, max-video-preview:-1\" \/>\n<link rel=\"canonical\" href=\"https:\/\/ajatutaja.com\/izdelek\/baby-brezza-food-maker-deluxe-parni-kuhalnik-odmrzovalnik-in-mesalnik\/\" \/>\n<meta property=\"og:locale\" content=\"hr_HR\" \/>\n<meta property=\"og:type\" content=\"article\" \/>\n<meta property=\"og:title\" content=\"Baby Brezza\u00ae Food Maker Deluxe - parni kuhalnik, odmrzovalnik in me\u0161alnik | Ajatutaja\" \/>\n<meta property=\"og:description\" content=\"Parni kuhalnik Baby Brezza Food Maker Deluxe nudi hitro in enostavno pripravo hrane za mal\u010dke. Potrebnih je le 10 minut in zdrav obrok za va\u0161ega mal\u010dka je pripravljen!\" \/>\n<meta property=\"og:url\" content=\"https:\/\/ajatutaja.com\/izdelek\/baby-brezza-food-maker-deluxe-parni-kuhalnik-odmrzovalnik-in-mesalnik\/\" \/>\n<meta property=\"og:site_name\" content=\"Ajatutaja\" \/>\n<meta property=\"article:modified_time\" content=\"2026-03-12T13:39:04+00:00\" \/>\n<meta property=\"og:image\" content=\"https:\/\/ajatutaja.com\/wp-content\/uploads\/2023\/12\/Baby-brezza-kuhalnik-ajatutaja-0.png\" \/>\n\t<meta property=\"og:image:width\" content=\"1000\" \/>\n\t<meta property=\"og:image:height\" content=\"1000\" \/>\n\t<meta property=\"og:image:type\" content=\"image\/png\" \/>\n<meta name=\"twitter:card\" content=\"summary_large_image\" \/>\n<meta name=\"twitter:label1\" content=\"Procijenjeno vrijeme \u010ditanja\" \/>\n\t<meta name=\"twitter:data1\" content=\"1 minuta\" \/>\n<script type=\"application\/ld+json\" class=\"yoast-schema-graph\">{\"@context\":\"https:\\\/\\\/schema.org\",\"@graph\":[{\"@type\":\"WebPage\",\"@id\":\"https:\\\/\\\/ajatutaja.com\\\/izdelek\\\/baby-brezza-food-maker-deluxe-parni-kuhalnik-odmrzovalnik-in-mesalnik\\\/\",\"url\":\"https:\\\/\\\/ajatutaja.com\\\/izdelek\\\/baby-brezza-food-maker-deluxe-parni-kuhalnik-odmrzovalnik-in-mesalnik\\\/\",\"name\":\"Baby Brezza\u00ae Food Maker Deluxe - parni kuhalnik, odmrzovalnik in me\u0161alnik | Ajatutaja\",\"isPartOf\":{\"@id\":\"https:\\\/\\\/ajatutaja.com\\\/#website\"},\"primaryImageOfPage\":{\"@id\":\"https:\\\/\\\/ajatutaja.com\\\/izdelek\\\/baby-brezza-food-maker-deluxe-parni-kuhalnik-odmrzovalnik-in-mesalnik\\\/#primaryimage\"},\"image\":{\"@id\":\"https:\\\/\\\/ajatutaja.com\\\/izdelek\\\/baby-brezza-food-maker-deluxe-parni-kuhalnik-odmrzovalnik-in-mesalnik\\\/#primaryimage\"},\"thumbnailUrl\":\"https:\\\/\\\/ajatutaja.com\\\/wp-content\\\/uploads\\\/2023\\\/12\\\/Baby-brezza-kuhalnik-ajatutaja-0.png\",\"datePublished\":\"2023-12-02T14:06:10+00:00\",\"dateModified\":\"2026-03-12T13:39:04+00:00\",\"description\":\"Parni kuhalnik Baby Brezza Food Maker Deluxe nudi hitro in enostavno pripravo hrane za mal\u010dke. Potrebnih je le 10 minut in zdrav obrok za va\u0161ega mal\u010dka je pripravljen!\",\"breadcrumb\":{\"@id\":\"https:\\\/\\\/ajatutaja.com\\\/izdelek\\\/baby-brezza-food-maker-deluxe-parni-kuhalnik-odmrzovalnik-in-mesalnik\\\/#breadcrumb\"},\"inLanguage\":\"hr\",\"potentialAction\":[{\"@type\":\"ReadAction\",\"target\":[\"https:\\\/\\\/ajatutaja.com\\\/izdelek\\\/baby-brezza-food-maker-deluxe-parni-kuhalnik-odmrzovalnik-in-mesalnik\\\/\"]}]},{\"@type\":\"ImageObject\",\"inLanguage\":\"hr\",\"@id\":\"https:\\\/\\\/ajatutaja.com\\\/izdelek\\\/baby-brezza-food-maker-deluxe-parni-kuhalnik-odmrzovalnik-in-mesalnik\\\/#primaryimage\",\"url\":\"https:\\\/\\\/ajatutaja.com\\\/wp-content\\\/uploads\\\/2023\\\/12\\\/Baby-brezza-kuhalnik-ajatutaja-0.png\",\"contentUrl\":\"https:\\\/\\\/ajatutaja.com\\\/wp-content\\\/uploads\\\/2023\\\/12\\\/Baby-brezza-kuhalnik-ajatutaja-0.png\",\"width\":1000,\"height\":1000},{\"@type\":\"BreadcrumbList\",\"@id\":\"https:\\\/\\\/ajatutaja.com\\\/izdelek\\\/baby-brezza-food-maker-deluxe-parni-kuhalnik-odmrzovalnik-in-mesalnik\\\/#breadcrumb\",\"itemListElement\":[{\"@type\":\"ListItem\",\"position\":1,\"name\":\"Home\",\"item\":\"https:\\\/\\\/ajatutaja.com\\\/hr\\\/\"},{\"@type\":\"ListItem\",\"position\":2,\"name\":\"Trgovina\",\"item\":\"https:\\\/\\\/ajatutaja.com\\\/hr\\\/trgovina\\\/\"},{\"@type\":\"ListItem\",\"position\":3,\"name\":\"Baby Brezza\u00ae Food Maker Deluxe &#8211; parni kuhalnik, odmrzovalnik in me\u0161alnik\"}]},{\"@type\":\"WebSite\",\"@id\":\"https:\\\/\\\/ajatutaja.com\\\/#website\",\"url\":\"https:\\\/\\\/ajatutaja.com\\\/\",\"name\":\"Ajatutaja\",\"description\":\"Otro\u0161ka spletna trgovina AJATUTAJA\",\"publisher\":{\"@id\":\"https:\\\/\\\/ajatutaja.com\\\/#organization\"},\"potentialAction\":[{\"@type\":\"SearchAction\",\"target\":{\"@type\":\"EntryPoint\",\"urlTemplate\":\"https:\\\/\\\/ajatutaja.com\\\/?s={search_term_string}\"},\"query-input\":{\"@type\":\"PropertyValueSpecification\",\"valueRequired\":true,\"valueName\":\"search_term_string\"}}],\"inLanguage\":\"hr\"},{\"@type\":\"Organization\",\"@id\":\"https:\\\/\\\/ajatutaja.com\\\/#organization\",\"name\":\"Ajatutaja\",\"url\":\"https:\\\/\\\/ajatutaja.com\\\/\",\"logo\":{\"@type\":\"ImageObject\",\"inLanguage\":\"hr\",\"@id\":\"https:\\\/\\\/ajatutaja.com\\\/#\\\/schema\\\/logo\\\/image\\\/\",\"url\":\"https:\\\/\\\/ajatutaja.com\\\/wp-content\\\/uploads\\\/2021\\\/10\\\/logo.png\",\"contentUrl\":\"https:\\\/\\\/ajatutaja.com\\\/wp-content\\\/uploads\\\/2021\\\/10\\\/logo.png\",\"width\":555,\"height\":150,\"caption\":\"Ajatutaja\"},\"image\":{\"@id\":\"https:\\\/\\\/ajatutaja.com\\\/#\\\/schema\\\/logo\\\/image\\\/\"}}]}<\/script>\n<!-- \/ Yoast SEO plugin. -->","yoast_head_json":{"title":"Baby Brezza\u00ae Food Maker Deluxe - parni kuhalnik, odmrzovalnik in me\u0161alnik | Ajatutaja","description":"Parni kuhalnik Baby Brezza Food Maker Deluxe nudi hitro in enostavno pripravo hrane za mal\u010dke. Potrebnih je le 10 minut in zdrav obrok za va\u0161ega mal\u010dka je pripravljen!","robots":{"index":"index","follow":"follow","max-snippet":"max-snippet:-1","max-image-preview":"max-image-preview:large","max-video-preview":"max-video-preview:-1"},"canonical":"https:\/\/ajatutaja.com\/izdelek\/baby-brezza-food-maker-deluxe-parni-kuhalnik-odmrzovalnik-in-mesalnik\/","og_locale":"hr_HR","og_type":"article","og_title":"Baby Brezza\u00ae Food Maker Deluxe - parni kuhalnik, odmrzovalnik in me\u0161alnik | Ajatutaja","og_description":"Parni kuhalnik Baby Brezza Food Maker Deluxe nudi hitro in enostavno pripravo hrane za mal\u010dke. Potrebnih je le 10 minut in zdrav obrok za va\u0161ega mal\u010dka je pripravljen!","og_url":"https:\/\/ajatutaja.com\/izdelek\/baby-brezza-food-maker-deluxe-parni-kuhalnik-odmrzovalnik-in-mesalnik\/","og_site_name":"Ajatutaja","article_modified_time":"2026-03-12T13:39:04+00:00","og_image":[{"width":1000,"height":1000,"url":"https:\/\/ajatutaja.com\/wp-content\/uploads\/2023\/12\/Baby-brezza-kuhalnik-ajatutaja-0.png","type":"image\/png"}],"twitter_card":"summary_large_image","twitter_misc":{"Procijenjeno vrijeme \u010ditanja":"1 minuta"},"schema":{"@context":"https:\/\/schema.org","@graph":[{"@type":"WebPage","@id":"https:\/\/ajatutaja.com\/izdelek\/baby-brezza-food-maker-deluxe-parni-kuhalnik-odmrzovalnik-in-mesalnik\/","url":"https:\/\/ajatutaja.com\/izdelek\/baby-brezza-food-maker-deluxe-parni-kuhalnik-odmrzovalnik-in-mesalnik\/","name":"Baby Brezza\u00ae Food Maker Deluxe - parni kuhalnik, odmrzovalnik in me\u0161alnik | Ajatutaja","isPartOf":{"@id":"https:\/\/ajatutaja.com\/#website"},"primaryImageOfPage":{"@id":"https:\/\/ajatutaja.com\/izdelek\/baby-brezza-food-maker-deluxe-parni-kuhalnik-odmrzovalnik-in-mesalnik\/#primaryimage"},"image":{"@id":"https:\/\/ajatutaja.com\/izdelek\/baby-brezza-food-maker-deluxe-parni-kuhalnik-odmrzovalnik-in-mesalnik\/#primaryimage"},"thumbnailUrl":"https:\/\/ajatutaja.com\/wp-content\/uploads\/2023\/12\/Baby-brezza-kuhalnik-ajatutaja-0.png","datePublished":"2023-12-02T14:06:10+00:00","dateModified":"2026-03-12T13:39:04+00:00","description":"Parni kuhalnik Baby Brezza Food Maker Deluxe nudi hitro in enostavno pripravo hrane za mal\u010dke. Potrebnih je le 10 minut in zdrav obrok za va\u0161ega mal\u010dka je pripravljen!","breadcrumb":{"@id":"https:\/\/ajatutaja.com\/izdelek\/baby-brezza-food-maker-deluxe-parni-kuhalnik-odmrzovalnik-in-mesalnik\/#breadcrumb"},"inLanguage":"hr","potentialAction":[{"@type":"ReadAction","target":["https:\/\/ajatutaja.com\/izdelek\/baby-brezza-food-maker-deluxe-parni-kuhalnik-odmrzovalnik-in-mesalnik\/"]}]},{"@type":"ImageObject","inLanguage":"hr","@id":"https:\/\/ajatutaja.com\/izdelek\/baby-brezza-food-maker-deluxe-parni-kuhalnik-odmrzovalnik-in-mesalnik\/#primaryimage","url":"https:\/\/ajatutaja.com\/wp-content\/uploads\/2023\/12\/Baby-brezza-kuhalnik-ajatutaja-0.png","contentUrl":"https:\/\/ajatutaja.com\/wp-content\/uploads\/2023\/12\/Baby-brezza-kuhalnik-ajatutaja-0.png","width":1000,"height":1000},{"@type":"BreadcrumbList","@id":"https:\/\/ajatutaja.com\/izdelek\/baby-brezza-food-maker-deluxe-parni-kuhalnik-odmrzovalnik-in-mesalnik\/#breadcrumb","itemListElement":[{"@type":"ListItem","position":1,"name":"Home","item":"https:\/\/ajatutaja.com\/hr\/"},{"@type":"ListItem","position":2,"name":"Trgovina","item":"https:\/\/ajatutaja.com\/hr\/trgovina\/"},{"@type":"ListItem","position":3,"name":"Baby Brezza\u00ae Food Maker Deluxe &#8211; parni kuhalnik, odmrzovalnik in me\u0161alnik"}]},{"@type":"WebSite","@id":"https:\/\/ajatutaja.com\/#website","url":"https:\/\/ajatutaja.com\/","name":"Ajatutaja","description":"Otro\u0161ka spletna trgovina AJATUTAJA","publisher":{"@id":"https:\/\/ajatutaja.com\/#organization"},"potentialAction":[{"@type":"SearchAction","target":{"@type":"EntryPoint","urlTemplate":"https:\/\/ajatutaja.com\/?s={search_term_string}"},"query-input":{"@type":"PropertyValueSpecification","valueRequired":true,"valueName":"search_term_string"}}],"inLanguage":"hr"},{"@type":"Organization","@id":"https:\/\/ajatutaja.com\/#organization","name":"Ajatutaja","url":"https:\/\/ajatutaja.com\/","logo":{"@type":"ImageObject","inLanguage":"hr","@id":"https:\/\/ajatutaja.com\/#\/schema\/logo\/image\/","url":"https:\/\/ajatutaja.com\/wp-content\/uploads\/2021\/10\/logo.png","contentUrl":"https:\/\/ajatutaja.com\/wp-content\/uploads\/2021\/10\/logo.png","width":555,"height":150,"caption":"Ajatutaja"},"image":{"@id":"https:\/\/ajatutaja.com\/#\/schema\/logo\/image\/"}}]}},"brands":[{"id":2337,"name":"Baby Brezza","slug":"baby-brezza"},{"id":2269,"name":"Hranjenje","slug":"hranjenje"}],"_links":{"self":[{"href":"https:\/\/ajatutaja.com\/hr\/wp-json\/wp\/v2\/product\/54649","targetHints":{"allow":["GET"]}}],"collection":[{"href":"https:\/\/ajatutaja.com\/hr\/wp-json\/wp\/v2\/product"}],"about":[{"href":"https:\/\/ajatutaja.com\/hr\/wp-json\/wp\/v2\/types\/product"}],"wp:featuredmedia":[{"embeddable":true,"href":"https:\/\/ajatutaja.com\/hr\/wp-json\/wp\/v2\/media\/54651"}],"wp:attachment":[{"href":"https:\/\/ajatutaja.com\/hr\/wp-json\/wp\/v2\/media?parent=54649"}],"wp:term":[{"taxonomy":"pwb-brand","embeddable":true,"href":"https:\/\/ajatutaja.com\/hr\/wp-json\/wp\/v2\/pwb-brand?post=54649"},{"taxonomy":"product_brand","embeddable":true,"href":"https:\/\/ajatutaja.com\/hr\/wp-json\/wp\/v2\/product_brand?post=54649"},{"taxonomy":"product_cat","embeddable":true,"href":"https:\/\/ajatutaja.com\/hr\/wp-json\/wp\/v2\/product_cat?post=54649"},{"taxonomy":"product_tag","embeddable":true,"href":"https:\/\/ajatutaja.com\/hr\/wp-json\/wp\/v2\/product_tag?post=54649"}],"curies":[{"name":"wp","href":"https:\/\/api.w.org\/{rel}","templated":true}]}}