{"id":54594,"date":"2023-11-30T14:31:59","date_gmt":"2023-11-30T13:31:59","guid":{"rendered":"https:\/\/ajatutaja.com\/?post_type=product&#038;p=54594"},"modified":"2026-03-04T12:40:07","modified_gmt":"2026-03-04T11:40:07","slug":"nocna-lucka-z-melodijami-in-vzorcem-dihanja-zazu-sloncica-emmy","status":"publish","type":"product","link":"https:\/\/ajatutaja.com\/hr\/proizvod\/nocna-lucka-z-melodijami-in-vzorcem-dihanja-zazu-sloncica-emmy\/","title":{"rendered":"No\u010dna lu\u010dka z melodijami in vzorcem dihanja ZAZU &#8211; Slon\u010dica Emmy"},"content":{"rendered":"<p>[vc_row][vc_column][vc_column_text]Ko gre otrok v posteljo, je lahko njegova glava \u0161e vedno polna vseh vtisov dneva, ki mu prepre\u010dujejo, da bi zaspal. <u>Dihalne tehnike<\/u> Slon\u010dice Emmy mu lahko pomagajo umiriti misli. S poslu\u0161anjem zvoka dihanja in spremljanjem ne\u017eno utripajo\u010de lu\u010dke, ki se ve\u010da in manj\u0161a skladno z dihanjem, bo va\u0161 mal\u010dek<strong> <u>samodejno sledil ritmu in la\u017eje zaspal<\/u>.<\/strong><\/p>\n<p><strong>Beli \u0161um in pomirjujo\u010di zvoki<\/strong><br \/>\nPoslu\u0161ate lahko: beli \u0161um, zvok dihanja, ven\u010dek pomirjujo\u010dih uspavank, zvok afri\u0161kega son\u010dnega zahoda.<\/p>\n<p>Raziskave ka\u017eejo, da novorojen\u010dki la\u017eje zaspijo, ko sli\u0161ijo beli \u0161um. Poleg belega \u0161uma <u>zvoki sr\u010dnega utripa otroku zni\u017eajo nivo stresa<\/u>, zaradi \u010desar se umiri in bolje spi.<\/p>\n<p><strong>Prijetna rde\u010da no\u010dna lu\u010dka<\/strong><br \/>\nOtroci se pogosto bojijo teme in raje spijo ob svetlobi. Raziskave so pokazale, da je <u>rde\u010da svetloba<\/u> najbolj\u0161a barva za no\u010dno lu\u010dko, saj <u>ne moti proizvodnje melatonina<\/u>, hormona, ki uravnava na\u0161 cikel spanja.<\/p>\n<p><strong>Avtomatski izklop<\/strong><br \/>\nKo va\u0161 dojen\u010dek zaspi, se lahko Slon\u010dica Emmy\u00a0samodejno izklopi po 20-40 minutah ali pa ostane pri\u017egana celo no\u010d.<\/p>\n<p><strong>Senzor joka<\/strong><br \/>\n\u010ce va\u0161 otrok pono\u010di spet postane nemiren, se lahko svetloba in\/ali zvok samodejno vklopita.<\/p>\n<h4>Lastnosti ZAZU Slon\u010dice Emmy:<\/h4>\n<ul>\n<li>Premer 11,5 cm<\/li>\n<li>ABS, varen za otroke; LED<\/li>\n<li>Prilo\u017een USB kabel (Vhod: 5V, min. 500mA)<\/li>\n<li>3 x AA alkalne baterije (niso vklju\u010dene)<\/li>\n<li>Izdelki ZAZU so testirani v skladu z mednarodnimi varnostnimi predpisi.<\/li>\n<\/ul>\n<p><strong>OPOZORILO:<\/strong><\/p>\n<ul>\n<li>Otroci, mlaj\u0161i od 6 let, ne smejo uporabljati izdelka brez nadzora odrasle osebe.<\/li>\n<li>V primeru po\u0161kodbe izdelka nikoli ne razstavljajte naprave v notranjosti izdelka.<\/li>\n<li>V primeru dalj\u0161ega obdobja neuporabe je treba lu\u010dko hraniti na suhem mestu.<\/li>\n<li>Ta izdelek je treba uporabljati v skladu z lokalnimi predpisi o varstvu okolja.<\/li>\n<\/ul>\n<p>[\/vc_column_text][\/vc_column][\/vc_row]<\/p>\n","protected":false},"excerpt":{"rendered":"<p>Slon\u010dica Emmy lahko va\u0161emu mal\u010dku pomaga zaspati s svojo edinstveno tehniko dihanja, zvo\u010dno napravo in pomirjujo\u010do no\u010dno lu\u010dko. Senzor za jok bo znova vklopil svetlobo\/zvok, kadar koli bo va\u0161 mal\u010dek jokal. Lu\u010dka z belim \u0161umom Slon\u010dica Emmy je primerna tudi za odrasle.<\/p>\n","protected":false},"featured_media":54595,"template":"","meta":[],"pwb-brand":[2452,2611,2641,5010],"product_brand":[],"product_cat":[3986,2710,5072,2717,2711,2362,2605,2606,3985,2593],"product_tag":[5009],"class_list":{"0":"post-54594","1":"product","2":"type-product","3":"status-publish","4":"has-post-thumbnail","6":"pwb-brand-igranje","7":"pwb-brand-spanje","8":"pwb-brand-zazu","9":"pwb-brand-zazu-igranje","10":"product_cat-novorojencek-igrace","11":"product_cat-babyshower-darila","12":"product_cat-bozicna-darila","13":"product_cat-darilo-do-50e","14":"product_cat-darilo-ob-rojstvu","15":"product_cat-igranje","16":"product_cat-ninice","17":"product_cat-nocne-lucke","18":"product_cat-po-starosti","19":"product_cat-spanje","20":"product_tag-zazu","22":"first","23":"instock","24":"taxable","25":"shipping-taxable","26":"purchasable","27":"product-type-simple","28":"add-to-wishlist-before_image"},"yoast_head":"<!-- This site is optimized with the Yoast SEO plugin v27.3 - https:\/\/yoast.com\/product\/yoast-seo-wordpress\/ -->\n<title>No\u010dna lu\u010dka z melodijami in vzorcem dihanja ZAZU - Slon\u010dica Emmy | Ajatutaja<\/title>\n<meta name=\"description\" content=\"Slon\u010dica Emmy lahko va\u0161emu mal\u010dku pomaga zaspati s svojo edinstveno tehniko dihanja, zvo\u010dno napravo in pomirjujo\u010do no\u010dno lu\u010dko. Senzor za jok bo znova vklopil svetlobo\/zvok, kadar koli bo va\u0161 mal\u010dek jokal.\" \/>\n<meta name=\"robots\" content=\"index, follow, max-snippet:-1, max-image-preview:large, max-video-preview:-1\" \/>\n<link rel=\"canonical\" href=\"https:\/\/ajatutaja.com\/hr\/proizvod\/nocna-lucka-z-melodijami-in-vzorcem-dihanja-zazu-sloncica-emmy\/\" \/>\n<meta property=\"og:locale\" content=\"hr_HR\" \/>\n<meta property=\"og:type\" content=\"article\" \/>\n<meta property=\"og:title\" content=\"No\u010dna lu\u010dka z melodijami in vzorcem dihanja ZAZU - Slon\u010dica Emmy | Ajatutaja\" \/>\n<meta property=\"og:description\" content=\"Slon\u010dica Emmy lahko va\u0161emu mal\u010dku pomaga zaspati s svojo edinstveno tehniko dihanja, zvo\u010dno napravo in pomirjujo\u010do no\u010dno lu\u010dko. Senzor za jok bo znova vklopil svetlobo\/zvok, kadar koli bo va\u0161 mal\u010dek jokal.\" \/>\n<meta property=\"og:url\" content=\"https:\/\/ajatutaja.com\/hr\/proizvod\/nocna-lucka-z-melodijami-in-vzorcem-dihanja-zazu-sloncica-emmy\/\" \/>\n<meta property=\"og:site_name\" content=\"Ajatutaja\" \/>\n<meta property=\"article:modified_time\" content=\"2026-03-04T11:40:07+00:00\" \/>\n<meta property=\"og:image\" content=\"https:\/\/ajatutaja.com\/wp-content\/uploads\/2023\/11\/Nocna-lucka-z-vzorcem-dihanja-Sloncica-Emmy-ajautaja-1.jpg\" \/>\n\t<meta property=\"og:image:width\" content=\"1000\" \/>\n\t<meta property=\"og:image:height\" content=\"1000\" \/>\n\t<meta property=\"og:image:type\" content=\"image\/jpeg\" \/>\n<meta name=\"twitter:card\" content=\"summary_large_image\" \/>\n<meta name=\"twitter:label1\" content=\"Procijenjeno vrijeme \u010ditanja\" \/>\n\t<meta name=\"twitter:data1\" content=\"2 minute\" \/>\n<script type=\"application\/ld+json\" class=\"yoast-schema-graph\">{\"@context\":\"https:\\\/\\\/schema.org\",\"@graph\":[{\"@type\":\"WebPage\",\"@id\":\"https:\\\/\\\/ajatutaja.com\\\/hr\\\/proizvod\\\/nocna-lucka-z-melodijami-in-vzorcem-dihanja-zazu-sloncica-emmy\\\/\",\"url\":\"https:\\\/\\\/ajatutaja.com\\\/hr\\\/proizvod\\\/nocna-lucka-z-melodijami-in-vzorcem-dihanja-zazu-sloncica-emmy\\\/\",\"name\":\"No\u010dna lu\u010dka z melodijami in vzorcem dihanja ZAZU - Slon\u010dica Emmy | Ajatutaja\",\"isPartOf\":{\"@id\":\"https:\\\/\\\/ajatutaja.com\\\/#website\"},\"primaryImageOfPage\":{\"@id\":\"https:\\\/\\\/ajatutaja.com\\\/hr\\\/proizvod\\\/nocna-lucka-z-melodijami-in-vzorcem-dihanja-zazu-sloncica-emmy\\\/#primaryimage\"},\"image\":{\"@id\":\"https:\\\/\\\/ajatutaja.com\\\/hr\\\/proizvod\\\/nocna-lucka-z-melodijami-in-vzorcem-dihanja-zazu-sloncica-emmy\\\/#primaryimage\"},\"thumbnailUrl\":\"https:\\\/\\\/ajatutaja.com\\\/wp-content\\\/uploads\\\/2023\\\/11\\\/Nocna-lucka-z-vzorcem-dihanja-Sloncica-Emmy-ajautaja-1.jpg\",\"datePublished\":\"2023-11-30T13:31:59+00:00\",\"dateModified\":\"2026-03-04T11:40:07+00:00\",\"description\":\"Slon\u010dica Emmy lahko va\u0161emu mal\u010dku pomaga zaspati s svojo edinstveno tehniko dihanja, zvo\u010dno napravo in pomirjujo\u010do no\u010dno lu\u010dko. Senzor za jok bo znova vklopil svetlobo\\\/zvok, kadar koli bo va\u0161 mal\u010dek jokal.\",\"breadcrumb\":{\"@id\":\"https:\\\/\\\/ajatutaja.com\\\/hr\\\/proizvod\\\/nocna-lucka-z-melodijami-in-vzorcem-dihanja-zazu-sloncica-emmy\\\/#breadcrumb\"},\"inLanguage\":\"hr\",\"potentialAction\":[{\"@type\":\"ReadAction\",\"target\":[\"https:\\\/\\\/ajatutaja.com\\\/hr\\\/proizvod\\\/nocna-lucka-z-melodijami-in-vzorcem-dihanja-zazu-sloncica-emmy\\\/\"]}]},{\"@type\":\"ImageObject\",\"inLanguage\":\"hr\",\"@id\":\"https:\\\/\\\/ajatutaja.com\\\/hr\\\/proizvod\\\/nocna-lucka-z-melodijami-in-vzorcem-dihanja-zazu-sloncica-emmy\\\/#primaryimage\",\"url\":\"https:\\\/\\\/ajatutaja.com\\\/wp-content\\\/uploads\\\/2023\\\/11\\\/Nocna-lucka-z-vzorcem-dihanja-Sloncica-Emmy-ajautaja-1.jpg\",\"contentUrl\":\"https:\\\/\\\/ajatutaja.com\\\/wp-content\\\/uploads\\\/2023\\\/11\\\/Nocna-lucka-z-vzorcem-dihanja-Sloncica-Emmy-ajautaja-1.jpg\",\"width\":1000,\"height\":1000},{\"@type\":\"BreadcrumbList\",\"@id\":\"https:\\\/\\\/ajatutaja.com\\\/hr\\\/proizvod\\\/nocna-lucka-z-melodijami-in-vzorcem-dihanja-zazu-sloncica-emmy\\\/#breadcrumb\",\"itemListElement\":[{\"@type\":\"ListItem\",\"position\":1,\"name\":\"Home\",\"item\":\"https:\\\/\\\/ajatutaja.com\\\/hr\\\/\"},{\"@type\":\"ListItem\",\"position\":2,\"name\":\"Trgovina\",\"item\":\"https:\\\/\\\/ajatutaja.com\\\/hr\\\/trgovina\\\/\"},{\"@type\":\"ListItem\",\"position\":3,\"name\":\"No\u010dna lu\u010dka z melodijami in vzorcem dihanja ZAZU &#8211; Slon\u010dica Emmy\"}]},{\"@type\":\"WebSite\",\"@id\":\"https:\\\/\\\/ajatutaja.com\\\/#website\",\"url\":\"https:\\\/\\\/ajatutaja.com\\\/\",\"name\":\"Ajatutaja\",\"description\":\"Otro\u0161ka spletna trgovina AJATUTAJA\",\"publisher\":{\"@id\":\"https:\\\/\\\/ajatutaja.com\\\/#organization\"},\"potentialAction\":[{\"@type\":\"SearchAction\",\"target\":{\"@type\":\"EntryPoint\",\"urlTemplate\":\"https:\\\/\\\/ajatutaja.com\\\/?s={search_term_string}\"},\"query-input\":{\"@type\":\"PropertyValueSpecification\",\"valueRequired\":true,\"valueName\":\"search_term_string\"}}],\"inLanguage\":\"hr\"},{\"@type\":\"Organization\",\"@id\":\"https:\\\/\\\/ajatutaja.com\\\/#organization\",\"name\":\"Ajatutaja\",\"url\":\"https:\\\/\\\/ajatutaja.com\\\/\",\"logo\":{\"@type\":\"ImageObject\",\"inLanguage\":\"hr\",\"@id\":\"https:\\\/\\\/ajatutaja.com\\\/#\\\/schema\\\/logo\\\/image\\\/\",\"url\":\"https:\\\/\\\/ajatutaja.com\\\/wp-content\\\/uploads\\\/2021\\\/10\\\/logo.png\",\"contentUrl\":\"https:\\\/\\\/ajatutaja.com\\\/wp-content\\\/uploads\\\/2021\\\/10\\\/logo.png\",\"width\":555,\"height\":150,\"caption\":\"Ajatutaja\"},\"image\":{\"@id\":\"https:\\\/\\\/ajatutaja.com\\\/#\\\/schema\\\/logo\\\/image\\\/\"}}]}<\/script>\n<!-- \/ Yoast SEO plugin. -->","yoast_head_json":{"title":"No\u010dna lu\u010dka z melodijami in vzorcem dihanja ZAZU - Slon\u010dica Emmy | Ajatutaja","description":"Slon\u010dica Emmy lahko va\u0161emu mal\u010dku pomaga zaspati s svojo edinstveno tehniko dihanja, zvo\u010dno napravo in pomirjujo\u010do no\u010dno lu\u010dko. Senzor za jok bo znova vklopil svetlobo\/zvok, kadar koli bo va\u0161 mal\u010dek jokal.","robots":{"index":"index","follow":"follow","max-snippet":"max-snippet:-1","max-image-preview":"max-image-preview:large","max-video-preview":"max-video-preview:-1"},"canonical":"https:\/\/ajatutaja.com\/hr\/proizvod\/nocna-lucka-z-melodijami-in-vzorcem-dihanja-zazu-sloncica-emmy\/","og_locale":"hr_HR","og_type":"article","og_title":"No\u010dna lu\u010dka z melodijami in vzorcem dihanja ZAZU - Slon\u010dica Emmy | Ajatutaja","og_description":"Slon\u010dica Emmy lahko va\u0161emu mal\u010dku pomaga zaspati s svojo edinstveno tehniko dihanja, zvo\u010dno napravo in pomirjujo\u010do no\u010dno lu\u010dko. Senzor za jok bo znova vklopil svetlobo\/zvok, kadar koli bo va\u0161 mal\u010dek jokal.","og_url":"https:\/\/ajatutaja.com\/hr\/proizvod\/nocna-lucka-z-melodijami-in-vzorcem-dihanja-zazu-sloncica-emmy\/","og_site_name":"Ajatutaja","article_modified_time":"2026-03-04T11:40:07+00:00","og_image":[{"width":1000,"height":1000,"url":"https:\/\/ajatutaja.com\/wp-content\/uploads\/2023\/11\/Nocna-lucka-z-vzorcem-dihanja-Sloncica-Emmy-ajautaja-1.jpg","type":"image\/jpeg"}],"twitter_card":"summary_large_image","twitter_misc":{"Procijenjeno vrijeme \u010ditanja":"2 minute"},"schema":{"@context":"https:\/\/schema.org","@graph":[{"@type":"WebPage","@id":"https:\/\/ajatutaja.com\/hr\/proizvod\/nocna-lucka-z-melodijami-in-vzorcem-dihanja-zazu-sloncica-emmy\/","url":"https:\/\/ajatutaja.com\/hr\/proizvod\/nocna-lucka-z-melodijami-in-vzorcem-dihanja-zazu-sloncica-emmy\/","name":"No\u010dna lu\u010dka z melodijami in vzorcem dihanja ZAZU - Slon\u010dica Emmy | Ajatutaja","isPartOf":{"@id":"https:\/\/ajatutaja.com\/#website"},"primaryImageOfPage":{"@id":"https:\/\/ajatutaja.com\/hr\/proizvod\/nocna-lucka-z-melodijami-in-vzorcem-dihanja-zazu-sloncica-emmy\/#primaryimage"},"image":{"@id":"https:\/\/ajatutaja.com\/hr\/proizvod\/nocna-lucka-z-melodijami-in-vzorcem-dihanja-zazu-sloncica-emmy\/#primaryimage"},"thumbnailUrl":"https:\/\/ajatutaja.com\/wp-content\/uploads\/2023\/11\/Nocna-lucka-z-vzorcem-dihanja-Sloncica-Emmy-ajautaja-1.jpg","datePublished":"2023-11-30T13:31:59+00:00","dateModified":"2026-03-04T11:40:07+00:00","description":"Slon\u010dica Emmy lahko va\u0161emu mal\u010dku pomaga zaspati s svojo edinstveno tehniko dihanja, zvo\u010dno napravo in pomirjujo\u010do no\u010dno lu\u010dko. Senzor za jok bo znova vklopil svetlobo\/zvok, kadar koli bo va\u0161 mal\u010dek jokal.","breadcrumb":{"@id":"https:\/\/ajatutaja.com\/hr\/proizvod\/nocna-lucka-z-melodijami-in-vzorcem-dihanja-zazu-sloncica-emmy\/#breadcrumb"},"inLanguage":"hr","potentialAction":[{"@type":"ReadAction","target":["https:\/\/ajatutaja.com\/hr\/proizvod\/nocna-lucka-z-melodijami-in-vzorcem-dihanja-zazu-sloncica-emmy\/"]}]},{"@type":"ImageObject","inLanguage":"hr","@id":"https:\/\/ajatutaja.com\/hr\/proizvod\/nocna-lucka-z-melodijami-in-vzorcem-dihanja-zazu-sloncica-emmy\/#primaryimage","url":"https:\/\/ajatutaja.com\/wp-content\/uploads\/2023\/11\/Nocna-lucka-z-vzorcem-dihanja-Sloncica-Emmy-ajautaja-1.jpg","contentUrl":"https:\/\/ajatutaja.com\/wp-content\/uploads\/2023\/11\/Nocna-lucka-z-vzorcem-dihanja-Sloncica-Emmy-ajautaja-1.jpg","width":1000,"height":1000},{"@type":"BreadcrumbList","@id":"https:\/\/ajatutaja.com\/hr\/proizvod\/nocna-lucka-z-melodijami-in-vzorcem-dihanja-zazu-sloncica-emmy\/#breadcrumb","itemListElement":[{"@type":"ListItem","position":1,"name":"Home","item":"https:\/\/ajatutaja.com\/hr\/"},{"@type":"ListItem","position":2,"name":"Trgovina","item":"https:\/\/ajatutaja.com\/hr\/trgovina\/"},{"@type":"ListItem","position":3,"name":"No\u010dna lu\u010dka z melodijami in vzorcem dihanja ZAZU &#8211; Slon\u010dica Emmy"}]},{"@type":"WebSite","@id":"https:\/\/ajatutaja.com\/#website","url":"https:\/\/ajatutaja.com\/","name":"Ajatutaja","description":"Otro\u0161ka spletna trgovina AJATUTAJA","publisher":{"@id":"https:\/\/ajatutaja.com\/#organization"},"potentialAction":[{"@type":"SearchAction","target":{"@type":"EntryPoint","urlTemplate":"https:\/\/ajatutaja.com\/?s={search_term_string}"},"query-input":{"@type":"PropertyValueSpecification","valueRequired":true,"valueName":"search_term_string"}}],"inLanguage":"hr"},{"@type":"Organization","@id":"https:\/\/ajatutaja.com\/#organization","name":"Ajatutaja","url":"https:\/\/ajatutaja.com\/","logo":{"@type":"ImageObject","inLanguage":"hr","@id":"https:\/\/ajatutaja.com\/#\/schema\/logo\/image\/","url":"https:\/\/ajatutaja.com\/wp-content\/uploads\/2021\/10\/logo.png","contentUrl":"https:\/\/ajatutaja.com\/wp-content\/uploads\/2021\/10\/logo.png","width":555,"height":150,"caption":"Ajatutaja"},"image":{"@id":"https:\/\/ajatutaja.com\/#\/schema\/logo\/image\/"}}]}},"brands":[{"id":2452,"name":"Igranje","slug":"igranje"},{"id":2611,"name":"Spanje","slug":"spanje"},{"id":2641,"name":"Zazu","slug":"zazu"},{"id":5010,"name":"Zazu","slug":"zazu-igranje"}],"_links":{"self":[{"href":"https:\/\/ajatutaja.com\/hr\/wp-json\/wp\/v2\/product\/54594","targetHints":{"allow":["GET"]}}],"collection":[{"href":"https:\/\/ajatutaja.com\/hr\/wp-json\/wp\/v2\/product"}],"about":[{"href":"https:\/\/ajatutaja.com\/hr\/wp-json\/wp\/v2\/types\/product"}],"wp:featuredmedia":[{"embeddable":true,"href":"https:\/\/ajatutaja.com\/hr\/wp-json\/wp\/v2\/media\/54595"}],"wp:attachment":[{"href":"https:\/\/ajatutaja.com\/hr\/wp-json\/wp\/v2\/media?parent=54594"}],"wp:term":[{"taxonomy":"pwb-brand","embeddable":true,"href":"https:\/\/ajatutaja.com\/hr\/wp-json\/wp\/v2\/pwb-brand?post=54594"},{"taxonomy":"product_brand","embeddable":true,"href":"https:\/\/ajatutaja.com\/hr\/wp-json\/wp\/v2\/product_brand?post=54594"},{"taxonomy":"product_cat","embeddable":true,"href":"https:\/\/ajatutaja.com\/hr\/wp-json\/wp\/v2\/product_cat?post=54594"},{"taxonomy":"product_tag","embeddable":true,"href":"https:\/\/ajatutaja.com\/hr\/wp-json\/wp\/v2\/product_tag?post=54594"}],"curies":[{"name":"wp","href":"https:\/\/api.w.org\/{rel}","templated":true}]}}