{"id":54585,"date":"2023-11-30T13:42:00","date_gmt":"2023-11-30T12:42:00","guid":{"rendered":"https:\/\/ajatutaja.com\/?post_type=product&#038;p=54585"},"modified":"2026-03-04T19:44:38","modified_gmt":"2026-03-04T18:44:38","slug":"mehka-glasbena-igraca-peek-a-boo-zazu-kuza-danny","status":"publish","type":"product","link":"https:\/\/ajatutaja.com\/hr\/proizvod\/mehka-glasbena-igraca-peek-a-boo-zazu-kuza-danny\/","title":{"rendered":"Mehka glasbena igra\u010da Peek-a-boo Zazu &#8211; Ku\u017ea Danny"},"content":{"rendered":"<p>[vc_row][vc_column][vc_column_text]<\/p>\n<h3>Lastnosti glasbene igra\u010de Ku\u017ea Danny:<\/h3>\n<ul>\n<li>Mehka pli\u0161asta igra\u010dka v\u00a0obliki prisr\u010dnega ku\u017eka po imenu Danny bo navdu\u0161ila va\u0161ega mal\u010dka.<\/li>\n<li>\u010ce pritisnete njegovo levo ta\u010dko, bo Danny zapel pesmico in zraven po ritmu migal z\u00a0u\u0161eski.<\/li>\n<li>\u010ce pritisnete njegovo desno ta\u010dko, se bo Danny za\u010del igrati igro Peek A Boo (Skrivalnica Ku-Ku).<\/li>\n<li>Za delovanje potrebuje 3\u00a0AA baterije, ki niso prilo\u017eene v\u00a0pakiranju.<\/li>\n<li>Dimenzije: 30cm x 16cm x 16cm.<\/li>\n<li>Priporo\u010deno za otroke od 0m+<\/li>\n<\/ul>\n<p><strong>Opozorilo:<\/strong> <em>Uporaba izdelka zahteva nadzor odrasle\u00a0osebe.<\/em><\/p>\n<p><strong>Igra\u010da predvaja pesmice v angle\u0161kem jeziku:<\/strong><\/p>\n<div><em>Do your ears hang low?<\/em><\/div>\n<div><em>Do they wobble to and fro?<\/em><\/div>\n<div><em>Can you tie \u2019em in a knot?<\/em><\/div>\n<div><em>Can you tie \u2019em in a bow?<\/em><\/div>\n<div><em>Can you throw \u2019em over your shoulder<\/em><\/div>\n<div><em>Like a continental (regimental) soldier<\/em><\/div>\n<div><em>Do your ears hang low?<\/em><\/div>\n<p>[\/vc_column_text][\/vc_column][\/vc_row]<\/p>\n","protected":false},"excerpt":{"rendered":"<p>Ku\u017ea Danny je prikupen kosmat prijatelj\u010dek z velikimi u\u0161esi, k s svojo navihanostjo spodbudi mal\u010dke, da se z njim igrajo, se skrivajo, ponavljajo gibe, prepevajo in se zabavajo. Ta igra\u010da spodbuja otrokovo radovednost, govorno aktivnost in ob\u010dutek za ritem.<\/p>\n","protected":false},"featured_media":54587,"template":"","meta":[],"pwb-brand":[2452,5010],"product_brand":[],"product_cat":[3986,2441,5072,2717,2711,2362,3985,2442],"product_tag":[5009],"class_list":{"0":"post-54585","1":"product","2":"type-product","3":"status-publish","4":"has-post-thumbnail","6":"pwb-brand-igranje","7":"pwb-brand-zazu-igranje","8":"product_cat-novorojencek-igrace","9":"product_cat-aktivnostne-igrace","10":"product_cat-bozicna-darila","11":"product_cat-darilo-do-50e","12":"product_cat-darilo-ob-rojstvu","13":"product_cat-igranje","14":"product_cat-po-starosti","15":"product_cat-senzoricne-igrace","16":"product_tag-zazu","18":"first","19":"instock","20":"taxable","21":"shipping-taxable","22":"purchasable","23":"product-type-simple","24":"add-to-wishlist-before_image"},"yoast_head":"<!-- This site is optimized with the Yoast SEO plugin v27.3 - https:\/\/yoast.com\/product\/yoast-seo-wordpress\/ -->\n<title>Mehka glasbena igra\u010da Peek-a-boo Zazu - Ku\u017ea Danny | Ajatutaja<\/title>\n<meta name=\"description\" content=\"Ku\u017ea Danny je prikupen kosmat prijatelj\u010dek z velikimi u\u0161esi, k s svojo navihanostjo spodbudi mal\u010dke, da se z njim igrajo, se skrivajo, ponavljajo gibe, prepevajo in se zabavajo.\" \/>\n<meta name=\"robots\" content=\"index, follow, max-snippet:-1, max-image-preview:large, max-video-preview:-1\" \/>\n<link rel=\"canonical\" href=\"https:\/\/ajatutaja.com\/izdelek\/mehka-glasbena-igraca-peek-a-boo-zazu-kuza-danny\/\" \/>\n<meta property=\"og:locale\" content=\"hr_HR\" \/>\n<meta property=\"og:type\" content=\"article\" \/>\n<meta property=\"og:title\" content=\"Mehka glasbena igra\u010da Peek-a-boo Zazu - Ku\u017ea Danny | Ajatutaja\" \/>\n<meta property=\"og:description\" content=\"Ku\u017ea Danny je prikupen kosmat prijatelj\u010dek z velikimi u\u0161esi, k s svojo navihanostjo spodbudi mal\u010dke, da se z njim igrajo, se skrivajo, ponavljajo gibe, prepevajo in se zabavajo.\" \/>\n<meta property=\"og:url\" content=\"https:\/\/ajatutaja.com\/izdelek\/mehka-glasbena-igraca-peek-a-boo-zazu-kuza-danny\/\" \/>\n<meta property=\"og:site_name\" content=\"Ajatutaja\" \/>\n<meta property=\"article:modified_time\" content=\"2026-03-04T18:44:38+00:00\" \/>\n<meta property=\"og:image\" content=\"https:\/\/ajatutaja.com\/wp-content\/uploads\/2023\/11\/Mehka-Peek-A-Boo-igracka-kuza-Danny-ajatutaja-0.jpg\" \/>\n\t<meta property=\"og:image:width\" content=\"550\" \/>\n\t<meta property=\"og:image:height\" content=\"550\" \/>\n\t<meta property=\"og:image:type\" content=\"image\/jpeg\" \/>\n<meta name=\"twitter:card\" content=\"summary_large_image\" \/>\n<meta name=\"twitter:label1\" content=\"Procijenjeno vrijeme \u010ditanja\" \/>\n\t<meta name=\"twitter:data1\" content=\"2 minute\" \/>\n<script type=\"application\/ld+json\" class=\"yoast-schema-graph\">{\"@context\":\"https:\\\/\\\/schema.org\",\"@graph\":[{\"@type\":\"WebPage\",\"@id\":\"https:\\\/\\\/ajatutaja.com\\\/izdelek\\\/mehka-glasbena-igraca-peek-a-boo-zazu-kuza-danny\\\/\",\"url\":\"https:\\\/\\\/ajatutaja.com\\\/izdelek\\\/mehka-glasbena-igraca-peek-a-boo-zazu-kuza-danny\\\/\",\"name\":\"Mehka glasbena igra\u010da Peek-a-boo Zazu - Ku\u017ea Danny | Ajatutaja\",\"isPartOf\":{\"@id\":\"https:\\\/\\\/ajatutaja.com\\\/#website\"},\"primaryImageOfPage\":{\"@id\":\"https:\\\/\\\/ajatutaja.com\\\/izdelek\\\/mehka-glasbena-igraca-peek-a-boo-zazu-kuza-danny\\\/#primaryimage\"},\"image\":{\"@id\":\"https:\\\/\\\/ajatutaja.com\\\/izdelek\\\/mehka-glasbena-igraca-peek-a-boo-zazu-kuza-danny\\\/#primaryimage\"},\"thumbnailUrl\":\"https:\\\/\\\/ajatutaja.com\\\/wp-content\\\/uploads\\\/2023\\\/11\\\/Mehka-Peek-A-Boo-igracka-kuza-Danny-ajatutaja-0.jpg\",\"datePublished\":\"2023-11-30T12:42:00+00:00\",\"dateModified\":\"2026-03-04T18:44:38+00:00\",\"description\":\"Ku\u017ea Danny je prikupen kosmat prijatelj\u010dek z velikimi u\u0161esi, k s svojo navihanostjo spodbudi mal\u010dke, da se z njim igrajo, se skrivajo, ponavljajo gibe, prepevajo in se zabavajo.\",\"breadcrumb\":{\"@id\":\"https:\\\/\\\/ajatutaja.com\\\/izdelek\\\/mehka-glasbena-igraca-peek-a-boo-zazu-kuza-danny\\\/#breadcrumb\"},\"inLanguage\":\"hr\",\"potentialAction\":[{\"@type\":\"ReadAction\",\"target\":[\"https:\\\/\\\/ajatutaja.com\\\/izdelek\\\/mehka-glasbena-igraca-peek-a-boo-zazu-kuza-danny\\\/\"]}]},{\"@type\":\"ImageObject\",\"inLanguage\":\"hr\",\"@id\":\"https:\\\/\\\/ajatutaja.com\\\/izdelek\\\/mehka-glasbena-igraca-peek-a-boo-zazu-kuza-danny\\\/#primaryimage\",\"url\":\"https:\\\/\\\/ajatutaja.com\\\/wp-content\\\/uploads\\\/2023\\\/11\\\/Mehka-Peek-A-Boo-igracka-kuza-Danny-ajatutaja-0.jpg\",\"contentUrl\":\"https:\\\/\\\/ajatutaja.com\\\/wp-content\\\/uploads\\\/2023\\\/11\\\/Mehka-Peek-A-Boo-igracka-kuza-Danny-ajatutaja-0.jpg\",\"width\":550,\"height\":550},{\"@type\":\"BreadcrumbList\",\"@id\":\"https:\\\/\\\/ajatutaja.com\\\/izdelek\\\/mehka-glasbena-igraca-peek-a-boo-zazu-kuza-danny\\\/#breadcrumb\",\"itemListElement\":[{\"@type\":\"ListItem\",\"position\":1,\"name\":\"Home\",\"item\":\"https:\\\/\\\/ajatutaja.com\\\/hr\\\/\"},{\"@type\":\"ListItem\",\"position\":2,\"name\":\"Trgovina\",\"item\":\"https:\\\/\\\/ajatutaja.com\\\/hr\\\/trgovina\\\/\"},{\"@type\":\"ListItem\",\"position\":3,\"name\":\"Mehka glasbena igra\u010da Peek-a-boo Zazu &#8211; Ku\u017ea Danny\"}]},{\"@type\":\"WebSite\",\"@id\":\"https:\\\/\\\/ajatutaja.com\\\/#website\",\"url\":\"https:\\\/\\\/ajatutaja.com\\\/\",\"name\":\"Ajatutaja\",\"description\":\"Otro\u0161ka spletna trgovina AJATUTAJA\",\"publisher\":{\"@id\":\"https:\\\/\\\/ajatutaja.com\\\/#organization\"},\"potentialAction\":[{\"@type\":\"SearchAction\",\"target\":{\"@type\":\"EntryPoint\",\"urlTemplate\":\"https:\\\/\\\/ajatutaja.com\\\/?s={search_term_string}\"},\"query-input\":{\"@type\":\"PropertyValueSpecification\",\"valueRequired\":true,\"valueName\":\"search_term_string\"}}],\"inLanguage\":\"hr\"},{\"@type\":\"Organization\",\"@id\":\"https:\\\/\\\/ajatutaja.com\\\/#organization\",\"name\":\"Ajatutaja\",\"url\":\"https:\\\/\\\/ajatutaja.com\\\/\",\"logo\":{\"@type\":\"ImageObject\",\"inLanguage\":\"hr\",\"@id\":\"https:\\\/\\\/ajatutaja.com\\\/#\\\/schema\\\/logo\\\/image\\\/\",\"url\":\"https:\\\/\\\/ajatutaja.com\\\/wp-content\\\/uploads\\\/2021\\\/10\\\/logo.png\",\"contentUrl\":\"https:\\\/\\\/ajatutaja.com\\\/wp-content\\\/uploads\\\/2021\\\/10\\\/logo.png\",\"width\":555,\"height\":150,\"caption\":\"Ajatutaja\"},\"image\":{\"@id\":\"https:\\\/\\\/ajatutaja.com\\\/#\\\/schema\\\/logo\\\/image\\\/\"}}]}<\/script>\n<!-- \/ Yoast SEO plugin. -->","yoast_head_json":{"title":"Mehka glasbena igra\u010da Peek-a-boo Zazu - Ku\u017ea Danny | Ajatutaja","description":"Ku\u017ea Danny je prikupen kosmat prijatelj\u010dek z velikimi u\u0161esi, k s svojo navihanostjo spodbudi mal\u010dke, da se z njim igrajo, se skrivajo, ponavljajo gibe, prepevajo in se zabavajo.","robots":{"index":"index","follow":"follow","max-snippet":"max-snippet:-1","max-image-preview":"max-image-preview:large","max-video-preview":"max-video-preview:-1"},"canonical":"https:\/\/ajatutaja.com\/izdelek\/mehka-glasbena-igraca-peek-a-boo-zazu-kuza-danny\/","og_locale":"hr_HR","og_type":"article","og_title":"Mehka glasbena igra\u010da Peek-a-boo Zazu - Ku\u017ea Danny | Ajatutaja","og_description":"Ku\u017ea Danny je prikupen kosmat prijatelj\u010dek z velikimi u\u0161esi, k s svojo navihanostjo spodbudi mal\u010dke, da se z njim igrajo, se skrivajo, ponavljajo gibe, prepevajo in se zabavajo.","og_url":"https:\/\/ajatutaja.com\/izdelek\/mehka-glasbena-igraca-peek-a-boo-zazu-kuza-danny\/","og_site_name":"Ajatutaja","article_modified_time":"2026-03-04T18:44:38+00:00","og_image":[{"width":550,"height":550,"url":"https:\/\/ajatutaja.com\/wp-content\/uploads\/2023\/11\/Mehka-Peek-A-Boo-igracka-kuza-Danny-ajatutaja-0.jpg","type":"image\/jpeg"}],"twitter_card":"summary_large_image","twitter_misc":{"Procijenjeno vrijeme \u010ditanja":"2 minute"},"schema":{"@context":"https:\/\/schema.org","@graph":[{"@type":"WebPage","@id":"https:\/\/ajatutaja.com\/izdelek\/mehka-glasbena-igraca-peek-a-boo-zazu-kuza-danny\/","url":"https:\/\/ajatutaja.com\/izdelek\/mehka-glasbena-igraca-peek-a-boo-zazu-kuza-danny\/","name":"Mehka glasbena igra\u010da Peek-a-boo Zazu - Ku\u017ea Danny | Ajatutaja","isPartOf":{"@id":"https:\/\/ajatutaja.com\/#website"},"primaryImageOfPage":{"@id":"https:\/\/ajatutaja.com\/izdelek\/mehka-glasbena-igraca-peek-a-boo-zazu-kuza-danny\/#primaryimage"},"image":{"@id":"https:\/\/ajatutaja.com\/izdelek\/mehka-glasbena-igraca-peek-a-boo-zazu-kuza-danny\/#primaryimage"},"thumbnailUrl":"https:\/\/ajatutaja.com\/wp-content\/uploads\/2023\/11\/Mehka-Peek-A-Boo-igracka-kuza-Danny-ajatutaja-0.jpg","datePublished":"2023-11-30T12:42:00+00:00","dateModified":"2026-03-04T18:44:38+00:00","description":"Ku\u017ea Danny je prikupen kosmat prijatelj\u010dek z velikimi u\u0161esi, k s svojo navihanostjo spodbudi mal\u010dke, da se z njim igrajo, se skrivajo, ponavljajo gibe, prepevajo in se zabavajo.","breadcrumb":{"@id":"https:\/\/ajatutaja.com\/izdelek\/mehka-glasbena-igraca-peek-a-boo-zazu-kuza-danny\/#breadcrumb"},"inLanguage":"hr","potentialAction":[{"@type":"ReadAction","target":["https:\/\/ajatutaja.com\/izdelek\/mehka-glasbena-igraca-peek-a-boo-zazu-kuza-danny\/"]}]},{"@type":"ImageObject","inLanguage":"hr","@id":"https:\/\/ajatutaja.com\/izdelek\/mehka-glasbena-igraca-peek-a-boo-zazu-kuza-danny\/#primaryimage","url":"https:\/\/ajatutaja.com\/wp-content\/uploads\/2023\/11\/Mehka-Peek-A-Boo-igracka-kuza-Danny-ajatutaja-0.jpg","contentUrl":"https:\/\/ajatutaja.com\/wp-content\/uploads\/2023\/11\/Mehka-Peek-A-Boo-igracka-kuza-Danny-ajatutaja-0.jpg","width":550,"height":550},{"@type":"BreadcrumbList","@id":"https:\/\/ajatutaja.com\/izdelek\/mehka-glasbena-igraca-peek-a-boo-zazu-kuza-danny\/#breadcrumb","itemListElement":[{"@type":"ListItem","position":1,"name":"Home","item":"https:\/\/ajatutaja.com\/hr\/"},{"@type":"ListItem","position":2,"name":"Trgovina","item":"https:\/\/ajatutaja.com\/hr\/trgovina\/"},{"@type":"ListItem","position":3,"name":"Mehka glasbena igra\u010da Peek-a-boo Zazu &#8211; Ku\u017ea Danny"}]},{"@type":"WebSite","@id":"https:\/\/ajatutaja.com\/#website","url":"https:\/\/ajatutaja.com\/","name":"Ajatutaja","description":"Otro\u0161ka spletna trgovina AJATUTAJA","publisher":{"@id":"https:\/\/ajatutaja.com\/#organization"},"potentialAction":[{"@type":"SearchAction","target":{"@type":"EntryPoint","urlTemplate":"https:\/\/ajatutaja.com\/?s={search_term_string}"},"query-input":{"@type":"PropertyValueSpecification","valueRequired":true,"valueName":"search_term_string"}}],"inLanguage":"hr"},{"@type":"Organization","@id":"https:\/\/ajatutaja.com\/#organization","name":"Ajatutaja","url":"https:\/\/ajatutaja.com\/","logo":{"@type":"ImageObject","inLanguage":"hr","@id":"https:\/\/ajatutaja.com\/#\/schema\/logo\/image\/","url":"https:\/\/ajatutaja.com\/wp-content\/uploads\/2021\/10\/logo.png","contentUrl":"https:\/\/ajatutaja.com\/wp-content\/uploads\/2021\/10\/logo.png","width":555,"height":150,"caption":"Ajatutaja"},"image":{"@id":"https:\/\/ajatutaja.com\/#\/schema\/logo\/image\/"}}]}},"brands":[{"id":2452,"name":"Igranje","slug":"igranje"},{"id":5010,"name":"Zazu","slug":"zazu-igranje"}],"_links":{"self":[{"href":"https:\/\/ajatutaja.com\/hr\/wp-json\/wp\/v2\/product\/54585","targetHints":{"allow":["GET"]}}],"collection":[{"href":"https:\/\/ajatutaja.com\/hr\/wp-json\/wp\/v2\/product"}],"about":[{"href":"https:\/\/ajatutaja.com\/hr\/wp-json\/wp\/v2\/types\/product"}],"wp:featuredmedia":[{"embeddable":true,"href":"https:\/\/ajatutaja.com\/hr\/wp-json\/wp\/v2\/media\/54587"}],"wp:attachment":[{"href":"https:\/\/ajatutaja.com\/hr\/wp-json\/wp\/v2\/media?parent=54585"}],"wp:term":[{"taxonomy":"pwb-brand","embeddable":true,"href":"https:\/\/ajatutaja.com\/hr\/wp-json\/wp\/v2\/pwb-brand?post=54585"},{"taxonomy":"product_brand","embeddable":true,"href":"https:\/\/ajatutaja.com\/hr\/wp-json\/wp\/v2\/product_brand?post=54585"},{"taxonomy":"product_cat","embeddable":true,"href":"https:\/\/ajatutaja.com\/hr\/wp-json\/wp\/v2\/product_cat?post=54585"},{"taxonomy":"product_tag","embeddable":true,"href":"https:\/\/ajatutaja.com\/hr\/wp-json\/wp\/v2\/product_tag?post=54585"}],"curies":[{"name":"wp","href":"https:\/\/api.w.org\/{rel}","templated":true}]}}