{"id":54368,"date":"2021-11-22T10:59:02","date_gmt":"2021-11-22T09:59:02","guid":{"rendered":"https:\/\/ajatutaja.com\/?post_type=product&#038;p=54368"},"modified":"2024-06-17T06:42:17","modified_gmt":"2024-06-17T04:42:17","slug":"rjave-hlace-za-nosecnice-ozkega-kroja","status":"publish","type":"product","link":"https:\/\/ajatutaja.com\/hr\/proizvod\/rjave-hlace-za-nosecnice-ozkega-kroja\/","title":{"rendered":"Rjave hla\u010de za nose\u010dnice ozkega kroja"},"content":{"rendered":"<p>[vc_row][vc_column][vc_column_text]\u010crne hla\u010de za nose\u010dnice so modnega videza in ozkega kroja. Lepo se prilegajo in so zelo elasti\u010dne in udobne. Hla\u010de imajo dva navidezna stranska \u017eepka spredaj in dva na\u0161ita \u017eepka zadaj.<\/p>\n<p>Surovinska sestava: 97%bomba\u017e; 3% elastan[\/vc_column_text][\/vc_column][\/vc_row]<\/p>\n","protected":false},"excerpt":{"rendered":"<p>Rjave nose\u010dni\u0161ke hla\u010de z izredno raztegljivim pasom so ozkega kroja hla\u010dnic so zelo elasti\u010dne in izredno udobne.\u00a0 Nepogre\u0161ljiv kos gardarobe za vsako nose\u010dnico, saj so uporabne tako za slu\u017ebo, kot za prosti \u010das.<\/p>\n","protected":false},"featured_media":54371,"template":"","meta":[],"pwb-brand":[2271,2267],"product_brand":[],"product_cat":[2251,2250,2742],"product_tag":[4099],"class_list":{"0":"post-54368","1":"product","2":"type-product","3":"status-publish","4":"has-post-thumbnail","6":"pwb-brand-mama-jeans","7":"pwb-brand-nosecnost","8":"product_cat-nosecniske-hlace","9":"product_cat-nosecnost","10":"product_cat-outlet","11":"product_tag-mama-jeans","13":"first","14":"instock","15":"sale","16":"taxable","17":"shipping-taxable","18":"purchasable","19":"product-type-variable","20":"add-to-wishlist-before_image"},"yoast_head":"<!-- This site is optimized with the Yoast SEO plugin v27.3 - https:\/\/yoast.com\/product\/yoast-seo-wordpress\/ -->\n<title>Rjave hla\u010de za nose\u010dnice ozkega kroja | Ajatutaja<\/title>\n<meta name=\"description\" content=\"Rjavle hla\u010de za nose\u010dnice so modnega videza in ozkega kroja. Lepo se prilegajo in so zelo elasti\u010dne in udobne.\u00a0Ne ti\u0161\u010dijo in ne ve\u017eejo.\" \/>\n<meta name=\"robots\" content=\"index, follow, max-snippet:-1, max-image-preview:large, max-video-preview:-1\" \/>\n<link rel=\"canonical\" href=\"https:\/\/ajatutaja.com\/izdelek\/rjave-hlace-za-nosecnice-ozkega-kroja\/\" \/>\n<meta property=\"og:locale\" content=\"hr_HR\" \/>\n<meta property=\"og:type\" content=\"article\" \/>\n<meta property=\"og:title\" content=\"Rjave hla\u010de za nose\u010dnice ozkega kroja | Ajatutaja\" \/>\n<meta property=\"og:description\" content=\"Rjavle hla\u010de za nose\u010dnice so modnega videza in ozkega kroja. Lepo se prilegajo in so zelo elasti\u010dne in udobne.\u00a0Ne ti\u0161\u010dijo in ne ve\u017eejo.\" \/>\n<meta property=\"og:url\" content=\"https:\/\/ajatutaja.com\/izdelek\/rjave-hlace-za-nosecnice-ozkega-kroja\/\" \/>\n<meta property=\"og:site_name\" content=\"Ajatutaja\" \/>\n<meta property=\"article:modified_time\" content=\"2024-06-17T04:42:17+00:00\" \/>\n<meta property=\"og:image\" content=\"https:\/\/ajatutaja.com\/wp-content\/uploads\/2023\/11\/Nosecniske-hlace-ozek-kroj-rjave-0.jpg\" \/>\n\t<meta property=\"og:image:width\" content=\"800\" \/>\n\t<meta property=\"og:image:height\" content=\"800\" \/>\n\t<meta property=\"og:image:type\" content=\"image\/jpeg\" \/>\n<meta name=\"twitter:card\" content=\"summary_large_image\" \/>\n<meta name=\"twitter:label1\" content=\"Procijenjeno vrijeme \u010ditanja\" \/>\n\t<meta name=\"twitter:data1\" content=\"1 minuta\" \/>\n<script type=\"application\/ld+json\" class=\"yoast-schema-graph\">{\"@context\":\"https:\\\/\\\/schema.org\",\"@graph\":[{\"@type\":\"WebPage\",\"@id\":\"https:\\\/\\\/ajatutaja.com\\\/izdelek\\\/rjave-hlace-za-nosecnice-ozkega-kroja\\\/\",\"url\":\"https:\\\/\\\/ajatutaja.com\\\/izdelek\\\/rjave-hlace-za-nosecnice-ozkega-kroja\\\/\",\"name\":\"Rjave hla\u010de za nose\u010dnice ozkega kroja | Ajatutaja\",\"isPartOf\":{\"@id\":\"https:\\\/\\\/ajatutaja.com\\\/#website\"},\"primaryImageOfPage\":{\"@id\":\"https:\\\/\\\/ajatutaja.com\\\/izdelek\\\/rjave-hlace-za-nosecnice-ozkega-kroja\\\/#primaryimage\"},\"image\":{\"@id\":\"https:\\\/\\\/ajatutaja.com\\\/izdelek\\\/rjave-hlace-za-nosecnice-ozkega-kroja\\\/#primaryimage\"},\"thumbnailUrl\":\"https:\\\/\\\/ajatutaja.com\\\/wp-content\\\/uploads\\\/2023\\\/11\\\/Nosecniske-hlace-ozek-kroj-rjave-0.jpg\",\"datePublished\":\"2021-11-22T09:59:02+00:00\",\"dateModified\":\"2024-06-17T04:42:17+00:00\",\"description\":\"Rjavle hla\u010de za nose\u010dnice so modnega videza in ozkega kroja. Lepo se prilegajo in so zelo elasti\u010dne in udobne.\u00a0Ne ti\u0161\u010dijo in ne ve\u017eejo.\",\"breadcrumb\":{\"@id\":\"https:\\\/\\\/ajatutaja.com\\\/izdelek\\\/rjave-hlace-za-nosecnice-ozkega-kroja\\\/#breadcrumb\"},\"inLanguage\":\"hr\",\"potentialAction\":[{\"@type\":\"ReadAction\",\"target\":[\"https:\\\/\\\/ajatutaja.com\\\/izdelek\\\/rjave-hlace-za-nosecnice-ozkega-kroja\\\/\"]}]},{\"@type\":\"ImageObject\",\"inLanguage\":\"hr\",\"@id\":\"https:\\\/\\\/ajatutaja.com\\\/izdelek\\\/rjave-hlace-za-nosecnice-ozkega-kroja\\\/#primaryimage\",\"url\":\"https:\\\/\\\/ajatutaja.com\\\/wp-content\\\/uploads\\\/2023\\\/11\\\/Nosecniske-hlace-ozek-kroj-rjave-0.jpg\",\"contentUrl\":\"https:\\\/\\\/ajatutaja.com\\\/wp-content\\\/uploads\\\/2023\\\/11\\\/Nosecniske-hlace-ozek-kroj-rjave-0.jpg\",\"width\":800,\"height\":800},{\"@type\":\"BreadcrumbList\",\"@id\":\"https:\\\/\\\/ajatutaja.com\\\/izdelek\\\/rjave-hlace-za-nosecnice-ozkega-kroja\\\/#breadcrumb\",\"itemListElement\":[{\"@type\":\"ListItem\",\"position\":1,\"name\":\"Home\",\"item\":\"https:\\\/\\\/ajatutaja.com\\\/hr\\\/\"},{\"@type\":\"ListItem\",\"position\":2,\"name\":\"Trgovina\",\"item\":\"https:\\\/\\\/ajatutaja.com\\\/hr\\\/trgovina\\\/\"},{\"@type\":\"ListItem\",\"position\":3,\"name\":\"Rjave hla\u010de za nose\u010dnice ozkega kroja\"}]},{\"@type\":\"WebSite\",\"@id\":\"https:\\\/\\\/ajatutaja.com\\\/#website\",\"url\":\"https:\\\/\\\/ajatutaja.com\\\/\",\"name\":\"Ajatutaja\",\"description\":\"Otro\u0161ka spletna trgovina AJATUTAJA\",\"publisher\":{\"@id\":\"https:\\\/\\\/ajatutaja.com\\\/#organization\"},\"potentialAction\":[{\"@type\":\"SearchAction\",\"target\":{\"@type\":\"EntryPoint\",\"urlTemplate\":\"https:\\\/\\\/ajatutaja.com\\\/?s={search_term_string}\"},\"query-input\":{\"@type\":\"PropertyValueSpecification\",\"valueRequired\":true,\"valueName\":\"search_term_string\"}}],\"inLanguage\":\"hr\"},{\"@type\":\"Organization\",\"@id\":\"https:\\\/\\\/ajatutaja.com\\\/#organization\",\"name\":\"Ajatutaja\",\"url\":\"https:\\\/\\\/ajatutaja.com\\\/\",\"logo\":{\"@type\":\"ImageObject\",\"inLanguage\":\"hr\",\"@id\":\"https:\\\/\\\/ajatutaja.com\\\/#\\\/schema\\\/logo\\\/image\\\/\",\"url\":\"https:\\\/\\\/ajatutaja.com\\\/wp-content\\\/uploads\\\/2021\\\/10\\\/logo.png\",\"contentUrl\":\"https:\\\/\\\/ajatutaja.com\\\/wp-content\\\/uploads\\\/2021\\\/10\\\/logo.png\",\"width\":555,\"height\":150,\"caption\":\"Ajatutaja\"},\"image\":{\"@id\":\"https:\\\/\\\/ajatutaja.com\\\/#\\\/schema\\\/logo\\\/image\\\/\"}}]}<\/script>\n<!-- \/ Yoast SEO plugin. -->","yoast_head_json":{"title":"Rjave hla\u010de za nose\u010dnice ozkega kroja | Ajatutaja","description":"Rjavle hla\u010de za nose\u010dnice so modnega videza in ozkega kroja. Lepo se prilegajo in so zelo elasti\u010dne in udobne.\u00a0Ne ti\u0161\u010dijo in ne ve\u017eejo.","robots":{"index":"index","follow":"follow","max-snippet":"max-snippet:-1","max-image-preview":"max-image-preview:large","max-video-preview":"max-video-preview:-1"},"canonical":"https:\/\/ajatutaja.com\/izdelek\/rjave-hlace-za-nosecnice-ozkega-kroja\/","og_locale":"hr_HR","og_type":"article","og_title":"Rjave hla\u010de za nose\u010dnice ozkega kroja | Ajatutaja","og_description":"Rjavle hla\u010de za nose\u010dnice so modnega videza in ozkega kroja. Lepo se prilegajo in so zelo elasti\u010dne in udobne.\u00a0Ne ti\u0161\u010dijo in ne ve\u017eejo.","og_url":"https:\/\/ajatutaja.com\/izdelek\/rjave-hlace-za-nosecnice-ozkega-kroja\/","og_site_name":"Ajatutaja","article_modified_time":"2024-06-17T04:42:17+00:00","og_image":[{"width":800,"height":800,"url":"https:\/\/ajatutaja.com\/wp-content\/uploads\/2023\/11\/Nosecniske-hlace-ozek-kroj-rjave-0.jpg","type":"image\/jpeg"}],"twitter_card":"summary_large_image","twitter_misc":{"Procijenjeno vrijeme \u010ditanja":"1 minuta"},"schema":{"@context":"https:\/\/schema.org","@graph":[{"@type":"WebPage","@id":"https:\/\/ajatutaja.com\/izdelek\/rjave-hlace-za-nosecnice-ozkega-kroja\/","url":"https:\/\/ajatutaja.com\/izdelek\/rjave-hlace-za-nosecnice-ozkega-kroja\/","name":"Rjave hla\u010de za nose\u010dnice ozkega kroja | Ajatutaja","isPartOf":{"@id":"https:\/\/ajatutaja.com\/#website"},"primaryImageOfPage":{"@id":"https:\/\/ajatutaja.com\/izdelek\/rjave-hlace-za-nosecnice-ozkega-kroja\/#primaryimage"},"image":{"@id":"https:\/\/ajatutaja.com\/izdelek\/rjave-hlace-za-nosecnice-ozkega-kroja\/#primaryimage"},"thumbnailUrl":"https:\/\/ajatutaja.com\/wp-content\/uploads\/2023\/11\/Nosecniske-hlace-ozek-kroj-rjave-0.jpg","datePublished":"2021-11-22T09:59:02+00:00","dateModified":"2024-06-17T04:42:17+00:00","description":"Rjavle hla\u010de za nose\u010dnice so modnega videza in ozkega kroja. Lepo se prilegajo in so zelo elasti\u010dne in udobne.\u00a0Ne ti\u0161\u010dijo in ne ve\u017eejo.","breadcrumb":{"@id":"https:\/\/ajatutaja.com\/izdelek\/rjave-hlace-za-nosecnice-ozkega-kroja\/#breadcrumb"},"inLanguage":"hr","potentialAction":[{"@type":"ReadAction","target":["https:\/\/ajatutaja.com\/izdelek\/rjave-hlace-za-nosecnice-ozkega-kroja\/"]}]},{"@type":"ImageObject","inLanguage":"hr","@id":"https:\/\/ajatutaja.com\/izdelek\/rjave-hlace-za-nosecnice-ozkega-kroja\/#primaryimage","url":"https:\/\/ajatutaja.com\/wp-content\/uploads\/2023\/11\/Nosecniske-hlace-ozek-kroj-rjave-0.jpg","contentUrl":"https:\/\/ajatutaja.com\/wp-content\/uploads\/2023\/11\/Nosecniske-hlace-ozek-kroj-rjave-0.jpg","width":800,"height":800},{"@type":"BreadcrumbList","@id":"https:\/\/ajatutaja.com\/izdelek\/rjave-hlace-za-nosecnice-ozkega-kroja\/#breadcrumb","itemListElement":[{"@type":"ListItem","position":1,"name":"Home","item":"https:\/\/ajatutaja.com\/hr\/"},{"@type":"ListItem","position":2,"name":"Trgovina","item":"https:\/\/ajatutaja.com\/hr\/trgovina\/"},{"@type":"ListItem","position":3,"name":"Rjave hla\u010de za nose\u010dnice ozkega kroja"}]},{"@type":"WebSite","@id":"https:\/\/ajatutaja.com\/#website","url":"https:\/\/ajatutaja.com\/","name":"Ajatutaja","description":"Otro\u0161ka spletna trgovina AJATUTAJA","publisher":{"@id":"https:\/\/ajatutaja.com\/#organization"},"potentialAction":[{"@type":"SearchAction","target":{"@type":"EntryPoint","urlTemplate":"https:\/\/ajatutaja.com\/?s={search_term_string}"},"query-input":{"@type":"PropertyValueSpecification","valueRequired":true,"valueName":"search_term_string"}}],"inLanguage":"hr"},{"@type":"Organization","@id":"https:\/\/ajatutaja.com\/#organization","name":"Ajatutaja","url":"https:\/\/ajatutaja.com\/","logo":{"@type":"ImageObject","inLanguage":"hr","@id":"https:\/\/ajatutaja.com\/#\/schema\/logo\/image\/","url":"https:\/\/ajatutaja.com\/wp-content\/uploads\/2021\/10\/logo.png","contentUrl":"https:\/\/ajatutaja.com\/wp-content\/uploads\/2021\/10\/logo.png","width":555,"height":150,"caption":"Ajatutaja"},"image":{"@id":"https:\/\/ajatutaja.com\/#\/schema\/logo\/image\/"}}]}},"brands":[{"id":2271,"name":"Mama Jeans","slug":"mama-jeans"},{"id":2267,"name":"Nose\u010dnost","slug":"nosecnost"}],"_links":{"self":[{"href":"https:\/\/ajatutaja.com\/hr\/wp-json\/wp\/v2\/product\/54368","targetHints":{"allow":["GET"]}}],"collection":[{"href":"https:\/\/ajatutaja.com\/hr\/wp-json\/wp\/v2\/product"}],"about":[{"href":"https:\/\/ajatutaja.com\/hr\/wp-json\/wp\/v2\/types\/product"}],"wp:featuredmedia":[{"embeddable":true,"href":"https:\/\/ajatutaja.com\/hr\/wp-json\/wp\/v2\/media\/54371"}],"wp:attachment":[{"href":"https:\/\/ajatutaja.com\/hr\/wp-json\/wp\/v2\/media?parent=54368"}],"wp:term":[{"taxonomy":"pwb-brand","embeddable":true,"href":"https:\/\/ajatutaja.com\/hr\/wp-json\/wp\/v2\/pwb-brand?post=54368"},{"taxonomy":"product_brand","embeddable":true,"href":"https:\/\/ajatutaja.com\/hr\/wp-json\/wp\/v2\/product_brand?post=54368"},{"taxonomy":"product_cat","embeddable":true,"href":"https:\/\/ajatutaja.com\/hr\/wp-json\/wp\/v2\/product_cat?post=54368"},{"taxonomy":"product_tag","embeddable":true,"href":"https:\/\/ajatutaja.com\/hr\/wp-json\/wp\/v2\/product_tag?post=54368"}],"curies":[{"name":"wp","href":"https:\/\/api.w.org\/{rel}","templated":true}]}}