{"id":54286,"date":"2024-11-17T16:31:32","date_gmt":"2024-11-17T15:31:32","guid":{"rendered":"https:\/\/ajatutaja.com\/?post_type=product&#038;p=54286"},"modified":"2026-04-14T20:55:33","modified_gmt":"2026-04-14T18:55:33","slug":"joie-otroski-avtosedez-i-trillo-fx-i-size-2-3-100-150-cm-shale","status":"publish","type":"product","link":"https:\/\/ajatutaja.com\/hr\/proizvod\/joie-otroski-avtosedez-i-trillo-fx-i-size-2-3-100-150-cm-shale\/","title":{"rendered":"Joie\u00ae Otro\u0161ki avtosede\u017e i-Trillo\u2122 FX i-Size 2\/3 (100-150 cm) Shale"},"content":{"rendered":"<p>[vc_row][vc_column][vc_column_text]<strong>Otro\u0161ki avtosede\u017e<\/strong> Joie\u00ae i-Trillo\u2122 FX i-Size otro\u0161ki avtosede\u017e nudi optimalno za\u0161\u010dito glave in vratu s tremi plastmi za\u0161\u010dite, ki zagotavljajo mehko, udobno in zanesljivo oporo. Vzglavje otro\u0161kega sede\u017ea poskrbi za varno prilagajanje otro\u0161ke glave in vratu. Oja\u010dana jeklena notranjost lupine sede\u017ea, udobno vzglavje, in kvalitetni materiali bodo poskrbeli za varno in udobno pot va\u0161ega mal\u010dka. V sede\u017eni blazini je spominska pena, ki skupaj z oblazinjenimi ro\u010daji poskrbi za udobje na poti.<\/p>\n<div class=\"value\">\n<h4>Uporaba avtosede\u017ea Joie i-Trillo\u2122 FX :<\/h4>\n<ul>\n<li>Skupina 2\/3 avtosede\u017e<\/li>\n<li>Priporo\u010dena uporaba od velikosti 100 do 150 cm:\u00a0naprej obrnjen avtosede\u017e, namestitev avtosede\u017ea s pomo\u010djo Isofix sistema\u00a0in avtomobilskega varnostnega pasu, pripenjanje otroka s 3-to\u010dkovnim avtomobilskim varnostnim pasom<\/li>\n<li>Namestitev avtosede\u017ea s pomo\u010djo Isofix sistema in avtomobilskega varnostnega pasu pri tem je otrok pripet z varnostnim pasom avtosede\u017ea<\/li>\n<li>Priporo\u010dena uporaba do 150 cm\u00a0(od 3. do 12. leta) naprej obrnjen avtosede\u017e<\/li>\n<\/ul>\n<p><strong>Dimenzije in te\u017ea:<\/strong><\/p>\n<ul>\n<li>Dimenzije: 40 &#8211; 47,5 cm x 47,5 &#8211; 55,5 cm x 64 &#8211; 84,5 cm.<\/li>\n<li>Te\u017ea: 5,72 kg<\/li>\n<\/ul>\n<p><strong>Baza in sede\u017e:<\/strong><\/p>\n<ul>\n<li>Naprej obrnjen avtosede\u017e<\/li>\n<li>Otro\u0161ki avtosede\u017e enostavno namestite\u00a0na Isofix sistem v avtomobilu<\/li>\n<li>Vzdr\u017eljivi materiali za doseganje optimalne za\u0161\u010dite<\/li>\n<li>Mo\u017enost prilagoditve vi\u0161ine naslona, omogo\u010da 10 razli\u010dnih vi\u0161in<\/li>\n<li>Guard Surround Safety\u2122 sistem omogo\u010da popolno za\u0161\u010ditno pred stranskimi udarci. Za\u0161\u010ditni bo\u010dni elementi otroka v primeru nesre\u010de dodatno \u0161\u010ditijo na predelu glave, telesa in bokov<\/li>\n<li>Udobno oblazinjenje in prijetne tkanine<\/li>\n<li>V sede\u017enem delu otro\u0161kega avtosede\u017ea je spominska pena, ki poskrbi za dodatno udobje<\/li>\n<li>Posebnost avtosede\u017ea je mo\u017enost pripenjanja otroka do pribli\u017eno 12. leta starosti oziroma do velikosti 150 cm<\/li>\n<li>Pralna in odstranljiva prevleka za la\u017eje in enostavnej\u0161e vzdr\u017eevanje<\/li>\n<li>Dve dr\u017eali\u00a0za pija\u010do ali prigrizke, ki se po uporabi\u00a0enostavno pospravijo<\/li>\n<li>V kompletu z\u00a0 Isofix priklju\u010dki in Isosafe konektorji; komplet plasti\u010dnih nastavkov za Isofix sidri\u0161\u010de v avtomobilu<\/li>\n<\/ul>\n<p><strong>Testi in certifikati:<\/strong><\/p>\n<ul>\n<li>Avtosede\u017e ustreza varnostnim standardom ECE R129\/03, i-Size<\/li>\n<\/ul>\n<p><strong>OPOZORILO! <\/strong>Avtosede\u017e namestite v\u00a0smeri vo\u017enje. Nikoli ne name\u0161\u010dajte avtosede\u017ea na sede\u017e z aktivno zra\u010dno blazino. Nikoli ne name\u0161\u010dajte tega avtosede\u017ea na sede\u017e avtomobila, ki ni opremljen z Isofix-om.<\/p>\n<\/div>\n<p>[\/vc_column_text][\/vc_column][\/vc_row]<\/p>\n","protected":false},"excerpt":{"rendered":"<p>Otro\u0161ki avtosede\u017e Joie i-Trillo FX je zasnovan tako, da je kos energiji aktivnih mal\u010dkov in odli\u010den spremljevalec v najstni\u0161ka leta. Joie\u00ae i-Trillo\u2122 FX i-Size je inovativen otro\u0161ki avtosede\u017e, ki omogo\u010da 10 razli\u010dnih vi\u0161in naslona za glavo. Avtosede\u017e je primeren za uporabo od 3. leta starosti oziroma velikosti od 100 cm do 150 cm in ima certifikat \u00a0i-Size in R129.<\/p>\n","protected":false},"featured_media":54294,"template":"","meta":[],"pwb-brand":[2351,2353],"product_brand":[],"product_cat":[2339,2348,2345],"product_tag":[4073,4193,4211],"class_list":{"0":"post-54286","1":"product","2":"type-product","3":"status-publish","4":"has-post-thumbnail","6":"pwb-brand-avtosedezi","7":"pwb-brand-joie","8":"product_cat-avtosedezi","9":"product_cat-i-size-100-150-cm","10":"product_cat-skupina-2-3-15-36-kg","11":"product_tag-joie","12":"product_tag-joie-avtosedezi","13":"product_tag-joie-trillo","15":"first","16":"onbackorder","17":"taxable","18":"shipping-taxable","19":"purchasable","20":"product-type-simple","21":"add-to-wishlist-before_image"},"yoast_head":"<!-- This site is optimized with the Yoast SEO plugin v27.3 - https:\/\/yoast.com\/product\/yoast-seo-wordpress\/ -->\n<title>Joie\u00ae Otro\u0161ki avtosede\u017e i-Trillo\u2122 FX i-Size 2\/3 (100-150 cm) Shale | Ajatutaja<\/title>\n<meta name=\"description\" content=\"Avtosede\u017e Joie Trillo LX (15-36 kg) se lepo prilagaja odra\u0161\u010danju va\u0161ega otroka, saj ima kar 7 nastavljivih vi\u0161in hrbti\u0161\u010da. Za otroke od 3 do 12 let starosti\" \/>\n<meta name=\"robots\" content=\"index, follow, max-snippet:-1, max-image-preview:large, max-video-preview:-1\" \/>\n<link rel=\"canonical\" href=\"https:\/\/ajatutaja.com\/izdelek\/joie-otroski-avtosedez-i-trillo-fx-i-size-2-3-100-150-cm-shale\/\" \/>\n<meta property=\"og:locale\" content=\"hr_HR\" \/>\n<meta property=\"og:type\" content=\"article\" \/>\n<meta property=\"og:title\" content=\"Joie\u00ae Otro\u0161ki avtosede\u017e i-Trillo\u2122 FX i-Size 2\/3 (100-150 cm) Shale | Ajatutaja\" \/>\n<meta property=\"og:description\" content=\"Avtosede\u017e Joie Trillo LX (15-36 kg) se lepo prilagaja odra\u0161\u010danju va\u0161ega otroka, saj ima kar 7 nastavljivih vi\u0161in hrbti\u0161\u010da. Za otroke od 3 do 12 let starosti\" \/>\n<meta property=\"og:url\" content=\"https:\/\/ajatutaja.com\/izdelek\/joie-otroski-avtosedez-i-trillo-fx-i-size-2-3-100-150-cm-shale\/\" \/>\n<meta property=\"og:site_name\" content=\"Ajatutaja\" \/>\n<meta property=\"article:modified_time\" content=\"2026-04-14T18:55:33+00:00\" \/>\n<meta property=\"og:image\" content=\"https:\/\/ajatutaja.com\/wp-content\/uploads\/2023\/11\/Joie-otroski-avtosedez-i-trillo-fx-i-size-2-3-shale-1-e1700236439138.png\" \/>\n\t<meta property=\"og:image:width\" content=\"800\" \/>\n\t<meta property=\"og:image:height\" content=\"800\" \/>\n\t<meta property=\"og:image:type\" content=\"image\/png\" \/>\n<meta name=\"twitter:card\" content=\"summary_large_image\" \/>\n<meta name=\"twitter:label1\" content=\"Procijenjeno vrijeme \u010ditanja\" \/>\n\t<meta name=\"twitter:data1\" content=\"2 minute\" \/>\n<script type=\"application\/ld+json\" class=\"yoast-schema-graph\">{\"@context\":\"https:\\\/\\\/schema.org\",\"@graph\":[{\"@type\":\"WebPage\",\"@id\":\"https:\\\/\\\/ajatutaja.com\\\/izdelek\\\/joie-otroski-avtosedez-i-trillo-fx-i-size-2-3-100-150-cm-shale\\\/\",\"url\":\"https:\\\/\\\/ajatutaja.com\\\/izdelek\\\/joie-otroski-avtosedez-i-trillo-fx-i-size-2-3-100-150-cm-shale\\\/\",\"name\":\"Joie\u00ae Otro\u0161ki avtosede\u017e i-Trillo\u2122 FX i-Size 2\\\/3 (100-150 cm) Shale | Ajatutaja\",\"isPartOf\":{\"@id\":\"https:\\\/\\\/ajatutaja.com\\\/#website\"},\"primaryImageOfPage\":{\"@id\":\"https:\\\/\\\/ajatutaja.com\\\/izdelek\\\/joie-otroski-avtosedez-i-trillo-fx-i-size-2-3-100-150-cm-shale\\\/#primaryimage\"},\"image\":{\"@id\":\"https:\\\/\\\/ajatutaja.com\\\/izdelek\\\/joie-otroski-avtosedez-i-trillo-fx-i-size-2-3-100-150-cm-shale\\\/#primaryimage\"},\"thumbnailUrl\":\"https:\\\/\\\/ajatutaja.com\\\/wp-content\\\/uploads\\\/2023\\\/11\\\/Joie-otroski-avtosedez-i-trillo-fx-i-size-2-3-shale-1-e1700236439138.png\",\"datePublished\":\"2024-11-17T15:31:32+00:00\",\"dateModified\":\"2026-04-14T18:55:33+00:00\",\"description\":\"Avtosede\u017e Joie Trillo LX (15-36 kg) se lepo prilagaja odra\u0161\u010danju va\u0161ega otroka, saj ima kar 7 nastavljivih vi\u0161in hrbti\u0161\u010da. Za otroke od 3 do 12 let starosti\",\"breadcrumb\":{\"@id\":\"https:\\\/\\\/ajatutaja.com\\\/izdelek\\\/joie-otroski-avtosedez-i-trillo-fx-i-size-2-3-100-150-cm-shale\\\/#breadcrumb\"},\"inLanguage\":\"hr\",\"potentialAction\":[{\"@type\":\"ReadAction\",\"target\":[\"https:\\\/\\\/ajatutaja.com\\\/izdelek\\\/joie-otroski-avtosedez-i-trillo-fx-i-size-2-3-100-150-cm-shale\\\/\"]}]},{\"@type\":\"ImageObject\",\"inLanguage\":\"hr\",\"@id\":\"https:\\\/\\\/ajatutaja.com\\\/izdelek\\\/joie-otroski-avtosedez-i-trillo-fx-i-size-2-3-100-150-cm-shale\\\/#primaryimage\",\"url\":\"https:\\\/\\\/ajatutaja.com\\\/wp-content\\\/uploads\\\/2023\\\/11\\\/Joie-otroski-avtosedez-i-trillo-fx-i-size-2-3-shale-1-e1700236439138.png\",\"contentUrl\":\"https:\\\/\\\/ajatutaja.com\\\/wp-content\\\/uploads\\\/2023\\\/11\\\/Joie-otroski-avtosedez-i-trillo-fx-i-size-2-3-shale-1-e1700236439138.png\",\"width\":800,\"height\":800},{\"@type\":\"BreadcrumbList\",\"@id\":\"https:\\\/\\\/ajatutaja.com\\\/izdelek\\\/joie-otroski-avtosedez-i-trillo-fx-i-size-2-3-100-150-cm-shale\\\/#breadcrumb\",\"itemListElement\":[{\"@type\":\"ListItem\",\"position\":1,\"name\":\"Home\",\"item\":\"https:\\\/\\\/ajatutaja.com\\\/hr\\\/\"},{\"@type\":\"ListItem\",\"position\":2,\"name\":\"Trgovina\",\"item\":\"https:\\\/\\\/ajatutaja.com\\\/hr\\\/trgovina\\\/\"},{\"@type\":\"ListItem\",\"position\":3,\"name\":\"Joie\u00ae Otro\u0161ki avtosede\u017e i-Trillo\u2122 FX i-Size 2\\\/3 (100-150 cm) Shale\"}]},{\"@type\":\"WebSite\",\"@id\":\"https:\\\/\\\/ajatutaja.com\\\/#website\",\"url\":\"https:\\\/\\\/ajatutaja.com\\\/\",\"name\":\"Ajatutaja\",\"description\":\"Otro\u0161ka spletna trgovina AJATUTAJA\",\"publisher\":{\"@id\":\"https:\\\/\\\/ajatutaja.com\\\/#organization\"},\"potentialAction\":[{\"@type\":\"SearchAction\",\"target\":{\"@type\":\"EntryPoint\",\"urlTemplate\":\"https:\\\/\\\/ajatutaja.com\\\/?s={search_term_string}\"},\"query-input\":{\"@type\":\"PropertyValueSpecification\",\"valueRequired\":true,\"valueName\":\"search_term_string\"}}],\"inLanguage\":\"hr\"},{\"@type\":\"Organization\",\"@id\":\"https:\\\/\\\/ajatutaja.com\\\/#organization\",\"name\":\"Ajatutaja\",\"url\":\"https:\\\/\\\/ajatutaja.com\\\/\",\"logo\":{\"@type\":\"ImageObject\",\"inLanguage\":\"hr\",\"@id\":\"https:\\\/\\\/ajatutaja.com\\\/#\\\/schema\\\/logo\\\/image\\\/\",\"url\":\"https:\\\/\\\/ajatutaja.com\\\/wp-content\\\/uploads\\\/2021\\\/10\\\/logo.png\",\"contentUrl\":\"https:\\\/\\\/ajatutaja.com\\\/wp-content\\\/uploads\\\/2021\\\/10\\\/logo.png\",\"width\":555,\"height\":150,\"caption\":\"Ajatutaja\"},\"image\":{\"@id\":\"https:\\\/\\\/ajatutaja.com\\\/#\\\/schema\\\/logo\\\/image\\\/\"}}]}<\/script>\n<!-- \/ Yoast SEO plugin. -->","yoast_head_json":{"title":"Joie\u00ae Otro\u0161ki avtosede\u017e i-Trillo\u2122 FX i-Size 2\/3 (100-150 cm) Shale | Ajatutaja","description":"Avtosede\u017e Joie Trillo LX (15-36 kg) se lepo prilagaja odra\u0161\u010danju va\u0161ega otroka, saj ima kar 7 nastavljivih vi\u0161in hrbti\u0161\u010da. Za otroke od 3 do 12 let starosti","robots":{"index":"index","follow":"follow","max-snippet":"max-snippet:-1","max-image-preview":"max-image-preview:large","max-video-preview":"max-video-preview:-1"},"canonical":"https:\/\/ajatutaja.com\/izdelek\/joie-otroski-avtosedez-i-trillo-fx-i-size-2-3-100-150-cm-shale\/","og_locale":"hr_HR","og_type":"article","og_title":"Joie\u00ae Otro\u0161ki avtosede\u017e i-Trillo\u2122 FX i-Size 2\/3 (100-150 cm) Shale | Ajatutaja","og_description":"Avtosede\u017e Joie Trillo LX (15-36 kg) se lepo prilagaja odra\u0161\u010danju va\u0161ega otroka, saj ima kar 7 nastavljivih vi\u0161in hrbti\u0161\u010da. Za otroke od 3 do 12 let starosti","og_url":"https:\/\/ajatutaja.com\/izdelek\/joie-otroski-avtosedez-i-trillo-fx-i-size-2-3-100-150-cm-shale\/","og_site_name":"Ajatutaja","article_modified_time":"2026-04-14T18:55:33+00:00","og_image":[{"width":800,"height":800,"url":"https:\/\/ajatutaja.com\/wp-content\/uploads\/2023\/11\/Joie-otroski-avtosedez-i-trillo-fx-i-size-2-3-shale-1-e1700236439138.png","type":"image\/png"}],"twitter_card":"summary_large_image","twitter_misc":{"Procijenjeno vrijeme \u010ditanja":"2 minute"},"schema":{"@context":"https:\/\/schema.org","@graph":[{"@type":"WebPage","@id":"https:\/\/ajatutaja.com\/izdelek\/joie-otroski-avtosedez-i-trillo-fx-i-size-2-3-100-150-cm-shale\/","url":"https:\/\/ajatutaja.com\/izdelek\/joie-otroski-avtosedez-i-trillo-fx-i-size-2-3-100-150-cm-shale\/","name":"Joie\u00ae Otro\u0161ki avtosede\u017e i-Trillo\u2122 FX i-Size 2\/3 (100-150 cm) Shale | Ajatutaja","isPartOf":{"@id":"https:\/\/ajatutaja.com\/#website"},"primaryImageOfPage":{"@id":"https:\/\/ajatutaja.com\/izdelek\/joie-otroski-avtosedez-i-trillo-fx-i-size-2-3-100-150-cm-shale\/#primaryimage"},"image":{"@id":"https:\/\/ajatutaja.com\/izdelek\/joie-otroski-avtosedez-i-trillo-fx-i-size-2-3-100-150-cm-shale\/#primaryimage"},"thumbnailUrl":"https:\/\/ajatutaja.com\/wp-content\/uploads\/2023\/11\/Joie-otroski-avtosedez-i-trillo-fx-i-size-2-3-shale-1-e1700236439138.png","datePublished":"2024-11-17T15:31:32+00:00","dateModified":"2026-04-14T18:55:33+00:00","description":"Avtosede\u017e Joie Trillo LX (15-36 kg) se lepo prilagaja odra\u0161\u010danju va\u0161ega otroka, saj ima kar 7 nastavljivih vi\u0161in hrbti\u0161\u010da. Za otroke od 3 do 12 let starosti","breadcrumb":{"@id":"https:\/\/ajatutaja.com\/izdelek\/joie-otroski-avtosedez-i-trillo-fx-i-size-2-3-100-150-cm-shale\/#breadcrumb"},"inLanguage":"hr","potentialAction":[{"@type":"ReadAction","target":["https:\/\/ajatutaja.com\/izdelek\/joie-otroski-avtosedez-i-trillo-fx-i-size-2-3-100-150-cm-shale\/"]}]},{"@type":"ImageObject","inLanguage":"hr","@id":"https:\/\/ajatutaja.com\/izdelek\/joie-otroski-avtosedez-i-trillo-fx-i-size-2-3-100-150-cm-shale\/#primaryimage","url":"https:\/\/ajatutaja.com\/wp-content\/uploads\/2023\/11\/Joie-otroski-avtosedez-i-trillo-fx-i-size-2-3-shale-1-e1700236439138.png","contentUrl":"https:\/\/ajatutaja.com\/wp-content\/uploads\/2023\/11\/Joie-otroski-avtosedez-i-trillo-fx-i-size-2-3-shale-1-e1700236439138.png","width":800,"height":800},{"@type":"BreadcrumbList","@id":"https:\/\/ajatutaja.com\/izdelek\/joie-otroski-avtosedez-i-trillo-fx-i-size-2-3-100-150-cm-shale\/#breadcrumb","itemListElement":[{"@type":"ListItem","position":1,"name":"Home","item":"https:\/\/ajatutaja.com\/hr\/"},{"@type":"ListItem","position":2,"name":"Trgovina","item":"https:\/\/ajatutaja.com\/hr\/trgovina\/"},{"@type":"ListItem","position":3,"name":"Joie\u00ae Otro\u0161ki avtosede\u017e i-Trillo\u2122 FX i-Size 2\/3 (100-150 cm) Shale"}]},{"@type":"WebSite","@id":"https:\/\/ajatutaja.com\/#website","url":"https:\/\/ajatutaja.com\/","name":"Ajatutaja","description":"Otro\u0161ka spletna trgovina AJATUTAJA","publisher":{"@id":"https:\/\/ajatutaja.com\/#organization"},"potentialAction":[{"@type":"SearchAction","target":{"@type":"EntryPoint","urlTemplate":"https:\/\/ajatutaja.com\/?s={search_term_string}"},"query-input":{"@type":"PropertyValueSpecification","valueRequired":true,"valueName":"search_term_string"}}],"inLanguage":"hr"},{"@type":"Organization","@id":"https:\/\/ajatutaja.com\/#organization","name":"Ajatutaja","url":"https:\/\/ajatutaja.com\/","logo":{"@type":"ImageObject","inLanguage":"hr","@id":"https:\/\/ajatutaja.com\/#\/schema\/logo\/image\/","url":"https:\/\/ajatutaja.com\/wp-content\/uploads\/2021\/10\/logo.png","contentUrl":"https:\/\/ajatutaja.com\/wp-content\/uploads\/2021\/10\/logo.png","width":555,"height":150,"caption":"Ajatutaja"},"image":{"@id":"https:\/\/ajatutaja.com\/#\/schema\/logo\/image\/"}}]}},"brands":[{"id":2351,"name":"Avtosede\u017ei","slug":"avtosedezi"},{"id":2353,"name":"Joie","slug":"joie"}],"_links":{"self":[{"href":"https:\/\/ajatutaja.com\/hr\/wp-json\/wp\/v2\/product\/54286","targetHints":{"allow":["GET"]}}],"collection":[{"href":"https:\/\/ajatutaja.com\/hr\/wp-json\/wp\/v2\/product"}],"about":[{"href":"https:\/\/ajatutaja.com\/hr\/wp-json\/wp\/v2\/types\/product"}],"wp:featuredmedia":[{"embeddable":true,"href":"https:\/\/ajatutaja.com\/hr\/wp-json\/wp\/v2\/media\/54294"}],"wp:attachment":[{"href":"https:\/\/ajatutaja.com\/hr\/wp-json\/wp\/v2\/media?parent=54286"}],"wp:term":[{"taxonomy":"pwb-brand","embeddable":true,"href":"https:\/\/ajatutaja.com\/hr\/wp-json\/wp\/v2\/pwb-brand?post=54286"},{"taxonomy":"product_brand","embeddable":true,"href":"https:\/\/ajatutaja.com\/hr\/wp-json\/wp\/v2\/product_brand?post=54286"},{"taxonomy":"product_cat","embeddable":true,"href":"https:\/\/ajatutaja.com\/hr\/wp-json\/wp\/v2\/product_cat?post=54286"},{"taxonomy":"product_tag","embeddable":true,"href":"https:\/\/ajatutaja.com\/hr\/wp-json\/wp\/v2\/product_tag?post=54286"}],"curies":[{"name":"wp","href":"https:\/\/api.w.org\/{rel}","templated":true}]}}