{"id":53956,"date":"2025-11-07T16:27:08","date_gmt":"2025-11-07T15:27:08","guid":{"rendered":"https:\/\/ajatutaja.com\/?post_type=product&#038;p=53956"},"modified":"2026-03-04T12:49:09","modified_gmt":"2026-03-04T11:49:09","slug":"sestavljiva-cestna-proga-z-2-avtomobili-goki","status":"publish","type":"product","link":"https:\/\/ajatutaja.com\/hr\/proizvod\/sestavljiva-cestna-proga-z-2-avtomobili-goki\/","title":{"rendered":"Sestavljiva cestna proga z 2 avtomobili Goki"},"content":{"rendered":"<p>[vc_row][vc_column][vc_column_text]<\/p>\n<h3>Lastnosti sestavljive cestne proge GOKI:<\/h3>\n<ul>\n<li>Komplet vsebuje 28 kosov proge in 2 lesena avtomobila<\/li>\n<li>Dimenzije posameznega kosa proge: 11&#215;12 cm<\/li>\n<li>Primerno za starost otroka: 2 leti+<\/li>\n<li>Material: avtomobili \/ les, proga \/ filc<\/li>\n<li>Obri\u0161ite z mehko in vla\u017eno krpo<\/li>\n<\/ul>\n<p>[\/vc_column_text][\/vc_column][\/vc_row]<\/p>\n","protected":false},"excerpt":{"rendered":"<p>Sestavljiva cestna proga Goki je sestavljena iz 28 delov iz mehkega in trpe\u017enega filca, kar zagotavlja varno igro tudi za najmljaj\u0161e otroke. Prilo\u017eena sta tudi 2\u00a0 lesena avtomobil\u010dka.<\/p>\n","protected":false},"featured_media":53957,"template":"","meta":[],"pwb-brand":[2456,2452],"product_brand":[],"product_cat":[3991,2712,2445],"product_tag":[4180],"class_list":{"0":"post-53956","1":"product","2":"type-product","3":"status-publish","4":"has-post-thumbnail","6":"pwb-brand-goki","7":"pwb-brand-igranje","8":"product_cat-24-mesecev-igrace","9":"product_cat-darilo-za-decka","10":"product_cat-sestavljanke","11":"product_tag-goki","13":"first","14":"instock","15":"taxable","16":"shipping-taxable","17":"purchasable","18":"product-type-simple","19":"add-to-wishlist-before_image"},"yoast_head":"<!-- This site is optimized with the Yoast SEO plugin v27.3 - https:\/\/yoast.com\/product\/yoast-seo-wordpress\/ -->\n<title>Sestavljiva cestna proga z 2 avtomobili Goki | Ajatutaja<\/title>\n<meta name=\"description\" content=\"Sestavljiva cestna proga Goki je sestavljena iz 28 delov iz mehkega in trpe\u017enega filca, kar zagotavlja varno igro tudi za najmljaj\u0161e otroke. Prilo\u017eena sta tudi 2\u00a0 lesena avtomobil\u010dka.\" \/>\n<meta name=\"robots\" content=\"index, follow, max-snippet:-1, max-image-preview:large, max-video-preview:-1\" \/>\n<link rel=\"canonical\" href=\"https:\/\/ajatutaja.com\/izdelek\/sestavljiva-cestna-proga-z-2-avtomobili-goki\/\" \/>\n<meta property=\"og:locale\" content=\"hr_HR\" \/>\n<meta property=\"og:type\" content=\"article\" \/>\n<meta property=\"og:title\" content=\"Sestavljiva cestna proga z 2 avtomobili Goki | Ajatutaja\" \/>\n<meta property=\"og:description\" content=\"Sestavljiva cestna proga Goki je sestavljena iz 28 delov iz mehkega in trpe\u017enega filca, kar zagotavlja varno igro tudi za najmljaj\u0161e otroke. Prilo\u017eena sta tudi 2\u00a0 lesena avtomobil\u010dka.\" \/>\n<meta property=\"og:url\" content=\"https:\/\/ajatutaja.com\/izdelek\/sestavljiva-cestna-proga-z-2-avtomobili-goki\/\" \/>\n<meta property=\"og:site_name\" content=\"Ajatutaja\" \/>\n<meta property=\"article:modified_time\" content=\"2026-03-04T11:49:09+00:00\" \/>\n<meta property=\"og:image\" content=\"https:\/\/ajatutaja.com\/wp-content\/uploads\/2023\/11\/Igralna-steza-iz-filca-2-vozili-53812-goki-1.jpg\" \/>\n\t<meta property=\"og:image:width\" content=\"1200\" \/>\n\t<meta property=\"og:image:height\" content=\"1182\" \/>\n\t<meta property=\"og:image:type\" content=\"image\/jpeg\" \/>\n<meta name=\"twitter:card\" content=\"summary_large_image\" \/>\n<script type=\"application\/ld+json\" class=\"yoast-schema-graph\">{\"@context\":\"https:\\\/\\\/schema.org\",\"@graph\":[{\"@type\":\"WebPage\",\"@id\":\"https:\\\/\\\/ajatutaja.com\\\/izdelek\\\/sestavljiva-cestna-proga-z-2-avtomobili-goki\\\/\",\"url\":\"https:\\\/\\\/ajatutaja.com\\\/izdelek\\\/sestavljiva-cestna-proga-z-2-avtomobili-goki\\\/\",\"name\":\"Sestavljiva cestna proga z 2 avtomobili Goki | Ajatutaja\",\"isPartOf\":{\"@id\":\"https:\\\/\\\/ajatutaja.com\\\/#website\"},\"primaryImageOfPage\":{\"@id\":\"https:\\\/\\\/ajatutaja.com\\\/izdelek\\\/sestavljiva-cestna-proga-z-2-avtomobili-goki\\\/#primaryimage\"},\"image\":{\"@id\":\"https:\\\/\\\/ajatutaja.com\\\/izdelek\\\/sestavljiva-cestna-proga-z-2-avtomobili-goki\\\/#primaryimage\"},\"thumbnailUrl\":\"https:\\\/\\\/ajatutaja.com\\\/wp-content\\\/uploads\\\/2023\\\/11\\\/Igralna-steza-iz-filca-2-vozili-53812-goki-1.jpg\",\"datePublished\":\"2025-11-07T15:27:08+00:00\",\"dateModified\":\"2026-03-04T11:49:09+00:00\",\"description\":\"Sestavljiva cestna proga Goki je sestavljena iz 28 delov iz mehkega in trpe\u017enega filca, kar zagotavlja varno igro tudi za najmljaj\u0161e otroke. Prilo\u017eena sta tudi 2\u00a0 lesena avtomobil\u010dka.\",\"breadcrumb\":{\"@id\":\"https:\\\/\\\/ajatutaja.com\\\/izdelek\\\/sestavljiva-cestna-proga-z-2-avtomobili-goki\\\/#breadcrumb\"},\"inLanguage\":\"hr\",\"potentialAction\":[{\"@type\":\"ReadAction\",\"target\":[\"https:\\\/\\\/ajatutaja.com\\\/izdelek\\\/sestavljiva-cestna-proga-z-2-avtomobili-goki\\\/\"]}]},{\"@type\":\"ImageObject\",\"inLanguage\":\"hr\",\"@id\":\"https:\\\/\\\/ajatutaja.com\\\/izdelek\\\/sestavljiva-cestna-proga-z-2-avtomobili-goki\\\/#primaryimage\",\"url\":\"https:\\\/\\\/ajatutaja.com\\\/wp-content\\\/uploads\\\/2023\\\/11\\\/Igralna-steza-iz-filca-2-vozili-53812-goki-1.jpg\",\"contentUrl\":\"https:\\\/\\\/ajatutaja.com\\\/wp-content\\\/uploads\\\/2023\\\/11\\\/Igralna-steza-iz-filca-2-vozili-53812-goki-1.jpg\",\"width\":1200,\"height\":1182},{\"@type\":\"BreadcrumbList\",\"@id\":\"https:\\\/\\\/ajatutaja.com\\\/izdelek\\\/sestavljiva-cestna-proga-z-2-avtomobili-goki\\\/#breadcrumb\",\"itemListElement\":[{\"@type\":\"ListItem\",\"position\":1,\"name\":\"Home\",\"item\":\"https:\\\/\\\/ajatutaja.com\\\/hr\\\/\"},{\"@type\":\"ListItem\",\"position\":2,\"name\":\"Trgovina\",\"item\":\"https:\\\/\\\/ajatutaja.com\\\/hr\\\/trgovina\\\/\"},{\"@type\":\"ListItem\",\"position\":3,\"name\":\"Sestavljiva cestna proga z 2 avtomobili Goki\"}]},{\"@type\":\"WebSite\",\"@id\":\"https:\\\/\\\/ajatutaja.com\\\/#website\",\"url\":\"https:\\\/\\\/ajatutaja.com\\\/\",\"name\":\"Ajatutaja\",\"description\":\"Otro\u0161ka spletna trgovina AJATUTAJA\",\"publisher\":{\"@id\":\"https:\\\/\\\/ajatutaja.com\\\/#organization\"},\"potentialAction\":[{\"@type\":\"SearchAction\",\"target\":{\"@type\":\"EntryPoint\",\"urlTemplate\":\"https:\\\/\\\/ajatutaja.com\\\/?s={search_term_string}\"},\"query-input\":{\"@type\":\"PropertyValueSpecification\",\"valueRequired\":true,\"valueName\":\"search_term_string\"}}],\"inLanguage\":\"hr\"},{\"@type\":\"Organization\",\"@id\":\"https:\\\/\\\/ajatutaja.com\\\/#organization\",\"name\":\"Ajatutaja\",\"url\":\"https:\\\/\\\/ajatutaja.com\\\/\",\"logo\":{\"@type\":\"ImageObject\",\"inLanguage\":\"hr\",\"@id\":\"https:\\\/\\\/ajatutaja.com\\\/#\\\/schema\\\/logo\\\/image\\\/\",\"url\":\"https:\\\/\\\/ajatutaja.com\\\/wp-content\\\/uploads\\\/2021\\\/10\\\/logo.png\",\"contentUrl\":\"https:\\\/\\\/ajatutaja.com\\\/wp-content\\\/uploads\\\/2021\\\/10\\\/logo.png\",\"width\":555,\"height\":150,\"caption\":\"Ajatutaja\"},\"image\":{\"@id\":\"https:\\\/\\\/ajatutaja.com\\\/#\\\/schema\\\/logo\\\/image\\\/\"}}]}<\/script>\n<!-- \/ Yoast SEO plugin. -->","yoast_head_json":{"title":"Sestavljiva cestna proga z 2 avtomobili Goki | Ajatutaja","description":"Sestavljiva cestna proga Goki je sestavljena iz 28 delov iz mehkega in trpe\u017enega filca, kar zagotavlja varno igro tudi za najmljaj\u0161e otroke. Prilo\u017eena sta tudi 2\u00a0 lesena avtomobil\u010dka.","robots":{"index":"index","follow":"follow","max-snippet":"max-snippet:-1","max-image-preview":"max-image-preview:large","max-video-preview":"max-video-preview:-1"},"canonical":"https:\/\/ajatutaja.com\/izdelek\/sestavljiva-cestna-proga-z-2-avtomobili-goki\/","og_locale":"hr_HR","og_type":"article","og_title":"Sestavljiva cestna proga z 2 avtomobili Goki | Ajatutaja","og_description":"Sestavljiva cestna proga Goki je sestavljena iz 28 delov iz mehkega in trpe\u017enega filca, kar zagotavlja varno igro tudi za najmljaj\u0161e otroke. Prilo\u017eena sta tudi 2\u00a0 lesena avtomobil\u010dka.","og_url":"https:\/\/ajatutaja.com\/izdelek\/sestavljiva-cestna-proga-z-2-avtomobili-goki\/","og_site_name":"Ajatutaja","article_modified_time":"2026-03-04T11:49:09+00:00","og_image":[{"width":1200,"height":1182,"url":"https:\/\/ajatutaja.com\/wp-content\/uploads\/2023\/11\/Igralna-steza-iz-filca-2-vozili-53812-goki-1.jpg","type":"image\/jpeg"}],"twitter_card":"summary_large_image","schema":{"@context":"https:\/\/schema.org","@graph":[{"@type":"WebPage","@id":"https:\/\/ajatutaja.com\/izdelek\/sestavljiva-cestna-proga-z-2-avtomobili-goki\/","url":"https:\/\/ajatutaja.com\/izdelek\/sestavljiva-cestna-proga-z-2-avtomobili-goki\/","name":"Sestavljiva cestna proga z 2 avtomobili Goki | Ajatutaja","isPartOf":{"@id":"https:\/\/ajatutaja.com\/#website"},"primaryImageOfPage":{"@id":"https:\/\/ajatutaja.com\/izdelek\/sestavljiva-cestna-proga-z-2-avtomobili-goki\/#primaryimage"},"image":{"@id":"https:\/\/ajatutaja.com\/izdelek\/sestavljiva-cestna-proga-z-2-avtomobili-goki\/#primaryimage"},"thumbnailUrl":"https:\/\/ajatutaja.com\/wp-content\/uploads\/2023\/11\/Igralna-steza-iz-filca-2-vozili-53812-goki-1.jpg","datePublished":"2025-11-07T15:27:08+00:00","dateModified":"2026-03-04T11:49:09+00:00","description":"Sestavljiva cestna proga Goki je sestavljena iz 28 delov iz mehkega in trpe\u017enega filca, kar zagotavlja varno igro tudi za najmljaj\u0161e otroke. Prilo\u017eena sta tudi 2\u00a0 lesena avtomobil\u010dka.","breadcrumb":{"@id":"https:\/\/ajatutaja.com\/izdelek\/sestavljiva-cestna-proga-z-2-avtomobili-goki\/#breadcrumb"},"inLanguage":"hr","potentialAction":[{"@type":"ReadAction","target":["https:\/\/ajatutaja.com\/izdelek\/sestavljiva-cestna-proga-z-2-avtomobili-goki\/"]}]},{"@type":"ImageObject","inLanguage":"hr","@id":"https:\/\/ajatutaja.com\/izdelek\/sestavljiva-cestna-proga-z-2-avtomobili-goki\/#primaryimage","url":"https:\/\/ajatutaja.com\/wp-content\/uploads\/2023\/11\/Igralna-steza-iz-filca-2-vozili-53812-goki-1.jpg","contentUrl":"https:\/\/ajatutaja.com\/wp-content\/uploads\/2023\/11\/Igralna-steza-iz-filca-2-vozili-53812-goki-1.jpg","width":1200,"height":1182},{"@type":"BreadcrumbList","@id":"https:\/\/ajatutaja.com\/izdelek\/sestavljiva-cestna-proga-z-2-avtomobili-goki\/#breadcrumb","itemListElement":[{"@type":"ListItem","position":1,"name":"Home","item":"https:\/\/ajatutaja.com\/hr\/"},{"@type":"ListItem","position":2,"name":"Trgovina","item":"https:\/\/ajatutaja.com\/hr\/trgovina\/"},{"@type":"ListItem","position":3,"name":"Sestavljiva cestna proga z 2 avtomobili Goki"}]},{"@type":"WebSite","@id":"https:\/\/ajatutaja.com\/#website","url":"https:\/\/ajatutaja.com\/","name":"Ajatutaja","description":"Otro\u0161ka spletna trgovina AJATUTAJA","publisher":{"@id":"https:\/\/ajatutaja.com\/#organization"},"potentialAction":[{"@type":"SearchAction","target":{"@type":"EntryPoint","urlTemplate":"https:\/\/ajatutaja.com\/?s={search_term_string}"},"query-input":{"@type":"PropertyValueSpecification","valueRequired":true,"valueName":"search_term_string"}}],"inLanguage":"hr"},{"@type":"Organization","@id":"https:\/\/ajatutaja.com\/#organization","name":"Ajatutaja","url":"https:\/\/ajatutaja.com\/","logo":{"@type":"ImageObject","inLanguage":"hr","@id":"https:\/\/ajatutaja.com\/#\/schema\/logo\/image\/","url":"https:\/\/ajatutaja.com\/wp-content\/uploads\/2021\/10\/logo.png","contentUrl":"https:\/\/ajatutaja.com\/wp-content\/uploads\/2021\/10\/logo.png","width":555,"height":150,"caption":"Ajatutaja"},"image":{"@id":"https:\/\/ajatutaja.com\/#\/schema\/logo\/image\/"}}]}},"brands":[{"id":2456,"name":"Goki","slug":"goki"},{"id":2452,"name":"Igranje","slug":"igranje"}],"_links":{"self":[{"href":"https:\/\/ajatutaja.com\/hr\/wp-json\/wp\/v2\/product\/53956","targetHints":{"allow":["GET"]}}],"collection":[{"href":"https:\/\/ajatutaja.com\/hr\/wp-json\/wp\/v2\/product"}],"about":[{"href":"https:\/\/ajatutaja.com\/hr\/wp-json\/wp\/v2\/types\/product"}],"wp:featuredmedia":[{"embeddable":true,"href":"https:\/\/ajatutaja.com\/hr\/wp-json\/wp\/v2\/media\/53957"}],"wp:attachment":[{"href":"https:\/\/ajatutaja.com\/hr\/wp-json\/wp\/v2\/media?parent=53956"}],"wp:term":[{"taxonomy":"pwb-brand","embeddable":true,"href":"https:\/\/ajatutaja.com\/hr\/wp-json\/wp\/v2\/pwb-brand?post=53956"},{"taxonomy":"product_brand","embeddable":true,"href":"https:\/\/ajatutaja.com\/hr\/wp-json\/wp\/v2\/product_brand?post=53956"},{"taxonomy":"product_cat","embeddable":true,"href":"https:\/\/ajatutaja.com\/hr\/wp-json\/wp\/v2\/product_cat?post=53956"},{"taxonomy":"product_tag","embeddable":true,"href":"https:\/\/ajatutaja.com\/hr\/wp-json\/wp\/v2\/product_tag?post=53956"}],"curies":[{"name":"wp","href":"https:\/\/api.w.org\/{rel}","templated":true}]}}