{"id":53884,"date":"2025-03-11T12:32:47","date_gmt":"2025-03-11T11:32:47","guid":{"rendered":"https:\/\/ajatutaja.com\/?post_type=product&#038;p=53884"},"modified":"2026-02-01T12:34:26","modified_gmt":"2026-02-01T11:34:26","slug":"najell-blazina-za-nosecnost-in-dojenje-linen-beige","status":"publish","type":"product","link":"https:\/\/ajatutaja.com\/hr\/proizvod\/najell-blazina-za-nosecnost-in-dojenje-linen-beige\/","title":{"rendered":"Najell\u00ae blazina za nose\u010dnost in dojenje &#8211; Linen Beige"},"content":{"rendered":"<p>[vc_row][vc_column][vc_column_text]<\/p>\n<h4>Najbolj\u0161a podpora med nose\u010dnostjo<\/h4>\n<p>Priporo\u010dljivo je, da nose\u010dnice spijo na boku, tako zaradi udobja kot varnostnih razlogov. Blazina za nose\u010dnost Najell vam pomaga ohraniti va\u0161 hrbtenico poravnano s podporo va\u0161ega telesa. Zasnovana je za prilagajanje konturam va\u0161ega nose\u010dni\u0161kega telesa, kar olaj\u0161a bole\u010dine v nogah in hrbtu. Rezultat so olaj\u0161ane bole\u010dine v telesu, manj bole\u010din in bolj\u0161i spanec. Poleg tega je res prijetno, ko se skr\u010dite na kav\u010du, ko berete ali gledate svojo najljub\u0161o oddajo na TV .<\/p>\n<h4>V pomo\u010d pri dojenju<\/h4>\n<p>Z nose\u010dni\u0161ko blazino Najell lahko uporabite dalj\u0161o blazino pri dojenju ali pa uporabite dve manj\u0161i blazini znotraj. Blazine vam pomagajo postaviti otroka v pravilen polo\u017eaj in podpirajo va\u0161e roke in hrbet. Otrok bo tako dobil udobje in podporo pri uporabi blazine in pa tudi tudi enostaven dostop do va\u0161ih prsi, doje\u010di mami pa bo laj\u0161ala napetost v hrbtu, vratu, ramenih in rokah med obrokom. Tako se lahko po\u010dutite udobno in u\u017eivate v trenutku, medtem ko ustvarjate mirno, prijetno okolje za otroka pri dojenju. Podpora otroku vam pomaga dobiti dober prijem pri dojenju.<\/p>\n<h3>Lastnosti blazine Najell\u00ae Pregnancy Pillow:<\/h3>\n<div class=\"desktop short-description\">\n<div class=\"desktop short-description\">\n<ul>\n<li>Set vsebuje 2 majhni blazini, ter eno majhno in eno veliko prevleko<\/li>\n<li>Nastavljiva dol\u017eina in trdota s pomo\u010djo regulacije vozla<\/li>\n<li>Pametna in prakti\u010dna nose\u010dni\u0161ka blazina, ki se popolnoma prilagaja Va\u0161im potrebam<\/li>\n<li>Sestavljena iz dveh manj\u0161ih blazin, ki se lahko uporabljata skupaj ali lo\u010deno<\/li>\n<li>Uporabna v \u010dasu nose\u010dnosti in po porodu kot blazina za dojenje<\/li>\n<li>Snemljivi in pralni prevleki iz organskega bomba\u017ea, certificiranega po standardu GOTS, ki je mehak za va\u0161o ko\u017eo in ko\u017eo va\u0161ega dojen\u010dka<\/li>\n<li>Polnilo iz najkvalitetnej\u0161ih EPS kroglic, ki zagotavljajo optimalno prileganje in ne motijo spanca<\/li>\n<\/ul>\n<h4>Dimenzije Najell\u00ae Pregnancy Pillow:<\/h4>\n<ul>\n<li><span data-sheets-value=\"{\" data-sheets-userformat=\"{\">Velika blazina: Prilagodljiva dol\u017eina: 145 do 165 cm \/ <\/span><span data-sheets-value=\"{\" data-sheets-userformat=\"{\">Obseg: 55 cm<\/span><\/li>\n<li>2 manj\u0161i blazini:Dol\u017eine<span data-sheets-value=\"{\" data-sheets-userformat=\"{\">: 80 in 90 cm \/ <\/span><span data-sheets-value=\"{\" data-sheets-userformat=\"{\">Obseg: 55 cm<\/span><\/li>\n<li>Dalj\u0161a prevleka je dolga 175cm in je prilagodljiva z zategovanjem vozla<\/li>\n<\/ul>\n<\/div>\n<\/div>\n<p>SUROVINSKA SESTAVA: Zunanja tkanina: 95% bomba\u017e in 5% elastan \/Notranje polnilo: EPS kroglice<\/p>\n<p>NEGA IN VZDR\u017dEVANJE:<\/p>\n<ul>\n<li>Pranje na 40\u00b0C &#8211;\u00a0 ob\u010dutljivo perilo<\/li>\n<li>Brez kemi\u010dnega \u010di\u0161\u010denja<\/li>\n<li>Ne uporabljajte meh\u010dalca<\/li>\n<li>Ne su\u0161ite v su\u0161ilnem stroju<\/li>\n<\/ul>\n<p>PREJETE NAGRADE:<\/p>\n<ul>\n<li>FEATURED IN <a href=\"https:\/\/www.womenshealthmag.com\/uk\/gym-wear\/g34529977\/best-pregnancy-pillows\/\" target=\"_self\" rel=\"noopener\"><u>WOMEN&#8217;S HEALTH<\/u><\/a> &amp; <a href=\"https:\/\/www.cosmopolitan.com\/uk\/body\/g35977760\/best-pregnancy-pillows\/\" target=\"_self\" rel=\"noopener\">COSMOPOLITAN\u00a0 <\/a><\/li>\n<li>BABY PRODUCT OF THE YEAR IN THE CATEGORY <a href=\"https:\/\/news.cision.com\/se\/lek--och-babybranschen\/r\/arets-babyprodukter-2021-utsedda,c3456988\" target=\"_blank\" rel=\"noopener\"><u>\u201cCARE EAT SLEEP 2021\u201d<\/u><\/a><\/li>\n<li>TEST WINNER 2022 BY <a href=\"https:\/\/www.dintest.se\/gravidkudde\/\" target=\"_blank\" rel=\"noopener\"><u>YOUR TEST<\/u><\/a><\/li>\n<li>REVIEW OF NAJELL PREGNANT PILLOW \u2013 FLEXIBLE AND COMFORTABLE BY <a href=\"https:\/\/barnguiden.nu\/recension-av-najell-gravidkudde-smidig-och-bekvam\/\" target=\"_blank\" rel=\"noopener\"><u>BARNGUIDEN<\/u><\/a><\/li>\n<\/ul>\n<p>[\/vc_column_text][\/vc_column][\/vc_row]<\/p>\n","protected":false},"excerpt":{"rendered":"<p style=\"text-align: justify\">Najell\u00ae Pregnancy Pillow je prilagodljiva nose\u010dni\u0161ka blazina, ki je nadvse uporabna za \u010das nose\u010dnosti in dojenja. Sestavljena je iz dveh manj\u0161ih blazin se oblikujeta v eno ve\u010djo, kar vam omogo\u010da polno telo blazine za nose\u010dnost ali manj\u0161o blazino za dojenje. Polnilo iz najkvalitetnej\u0161ih EPS kroglic zagotavlja optimalen polo\u017eaj med spanjem, saj se prilagodijo obliki telesa in dajejo izjemen ob\u010dutek mehkobe. Tako tihe in mehke so, da ne bodo motile no\u010dnega spanca. Trdoto blazine regulirate z zategovanjem ali spro\u0161\u010danjem vozla.<\/p>\n","protected":false},"featured_media":77364,"template":"","meta":[],"pwb-brand":[5373,2267],"product_brand":[],"product_cat":[2710,2287,2262,2265,4062,2250],"product_tag":[5376,5384],"class_list":{"0":"post-53884","1":"product","2":"type-product","3":"status-publish","4":"has-post-thumbnail","6":"pwb-brand-najell-potepanje","7":"pwb-brand-nosecnost","8":"product_cat-babyshower-darila","9":"product_cat-blazine-za-dojenje","10":"product_cat-darilo-za-nosecnico","11":"product_cat-dojenje","12":"product_cat-nosecniske-blazine","13":"product_cat-nosecnost","14":"product_tag-najell","15":"product_tag-najell-pregnancy-pillow","17":"first","18":"instock","19":"taxable","20":"shipping-taxable","21":"purchasable","22":"product-type-simple","23":"add-to-wishlist-before_image"},"yoast_head":"<!-- This site is optimized with the Yoast SEO plugin v27.3 - https:\/\/yoast.com\/product\/yoast-seo-wordpress\/ -->\n<title>Najell\u00ae blazina za nose\u010dnost in dojenje - Linen Beige | Ajatutaja<\/title>\n<meta name=\"description\" content=\"Najell\u00ae Pregnancy Pillow je prilagodljiva nose\u010dni\u0161ka blazina, ki je nadvse uporabna za \u010das nose\u010dnosti in dojenja. Sestavljena je iz dveh manj\u0161ih blazin se oblikujeta v eno ve\u010djo, kar vam omogo\u010da polno telo blazine za nose\u010dnost ali manj\u0161o blazino za dojenje.\" \/>\n<meta name=\"robots\" content=\"index, follow, max-snippet:-1, max-image-preview:large, max-video-preview:-1\" \/>\n<link rel=\"canonical\" href=\"https:\/\/ajatutaja.com\/izdelek\/najell-blazina-za-nosecnost-in-dojenje-linen-beige\/\" \/>\n<meta property=\"og:locale\" content=\"hr_HR\" \/>\n<meta property=\"og:type\" content=\"article\" \/>\n<meta property=\"og:title\" content=\"Najell\u00ae blazina za nose\u010dnost in dojenje - Linen Beige | Ajatutaja\" \/>\n<meta property=\"og:description\" content=\"Najell\u00ae Pregnancy Pillow je prilagodljiva nose\u010dni\u0161ka blazina, ki je nadvse uporabna za \u010das nose\u010dnosti in dojenja. Sestavljena je iz dveh manj\u0161ih blazin se oblikujeta v eno ve\u010djo, kar vam omogo\u010da polno telo blazine za nose\u010dnost ali manj\u0161o blazino za dojenje.\" \/>\n<meta property=\"og:url\" content=\"https:\/\/ajatutaja.com\/izdelek\/najell-blazina-za-nosecnost-in-dojenje-linen-beige\/\" \/>\n<meta property=\"og:site_name\" content=\"Ajatutaja\" \/>\n<meta property=\"article:modified_time\" content=\"2026-02-01T11:34:26+00:00\" \/>\n<meta property=\"og:image\" content=\"https:\/\/ajatutaja.com\/wp-content\/uploads\/2023\/11\/Najell-blazina-za-nosecnost-in-dojenje-ajatutaja-linen.png\" \/>\n\t<meta property=\"og:image:width\" content=\"600\" \/>\n\t<meta property=\"og:image:height\" content=\"600\" \/>\n\t<meta property=\"og:image:type\" content=\"image\/png\" \/>\n<meta name=\"twitter:card\" content=\"summary_large_image\" \/>\n<meta name=\"twitter:label1\" content=\"Procijenjeno vrijeme \u010ditanja\" \/>\n\t<meta name=\"twitter:data1\" content=\"2 minute\" \/>\n<script type=\"application\/ld+json\" class=\"yoast-schema-graph\">{\"@context\":\"https:\\\/\\\/schema.org\",\"@graph\":[{\"@type\":\"WebPage\",\"@id\":\"https:\\\/\\\/ajatutaja.com\\\/izdelek\\\/najell-blazina-za-nosecnost-in-dojenje-linen-beige\\\/\",\"url\":\"https:\\\/\\\/ajatutaja.com\\\/izdelek\\\/najell-blazina-za-nosecnost-in-dojenje-linen-beige\\\/\",\"name\":\"Najell\u00ae blazina za nose\u010dnost in dojenje - Linen Beige | Ajatutaja\",\"isPartOf\":{\"@id\":\"https:\\\/\\\/ajatutaja.com\\\/#website\"},\"primaryImageOfPage\":{\"@id\":\"https:\\\/\\\/ajatutaja.com\\\/izdelek\\\/najell-blazina-za-nosecnost-in-dojenje-linen-beige\\\/#primaryimage\"},\"image\":{\"@id\":\"https:\\\/\\\/ajatutaja.com\\\/izdelek\\\/najell-blazina-za-nosecnost-in-dojenje-linen-beige\\\/#primaryimage\"},\"thumbnailUrl\":\"https:\\\/\\\/ajatutaja.com\\\/wp-content\\\/uploads\\\/2023\\\/11\\\/Najell-blazina-za-nosecnost-in-dojenje-ajatutaja-linen.png\",\"datePublished\":\"2025-03-11T11:32:47+00:00\",\"dateModified\":\"2026-02-01T11:34:26+00:00\",\"description\":\"Najell\u00ae Pregnancy Pillow je prilagodljiva nose\u010dni\u0161ka blazina, ki je nadvse uporabna za \u010das nose\u010dnosti in dojenja. Sestavljena je iz dveh manj\u0161ih blazin se oblikujeta v eno ve\u010djo, kar vam omogo\u010da polno telo blazine za nose\u010dnost ali manj\u0161o blazino za dojenje.\",\"breadcrumb\":{\"@id\":\"https:\\\/\\\/ajatutaja.com\\\/izdelek\\\/najell-blazina-za-nosecnost-in-dojenje-linen-beige\\\/#breadcrumb\"},\"inLanguage\":\"hr\",\"potentialAction\":[{\"@type\":\"ReadAction\",\"target\":[\"https:\\\/\\\/ajatutaja.com\\\/izdelek\\\/najell-blazina-za-nosecnost-in-dojenje-linen-beige\\\/\"]}]},{\"@type\":\"ImageObject\",\"inLanguage\":\"hr\",\"@id\":\"https:\\\/\\\/ajatutaja.com\\\/izdelek\\\/najell-blazina-za-nosecnost-in-dojenje-linen-beige\\\/#primaryimage\",\"url\":\"https:\\\/\\\/ajatutaja.com\\\/wp-content\\\/uploads\\\/2023\\\/11\\\/Najell-blazina-za-nosecnost-in-dojenje-ajatutaja-linen.png\",\"contentUrl\":\"https:\\\/\\\/ajatutaja.com\\\/wp-content\\\/uploads\\\/2023\\\/11\\\/Najell-blazina-za-nosecnost-in-dojenje-ajatutaja-linen.png\",\"width\":600,\"height\":600},{\"@type\":\"BreadcrumbList\",\"@id\":\"https:\\\/\\\/ajatutaja.com\\\/izdelek\\\/najell-blazina-za-nosecnost-in-dojenje-linen-beige\\\/#breadcrumb\",\"itemListElement\":[{\"@type\":\"ListItem\",\"position\":1,\"name\":\"Home\",\"item\":\"https:\\\/\\\/ajatutaja.com\\\/hr\\\/\"},{\"@type\":\"ListItem\",\"position\":2,\"name\":\"Trgovina\",\"item\":\"https:\\\/\\\/ajatutaja.com\\\/hr\\\/trgovina\\\/\"},{\"@type\":\"ListItem\",\"position\":3,\"name\":\"Najell\u00ae blazina za nose\u010dnost in dojenje &#8211; Linen Beige\"}]},{\"@type\":\"WebSite\",\"@id\":\"https:\\\/\\\/ajatutaja.com\\\/#website\",\"url\":\"https:\\\/\\\/ajatutaja.com\\\/\",\"name\":\"Ajatutaja\",\"description\":\"Otro\u0161ka spletna trgovina AJATUTAJA\",\"publisher\":{\"@id\":\"https:\\\/\\\/ajatutaja.com\\\/#organization\"},\"potentialAction\":[{\"@type\":\"SearchAction\",\"target\":{\"@type\":\"EntryPoint\",\"urlTemplate\":\"https:\\\/\\\/ajatutaja.com\\\/?s={search_term_string}\"},\"query-input\":{\"@type\":\"PropertyValueSpecification\",\"valueRequired\":true,\"valueName\":\"search_term_string\"}}],\"inLanguage\":\"hr\"},{\"@type\":\"Organization\",\"@id\":\"https:\\\/\\\/ajatutaja.com\\\/#organization\",\"name\":\"Ajatutaja\",\"url\":\"https:\\\/\\\/ajatutaja.com\\\/\",\"logo\":{\"@type\":\"ImageObject\",\"inLanguage\":\"hr\",\"@id\":\"https:\\\/\\\/ajatutaja.com\\\/#\\\/schema\\\/logo\\\/image\\\/\",\"url\":\"https:\\\/\\\/ajatutaja.com\\\/wp-content\\\/uploads\\\/2021\\\/10\\\/logo.png\",\"contentUrl\":\"https:\\\/\\\/ajatutaja.com\\\/wp-content\\\/uploads\\\/2021\\\/10\\\/logo.png\",\"width\":555,\"height\":150,\"caption\":\"Ajatutaja\"},\"image\":{\"@id\":\"https:\\\/\\\/ajatutaja.com\\\/#\\\/schema\\\/logo\\\/image\\\/\"}}]}<\/script>\n<!-- \/ Yoast SEO plugin. -->","yoast_head_json":{"title":"Najell\u00ae blazina za nose\u010dnost in dojenje - Linen Beige | Ajatutaja","description":"Najell\u00ae Pregnancy Pillow je prilagodljiva nose\u010dni\u0161ka blazina, ki je nadvse uporabna za \u010das nose\u010dnosti in dojenja. Sestavljena je iz dveh manj\u0161ih blazin se oblikujeta v eno ve\u010djo, kar vam omogo\u010da polno telo blazine za nose\u010dnost ali manj\u0161o blazino za dojenje.","robots":{"index":"index","follow":"follow","max-snippet":"max-snippet:-1","max-image-preview":"max-image-preview:large","max-video-preview":"max-video-preview:-1"},"canonical":"https:\/\/ajatutaja.com\/izdelek\/najell-blazina-za-nosecnost-in-dojenje-linen-beige\/","og_locale":"hr_HR","og_type":"article","og_title":"Najell\u00ae blazina za nose\u010dnost in dojenje - Linen Beige | Ajatutaja","og_description":"Najell\u00ae Pregnancy Pillow je prilagodljiva nose\u010dni\u0161ka blazina, ki je nadvse uporabna za \u010das nose\u010dnosti in dojenja. Sestavljena je iz dveh manj\u0161ih blazin se oblikujeta v eno ve\u010djo, kar vam omogo\u010da polno telo blazine za nose\u010dnost ali manj\u0161o blazino za dojenje.","og_url":"https:\/\/ajatutaja.com\/izdelek\/najell-blazina-za-nosecnost-in-dojenje-linen-beige\/","og_site_name":"Ajatutaja","article_modified_time":"2026-02-01T11:34:26+00:00","og_image":[{"width":600,"height":600,"url":"https:\/\/ajatutaja.com\/wp-content\/uploads\/2023\/11\/Najell-blazina-za-nosecnost-in-dojenje-ajatutaja-linen.png","type":"image\/png"}],"twitter_card":"summary_large_image","twitter_misc":{"Procijenjeno vrijeme \u010ditanja":"2 minute"},"schema":{"@context":"https:\/\/schema.org","@graph":[{"@type":"WebPage","@id":"https:\/\/ajatutaja.com\/izdelek\/najell-blazina-za-nosecnost-in-dojenje-linen-beige\/","url":"https:\/\/ajatutaja.com\/izdelek\/najell-blazina-za-nosecnost-in-dojenje-linen-beige\/","name":"Najell\u00ae blazina za nose\u010dnost in dojenje - Linen Beige | Ajatutaja","isPartOf":{"@id":"https:\/\/ajatutaja.com\/#website"},"primaryImageOfPage":{"@id":"https:\/\/ajatutaja.com\/izdelek\/najell-blazina-za-nosecnost-in-dojenje-linen-beige\/#primaryimage"},"image":{"@id":"https:\/\/ajatutaja.com\/izdelek\/najell-blazina-za-nosecnost-in-dojenje-linen-beige\/#primaryimage"},"thumbnailUrl":"https:\/\/ajatutaja.com\/wp-content\/uploads\/2023\/11\/Najell-blazina-za-nosecnost-in-dojenje-ajatutaja-linen.png","datePublished":"2025-03-11T11:32:47+00:00","dateModified":"2026-02-01T11:34:26+00:00","description":"Najell\u00ae Pregnancy Pillow je prilagodljiva nose\u010dni\u0161ka blazina, ki je nadvse uporabna za \u010das nose\u010dnosti in dojenja. Sestavljena je iz dveh manj\u0161ih blazin se oblikujeta v eno ve\u010djo, kar vam omogo\u010da polno telo blazine za nose\u010dnost ali manj\u0161o blazino za dojenje.","breadcrumb":{"@id":"https:\/\/ajatutaja.com\/izdelek\/najell-blazina-za-nosecnost-in-dojenje-linen-beige\/#breadcrumb"},"inLanguage":"hr","potentialAction":[{"@type":"ReadAction","target":["https:\/\/ajatutaja.com\/izdelek\/najell-blazina-za-nosecnost-in-dojenje-linen-beige\/"]}]},{"@type":"ImageObject","inLanguage":"hr","@id":"https:\/\/ajatutaja.com\/izdelek\/najell-blazina-za-nosecnost-in-dojenje-linen-beige\/#primaryimage","url":"https:\/\/ajatutaja.com\/wp-content\/uploads\/2023\/11\/Najell-blazina-za-nosecnost-in-dojenje-ajatutaja-linen.png","contentUrl":"https:\/\/ajatutaja.com\/wp-content\/uploads\/2023\/11\/Najell-blazina-za-nosecnost-in-dojenje-ajatutaja-linen.png","width":600,"height":600},{"@type":"BreadcrumbList","@id":"https:\/\/ajatutaja.com\/izdelek\/najell-blazina-za-nosecnost-in-dojenje-linen-beige\/#breadcrumb","itemListElement":[{"@type":"ListItem","position":1,"name":"Home","item":"https:\/\/ajatutaja.com\/hr\/"},{"@type":"ListItem","position":2,"name":"Trgovina","item":"https:\/\/ajatutaja.com\/hr\/trgovina\/"},{"@type":"ListItem","position":3,"name":"Najell\u00ae blazina za nose\u010dnost in dojenje &#8211; Linen Beige"}]},{"@type":"WebSite","@id":"https:\/\/ajatutaja.com\/#website","url":"https:\/\/ajatutaja.com\/","name":"Ajatutaja","description":"Otro\u0161ka spletna trgovina AJATUTAJA","publisher":{"@id":"https:\/\/ajatutaja.com\/#organization"},"potentialAction":[{"@type":"SearchAction","target":{"@type":"EntryPoint","urlTemplate":"https:\/\/ajatutaja.com\/?s={search_term_string}"},"query-input":{"@type":"PropertyValueSpecification","valueRequired":true,"valueName":"search_term_string"}}],"inLanguage":"hr"},{"@type":"Organization","@id":"https:\/\/ajatutaja.com\/#organization","name":"Ajatutaja","url":"https:\/\/ajatutaja.com\/","logo":{"@type":"ImageObject","inLanguage":"hr","@id":"https:\/\/ajatutaja.com\/#\/schema\/logo\/image\/","url":"https:\/\/ajatutaja.com\/wp-content\/uploads\/2021\/10\/logo.png","contentUrl":"https:\/\/ajatutaja.com\/wp-content\/uploads\/2021\/10\/logo.png","width":555,"height":150,"caption":"Ajatutaja"},"image":{"@id":"https:\/\/ajatutaja.com\/#\/schema\/logo\/image\/"}}]}},"brands":[{"id":5373,"name":"Najell","slug":"najell-potepanje"},{"id":2267,"name":"Nose\u010dnost","slug":"nosecnost"}],"_links":{"self":[{"href":"https:\/\/ajatutaja.com\/hr\/wp-json\/wp\/v2\/product\/53884","targetHints":{"allow":["GET"]}}],"collection":[{"href":"https:\/\/ajatutaja.com\/hr\/wp-json\/wp\/v2\/product"}],"about":[{"href":"https:\/\/ajatutaja.com\/hr\/wp-json\/wp\/v2\/types\/product"}],"wp:featuredmedia":[{"embeddable":true,"href":"https:\/\/ajatutaja.com\/hr\/wp-json\/wp\/v2\/media\/77364"}],"wp:attachment":[{"href":"https:\/\/ajatutaja.com\/hr\/wp-json\/wp\/v2\/media?parent=53884"}],"wp:term":[{"taxonomy":"pwb-brand","embeddable":true,"href":"https:\/\/ajatutaja.com\/hr\/wp-json\/wp\/v2\/pwb-brand?post=53884"},{"taxonomy":"product_brand","embeddable":true,"href":"https:\/\/ajatutaja.com\/hr\/wp-json\/wp\/v2\/product_brand?post=53884"},{"taxonomy":"product_cat","embeddable":true,"href":"https:\/\/ajatutaja.com\/hr\/wp-json\/wp\/v2\/product_cat?post=53884"},{"taxonomy":"product_tag","embeddable":true,"href":"https:\/\/ajatutaja.com\/hr\/wp-json\/wp\/v2\/product_tag?post=53884"}],"curies":[{"name":"wp","href":"https:\/\/api.w.org\/{rel}","templated":true}]}}