{"id":53324,"date":"2023-10-10T10:17:34","date_gmt":"2023-10-10T08:17:34","guid":{"rendered":"https:\/\/ajatutaja.com\/?post_type=product&#038;p=53324"},"modified":"2025-04-25T10:49:40","modified_gmt":"2025-04-25T08:49:40","slug":"kids-concept-ludo-igra-carl-larsson-clovek-ne-jezi-se","status":"publish","type":"product","link":"https:\/\/ajatutaja.com\/hr\/proizvod\/kids-concept-ludo-igra-carl-larsson-clovek-ne-jezi-se\/","title":{"rendered":"Kid`s Concept Ludo igra Carl Larsson &#8211; \u010clovek ne jezi se"},"content":{"rendered":"<p>[vc_row][vc_column][vc_column_text]<\/p>\n<h3>Kid`s Concept Edvin Ludo igra &#8220;\u010clovek ne Jezi se&#8221; ima naslednje lastnosti:<\/h3>\n<ul>\n<li>Material: les , vre\u010dka iz bomba\u017ea<\/li>\n<li>Velikost: 20 x 20 x 2 cm<\/li>\n<li>Varnost: Produkt ustreza trenutnim EU varnostnim zahtevam in varnostnemu standardu za igra\u010de EN 71<\/li>\n<li>Igra\u010da na primerna za otroke mlaj\u0161e od 3 leta starosti<\/li>\n<li>\u010ci\u0161\u010denje z mehko in vla\u017eno krpo<\/li>\n<li><strong>Opozorilo<\/strong>: Igra vsebuje majhne delce, zato naj bo pri igri vedno prisotna odrasla oseba.<\/li>\n<\/ul>\n<p><em>Lesene igra\u010de in glasbila Kid`s Concept so na voljo tudi v trgovini Ajatutaja Koper!<\/em>[\/vc_column_text][\/vc_column][\/vc_row]<\/p>\n","protected":false},"excerpt":{"rendered":"<p>Kid`s Concept Carl Larsson &#8211; Ludo igra\u00a0 &#8220;\u010clovek ne jezi se&#8221; je klasi\u010dna, ro\u010dno izdelana igra za male in velike. Je zabavna in pou\u010dna, ter namenjena vsej dru\u017eini! Dovr\u0161ena lesena igralna povr\u0161ina z luknjicami omogo\u010da igro kjerkoli! Saj se figurice ne premaknejo.<\/p>\n","protected":false},"featured_media":53325,"template":"","meta":[],"pwb-brand":[2452,2470],"product_brand":[],"product_cat":[3992,5072,2716,2450,2362,2443],"product_tag":[4215],"class_list":{"0":"post-53324","1":"product","2":"type-product","3":"status-publish","4":"has-post-thumbnail","6":"pwb-brand-igranje","7":"pwb-brand-kids-concept","8":"product_cat-3-leta-igrace","9":"product_cat-bozicna-darila","10":"product_cat-darilo-do-30e","11":"product_cat-druzabne-igre","12":"product_cat-igranje","13":"product_cat-lesene-igrace","14":"product_tag-kids-concept","16":"first","17":"instock","18":"taxable","19":"shipping-taxable","20":"purchasable","21":"product-type-simple","22":"add-to-wishlist-before_image"},"yoast_head":"<!-- This site is optimized with the Yoast SEO plugin v27.3 - https:\/\/yoast.com\/product\/yoast-seo-wordpress\/ -->\n<title>Kid`s Concept Ludo igra Carl Larsson - \u010clovek ne jezi se | Ajatutaja<\/title>\n<meta name=\"description\" content=\"Kid`s Concept Ludo igra &quot;\u010clovek ne jezi se&quot; je klasi\u010dna, ro\u010dno izdelana igra za male in velike. Je zabavna in pou\u010dna ter namenjena vsej dru\u017eini!\" \/>\n<meta name=\"robots\" content=\"index, follow, max-snippet:-1, max-image-preview:large, max-video-preview:-1\" \/>\n<link rel=\"canonical\" href=\"https:\/\/ajatutaja.com\/izdelek\/kids-concept-ludo-igra-carl-larsson-clovek-ne-jezi-se\/\" \/>\n<meta property=\"og:locale\" content=\"hr_HR\" \/>\n<meta property=\"og:type\" content=\"article\" \/>\n<meta property=\"og:title\" content=\"Kid`s Concept Ludo igra Carl Larsson - \u010clovek ne jezi se | Ajatutaja\" \/>\n<meta property=\"og:description\" content=\"Kid`s Concept Ludo igra &quot;\u010clovek ne jezi se&quot; je klasi\u010dna, ro\u010dno izdelana igra za male in velike. Je zabavna in pou\u010dna ter namenjena vsej dru\u017eini!\" \/>\n<meta property=\"og:url\" content=\"https:\/\/ajatutaja.com\/izdelek\/kids-concept-ludo-igra-carl-larsson-clovek-ne-jezi-se\/\" \/>\n<meta property=\"og:site_name\" content=\"Ajatutaja\" \/>\n<meta property=\"article:modified_time\" content=\"2025-04-25T08:49:40+00:00\" \/>\n<meta property=\"og:image\" content=\"https:\/\/ajatutaja.com\/wp-content\/uploads\/2023\/10\/Druzabna-igra-clovek-nejezise-Kids-koncept-Ludo-LARSON-1.jpg\" \/>\n\t<meta property=\"og:image:width\" content=\"1220\" \/>\n\t<meta property=\"og:image:height\" content=\"1525\" \/>\n\t<meta property=\"og:image:type\" content=\"image\/jpeg\" \/>\n<meta name=\"twitter:card\" content=\"summary_large_image\" \/>\n<meta name=\"twitter:label1\" content=\"Procijenjeno vrijeme \u010ditanja\" \/>\n\t<meta name=\"twitter:data1\" content=\"1 minuta\" \/>\n<script type=\"application\/ld+json\" class=\"yoast-schema-graph\">{\"@context\":\"https:\\\/\\\/schema.org\",\"@graph\":[{\"@type\":\"WebPage\",\"@id\":\"https:\\\/\\\/ajatutaja.com\\\/izdelek\\\/kids-concept-ludo-igra-carl-larsson-clovek-ne-jezi-se\\\/\",\"url\":\"https:\\\/\\\/ajatutaja.com\\\/izdelek\\\/kids-concept-ludo-igra-carl-larsson-clovek-ne-jezi-se\\\/\",\"name\":\"Kid`s Concept Ludo igra Carl Larsson - \u010clovek ne jezi se | Ajatutaja\",\"isPartOf\":{\"@id\":\"https:\\\/\\\/ajatutaja.com\\\/#website\"},\"primaryImageOfPage\":{\"@id\":\"https:\\\/\\\/ajatutaja.com\\\/izdelek\\\/kids-concept-ludo-igra-carl-larsson-clovek-ne-jezi-se\\\/#primaryimage\"},\"image\":{\"@id\":\"https:\\\/\\\/ajatutaja.com\\\/izdelek\\\/kids-concept-ludo-igra-carl-larsson-clovek-ne-jezi-se\\\/#primaryimage\"},\"thumbnailUrl\":\"https:\\\/\\\/ajatutaja.com\\\/wp-content\\\/uploads\\\/2023\\\/10\\\/Druzabna-igra-clovek-nejezise-Kids-koncept-Ludo-LARSON-1.jpg\",\"datePublished\":\"2023-10-10T08:17:34+00:00\",\"dateModified\":\"2025-04-25T08:49:40+00:00\",\"description\":\"Kid`s Concept Ludo igra \\\"\u010clovek ne jezi se\\\" je klasi\u010dna, ro\u010dno izdelana igra za male in velike. Je zabavna in pou\u010dna ter namenjena vsej dru\u017eini!\",\"breadcrumb\":{\"@id\":\"https:\\\/\\\/ajatutaja.com\\\/izdelek\\\/kids-concept-ludo-igra-carl-larsson-clovek-ne-jezi-se\\\/#breadcrumb\"},\"inLanguage\":\"hr\",\"potentialAction\":[{\"@type\":\"ReadAction\",\"target\":[\"https:\\\/\\\/ajatutaja.com\\\/izdelek\\\/kids-concept-ludo-igra-carl-larsson-clovek-ne-jezi-se\\\/\"]}]},{\"@type\":\"ImageObject\",\"inLanguage\":\"hr\",\"@id\":\"https:\\\/\\\/ajatutaja.com\\\/izdelek\\\/kids-concept-ludo-igra-carl-larsson-clovek-ne-jezi-se\\\/#primaryimage\",\"url\":\"https:\\\/\\\/ajatutaja.com\\\/wp-content\\\/uploads\\\/2023\\\/10\\\/Druzabna-igra-clovek-nejezise-Kids-koncept-Ludo-LARSON-1.jpg\",\"contentUrl\":\"https:\\\/\\\/ajatutaja.com\\\/wp-content\\\/uploads\\\/2023\\\/10\\\/Druzabna-igra-clovek-nejezise-Kids-koncept-Ludo-LARSON-1.jpg\",\"width\":1220,\"height\":1525},{\"@type\":\"BreadcrumbList\",\"@id\":\"https:\\\/\\\/ajatutaja.com\\\/izdelek\\\/kids-concept-ludo-igra-carl-larsson-clovek-ne-jezi-se\\\/#breadcrumb\",\"itemListElement\":[{\"@type\":\"ListItem\",\"position\":1,\"name\":\"Home\",\"item\":\"https:\\\/\\\/ajatutaja.com\\\/hr\\\/\"},{\"@type\":\"ListItem\",\"position\":2,\"name\":\"Trgovina\",\"item\":\"https:\\\/\\\/ajatutaja.com\\\/hr\\\/trgovina\\\/\"},{\"@type\":\"ListItem\",\"position\":3,\"name\":\"Kid`s Concept Ludo igra Carl Larsson &#8211; \u010clovek ne jezi se\"}]},{\"@type\":\"WebSite\",\"@id\":\"https:\\\/\\\/ajatutaja.com\\\/#website\",\"url\":\"https:\\\/\\\/ajatutaja.com\\\/\",\"name\":\"Ajatutaja\",\"description\":\"Otro\u0161ka spletna trgovina AJATUTAJA\",\"publisher\":{\"@id\":\"https:\\\/\\\/ajatutaja.com\\\/#organization\"},\"potentialAction\":[{\"@type\":\"SearchAction\",\"target\":{\"@type\":\"EntryPoint\",\"urlTemplate\":\"https:\\\/\\\/ajatutaja.com\\\/?s={search_term_string}\"},\"query-input\":{\"@type\":\"PropertyValueSpecification\",\"valueRequired\":true,\"valueName\":\"search_term_string\"}}],\"inLanguage\":\"hr\"},{\"@type\":\"Organization\",\"@id\":\"https:\\\/\\\/ajatutaja.com\\\/#organization\",\"name\":\"Ajatutaja\",\"url\":\"https:\\\/\\\/ajatutaja.com\\\/\",\"logo\":{\"@type\":\"ImageObject\",\"inLanguage\":\"hr\",\"@id\":\"https:\\\/\\\/ajatutaja.com\\\/#\\\/schema\\\/logo\\\/image\\\/\",\"url\":\"https:\\\/\\\/ajatutaja.com\\\/wp-content\\\/uploads\\\/2021\\\/10\\\/logo.png\",\"contentUrl\":\"https:\\\/\\\/ajatutaja.com\\\/wp-content\\\/uploads\\\/2021\\\/10\\\/logo.png\",\"width\":555,\"height\":150,\"caption\":\"Ajatutaja\"},\"image\":{\"@id\":\"https:\\\/\\\/ajatutaja.com\\\/#\\\/schema\\\/logo\\\/image\\\/\"}}]}<\/script>\n<!-- \/ Yoast SEO plugin. -->","yoast_head_json":{"title":"Kid`s Concept Ludo igra Carl Larsson - \u010clovek ne jezi se | Ajatutaja","description":"Kid`s Concept Ludo igra \"\u010clovek ne jezi se\" je klasi\u010dna, ro\u010dno izdelana igra za male in velike. Je zabavna in pou\u010dna ter namenjena vsej dru\u017eini!","robots":{"index":"index","follow":"follow","max-snippet":"max-snippet:-1","max-image-preview":"max-image-preview:large","max-video-preview":"max-video-preview:-1"},"canonical":"https:\/\/ajatutaja.com\/izdelek\/kids-concept-ludo-igra-carl-larsson-clovek-ne-jezi-se\/","og_locale":"hr_HR","og_type":"article","og_title":"Kid`s Concept Ludo igra Carl Larsson - \u010clovek ne jezi se | Ajatutaja","og_description":"Kid`s Concept Ludo igra \"\u010clovek ne jezi se\" je klasi\u010dna, ro\u010dno izdelana igra za male in velike. Je zabavna in pou\u010dna ter namenjena vsej dru\u017eini!","og_url":"https:\/\/ajatutaja.com\/izdelek\/kids-concept-ludo-igra-carl-larsson-clovek-ne-jezi-se\/","og_site_name":"Ajatutaja","article_modified_time":"2025-04-25T08:49:40+00:00","og_image":[{"width":1220,"height":1525,"url":"https:\/\/ajatutaja.com\/wp-content\/uploads\/2023\/10\/Druzabna-igra-clovek-nejezise-Kids-koncept-Ludo-LARSON-1.jpg","type":"image\/jpeg"}],"twitter_card":"summary_large_image","twitter_misc":{"Procijenjeno vrijeme \u010ditanja":"1 minuta"},"schema":{"@context":"https:\/\/schema.org","@graph":[{"@type":"WebPage","@id":"https:\/\/ajatutaja.com\/izdelek\/kids-concept-ludo-igra-carl-larsson-clovek-ne-jezi-se\/","url":"https:\/\/ajatutaja.com\/izdelek\/kids-concept-ludo-igra-carl-larsson-clovek-ne-jezi-se\/","name":"Kid`s Concept Ludo igra Carl Larsson - \u010clovek ne jezi se | Ajatutaja","isPartOf":{"@id":"https:\/\/ajatutaja.com\/#website"},"primaryImageOfPage":{"@id":"https:\/\/ajatutaja.com\/izdelek\/kids-concept-ludo-igra-carl-larsson-clovek-ne-jezi-se\/#primaryimage"},"image":{"@id":"https:\/\/ajatutaja.com\/izdelek\/kids-concept-ludo-igra-carl-larsson-clovek-ne-jezi-se\/#primaryimage"},"thumbnailUrl":"https:\/\/ajatutaja.com\/wp-content\/uploads\/2023\/10\/Druzabna-igra-clovek-nejezise-Kids-koncept-Ludo-LARSON-1.jpg","datePublished":"2023-10-10T08:17:34+00:00","dateModified":"2025-04-25T08:49:40+00:00","description":"Kid`s Concept Ludo igra \"\u010clovek ne jezi se\" je klasi\u010dna, ro\u010dno izdelana igra za male in velike. Je zabavna in pou\u010dna ter namenjena vsej dru\u017eini!","breadcrumb":{"@id":"https:\/\/ajatutaja.com\/izdelek\/kids-concept-ludo-igra-carl-larsson-clovek-ne-jezi-se\/#breadcrumb"},"inLanguage":"hr","potentialAction":[{"@type":"ReadAction","target":["https:\/\/ajatutaja.com\/izdelek\/kids-concept-ludo-igra-carl-larsson-clovek-ne-jezi-se\/"]}]},{"@type":"ImageObject","inLanguage":"hr","@id":"https:\/\/ajatutaja.com\/izdelek\/kids-concept-ludo-igra-carl-larsson-clovek-ne-jezi-se\/#primaryimage","url":"https:\/\/ajatutaja.com\/wp-content\/uploads\/2023\/10\/Druzabna-igra-clovek-nejezise-Kids-koncept-Ludo-LARSON-1.jpg","contentUrl":"https:\/\/ajatutaja.com\/wp-content\/uploads\/2023\/10\/Druzabna-igra-clovek-nejezise-Kids-koncept-Ludo-LARSON-1.jpg","width":1220,"height":1525},{"@type":"BreadcrumbList","@id":"https:\/\/ajatutaja.com\/izdelek\/kids-concept-ludo-igra-carl-larsson-clovek-ne-jezi-se\/#breadcrumb","itemListElement":[{"@type":"ListItem","position":1,"name":"Home","item":"https:\/\/ajatutaja.com\/hr\/"},{"@type":"ListItem","position":2,"name":"Trgovina","item":"https:\/\/ajatutaja.com\/hr\/trgovina\/"},{"@type":"ListItem","position":3,"name":"Kid`s Concept Ludo igra Carl Larsson &#8211; \u010clovek ne jezi se"}]},{"@type":"WebSite","@id":"https:\/\/ajatutaja.com\/#website","url":"https:\/\/ajatutaja.com\/","name":"Ajatutaja","description":"Otro\u0161ka spletna trgovina AJATUTAJA","publisher":{"@id":"https:\/\/ajatutaja.com\/#organization"},"potentialAction":[{"@type":"SearchAction","target":{"@type":"EntryPoint","urlTemplate":"https:\/\/ajatutaja.com\/?s={search_term_string}"},"query-input":{"@type":"PropertyValueSpecification","valueRequired":true,"valueName":"search_term_string"}}],"inLanguage":"hr"},{"@type":"Organization","@id":"https:\/\/ajatutaja.com\/#organization","name":"Ajatutaja","url":"https:\/\/ajatutaja.com\/","logo":{"@type":"ImageObject","inLanguage":"hr","@id":"https:\/\/ajatutaja.com\/#\/schema\/logo\/image\/","url":"https:\/\/ajatutaja.com\/wp-content\/uploads\/2021\/10\/logo.png","contentUrl":"https:\/\/ajatutaja.com\/wp-content\/uploads\/2021\/10\/logo.png","width":555,"height":150,"caption":"Ajatutaja"},"image":{"@id":"https:\/\/ajatutaja.com\/#\/schema\/logo\/image\/"}}]}},"brands":[{"id":2452,"name":"Igranje","slug":"igranje"},{"id":2470,"name":"Kid's Concept","slug":"kids-concept"}],"_links":{"self":[{"href":"https:\/\/ajatutaja.com\/hr\/wp-json\/wp\/v2\/product\/53324","targetHints":{"allow":["GET"]}}],"collection":[{"href":"https:\/\/ajatutaja.com\/hr\/wp-json\/wp\/v2\/product"}],"about":[{"href":"https:\/\/ajatutaja.com\/hr\/wp-json\/wp\/v2\/types\/product"}],"wp:featuredmedia":[{"embeddable":true,"href":"https:\/\/ajatutaja.com\/hr\/wp-json\/wp\/v2\/media\/53325"}],"wp:attachment":[{"href":"https:\/\/ajatutaja.com\/hr\/wp-json\/wp\/v2\/media?parent=53324"}],"wp:term":[{"taxonomy":"pwb-brand","embeddable":true,"href":"https:\/\/ajatutaja.com\/hr\/wp-json\/wp\/v2\/pwb-brand?post=53324"},{"taxonomy":"product_brand","embeddable":true,"href":"https:\/\/ajatutaja.com\/hr\/wp-json\/wp\/v2\/product_brand?post=53324"},{"taxonomy":"product_cat","embeddable":true,"href":"https:\/\/ajatutaja.com\/hr\/wp-json\/wp\/v2\/product_cat?post=53324"},{"taxonomy":"product_tag","embeddable":true,"href":"https:\/\/ajatutaja.com\/hr\/wp-json\/wp\/v2\/product_tag?post=53324"}],"curies":[{"name":"wp","href":"https:\/\/api.w.org\/{rel}","templated":true}]}}