{"id":53282,"date":"2025-10-01T19:55:18","date_gmt":"2025-10-01T17:55:18","guid":{"rendered":"https:\/\/ajatutaja.com\/?post_type=product&#038;p=53282"},"modified":"2026-01-21T15:40:24","modified_gmt":"2026-01-21T14:40:24","slug":"little-dutch-teddy-jakna-baby-bunny-off-white","status":"publish","type":"product","link":"https:\/\/ajatutaja.com\/hr\/proizvod\/little-dutch-teddy-jakna-baby-bunny-off-white\/","title":{"rendered":"Little Dutch &#8211; Teddy jakna Baby Bunny Off white"},"content":{"rendered":"<p>[vc_row][vc_column][vc_column_text]<\/p>\n<h3>Lastnosti Teddy jakne Little Dutch:<\/h3>\n<ul>\n<li>Podlo\u017eena jakna ima kapuco<\/li>\n<li>Zapranje na gumbe<\/li>\n<li>Zra\u010den material<\/li>\n<li>Surovinska sestava: 70% reciklirani poliester, 30% poliester \/ Notranja podloga: 100% Bomba\u017e<\/li>\n<li>Nega: Pranje pri 30 \u00b0C \/ Ne\u017ena centrifuga \/ Ni primerno za kemijsko \u010di\u0161\u010denje ali beljenje \/ Ni primerno za su\u0161ilec perila<\/li>\n<\/ul>\n<p>[\/vc_column_text][\/vc_column][\/vc_row]<\/p>\n","protected":false},"excerpt":{"rendered":"<p style=\"text-align: justify\">Teddy jakna blagovne znamke Little Dutch iz kolekcije Baby Bunny bo poskrbela, da bo otroku prijetno in toplo. Podlo\u017eena je z bomba\u017eno jersey tkanino in ima kapuco z ljubkimi u\u0161esi. S prakti\u010dnim zapenjanjem na gumbke za la\u017eje obla\u010denje.<\/p>\n","protected":false},"featured_media":53291,"template":"","meta":[],"pwb-brand":[4893,2696],"product_brand":[],"product_cat":[3975,2689,2609,2682,2681],"product_tag":[5419,4002],"class_list":{"0":"post-53282","1":"product","2":"type-product","3":"status-publish","4":"has-post-thumbnail","6":"pwb-brand-little-dutch-moda","7":"pwb-brand-moda","8":"product_cat-akcija","9":"product_cat-jakne-in-zimski-pajaci","10":"product_cat-moda","11":"product_cat-oblacila-za-novorojencka","12":"product_cat-otroska-oblacila","13":"product_tag-baby-bunny","14":"product_tag-little-dutch","16":"first","17":"instock","18":"sale","19":"taxable","20":"shipping-taxable","21":"purchasable","22":"product-type-variable","23":"add-to-wishlist-before_image"},"yoast_head":"<!-- This site is optimized with the Yoast SEO plugin v27.3 - https:\/\/yoast.com\/product\/yoast-seo-wordpress\/ -->\n<title>Little Dutch - Teddy jakna Baby Bunny Off white | Ajatutaja<\/title>\n<meta name=\"description\" content=\"Teddy jakna blagovne znamke Little Dutch iz kolekcije Baby Bunny bo poskrbela, da bo otroku prijetno in toplo. Podlo\u017eena je z bomba\u017eno jersey tkanino in ima kapuco z ljubkimi u\u0161esi.\" \/>\n<meta name=\"robots\" content=\"index, follow, max-snippet:-1, max-image-preview:large, max-video-preview:-1\" \/>\n<link rel=\"canonical\" href=\"https:\/\/ajatutaja.com\/izdelek\/little-dutch-teddy-jakna-baby-bunny-off-white\/\" \/>\n<meta property=\"og:locale\" content=\"hr_HR\" \/>\n<meta property=\"og:type\" content=\"article\" \/>\n<meta property=\"og:title\" content=\"Little Dutch - Teddy jakna Baby Bunny Off white | Ajatutaja\" \/>\n<meta property=\"og:description\" content=\"Teddy jakna blagovne znamke Little Dutch iz kolekcije Baby Bunny bo poskrbela, da bo otroku prijetno in toplo. Podlo\u017eena je z bomba\u017eno jersey tkanino in ima kapuco z ljubkimi u\u0161esi.\" \/>\n<meta property=\"og:url\" content=\"https:\/\/ajatutaja.com\/izdelek\/little-dutch-teddy-jakna-baby-bunny-off-white\/\" \/>\n<meta property=\"og:site_name\" content=\"Ajatutaja\" \/>\n<meta property=\"article:modified_time\" content=\"2026-01-21T14:40:24+00:00\" \/>\n<meta property=\"og:image\" content=\"https:\/\/ajatutaja.com\/wp-content\/uploads\/2023\/10\/LITTLE-DUTCH-teddy-jakna-ajatutaja-off-white-e1696888590334.jpg\" \/>\n\t<meta property=\"og:image:width\" content=\"600\" \/>\n\t<meta property=\"og:image:height\" content=\"600\" \/>\n\t<meta property=\"og:image:type\" content=\"image\/jpeg\" \/>\n<meta name=\"twitter:card\" content=\"summary_large_image\" \/>\n<script type=\"application\/ld+json\" class=\"yoast-schema-graph\">{\"@context\":\"https:\\\/\\\/schema.org\",\"@graph\":[{\"@type\":\"WebPage\",\"@id\":\"https:\\\/\\\/ajatutaja.com\\\/izdelek\\\/little-dutch-teddy-jakna-baby-bunny-off-white\\\/\",\"url\":\"https:\\\/\\\/ajatutaja.com\\\/izdelek\\\/little-dutch-teddy-jakna-baby-bunny-off-white\\\/\",\"name\":\"Little Dutch - Teddy jakna Baby Bunny Off white | Ajatutaja\",\"isPartOf\":{\"@id\":\"https:\\\/\\\/ajatutaja.com\\\/#website\"},\"primaryImageOfPage\":{\"@id\":\"https:\\\/\\\/ajatutaja.com\\\/izdelek\\\/little-dutch-teddy-jakna-baby-bunny-off-white\\\/#primaryimage\"},\"image\":{\"@id\":\"https:\\\/\\\/ajatutaja.com\\\/izdelek\\\/little-dutch-teddy-jakna-baby-bunny-off-white\\\/#primaryimage\"},\"thumbnailUrl\":\"https:\\\/\\\/ajatutaja.com\\\/wp-content\\\/uploads\\\/2023\\\/10\\\/LITTLE-DUTCH-teddy-jakna-ajatutaja-off-white-e1696888590334.jpg\",\"datePublished\":\"2025-10-01T17:55:18+00:00\",\"dateModified\":\"2026-01-21T14:40:24+00:00\",\"description\":\"Teddy jakna blagovne znamke Little Dutch iz kolekcije Baby Bunny bo poskrbela, da bo otroku prijetno in toplo. Podlo\u017eena je z bomba\u017eno jersey tkanino in ima kapuco z ljubkimi u\u0161esi.\",\"breadcrumb\":{\"@id\":\"https:\\\/\\\/ajatutaja.com\\\/izdelek\\\/little-dutch-teddy-jakna-baby-bunny-off-white\\\/#breadcrumb\"},\"inLanguage\":\"hr\",\"potentialAction\":[{\"@type\":\"ReadAction\",\"target\":[\"https:\\\/\\\/ajatutaja.com\\\/izdelek\\\/little-dutch-teddy-jakna-baby-bunny-off-white\\\/\"]}]},{\"@type\":\"ImageObject\",\"inLanguage\":\"hr\",\"@id\":\"https:\\\/\\\/ajatutaja.com\\\/izdelek\\\/little-dutch-teddy-jakna-baby-bunny-off-white\\\/#primaryimage\",\"url\":\"https:\\\/\\\/ajatutaja.com\\\/wp-content\\\/uploads\\\/2023\\\/10\\\/LITTLE-DUTCH-teddy-jakna-ajatutaja-off-white-e1696888590334.jpg\",\"contentUrl\":\"https:\\\/\\\/ajatutaja.com\\\/wp-content\\\/uploads\\\/2023\\\/10\\\/LITTLE-DUTCH-teddy-jakna-ajatutaja-off-white-e1696888590334.jpg\",\"width\":600,\"height\":600},{\"@type\":\"BreadcrumbList\",\"@id\":\"https:\\\/\\\/ajatutaja.com\\\/izdelek\\\/little-dutch-teddy-jakna-baby-bunny-off-white\\\/#breadcrumb\",\"itemListElement\":[{\"@type\":\"ListItem\",\"position\":1,\"name\":\"Home\",\"item\":\"https:\\\/\\\/ajatutaja.com\\\/hr\\\/\"},{\"@type\":\"ListItem\",\"position\":2,\"name\":\"Trgovina\",\"item\":\"https:\\\/\\\/ajatutaja.com\\\/hr\\\/trgovina\\\/\"},{\"@type\":\"ListItem\",\"position\":3,\"name\":\"Little Dutch &#8211; Teddy jakna Baby Bunny Off white\"}]},{\"@type\":\"WebSite\",\"@id\":\"https:\\\/\\\/ajatutaja.com\\\/#website\",\"url\":\"https:\\\/\\\/ajatutaja.com\\\/\",\"name\":\"Ajatutaja\",\"description\":\"Otro\u0161ka spletna trgovina AJATUTAJA\",\"publisher\":{\"@id\":\"https:\\\/\\\/ajatutaja.com\\\/#organization\"},\"potentialAction\":[{\"@type\":\"SearchAction\",\"target\":{\"@type\":\"EntryPoint\",\"urlTemplate\":\"https:\\\/\\\/ajatutaja.com\\\/?s={search_term_string}\"},\"query-input\":{\"@type\":\"PropertyValueSpecification\",\"valueRequired\":true,\"valueName\":\"search_term_string\"}}],\"inLanguage\":\"hr\"},{\"@type\":\"Organization\",\"@id\":\"https:\\\/\\\/ajatutaja.com\\\/#organization\",\"name\":\"Ajatutaja\",\"url\":\"https:\\\/\\\/ajatutaja.com\\\/\",\"logo\":{\"@type\":\"ImageObject\",\"inLanguage\":\"hr\",\"@id\":\"https:\\\/\\\/ajatutaja.com\\\/#\\\/schema\\\/logo\\\/image\\\/\",\"url\":\"https:\\\/\\\/ajatutaja.com\\\/wp-content\\\/uploads\\\/2021\\\/10\\\/logo.png\",\"contentUrl\":\"https:\\\/\\\/ajatutaja.com\\\/wp-content\\\/uploads\\\/2021\\\/10\\\/logo.png\",\"width\":555,\"height\":150,\"caption\":\"Ajatutaja\"},\"image\":{\"@id\":\"https:\\\/\\\/ajatutaja.com\\\/#\\\/schema\\\/logo\\\/image\\\/\"}}]}<\/script>\n<!-- \/ Yoast SEO plugin. -->","yoast_head_json":{"title":"Little Dutch - Teddy jakna Baby Bunny Off white | Ajatutaja","description":"Teddy jakna blagovne znamke Little Dutch iz kolekcije Baby Bunny bo poskrbela, da bo otroku prijetno in toplo. Podlo\u017eena je z bomba\u017eno jersey tkanino in ima kapuco z ljubkimi u\u0161esi.","robots":{"index":"index","follow":"follow","max-snippet":"max-snippet:-1","max-image-preview":"max-image-preview:large","max-video-preview":"max-video-preview:-1"},"canonical":"https:\/\/ajatutaja.com\/izdelek\/little-dutch-teddy-jakna-baby-bunny-off-white\/","og_locale":"hr_HR","og_type":"article","og_title":"Little Dutch - Teddy jakna Baby Bunny Off white | Ajatutaja","og_description":"Teddy jakna blagovne znamke Little Dutch iz kolekcije Baby Bunny bo poskrbela, da bo otroku prijetno in toplo. Podlo\u017eena je z bomba\u017eno jersey tkanino in ima kapuco z ljubkimi u\u0161esi.","og_url":"https:\/\/ajatutaja.com\/izdelek\/little-dutch-teddy-jakna-baby-bunny-off-white\/","og_site_name":"Ajatutaja","article_modified_time":"2026-01-21T14:40:24+00:00","og_image":[{"width":600,"height":600,"url":"https:\/\/ajatutaja.com\/wp-content\/uploads\/2023\/10\/LITTLE-DUTCH-teddy-jakna-ajatutaja-off-white-e1696888590334.jpg","type":"image\/jpeg"}],"twitter_card":"summary_large_image","schema":{"@context":"https:\/\/schema.org","@graph":[{"@type":"WebPage","@id":"https:\/\/ajatutaja.com\/izdelek\/little-dutch-teddy-jakna-baby-bunny-off-white\/","url":"https:\/\/ajatutaja.com\/izdelek\/little-dutch-teddy-jakna-baby-bunny-off-white\/","name":"Little Dutch - Teddy jakna Baby Bunny Off white | Ajatutaja","isPartOf":{"@id":"https:\/\/ajatutaja.com\/#website"},"primaryImageOfPage":{"@id":"https:\/\/ajatutaja.com\/izdelek\/little-dutch-teddy-jakna-baby-bunny-off-white\/#primaryimage"},"image":{"@id":"https:\/\/ajatutaja.com\/izdelek\/little-dutch-teddy-jakna-baby-bunny-off-white\/#primaryimage"},"thumbnailUrl":"https:\/\/ajatutaja.com\/wp-content\/uploads\/2023\/10\/LITTLE-DUTCH-teddy-jakna-ajatutaja-off-white-e1696888590334.jpg","datePublished":"2025-10-01T17:55:18+00:00","dateModified":"2026-01-21T14:40:24+00:00","description":"Teddy jakna blagovne znamke Little Dutch iz kolekcije Baby Bunny bo poskrbela, da bo otroku prijetno in toplo. Podlo\u017eena je z bomba\u017eno jersey tkanino in ima kapuco z ljubkimi u\u0161esi.","breadcrumb":{"@id":"https:\/\/ajatutaja.com\/izdelek\/little-dutch-teddy-jakna-baby-bunny-off-white\/#breadcrumb"},"inLanguage":"hr","potentialAction":[{"@type":"ReadAction","target":["https:\/\/ajatutaja.com\/izdelek\/little-dutch-teddy-jakna-baby-bunny-off-white\/"]}]},{"@type":"ImageObject","inLanguage":"hr","@id":"https:\/\/ajatutaja.com\/izdelek\/little-dutch-teddy-jakna-baby-bunny-off-white\/#primaryimage","url":"https:\/\/ajatutaja.com\/wp-content\/uploads\/2023\/10\/LITTLE-DUTCH-teddy-jakna-ajatutaja-off-white-e1696888590334.jpg","contentUrl":"https:\/\/ajatutaja.com\/wp-content\/uploads\/2023\/10\/LITTLE-DUTCH-teddy-jakna-ajatutaja-off-white-e1696888590334.jpg","width":600,"height":600},{"@type":"BreadcrumbList","@id":"https:\/\/ajatutaja.com\/izdelek\/little-dutch-teddy-jakna-baby-bunny-off-white\/#breadcrumb","itemListElement":[{"@type":"ListItem","position":1,"name":"Home","item":"https:\/\/ajatutaja.com\/hr\/"},{"@type":"ListItem","position":2,"name":"Trgovina","item":"https:\/\/ajatutaja.com\/hr\/trgovina\/"},{"@type":"ListItem","position":3,"name":"Little Dutch &#8211; Teddy jakna Baby Bunny Off white"}]},{"@type":"WebSite","@id":"https:\/\/ajatutaja.com\/#website","url":"https:\/\/ajatutaja.com\/","name":"Ajatutaja","description":"Otro\u0161ka spletna trgovina AJATUTAJA","publisher":{"@id":"https:\/\/ajatutaja.com\/#organization"},"potentialAction":[{"@type":"SearchAction","target":{"@type":"EntryPoint","urlTemplate":"https:\/\/ajatutaja.com\/?s={search_term_string}"},"query-input":{"@type":"PropertyValueSpecification","valueRequired":true,"valueName":"search_term_string"}}],"inLanguage":"hr"},{"@type":"Organization","@id":"https:\/\/ajatutaja.com\/#organization","name":"Ajatutaja","url":"https:\/\/ajatutaja.com\/","logo":{"@type":"ImageObject","inLanguage":"hr","@id":"https:\/\/ajatutaja.com\/#\/schema\/logo\/image\/","url":"https:\/\/ajatutaja.com\/wp-content\/uploads\/2021\/10\/logo.png","contentUrl":"https:\/\/ajatutaja.com\/wp-content\/uploads\/2021\/10\/logo.png","width":555,"height":150,"caption":"Ajatutaja"},"image":{"@id":"https:\/\/ajatutaja.com\/#\/schema\/logo\/image\/"}}]}},"brands":[{"id":4893,"name":"Little Dutch","slug":"little-dutch-moda"},{"id":2696,"name":"Moda","slug":"moda"}],"_links":{"self":[{"href":"https:\/\/ajatutaja.com\/hr\/wp-json\/wp\/v2\/product\/53282","targetHints":{"allow":["GET"]}}],"collection":[{"href":"https:\/\/ajatutaja.com\/hr\/wp-json\/wp\/v2\/product"}],"about":[{"href":"https:\/\/ajatutaja.com\/hr\/wp-json\/wp\/v2\/types\/product"}],"wp:featuredmedia":[{"embeddable":true,"href":"https:\/\/ajatutaja.com\/hr\/wp-json\/wp\/v2\/media\/53291"}],"wp:attachment":[{"href":"https:\/\/ajatutaja.com\/hr\/wp-json\/wp\/v2\/media?parent=53282"}],"wp:term":[{"taxonomy":"pwb-brand","embeddable":true,"href":"https:\/\/ajatutaja.com\/hr\/wp-json\/wp\/v2\/pwb-brand?post=53282"},{"taxonomy":"product_brand","embeddable":true,"href":"https:\/\/ajatutaja.com\/hr\/wp-json\/wp\/v2\/product_brand?post=53282"},{"taxonomy":"product_cat","embeddable":true,"href":"https:\/\/ajatutaja.com\/hr\/wp-json\/wp\/v2\/product_cat?post=53282"},{"taxonomy":"product_tag","embeddable":true,"href":"https:\/\/ajatutaja.com\/hr\/wp-json\/wp\/v2\/product_tag?post=53282"}],"curies":[{"name":"wp","href":"https:\/\/api.w.org\/{rel}","templated":true}]}}