{"id":52888,"date":"2023-09-27T17:23:39","date_gmt":"2023-09-27T15:23:39","guid":{"rendered":"https:\/\/ajatutaja.com\/?post_type=product&#038;p=52888"},"modified":"2025-04-23T13:54:34","modified_gmt":"2025-04-23T11:54:34","slug":"ergobaby-aura-trak-za-nosenje-silver-stripes","status":"publish","type":"product","link":"https:\/\/ajatutaja.com\/hr\/proizvod\/ergobaby-aura-trak-za-nosenje-silver-stripes\/","title":{"rendered":"Ergobaby Aura trak za no\u0161enje &#8211; Sustainable Knit Grey Stripes"},"content":{"rendered":"<p>[vc_row][vc_column][vc_column_text]Mehka nosilka za otroke Ergobaby Aura Sustainable je en ostaven za uporabo. Ozna\u010deni rob in oznaka na sredini \u0161ala olaj\u0161ata zavezovanje, ter omogo\u010data enostavno in varno namestitev otroka. Mehka podporna tkanina ohranja otroka na mestu, blizu va\u0161ega srca, v naravnem ergonomskem polo\u017eaju v obliki \u010drke M.Mehki materiali, ki hkrati zagotavljajo ustrezno oporo, so kot nala\u0161\u010d za povezovanje novorjen\u010dka. Tkanina je naravno mehka in ne\u017ena do ko\u017ee novorojen\u010dka Tkanina iz trajnostnih virov* Tencel \u2122 Lyocell vlakna so proizvedena iz trajnostnega lesa in certificirana kot biolo\u0161ko razgradljiva.<em>\u00a0<\/em><\/p>\n<h4>Lastnosti noislke \/ elasti\u010dnega traku Ergobaby Aura wrap :<\/h4>\n<ul>\n<li>namenjena otrokom rojstva do prvega leta (3,6-11,3 kg)<\/li>\n<li>enostavno zavezovanje z ozna\u010denimi robovi,<\/li>\n<li>mehek in ne\u017een za dojen\u010dkovo ko\u017eo,<\/li>\n<li>podpira otroka v ergonomskem \u201cM\u201d polo\u017eaju,<\/li>\n<li>prilo\u017eena torbica za shranjevanje,<\/li>\n<li>enostavno vzdr\u017eevanje in pralno v pralnem stroju pri 30\u00b0C,<\/li>\n<li>univerzalna velikost, ki ustreza drobnej\u0161im in mo\u010dnej\u0161ih star\u0161em,<\/li>\n<li>dimenzije Ergobaby Aura elasti\u010dnega traku: dol\u017eina 490 cm\/\u0161irina 53,4 cm<\/li>\n<li>proizvedeno v zaprti proizvodnji, ki reciklira 99 % uporabljene vode in topil<\/li>\n<li>Surovinska sestava: 100% Tencel\u2122 liocel \/ Tencel \u2122 Lyocell vlakna so proizvedena iz trajnostnega lesa in certificirana kot biolo\u0161ko razgradljiva<\/li>\n<\/ul>\n<p>[\/vc_column_text][\/vc_column][\/vc_row]<\/p>\n","protected":false},"excerpt":{"rendered":"<p>Aura Sustainable trak je odli\u010dna izbira, ko \u017eelite svojega novorojen\u010dka dr\u017eati blizu svojega srca v naravnem, ergonomskem polo\u017eaju. Ergobaby Aura Sustainable trak je idealen tako za za\u010detnike kot za izku\u0161ene nosilce. Ozna\u010deni rob in oznaka na sredini \u0161ala olaj\u0161ata zavezovanje in omogo\u010data hitro namestitev otroka.Mehka podporna tkanina ohranja otroka na mestu, blizu va\u0161ega srca, v naravnem ergonomskem polo\u017eaju v obliki \u010drke M.<\/p>\n","protected":false},"featured_media":66096,"template":"","meta":[],"pwb-brand":[2415,2409],"product_brand":[],"product_cat":[2710,2397,2361],"product_tag":[3973,4167],"class_list":{"0":"post-52888","1":"product","2":"type-product","3":"status-publish","4":"has-post-thumbnail","6":"pwb-brand-ergobaby-potepanje","7":"pwb-brand-potepanje","8":"product_cat-babyshower-darila","9":"product_cat-nosilke-za-otroke","10":"product_cat-potepanje","11":"product_tag-ergobaby","12":"product_tag-ergobaby-aura","14":"first","15":"instock","16":"taxable","17":"shipping-taxable","18":"purchasable","19":"product-type-simple","20":"add-to-wishlist-before_image"},"yoast_head":"<!-- This site is optimized with the Yoast SEO plugin v27.3 - https:\/\/yoast.com\/product\/yoast-seo-wordpress\/ -->\n<title>Ergobaby Aura trak za no\u0161enje - Sustainable Knit Grey Stripes | Ajatutaja<\/title>\n<meta name=\"description\" content=\"Ergobaby Aura elasti\u010den trak je idealna nosilka za novorojen\u010dka, ki bo na ta na\u010din v tesnem stiku z mamico.\" \/>\n<meta name=\"robots\" content=\"index, follow, max-snippet:-1, max-image-preview:large, max-video-preview:-1\" \/>\n<link rel=\"canonical\" href=\"https:\/\/ajatutaja.com\/izdelek\/ergobaby-aura-trak-za-nosenje-silver-stripes\/\" \/>\n<meta property=\"og:locale\" content=\"hr_HR\" \/>\n<meta property=\"og:type\" content=\"article\" \/>\n<meta property=\"og:title\" content=\"Ergobaby Aura trak za no\u0161enje - Sustainable Knit Grey Stripes | Ajatutaja\" \/>\n<meta property=\"og:description\" content=\"Ergobaby Aura elasti\u010den trak je idealna nosilka za novorojen\u010dka, ki bo na ta na\u010din v tesnem stiku z mamico.\" \/>\n<meta property=\"og:url\" content=\"https:\/\/ajatutaja.com\/izdelek\/ergobaby-aura-trak-za-nosenje-silver-stripes\/\" \/>\n<meta property=\"og:site_name\" content=\"Ajatutaja\" \/>\n<meta property=\"article:modified_time\" content=\"2025-04-23T11:54:34+00:00\" \/>\n<meta property=\"og:image\" content=\"https:\/\/ajatutaja.com\/wp-content\/uploads\/2023\/09\/Ergobaby-nosilka-aura-wrap-sustainable-knit-grey-stripes-0.jpeg\" \/>\n\t<meta property=\"og:image:width\" content=\"1080\" \/>\n\t<meta property=\"og:image:height\" content=\"1080\" \/>\n\t<meta property=\"og:image:type\" content=\"image\/jpeg\" \/>\n<meta name=\"twitter:card\" content=\"summary_large_image\" \/>\n<meta name=\"twitter:label1\" content=\"Procijenjeno vrijeme \u010ditanja\" \/>\n\t<meta name=\"twitter:data1\" content=\"1 minuta\" \/>\n<script type=\"application\/ld+json\" class=\"yoast-schema-graph\">{\"@context\":\"https:\\\/\\\/schema.org\",\"@graph\":[{\"@type\":\"WebPage\",\"@id\":\"https:\\\/\\\/ajatutaja.com\\\/izdelek\\\/ergobaby-aura-trak-za-nosenje-silver-stripes\\\/\",\"url\":\"https:\\\/\\\/ajatutaja.com\\\/izdelek\\\/ergobaby-aura-trak-za-nosenje-silver-stripes\\\/\",\"name\":\"Ergobaby Aura trak za no\u0161enje - Sustainable Knit Grey Stripes | Ajatutaja\",\"isPartOf\":{\"@id\":\"https:\\\/\\\/ajatutaja.com\\\/#website\"},\"primaryImageOfPage\":{\"@id\":\"https:\\\/\\\/ajatutaja.com\\\/izdelek\\\/ergobaby-aura-trak-za-nosenje-silver-stripes\\\/#primaryimage\"},\"image\":{\"@id\":\"https:\\\/\\\/ajatutaja.com\\\/izdelek\\\/ergobaby-aura-trak-za-nosenje-silver-stripes\\\/#primaryimage\"},\"thumbnailUrl\":\"https:\\\/\\\/ajatutaja.com\\\/wp-content\\\/uploads\\\/2023\\\/09\\\/Ergobaby-nosilka-aura-wrap-sustainable-knit-grey-stripes-0.jpeg\",\"datePublished\":\"2023-09-27T15:23:39+00:00\",\"dateModified\":\"2025-04-23T11:54:34+00:00\",\"description\":\"Ergobaby Aura elasti\u010den trak je idealna nosilka za novorojen\u010dka, ki bo na ta na\u010din v tesnem stiku z mamico.\",\"breadcrumb\":{\"@id\":\"https:\\\/\\\/ajatutaja.com\\\/izdelek\\\/ergobaby-aura-trak-za-nosenje-silver-stripes\\\/#breadcrumb\"},\"inLanguage\":\"hr\",\"potentialAction\":[{\"@type\":\"ReadAction\",\"target\":[\"https:\\\/\\\/ajatutaja.com\\\/izdelek\\\/ergobaby-aura-trak-za-nosenje-silver-stripes\\\/\"]}]},{\"@type\":\"ImageObject\",\"inLanguage\":\"hr\",\"@id\":\"https:\\\/\\\/ajatutaja.com\\\/izdelek\\\/ergobaby-aura-trak-za-nosenje-silver-stripes\\\/#primaryimage\",\"url\":\"https:\\\/\\\/ajatutaja.com\\\/wp-content\\\/uploads\\\/2023\\\/09\\\/Ergobaby-nosilka-aura-wrap-sustainable-knit-grey-stripes-0.jpeg\",\"contentUrl\":\"https:\\\/\\\/ajatutaja.com\\\/wp-content\\\/uploads\\\/2023\\\/09\\\/Ergobaby-nosilka-aura-wrap-sustainable-knit-grey-stripes-0.jpeg\",\"width\":1080,\"height\":1080},{\"@type\":\"BreadcrumbList\",\"@id\":\"https:\\\/\\\/ajatutaja.com\\\/izdelek\\\/ergobaby-aura-trak-za-nosenje-silver-stripes\\\/#breadcrumb\",\"itemListElement\":[{\"@type\":\"ListItem\",\"position\":1,\"name\":\"Home\",\"item\":\"https:\\\/\\\/ajatutaja.com\\\/hr\\\/\"},{\"@type\":\"ListItem\",\"position\":2,\"name\":\"Trgovina\",\"item\":\"https:\\\/\\\/ajatutaja.com\\\/hr\\\/trgovina\\\/\"},{\"@type\":\"ListItem\",\"position\":3,\"name\":\"Ergobaby Aura trak za no\u0161enje &#8211; Sustainable Knit Grey Stripes\"}]},{\"@type\":\"WebSite\",\"@id\":\"https:\\\/\\\/ajatutaja.com\\\/#website\",\"url\":\"https:\\\/\\\/ajatutaja.com\\\/\",\"name\":\"Ajatutaja\",\"description\":\"Otro\u0161ka spletna trgovina AJATUTAJA\",\"publisher\":{\"@id\":\"https:\\\/\\\/ajatutaja.com\\\/#organization\"},\"potentialAction\":[{\"@type\":\"SearchAction\",\"target\":{\"@type\":\"EntryPoint\",\"urlTemplate\":\"https:\\\/\\\/ajatutaja.com\\\/?s={search_term_string}\"},\"query-input\":{\"@type\":\"PropertyValueSpecification\",\"valueRequired\":true,\"valueName\":\"search_term_string\"}}],\"inLanguage\":\"hr\"},{\"@type\":\"Organization\",\"@id\":\"https:\\\/\\\/ajatutaja.com\\\/#organization\",\"name\":\"Ajatutaja\",\"url\":\"https:\\\/\\\/ajatutaja.com\\\/\",\"logo\":{\"@type\":\"ImageObject\",\"inLanguage\":\"hr\",\"@id\":\"https:\\\/\\\/ajatutaja.com\\\/#\\\/schema\\\/logo\\\/image\\\/\",\"url\":\"https:\\\/\\\/ajatutaja.com\\\/wp-content\\\/uploads\\\/2021\\\/10\\\/logo.png\",\"contentUrl\":\"https:\\\/\\\/ajatutaja.com\\\/wp-content\\\/uploads\\\/2021\\\/10\\\/logo.png\",\"width\":555,\"height\":150,\"caption\":\"Ajatutaja\"},\"image\":{\"@id\":\"https:\\\/\\\/ajatutaja.com\\\/#\\\/schema\\\/logo\\\/image\\\/\"}}]}<\/script>\n<!-- \/ Yoast SEO plugin. -->","yoast_head_json":{"title":"Ergobaby Aura trak za no\u0161enje - Sustainable Knit Grey Stripes | Ajatutaja","description":"Ergobaby Aura elasti\u010den trak je idealna nosilka za novorojen\u010dka, ki bo na ta na\u010din v tesnem stiku z mamico.","robots":{"index":"index","follow":"follow","max-snippet":"max-snippet:-1","max-image-preview":"max-image-preview:large","max-video-preview":"max-video-preview:-1"},"canonical":"https:\/\/ajatutaja.com\/izdelek\/ergobaby-aura-trak-za-nosenje-silver-stripes\/","og_locale":"hr_HR","og_type":"article","og_title":"Ergobaby Aura trak za no\u0161enje - Sustainable Knit Grey Stripes | Ajatutaja","og_description":"Ergobaby Aura elasti\u010den trak je idealna nosilka za novorojen\u010dka, ki bo na ta na\u010din v tesnem stiku z mamico.","og_url":"https:\/\/ajatutaja.com\/izdelek\/ergobaby-aura-trak-za-nosenje-silver-stripes\/","og_site_name":"Ajatutaja","article_modified_time":"2025-04-23T11:54:34+00:00","og_image":[{"width":1080,"height":1080,"url":"https:\/\/ajatutaja.com\/wp-content\/uploads\/2023\/09\/Ergobaby-nosilka-aura-wrap-sustainable-knit-grey-stripes-0.jpeg","type":"image\/jpeg"}],"twitter_card":"summary_large_image","twitter_misc":{"Procijenjeno vrijeme \u010ditanja":"1 minuta"},"schema":{"@context":"https:\/\/schema.org","@graph":[{"@type":"WebPage","@id":"https:\/\/ajatutaja.com\/izdelek\/ergobaby-aura-trak-za-nosenje-silver-stripes\/","url":"https:\/\/ajatutaja.com\/izdelek\/ergobaby-aura-trak-za-nosenje-silver-stripes\/","name":"Ergobaby Aura trak za no\u0161enje - Sustainable Knit Grey Stripes | Ajatutaja","isPartOf":{"@id":"https:\/\/ajatutaja.com\/#website"},"primaryImageOfPage":{"@id":"https:\/\/ajatutaja.com\/izdelek\/ergobaby-aura-trak-za-nosenje-silver-stripes\/#primaryimage"},"image":{"@id":"https:\/\/ajatutaja.com\/izdelek\/ergobaby-aura-trak-za-nosenje-silver-stripes\/#primaryimage"},"thumbnailUrl":"https:\/\/ajatutaja.com\/wp-content\/uploads\/2023\/09\/Ergobaby-nosilka-aura-wrap-sustainable-knit-grey-stripes-0.jpeg","datePublished":"2023-09-27T15:23:39+00:00","dateModified":"2025-04-23T11:54:34+00:00","description":"Ergobaby Aura elasti\u010den trak je idealna nosilka za novorojen\u010dka, ki bo na ta na\u010din v tesnem stiku z mamico.","breadcrumb":{"@id":"https:\/\/ajatutaja.com\/izdelek\/ergobaby-aura-trak-za-nosenje-silver-stripes\/#breadcrumb"},"inLanguage":"hr","potentialAction":[{"@type":"ReadAction","target":["https:\/\/ajatutaja.com\/izdelek\/ergobaby-aura-trak-za-nosenje-silver-stripes\/"]}]},{"@type":"ImageObject","inLanguage":"hr","@id":"https:\/\/ajatutaja.com\/izdelek\/ergobaby-aura-trak-za-nosenje-silver-stripes\/#primaryimage","url":"https:\/\/ajatutaja.com\/wp-content\/uploads\/2023\/09\/Ergobaby-nosilka-aura-wrap-sustainable-knit-grey-stripes-0.jpeg","contentUrl":"https:\/\/ajatutaja.com\/wp-content\/uploads\/2023\/09\/Ergobaby-nosilka-aura-wrap-sustainable-knit-grey-stripes-0.jpeg","width":1080,"height":1080},{"@type":"BreadcrumbList","@id":"https:\/\/ajatutaja.com\/izdelek\/ergobaby-aura-trak-za-nosenje-silver-stripes\/#breadcrumb","itemListElement":[{"@type":"ListItem","position":1,"name":"Home","item":"https:\/\/ajatutaja.com\/hr\/"},{"@type":"ListItem","position":2,"name":"Trgovina","item":"https:\/\/ajatutaja.com\/hr\/trgovina\/"},{"@type":"ListItem","position":3,"name":"Ergobaby Aura trak za no\u0161enje &#8211; Sustainable Knit Grey Stripes"}]},{"@type":"WebSite","@id":"https:\/\/ajatutaja.com\/#website","url":"https:\/\/ajatutaja.com\/","name":"Ajatutaja","description":"Otro\u0161ka spletna trgovina AJATUTAJA","publisher":{"@id":"https:\/\/ajatutaja.com\/#organization"},"potentialAction":[{"@type":"SearchAction","target":{"@type":"EntryPoint","urlTemplate":"https:\/\/ajatutaja.com\/?s={search_term_string}"},"query-input":{"@type":"PropertyValueSpecification","valueRequired":true,"valueName":"search_term_string"}}],"inLanguage":"hr"},{"@type":"Organization","@id":"https:\/\/ajatutaja.com\/#organization","name":"Ajatutaja","url":"https:\/\/ajatutaja.com\/","logo":{"@type":"ImageObject","inLanguage":"hr","@id":"https:\/\/ajatutaja.com\/#\/schema\/logo\/image\/","url":"https:\/\/ajatutaja.com\/wp-content\/uploads\/2021\/10\/logo.png","contentUrl":"https:\/\/ajatutaja.com\/wp-content\/uploads\/2021\/10\/logo.png","width":555,"height":150,"caption":"Ajatutaja"},"image":{"@id":"https:\/\/ajatutaja.com\/#\/schema\/logo\/image\/"}}]}},"brands":[{"id":2415,"name":"Ergobaby","slug":"ergobaby-potepanje"},{"id":2409,"name":"Potepanje","slug":"potepanje"}],"_links":{"self":[{"href":"https:\/\/ajatutaja.com\/hr\/wp-json\/wp\/v2\/product\/52888","targetHints":{"allow":["GET"]}}],"collection":[{"href":"https:\/\/ajatutaja.com\/hr\/wp-json\/wp\/v2\/product"}],"about":[{"href":"https:\/\/ajatutaja.com\/hr\/wp-json\/wp\/v2\/types\/product"}],"wp:featuredmedia":[{"embeddable":true,"href":"https:\/\/ajatutaja.com\/hr\/wp-json\/wp\/v2\/media\/66096"}],"wp:attachment":[{"href":"https:\/\/ajatutaja.com\/hr\/wp-json\/wp\/v2\/media?parent=52888"}],"wp:term":[{"taxonomy":"pwb-brand","embeddable":true,"href":"https:\/\/ajatutaja.com\/hr\/wp-json\/wp\/v2\/pwb-brand?post=52888"},{"taxonomy":"product_brand","embeddable":true,"href":"https:\/\/ajatutaja.com\/hr\/wp-json\/wp\/v2\/product_brand?post=52888"},{"taxonomy":"product_cat","embeddable":true,"href":"https:\/\/ajatutaja.com\/hr\/wp-json\/wp\/v2\/product_cat?post=52888"},{"taxonomy":"product_tag","embeddable":true,"href":"https:\/\/ajatutaja.com\/hr\/wp-json\/wp\/v2\/product_tag?post=52888"}],"curies":[{"name":"wp","href":"https:\/\/api.w.org\/{rel}","templated":true}]}}