{"id":52801,"date":"2023-09-23T20:46:03","date_gmt":"2023-09-23T18:46:03","guid":{"rendered":"https:\/\/ajatutaja.com\/?post_type=product&#038;p=52801"},"modified":"2026-03-04T19:44:32","modified_gmt":"2026-03-04T18:44:32","slug":"lesen-otroski-sesalec-kids-concept","status":"publish","type":"product","link":"https:\/\/ajatutaja.com\/hr\/proizvod\/lesen-otroski-sesalec-kids-concept\/","title":{"rendered":"Lesen otro\u0161ki sesalec Kid`s Concept"},"content":{"rendered":"<p>[vc_row][vc_column][vc_column_text]<\/p>\n<h3>Lesen otro\u0161ki sesalec Kid`s Concept ima naslednje lastnosti:<\/h3>\n<ul>\n<li>Material: FSC les<\/li>\n<li>Velikost: <span class=\"measurement-tab__list-item-value\">31 x 18.5 x 54<\/span><\/li>\n<li>Te\u017ea: 800 gr<\/li>\n<li>V kompletu je sesalec in magnetni kosi<\/li>\n<li>Varnost: Produkt ustreza trenutnim EU varnostnim zahtevam in varnostnemu standardu za igra\u010de EN 71<\/li>\n<li>Priporo\u010dljiva starost: 3\u00a0 leta+<\/li>\n<li>Vzdr\u017eevanje in \u010di\u0161\u010denje: <span class=\"HwtZe\" lang=\"sl\"><span class=\"jCAhz ChMk0b\"><span class=\"ryNqvb\">O\u010distite z mehko in vla\u017eno krpo.<\/span><\/span> <span class=\"jCAhz ChMk0b\"><span class=\"ryNqvb\">Redno preverjajte, ali so vsi vijaki priviti in ali so vsi deli nepo\u0161kodovani. Kolesa je mogo\u010de namazati s parafinskim oljem za \u017eivila ali lanenim oljem.<\/span><\/span><\/span><\/li>\n<\/ul>\n<p>[\/vc_column_text][\/vc_column][\/vc_row]<\/p>\n","protected":false},"excerpt":{"rendered":"<p>Lesen otro\u0161ki sesalec blagovne znamke\u00a0Kid&#8217;s Concept bo poskrbel, da bo sobica va\u0161ih mal\u010dkov vedno \u010dista in urejena. Magnetne ko\u0161\u010dke polo\u017eite na tla in sesalnik zapeljite, tako da se bodo leseni kosi prilepili na dno. Po kon\u010danem \u010di\u0161\u010denju shranite magnetne ko\u0161\u010dke v predal\u010dek, da bodo pripravljeni za novo igro.<\/p>\n","protected":false},"featured_media":52802,"template":"","meta":[],"pwb-brand":[2452,2470],"product_brand":[],"product_cat":[3992,5072,2362,2448,2443],"product_tag":[4215,4428],"class_list":{"0":"post-52801","1":"product","2":"type-product","3":"status-publish","4":"has-post-thumbnail","6":"pwb-brand-igranje","7":"pwb-brand-kids-concept","8":"product_cat-3-leta-igrace","9":"product_cat-bozicna-darila","10":"product_cat-igranje","11":"product_cat-igranje-vlog","12":"product_cat-lesene-igrace","13":"product_tag-kids-concept","14":"product_tag-otroska-kuhinja","16":"first","17":"instock","18":"taxable","19":"shipping-taxable","20":"purchasable","21":"product-type-simple","22":"add-to-wishlist-before_image"},"yoast_head":"<!-- This site is optimized with the Yoast SEO plugin v27.3 - https:\/\/yoast.com\/product\/yoast-seo-wordpress\/ -->\n<title>Lesen otro\u0161ki sesalec Kid`s Concept | Ajatutaja<\/title>\n<meta name=\"description\" content=\"Lesen otro\u0161ki sesalec blagovne znamke\u00a0Kid&#039;s Concept bo poskrbel, da bo sobica va\u0161ih mal\u010dkov vedno \u010dista in urejena. Magnetne ko\u0161\u010dke polo\u017eite na tla in sesalnik zapeljite, tako da se bodo leseni kosi prilepili na dno.\" \/>\n<meta name=\"robots\" content=\"index, follow, max-snippet:-1, max-image-preview:large, max-video-preview:-1\" \/>\n<link rel=\"canonical\" href=\"https:\/\/ajatutaja.com\/izdelek\/lesen-otroski-sesalec-kids-concept\/\" \/>\n<meta property=\"og:locale\" content=\"hr_HR\" \/>\n<meta property=\"og:type\" content=\"article\" \/>\n<meta property=\"og:title\" content=\"Lesen otro\u0161ki sesalec Kid`s Concept | Ajatutaja\" \/>\n<meta property=\"og:description\" content=\"Lesen otro\u0161ki sesalec blagovne znamke\u00a0Kid&#039;s Concept bo poskrbel, da bo sobica va\u0161ih mal\u010dkov vedno \u010dista in urejena. Magnetne ko\u0161\u010dke polo\u017eite na tla in sesalnik zapeljite, tako da se bodo leseni kosi prilepili na dno.\" \/>\n<meta property=\"og:url\" content=\"https:\/\/ajatutaja.com\/izdelek\/lesen-otroski-sesalec-kids-concept\/\" \/>\n<meta property=\"og:site_name\" content=\"Ajatutaja\" \/>\n<meta property=\"article:modified_time\" content=\"2026-03-04T18:44:32+00:00\" \/>\n<meta property=\"og:image\" content=\"https:\/\/ajatutaja.com\/wp-content\/uploads\/2023\/09\/kids_concept_leseni-sesalec-ajatutaja-0-e1695495394254.jpg\" \/>\n\t<meta property=\"og:image:width\" content=\"800\" \/>\n\t<meta property=\"og:image:height\" content=\"800\" \/>\n\t<meta property=\"og:image:type\" content=\"image\/jpeg\" \/>\n<meta name=\"twitter:card\" content=\"summary_large_image\" \/>\n<meta name=\"twitter:label1\" content=\"Procijenjeno vrijeme \u010ditanja\" \/>\n\t<meta name=\"twitter:data1\" content=\"1 minuta\" \/>\n<script type=\"application\/ld+json\" class=\"yoast-schema-graph\">{\"@context\":\"https:\\\/\\\/schema.org\",\"@graph\":[{\"@type\":\"WebPage\",\"@id\":\"https:\\\/\\\/ajatutaja.com\\\/izdelek\\\/lesen-otroski-sesalec-kids-concept\\\/\",\"url\":\"https:\\\/\\\/ajatutaja.com\\\/izdelek\\\/lesen-otroski-sesalec-kids-concept\\\/\",\"name\":\"Lesen otro\u0161ki sesalec Kid`s Concept | Ajatutaja\",\"isPartOf\":{\"@id\":\"https:\\\/\\\/ajatutaja.com\\\/#website\"},\"primaryImageOfPage\":{\"@id\":\"https:\\\/\\\/ajatutaja.com\\\/izdelek\\\/lesen-otroski-sesalec-kids-concept\\\/#primaryimage\"},\"image\":{\"@id\":\"https:\\\/\\\/ajatutaja.com\\\/izdelek\\\/lesen-otroski-sesalec-kids-concept\\\/#primaryimage\"},\"thumbnailUrl\":\"https:\\\/\\\/ajatutaja.com\\\/wp-content\\\/uploads\\\/2023\\\/09\\\/kids_concept_leseni-sesalec-ajatutaja-0-e1695495394254.jpg\",\"datePublished\":\"2023-09-23T18:46:03+00:00\",\"dateModified\":\"2026-03-04T18:44:32+00:00\",\"description\":\"Lesen otro\u0161ki sesalec blagovne znamke\u00a0Kid's Concept bo poskrbel, da bo sobica va\u0161ih mal\u010dkov vedno \u010dista in urejena. Magnetne ko\u0161\u010dke polo\u017eite na tla in sesalnik zapeljite, tako da se bodo leseni kosi prilepili na dno.\",\"breadcrumb\":{\"@id\":\"https:\\\/\\\/ajatutaja.com\\\/izdelek\\\/lesen-otroski-sesalec-kids-concept\\\/#breadcrumb\"},\"inLanguage\":\"hr\",\"potentialAction\":[{\"@type\":\"ReadAction\",\"target\":[\"https:\\\/\\\/ajatutaja.com\\\/izdelek\\\/lesen-otroski-sesalec-kids-concept\\\/\"]}]},{\"@type\":\"ImageObject\",\"inLanguage\":\"hr\",\"@id\":\"https:\\\/\\\/ajatutaja.com\\\/izdelek\\\/lesen-otroski-sesalec-kids-concept\\\/#primaryimage\",\"url\":\"https:\\\/\\\/ajatutaja.com\\\/wp-content\\\/uploads\\\/2023\\\/09\\\/kids_concept_leseni-sesalec-ajatutaja-0-e1695495394254.jpg\",\"contentUrl\":\"https:\\\/\\\/ajatutaja.com\\\/wp-content\\\/uploads\\\/2023\\\/09\\\/kids_concept_leseni-sesalec-ajatutaja-0-e1695495394254.jpg\",\"width\":800,\"height\":800},{\"@type\":\"BreadcrumbList\",\"@id\":\"https:\\\/\\\/ajatutaja.com\\\/izdelek\\\/lesen-otroski-sesalec-kids-concept\\\/#breadcrumb\",\"itemListElement\":[{\"@type\":\"ListItem\",\"position\":1,\"name\":\"Home\",\"item\":\"https:\\\/\\\/ajatutaja.com\\\/hr\\\/\"},{\"@type\":\"ListItem\",\"position\":2,\"name\":\"Trgovina\",\"item\":\"https:\\\/\\\/ajatutaja.com\\\/hr\\\/trgovina\\\/\"},{\"@type\":\"ListItem\",\"position\":3,\"name\":\"Lesen otro\u0161ki sesalec Kid`s Concept\"}]},{\"@type\":\"WebSite\",\"@id\":\"https:\\\/\\\/ajatutaja.com\\\/#website\",\"url\":\"https:\\\/\\\/ajatutaja.com\\\/\",\"name\":\"Ajatutaja\",\"description\":\"Otro\u0161ka spletna trgovina AJATUTAJA\",\"publisher\":{\"@id\":\"https:\\\/\\\/ajatutaja.com\\\/#organization\"},\"potentialAction\":[{\"@type\":\"SearchAction\",\"target\":{\"@type\":\"EntryPoint\",\"urlTemplate\":\"https:\\\/\\\/ajatutaja.com\\\/?s={search_term_string}\"},\"query-input\":{\"@type\":\"PropertyValueSpecification\",\"valueRequired\":true,\"valueName\":\"search_term_string\"}}],\"inLanguage\":\"hr\"},{\"@type\":\"Organization\",\"@id\":\"https:\\\/\\\/ajatutaja.com\\\/#organization\",\"name\":\"Ajatutaja\",\"url\":\"https:\\\/\\\/ajatutaja.com\\\/\",\"logo\":{\"@type\":\"ImageObject\",\"inLanguage\":\"hr\",\"@id\":\"https:\\\/\\\/ajatutaja.com\\\/#\\\/schema\\\/logo\\\/image\\\/\",\"url\":\"https:\\\/\\\/ajatutaja.com\\\/wp-content\\\/uploads\\\/2021\\\/10\\\/logo.png\",\"contentUrl\":\"https:\\\/\\\/ajatutaja.com\\\/wp-content\\\/uploads\\\/2021\\\/10\\\/logo.png\",\"width\":555,\"height\":150,\"caption\":\"Ajatutaja\"},\"image\":{\"@id\":\"https:\\\/\\\/ajatutaja.com\\\/#\\\/schema\\\/logo\\\/image\\\/\"}}]}<\/script>\n<!-- \/ Yoast SEO plugin. -->","yoast_head_json":{"title":"Lesen otro\u0161ki sesalec Kid`s Concept | Ajatutaja","description":"Lesen otro\u0161ki sesalec blagovne znamke\u00a0Kid's Concept bo poskrbel, da bo sobica va\u0161ih mal\u010dkov vedno \u010dista in urejena. Magnetne ko\u0161\u010dke polo\u017eite na tla in sesalnik zapeljite, tako da se bodo leseni kosi prilepili na dno.","robots":{"index":"index","follow":"follow","max-snippet":"max-snippet:-1","max-image-preview":"max-image-preview:large","max-video-preview":"max-video-preview:-1"},"canonical":"https:\/\/ajatutaja.com\/izdelek\/lesen-otroski-sesalec-kids-concept\/","og_locale":"hr_HR","og_type":"article","og_title":"Lesen otro\u0161ki sesalec Kid`s Concept | Ajatutaja","og_description":"Lesen otro\u0161ki sesalec blagovne znamke\u00a0Kid's Concept bo poskrbel, da bo sobica va\u0161ih mal\u010dkov vedno \u010dista in urejena. Magnetne ko\u0161\u010dke polo\u017eite na tla in sesalnik zapeljite, tako da se bodo leseni kosi prilepili na dno.","og_url":"https:\/\/ajatutaja.com\/izdelek\/lesen-otroski-sesalec-kids-concept\/","og_site_name":"Ajatutaja","article_modified_time":"2026-03-04T18:44:32+00:00","og_image":[{"width":800,"height":800,"url":"https:\/\/ajatutaja.com\/wp-content\/uploads\/2023\/09\/kids_concept_leseni-sesalec-ajatutaja-0-e1695495394254.jpg","type":"image\/jpeg"}],"twitter_card":"summary_large_image","twitter_misc":{"Procijenjeno vrijeme \u010ditanja":"1 minuta"},"schema":{"@context":"https:\/\/schema.org","@graph":[{"@type":"WebPage","@id":"https:\/\/ajatutaja.com\/izdelek\/lesen-otroski-sesalec-kids-concept\/","url":"https:\/\/ajatutaja.com\/izdelek\/lesen-otroski-sesalec-kids-concept\/","name":"Lesen otro\u0161ki sesalec Kid`s Concept | Ajatutaja","isPartOf":{"@id":"https:\/\/ajatutaja.com\/#website"},"primaryImageOfPage":{"@id":"https:\/\/ajatutaja.com\/izdelek\/lesen-otroski-sesalec-kids-concept\/#primaryimage"},"image":{"@id":"https:\/\/ajatutaja.com\/izdelek\/lesen-otroski-sesalec-kids-concept\/#primaryimage"},"thumbnailUrl":"https:\/\/ajatutaja.com\/wp-content\/uploads\/2023\/09\/kids_concept_leseni-sesalec-ajatutaja-0-e1695495394254.jpg","datePublished":"2023-09-23T18:46:03+00:00","dateModified":"2026-03-04T18:44:32+00:00","description":"Lesen otro\u0161ki sesalec blagovne znamke\u00a0Kid's Concept bo poskrbel, da bo sobica va\u0161ih mal\u010dkov vedno \u010dista in urejena. Magnetne ko\u0161\u010dke polo\u017eite na tla in sesalnik zapeljite, tako da se bodo leseni kosi prilepili na dno.","breadcrumb":{"@id":"https:\/\/ajatutaja.com\/izdelek\/lesen-otroski-sesalec-kids-concept\/#breadcrumb"},"inLanguage":"hr","potentialAction":[{"@type":"ReadAction","target":["https:\/\/ajatutaja.com\/izdelek\/lesen-otroski-sesalec-kids-concept\/"]}]},{"@type":"ImageObject","inLanguage":"hr","@id":"https:\/\/ajatutaja.com\/izdelek\/lesen-otroski-sesalec-kids-concept\/#primaryimage","url":"https:\/\/ajatutaja.com\/wp-content\/uploads\/2023\/09\/kids_concept_leseni-sesalec-ajatutaja-0-e1695495394254.jpg","contentUrl":"https:\/\/ajatutaja.com\/wp-content\/uploads\/2023\/09\/kids_concept_leseni-sesalec-ajatutaja-0-e1695495394254.jpg","width":800,"height":800},{"@type":"BreadcrumbList","@id":"https:\/\/ajatutaja.com\/izdelek\/lesen-otroski-sesalec-kids-concept\/#breadcrumb","itemListElement":[{"@type":"ListItem","position":1,"name":"Home","item":"https:\/\/ajatutaja.com\/hr\/"},{"@type":"ListItem","position":2,"name":"Trgovina","item":"https:\/\/ajatutaja.com\/hr\/trgovina\/"},{"@type":"ListItem","position":3,"name":"Lesen otro\u0161ki sesalec Kid`s Concept"}]},{"@type":"WebSite","@id":"https:\/\/ajatutaja.com\/#website","url":"https:\/\/ajatutaja.com\/","name":"Ajatutaja","description":"Otro\u0161ka spletna trgovina AJATUTAJA","publisher":{"@id":"https:\/\/ajatutaja.com\/#organization"},"potentialAction":[{"@type":"SearchAction","target":{"@type":"EntryPoint","urlTemplate":"https:\/\/ajatutaja.com\/?s={search_term_string}"},"query-input":{"@type":"PropertyValueSpecification","valueRequired":true,"valueName":"search_term_string"}}],"inLanguage":"hr"},{"@type":"Organization","@id":"https:\/\/ajatutaja.com\/#organization","name":"Ajatutaja","url":"https:\/\/ajatutaja.com\/","logo":{"@type":"ImageObject","inLanguage":"hr","@id":"https:\/\/ajatutaja.com\/#\/schema\/logo\/image\/","url":"https:\/\/ajatutaja.com\/wp-content\/uploads\/2021\/10\/logo.png","contentUrl":"https:\/\/ajatutaja.com\/wp-content\/uploads\/2021\/10\/logo.png","width":555,"height":150,"caption":"Ajatutaja"},"image":{"@id":"https:\/\/ajatutaja.com\/#\/schema\/logo\/image\/"}}]}},"brands":[{"id":2452,"name":"Igranje","slug":"igranje"},{"id":2470,"name":"Kid's Concept","slug":"kids-concept"}],"_links":{"self":[{"href":"https:\/\/ajatutaja.com\/hr\/wp-json\/wp\/v2\/product\/52801","targetHints":{"allow":["GET"]}}],"collection":[{"href":"https:\/\/ajatutaja.com\/hr\/wp-json\/wp\/v2\/product"}],"about":[{"href":"https:\/\/ajatutaja.com\/hr\/wp-json\/wp\/v2\/types\/product"}],"wp:featuredmedia":[{"embeddable":true,"href":"https:\/\/ajatutaja.com\/hr\/wp-json\/wp\/v2\/media\/52802"}],"wp:attachment":[{"href":"https:\/\/ajatutaja.com\/hr\/wp-json\/wp\/v2\/media?parent=52801"}],"wp:term":[{"taxonomy":"pwb-brand","embeddable":true,"href":"https:\/\/ajatutaja.com\/hr\/wp-json\/wp\/v2\/pwb-brand?post=52801"},{"taxonomy":"product_brand","embeddable":true,"href":"https:\/\/ajatutaja.com\/hr\/wp-json\/wp\/v2\/product_brand?post=52801"},{"taxonomy":"product_cat","embeddable":true,"href":"https:\/\/ajatutaja.com\/hr\/wp-json\/wp\/v2\/product_cat?post=52801"},{"taxonomy":"product_tag","embeddable":true,"href":"https:\/\/ajatutaja.com\/hr\/wp-json\/wp\/v2\/product_tag?post=52801"}],"curies":[{"name":"wp","href":"https:\/\/api.w.org\/{rel}","templated":true}]}}