{"id":52785,"date":"2023-09-23T19:15:16","date_gmt":"2023-09-23T17:15:16","guid":{"rendered":"https:\/\/ajatutaja.com\/?post_type=product&#038;p=52785"},"modified":"2024-02-18T20:36:15","modified_gmt":"2024-02-18T19:36:15","slug":"glasbeni-vrtiljak-little-dutch-little-farm","status":"publish","type":"product","link":"https:\/\/ajatutaja.com\/hr\/proizvod\/glasbeni-vrtiljak-little-dutch-little-farm\/","title":{"rendered":"Glasbeni vrtiljak Little Dutch &#8211; Little Farm"},"content":{"rendered":"<p>[vc_row][vc_column][vc_column_text]<\/p>\n<h3>Lastnosti glasbenega vrtiljaka Little Dutch:<\/h3>\n<ul>\n<li>Kolekcija Little Farm<\/li>\n<li>Velikost: 52 x 75 x 37cm<\/li>\n<li>Starost: 0m+<\/li>\n<li>Prilo\u017eena so navodila za monta\u017eo.<\/li>\n<li>Sestava: okvir: plastika; igra\u010dke: 100% poliester; glasbena \u0161katla: plastika.<\/li>\n<li>Vsebina embala\u017ee: 1 okvir z glasbeno \u0161katlo in s 5 mehkimi igra\u010dami.<\/li>\n<li>Skladnost: izdelek je skladen z evropsko direktivo\u00a0EN-71-1-2-3<\/li>\n<li>Melodija: uspavanka<\/li>\n<li>Igra\u010dke so pralne v pralnem na 30\u00b0C<\/li>\n<\/ul>\n<p>OPOZORILO! To igra\u010do pritrdite izven dosega otrok. Da prepre\u010dite morebitne po\u0161kodbe zaradi zapletanja, odstranite to igra\u010do, ko se otrok za\u010dne dvigati na roke in kolena v polo\u017eaju za plazenje. Zahtevana monta\u017ea odrasle osebe.<\/p>\n<p>Nizozemski proizvajalec Little Dutch izdeluje brez\u010dasne igra\u010de visoke kakovosti, z elegantnimi barvami, odtisi in ilustracijami. Vsi izdelki so skladni z evropskimi direktivami in se proizvajajo brez dela otrok in na dru\u017ebeno odgovoren na\u010din.<\/p>\n<p>Varno za otroke &#8211; izdelek je skladen z evropsko uredbo REACH in evropsko direktivo EN-71.[\/vc_column_text][\/vc_column][\/vc_row]<\/p>\n","protected":false},"excerpt":{"rendered":"<p>Prisr\u010den glasbeni vrtiljak Little Dutch iz kolekcije Little Farm bo va\u0161ega mal\u010dka dobesedno prevzel s svojimi ljubkimi \u017eivalicami. Vrtiljak\u00a0 je mo\u017eno enostavno pritrditi na otro\u0161ko posteljico ali stajico. Pomirjujo\u010da glasba otroka pomiri in ga popelje v sladek spanec.<\/p>\n","protected":false},"featured_media":52780,"template":"","meta":[],"pwb-brand":[2452,2457],"product_brand":[],"product_cat":[2710,5072,2711,2607,4784],"product_tag":[4002,5361],"class_list":{"0":"post-52785","1":"product","2":"type-product","3":"status-publish","4":"has-post-thumbnail","6":"pwb-brand-igranje","7":"pwb-brand-little-dutch-igra","8":"product_cat-babyshower-darila","9":"product_cat-bozicna-darila","10":"product_cat-darilo-ob-rojstvu","11":"product_cat-dodatki-in-dekoracije","12":"product_cat-vrtiljaki-in-obesanke","13":"product_tag-little-dutch","14":"product_tag-little-farm","16":"first","17":"instock","18":"taxable","19":"shipping-taxable","20":"purchasable","21":"product-type-simple","22":"add-to-wishlist-before_image"},"yoast_head":"<!-- This site is optimized with the Yoast SEO plugin v27.3 - https:\/\/yoast.com\/product\/yoast-seo-wordpress\/ -->\n<title>Glasbeni vrtiljak Little Dutch - Little Farm | Ajatutaja<\/title>\n<meta name=\"description\" content=\"Prisr\u010den glasbeni vrtiljak Little Dutch iz kolekcije Little Farm pomirja dojen\u010dka zahvaljujo\u010d ne\u017eni zvokom uspavanke. Glasbeni vrtiljak vklju\u010duje 5 malih igra\u010dk, ki se vrtijo.\" \/>\n<meta name=\"robots\" content=\"index, follow, max-snippet:-1, max-image-preview:large, max-video-preview:-1\" \/>\n<link rel=\"canonical\" href=\"https:\/\/ajatutaja.com\/izdelek\/glasbeni-vrtiljak-little-dutch-little-farm\/\" \/>\n<meta property=\"og:locale\" content=\"hr_HR\" \/>\n<meta property=\"og:type\" content=\"article\" \/>\n<meta property=\"og:title\" content=\"Glasbeni vrtiljak Little Dutch - Little Farm | Ajatutaja\" \/>\n<meta property=\"og:description\" content=\"Prisr\u010den glasbeni vrtiljak Little Dutch iz kolekcije Little Farm pomirja dojen\u010dka zahvaljujo\u010d ne\u017eni zvokom uspavanke. Glasbeni vrtiljak vklju\u010duje 5 malih igra\u010dk, ki se vrtijo.\" \/>\n<meta property=\"og:url\" content=\"https:\/\/ajatutaja.com\/izdelek\/glasbeni-vrtiljak-little-dutch-little-farm\/\" \/>\n<meta property=\"og:site_name\" content=\"Ajatutaja\" \/>\n<meta property=\"article:modified_time\" content=\"2024-02-18T19:36:15+00:00\" \/>\n<meta property=\"og:image\" content=\"https:\/\/ajatutaja.com\/wp-content\/uploads\/2023\/09\/Otroski-glasbeni-vrtiljak-litttle-dutch-farm-ajatutaja-1.jpeg\" \/>\n\t<meta property=\"og:image:width\" content=\"800\" \/>\n\t<meta property=\"og:image:height\" content=\"800\" \/>\n\t<meta property=\"og:image:type\" content=\"image\/jpeg\" \/>\n<meta name=\"twitter:card\" content=\"summary_large_image\" \/>\n<meta name=\"twitter:label1\" content=\"Procijenjeno vrijeme \u010ditanja\" \/>\n\t<meta name=\"twitter:data1\" content=\"1 minuta\" \/>\n<script type=\"application\/ld+json\" class=\"yoast-schema-graph\">{\"@context\":\"https:\\\/\\\/schema.org\",\"@graph\":[{\"@type\":\"WebPage\",\"@id\":\"https:\\\/\\\/ajatutaja.com\\\/izdelek\\\/glasbeni-vrtiljak-little-dutch-little-farm\\\/\",\"url\":\"https:\\\/\\\/ajatutaja.com\\\/izdelek\\\/glasbeni-vrtiljak-little-dutch-little-farm\\\/\",\"name\":\"Glasbeni vrtiljak Little Dutch - Little Farm | Ajatutaja\",\"isPartOf\":{\"@id\":\"https:\\\/\\\/ajatutaja.com\\\/#website\"},\"primaryImageOfPage\":{\"@id\":\"https:\\\/\\\/ajatutaja.com\\\/izdelek\\\/glasbeni-vrtiljak-little-dutch-little-farm\\\/#primaryimage\"},\"image\":{\"@id\":\"https:\\\/\\\/ajatutaja.com\\\/izdelek\\\/glasbeni-vrtiljak-little-dutch-little-farm\\\/#primaryimage\"},\"thumbnailUrl\":\"https:\\\/\\\/ajatutaja.com\\\/wp-content\\\/uploads\\\/2023\\\/09\\\/Otroski-glasbeni-vrtiljak-litttle-dutch-farm-ajatutaja-1.jpeg\",\"datePublished\":\"2023-09-23T17:15:16+00:00\",\"dateModified\":\"2024-02-18T19:36:15+00:00\",\"description\":\"Prisr\u010den glasbeni vrtiljak Little Dutch iz kolekcije Little Farm pomirja dojen\u010dka zahvaljujo\u010d ne\u017eni zvokom uspavanke. Glasbeni vrtiljak vklju\u010duje 5 malih igra\u010dk, ki se vrtijo.\",\"breadcrumb\":{\"@id\":\"https:\\\/\\\/ajatutaja.com\\\/izdelek\\\/glasbeni-vrtiljak-little-dutch-little-farm\\\/#breadcrumb\"},\"inLanguage\":\"hr\",\"potentialAction\":[{\"@type\":\"ReadAction\",\"target\":[\"https:\\\/\\\/ajatutaja.com\\\/izdelek\\\/glasbeni-vrtiljak-little-dutch-little-farm\\\/\"]}]},{\"@type\":\"ImageObject\",\"inLanguage\":\"hr\",\"@id\":\"https:\\\/\\\/ajatutaja.com\\\/izdelek\\\/glasbeni-vrtiljak-little-dutch-little-farm\\\/#primaryimage\",\"url\":\"https:\\\/\\\/ajatutaja.com\\\/wp-content\\\/uploads\\\/2023\\\/09\\\/Otroski-glasbeni-vrtiljak-litttle-dutch-farm-ajatutaja-1.jpeg\",\"contentUrl\":\"https:\\\/\\\/ajatutaja.com\\\/wp-content\\\/uploads\\\/2023\\\/09\\\/Otroski-glasbeni-vrtiljak-litttle-dutch-farm-ajatutaja-1.jpeg\",\"width\":800,\"height\":800},{\"@type\":\"BreadcrumbList\",\"@id\":\"https:\\\/\\\/ajatutaja.com\\\/izdelek\\\/glasbeni-vrtiljak-little-dutch-little-farm\\\/#breadcrumb\",\"itemListElement\":[{\"@type\":\"ListItem\",\"position\":1,\"name\":\"Home\",\"item\":\"https:\\\/\\\/ajatutaja.com\\\/hr\\\/\"},{\"@type\":\"ListItem\",\"position\":2,\"name\":\"Trgovina\",\"item\":\"https:\\\/\\\/ajatutaja.com\\\/hr\\\/trgovina\\\/\"},{\"@type\":\"ListItem\",\"position\":3,\"name\":\"Glasbeni vrtiljak Little Dutch &#8211; Little Farm\"}]},{\"@type\":\"WebSite\",\"@id\":\"https:\\\/\\\/ajatutaja.com\\\/#website\",\"url\":\"https:\\\/\\\/ajatutaja.com\\\/\",\"name\":\"Ajatutaja\",\"description\":\"Otro\u0161ka spletna trgovina AJATUTAJA\",\"publisher\":{\"@id\":\"https:\\\/\\\/ajatutaja.com\\\/#organization\"},\"potentialAction\":[{\"@type\":\"SearchAction\",\"target\":{\"@type\":\"EntryPoint\",\"urlTemplate\":\"https:\\\/\\\/ajatutaja.com\\\/?s={search_term_string}\"},\"query-input\":{\"@type\":\"PropertyValueSpecification\",\"valueRequired\":true,\"valueName\":\"search_term_string\"}}],\"inLanguage\":\"hr\"},{\"@type\":\"Organization\",\"@id\":\"https:\\\/\\\/ajatutaja.com\\\/#organization\",\"name\":\"Ajatutaja\",\"url\":\"https:\\\/\\\/ajatutaja.com\\\/\",\"logo\":{\"@type\":\"ImageObject\",\"inLanguage\":\"hr\",\"@id\":\"https:\\\/\\\/ajatutaja.com\\\/#\\\/schema\\\/logo\\\/image\\\/\",\"url\":\"https:\\\/\\\/ajatutaja.com\\\/wp-content\\\/uploads\\\/2021\\\/10\\\/logo.png\",\"contentUrl\":\"https:\\\/\\\/ajatutaja.com\\\/wp-content\\\/uploads\\\/2021\\\/10\\\/logo.png\",\"width\":555,\"height\":150,\"caption\":\"Ajatutaja\"},\"image\":{\"@id\":\"https:\\\/\\\/ajatutaja.com\\\/#\\\/schema\\\/logo\\\/image\\\/\"}}]}<\/script>\n<!-- \/ Yoast SEO plugin. -->","yoast_head_json":{"title":"Glasbeni vrtiljak Little Dutch - Little Farm | Ajatutaja","description":"Prisr\u010den glasbeni vrtiljak Little Dutch iz kolekcije Little Farm pomirja dojen\u010dka zahvaljujo\u010d ne\u017eni zvokom uspavanke. Glasbeni vrtiljak vklju\u010duje 5 malih igra\u010dk, ki se vrtijo.","robots":{"index":"index","follow":"follow","max-snippet":"max-snippet:-1","max-image-preview":"max-image-preview:large","max-video-preview":"max-video-preview:-1"},"canonical":"https:\/\/ajatutaja.com\/izdelek\/glasbeni-vrtiljak-little-dutch-little-farm\/","og_locale":"hr_HR","og_type":"article","og_title":"Glasbeni vrtiljak Little Dutch - Little Farm | Ajatutaja","og_description":"Prisr\u010den glasbeni vrtiljak Little Dutch iz kolekcije Little Farm pomirja dojen\u010dka zahvaljujo\u010d ne\u017eni zvokom uspavanke. Glasbeni vrtiljak vklju\u010duje 5 malih igra\u010dk, ki se vrtijo.","og_url":"https:\/\/ajatutaja.com\/izdelek\/glasbeni-vrtiljak-little-dutch-little-farm\/","og_site_name":"Ajatutaja","article_modified_time":"2024-02-18T19:36:15+00:00","og_image":[{"width":800,"height":800,"url":"https:\/\/ajatutaja.com\/wp-content\/uploads\/2023\/09\/Otroski-glasbeni-vrtiljak-litttle-dutch-farm-ajatutaja-1.jpeg","type":"image\/jpeg"}],"twitter_card":"summary_large_image","twitter_misc":{"Procijenjeno vrijeme \u010ditanja":"1 minuta"},"schema":{"@context":"https:\/\/schema.org","@graph":[{"@type":"WebPage","@id":"https:\/\/ajatutaja.com\/izdelek\/glasbeni-vrtiljak-little-dutch-little-farm\/","url":"https:\/\/ajatutaja.com\/izdelek\/glasbeni-vrtiljak-little-dutch-little-farm\/","name":"Glasbeni vrtiljak Little Dutch - Little Farm | Ajatutaja","isPartOf":{"@id":"https:\/\/ajatutaja.com\/#website"},"primaryImageOfPage":{"@id":"https:\/\/ajatutaja.com\/izdelek\/glasbeni-vrtiljak-little-dutch-little-farm\/#primaryimage"},"image":{"@id":"https:\/\/ajatutaja.com\/izdelek\/glasbeni-vrtiljak-little-dutch-little-farm\/#primaryimage"},"thumbnailUrl":"https:\/\/ajatutaja.com\/wp-content\/uploads\/2023\/09\/Otroski-glasbeni-vrtiljak-litttle-dutch-farm-ajatutaja-1.jpeg","datePublished":"2023-09-23T17:15:16+00:00","dateModified":"2024-02-18T19:36:15+00:00","description":"Prisr\u010den glasbeni vrtiljak Little Dutch iz kolekcije Little Farm pomirja dojen\u010dka zahvaljujo\u010d ne\u017eni zvokom uspavanke. Glasbeni vrtiljak vklju\u010duje 5 malih igra\u010dk, ki se vrtijo.","breadcrumb":{"@id":"https:\/\/ajatutaja.com\/izdelek\/glasbeni-vrtiljak-little-dutch-little-farm\/#breadcrumb"},"inLanguage":"hr","potentialAction":[{"@type":"ReadAction","target":["https:\/\/ajatutaja.com\/izdelek\/glasbeni-vrtiljak-little-dutch-little-farm\/"]}]},{"@type":"ImageObject","inLanguage":"hr","@id":"https:\/\/ajatutaja.com\/izdelek\/glasbeni-vrtiljak-little-dutch-little-farm\/#primaryimage","url":"https:\/\/ajatutaja.com\/wp-content\/uploads\/2023\/09\/Otroski-glasbeni-vrtiljak-litttle-dutch-farm-ajatutaja-1.jpeg","contentUrl":"https:\/\/ajatutaja.com\/wp-content\/uploads\/2023\/09\/Otroski-glasbeni-vrtiljak-litttle-dutch-farm-ajatutaja-1.jpeg","width":800,"height":800},{"@type":"BreadcrumbList","@id":"https:\/\/ajatutaja.com\/izdelek\/glasbeni-vrtiljak-little-dutch-little-farm\/#breadcrumb","itemListElement":[{"@type":"ListItem","position":1,"name":"Home","item":"https:\/\/ajatutaja.com\/hr\/"},{"@type":"ListItem","position":2,"name":"Trgovina","item":"https:\/\/ajatutaja.com\/hr\/trgovina\/"},{"@type":"ListItem","position":3,"name":"Glasbeni vrtiljak Little Dutch &#8211; Little Farm"}]},{"@type":"WebSite","@id":"https:\/\/ajatutaja.com\/#website","url":"https:\/\/ajatutaja.com\/","name":"Ajatutaja","description":"Otro\u0161ka spletna trgovina AJATUTAJA","publisher":{"@id":"https:\/\/ajatutaja.com\/#organization"},"potentialAction":[{"@type":"SearchAction","target":{"@type":"EntryPoint","urlTemplate":"https:\/\/ajatutaja.com\/?s={search_term_string}"},"query-input":{"@type":"PropertyValueSpecification","valueRequired":true,"valueName":"search_term_string"}}],"inLanguage":"hr"},{"@type":"Organization","@id":"https:\/\/ajatutaja.com\/#organization","name":"Ajatutaja","url":"https:\/\/ajatutaja.com\/","logo":{"@type":"ImageObject","inLanguage":"hr","@id":"https:\/\/ajatutaja.com\/#\/schema\/logo\/image\/","url":"https:\/\/ajatutaja.com\/wp-content\/uploads\/2021\/10\/logo.png","contentUrl":"https:\/\/ajatutaja.com\/wp-content\/uploads\/2021\/10\/logo.png","width":555,"height":150,"caption":"Ajatutaja"},"image":{"@id":"https:\/\/ajatutaja.com\/#\/schema\/logo\/image\/"}}]}},"brands":[{"id":2452,"name":"Igranje","slug":"igranje"},{"id":2457,"name":"Little Dutch","slug":"little-dutch-igra"}],"_links":{"self":[{"href":"https:\/\/ajatutaja.com\/hr\/wp-json\/wp\/v2\/product\/52785","targetHints":{"allow":["GET"]}}],"collection":[{"href":"https:\/\/ajatutaja.com\/hr\/wp-json\/wp\/v2\/product"}],"about":[{"href":"https:\/\/ajatutaja.com\/hr\/wp-json\/wp\/v2\/types\/product"}],"wp:featuredmedia":[{"embeddable":true,"href":"https:\/\/ajatutaja.com\/hr\/wp-json\/wp\/v2\/media\/52780"}],"wp:attachment":[{"href":"https:\/\/ajatutaja.com\/hr\/wp-json\/wp\/v2\/media?parent=52785"}],"wp:term":[{"taxonomy":"pwb-brand","embeddable":true,"href":"https:\/\/ajatutaja.com\/hr\/wp-json\/wp\/v2\/pwb-brand?post=52785"},{"taxonomy":"product_brand","embeddable":true,"href":"https:\/\/ajatutaja.com\/hr\/wp-json\/wp\/v2\/product_brand?post=52785"},{"taxonomy":"product_cat","embeddable":true,"href":"https:\/\/ajatutaja.com\/hr\/wp-json\/wp\/v2\/product_cat?post=52785"},{"taxonomy":"product_tag","embeddable":true,"href":"https:\/\/ajatutaja.com\/hr\/wp-json\/wp\/v2\/product_tag?post=52785"}],"curies":[{"name":"wp","href":"https:\/\/api.w.org\/{rel}","templated":true}]}}