{"id":52638,"date":"2023-10-16T06:42:38","date_gmt":"2023-10-16T04:42:38","guid":{"rendered":"https:\/\/ajatutaja.com\/?post_type=product&#038;p=52638"},"modified":"2026-02-12T09:31:16","modified_gmt":"2026-02-12T08:31:16","slug":"avtosedez-nuna-aace-lx-i-size-15-36-kg-2-3-coral","status":"publish","type":"product","link":"https:\/\/ajatutaja.com\/hr\/proizvod\/avtosedez-nuna-aace-lx-i-size-15-36-kg-2-3-coral\/","title":{"rendered":"Avtosede\u017e Nuna AACE\u2122 LX i-Size (100-150 cm) 2\/3 &#8211; Coral"},"content":{"rendered":"<p>[vc_row][vc_column][vc_column_text]<\/p>\n<div class=\"value\">\n<h3>Uporaba avtosede\u017ea Nuna AACE LX i-Size:<\/h3>\n<ul>\n<li>Skupina 2\/3 avtosede\u017e<\/li>\n<li>Priporo\u010dena uporaba 15-36 kg oziroma 100-150 cm\u00a0naprej obrnjen avtosede\u017e\u00a0(od cca. 3 do 12. leta)<\/li>\n<li>Isosafe priklju\u010dek za enostavno namestitev na na Isofix sistem v avtomobilu z eno roko<\/li>\n<li>Pripenjanje otroka s 3-to\u010dkovnim avtomobilskim\u00a0varnostnim\u00a0pasom<\/li>\n<\/ul>\n<p><strong>Dimenzije in te\u017ea:<\/strong><\/p>\n<ul>\n<li>Dimenzije avtosede\u017ea (dol\u017eina x \u0161irina x vi\u0161ina): 43\u201370 x 45 x 57 \u2013 64-85 cm<\/li>\n<li>Te\u017ea: 6,7 kg<\/li>\n<\/ul>\n<p><strong>Baza in sede\u017e:<\/strong><\/p>\n<ul>\n<li>Otro\u0161ki avtosede\u017e z Isosafe priklju\u010dkom za enostavno namestitev na Isofix sistem v avtomobilu<\/li>\n<li>Nastavljivi, zlo\u017eljivi konektorji Isosafe z EasyRelease, za namestitev sede\u017ea v avtomobil<\/li>\n<li>Barvni indikatorji za hitro, pravilno in varno namestitev na Isofix sistem<\/li>\n<li>Resni\u010dno mo\u010dan jeklen okvir in izjemno odporna plastika, za doseganje optimalne za\u0161\u010dite<\/li>\n<li>3D growth\u2122 sistem &#8211; sede\u017e, ki raste skupaj z otrokom; nastavljiva vi\u0161ina vzglavja, nastavljiva \u0161irina sede\u017ea, nastavljivo dno sede\u017ea glede na velikost otroka:<\/li>\n<li>Vi\u0161ina vzglavja: 17 polo\u017eajev po vi\u0161ini nastavljivega vzglavnika<\/li>\n<li>\u0160irina sede\u017ea: naslonjalo sede\u017ea se avtomatsko raz\u0161iri z vi\u0161anjem vzglavnika<\/li>\n<li>Dno sede\u017ea: 3 polo\u017eaji po globini nastavljivega sede\u017ea<\/li>\n<li>Prilagodljiv naklon naslonjala<\/li>\n<li>Snemljiv SIP sistem za popolno bo\u010dno za\u0161\u010dito v primeru trka<\/li>\n<li>Avtosede\u017e z vgrajeno EPP peno za maksimalno absorpcijo energije ob udarcu<\/li>\n<li>Vpenjanje pasu v za to posebej ozna\u010dene dele na avtosede\u017eu, pas se tako resni\u010dno dobro prilega otrokovi velikosti, kar zagotavlja ve\u010djo varnost pri vo\u017enji<\/li>\n<li>Tkanina: vzdr\u017eljivi in zra\u010dni materiali<\/li>\n<li>Zra\u010dni materiali izbolj\u0161ujejo pretok zraka<\/li>\n<li>Zra\u010dnost in mehko oblazinjenje; vgrajena ventilacija za ve\u010djo zra\u010dnost in udobje v vo\u017enji<\/li>\n<li>Pralna in odstranljiva prevleka za la\u017eje in enostavnej\u0161e vzdr\u017eevanje<\/li>\n<li>Udobna naslona za roke<\/li>\n<li>Vklju\u010deno snemljivo dr\u017ealo za stekleni\u010dko<\/li>\n<\/ul>\n<p><strong>Testi in certifikati:<\/strong><\/p>\n<ul>\n<li>Avtosede\u017e Nuna\u00ae Aace\u2122 je testiran po standardu ECE R129\/03<\/li>\n<li>Avtosede\u017e Nuna\u00ae Aace\u2122 dosega standarde kakovosti: ISO 14001, ISO 9001 in OHSAS 18001<\/li>\n<\/ul>\n<p><strong>Prejete nagrade: <\/strong><\/p>\n<ul>\n<li><strong>\u00a0<\/strong>2021 Red Dot Product Design Award Winner<\/li>\n<\/ul>\n<\/div>\n<h4>Nega in navodila za vzdr\u017eevanje:<\/h4>\n<ul>\n<li>Prevleka avtosede\u017ea je pralna v pralnem stroju (max temperatura 30\u00b0)<\/li>\n<li>Tkanine niso primerne za likanje in suho \u010di\u0161\u010denje<\/li>\n<li>Pri \u010di\u0161\u010denju ne uporabljajte belila<\/li>\n<li>Za \u010di\u0161\u010denje avtosede\u017ea uporabljajte samo me\u0161anico ne\u017enih \u010distil in vode. Za \u010di\u0161\u010denje uporabljajte \u010disto mehko krpo<\/li>\n<li>Su\u0161enje tkanin na zraku v senci<\/li>\n<li>Blaga ne zvijajte, saj se lahko naguba<\/li>\n<li>Avtosede\u017e shranjujte v hladnem in suhem prostoru, tako da ni na dosegu otrokom<\/li>\n<li>V primeru dalj\u0161ega \u010dasovnega obdobja neuporabe avtosede\u017ea, avtosede\u017e odstranite iz avtomobila<\/li>\n<\/ul>\n<p>[\/vc_column_text][\/vc_column][\/vc_row]<\/p>\n","protected":false},"excerpt":{"rendered":"<p style=\"text-align: justify\">Prilagodljiv avtosede\u017e Nuna AACE LX i-Size\u00a0za otroke od 3 do 12 let s svojim 3D growth\u2122 sistemom, raste skupaj z otrokom in mu punuja varen in udoben prostor za \u010dudovita in veselja polna dru\u017einska potovanja. Avtosede\u017e omogo\u010da nastavitev vi\u0161ine vzglavja, nastavitev \u0161irine sede\u017ea in nastavitev dna sede\u017ea glede na velikost otroka. Vi\u0161ina vzglavja je nastavljiva na 17 mo\u017enih pozicij po vi\u0161ini nastavljivega vzglavnika, \u0161irina avtosede\u017ea se avtomatsko prilagodi, saj se naslonjalo sede\u017ea se avtomatsko raz\u0161iri z vi\u0161anjem vzglavnika. Dno Nuna\u00ae Aace\u2122 LX avtosede\u017ea omogo\u010da 3 mo\u017ene polo\u017eaje po globini nastavljivega sede\u017ea.<\/p>\n","protected":false},"featured_media":52642,"template":"","meta":[],"pwb-brand":[2351,2354],"product_brand":[],"product_cat":[2339,2348,2345],"product_tag":[4240,4241,4243],"class_list":{"0":"post-52638","1":"product","2":"type-product","3":"status-publish","4":"has-post-thumbnail","6":"pwb-brand-avtosedezi","7":"pwb-brand-nuna","8":"product_cat-avtosedezi","9":"product_cat-i-size-100-150-cm","10":"product_cat-skupina-2-3-15-36-kg","11":"product_tag-nuna","12":"product_tag-nuna-aace","13":"product_tag-nuna-avtosedezi","15":"first","16":"instock","17":"taxable","18":"shipping-taxable","19":"purchasable","20":"product-type-simple","21":"add-to-wishlist-before_image"},"yoast_head":"<!-- This site is optimized with the Yoast SEO plugin v27.3 - https:\/\/yoast.com\/product\/yoast-seo-wordpress\/ -->\n<title>Avtosede\u017e Nuna AACE\u2122 LX i-Size (100-150 cm) 2\/3 - Coral | Ajatutaja<\/title>\n<meta name=\"description\" content=\"Prilagodljiv avtosede\u017e Nuna AACE LX i-Size\u00a0 s svojim 3D sistemom, raste skupaj z otrokom in mu punuja varen in udoben prostor za \u010dudovita in veselja polna dru\u017einska potovanja.\" \/>\n<meta name=\"robots\" content=\"index, follow, max-snippet:-1, max-image-preview:large, max-video-preview:-1\" \/>\n<link rel=\"canonical\" href=\"https:\/\/ajatutaja.com\/izdelek\/avtosedez-nuna-aace-lx-i-size-15-36-kg-2-3-coral\/\" \/>\n<meta property=\"og:locale\" content=\"hr_HR\" \/>\n<meta property=\"og:type\" content=\"article\" \/>\n<meta property=\"og:title\" content=\"Avtosede\u017e Nuna AACE\u2122 LX i-Size (100-150 cm) 2\/3 - Coral | Ajatutaja\" \/>\n<meta property=\"og:description\" content=\"Prilagodljiv avtosede\u017e Nuna AACE LX i-Size\u00a0 s svojim 3D sistemom, raste skupaj z otrokom in mu punuja varen in udoben prostor za \u010dudovita in veselja polna dru\u017einska potovanja.\" \/>\n<meta property=\"og:url\" content=\"https:\/\/ajatutaja.com\/izdelek\/avtosedez-nuna-aace-lx-i-size-15-36-kg-2-3-coral\/\" \/>\n<meta property=\"og:site_name\" content=\"Ajatutaja\" \/>\n<meta property=\"article:modified_time\" content=\"2026-02-12T08:31:16+00:00\" \/>\n<meta property=\"og:image\" content=\"https:\/\/ajatutaja.com\/wp-content\/uploads\/2023\/09\/otroski-avtosedez-nuna-aace-LX-charcoal-ajatutaja-coral-1-1.jpg\" \/>\n\t<meta property=\"og:image:width\" content=\"1000\" \/>\n\t<meta property=\"og:image:height\" content=\"1000\" \/>\n\t<meta property=\"og:image:type\" content=\"image\/jpeg\" \/>\n<meta name=\"twitter:card\" content=\"summary_large_image\" \/>\n<meta name=\"twitter:label1\" content=\"Procijenjeno vrijeme \u010ditanja\" \/>\n\t<meta name=\"twitter:data1\" content=\"2 minute\" \/>\n<script type=\"application\/ld+json\" class=\"yoast-schema-graph\">{\"@context\":\"https:\\\/\\\/schema.org\",\"@graph\":[{\"@type\":\"WebPage\",\"@id\":\"https:\\\/\\\/ajatutaja.com\\\/izdelek\\\/avtosedez-nuna-aace-lx-i-size-15-36-kg-2-3-coral\\\/\",\"url\":\"https:\\\/\\\/ajatutaja.com\\\/izdelek\\\/avtosedez-nuna-aace-lx-i-size-15-36-kg-2-3-coral\\\/\",\"name\":\"Avtosede\u017e Nuna AACE\u2122 LX i-Size (100-150 cm) 2\\\/3 - Coral | Ajatutaja\",\"isPartOf\":{\"@id\":\"https:\\\/\\\/ajatutaja.com\\\/#website\"},\"primaryImageOfPage\":{\"@id\":\"https:\\\/\\\/ajatutaja.com\\\/izdelek\\\/avtosedez-nuna-aace-lx-i-size-15-36-kg-2-3-coral\\\/#primaryimage\"},\"image\":{\"@id\":\"https:\\\/\\\/ajatutaja.com\\\/izdelek\\\/avtosedez-nuna-aace-lx-i-size-15-36-kg-2-3-coral\\\/#primaryimage\"},\"thumbnailUrl\":\"https:\\\/\\\/ajatutaja.com\\\/wp-content\\\/uploads\\\/2023\\\/09\\\/otroski-avtosedez-nuna-aace-LX-charcoal-ajatutaja-coral-1-1.jpg\",\"datePublished\":\"2023-10-16T04:42:38+00:00\",\"dateModified\":\"2026-02-12T08:31:16+00:00\",\"description\":\"Prilagodljiv avtosede\u017e Nuna AACE LX i-Size\u00a0 s svojim 3D sistemom, raste skupaj z otrokom in mu punuja varen in udoben prostor za \u010dudovita in veselja polna dru\u017einska potovanja.\",\"breadcrumb\":{\"@id\":\"https:\\\/\\\/ajatutaja.com\\\/izdelek\\\/avtosedez-nuna-aace-lx-i-size-15-36-kg-2-3-coral\\\/#breadcrumb\"},\"inLanguage\":\"hr\",\"potentialAction\":[{\"@type\":\"ReadAction\",\"target\":[\"https:\\\/\\\/ajatutaja.com\\\/izdelek\\\/avtosedez-nuna-aace-lx-i-size-15-36-kg-2-3-coral\\\/\"]}]},{\"@type\":\"ImageObject\",\"inLanguage\":\"hr\",\"@id\":\"https:\\\/\\\/ajatutaja.com\\\/izdelek\\\/avtosedez-nuna-aace-lx-i-size-15-36-kg-2-3-coral\\\/#primaryimage\",\"url\":\"https:\\\/\\\/ajatutaja.com\\\/wp-content\\\/uploads\\\/2023\\\/09\\\/otroski-avtosedez-nuna-aace-LX-charcoal-ajatutaja-coral-1-1.jpg\",\"contentUrl\":\"https:\\\/\\\/ajatutaja.com\\\/wp-content\\\/uploads\\\/2023\\\/09\\\/otroski-avtosedez-nuna-aace-LX-charcoal-ajatutaja-coral-1-1.jpg\",\"width\":1000,\"height\":1000},{\"@type\":\"BreadcrumbList\",\"@id\":\"https:\\\/\\\/ajatutaja.com\\\/izdelek\\\/avtosedez-nuna-aace-lx-i-size-15-36-kg-2-3-coral\\\/#breadcrumb\",\"itemListElement\":[{\"@type\":\"ListItem\",\"position\":1,\"name\":\"Home\",\"item\":\"https:\\\/\\\/ajatutaja.com\\\/hr\\\/\"},{\"@type\":\"ListItem\",\"position\":2,\"name\":\"Trgovina\",\"item\":\"https:\\\/\\\/ajatutaja.com\\\/hr\\\/trgovina\\\/\"},{\"@type\":\"ListItem\",\"position\":3,\"name\":\"Avtosede\u017e Nuna AACE\u2122 LX i-Size (100-150 cm) 2\\\/3 &#8211; Coral\"}]},{\"@type\":\"WebSite\",\"@id\":\"https:\\\/\\\/ajatutaja.com\\\/#website\",\"url\":\"https:\\\/\\\/ajatutaja.com\\\/\",\"name\":\"Ajatutaja\",\"description\":\"Otro\u0161ka spletna trgovina AJATUTAJA\",\"publisher\":{\"@id\":\"https:\\\/\\\/ajatutaja.com\\\/#organization\"},\"potentialAction\":[{\"@type\":\"SearchAction\",\"target\":{\"@type\":\"EntryPoint\",\"urlTemplate\":\"https:\\\/\\\/ajatutaja.com\\\/?s={search_term_string}\"},\"query-input\":{\"@type\":\"PropertyValueSpecification\",\"valueRequired\":true,\"valueName\":\"search_term_string\"}}],\"inLanguage\":\"hr\"},{\"@type\":\"Organization\",\"@id\":\"https:\\\/\\\/ajatutaja.com\\\/#organization\",\"name\":\"Ajatutaja\",\"url\":\"https:\\\/\\\/ajatutaja.com\\\/\",\"logo\":{\"@type\":\"ImageObject\",\"inLanguage\":\"hr\",\"@id\":\"https:\\\/\\\/ajatutaja.com\\\/#\\\/schema\\\/logo\\\/image\\\/\",\"url\":\"https:\\\/\\\/ajatutaja.com\\\/wp-content\\\/uploads\\\/2021\\\/10\\\/logo.png\",\"contentUrl\":\"https:\\\/\\\/ajatutaja.com\\\/wp-content\\\/uploads\\\/2021\\\/10\\\/logo.png\",\"width\":555,\"height\":150,\"caption\":\"Ajatutaja\"},\"image\":{\"@id\":\"https:\\\/\\\/ajatutaja.com\\\/#\\\/schema\\\/logo\\\/image\\\/\"}}]}<\/script>\n<!-- \/ Yoast SEO plugin. -->","yoast_head_json":{"title":"Avtosede\u017e Nuna AACE\u2122 LX i-Size (100-150 cm) 2\/3 - Coral | Ajatutaja","description":"Prilagodljiv avtosede\u017e Nuna AACE LX i-Size\u00a0 s svojim 3D sistemom, raste skupaj z otrokom in mu punuja varen in udoben prostor za \u010dudovita in veselja polna dru\u017einska potovanja.","robots":{"index":"index","follow":"follow","max-snippet":"max-snippet:-1","max-image-preview":"max-image-preview:large","max-video-preview":"max-video-preview:-1"},"canonical":"https:\/\/ajatutaja.com\/izdelek\/avtosedez-nuna-aace-lx-i-size-15-36-kg-2-3-coral\/","og_locale":"hr_HR","og_type":"article","og_title":"Avtosede\u017e Nuna AACE\u2122 LX i-Size (100-150 cm) 2\/3 - Coral | Ajatutaja","og_description":"Prilagodljiv avtosede\u017e Nuna AACE LX i-Size\u00a0 s svojim 3D sistemom, raste skupaj z otrokom in mu punuja varen in udoben prostor za \u010dudovita in veselja polna dru\u017einska potovanja.","og_url":"https:\/\/ajatutaja.com\/izdelek\/avtosedez-nuna-aace-lx-i-size-15-36-kg-2-3-coral\/","og_site_name":"Ajatutaja","article_modified_time":"2026-02-12T08:31:16+00:00","og_image":[{"width":1000,"height":1000,"url":"https:\/\/ajatutaja.com\/wp-content\/uploads\/2023\/09\/otroski-avtosedez-nuna-aace-LX-charcoal-ajatutaja-coral-1-1.jpg","type":"image\/jpeg"}],"twitter_card":"summary_large_image","twitter_misc":{"Procijenjeno vrijeme \u010ditanja":"2 minute"},"schema":{"@context":"https:\/\/schema.org","@graph":[{"@type":"WebPage","@id":"https:\/\/ajatutaja.com\/izdelek\/avtosedez-nuna-aace-lx-i-size-15-36-kg-2-3-coral\/","url":"https:\/\/ajatutaja.com\/izdelek\/avtosedez-nuna-aace-lx-i-size-15-36-kg-2-3-coral\/","name":"Avtosede\u017e Nuna AACE\u2122 LX i-Size (100-150 cm) 2\/3 - Coral | Ajatutaja","isPartOf":{"@id":"https:\/\/ajatutaja.com\/#website"},"primaryImageOfPage":{"@id":"https:\/\/ajatutaja.com\/izdelek\/avtosedez-nuna-aace-lx-i-size-15-36-kg-2-3-coral\/#primaryimage"},"image":{"@id":"https:\/\/ajatutaja.com\/izdelek\/avtosedez-nuna-aace-lx-i-size-15-36-kg-2-3-coral\/#primaryimage"},"thumbnailUrl":"https:\/\/ajatutaja.com\/wp-content\/uploads\/2023\/09\/otroski-avtosedez-nuna-aace-LX-charcoal-ajatutaja-coral-1-1.jpg","datePublished":"2023-10-16T04:42:38+00:00","dateModified":"2026-02-12T08:31:16+00:00","description":"Prilagodljiv avtosede\u017e Nuna AACE LX i-Size\u00a0 s svojim 3D sistemom, raste skupaj z otrokom in mu punuja varen in udoben prostor za \u010dudovita in veselja polna dru\u017einska potovanja.","breadcrumb":{"@id":"https:\/\/ajatutaja.com\/izdelek\/avtosedez-nuna-aace-lx-i-size-15-36-kg-2-3-coral\/#breadcrumb"},"inLanguage":"hr","potentialAction":[{"@type":"ReadAction","target":["https:\/\/ajatutaja.com\/izdelek\/avtosedez-nuna-aace-lx-i-size-15-36-kg-2-3-coral\/"]}]},{"@type":"ImageObject","inLanguage":"hr","@id":"https:\/\/ajatutaja.com\/izdelek\/avtosedez-nuna-aace-lx-i-size-15-36-kg-2-3-coral\/#primaryimage","url":"https:\/\/ajatutaja.com\/wp-content\/uploads\/2023\/09\/otroski-avtosedez-nuna-aace-LX-charcoal-ajatutaja-coral-1-1.jpg","contentUrl":"https:\/\/ajatutaja.com\/wp-content\/uploads\/2023\/09\/otroski-avtosedez-nuna-aace-LX-charcoal-ajatutaja-coral-1-1.jpg","width":1000,"height":1000},{"@type":"BreadcrumbList","@id":"https:\/\/ajatutaja.com\/izdelek\/avtosedez-nuna-aace-lx-i-size-15-36-kg-2-3-coral\/#breadcrumb","itemListElement":[{"@type":"ListItem","position":1,"name":"Home","item":"https:\/\/ajatutaja.com\/hr\/"},{"@type":"ListItem","position":2,"name":"Trgovina","item":"https:\/\/ajatutaja.com\/hr\/trgovina\/"},{"@type":"ListItem","position":3,"name":"Avtosede\u017e Nuna AACE\u2122 LX i-Size (100-150 cm) 2\/3 &#8211; Coral"}]},{"@type":"WebSite","@id":"https:\/\/ajatutaja.com\/#website","url":"https:\/\/ajatutaja.com\/","name":"Ajatutaja","description":"Otro\u0161ka spletna trgovina AJATUTAJA","publisher":{"@id":"https:\/\/ajatutaja.com\/#organization"},"potentialAction":[{"@type":"SearchAction","target":{"@type":"EntryPoint","urlTemplate":"https:\/\/ajatutaja.com\/?s={search_term_string}"},"query-input":{"@type":"PropertyValueSpecification","valueRequired":true,"valueName":"search_term_string"}}],"inLanguage":"hr"},{"@type":"Organization","@id":"https:\/\/ajatutaja.com\/#organization","name":"Ajatutaja","url":"https:\/\/ajatutaja.com\/","logo":{"@type":"ImageObject","inLanguage":"hr","@id":"https:\/\/ajatutaja.com\/#\/schema\/logo\/image\/","url":"https:\/\/ajatutaja.com\/wp-content\/uploads\/2021\/10\/logo.png","contentUrl":"https:\/\/ajatutaja.com\/wp-content\/uploads\/2021\/10\/logo.png","width":555,"height":150,"caption":"Ajatutaja"},"image":{"@id":"https:\/\/ajatutaja.com\/#\/schema\/logo\/image\/"}}]}},"brands":[{"id":2351,"name":"Avtosede\u017ei","slug":"avtosedezi"},{"id":2354,"name":"Nuna","slug":"nuna"}],"_links":{"self":[{"href":"https:\/\/ajatutaja.com\/hr\/wp-json\/wp\/v2\/product\/52638","targetHints":{"allow":["GET"]}}],"collection":[{"href":"https:\/\/ajatutaja.com\/hr\/wp-json\/wp\/v2\/product"}],"about":[{"href":"https:\/\/ajatutaja.com\/hr\/wp-json\/wp\/v2\/types\/product"}],"wp:featuredmedia":[{"embeddable":true,"href":"https:\/\/ajatutaja.com\/hr\/wp-json\/wp\/v2\/media\/52642"}],"wp:attachment":[{"href":"https:\/\/ajatutaja.com\/hr\/wp-json\/wp\/v2\/media?parent=52638"}],"wp:term":[{"taxonomy":"pwb-brand","embeddable":true,"href":"https:\/\/ajatutaja.com\/hr\/wp-json\/wp\/v2\/pwb-brand?post=52638"},{"taxonomy":"product_brand","embeddable":true,"href":"https:\/\/ajatutaja.com\/hr\/wp-json\/wp\/v2\/product_brand?post=52638"},{"taxonomy":"product_cat","embeddable":true,"href":"https:\/\/ajatutaja.com\/hr\/wp-json\/wp\/v2\/product_cat?post=52638"},{"taxonomy":"product_tag","embeddable":true,"href":"https:\/\/ajatutaja.com\/hr\/wp-json\/wp\/v2\/product_tag?post=52638"}],"curies":[{"name":"wp","href":"https:\/\/api.w.org\/{rel}","templated":true}]}}