{"id":52461,"date":"2023-09-06T16:15:57","date_gmt":"2023-09-06T14:15:57","guid":{"rendered":"https:\/\/ajatutaja.com\/?post_type=product&#038;p=52461"},"modified":"2026-03-12T14:55:17","modified_gmt":"2026-03-12T13:55:17","slug":"pearhead-set-3-igrac-za-vozicek-rainbow","status":"publish","type":"product","link":"https:\/\/ajatutaja.com\/hr\/proizvod\/pearhead-set-3-igrac-za-vozicek-rainbow\/","title":{"rendered":"Pearhead Set 3 igra\u010d za vozi\u010dek Rainbow"},"content":{"rendered":"<div id=\"product_tabs-62bda0e03daea\" class=\"product_extra-242 tab-pane active\">\n<div class=\"block-body expand-block\">\n<div class=\"block-wrapper\">\n<div class=\"block-content \">\n<div>\n<div id=\"product_tabs-62bd9d8288bc0\" class=\"product_extra-242 tab-pane active\">\n<div class=\"block-body expand-block\">\n<div class=\"block-wrapper\">\n<div class=\"block-content \">\n<div>\n<p>Vklju\u010duje 3 vise\u010de pli\u0161aste igra\u010de z zapiranjem na kavelj in zanko; 1 mavrico, 1 sonce in 1 zvezdo z interaktivnimi vle\u010dnimi jezi\u010dki, piskanjem, mehkim pli\u0161em in sijo\u010dimi svilnatimi teksturami ter ogledalom, ki pritegnejo \u010dutila tvojega otroka.<\/p>\n<\/div>\n<\/div>\n<\/div>\n<\/div>\n<\/div>\n<\/div>\n<\/div>\n<\/div>\n<\/div>\n<\/div>\n<h3>Lastnosti Pearhead lesenih kartic:<\/h3>\n<ul>\n<li>Vsaka igra\u010da meri pribli\u017eno: 11 x 10 x 4 cm<\/li>\n<li>Vklju\u010duje: 1 mavrico, 1 sonce in 1 zvezdo<\/li>\n<li>Starost: 0+<\/li>\n<\/ul>\n<p>&nbsp;<\/p>\n","protected":false},"excerpt":{"rendered":"<div class=\"short-description\">\n<div class=\"short-description\">\n<div class=\"short-description\">\n<div class=\"short-description\">Va\u0161 mal\u010dek bo v vozi\u010dku ali avtomobilskem sede\u017eu u\u017eival v igri z o\u010darljivim setom blagovne znamke Pearhead.<\/div>\n<\/div>\n<\/div>\n<\/div>\n","protected":false},"featured_media":52466,"template":"","meta":[],"pwb-brand":[2452,2267,2280,5360],"product_brand":[],"product_cat":[3986,2710,5072,2610,2715,2711,2362,5064],"product_tag":[4261],"class_list":{"0":"post-52461","1":"product","2":"type-product","3":"status-publish","4":"has-post-thumbnail","6":"pwb-brand-igranje","7":"pwb-brand-nosecnost","8":"pwb-brand-pearhead","9":"pwb-brand-pearhead-igranje","10":"product_cat-novorojencek-igrace","11":"product_cat-babyshower-darila","12":"product_cat-bozicna-darila","13":"product_cat-darila","14":"product_cat-darilo-do-15e","15":"product_cat-darilo-ob-rojstvu","16":"product_cat-igranje","17":"product_cat-mehke-in-plisaste-igrace","18":"product_tag-pearhead","20":"first","21":"instock","22":"taxable","23":"shipping-taxable","24":"purchasable","25":"product-type-simple","26":"add-to-wishlist-before_image"},"yoast_head":"<!-- This site is optimized with the Yoast SEO plugin v27.3 - https:\/\/yoast.com\/product\/yoast-seo-wordpress\/ -->\n<title>Pearhead Set 3 igra\u010d za vozi\u010dek Rainbow | Ajatutaja<\/title>\n<meta name=\"description\" content=\"Va\u0161 mal\u010dek bo v vozi\u010dku ali avtomobilskem sede\u017eu u\u017eival v igri z o\u010darljivim setom blagovne znamke Pearhead.\" \/>\n<meta name=\"robots\" content=\"index, follow, max-snippet:-1, max-image-preview:large, max-video-preview:-1\" \/>\n<link rel=\"canonical\" href=\"https:\/\/ajatutaja.com\/izdelek\/pearhead-set-3-igrac-za-vozicek-rainbow\/\" \/>\n<meta property=\"og:locale\" content=\"hr_HR\" \/>\n<meta property=\"og:type\" content=\"article\" \/>\n<meta property=\"og:title\" content=\"Pearhead Set 3 igra\u010d za vozi\u010dek Rainbow | Ajatutaja\" \/>\n<meta property=\"og:description\" content=\"Va\u0161 mal\u010dek bo v vozi\u010dku ali avtomobilskem sede\u017eu u\u017eival v igri z o\u010darljivim setom blagovne znamke Pearhead.\" \/>\n<meta property=\"og:url\" content=\"https:\/\/ajatutaja.com\/izdelek\/pearhead-set-3-igrac-za-vozicek-rainbow\/\" \/>\n<meta property=\"og:site_name\" content=\"Ajatutaja\" \/>\n<meta property=\"article:modified_time\" content=\"2026-03-12T13:55:17+00:00\" \/>\n<meta property=\"og:image\" content=\"https:\/\/ajatutaja.com\/wp-content\/uploads\/2023\/09\/Pearhead-Set-3-igrac-za-vozicek-Rainbow-ajatutaja-5.jpg\" \/>\n\t<meta property=\"og:image:width\" content=\"1000\" \/>\n\t<meta property=\"og:image:height\" content=\"1000\" \/>\n\t<meta property=\"og:image:type\" content=\"image\/jpeg\" \/>\n<meta name=\"twitter:card\" content=\"summary_large_image\" \/>\n<meta name=\"twitter:label1\" content=\"Procijenjeno vrijeme \u010ditanja\" \/>\n\t<meta name=\"twitter:data1\" content=\"1 minuta\" \/>\n<script type=\"application\/ld+json\" class=\"yoast-schema-graph\">{\"@context\":\"https:\\\/\\\/schema.org\",\"@graph\":[{\"@type\":\"WebPage\",\"@id\":\"https:\\\/\\\/ajatutaja.com\\\/izdelek\\\/pearhead-set-3-igrac-za-vozicek-rainbow\\\/\",\"url\":\"https:\\\/\\\/ajatutaja.com\\\/izdelek\\\/pearhead-set-3-igrac-za-vozicek-rainbow\\\/\",\"name\":\"Pearhead Set 3 igra\u010d za vozi\u010dek Rainbow | Ajatutaja\",\"isPartOf\":{\"@id\":\"https:\\\/\\\/ajatutaja.com\\\/#website\"},\"primaryImageOfPage\":{\"@id\":\"https:\\\/\\\/ajatutaja.com\\\/izdelek\\\/pearhead-set-3-igrac-za-vozicek-rainbow\\\/#primaryimage\"},\"image\":{\"@id\":\"https:\\\/\\\/ajatutaja.com\\\/izdelek\\\/pearhead-set-3-igrac-za-vozicek-rainbow\\\/#primaryimage\"},\"thumbnailUrl\":\"https:\\\/\\\/ajatutaja.com\\\/wp-content\\\/uploads\\\/2023\\\/09\\\/Pearhead-Set-3-igrac-za-vozicek-Rainbow-ajatutaja-5.jpg\",\"datePublished\":\"2023-09-06T14:15:57+00:00\",\"dateModified\":\"2026-03-12T13:55:17+00:00\",\"description\":\"Va\u0161 mal\u010dek bo v vozi\u010dku ali avtomobilskem sede\u017eu u\u017eival v igri z o\u010darljivim setom blagovne znamke Pearhead.\",\"breadcrumb\":{\"@id\":\"https:\\\/\\\/ajatutaja.com\\\/izdelek\\\/pearhead-set-3-igrac-za-vozicek-rainbow\\\/#breadcrumb\"},\"inLanguage\":\"hr\",\"potentialAction\":[{\"@type\":\"ReadAction\",\"target\":[\"https:\\\/\\\/ajatutaja.com\\\/izdelek\\\/pearhead-set-3-igrac-za-vozicek-rainbow\\\/\"]}]},{\"@type\":\"ImageObject\",\"inLanguage\":\"hr\",\"@id\":\"https:\\\/\\\/ajatutaja.com\\\/izdelek\\\/pearhead-set-3-igrac-za-vozicek-rainbow\\\/#primaryimage\",\"url\":\"https:\\\/\\\/ajatutaja.com\\\/wp-content\\\/uploads\\\/2023\\\/09\\\/Pearhead-Set-3-igrac-za-vozicek-Rainbow-ajatutaja-5.jpg\",\"contentUrl\":\"https:\\\/\\\/ajatutaja.com\\\/wp-content\\\/uploads\\\/2023\\\/09\\\/Pearhead-Set-3-igrac-za-vozicek-Rainbow-ajatutaja-5.jpg\",\"width\":1000,\"height\":1000},{\"@type\":\"BreadcrumbList\",\"@id\":\"https:\\\/\\\/ajatutaja.com\\\/izdelek\\\/pearhead-set-3-igrac-za-vozicek-rainbow\\\/#breadcrumb\",\"itemListElement\":[{\"@type\":\"ListItem\",\"position\":1,\"name\":\"Home\",\"item\":\"https:\\\/\\\/ajatutaja.com\\\/hr\\\/\"},{\"@type\":\"ListItem\",\"position\":2,\"name\":\"Trgovina\",\"item\":\"https:\\\/\\\/ajatutaja.com\\\/hr\\\/trgovina\\\/\"},{\"@type\":\"ListItem\",\"position\":3,\"name\":\"Pearhead Set 3 igra\u010d za vozi\u010dek Rainbow\"}]},{\"@type\":\"WebSite\",\"@id\":\"https:\\\/\\\/ajatutaja.com\\\/#website\",\"url\":\"https:\\\/\\\/ajatutaja.com\\\/\",\"name\":\"Ajatutaja\",\"description\":\"Otro\u0161ka spletna trgovina AJATUTAJA\",\"publisher\":{\"@id\":\"https:\\\/\\\/ajatutaja.com\\\/#organization\"},\"potentialAction\":[{\"@type\":\"SearchAction\",\"target\":{\"@type\":\"EntryPoint\",\"urlTemplate\":\"https:\\\/\\\/ajatutaja.com\\\/?s={search_term_string}\"},\"query-input\":{\"@type\":\"PropertyValueSpecification\",\"valueRequired\":true,\"valueName\":\"search_term_string\"}}],\"inLanguage\":\"hr\"},{\"@type\":\"Organization\",\"@id\":\"https:\\\/\\\/ajatutaja.com\\\/#organization\",\"name\":\"Ajatutaja\",\"url\":\"https:\\\/\\\/ajatutaja.com\\\/\",\"logo\":{\"@type\":\"ImageObject\",\"inLanguage\":\"hr\",\"@id\":\"https:\\\/\\\/ajatutaja.com\\\/#\\\/schema\\\/logo\\\/image\\\/\",\"url\":\"https:\\\/\\\/ajatutaja.com\\\/wp-content\\\/uploads\\\/2021\\\/10\\\/logo.png\",\"contentUrl\":\"https:\\\/\\\/ajatutaja.com\\\/wp-content\\\/uploads\\\/2021\\\/10\\\/logo.png\",\"width\":555,\"height\":150,\"caption\":\"Ajatutaja\"},\"image\":{\"@id\":\"https:\\\/\\\/ajatutaja.com\\\/#\\\/schema\\\/logo\\\/image\\\/\"}}]}<\/script>\n<!-- \/ Yoast SEO plugin. -->","yoast_head_json":{"title":"Pearhead Set 3 igra\u010d za vozi\u010dek Rainbow | Ajatutaja","description":"Va\u0161 mal\u010dek bo v vozi\u010dku ali avtomobilskem sede\u017eu u\u017eival v igri z o\u010darljivim setom blagovne znamke Pearhead.","robots":{"index":"index","follow":"follow","max-snippet":"max-snippet:-1","max-image-preview":"max-image-preview:large","max-video-preview":"max-video-preview:-1"},"canonical":"https:\/\/ajatutaja.com\/izdelek\/pearhead-set-3-igrac-za-vozicek-rainbow\/","og_locale":"hr_HR","og_type":"article","og_title":"Pearhead Set 3 igra\u010d za vozi\u010dek Rainbow | Ajatutaja","og_description":"Va\u0161 mal\u010dek bo v vozi\u010dku ali avtomobilskem sede\u017eu u\u017eival v igri z o\u010darljivim setom blagovne znamke Pearhead.","og_url":"https:\/\/ajatutaja.com\/izdelek\/pearhead-set-3-igrac-za-vozicek-rainbow\/","og_site_name":"Ajatutaja","article_modified_time":"2026-03-12T13:55:17+00:00","og_image":[{"width":1000,"height":1000,"url":"https:\/\/ajatutaja.com\/wp-content\/uploads\/2023\/09\/Pearhead-Set-3-igrac-za-vozicek-Rainbow-ajatutaja-5.jpg","type":"image\/jpeg"}],"twitter_card":"summary_large_image","twitter_misc":{"Procijenjeno vrijeme \u010ditanja":"1 minuta"},"schema":{"@context":"https:\/\/schema.org","@graph":[{"@type":"WebPage","@id":"https:\/\/ajatutaja.com\/izdelek\/pearhead-set-3-igrac-za-vozicek-rainbow\/","url":"https:\/\/ajatutaja.com\/izdelek\/pearhead-set-3-igrac-za-vozicek-rainbow\/","name":"Pearhead Set 3 igra\u010d za vozi\u010dek Rainbow | Ajatutaja","isPartOf":{"@id":"https:\/\/ajatutaja.com\/#website"},"primaryImageOfPage":{"@id":"https:\/\/ajatutaja.com\/izdelek\/pearhead-set-3-igrac-za-vozicek-rainbow\/#primaryimage"},"image":{"@id":"https:\/\/ajatutaja.com\/izdelek\/pearhead-set-3-igrac-za-vozicek-rainbow\/#primaryimage"},"thumbnailUrl":"https:\/\/ajatutaja.com\/wp-content\/uploads\/2023\/09\/Pearhead-Set-3-igrac-za-vozicek-Rainbow-ajatutaja-5.jpg","datePublished":"2023-09-06T14:15:57+00:00","dateModified":"2026-03-12T13:55:17+00:00","description":"Va\u0161 mal\u010dek bo v vozi\u010dku ali avtomobilskem sede\u017eu u\u017eival v igri z o\u010darljivim setom blagovne znamke Pearhead.","breadcrumb":{"@id":"https:\/\/ajatutaja.com\/izdelek\/pearhead-set-3-igrac-za-vozicek-rainbow\/#breadcrumb"},"inLanguage":"hr","potentialAction":[{"@type":"ReadAction","target":["https:\/\/ajatutaja.com\/izdelek\/pearhead-set-3-igrac-za-vozicek-rainbow\/"]}]},{"@type":"ImageObject","inLanguage":"hr","@id":"https:\/\/ajatutaja.com\/izdelek\/pearhead-set-3-igrac-za-vozicek-rainbow\/#primaryimage","url":"https:\/\/ajatutaja.com\/wp-content\/uploads\/2023\/09\/Pearhead-Set-3-igrac-za-vozicek-Rainbow-ajatutaja-5.jpg","contentUrl":"https:\/\/ajatutaja.com\/wp-content\/uploads\/2023\/09\/Pearhead-Set-3-igrac-za-vozicek-Rainbow-ajatutaja-5.jpg","width":1000,"height":1000},{"@type":"BreadcrumbList","@id":"https:\/\/ajatutaja.com\/izdelek\/pearhead-set-3-igrac-za-vozicek-rainbow\/#breadcrumb","itemListElement":[{"@type":"ListItem","position":1,"name":"Home","item":"https:\/\/ajatutaja.com\/hr\/"},{"@type":"ListItem","position":2,"name":"Trgovina","item":"https:\/\/ajatutaja.com\/hr\/trgovina\/"},{"@type":"ListItem","position":3,"name":"Pearhead Set 3 igra\u010d za vozi\u010dek Rainbow"}]},{"@type":"WebSite","@id":"https:\/\/ajatutaja.com\/#website","url":"https:\/\/ajatutaja.com\/","name":"Ajatutaja","description":"Otro\u0161ka spletna trgovina AJATUTAJA","publisher":{"@id":"https:\/\/ajatutaja.com\/#organization"},"potentialAction":[{"@type":"SearchAction","target":{"@type":"EntryPoint","urlTemplate":"https:\/\/ajatutaja.com\/?s={search_term_string}"},"query-input":{"@type":"PropertyValueSpecification","valueRequired":true,"valueName":"search_term_string"}}],"inLanguage":"hr"},{"@type":"Organization","@id":"https:\/\/ajatutaja.com\/#organization","name":"Ajatutaja","url":"https:\/\/ajatutaja.com\/","logo":{"@type":"ImageObject","inLanguage":"hr","@id":"https:\/\/ajatutaja.com\/#\/schema\/logo\/image\/","url":"https:\/\/ajatutaja.com\/wp-content\/uploads\/2021\/10\/logo.png","contentUrl":"https:\/\/ajatutaja.com\/wp-content\/uploads\/2021\/10\/logo.png","width":555,"height":150,"caption":"Ajatutaja"},"image":{"@id":"https:\/\/ajatutaja.com\/#\/schema\/logo\/image\/"}}]}},"brands":[{"id":2452,"name":"Igranje","slug":"igranje"},{"id":2267,"name":"Nose\u010dnost","slug":"nosecnost"},{"id":2280,"name":"Pearhead","slug":"pearhead"},{"id":5360,"name":"Pearhead","slug":"pearhead-igranje"}],"_links":{"self":[{"href":"https:\/\/ajatutaja.com\/hr\/wp-json\/wp\/v2\/product\/52461","targetHints":{"allow":["GET"]}}],"collection":[{"href":"https:\/\/ajatutaja.com\/hr\/wp-json\/wp\/v2\/product"}],"about":[{"href":"https:\/\/ajatutaja.com\/hr\/wp-json\/wp\/v2\/types\/product"}],"wp:featuredmedia":[{"embeddable":true,"href":"https:\/\/ajatutaja.com\/hr\/wp-json\/wp\/v2\/media\/52466"}],"wp:attachment":[{"href":"https:\/\/ajatutaja.com\/hr\/wp-json\/wp\/v2\/media?parent=52461"}],"wp:term":[{"taxonomy":"pwb-brand","embeddable":true,"href":"https:\/\/ajatutaja.com\/hr\/wp-json\/wp\/v2\/pwb-brand?post=52461"},{"taxonomy":"product_brand","embeddable":true,"href":"https:\/\/ajatutaja.com\/hr\/wp-json\/wp\/v2\/product_brand?post=52461"},{"taxonomy":"product_cat","embeddable":true,"href":"https:\/\/ajatutaja.com\/hr\/wp-json\/wp\/v2\/product_cat?post=52461"},{"taxonomy":"product_tag","embeddable":true,"href":"https:\/\/ajatutaja.com\/hr\/wp-json\/wp\/v2\/product_tag?post=52461"}],"curies":[{"name":"wp","href":"https:\/\/api.w.org\/{rel}","templated":true}]}}