{"id":52380,"date":"2024-09-05T16:06:13","date_gmt":"2024-09-05T14:06:13","guid":{"rendered":"https:\/\/ajatutaja.com\/?post_type=product&#038;p=52380"},"modified":"2026-03-20T13:57:31","modified_gmt":"2026-03-20T12:57:31","slug":"lesena-hiska-za-puncke-m-little-dutch","status":"publish","type":"product","link":"https:\/\/ajatutaja.com\/hr\/proizvod\/lesena-hiska-za-puncke-m-little-dutch\/","title":{"rendered":"Lesena hi\u0161ka za pun\u010dke M Little Dutch"},"content":{"rendered":"<div class=\"short-description froala-content no-specs\">\n<p dir=\"ltr\" data-placeholder=\"Prevod\"><span lang=\"sl\">L<\/span><span lang=\"sl\">ittle Dutch hi\u0161ka za pun\u010dke bo zagotovila ure domiselne igre. Izdelana je<\/span><span lang=\"sl\"> iz FSC lesa v toplih tonih z lesenim pohi\u0161tvom. Hi\u0161a za pun\u010dke ima dve nadstropji in tri sobe, vsaka s \u010dudovitimi tapetami. Lo\u010dena mansardna soba pod streho, ki se odpira. Streho se da ospreti ali pa jo spremeniti v vrt. Polkna na hi\u0161ici se odpirajo in zapirajo.<\/span><\/p>\n<p id=\"tw-target-text\" dir=\"ltr\" data-placeholder=\"Prevod\"><span lang=\"sl\">Hi\u0161a vklju\u010duje dnevno sobo, kuhinjo, kopalnico, spalnico za mamo in o\u010deta ter otro\u0161ko sobo. Vsaka soba je primerno opremljena s pohi\u0161tvom in dodatki. Ta hi\u0161a za pun\u010dke nudi neskon\u010dno zabave in se lahko dodatno raz\u0161iri z dodatnimi kompleti dodatkov, ki so na voljo. <\/span><\/p>\n<h3>Lastnosti lesene hi\u0161ke Little Dutch:<\/h3>\n<ul>\n<li>Barvano z otrokom prijaznimi barvami na vodni osnovi<\/li>\n<li>Starost: 3leta+<\/li>\n<li>Dimenzije: 22,5&#215;42,8&#215;48,8 cm<\/li>\n<\/ul>\n<\/div>\n","protected":false},"excerpt":{"rendered":"<p style=\"text-align: justify\">Lesena hi\u0161ka za pun\u010dke Little Dutch bo va\u0161ega mal\u010dka popeljala v \u010daroben svet domi\u0161ljije. Dvonadstropna hi\u0161ka se lahko razpre, pa tudi okna in vrata se odpirajo in zapirajo. V kompletu dobite vse kar je potrebno za igro.Hi\u0161ke za pun\u010dke so odli\u010dne za domi\u0161ljijsko igro, pomagajo spodbujati socialni in \u010dustveni razvoj ter podpirajo fino motoriko.<\/p>\n","protected":false},"featured_media":70153,"template":"","meta":[],"pwb-brand":[2452,2457],"product_brand":[],"product_cat":[3992,5072,2610,2713,2362,2448,2443],"product_tag":[5338,4002],"class_list":{"0":"post-52380","1":"product","2":"type-product","3":"status-publish","4":"has-post-thumbnail","6":"pwb-brand-igranje","7":"pwb-brand-little-dutch-igra","8":"product_cat-3-leta-igrace","9":"product_cat-bozicna-darila","10":"product_cat-darila","11":"product_cat-darilo-za-deklico","12":"product_cat-igranje","13":"product_cat-igranje-vlog","14":"product_cat-lesene-igrace","15":"product_tag-lesena-hiska-za-puncke","16":"product_tag-little-dutch","18":"first","19":"instock","20":"taxable","21":"shipping-taxable","22":"purchasable","23":"product-type-simple","24":"add-to-wishlist-before_image"},"yoast_head":"<!-- This site is optimized with the Yoast SEO plugin v27.3 - https:\/\/yoast.com\/product\/yoast-seo-wordpress\/ -->\n<title>Lesena hi\u0161ka za pun\u010dke M Little Dutch | Ajatutaja<\/title>\n<meta name=\"description\" content=\"Lesena hi\u0161ka za pun\u010dke Little Dutch bo va\u0161ega mal\u010dka popeljala v \u010daroben svet domi\u0161ljije. Dvonadstropna hi\u0161ka se lahko razpre in je opremljena\" \/>\n<meta name=\"robots\" content=\"index, follow, max-snippet:-1, max-image-preview:large, max-video-preview:-1\" \/>\n<link rel=\"canonical\" href=\"https:\/\/ajatutaja.com\/izdelek\/lesena-hiska-za-puncke-m-little-dutch\/\" \/>\n<meta property=\"og:locale\" content=\"hr_HR\" \/>\n<meta property=\"og:type\" content=\"article\" \/>\n<meta property=\"og:title\" content=\"Lesena hi\u0161ka za pun\u010dke M Little Dutch | Ajatutaja\" \/>\n<meta property=\"og:description\" content=\"Lesena hi\u0161ka za pun\u010dke Little Dutch bo va\u0161ega mal\u010dka popeljala v \u010daroben svet domi\u0161ljije. Dvonadstropna hi\u0161ka se lahko razpre in je opremljena\" \/>\n<meta property=\"og:url\" content=\"https:\/\/ajatutaja.com\/izdelek\/lesena-hiska-za-puncke-m-little-dutch\/\" \/>\n<meta property=\"og:site_name\" content=\"Ajatutaja\" \/>\n<meta property=\"article:modified_time\" content=\"2026-03-20T12:57:31+00:00\" \/>\n<meta property=\"og:image\" content=\"https:\/\/ajatutaja.com\/wp-content\/uploads\/2023\/09\/little-dutch-lesena-hiska-za-puncke-m.jpeg\" \/>\n\t<meta property=\"og:image:width\" content=\"800\" \/>\n\t<meta property=\"og:image:height\" content=\"800\" \/>\n\t<meta property=\"og:image:type\" content=\"image\/jpeg\" \/>\n<meta name=\"twitter:card\" content=\"summary_large_image\" \/>\n<meta name=\"twitter:label1\" content=\"Procijenjeno vrijeme \u010ditanja\" \/>\n\t<meta name=\"twitter:data1\" content=\"1 minuta\" \/>\n<script type=\"application\/ld+json\" class=\"yoast-schema-graph\">{\"@context\":\"https:\\\/\\\/schema.org\",\"@graph\":[{\"@type\":\"WebPage\",\"@id\":\"https:\\\/\\\/ajatutaja.com\\\/izdelek\\\/lesena-hiska-za-puncke-m-little-dutch\\\/\",\"url\":\"https:\\\/\\\/ajatutaja.com\\\/izdelek\\\/lesena-hiska-za-puncke-m-little-dutch\\\/\",\"name\":\"Lesena hi\u0161ka za pun\u010dke M Little Dutch | Ajatutaja\",\"isPartOf\":{\"@id\":\"https:\\\/\\\/ajatutaja.com\\\/#website\"},\"primaryImageOfPage\":{\"@id\":\"https:\\\/\\\/ajatutaja.com\\\/izdelek\\\/lesena-hiska-za-puncke-m-little-dutch\\\/#primaryimage\"},\"image\":{\"@id\":\"https:\\\/\\\/ajatutaja.com\\\/izdelek\\\/lesena-hiska-za-puncke-m-little-dutch\\\/#primaryimage\"},\"thumbnailUrl\":\"https:\\\/\\\/ajatutaja.com\\\/wp-content\\\/uploads\\\/2023\\\/09\\\/little-dutch-lesena-hiska-za-puncke-m.jpeg\",\"datePublished\":\"2024-09-05T14:06:13+00:00\",\"dateModified\":\"2026-03-20T12:57:31+00:00\",\"description\":\"Lesena hi\u0161ka za pun\u010dke Little Dutch bo va\u0161ega mal\u010dka popeljala v \u010daroben svet domi\u0161ljije. Dvonadstropna hi\u0161ka se lahko razpre in je opremljena\",\"breadcrumb\":{\"@id\":\"https:\\\/\\\/ajatutaja.com\\\/izdelek\\\/lesena-hiska-za-puncke-m-little-dutch\\\/#breadcrumb\"},\"inLanguage\":\"hr\",\"potentialAction\":[{\"@type\":\"ReadAction\",\"target\":[\"https:\\\/\\\/ajatutaja.com\\\/izdelek\\\/lesena-hiska-za-puncke-m-little-dutch\\\/\"]}]},{\"@type\":\"ImageObject\",\"inLanguage\":\"hr\",\"@id\":\"https:\\\/\\\/ajatutaja.com\\\/izdelek\\\/lesena-hiska-za-puncke-m-little-dutch\\\/#primaryimage\",\"url\":\"https:\\\/\\\/ajatutaja.com\\\/wp-content\\\/uploads\\\/2023\\\/09\\\/little-dutch-lesena-hiska-za-puncke-m.jpeg\",\"contentUrl\":\"https:\\\/\\\/ajatutaja.com\\\/wp-content\\\/uploads\\\/2023\\\/09\\\/little-dutch-lesena-hiska-za-puncke-m.jpeg\",\"width\":800,\"height\":800},{\"@type\":\"BreadcrumbList\",\"@id\":\"https:\\\/\\\/ajatutaja.com\\\/izdelek\\\/lesena-hiska-za-puncke-m-little-dutch\\\/#breadcrumb\",\"itemListElement\":[{\"@type\":\"ListItem\",\"position\":1,\"name\":\"Home\",\"item\":\"https:\\\/\\\/ajatutaja.com\\\/hr\\\/\"},{\"@type\":\"ListItem\",\"position\":2,\"name\":\"Trgovina\",\"item\":\"https:\\\/\\\/ajatutaja.com\\\/hr\\\/trgovina\\\/\"},{\"@type\":\"ListItem\",\"position\":3,\"name\":\"Lesena hi\u0161ka za pun\u010dke M Little Dutch\"}]},{\"@type\":\"WebSite\",\"@id\":\"https:\\\/\\\/ajatutaja.com\\\/#website\",\"url\":\"https:\\\/\\\/ajatutaja.com\\\/\",\"name\":\"Ajatutaja\",\"description\":\"Otro\u0161ka spletna trgovina AJATUTAJA\",\"publisher\":{\"@id\":\"https:\\\/\\\/ajatutaja.com\\\/#organization\"},\"potentialAction\":[{\"@type\":\"SearchAction\",\"target\":{\"@type\":\"EntryPoint\",\"urlTemplate\":\"https:\\\/\\\/ajatutaja.com\\\/?s={search_term_string}\"},\"query-input\":{\"@type\":\"PropertyValueSpecification\",\"valueRequired\":true,\"valueName\":\"search_term_string\"}}],\"inLanguage\":\"hr\"},{\"@type\":\"Organization\",\"@id\":\"https:\\\/\\\/ajatutaja.com\\\/#organization\",\"name\":\"Ajatutaja\",\"url\":\"https:\\\/\\\/ajatutaja.com\\\/\",\"logo\":{\"@type\":\"ImageObject\",\"inLanguage\":\"hr\",\"@id\":\"https:\\\/\\\/ajatutaja.com\\\/#\\\/schema\\\/logo\\\/image\\\/\",\"url\":\"https:\\\/\\\/ajatutaja.com\\\/wp-content\\\/uploads\\\/2021\\\/10\\\/logo.png\",\"contentUrl\":\"https:\\\/\\\/ajatutaja.com\\\/wp-content\\\/uploads\\\/2021\\\/10\\\/logo.png\",\"width\":555,\"height\":150,\"caption\":\"Ajatutaja\"},\"image\":{\"@id\":\"https:\\\/\\\/ajatutaja.com\\\/#\\\/schema\\\/logo\\\/image\\\/\"}}]}<\/script>\n<!-- \/ Yoast SEO plugin. -->","yoast_head_json":{"title":"Lesena hi\u0161ka za pun\u010dke M Little Dutch | Ajatutaja","description":"Lesena hi\u0161ka za pun\u010dke Little Dutch bo va\u0161ega mal\u010dka popeljala v \u010daroben svet domi\u0161ljije. Dvonadstropna hi\u0161ka se lahko razpre in je opremljena","robots":{"index":"index","follow":"follow","max-snippet":"max-snippet:-1","max-image-preview":"max-image-preview:large","max-video-preview":"max-video-preview:-1"},"canonical":"https:\/\/ajatutaja.com\/izdelek\/lesena-hiska-za-puncke-m-little-dutch\/","og_locale":"hr_HR","og_type":"article","og_title":"Lesena hi\u0161ka za pun\u010dke M Little Dutch | Ajatutaja","og_description":"Lesena hi\u0161ka za pun\u010dke Little Dutch bo va\u0161ega mal\u010dka popeljala v \u010daroben svet domi\u0161ljije. Dvonadstropna hi\u0161ka se lahko razpre in je opremljena","og_url":"https:\/\/ajatutaja.com\/izdelek\/lesena-hiska-za-puncke-m-little-dutch\/","og_site_name":"Ajatutaja","article_modified_time":"2026-03-20T12:57:31+00:00","og_image":[{"width":800,"height":800,"url":"https:\/\/ajatutaja.com\/wp-content\/uploads\/2023\/09\/little-dutch-lesena-hiska-za-puncke-m.jpeg","type":"image\/jpeg"}],"twitter_card":"summary_large_image","twitter_misc":{"Procijenjeno vrijeme \u010ditanja":"1 minuta"},"schema":{"@context":"https:\/\/schema.org","@graph":[{"@type":"WebPage","@id":"https:\/\/ajatutaja.com\/izdelek\/lesena-hiska-za-puncke-m-little-dutch\/","url":"https:\/\/ajatutaja.com\/izdelek\/lesena-hiska-za-puncke-m-little-dutch\/","name":"Lesena hi\u0161ka za pun\u010dke M Little Dutch | Ajatutaja","isPartOf":{"@id":"https:\/\/ajatutaja.com\/#website"},"primaryImageOfPage":{"@id":"https:\/\/ajatutaja.com\/izdelek\/lesena-hiska-za-puncke-m-little-dutch\/#primaryimage"},"image":{"@id":"https:\/\/ajatutaja.com\/izdelek\/lesena-hiska-za-puncke-m-little-dutch\/#primaryimage"},"thumbnailUrl":"https:\/\/ajatutaja.com\/wp-content\/uploads\/2023\/09\/little-dutch-lesena-hiska-za-puncke-m.jpeg","datePublished":"2024-09-05T14:06:13+00:00","dateModified":"2026-03-20T12:57:31+00:00","description":"Lesena hi\u0161ka za pun\u010dke Little Dutch bo va\u0161ega mal\u010dka popeljala v \u010daroben svet domi\u0161ljije. Dvonadstropna hi\u0161ka se lahko razpre in je opremljena","breadcrumb":{"@id":"https:\/\/ajatutaja.com\/izdelek\/lesena-hiska-za-puncke-m-little-dutch\/#breadcrumb"},"inLanguage":"hr","potentialAction":[{"@type":"ReadAction","target":["https:\/\/ajatutaja.com\/izdelek\/lesena-hiska-za-puncke-m-little-dutch\/"]}]},{"@type":"ImageObject","inLanguage":"hr","@id":"https:\/\/ajatutaja.com\/izdelek\/lesena-hiska-za-puncke-m-little-dutch\/#primaryimage","url":"https:\/\/ajatutaja.com\/wp-content\/uploads\/2023\/09\/little-dutch-lesena-hiska-za-puncke-m.jpeg","contentUrl":"https:\/\/ajatutaja.com\/wp-content\/uploads\/2023\/09\/little-dutch-lesena-hiska-za-puncke-m.jpeg","width":800,"height":800},{"@type":"BreadcrumbList","@id":"https:\/\/ajatutaja.com\/izdelek\/lesena-hiska-za-puncke-m-little-dutch\/#breadcrumb","itemListElement":[{"@type":"ListItem","position":1,"name":"Home","item":"https:\/\/ajatutaja.com\/hr\/"},{"@type":"ListItem","position":2,"name":"Trgovina","item":"https:\/\/ajatutaja.com\/hr\/trgovina\/"},{"@type":"ListItem","position":3,"name":"Lesena hi\u0161ka za pun\u010dke M Little Dutch"}]},{"@type":"WebSite","@id":"https:\/\/ajatutaja.com\/#website","url":"https:\/\/ajatutaja.com\/","name":"Ajatutaja","description":"Otro\u0161ka spletna trgovina AJATUTAJA","publisher":{"@id":"https:\/\/ajatutaja.com\/#organization"},"potentialAction":[{"@type":"SearchAction","target":{"@type":"EntryPoint","urlTemplate":"https:\/\/ajatutaja.com\/?s={search_term_string}"},"query-input":{"@type":"PropertyValueSpecification","valueRequired":true,"valueName":"search_term_string"}}],"inLanguage":"hr"},{"@type":"Organization","@id":"https:\/\/ajatutaja.com\/#organization","name":"Ajatutaja","url":"https:\/\/ajatutaja.com\/","logo":{"@type":"ImageObject","inLanguage":"hr","@id":"https:\/\/ajatutaja.com\/#\/schema\/logo\/image\/","url":"https:\/\/ajatutaja.com\/wp-content\/uploads\/2021\/10\/logo.png","contentUrl":"https:\/\/ajatutaja.com\/wp-content\/uploads\/2021\/10\/logo.png","width":555,"height":150,"caption":"Ajatutaja"},"image":{"@id":"https:\/\/ajatutaja.com\/#\/schema\/logo\/image\/"}}]}},"brands":[{"id":2452,"name":"Igranje","slug":"igranje"},{"id":2457,"name":"Little Dutch","slug":"little-dutch-igra"}],"_links":{"self":[{"href":"https:\/\/ajatutaja.com\/hr\/wp-json\/wp\/v2\/product\/52380","targetHints":{"allow":["GET"]}}],"collection":[{"href":"https:\/\/ajatutaja.com\/hr\/wp-json\/wp\/v2\/product"}],"about":[{"href":"https:\/\/ajatutaja.com\/hr\/wp-json\/wp\/v2\/types\/product"}],"wp:featuredmedia":[{"embeddable":true,"href":"https:\/\/ajatutaja.com\/hr\/wp-json\/wp\/v2\/media\/70153"}],"wp:attachment":[{"href":"https:\/\/ajatutaja.com\/hr\/wp-json\/wp\/v2\/media?parent=52380"}],"wp:term":[{"taxonomy":"pwb-brand","embeddable":true,"href":"https:\/\/ajatutaja.com\/hr\/wp-json\/wp\/v2\/pwb-brand?post=52380"},{"taxonomy":"product_brand","embeddable":true,"href":"https:\/\/ajatutaja.com\/hr\/wp-json\/wp\/v2\/product_brand?post=52380"},{"taxonomy":"product_cat","embeddable":true,"href":"https:\/\/ajatutaja.com\/hr\/wp-json\/wp\/v2\/product_cat?post=52380"},{"taxonomy":"product_tag","embeddable":true,"href":"https:\/\/ajatutaja.com\/hr\/wp-json\/wp\/v2\/product_tag?post=52380"}],"curies":[{"name":"wp","href":"https:\/\/api.w.org\/{rel}","templated":true}]}}