{"id":52248,"date":"2023-09-04T21:14:45","date_gmt":"2023-09-04T19:14:45","guid":{"rendered":"https:\/\/ajatutaja.com\/?post_type=product&#038;p=52248"},"modified":"2025-03-27T16:50:35","modified_gmt":"2025-03-27T15:50:35","slug":"childhome-nahrbtnik-family-club-signature-black","status":"publish","type":"product","link":"https:\/\/ajatutaja.com\/hr\/proizvod\/childhome-nahrbtnik-family-club-signature-black\/","title":{"rendered":"Childhome nahrbtnik FAMILY CLUB &#8211; Signature Black"},"content":{"rendered":"<p>[vc_row][vc_column][vc_column_text]<\/p>\n<p style=\"text-align: justify\">Childhome nahrbtnik Family Club je prostorna previjalna torba, ki je namenjena vsej dru\u017eini. Vanjo namre\u010d lahko pospravite poleg svojih osebnih re\u010di in ra\u010dunalnika, tusi\u00a0 obla\u010dila za mal\u010dka, plenice, kozmetiko, fla\u0161ko in igla\u010de. Primeren pa je tudi za kraj\u0161a potovanja.<\/p>\n<h3>Lastnosti nahrbtika Childhome nahrbtnika Family Club:<\/h3>\n<ul>\n<li><span lang=\"sl\">Dimenzije: 30x16x40 cm <\/span><\/li>\n<li><span lang=\"sl\">Prostornina: 20,5L <\/span><\/li>\n<li><span lang=\"sl\">Najve\u010dja nosilnost: 5 kg<\/span><\/li>\n<li><span lang=\"sl\">Material:Vodoodbojna tkanina: 65% bomba\u017e, 35% poliester<\/span> \/ <span lang=\"sl\">Podloga: 100% najlon<\/span><\/li>\n<li><span lang=\"sl\">Opremljen z 2 velikimi predali in 9 manj\u0161ih<\/span><\/li>\n<li>Ro\u010daji so oja\u010dani z eko-usnjem<\/li>\n<li><span lang=\"sl\">Vzdr\u017eevanje: Ni primerno za pranje v pralnem stroju &#8211; o\u010distite z vla\u017eno krpo in takoj posu\u0161ite<\/span><\/li>\n<li>3 barve na voljo<\/li>\n<li>V kompletu z nahrbtnikom dobite previjalno podlogo, paske in kljukice za obe\u0161anje<\/li>\n<\/ul>\n<p>Kvalitetna izdelava Childhome nahrbtnika Family Club, \u010dvrsti ro\u010daji in neverjetna prostornina bo navdu\u0161ila tudi vas![\/vc_column_text][\/vc_column][\/vc_row]<\/p>\n","protected":false},"excerpt":{"rendered":"<p>Childhome nahrbtnik Family Club je tako prostoren in trpe\u017een, da se mu mamice in o\u010detje ne morejo upreti! Vanj lahko namre\u010d\u00a0 pospravijo vse potrebno za mal\u010dka, pa tudi vse svoje stvari. To je <span lang=\"sl\">najnovej\u0161i \u010dlan dru\u017eine Signature Collection.<\/span><\/p>\n","protected":false},"featured_media":52349,"template":"","meta":[],"pwb-brand":[2422,2409],"product_brand":[],"product_cat":[2710,5072,2610,2711,2262,2361,2398],"product_tag":[4043,5359],"class_list":{"0":"post-52248","1":"product","2":"type-product","3":"status-publish","4":"has-post-thumbnail","6":"pwb-brand-childhome-potepanje","7":"pwb-brand-potepanje","8":"product_cat-babyshower-darila","9":"product_cat-bozicna-darila","10":"product_cat-darila","11":"product_cat-darilo-ob-rojstvu","12":"product_cat-darilo-za-nosecnico","13":"product_cat-potepanje","14":"product_cat-previjalne-torbe","15":"product_tag-childhome","16":"product_tag-family-club","18":"first","19":"instock","20":"taxable","21":"shipping-taxable","22":"purchasable","23":"product-type-simple","24":"add-to-wishlist-before_image"},"yoast_head":"<!-- This site is optimized with the Yoast SEO plugin v27.3 - https:\/\/yoast.com\/product\/yoast-seo-wordpress\/ -->\n<title>Childhome nahrbtnik FAMILY CLUB - Signature Black | Ajatutaja<\/title>\n<meta name=\"description\" content=\"Childhome nahrbtnik Family Club je tako prostoren in trpe\u017een, da se mu mamice in o\u010detje ne morejo upreti! Vanj lahko namre\u010d\u00a0 pospravijo vse potrebno za mal\u010dka, pa tudi vse svoje stvari.\" \/>\n<meta name=\"robots\" content=\"index, follow, max-snippet:-1, max-image-preview:large, max-video-preview:-1\" \/>\n<link rel=\"canonical\" href=\"https:\/\/ajatutaja.com\/hr\/proizvod\/childhome-nahrbtnik-family-club-signature-black\/\" \/>\n<meta property=\"og:locale\" content=\"hr_HR\" \/>\n<meta property=\"og:type\" content=\"article\" \/>\n<meta property=\"og:title\" content=\"Childhome nahrbtnik FAMILY CLUB - Signature Black | Ajatutaja\" \/>\n<meta property=\"og:description\" content=\"Childhome nahrbtnik Family Club je tako prostoren in trpe\u017een, da se mu mamice in o\u010detje ne morejo upreti! Vanj lahko namre\u010d\u00a0 pospravijo vse potrebno za mal\u010dka, pa tudi vse svoje stvari.\" \/>\n<meta property=\"og:url\" content=\"https:\/\/ajatutaja.com\/hr\/proizvod\/childhome-nahrbtnik-family-club-signature-black\/\" \/>\n<meta property=\"og:site_name\" content=\"Ajatutaja\" \/>\n<meta property=\"article:modified_time\" content=\"2025-03-27T15:50:35+00:00\" \/>\n<meta property=\"og:image\" content=\"https:\/\/ajatutaja.com\/wp-content\/uploads\/2023\/09\/nahrbtnik-childhome-family-club-signature-BLACK-ajatutaja-5.jpg\" \/>\n\t<meta property=\"og:image:width\" content=\"700\" \/>\n\t<meta property=\"og:image:height\" content=\"700\" \/>\n\t<meta property=\"og:image:type\" content=\"image\/jpeg\" \/>\n<meta name=\"twitter:card\" content=\"summary_large_image\" \/>\n<meta name=\"twitter:label1\" content=\"Procijenjeno vrijeme \u010ditanja\" \/>\n\t<meta name=\"twitter:data1\" content=\"1 minuta\" \/>\n<script type=\"application\/ld+json\" class=\"yoast-schema-graph\">{\"@context\":\"https:\\\/\\\/schema.org\",\"@graph\":[{\"@type\":\"WebPage\",\"@id\":\"https:\\\/\\\/ajatutaja.com\\\/hr\\\/proizvod\\\/childhome-nahrbtnik-family-club-signature-black\\\/\",\"url\":\"https:\\\/\\\/ajatutaja.com\\\/hr\\\/proizvod\\\/childhome-nahrbtnik-family-club-signature-black\\\/\",\"name\":\"Childhome nahrbtnik FAMILY CLUB - Signature Black | Ajatutaja\",\"isPartOf\":{\"@id\":\"https:\\\/\\\/ajatutaja.com\\\/#website\"},\"primaryImageOfPage\":{\"@id\":\"https:\\\/\\\/ajatutaja.com\\\/hr\\\/proizvod\\\/childhome-nahrbtnik-family-club-signature-black\\\/#primaryimage\"},\"image\":{\"@id\":\"https:\\\/\\\/ajatutaja.com\\\/hr\\\/proizvod\\\/childhome-nahrbtnik-family-club-signature-black\\\/#primaryimage\"},\"thumbnailUrl\":\"https:\\\/\\\/ajatutaja.com\\\/wp-content\\\/uploads\\\/2023\\\/09\\\/nahrbtnik-childhome-family-club-signature-BLACK-ajatutaja-5.jpg\",\"datePublished\":\"2023-09-04T19:14:45+00:00\",\"dateModified\":\"2025-03-27T15:50:35+00:00\",\"description\":\"Childhome nahrbtnik Family Club je tako prostoren in trpe\u017een, da se mu mamice in o\u010detje ne morejo upreti! Vanj lahko namre\u010d\u00a0 pospravijo vse potrebno za mal\u010dka, pa tudi vse svoje stvari.\",\"breadcrumb\":{\"@id\":\"https:\\\/\\\/ajatutaja.com\\\/hr\\\/proizvod\\\/childhome-nahrbtnik-family-club-signature-black\\\/#breadcrumb\"},\"inLanguage\":\"hr\",\"potentialAction\":[{\"@type\":\"ReadAction\",\"target\":[\"https:\\\/\\\/ajatutaja.com\\\/hr\\\/proizvod\\\/childhome-nahrbtnik-family-club-signature-black\\\/\"]}]},{\"@type\":\"ImageObject\",\"inLanguage\":\"hr\",\"@id\":\"https:\\\/\\\/ajatutaja.com\\\/hr\\\/proizvod\\\/childhome-nahrbtnik-family-club-signature-black\\\/#primaryimage\",\"url\":\"https:\\\/\\\/ajatutaja.com\\\/wp-content\\\/uploads\\\/2023\\\/09\\\/nahrbtnik-childhome-family-club-signature-BLACK-ajatutaja-5.jpg\",\"contentUrl\":\"https:\\\/\\\/ajatutaja.com\\\/wp-content\\\/uploads\\\/2023\\\/09\\\/nahrbtnik-childhome-family-club-signature-BLACK-ajatutaja-5.jpg\",\"width\":700,\"height\":700},{\"@type\":\"BreadcrumbList\",\"@id\":\"https:\\\/\\\/ajatutaja.com\\\/hr\\\/proizvod\\\/childhome-nahrbtnik-family-club-signature-black\\\/#breadcrumb\",\"itemListElement\":[{\"@type\":\"ListItem\",\"position\":1,\"name\":\"Home\",\"item\":\"https:\\\/\\\/ajatutaja.com\\\/hr\\\/\"},{\"@type\":\"ListItem\",\"position\":2,\"name\":\"Trgovina\",\"item\":\"https:\\\/\\\/ajatutaja.com\\\/hr\\\/trgovina\\\/\"},{\"@type\":\"ListItem\",\"position\":3,\"name\":\"Childhome nahrbtnik FAMILY CLUB &#8211; Signature Black\"}]},{\"@type\":\"WebSite\",\"@id\":\"https:\\\/\\\/ajatutaja.com\\\/#website\",\"url\":\"https:\\\/\\\/ajatutaja.com\\\/\",\"name\":\"Ajatutaja\",\"description\":\"Otro\u0161ka spletna trgovina AJATUTAJA\",\"publisher\":{\"@id\":\"https:\\\/\\\/ajatutaja.com\\\/#organization\"},\"potentialAction\":[{\"@type\":\"SearchAction\",\"target\":{\"@type\":\"EntryPoint\",\"urlTemplate\":\"https:\\\/\\\/ajatutaja.com\\\/?s={search_term_string}\"},\"query-input\":{\"@type\":\"PropertyValueSpecification\",\"valueRequired\":true,\"valueName\":\"search_term_string\"}}],\"inLanguage\":\"hr\"},{\"@type\":\"Organization\",\"@id\":\"https:\\\/\\\/ajatutaja.com\\\/#organization\",\"name\":\"Ajatutaja\",\"url\":\"https:\\\/\\\/ajatutaja.com\\\/\",\"logo\":{\"@type\":\"ImageObject\",\"inLanguage\":\"hr\",\"@id\":\"https:\\\/\\\/ajatutaja.com\\\/#\\\/schema\\\/logo\\\/image\\\/\",\"url\":\"https:\\\/\\\/ajatutaja.com\\\/wp-content\\\/uploads\\\/2021\\\/10\\\/logo.png\",\"contentUrl\":\"https:\\\/\\\/ajatutaja.com\\\/wp-content\\\/uploads\\\/2021\\\/10\\\/logo.png\",\"width\":555,\"height\":150,\"caption\":\"Ajatutaja\"},\"image\":{\"@id\":\"https:\\\/\\\/ajatutaja.com\\\/#\\\/schema\\\/logo\\\/image\\\/\"}}]}<\/script>\n<!-- \/ Yoast SEO plugin. -->","yoast_head_json":{"title":"Childhome nahrbtnik FAMILY CLUB - Signature Black | Ajatutaja","description":"Childhome nahrbtnik Family Club je tako prostoren in trpe\u017een, da se mu mamice in o\u010detje ne morejo upreti! Vanj lahko namre\u010d\u00a0 pospravijo vse potrebno za mal\u010dka, pa tudi vse svoje stvari.","robots":{"index":"index","follow":"follow","max-snippet":"max-snippet:-1","max-image-preview":"max-image-preview:large","max-video-preview":"max-video-preview:-1"},"canonical":"https:\/\/ajatutaja.com\/hr\/proizvod\/childhome-nahrbtnik-family-club-signature-black\/","og_locale":"hr_HR","og_type":"article","og_title":"Childhome nahrbtnik FAMILY CLUB - Signature Black | Ajatutaja","og_description":"Childhome nahrbtnik Family Club je tako prostoren in trpe\u017een, da se mu mamice in o\u010detje ne morejo upreti! Vanj lahko namre\u010d\u00a0 pospravijo vse potrebno za mal\u010dka, pa tudi vse svoje stvari.","og_url":"https:\/\/ajatutaja.com\/hr\/proizvod\/childhome-nahrbtnik-family-club-signature-black\/","og_site_name":"Ajatutaja","article_modified_time":"2025-03-27T15:50:35+00:00","og_image":[{"width":700,"height":700,"url":"https:\/\/ajatutaja.com\/wp-content\/uploads\/2023\/09\/nahrbtnik-childhome-family-club-signature-BLACK-ajatutaja-5.jpg","type":"image\/jpeg"}],"twitter_card":"summary_large_image","twitter_misc":{"Procijenjeno vrijeme \u010ditanja":"1 minuta"},"schema":{"@context":"https:\/\/schema.org","@graph":[{"@type":"WebPage","@id":"https:\/\/ajatutaja.com\/hr\/proizvod\/childhome-nahrbtnik-family-club-signature-black\/","url":"https:\/\/ajatutaja.com\/hr\/proizvod\/childhome-nahrbtnik-family-club-signature-black\/","name":"Childhome nahrbtnik FAMILY CLUB - Signature Black | Ajatutaja","isPartOf":{"@id":"https:\/\/ajatutaja.com\/#website"},"primaryImageOfPage":{"@id":"https:\/\/ajatutaja.com\/hr\/proizvod\/childhome-nahrbtnik-family-club-signature-black\/#primaryimage"},"image":{"@id":"https:\/\/ajatutaja.com\/hr\/proizvod\/childhome-nahrbtnik-family-club-signature-black\/#primaryimage"},"thumbnailUrl":"https:\/\/ajatutaja.com\/wp-content\/uploads\/2023\/09\/nahrbtnik-childhome-family-club-signature-BLACK-ajatutaja-5.jpg","datePublished":"2023-09-04T19:14:45+00:00","dateModified":"2025-03-27T15:50:35+00:00","description":"Childhome nahrbtnik Family Club je tako prostoren in trpe\u017een, da se mu mamice in o\u010detje ne morejo upreti! Vanj lahko namre\u010d\u00a0 pospravijo vse potrebno za mal\u010dka, pa tudi vse svoje stvari.","breadcrumb":{"@id":"https:\/\/ajatutaja.com\/hr\/proizvod\/childhome-nahrbtnik-family-club-signature-black\/#breadcrumb"},"inLanguage":"hr","potentialAction":[{"@type":"ReadAction","target":["https:\/\/ajatutaja.com\/hr\/proizvod\/childhome-nahrbtnik-family-club-signature-black\/"]}]},{"@type":"ImageObject","inLanguage":"hr","@id":"https:\/\/ajatutaja.com\/hr\/proizvod\/childhome-nahrbtnik-family-club-signature-black\/#primaryimage","url":"https:\/\/ajatutaja.com\/wp-content\/uploads\/2023\/09\/nahrbtnik-childhome-family-club-signature-BLACK-ajatutaja-5.jpg","contentUrl":"https:\/\/ajatutaja.com\/wp-content\/uploads\/2023\/09\/nahrbtnik-childhome-family-club-signature-BLACK-ajatutaja-5.jpg","width":700,"height":700},{"@type":"BreadcrumbList","@id":"https:\/\/ajatutaja.com\/hr\/proizvod\/childhome-nahrbtnik-family-club-signature-black\/#breadcrumb","itemListElement":[{"@type":"ListItem","position":1,"name":"Home","item":"https:\/\/ajatutaja.com\/hr\/"},{"@type":"ListItem","position":2,"name":"Trgovina","item":"https:\/\/ajatutaja.com\/hr\/trgovina\/"},{"@type":"ListItem","position":3,"name":"Childhome nahrbtnik FAMILY CLUB &#8211; Signature Black"}]},{"@type":"WebSite","@id":"https:\/\/ajatutaja.com\/#website","url":"https:\/\/ajatutaja.com\/","name":"Ajatutaja","description":"Otro\u0161ka spletna trgovina AJATUTAJA","publisher":{"@id":"https:\/\/ajatutaja.com\/#organization"},"potentialAction":[{"@type":"SearchAction","target":{"@type":"EntryPoint","urlTemplate":"https:\/\/ajatutaja.com\/?s={search_term_string}"},"query-input":{"@type":"PropertyValueSpecification","valueRequired":true,"valueName":"search_term_string"}}],"inLanguage":"hr"},{"@type":"Organization","@id":"https:\/\/ajatutaja.com\/#organization","name":"Ajatutaja","url":"https:\/\/ajatutaja.com\/","logo":{"@type":"ImageObject","inLanguage":"hr","@id":"https:\/\/ajatutaja.com\/#\/schema\/logo\/image\/","url":"https:\/\/ajatutaja.com\/wp-content\/uploads\/2021\/10\/logo.png","contentUrl":"https:\/\/ajatutaja.com\/wp-content\/uploads\/2021\/10\/logo.png","width":555,"height":150,"caption":"Ajatutaja"},"image":{"@id":"https:\/\/ajatutaja.com\/#\/schema\/logo\/image\/"}}]}},"brands":[{"id":2422,"name":"Childhome","slug":"childhome-potepanje"},{"id":2409,"name":"Potepanje","slug":"potepanje"}],"_links":{"self":[{"href":"https:\/\/ajatutaja.com\/hr\/wp-json\/wp\/v2\/product\/52248","targetHints":{"allow":["GET"]}}],"collection":[{"href":"https:\/\/ajatutaja.com\/hr\/wp-json\/wp\/v2\/product"}],"about":[{"href":"https:\/\/ajatutaja.com\/hr\/wp-json\/wp\/v2\/types\/product"}],"wp:featuredmedia":[{"embeddable":true,"href":"https:\/\/ajatutaja.com\/hr\/wp-json\/wp\/v2\/media\/52349"}],"wp:attachment":[{"href":"https:\/\/ajatutaja.com\/hr\/wp-json\/wp\/v2\/media?parent=52248"}],"wp:term":[{"taxonomy":"pwb-brand","embeddable":true,"href":"https:\/\/ajatutaja.com\/hr\/wp-json\/wp\/v2\/pwb-brand?post=52248"},{"taxonomy":"product_brand","embeddable":true,"href":"https:\/\/ajatutaja.com\/hr\/wp-json\/wp\/v2\/product_brand?post=52248"},{"taxonomy":"product_cat","embeddable":true,"href":"https:\/\/ajatutaja.com\/hr\/wp-json\/wp\/v2\/product_cat?post=52248"},{"taxonomy":"product_tag","embeddable":true,"href":"https:\/\/ajatutaja.com\/hr\/wp-json\/wp\/v2\/product_tag?post=52248"}],"curies":[{"name":"wp","href":"https:\/\/api.w.org\/{rel}","templated":true}]}}