{"id":51735,"date":"2023-08-15T18:57:35","date_gmt":"2023-08-15T16:57:35","guid":{"rendered":"https:\/\/ajatutaja.com\/?post_type=product&#038;p=51735"},"modified":"2025-02-19T10:30:10","modified_gmt":"2025-02-19T09:30:10","slug":"otroska-flavta-stephen-joseph-morski-pes","status":"publish","type":"product","link":"https:\/\/ajatutaja.com\/hr\/proizvod\/otroska-flavta-stephen-joseph-morski-pes\/","title":{"rendered":"Otro\u0161ka flavta Stephen Joseph &#8211; Morski pes"},"content":{"rendered":"<p>[vc_row][vc_column][vc_column_text]\u010ce otroku podarite glasbilo, zagotovo ne boste zgre\u0161ili. Otroci, ki se ukvarjajo z glasbo in razvijajo glasbene sposobnosti to pozitivno vpliva na razvoj pismenih in bralnih sposobnosti. Glasba naj bi pomagala tudi spominu, pomemben vpliv pa ima tudi na prostorske in matemati\u010dne sposobnosti. Tudi najmlaj\u0161i otroci obo\u017eujejo glasbo. Z veseljem pihajo v flavtico ali orglice, udarjajo po ksilofonu\/bobnih in ple\u0161ejo po svojih ritimih.<\/p>\n<h3>Otro\u0161ka flavta Stephen Joseph ima naslednje lastnosti:<\/h3>\n<ul>\n<li>Dol\u017eina flavte je 21 cm<\/li>\n<li>V celoti je izdelana iz lesa in pobarvana z barvami na vodni osnovi<\/li>\n<li>Primerno za otroke od 3 leta starosti dalje<\/li>\n<li>\u010ci\u0161\u010denje z mehko in vla\u017eno krpo<\/li>\n<li>Glasba pozitivno vpliva na aktivni telesni razvoj, gib\u010dnost in spretnosti.<\/li>\n<\/ul>\n<p><strong>OPOZORILO:<\/strong> Izdelek ni primeren za otroke malj\u0161e od 3. let. Majhni delci. Nevarnost zadu\u0161itve. Preden igra\u010do izro\u010dite otroku, odstranite vso embala\u017eo in etikete.[\/vc_column_text][\/vc_column][\/vc_row]<\/p>\n","protected":false},"excerpt":{"rendered":"<p>Otro\u0161ka flavta Stephen Joseph je enostavno glasbilo, zaradi \u010desar je idealen za\u010detni instrument za va\u0161e mal\u010dke. Otroci vseh starosti se bodo lahko poizkusili v svojih glasbenih spretnostih, ter se pri tem tudi zabavali.<\/p>\n","protected":false},"featured_media":51727,"template":"","meta":[],"pwb-brand":[2452,2460],"product_brand":[],"product_cat":[3992,2362,2443,2444,3985],"product_tag":[4037,5354,3980],"class_list":{"0":"post-51735","1":"product","2":"type-product","3":"status-publish","4":"has-post-thumbnail","6":"pwb-brand-igranje","7":"pwb-brand-stephen-joseph-igranje","8":"product_cat-3-leta-igrace","9":"product_cat-igranje","10":"product_cat-lesene-igrace","11":"product_cat-otroska-glasbila","12":"product_cat-po-starosti","13":"product_tag-shark","14":"product_tag-sj-glasbila","15":"product_tag-stephen-joseph","17":"first","18":"instock","19":"taxable","20":"shipping-taxable","21":"purchasable","22":"product-type-simple","23":"add-to-wishlist-before_image"},"yoast_head":"<!-- This site is optimized with the Yoast SEO plugin v27.3 - https:\/\/yoast.com\/product\/yoast-seo-wordpress\/ -->\n<title>Otro\u0161ka flavta Stephen Joseph - Morski pes | Ajatutaja<\/title>\n<meta name=\"description\" content=\"Otro\u0161ka flavta Stephen Joseph je enostavno glasbilo, zaradi \u010desar je idealen za\u010detni instrument za va\u0161e mal\u010dke. Otroci vseh starosti se bodo lahko poizkusili v svojih glasbenih spretnostih, ter se pri tem tudi zabavali.\" \/>\n<meta name=\"robots\" content=\"index, follow, max-snippet:-1, max-image-preview:large, max-video-preview:-1\" \/>\n<link rel=\"canonical\" href=\"https:\/\/ajatutaja.com\/izdelek\/otroska-flavta-stephen-joseph-morski-pes\/\" \/>\n<meta property=\"og:locale\" content=\"hr_HR\" \/>\n<meta property=\"og:type\" content=\"article\" \/>\n<meta property=\"og:title\" content=\"Otro\u0161ka flavta Stephen Joseph - Morski pes | Ajatutaja\" \/>\n<meta property=\"og:description\" content=\"Otro\u0161ka flavta Stephen Joseph je enostavno glasbilo, zaradi \u010desar je idealen za\u010detni instrument za va\u0161e mal\u010dke. Otroci vseh starosti se bodo lahko poizkusili v svojih glasbenih spretnostih, ter se pri tem tudi zabavali.\" \/>\n<meta property=\"og:url\" content=\"https:\/\/ajatutaja.com\/izdelek\/otroska-flavta-stephen-joseph-morski-pes\/\" \/>\n<meta property=\"og:site_name\" content=\"Ajatutaja\" \/>\n<meta property=\"article:modified_time\" content=\"2025-02-19T09:30:10+00:00\" \/>\n<meta property=\"og:image\" content=\"https:\/\/ajatutaja.com\/wp-content\/uploads\/2023\/08\/flavta-MORSKI-PES-1.jpg\" \/>\n\t<meta property=\"og:image:width\" content=\"800\" \/>\n\t<meta property=\"og:image:height\" content=\"800\" \/>\n\t<meta property=\"og:image:type\" content=\"image\/jpeg\" \/>\n<meta name=\"twitter:card\" content=\"summary_large_image\" \/>\n<meta name=\"twitter:label1\" content=\"Procijenjeno vrijeme \u010ditanja\" \/>\n\t<meta name=\"twitter:data1\" content=\"1 minuta\" \/>\n<script type=\"application\/ld+json\" class=\"yoast-schema-graph\">{\"@context\":\"https:\\\/\\\/schema.org\",\"@graph\":[{\"@type\":\"WebPage\",\"@id\":\"https:\\\/\\\/ajatutaja.com\\\/izdelek\\\/otroska-flavta-stephen-joseph-morski-pes\\\/\",\"url\":\"https:\\\/\\\/ajatutaja.com\\\/izdelek\\\/otroska-flavta-stephen-joseph-morski-pes\\\/\",\"name\":\"Otro\u0161ka flavta Stephen Joseph - Morski pes | Ajatutaja\",\"isPartOf\":{\"@id\":\"https:\\\/\\\/ajatutaja.com\\\/#website\"},\"primaryImageOfPage\":{\"@id\":\"https:\\\/\\\/ajatutaja.com\\\/izdelek\\\/otroska-flavta-stephen-joseph-morski-pes\\\/#primaryimage\"},\"image\":{\"@id\":\"https:\\\/\\\/ajatutaja.com\\\/izdelek\\\/otroska-flavta-stephen-joseph-morski-pes\\\/#primaryimage\"},\"thumbnailUrl\":\"https:\\\/\\\/ajatutaja.com\\\/wp-content\\\/uploads\\\/2023\\\/08\\\/flavta-MORSKI-PES-1.jpg\",\"datePublished\":\"2023-08-15T16:57:35+00:00\",\"dateModified\":\"2025-02-19T09:30:10+00:00\",\"description\":\"Otro\u0161ka flavta Stephen Joseph je enostavno glasbilo, zaradi \u010desar je idealen za\u010detni instrument za va\u0161e mal\u010dke. Otroci vseh starosti se bodo lahko poizkusili v svojih glasbenih spretnostih, ter se pri tem tudi zabavali.\",\"breadcrumb\":{\"@id\":\"https:\\\/\\\/ajatutaja.com\\\/izdelek\\\/otroska-flavta-stephen-joseph-morski-pes\\\/#breadcrumb\"},\"inLanguage\":\"hr\",\"potentialAction\":[{\"@type\":\"ReadAction\",\"target\":[\"https:\\\/\\\/ajatutaja.com\\\/izdelek\\\/otroska-flavta-stephen-joseph-morski-pes\\\/\"]}]},{\"@type\":\"ImageObject\",\"inLanguage\":\"hr\",\"@id\":\"https:\\\/\\\/ajatutaja.com\\\/izdelek\\\/otroska-flavta-stephen-joseph-morski-pes\\\/#primaryimage\",\"url\":\"https:\\\/\\\/ajatutaja.com\\\/wp-content\\\/uploads\\\/2023\\\/08\\\/flavta-MORSKI-PES-1.jpg\",\"contentUrl\":\"https:\\\/\\\/ajatutaja.com\\\/wp-content\\\/uploads\\\/2023\\\/08\\\/flavta-MORSKI-PES-1.jpg\",\"width\":800,\"height\":800},{\"@type\":\"BreadcrumbList\",\"@id\":\"https:\\\/\\\/ajatutaja.com\\\/izdelek\\\/otroska-flavta-stephen-joseph-morski-pes\\\/#breadcrumb\",\"itemListElement\":[{\"@type\":\"ListItem\",\"position\":1,\"name\":\"Home\",\"item\":\"https:\\\/\\\/ajatutaja.com\\\/hr\\\/\"},{\"@type\":\"ListItem\",\"position\":2,\"name\":\"Trgovina\",\"item\":\"https:\\\/\\\/ajatutaja.com\\\/hr\\\/trgovina\\\/\"},{\"@type\":\"ListItem\",\"position\":3,\"name\":\"Otro\u0161ka flavta Stephen Joseph &#8211; Morski pes\"}]},{\"@type\":\"WebSite\",\"@id\":\"https:\\\/\\\/ajatutaja.com\\\/#website\",\"url\":\"https:\\\/\\\/ajatutaja.com\\\/\",\"name\":\"Ajatutaja\",\"description\":\"Otro\u0161ka spletna trgovina AJATUTAJA\",\"publisher\":{\"@id\":\"https:\\\/\\\/ajatutaja.com\\\/#organization\"},\"potentialAction\":[{\"@type\":\"SearchAction\",\"target\":{\"@type\":\"EntryPoint\",\"urlTemplate\":\"https:\\\/\\\/ajatutaja.com\\\/?s={search_term_string}\"},\"query-input\":{\"@type\":\"PropertyValueSpecification\",\"valueRequired\":true,\"valueName\":\"search_term_string\"}}],\"inLanguage\":\"hr\"},{\"@type\":\"Organization\",\"@id\":\"https:\\\/\\\/ajatutaja.com\\\/#organization\",\"name\":\"Ajatutaja\",\"url\":\"https:\\\/\\\/ajatutaja.com\\\/\",\"logo\":{\"@type\":\"ImageObject\",\"inLanguage\":\"hr\",\"@id\":\"https:\\\/\\\/ajatutaja.com\\\/#\\\/schema\\\/logo\\\/image\\\/\",\"url\":\"https:\\\/\\\/ajatutaja.com\\\/wp-content\\\/uploads\\\/2021\\\/10\\\/logo.png\",\"contentUrl\":\"https:\\\/\\\/ajatutaja.com\\\/wp-content\\\/uploads\\\/2021\\\/10\\\/logo.png\",\"width\":555,\"height\":150,\"caption\":\"Ajatutaja\"},\"image\":{\"@id\":\"https:\\\/\\\/ajatutaja.com\\\/#\\\/schema\\\/logo\\\/image\\\/\"}}]}<\/script>\n<!-- \/ Yoast SEO plugin. -->","yoast_head_json":{"title":"Otro\u0161ka flavta Stephen Joseph - Morski pes | Ajatutaja","description":"Otro\u0161ka flavta Stephen Joseph je enostavno glasbilo, zaradi \u010desar je idealen za\u010detni instrument za va\u0161e mal\u010dke. Otroci vseh starosti se bodo lahko poizkusili v svojih glasbenih spretnostih, ter se pri tem tudi zabavali.","robots":{"index":"index","follow":"follow","max-snippet":"max-snippet:-1","max-image-preview":"max-image-preview:large","max-video-preview":"max-video-preview:-1"},"canonical":"https:\/\/ajatutaja.com\/izdelek\/otroska-flavta-stephen-joseph-morski-pes\/","og_locale":"hr_HR","og_type":"article","og_title":"Otro\u0161ka flavta Stephen Joseph - Morski pes | Ajatutaja","og_description":"Otro\u0161ka flavta Stephen Joseph je enostavno glasbilo, zaradi \u010desar je idealen za\u010detni instrument za va\u0161e mal\u010dke. Otroci vseh starosti se bodo lahko poizkusili v svojih glasbenih spretnostih, ter se pri tem tudi zabavali.","og_url":"https:\/\/ajatutaja.com\/izdelek\/otroska-flavta-stephen-joseph-morski-pes\/","og_site_name":"Ajatutaja","article_modified_time":"2025-02-19T09:30:10+00:00","og_image":[{"width":800,"height":800,"url":"https:\/\/ajatutaja.com\/wp-content\/uploads\/2023\/08\/flavta-MORSKI-PES-1.jpg","type":"image\/jpeg"}],"twitter_card":"summary_large_image","twitter_misc":{"Procijenjeno vrijeme \u010ditanja":"1 minuta"},"schema":{"@context":"https:\/\/schema.org","@graph":[{"@type":"WebPage","@id":"https:\/\/ajatutaja.com\/izdelek\/otroska-flavta-stephen-joseph-morski-pes\/","url":"https:\/\/ajatutaja.com\/izdelek\/otroska-flavta-stephen-joseph-morski-pes\/","name":"Otro\u0161ka flavta Stephen Joseph - Morski pes | Ajatutaja","isPartOf":{"@id":"https:\/\/ajatutaja.com\/#website"},"primaryImageOfPage":{"@id":"https:\/\/ajatutaja.com\/izdelek\/otroska-flavta-stephen-joseph-morski-pes\/#primaryimage"},"image":{"@id":"https:\/\/ajatutaja.com\/izdelek\/otroska-flavta-stephen-joseph-morski-pes\/#primaryimage"},"thumbnailUrl":"https:\/\/ajatutaja.com\/wp-content\/uploads\/2023\/08\/flavta-MORSKI-PES-1.jpg","datePublished":"2023-08-15T16:57:35+00:00","dateModified":"2025-02-19T09:30:10+00:00","description":"Otro\u0161ka flavta Stephen Joseph je enostavno glasbilo, zaradi \u010desar je idealen za\u010detni instrument za va\u0161e mal\u010dke. Otroci vseh starosti se bodo lahko poizkusili v svojih glasbenih spretnostih, ter se pri tem tudi zabavali.","breadcrumb":{"@id":"https:\/\/ajatutaja.com\/izdelek\/otroska-flavta-stephen-joseph-morski-pes\/#breadcrumb"},"inLanguage":"hr","potentialAction":[{"@type":"ReadAction","target":["https:\/\/ajatutaja.com\/izdelek\/otroska-flavta-stephen-joseph-morski-pes\/"]}]},{"@type":"ImageObject","inLanguage":"hr","@id":"https:\/\/ajatutaja.com\/izdelek\/otroska-flavta-stephen-joseph-morski-pes\/#primaryimage","url":"https:\/\/ajatutaja.com\/wp-content\/uploads\/2023\/08\/flavta-MORSKI-PES-1.jpg","contentUrl":"https:\/\/ajatutaja.com\/wp-content\/uploads\/2023\/08\/flavta-MORSKI-PES-1.jpg","width":800,"height":800},{"@type":"BreadcrumbList","@id":"https:\/\/ajatutaja.com\/izdelek\/otroska-flavta-stephen-joseph-morski-pes\/#breadcrumb","itemListElement":[{"@type":"ListItem","position":1,"name":"Home","item":"https:\/\/ajatutaja.com\/hr\/"},{"@type":"ListItem","position":2,"name":"Trgovina","item":"https:\/\/ajatutaja.com\/hr\/trgovina\/"},{"@type":"ListItem","position":3,"name":"Otro\u0161ka flavta Stephen Joseph &#8211; Morski pes"}]},{"@type":"WebSite","@id":"https:\/\/ajatutaja.com\/#website","url":"https:\/\/ajatutaja.com\/","name":"Ajatutaja","description":"Otro\u0161ka spletna trgovina AJATUTAJA","publisher":{"@id":"https:\/\/ajatutaja.com\/#organization"},"potentialAction":[{"@type":"SearchAction","target":{"@type":"EntryPoint","urlTemplate":"https:\/\/ajatutaja.com\/?s={search_term_string}"},"query-input":{"@type":"PropertyValueSpecification","valueRequired":true,"valueName":"search_term_string"}}],"inLanguage":"hr"},{"@type":"Organization","@id":"https:\/\/ajatutaja.com\/#organization","name":"Ajatutaja","url":"https:\/\/ajatutaja.com\/","logo":{"@type":"ImageObject","inLanguage":"hr","@id":"https:\/\/ajatutaja.com\/#\/schema\/logo\/image\/","url":"https:\/\/ajatutaja.com\/wp-content\/uploads\/2021\/10\/logo.png","contentUrl":"https:\/\/ajatutaja.com\/wp-content\/uploads\/2021\/10\/logo.png","width":555,"height":150,"caption":"Ajatutaja"},"image":{"@id":"https:\/\/ajatutaja.com\/#\/schema\/logo\/image\/"}}]}},"brands":[{"id":2452,"name":"Igranje","slug":"igranje"},{"id":2460,"name":"Stephen Joseph","slug":"stephen-joseph-igranje"}],"_links":{"self":[{"href":"https:\/\/ajatutaja.com\/hr\/wp-json\/wp\/v2\/product\/51735","targetHints":{"allow":["GET"]}}],"collection":[{"href":"https:\/\/ajatutaja.com\/hr\/wp-json\/wp\/v2\/product"}],"about":[{"href":"https:\/\/ajatutaja.com\/hr\/wp-json\/wp\/v2\/types\/product"}],"wp:featuredmedia":[{"embeddable":true,"href":"https:\/\/ajatutaja.com\/hr\/wp-json\/wp\/v2\/media\/51727"}],"wp:attachment":[{"href":"https:\/\/ajatutaja.com\/hr\/wp-json\/wp\/v2\/media?parent=51735"}],"wp:term":[{"taxonomy":"pwb-brand","embeddable":true,"href":"https:\/\/ajatutaja.com\/hr\/wp-json\/wp\/v2\/pwb-brand?post=51735"},{"taxonomy":"product_brand","embeddable":true,"href":"https:\/\/ajatutaja.com\/hr\/wp-json\/wp\/v2\/product_brand?post=51735"},{"taxonomy":"product_cat","embeddable":true,"href":"https:\/\/ajatutaja.com\/hr\/wp-json\/wp\/v2\/product_cat?post=51735"},{"taxonomy":"product_tag","embeddable":true,"href":"https:\/\/ajatutaja.com\/hr\/wp-json\/wp\/v2\/product_tag?post=51735"}],"curies":[{"name":"wp","href":"https:\/\/api.w.org\/{rel}","templated":true}]}}