{"id":51573,"date":"2023-08-14T19:36:29","date_gmt":"2023-08-14T17:36:29","guid":{"rendered":"https:\/\/ajatutaja.com\/?post_type=product&#038;p=51573"},"modified":"2024-01-23T16:06:40","modified_gmt":"2024-01-23T15:06:40","slug":"nahrbtnik-stephen-joseph-classic-promet","status":"publish","type":"product","link":"https:\/\/ajatutaja.com\/hr\/proizvod\/nahrbtnik-stephen-joseph-classic-promet\/","title":{"rendered":"Nahrbtnik Stephen Joseph Classic &#8211; Promet"},"content":{"rendered":"<p>[vc_row][vc_column][vc_column_text]<\/p>\n<h3>Lastnosti otro\u0161kega nahrbtnika Stephen Joseph Classic:<\/h3>\n<ul>\n<li>Sestava: 100% poliester<\/li>\n<li>Oblazinjenje naramnice<\/li>\n<li>Nahrbtnik ima v notranjosti prostoren glavni predal z odpiranjem na zadrgo, ki je dovolj prostoren za rezervna obla\u010dila, pleni\u010dke, igra\u010dke in vse nujne stvari, ki jih va\u0161i mal\u010dki potrebujejo na poti.<\/li>\n<li>Opremljen s strankim mre\u017eastim \u017ee\u0161kom in ve\u010djim prednjim predalom, ki se odpira na zadrgo<\/li>\n<li>Velikost: 27.9 cm \u00d7 34.3 cm \u00d7 11.4 cm<\/li>\n<li>V notranjosti je tablica, na katero lahko napi\u0161ete ime otroka<\/li>\n<li>Enostavno \u010di\u0161\u010denje. Pralen na programu za ob\u010dutljivo perilo pri hladnih temperaturah.<\/li>\n<li>Ne vsebuje BPA, ftalatov in PVC<\/li>\n<li>Nahrbtnik je primeren za otroke med 3. in 6. letom starosti oziroma za otroke, ki so veliki med 109 cm do 125 cm<\/li>\n<\/ul>\n<p>[\/vc_column_text][\/vc_column][\/vc_row]<\/p>\n","protected":false},"excerpt":{"rendered":"<p>Otro\u0161ki nahrbtnik Stephen Jospeh Classic odlikujejo trpe\u017eni materiali, priro\u010den ro\u010daj in oblazinjene naramnice, ki se nastavijo glede na vi\u0161ino otroka. V prednji \u017eepek lahko pospravimo copatke, v stransko mre\u017eico, pa stekleni\u010dko. Na notranji strani nahrbtnika pa se nahaja tudi tablica, na katero lahko napi\u0161ete ime mal\u010dka, da se nahrbtnik slu\u010dajno ne bi izgubil.<\/p>\n","protected":false},"featured_media":51560,"template":"","meta":[],"pwb-brand":[2409,2437],"product_brand":[],"product_cat":[2400,2361],"product_tag":[5349,5350,3980],"class_list":{"0":"post-51573","1":"product","2":"type-product","3":"status-publish","4":"has-post-thumbnail","6":"pwb-brand-potepanje","7":"pwb-brand-stephen-joseph","8":"product_cat-otroski-nahrbtniki","9":"product_cat-potepanje","10":"product_tag-promet","11":"product_tag-sj-nahrbtnik-classic","12":"product_tag-stephen-joseph","14":"first","15":"instock","16":"taxable","17":"shipping-taxable","18":"purchasable","19":"product-type-simple","20":"add-to-wishlist-before_image"},"yoast_head":"<!-- This site is optimized with the Yoast SEO plugin v27.3 - https:\/\/yoast.com\/product\/yoast-seo-wordpress\/ -->\n<title>Nahrbtnik Stephen Joseph Classic - Promet | Ajatutaja<\/title>\n<meta name=\"description\" content=\"Otro\u0161ki nahrbtnik Stephen Jospeh Classic odlikujejo trpe\u017eni materiali in oblazinjene naramnice, ki se nastavijo glede na vi\u0161ino otroka.\" \/>\n<meta name=\"robots\" content=\"index, follow, max-snippet:-1, max-image-preview:large, max-video-preview:-1\" \/>\n<link rel=\"canonical\" href=\"https:\/\/ajatutaja.com\/izdelek\/nahrbtnik-stephen-joseph-classic-promet\/\" \/>\n<meta property=\"og:locale\" content=\"hr_HR\" \/>\n<meta property=\"og:type\" content=\"article\" \/>\n<meta property=\"og:title\" content=\"Nahrbtnik Stephen Joseph Classic - Promet | Ajatutaja\" \/>\n<meta property=\"og:description\" content=\"Otro\u0161ki nahrbtnik Stephen Jospeh Classic odlikujejo trpe\u017eni materiali in oblazinjene naramnice, ki se nastavijo glede na vi\u0161ino otroka.\" \/>\n<meta property=\"og:url\" content=\"https:\/\/ajatutaja.com\/izdelek\/nahrbtnik-stephen-joseph-classic-promet\/\" \/>\n<meta property=\"og:site_name\" content=\"Ajatutaja\" \/>\n<meta property=\"article:modified_time\" content=\"2024-01-23T15:06:40+00:00\" \/>\n<meta property=\"og:image\" content=\"https:\/\/ajatutaja.com\/wp-content\/uploads\/2023\/08\/Otroski-nahrbtnik-za-vrtec-stephen-joseph-classic-promet-ajatutaja-1.jpg\" \/>\n\t<meta property=\"og:image:width\" content=\"800\" \/>\n\t<meta property=\"og:image:height\" content=\"800\" \/>\n\t<meta property=\"og:image:type\" content=\"image\/jpeg\" \/>\n<meta name=\"twitter:card\" content=\"summary_large_image\" \/>\n<meta name=\"twitter:label1\" content=\"Procijenjeno vrijeme \u010ditanja\" \/>\n\t<meta name=\"twitter:data1\" content=\"1 minuta\" \/>\n<script type=\"application\/ld+json\" class=\"yoast-schema-graph\">{\"@context\":\"https:\\\/\\\/schema.org\",\"@graph\":[{\"@type\":\"WebPage\",\"@id\":\"https:\\\/\\\/ajatutaja.com\\\/izdelek\\\/nahrbtnik-stephen-joseph-classic-promet\\\/\",\"url\":\"https:\\\/\\\/ajatutaja.com\\\/izdelek\\\/nahrbtnik-stephen-joseph-classic-promet\\\/\",\"name\":\"Nahrbtnik Stephen Joseph Classic - Promet | Ajatutaja\",\"isPartOf\":{\"@id\":\"https:\\\/\\\/ajatutaja.com\\\/#website\"},\"primaryImageOfPage\":{\"@id\":\"https:\\\/\\\/ajatutaja.com\\\/izdelek\\\/nahrbtnik-stephen-joseph-classic-promet\\\/#primaryimage\"},\"image\":{\"@id\":\"https:\\\/\\\/ajatutaja.com\\\/izdelek\\\/nahrbtnik-stephen-joseph-classic-promet\\\/#primaryimage\"},\"thumbnailUrl\":\"https:\\\/\\\/ajatutaja.com\\\/wp-content\\\/uploads\\\/2023\\\/08\\\/Otroski-nahrbtnik-za-vrtec-stephen-joseph-classic-promet-ajatutaja-1.jpg\",\"datePublished\":\"2023-08-14T17:36:29+00:00\",\"dateModified\":\"2024-01-23T15:06:40+00:00\",\"description\":\"Otro\u0161ki nahrbtnik Stephen Jospeh Classic odlikujejo trpe\u017eni materiali in oblazinjene naramnice, ki se nastavijo glede na vi\u0161ino otroka.\",\"breadcrumb\":{\"@id\":\"https:\\\/\\\/ajatutaja.com\\\/izdelek\\\/nahrbtnik-stephen-joseph-classic-promet\\\/#breadcrumb\"},\"inLanguage\":\"hr\",\"potentialAction\":[{\"@type\":\"ReadAction\",\"target\":[\"https:\\\/\\\/ajatutaja.com\\\/izdelek\\\/nahrbtnik-stephen-joseph-classic-promet\\\/\"]}]},{\"@type\":\"ImageObject\",\"inLanguage\":\"hr\",\"@id\":\"https:\\\/\\\/ajatutaja.com\\\/izdelek\\\/nahrbtnik-stephen-joseph-classic-promet\\\/#primaryimage\",\"url\":\"https:\\\/\\\/ajatutaja.com\\\/wp-content\\\/uploads\\\/2023\\\/08\\\/Otroski-nahrbtnik-za-vrtec-stephen-joseph-classic-promet-ajatutaja-1.jpg\",\"contentUrl\":\"https:\\\/\\\/ajatutaja.com\\\/wp-content\\\/uploads\\\/2023\\\/08\\\/Otroski-nahrbtnik-za-vrtec-stephen-joseph-classic-promet-ajatutaja-1.jpg\",\"width\":800,\"height\":800},{\"@type\":\"BreadcrumbList\",\"@id\":\"https:\\\/\\\/ajatutaja.com\\\/izdelek\\\/nahrbtnik-stephen-joseph-classic-promet\\\/#breadcrumb\",\"itemListElement\":[{\"@type\":\"ListItem\",\"position\":1,\"name\":\"Home\",\"item\":\"https:\\\/\\\/ajatutaja.com\\\/hr\\\/\"},{\"@type\":\"ListItem\",\"position\":2,\"name\":\"Trgovina\",\"item\":\"https:\\\/\\\/ajatutaja.com\\\/hr\\\/trgovina\\\/\"},{\"@type\":\"ListItem\",\"position\":3,\"name\":\"Nahrbtnik Stephen Joseph Classic &#8211; Promet\"}]},{\"@type\":\"WebSite\",\"@id\":\"https:\\\/\\\/ajatutaja.com\\\/#website\",\"url\":\"https:\\\/\\\/ajatutaja.com\\\/\",\"name\":\"Ajatutaja\",\"description\":\"Otro\u0161ka spletna trgovina AJATUTAJA\",\"publisher\":{\"@id\":\"https:\\\/\\\/ajatutaja.com\\\/#organization\"},\"potentialAction\":[{\"@type\":\"SearchAction\",\"target\":{\"@type\":\"EntryPoint\",\"urlTemplate\":\"https:\\\/\\\/ajatutaja.com\\\/?s={search_term_string}\"},\"query-input\":{\"@type\":\"PropertyValueSpecification\",\"valueRequired\":true,\"valueName\":\"search_term_string\"}}],\"inLanguage\":\"hr\"},{\"@type\":\"Organization\",\"@id\":\"https:\\\/\\\/ajatutaja.com\\\/#organization\",\"name\":\"Ajatutaja\",\"url\":\"https:\\\/\\\/ajatutaja.com\\\/\",\"logo\":{\"@type\":\"ImageObject\",\"inLanguage\":\"hr\",\"@id\":\"https:\\\/\\\/ajatutaja.com\\\/#\\\/schema\\\/logo\\\/image\\\/\",\"url\":\"https:\\\/\\\/ajatutaja.com\\\/wp-content\\\/uploads\\\/2021\\\/10\\\/logo.png\",\"contentUrl\":\"https:\\\/\\\/ajatutaja.com\\\/wp-content\\\/uploads\\\/2021\\\/10\\\/logo.png\",\"width\":555,\"height\":150,\"caption\":\"Ajatutaja\"},\"image\":{\"@id\":\"https:\\\/\\\/ajatutaja.com\\\/#\\\/schema\\\/logo\\\/image\\\/\"}}]}<\/script>\n<!-- \/ Yoast SEO plugin. -->","yoast_head_json":{"title":"Nahrbtnik Stephen Joseph Classic - Promet | Ajatutaja","description":"Otro\u0161ki nahrbtnik Stephen Jospeh Classic odlikujejo trpe\u017eni materiali in oblazinjene naramnice, ki se nastavijo glede na vi\u0161ino otroka.","robots":{"index":"index","follow":"follow","max-snippet":"max-snippet:-1","max-image-preview":"max-image-preview:large","max-video-preview":"max-video-preview:-1"},"canonical":"https:\/\/ajatutaja.com\/izdelek\/nahrbtnik-stephen-joseph-classic-promet\/","og_locale":"hr_HR","og_type":"article","og_title":"Nahrbtnik Stephen Joseph Classic - Promet | Ajatutaja","og_description":"Otro\u0161ki nahrbtnik Stephen Jospeh Classic odlikujejo trpe\u017eni materiali in oblazinjene naramnice, ki se nastavijo glede na vi\u0161ino otroka.","og_url":"https:\/\/ajatutaja.com\/izdelek\/nahrbtnik-stephen-joseph-classic-promet\/","og_site_name":"Ajatutaja","article_modified_time":"2024-01-23T15:06:40+00:00","og_image":[{"width":800,"height":800,"url":"https:\/\/ajatutaja.com\/wp-content\/uploads\/2023\/08\/Otroski-nahrbtnik-za-vrtec-stephen-joseph-classic-promet-ajatutaja-1.jpg","type":"image\/jpeg"}],"twitter_card":"summary_large_image","twitter_misc":{"Procijenjeno vrijeme \u010ditanja":"1 minuta"},"schema":{"@context":"https:\/\/schema.org","@graph":[{"@type":"WebPage","@id":"https:\/\/ajatutaja.com\/izdelek\/nahrbtnik-stephen-joseph-classic-promet\/","url":"https:\/\/ajatutaja.com\/izdelek\/nahrbtnik-stephen-joseph-classic-promet\/","name":"Nahrbtnik Stephen Joseph Classic - Promet | Ajatutaja","isPartOf":{"@id":"https:\/\/ajatutaja.com\/#website"},"primaryImageOfPage":{"@id":"https:\/\/ajatutaja.com\/izdelek\/nahrbtnik-stephen-joseph-classic-promet\/#primaryimage"},"image":{"@id":"https:\/\/ajatutaja.com\/izdelek\/nahrbtnik-stephen-joseph-classic-promet\/#primaryimage"},"thumbnailUrl":"https:\/\/ajatutaja.com\/wp-content\/uploads\/2023\/08\/Otroski-nahrbtnik-za-vrtec-stephen-joseph-classic-promet-ajatutaja-1.jpg","datePublished":"2023-08-14T17:36:29+00:00","dateModified":"2024-01-23T15:06:40+00:00","description":"Otro\u0161ki nahrbtnik Stephen Jospeh Classic odlikujejo trpe\u017eni materiali in oblazinjene naramnice, ki se nastavijo glede na vi\u0161ino otroka.","breadcrumb":{"@id":"https:\/\/ajatutaja.com\/izdelek\/nahrbtnik-stephen-joseph-classic-promet\/#breadcrumb"},"inLanguage":"hr","potentialAction":[{"@type":"ReadAction","target":["https:\/\/ajatutaja.com\/izdelek\/nahrbtnik-stephen-joseph-classic-promet\/"]}]},{"@type":"ImageObject","inLanguage":"hr","@id":"https:\/\/ajatutaja.com\/izdelek\/nahrbtnik-stephen-joseph-classic-promet\/#primaryimage","url":"https:\/\/ajatutaja.com\/wp-content\/uploads\/2023\/08\/Otroski-nahrbtnik-za-vrtec-stephen-joseph-classic-promet-ajatutaja-1.jpg","contentUrl":"https:\/\/ajatutaja.com\/wp-content\/uploads\/2023\/08\/Otroski-nahrbtnik-za-vrtec-stephen-joseph-classic-promet-ajatutaja-1.jpg","width":800,"height":800},{"@type":"BreadcrumbList","@id":"https:\/\/ajatutaja.com\/izdelek\/nahrbtnik-stephen-joseph-classic-promet\/#breadcrumb","itemListElement":[{"@type":"ListItem","position":1,"name":"Home","item":"https:\/\/ajatutaja.com\/hr\/"},{"@type":"ListItem","position":2,"name":"Trgovina","item":"https:\/\/ajatutaja.com\/hr\/trgovina\/"},{"@type":"ListItem","position":3,"name":"Nahrbtnik Stephen Joseph Classic &#8211; Promet"}]},{"@type":"WebSite","@id":"https:\/\/ajatutaja.com\/#website","url":"https:\/\/ajatutaja.com\/","name":"Ajatutaja","description":"Otro\u0161ka spletna trgovina AJATUTAJA","publisher":{"@id":"https:\/\/ajatutaja.com\/#organization"},"potentialAction":[{"@type":"SearchAction","target":{"@type":"EntryPoint","urlTemplate":"https:\/\/ajatutaja.com\/?s={search_term_string}"},"query-input":{"@type":"PropertyValueSpecification","valueRequired":true,"valueName":"search_term_string"}}],"inLanguage":"hr"},{"@type":"Organization","@id":"https:\/\/ajatutaja.com\/#organization","name":"Ajatutaja","url":"https:\/\/ajatutaja.com\/","logo":{"@type":"ImageObject","inLanguage":"hr","@id":"https:\/\/ajatutaja.com\/#\/schema\/logo\/image\/","url":"https:\/\/ajatutaja.com\/wp-content\/uploads\/2021\/10\/logo.png","contentUrl":"https:\/\/ajatutaja.com\/wp-content\/uploads\/2021\/10\/logo.png","width":555,"height":150,"caption":"Ajatutaja"},"image":{"@id":"https:\/\/ajatutaja.com\/#\/schema\/logo\/image\/"}}]}},"brands":[{"id":2409,"name":"Potepanje","slug":"potepanje"},{"id":2437,"name":"Stephen Joseph","slug":"stephen-joseph"}],"_links":{"self":[{"href":"https:\/\/ajatutaja.com\/hr\/wp-json\/wp\/v2\/product\/51573","targetHints":{"allow":["GET"]}}],"collection":[{"href":"https:\/\/ajatutaja.com\/hr\/wp-json\/wp\/v2\/product"}],"about":[{"href":"https:\/\/ajatutaja.com\/hr\/wp-json\/wp\/v2\/types\/product"}],"wp:featuredmedia":[{"embeddable":true,"href":"https:\/\/ajatutaja.com\/hr\/wp-json\/wp\/v2\/media\/51560"}],"wp:attachment":[{"href":"https:\/\/ajatutaja.com\/hr\/wp-json\/wp\/v2\/media?parent=51573"}],"wp:term":[{"taxonomy":"pwb-brand","embeddable":true,"href":"https:\/\/ajatutaja.com\/hr\/wp-json\/wp\/v2\/pwb-brand?post=51573"},{"taxonomy":"product_brand","embeddable":true,"href":"https:\/\/ajatutaja.com\/hr\/wp-json\/wp\/v2\/product_brand?post=51573"},{"taxonomy":"product_cat","embeddable":true,"href":"https:\/\/ajatutaja.com\/hr\/wp-json\/wp\/v2\/product_cat?post=51573"},{"taxonomy":"product_tag","embeddable":true,"href":"https:\/\/ajatutaja.com\/hr\/wp-json\/wp\/v2\/product_tag?post=51573"}],"curies":[{"name":"wp","href":"https:\/\/api.w.org\/{rel}","templated":true}]}}