{"id":51351,"date":"2023-08-08T18:22:08","date_gmt":"2023-08-08T16:22:08","guid":{"rendered":"https:\/\/ajatutaja.com\/?post_type=product&#038;p=51351"},"modified":"2024-09-04T15:02:58","modified_gmt":"2024-09-04T13:02:58","slug":"mini-nahrbtnik-elodie-pink-boucle","status":"publish","type":"product","link":"https:\/\/ajatutaja.com\/hr\/proizvod\/mini-nahrbtnik-elodie-pink-boucle\/","title":{"rendered":"Mini nahrbtnik Elodie &#8211; Pink Boucl\u00e9"},"content":{"rendered":"<p>[vc_row][vc_column][vc_column_text]<\/p>\n<h3>Mini nahrbtnik Elodie ima naslednje lastnosti:<\/h3>\n<ul>\n<li>Vklju\u010duje sedalo iz termo materiala, ki bo poskrbel, da bodo med postanki male ritke na toplem.<\/li>\n<li>Termo-\u017eep na strani, da bo pija\u010dka ohranila temperaturo.<\/li>\n<li>Podlo\u017eene in nastavljive naramnice.<\/li>\n<li>Prsni pasek, ki bo poskrbel da nahrbtnik ne bo drsel iz ramen.<\/li>\n<li>Dvojna zadrga od vrha do dna za najhitrej\u0161i mo\u017eni dostop do vsebine.<\/li>\n<li>Detajli so izdelani iz umetnega usnja<\/li>\n<li>Dimenzije: Vi\u0161ina: 28 cm x \u0160irina: 21 cm<\/li>\n<li>Volumen: 7 Lt<\/li>\n<li>Surovinska sestava: Zunanji del 100%poliester z detajli iz pravega usnja, Notranji del 80%poliester in 20% bomba\u017e<\/li>\n<\/ul>\n<p><strong>\u010ci\u0161\u010denje:<\/strong> Zaradi usnjenih detajlov se pranje v pranje v pralnem stroju odsvetuje, priporo\u010da se ro\u010dno pranje z malo milnice.<\/p>\n<ul>\n<li><\/li>\n<\/ul>\n<p>[\/vc_column_text][\/vc_column][\/vc_row]<\/p>\n","protected":false},"excerpt":{"rendered":"<p>Otro\u0161ki mini nahrbtnik Elodie je dovolj velik in prostoren, da vanj spravite vse potrebno za va\u0161ega mal\u010dka, ko bo zakorakal v vrtec. \u0160iroko odpiranje s pomo\u010djo zadrge omogo\u010da enostavno uporabo preglednost na vsebino, ki je v njem. Prednji \u017eepek se zapira na magnetek in je ravno prav\u0161nji, da vanj spravimo najnujnej\u0161e stvari, kot je duda ali kapa. Za la\u017eje no\u0161enje se lahko na oprsnem delu pripne z dodatnim pa\u0161\u010dkom, ki bo poskrbel, da nahrbtnik ne pada iz mal\u010dkovih ramen. Vklju\u010duje mini mehko blazino, da bo va\u0161 mal\u010dek imel vedno prijetno podlago med sedenjem, po\u010ditkom ali malico<\/p>\n","protected":false},"featured_media":51352,"template":"","meta":[],"pwb-brand":[2412,2409],"product_brand":[],"product_cat":[2610,2400,2361],"product_tag":[4154,5339,4394,4318],"class_list":{"0":"post-51351","1":"product","2":"type-product","3":"status-publish","4":"has-post-thumbnail","6":"pwb-brand-elodie-potepanje","7":"pwb-brand-potepanje","8":"product_cat-darila","9":"product_cat-otroski-nahrbtniki","10":"product_cat-potepanje","11":"product_tag-elodie","12":"product_tag-elodie-nahrbtnik","13":"product_tag-nahrbtnik-za-vrtec","14":"product_tag-vrtec","16":"first","17":"instock","18":"taxable","19":"shipping-taxable","20":"purchasable","21":"product-type-simple","22":"add-to-wishlist-before_image"},"yoast_head":"<!-- This site is optimized with the Yoast SEO plugin v27.3 - https:\/\/yoast.com\/product\/yoast-seo-wordpress\/ -->\n<title>Mini nahrbtnik Elodie - Pink Boucl\u00e9 | Ajatutaja<\/title>\n<meta name=\"description\" content=\"Otro\u0161ki mini nahrbtnik Elodie je dovolj velik in prostoren, da vanj spravite vse potrebno za va\u0161ega mal\u010dka, ko bo zakorakal v vrtec.\" \/>\n<meta name=\"robots\" content=\"index, follow, max-snippet:-1, max-image-preview:large, max-video-preview:-1\" \/>\n<link rel=\"canonical\" href=\"https:\/\/ajatutaja.com\/hr\/proizvod\/mini-nahrbtnik-elodie-pink-boucle\/\" \/>\n<meta property=\"og:locale\" content=\"hr_HR\" \/>\n<meta property=\"og:type\" content=\"article\" \/>\n<meta property=\"og:title\" content=\"Mini nahrbtnik Elodie - Pink Boucl\u00e9 | Ajatutaja\" \/>\n<meta property=\"og:description\" content=\"Otro\u0161ki mini nahrbtnik Elodie je dovolj velik in prostoren, da vanj spravite vse potrebno za va\u0161ega mal\u010dka, ko bo zakorakal v vrtec.\" \/>\n<meta property=\"og:url\" content=\"https:\/\/ajatutaja.com\/hr\/proizvod\/mini-nahrbtnik-elodie-pink-boucle\/\" \/>\n<meta property=\"og:site_name\" content=\"Ajatutaja\" \/>\n<meta property=\"article:modified_time\" content=\"2024-09-04T13:02:58+00:00\" \/>\n<meta property=\"og:image\" content=\"https:\/\/ajatutaja.com\/wp-content\/uploads\/2023\/08\/Otroski-mini-nahrbtnik-elodie-ajatutaja-pink-boucle-1.jpg\" \/>\n\t<meta property=\"og:image:width\" content=\"1200\" \/>\n\t<meta property=\"og:image:height\" content=\"1200\" \/>\n\t<meta property=\"og:image:type\" content=\"image\/jpeg\" \/>\n<meta name=\"twitter:card\" content=\"summary_large_image\" \/>\n<meta name=\"twitter:label1\" content=\"Procijenjeno vrijeme \u010ditanja\" \/>\n\t<meta name=\"twitter:data1\" content=\"1 minuta\" \/>\n<script type=\"application\/ld+json\" class=\"yoast-schema-graph\">{\"@context\":\"https:\\\/\\\/schema.org\",\"@graph\":[{\"@type\":\"WebPage\",\"@id\":\"https:\\\/\\\/ajatutaja.com\\\/hr\\\/proizvod\\\/mini-nahrbtnik-elodie-pink-boucle\\\/\",\"url\":\"https:\\\/\\\/ajatutaja.com\\\/hr\\\/proizvod\\\/mini-nahrbtnik-elodie-pink-boucle\\\/\",\"name\":\"Mini nahrbtnik Elodie - Pink Boucl\u00e9 | Ajatutaja\",\"isPartOf\":{\"@id\":\"https:\\\/\\\/ajatutaja.com\\\/#website\"},\"primaryImageOfPage\":{\"@id\":\"https:\\\/\\\/ajatutaja.com\\\/hr\\\/proizvod\\\/mini-nahrbtnik-elodie-pink-boucle\\\/#primaryimage\"},\"image\":{\"@id\":\"https:\\\/\\\/ajatutaja.com\\\/hr\\\/proizvod\\\/mini-nahrbtnik-elodie-pink-boucle\\\/#primaryimage\"},\"thumbnailUrl\":\"https:\\\/\\\/ajatutaja.com\\\/wp-content\\\/uploads\\\/2023\\\/08\\\/Otroski-mini-nahrbtnik-elodie-ajatutaja-pink-boucle-1.jpg\",\"datePublished\":\"2023-08-08T16:22:08+00:00\",\"dateModified\":\"2024-09-04T13:02:58+00:00\",\"description\":\"Otro\u0161ki mini nahrbtnik Elodie je dovolj velik in prostoren, da vanj spravite vse potrebno za va\u0161ega mal\u010dka, ko bo zakorakal v vrtec.\",\"breadcrumb\":{\"@id\":\"https:\\\/\\\/ajatutaja.com\\\/hr\\\/proizvod\\\/mini-nahrbtnik-elodie-pink-boucle\\\/#breadcrumb\"},\"inLanguage\":\"hr\",\"potentialAction\":[{\"@type\":\"ReadAction\",\"target\":[\"https:\\\/\\\/ajatutaja.com\\\/hr\\\/proizvod\\\/mini-nahrbtnik-elodie-pink-boucle\\\/\"]}]},{\"@type\":\"ImageObject\",\"inLanguage\":\"hr\",\"@id\":\"https:\\\/\\\/ajatutaja.com\\\/hr\\\/proizvod\\\/mini-nahrbtnik-elodie-pink-boucle\\\/#primaryimage\",\"url\":\"https:\\\/\\\/ajatutaja.com\\\/wp-content\\\/uploads\\\/2023\\\/08\\\/Otroski-mini-nahrbtnik-elodie-ajatutaja-pink-boucle-1.jpg\",\"contentUrl\":\"https:\\\/\\\/ajatutaja.com\\\/wp-content\\\/uploads\\\/2023\\\/08\\\/Otroski-mini-nahrbtnik-elodie-ajatutaja-pink-boucle-1.jpg\",\"width\":1200,\"height\":1200},{\"@type\":\"BreadcrumbList\",\"@id\":\"https:\\\/\\\/ajatutaja.com\\\/hr\\\/proizvod\\\/mini-nahrbtnik-elodie-pink-boucle\\\/#breadcrumb\",\"itemListElement\":[{\"@type\":\"ListItem\",\"position\":1,\"name\":\"Home\",\"item\":\"https:\\\/\\\/ajatutaja.com\\\/hr\\\/\"},{\"@type\":\"ListItem\",\"position\":2,\"name\":\"Trgovina\",\"item\":\"https:\\\/\\\/ajatutaja.com\\\/hr\\\/trgovina\\\/\"},{\"@type\":\"ListItem\",\"position\":3,\"name\":\"Mini nahrbtnik Elodie &#8211; Pink Boucl\u00e9\"}]},{\"@type\":\"WebSite\",\"@id\":\"https:\\\/\\\/ajatutaja.com\\\/#website\",\"url\":\"https:\\\/\\\/ajatutaja.com\\\/\",\"name\":\"Ajatutaja\",\"description\":\"Otro\u0161ka spletna trgovina AJATUTAJA\",\"publisher\":{\"@id\":\"https:\\\/\\\/ajatutaja.com\\\/#organization\"},\"potentialAction\":[{\"@type\":\"SearchAction\",\"target\":{\"@type\":\"EntryPoint\",\"urlTemplate\":\"https:\\\/\\\/ajatutaja.com\\\/?s={search_term_string}\"},\"query-input\":{\"@type\":\"PropertyValueSpecification\",\"valueRequired\":true,\"valueName\":\"search_term_string\"}}],\"inLanguage\":\"hr\"},{\"@type\":\"Organization\",\"@id\":\"https:\\\/\\\/ajatutaja.com\\\/#organization\",\"name\":\"Ajatutaja\",\"url\":\"https:\\\/\\\/ajatutaja.com\\\/\",\"logo\":{\"@type\":\"ImageObject\",\"inLanguage\":\"hr\",\"@id\":\"https:\\\/\\\/ajatutaja.com\\\/#\\\/schema\\\/logo\\\/image\\\/\",\"url\":\"https:\\\/\\\/ajatutaja.com\\\/wp-content\\\/uploads\\\/2021\\\/10\\\/logo.png\",\"contentUrl\":\"https:\\\/\\\/ajatutaja.com\\\/wp-content\\\/uploads\\\/2021\\\/10\\\/logo.png\",\"width\":555,\"height\":150,\"caption\":\"Ajatutaja\"},\"image\":{\"@id\":\"https:\\\/\\\/ajatutaja.com\\\/#\\\/schema\\\/logo\\\/image\\\/\"}}]}<\/script>\n<!-- \/ Yoast SEO plugin. -->","yoast_head_json":{"title":"Mini nahrbtnik Elodie - Pink Boucl\u00e9 | Ajatutaja","description":"Otro\u0161ki mini nahrbtnik Elodie je dovolj velik in prostoren, da vanj spravite vse potrebno za va\u0161ega mal\u010dka, ko bo zakorakal v vrtec.","robots":{"index":"index","follow":"follow","max-snippet":"max-snippet:-1","max-image-preview":"max-image-preview:large","max-video-preview":"max-video-preview:-1"},"canonical":"https:\/\/ajatutaja.com\/hr\/proizvod\/mini-nahrbtnik-elodie-pink-boucle\/","og_locale":"hr_HR","og_type":"article","og_title":"Mini nahrbtnik Elodie - Pink Boucl\u00e9 | Ajatutaja","og_description":"Otro\u0161ki mini nahrbtnik Elodie je dovolj velik in prostoren, da vanj spravite vse potrebno za va\u0161ega mal\u010dka, ko bo zakorakal v vrtec.","og_url":"https:\/\/ajatutaja.com\/hr\/proizvod\/mini-nahrbtnik-elodie-pink-boucle\/","og_site_name":"Ajatutaja","article_modified_time":"2024-09-04T13:02:58+00:00","og_image":[{"width":1200,"height":1200,"url":"https:\/\/ajatutaja.com\/wp-content\/uploads\/2023\/08\/Otroski-mini-nahrbtnik-elodie-ajatutaja-pink-boucle-1.jpg","type":"image\/jpeg"}],"twitter_card":"summary_large_image","twitter_misc":{"Procijenjeno vrijeme \u010ditanja":"1 minuta"},"schema":{"@context":"https:\/\/schema.org","@graph":[{"@type":"WebPage","@id":"https:\/\/ajatutaja.com\/hr\/proizvod\/mini-nahrbtnik-elodie-pink-boucle\/","url":"https:\/\/ajatutaja.com\/hr\/proizvod\/mini-nahrbtnik-elodie-pink-boucle\/","name":"Mini nahrbtnik Elodie - Pink Boucl\u00e9 | Ajatutaja","isPartOf":{"@id":"https:\/\/ajatutaja.com\/#website"},"primaryImageOfPage":{"@id":"https:\/\/ajatutaja.com\/hr\/proizvod\/mini-nahrbtnik-elodie-pink-boucle\/#primaryimage"},"image":{"@id":"https:\/\/ajatutaja.com\/hr\/proizvod\/mini-nahrbtnik-elodie-pink-boucle\/#primaryimage"},"thumbnailUrl":"https:\/\/ajatutaja.com\/wp-content\/uploads\/2023\/08\/Otroski-mini-nahrbtnik-elodie-ajatutaja-pink-boucle-1.jpg","datePublished":"2023-08-08T16:22:08+00:00","dateModified":"2024-09-04T13:02:58+00:00","description":"Otro\u0161ki mini nahrbtnik Elodie je dovolj velik in prostoren, da vanj spravite vse potrebno za va\u0161ega mal\u010dka, ko bo zakorakal v vrtec.","breadcrumb":{"@id":"https:\/\/ajatutaja.com\/hr\/proizvod\/mini-nahrbtnik-elodie-pink-boucle\/#breadcrumb"},"inLanguage":"hr","potentialAction":[{"@type":"ReadAction","target":["https:\/\/ajatutaja.com\/hr\/proizvod\/mini-nahrbtnik-elodie-pink-boucle\/"]}]},{"@type":"ImageObject","inLanguage":"hr","@id":"https:\/\/ajatutaja.com\/hr\/proizvod\/mini-nahrbtnik-elodie-pink-boucle\/#primaryimage","url":"https:\/\/ajatutaja.com\/wp-content\/uploads\/2023\/08\/Otroski-mini-nahrbtnik-elodie-ajatutaja-pink-boucle-1.jpg","contentUrl":"https:\/\/ajatutaja.com\/wp-content\/uploads\/2023\/08\/Otroski-mini-nahrbtnik-elodie-ajatutaja-pink-boucle-1.jpg","width":1200,"height":1200},{"@type":"BreadcrumbList","@id":"https:\/\/ajatutaja.com\/hr\/proizvod\/mini-nahrbtnik-elodie-pink-boucle\/#breadcrumb","itemListElement":[{"@type":"ListItem","position":1,"name":"Home","item":"https:\/\/ajatutaja.com\/hr\/"},{"@type":"ListItem","position":2,"name":"Trgovina","item":"https:\/\/ajatutaja.com\/hr\/trgovina\/"},{"@type":"ListItem","position":3,"name":"Mini nahrbtnik Elodie &#8211; Pink Boucl\u00e9"}]},{"@type":"WebSite","@id":"https:\/\/ajatutaja.com\/#website","url":"https:\/\/ajatutaja.com\/","name":"Ajatutaja","description":"Otro\u0161ka spletna trgovina AJATUTAJA","publisher":{"@id":"https:\/\/ajatutaja.com\/#organization"},"potentialAction":[{"@type":"SearchAction","target":{"@type":"EntryPoint","urlTemplate":"https:\/\/ajatutaja.com\/?s={search_term_string}"},"query-input":{"@type":"PropertyValueSpecification","valueRequired":true,"valueName":"search_term_string"}}],"inLanguage":"hr"},{"@type":"Organization","@id":"https:\/\/ajatutaja.com\/#organization","name":"Ajatutaja","url":"https:\/\/ajatutaja.com\/","logo":{"@type":"ImageObject","inLanguage":"hr","@id":"https:\/\/ajatutaja.com\/#\/schema\/logo\/image\/","url":"https:\/\/ajatutaja.com\/wp-content\/uploads\/2021\/10\/logo.png","contentUrl":"https:\/\/ajatutaja.com\/wp-content\/uploads\/2021\/10\/logo.png","width":555,"height":150,"caption":"Ajatutaja"},"image":{"@id":"https:\/\/ajatutaja.com\/#\/schema\/logo\/image\/"}}]}},"brands":[{"id":2412,"name":"Elodie","slug":"elodie-potepanje"},{"id":2409,"name":"Potepanje","slug":"potepanje"}],"_links":{"self":[{"href":"https:\/\/ajatutaja.com\/hr\/wp-json\/wp\/v2\/product\/51351","targetHints":{"allow":["GET"]}}],"collection":[{"href":"https:\/\/ajatutaja.com\/hr\/wp-json\/wp\/v2\/product"}],"about":[{"href":"https:\/\/ajatutaja.com\/hr\/wp-json\/wp\/v2\/types\/product"}],"wp:featuredmedia":[{"embeddable":true,"href":"https:\/\/ajatutaja.com\/hr\/wp-json\/wp\/v2\/media\/51352"}],"wp:attachment":[{"href":"https:\/\/ajatutaja.com\/hr\/wp-json\/wp\/v2\/media?parent=51351"}],"wp:term":[{"taxonomy":"pwb-brand","embeddable":true,"href":"https:\/\/ajatutaja.com\/hr\/wp-json\/wp\/v2\/pwb-brand?post=51351"},{"taxonomy":"product_brand","embeddable":true,"href":"https:\/\/ajatutaja.com\/hr\/wp-json\/wp\/v2\/product_brand?post=51351"},{"taxonomy":"product_cat","embeddable":true,"href":"https:\/\/ajatutaja.com\/hr\/wp-json\/wp\/v2\/product_cat?post=51351"},{"taxonomy":"product_tag","embeddable":true,"href":"https:\/\/ajatutaja.com\/hr\/wp-json\/wp\/v2\/product_tag?post=51351"}],"curies":[{"name":"wp","href":"https:\/\/api.w.org\/{rel}","templated":true}]}}