{"id":51325,"date":"2023-08-08T17:37:52","date_gmt":"2023-08-08T15:37:52","guid":{"rendered":"https:\/\/ajatutaja.com\/?post_type=product&#038;p=51325"},"modified":"2025-11-21T19:35:58","modified_gmt":"2025-11-21T18:35:58","slug":"mini-nahrbtnik-elodie-blue-garden","status":"publish","type":"product","link":"https:\/\/ajatutaja.com\/hr\/proizvod\/mini-nahrbtnik-elodie-blue-garden\/","title":{"rendered":"Mini nahrbtnik Elodie &#8211; Blue Garden"},"content":{"rendered":"<p>[vc_row][vc_column][vc_column_text]Elodie mini nahrbtnik se odpira s pomo\u010djo zadrge, ki omogo\u010da enostavno uporabo preglednost na vsebino, ki je v njem. Prednji \u017eepek se zapira na magnetek in je ravno prav\u0161nji, da vanj spravimo najnujnej\u0161e stvari, kot je duda ali kapa. Za la\u017eje no\u0161enje se lahko na oprsnem delu pripne z dodatnim pa\u0161\u010dkom, ki bo poskrbel, da nahrbtnik ne pada iz mal\u010dkovih ramen. Vklju\u010duje mini mehko blazino, da bo va\u0161 mal\u010dek imel vedno prijetno podlago med sedenjem, po\u010ditkom ali malico.<\/p>\n<h3>Mini nahrbtnik Elodie ima naslednje lastnosti:<\/h3>\n<ul>\n<li>Primeren za otroke od 1-3 let &#8211; idelana velikost za prvi vstop v vrtec<\/li>\n<li>Vklju\u010duje sedalo iz termo materiala, ki bo poskrbel, da bodo med postanki male ritke na toplem.<\/li>\n<li>Termo-\u017eep na notranji strani poskrbi, da se fla\u0161ka ne prevrne in obenem bo teko\u010dina ohranila temperaturo.<\/li>\n<li>Podlo\u017eene in nastavljive naramnice.<\/li>\n<li>Prsni pasek, s &#8220;Smart&#8221; zapenjanjem poskrbi da nahrbtnik ne bo drsel iz ramen.<\/li>\n<li>Dvojna zadrga od vrha do dna za najhitrej\u0161i mo\u017eni dostop do vsebine.<\/li>\n<li>Detajli so izdelani iz pravega usnja<\/li>\n<li>Dimenzije: Vi\u0161ina: 28 cm x \u0160irina: 21 cm<\/li>\n<li>Volumen: 7 Lt<\/li>\n<li>Surovinska sestava: Zunanji del 100%poliester z detajli iz pravega usnja \/ Notranji del 80%poliester in 20% bomba\u017e<\/li>\n<li>\u010ci\u0161\u010denje in vzdr\u017eevanje: Zaradi usnjenih detajlov se pranje v pranje v pralnem stroju odsvetuje, priporo\u010da se ro\u010dno pranje z malo milnice.<\/li>\n<\/ul>\n<p>[\/vc_column_text][\/vc_column][\/vc_row]<\/p>\n","protected":false},"excerpt":{"rendered":"<p style=\"text-align: justify\">Otro\u0161ki mini nahrbtnik Elodie je dovolj velik in prostoren, da vanj spravite vse potrebno za va\u0161ega mal\u010dka, ko bo zakorakal v vrtec.<\/p>\n","protected":false},"featured_media":51326,"template":"","meta":[],"pwb-brand":[2412,2409],"product_brand":[],"product_cat":[2610,2717,2713,2400,2361],"product_tag":[5364,4154,5339,4394,4318],"class_list":{"0":"post-51325","1":"product","2":"type-product","3":"status-publish","4":"has-post-thumbnail","6":"pwb-brand-elodie-potepanje","7":"pwb-brand-potepanje","8":"product_cat-darila","9":"product_cat-darilo-do-50e","10":"product_cat-darilo-za-deklico","11":"product_cat-otroski-nahrbtniki","12":"product_cat-potepanje","13":"product_tag-blue-garden","14":"product_tag-elodie","15":"product_tag-elodie-nahrbtnik","16":"product_tag-nahrbtnik-za-vrtec","17":"product_tag-vrtec","19":"first","20":"onbackorder","21":"taxable","22":"shipping-taxable","23":"purchasable","24":"product-type-simple","25":"add-to-wishlist-before_image"},"yoast_head":"<!-- This site is optimized with the Yoast SEO plugin v27.3 - https:\/\/yoast.com\/product\/yoast-seo-wordpress\/ -->\n<title>Mini nahrbtnik Elodie - Blue Garden | Ajatutaja<\/title>\n<meta name=\"description\" content=\"Otro\u0161ki mini nahrbtnik Elodie je dovolj velik in prostoren, da vanj spravite vse potrebno za va\u0161ega mal\u010dka, ko bo zakorakal v vrtec.\" \/>\n<meta name=\"robots\" content=\"index, follow, max-snippet:-1, max-image-preview:large, max-video-preview:-1\" \/>\n<link rel=\"canonical\" href=\"https:\/\/ajatutaja.com\/izdelek\/mini-nahrbtnik-elodie-blue-garden\/\" \/>\n<meta property=\"og:locale\" content=\"hr_HR\" \/>\n<meta property=\"og:type\" content=\"article\" \/>\n<meta property=\"og:title\" content=\"Mini nahrbtnik Elodie - Blue Garden | Ajatutaja\" \/>\n<meta property=\"og:description\" content=\"Otro\u0161ki mini nahrbtnik Elodie je dovolj velik in prostoren, da vanj spravite vse potrebno za va\u0161ega mal\u010dka, ko bo zakorakal v vrtec.\" \/>\n<meta property=\"og:url\" content=\"https:\/\/ajatutaja.com\/izdelek\/mini-nahrbtnik-elodie-blue-garden\/\" \/>\n<meta property=\"og:site_name\" content=\"Ajatutaja\" \/>\n<meta property=\"article:modified_time\" content=\"2025-11-21T18:35:58+00:00\" \/>\n<meta property=\"og:image\" content=\"https:\/\/ajatutaja.com\/wp-content\/uploads\/2023\/08\/Otroski-mini-nahrbtnik-elodie-ajatutaja-0-e1691509021254.jpg\" \/>\n\t<meta property=\"og:image:width\" content=\"800\" \/>\n\t<meta property=\"og:image:height\" content=\"800\" \/>\n\t<meta property=\"og:image:type\" content=\"image\/jpeg\" \/>\n<meta name=\"twitter:card\" content=\"summary_large_image\" \/>\n<meta name=\"twitter:label1\" content=\"Procijenjeno vrijeme \u010ditanja\" \/>\n\t<meta name=\"twitter:data1\" content=\"1 minuta\" \/>\n<script type=\"application\/ld+json\" class=\"yoast-schema-graph\">{\"@context\":\"https:\\\/\\\/schema.org\",\"@graph\":[{\"@type\":\"WebPage\",\"@id\":\"https:\\\/\\\/ajatutaja.com\\\/izdelek\\\/mini-nahrbtnik-elodie-blue-garden\\\/\",\"url\":\"https:\\\/\\\/ajatutaja.com\\\/izdelek\\\/mini-nahrbtnik-elodie-blue-garden\\\/\",\"name\":\"Mini nahrbtnik Elodie - Blue Garden | Ajatutaja\",\"isPartOf\":{\"@id\":\"https:\\\/\\\/ajatutaja.com\\\/#website\"},\"primaryImageOfPage\":{\"@id\":\"https:\\\/\\\/ajatutaja.com\\\/izdelek\\\/mini-nahrbtnik-elodie-blue-garden\\\/#primaryimage\"},\"image\":{\"@id\":\"https:\\\/\\\/ajatutaja.com\\\/izdelek\\\/mini-nahrbtnik-elodie-blue-garden\\\/#primaryimage\"},\"thumbnailUrl\":\"https:\\\/\\\/ajatutaja.com\\\/wp-content\\\/uploads\\\/2023\\\/08\\\/Otroski-mini-nahrbtnik-elodie-ajatutaja-0-e1691509021254.jpg\",\"datePublished\":\"2023-08-08T15:37:52+00:00\",\"dateModified\":\"2025-11-21T18:35:58+00:00\",\"description\":\"Otro\u0161ki mini nahrbtnik Elodie je dovolj velik in prostoren, da vanj spravite vse potrebno za va\u0161ega mal\u010dka, ko bo zakorakal v vrtec.\",\"breadcrumb\":{\"@id\":\"https:\\\/\\\/ajatutaja.com\\\/izdelek\\\/mini-nahrbtnik-elodie-blue-garden\\\/#breadcrumb\"},\"inLanguage\":\"hr\",\"potentialAction\":[{\"@type\":\"ReadAction\",\"target\":[\"https:\\\/\\\/ajatutaja.com\\\/izdelek\\\/mini-nahrbtnik-elodie-blue-garden\\\/\"]}]},{\"@type\":\"ImageObject\",\"inLanguage\":\"hr\",\"@id\":\"https:\\\/\\\/ajatutaja.com\\\/izdelek\\\/mini-nahrbtnik-elodie-blue-garden\\\/#primaryimage\",\"url\":\"https:\\\/\\\/ajatutaja.com\\\/wp-content\\\/uploads\\\/2023\\\/08\\\/Otroski-mini-nahrbtnik-elodie-ajatutaja-0-e1691509021254.jpg\",\"contentUrl\":\"https:\\\/\\\/ajatutaja.com\\\/wp-content\\\/uploads\\\/2023\\\/08\\\/Otroski-mini-nahrbtnik-elodie-ajatutaja-0-e1691509021254.jpg\",\"width\":800,\"height\":800},{\"@type\":\"BreadcrumbList\",\"@id\":\"https:\\\/\\\/ajatutaja.com\\\/izdelek\\\/mini-nahrbtnik-elodie-blue-garden\\\/#breadcrumb\",\"itemListElement\":[{\"@type\":\"ListItem\",\"position\":1,\"name\":\"Home\",\"item\":\"https:\\\/\\\/ajatutaja.com\\\/hr\\\/\"},{\"@type\":\"ListItem\",\"position\":2,\"name\":\"Trgovina\",\"item\":\"https:\\\/\\\/ajatutaja.com\\\/hr\\\/trgovina\\\/\"},{\"@type\":\"ListItem\",\"position\":3,\"name\":\"Mini nahrbtnik Elodie &#8211; Blue Garden\"}]},{\"@type\":\"WebSite\",\"@id\":\"https:\\\/\\\/ajatutaja.com\\\/#website\",\"url\":\"https:\\\/\\\/ajatutaja.com\\\/\",\"name\":\"Ajatutaja\",\"description\":\"Otro\u0161ka spletna trgovina AJATUTAJA\",\"publisher\":{\"@id\":\"https:\\\/\\\/ajatutaja.com\\\/#organization\"},\"potentialAction\":[{\"@type\":\"SearchAction\",\"target\":{\"@type\":\"EntryPoint\",\"urlTemplate\":\"https:\\\/\\\/ajatutaja.com\\\/?s={search_term_string}\"},\"query-input\":{\"@type\":\"PropertyValueSpecification\",\"valueRequired\":true,\"valueName\":\"search_term_string\"}}],\"inLanguage\":\"hr\"},{\"@type\":\"Organization\",\"@id\":\"https:\\\/\\\/ajatutaja.com\\\/#organization\",\"name\":\"Ajatutaja\",\"url\":\"https:\\\/\\\/ajatutaja.com\\\/\",\"logo\":{\"@type\":\"ImageObject\",\"inLanguage\":\"hr\",\"@id\":\"https:\\\/\\\/ajatutaja.com\\\/#\\\/schema\\\/logo\\\/image\\\/\",\"url\":\"https:\\\/\\\/ajatutaja.com\\\/wp-content\\\/uploads\\\/2021\\\/10\\\/logo.png\",\"contentUrl\":\"https:\\\/\\\/ajatutaja.com\\\/wp-content\\\/uploads\\\/2021\\\/10\\\/logo.png\",\"width\":555,\"height\":150,\"caption\":\"Ajatutaja\"},\"image\":{\"@id\":\"https:\\\/\\\/ajatutaja.com\\\/#\\\/schema\\\/logo\\\/image\\\/\"}}]}<\/script>\n<!-- \/ Yoast SEO plugin. -->","yoast_head_json":{"title":"Mini nahrbtnik Elodie - Blue Garden | Ajatutaja","description":"Otro\u0161ki mini nahrbtnik Elodie je dovolj velik in prostoren, da vanj spravite vse potrebno za va\u0161ega mal\u010dka, ko bo zakorakal v vrtec.","robots":{"index":"index","follow":"follow","max-snippet":"max-snippet:-1","max-image-preview":"max-image-preview:large","max-video-preview":"max-video-preview:-1"},"canonical":"https:\/\/ajatutaja.com\/izdelek\/mini-nahrbtnik-elodie-blue-garden\/","og_locale":"hr_HR","og_type":"article","og_title":"Mini nahrbtnik Elodie - Blue Garden | Ajatutaja","og_description":"Otro\u0161ki mini nahrbtnik Elodie je dovolj velik in prostoren, da vanj spravite vse potrebno za va\u0161ega mal\u010dka, ko bo zakorakal v vrtec.","og_url":"https:\/\/ajatutaja.com\/izdelek\/mini-nahrbtnik-elodie-blue-garden\/","og_site_name":"Ajatutaja","article_modified_time":"2025-11-21T18:35:58+00:00","og_image":[{"width":800,"height":800,"url":"https:\/\/ajatutaja.com\/wp-content\/uploads\/2023\/08\/Otroski-mini-nahrbtnik-elodie-ajatutaja-0-e1691509021254.jpg","type":"image\/jpeg"}],"twitter_card":"summary_large_image","twitter_misc":{"Procijenjeno vrijeme \u010ditanja":"1 minuta"},"schema":{"@context":"https:\/\/schema.org","@graph":[{"@type":"WebPage","@id":"https:\/\/ajatutaja.com\/izdelek\/mini-nahrbtnik-elodie-blue-garden\/","url":"https:\/\/ajatutaja.com\/izdelek\/mini-nahrbtnik-elodie-blue-garden\/","name":"Mini nahrbtnik Elodie - Blue Garden | Ajatutaja","isPartOf":{"@id":"https:\/\/ajatutaja.com\/#website"},"primaryImageOfPage":{"@id":"https:\/\/ajatutaja.com\/izdelek\/mini-nahrbtnik-elodie-blue-garden\/#primaryimage"},"image":{"@id":"https:\/\/ajatutaja.com\/izdelek\/mini-nahrbtnik-elodie-blue-garden\/#primaryimage"},"thumbnailUrl":"https:\/\/ajatutaja.com\/wp-content\/uploads\/2023\/08\/Otroski-mini-nahrbtnik-elodie-ajatutaja-0-e1691509021254.jpg","datePublished":"2023-08-08T15:37:52+00:00","dateModified":"2025-11-21T18:35:58+00:00","description":"Otro\u0161ki mini nahrbtnik Elodie je dovolj velik in prostoren, da vanj spravite vse potrebno za va\u0161ega mal\u010dka, ko bo zakorakal v vrtec.","breadcrumb":{"@id":"https:\/\/ajatutaja.com\/izdelek\/mini-nahrbtnik-elodie-blue-garden\/#breadcrumb"},"inLanguage":"hr","potentialAction":[{"@type":"ReadAction","target":["https:\/\/ajatutaja.com\/izdelek\/mini-nahrbtnik-elodie-blue-garden\/"]}]},{"@type":"ImageObject","inLanguage":"hr","@id":"https:\/\/ajatutaja.com\/izdelek\/mini-nahrbtnik-elodie-blue-garden\/#primaryimage","url":"https:\/\/ajatutaja.com\/wp-content\/uploads\/2023\/08\/Otroski-mini-nahrbtnik-elodie-ajatutaja-0-e1691509021254.jpg","contentUrl":"https:\/\/ajatutaja.com\/wp-content\/uploads\/2023\/08\/Otroski-mini-nahrbtnik-elodie-ajatutaja-0-e1691509021254.jpg","width":800,"height":800},{"@type":"BreadcrumbList","@id":"https:\/\/ajatutaja.com\/izdelek\/mini-nahrbtnik-elodie-blue-garden\/#breadcrumb","itemListElement":[{"@type":"ListItem","position":1,"name":"Home","item":"https:\/\/ajatutaja.com\/hr\/"},{"@type":"ListItem","position":2,"name":"Trgovina","item":"https:\/\/ajatutaja.com\/hr\/trgovina\/"},{"@type":"ListItem","position":3,"name":"Mini nahrbtnik Elodie &#8211; Blue Garden"}]},{"@type":"WebSite","@id":"https:\/\/ajatutaja.com\/#website","url":"https:\/\/ajatutaja.com\/","name":"Ajatutaja","description":"Otro\u0161ka spletna trgovina AJATUTAJA","publisher":{"@id":"https:\/\/ajatutaja.com\/#organization"},"potentialAction":[{"@type":"SearchAction","target":{"@type":"EntryPoint","urlTemplate":"https:\/\/ajatutaja.com\/?s={search_term_string}"},"query-input":{"@type":"PropertyValueSpecification","valueRequired":true,"valueName":"search_term_string"}}],"inLanguage":"hr"},{"@type":"Organization","@id":"https:\/\/ajatutaja.com\/#organization","name":"Ajatutaja","url":"https:\/\/ajatutaja.com\/","logo":{"@type":"ImageObject","inLanguage":"hr","@id":"https:\/\/ajatutaja.com\/#\/schema\/logo\/image\/","url":"https:\/\/ajatutaja.com\/wp-content\/uploads\/2021\/10\/logo.png","contentUrl":"https:\/\/ajatutaja.com\/wp-content\/uploads\/2021\/10\/logo.png","width":555,"height":150,"caption":"Ajatutaja"},"image":{"@id":"https:\/\/ajatutaja.com\/#\/schema\/logo\/image\/"}}]}},"brands":[{"id":2412,"name":"Elodie","slug":"elodie-potepanje"},{"id":2409,"name":"Potepanje","slug":"potepanje"}],"_links":{"self":[{"href":"https:\/\/ajatutaja.com\/hr\/wp-json\/wp\/v2\/product\/51325","targetHints":{"allow":["GET"]}}],"collection":[{"href":"https:\/\/ajatutaja.com\/hr\/wp-json\/wp\/v2\/product"}],"about":[{"href":"https:\/\/ajatutaja.com\/hr\/wp-json\/wp\/v2\/types\/product"}],"wp:featuredmedia":[{"embeddable":true,"href":"https:\/\/ajatutaja.com\/hr\/wp-json\/wp\/v2\/media\/51326"}],"wp:attachment":[{"href":"https:\/\/ajatutaja.com\/hr\/wp-json\/wp\/v2\/media?parent=51325"}],"wp:term":[{"taxonomy":"pwb-brand","embeddable":true,"href":"https:\/\/ajatutaja.com\/hr\/wp-json\/wp\/v2\/pwb-brand?post=51325"},{"taxonomy":"product_brand","embeddable":true,"href":"https:\/\/ajatutaja.com\/hr\/wp-json\/wp\/v2\/product_brand?post=51325"},{"taxonomy":"product_cat","embeddable":true,"href":"https:\/\/ajatutaja.com\/hr\/wp-json\/wp\/v2\/product_cat?post=51325"},{"taxonomy":"product_tag","embeddable":true,"href":"https:\/\/ajatutaja.com\/hr\/wp-json\/wp\/v2\/product_tag?post=51325"}],"curies":[{"name":"wp","href":"https:\/\/api.w.org\/{rel}","templated":true}]}}