{"id":51292,"date":"2023-08-08T10:35:57","date_gmt":"2023-08-08T08:35:57","guid":{"rendered":"https:\/\/ajatutaja.com\/?post_type=product&#038;p=51292"},"modified":"2024-03-21T19:44:53","modified_gmt":"2024-03-21T18:44:53","slug":"otroska-soba-za-hisko-za-puncke-baby-little-dutch","status":"publish","type":"product","link":"https:\/\/ajatutaja.com\/hr\/proizvod\/otroska-soba-za-hisko-za-puncke-baby-little-dutch\/","title":{"rendered":"Otro\u0161ka soba za hi\u0161ko za pun\u010dke baby Little Dutch"},"content":{"rendered":"<h3 data-placeholder=\"Prevod\">V kompletu dobite:<\/h3>\n<ul>\n<li>mamico<\/li>\n<li>dojen\u010dka<\/li>\n<li>posteljico z odejo in blazino<\/li>\n<li>previjalno mizo s previjalno blazinico<\/li>\n<li>vozi\u010dek<\/li>\n<li>stekleni\u010dko<\/li>\n<li>mini hi\u0161ko za lutke<\/li>\n<li>list z nalepkami<\/li>\n<\/ul>\n<h3><strong>Lastnosti kompleta otro\u0161ka sobica Little Dutch:<\/strong><\/h3>\n<ul>\n<li>Velikost: 21x15x7 cm<\/li>\n<li>Starost: 3leta+<\/li>\n<li>Barvano z otrokom prijaznimi barvami na vodni osnovi<\/li>\n<li>Sestava: MDF, les<\/li>\n<li>Skladnost: izdelek je skladen z evropsko direktivo\u00a0EN-71-1-2-3<\/li>\n<\/ul>\n<p><strong>Little Dutch<\/strong> izdeluje brez\u010dasne igra\u010de visoke kakovosti, z elegantnimi barvami, odtisi in ilustracijami. Vsi izdelki so skladni z evropskimi direktivami in se proizvajajo brez dela otrok in na dru\u017ebeno odgovoren na\u010din.<\/p>\n","protected":false},"excerpt":{"rendered":"<p id=\"tw-target-text\" dir=\"ltr\" data-placeholder=\"Prevod\"><span lang=\"sl\">V tej otro\u0161ki sobici boste na\u0161li ljubke kose pohi\u0161tva in dodatke, s katerimi se bodo va\u0161i mal\u010dki \u0161e dolgo \u017eeleli igrati s hi\u0161ko za pun\u010dke Little Dutch. Vklju\u010dene so nalepke, da lahko svoji hi\u0161ki otroci dajo svoj edinstven videz.<\/span><\/p>\n","protected":false},"featured_media":51293,"template":"","meta":[],"pwb-brand":[2452,2457],"product_brand":[],"product_cat":[3992,2712,2713,2448,2443],"product_tag":[5338,4002],"class_list":{"0":"post-51292","1":"product","2":"type-product","3":"status-publish","4":"has-post-thumbnail","6":"pwb-brand-igranje","7":"pwb-brand-little-dutch-igra","8":"product_cat-3-leta-igrace","9":"product_cat-darilo-za-decka","10":"product_cat-darilo-za-deklico","11":"product_cat-igranje-vlog","12":"product_cat-lesene-igrace","13":"product_tag-lesena-hiska-za-puncke","14":"product_tag-little-dutch","16":"first","17":"outofstock","18":"taxable","19":"shipping-taxable","20":"purchasable","21":"product-type-simple","22":"add-to-wishlist-before_image"},"yoast_head":"<!-- This site is optimized with the Yoast SEO plugin v27.3 - https:\/\/yoast.com\/product\/yoast-seo-wordpress\/ -->\n<title>Otro\u0161ka soba za hi\u0161ko za pun\u010dke baby Little Dutch | Ajatutaja<\/title>\n<meta name=\"description\" content=\"Lesena hi\u0161ka za pun\u010dke Little Dutch bo va\u0161ega mal\u010dka ali mal\u010dico v \u010daroben svet domi\u0161ljije. Dvonadstropna hi\u0161ka se lahko razpre, pa tudi okna in vrata se odpirajo in zapirajo.\" \/>\n<meta name=\"robots\" content=\"index, follow, max-snippet:-1, max-image-preview:large, max-video-preview:-1\" \/>\n<link rel=\"canonical\" href=\"https:\/\/ajatutaja.com\/izdelek\/otroska-soba-za-hisko-za-puncke-baby-little-dutch\/\" \/>\n<meta property=\"og:locale\" content=\"hr_HR\" \/>\n<meta property=\"og:type\" content=\"article\" \/>\n<meta property=\"og:title\" content=\"Otro\u0161ka soba za hi\u0161ko za pun\u010dke baby Little Dutch | Ajatutaja\" \/>\n<meta property=\"og:description\" content=\"Lesena hi\u0161ka za pun\u010dke Little Dutch bo va\u0161ega mal\u010dka ali mal\u010dico v \u010daroben svet domi\u0161ljije. Dvonadstropna hi\u0161ka se lahko razpre, pa tudi okna in vrata se odpirajo in zapirajo.\" \/>\n<meta property=\"og:url\" content=\"https:\/\/ajatutaja.com\/izdelek\/otroska-soba-za-hisko-za-puncke-baby-little-dutch\/\" \/>\n<meta property=\"og:site_name\" content=\"Ajatutaja\" \/>\n<meta property=\"article:modified_time\" content=\"2024-03-21T18:44:53+00:00\" \/>\n<meta property=\"og:image\" content=\"https:\/\/ajatutaja.com\/wp-content\/uploads\/2023\/08\/otroska-soba-za-hisko-za-puncke-Little-Dutch-ajatutaja-1.jpg\" \/>\n\t<meta property=\"og:image:width\" content=\"800\" \/>\n\t<meta property=\"og:image:height\" content=\"800\" \/>\n\t<meta property=\"og:image:type\" content=\"image\/jpeg\" \/>\n<meta name=\"twitter:card\" content=\"summary_large_image\" \/>\n<meta name=\"twitter:label1\" content=\"Procijenjeno vrijeme \u010ditanja\" \/>\n\t<meta name=\"twitter:data1\" content=\"1 minuta\" \/>\n<script type=\"application\/ld+json\" class=\"yoast-schema-graph\">{\"@context\":\"https:\\\/\\\/schema.org\",\"@graph\":[{\"@type\":\"WebPage\",\"@id\":\"https:\\\/\\\/ajatutaja.com\\\/izdelek\\\/otroska-soba-za-hisko-za-puncke-baby-little-dutch\\\/\",\"url\":\"https:\\\/\\\/ajatutaja.com\\\/izdelek\\\/otroska-soba-za-hisko-za-puncke-baby-little-dutch\\\/\",\"name\":\"Otro\u0161ka soba za hi\u0161ko za pun\u010dke baby Little Dutch | Ajatutaja\",\"isPartOf\":{\"@id\":\"https:\\\/\\\/ajatutaja.com\\\/#website\"},\"primaryImageOfPage\":{\"@id\":\"https:\\\/\\\/ajatutaja.com\\\/izdelek\\\/otroska-soba-za-hisko-za-puncke-baby-little-dutch\\\/#primaryimage\"},\"image\":{\"@id\":\"https:\\\/\\\/ajatutaja.com\\\/izdelek\\\/otroska-soba-za-hisko-za-puncke-baby-little-dutch\\\/#primaryimage\"},\"thumbnailUrl\":\"https:\\\/\\\/ajatutaja.com\\\/wp-content\\\/uploads\\\/2023\\\/08\\\/otroska-soba-za-hisko-za-puncke-Little-Dutch-ajatutaja-1.jpg\",\"datePublished\":\"2023-08-08T08:35:57+00:00\",\"dateModified\":\"2024-03-21T18:44:53+00:00\",\"description\":\"Lesena hi\u0161ka za pun\u010dke Little Dutch bo va\u0161ega mal\u010dka ali mal\u010dico v \u010daroben svet domi\u0161ljije. Dvonadstropna hi\u0161ka se lahko razpre, pa tudi okna in vrata se odpirajo in zapirajo.\",\"breadcrumb\":{\"@id\":\"https:\\\/\\\/ajatutaja.com\\\/izdelek\\\/otroska-soba-za-hisko-za-puncke-baby-little-dutch\\\/#breadcrumb\"},\"inLanguage\":\"hr\",\"potentialAction\":[{\"@type\":\"ReadAction\",\"target\":[\"https:\\\/\\\/ajatutaja.com\\\/izdelek\\\/otroska-soba-za-hisko-za-puncke-baby-little-dutch\\\/\"]}]},{\"@type\":\"ImageObject\",\"inLanguage\":\"hr\",\"@id\":\"https:\\\/\\\/ajatutaja.com\\\/izdelek\\\/otroska-soba-za-hisko-za-puncke-baby-little-dutch\\\/#primaryimage\",\"url\":\"https:\\\/\\\/ajatutaja.com\\\/wp-content\\\/uploads\\\/2023\\\/08\\\/otroska-soba-za-hisko-za-puncke-Little-Dutch-ajatutaja-1.jpg\",\"contentUrl\":\"https:\\\/\\\/ajatutaja.com\\\/wp-content\\\/uploads\\\/2023\\\/08\\\/otroska-soba-za-hisko-za-puncke-Little-Dutch-ajatutaja-1.jpg\",\"width\":800,\"height\":800},{\"@type\":\"BreadcrumbList\",\"@id\":\"https:\\\/\\\/ajatutaja.com\\\/izdelek\\\/otroska-soba-za-hisko-za-puncke-baby-little-dutch\\\/#breadcrumb\",\"itemListElement\":[{\"@type\":\"ListItem\",\"position\":1,\"name\":\"Home\",\"item\":\"https:\\\/\\\/ajatutaja.com\\\/hr\\\/\"},{\"@type\":\"ListItem\",\"position\":2,\"name\":\"Trgovina\",\"item\":\"https:\\\/\\\/ajatutaja.com\\\/hr\\\/trgovina\\\/\"},{\"@type\":\"ListItem\",\"position\":3,\"name\":\"Otro\u0161ka soba za hi\u0161ko za pun\u010dke baby Little Dutch\"}]},{\"@type\":\"WebSite\",\"@id\":\"https:\\\/\\\/ajatutaja.com\\\/#website\",\"url\":\"https:\\\/\\\/ajatutaja.com\\\/\",\"name\":\"Ajatutaja\",\"description\":\"Otro\u0161ka spletna trgovina AJATUTAJA\",\"publisher\":{\"@id\":\"https:\\\/\\\/ajatutaja.com\\\/#organization\"},\"potentialAction\":[{\"@type\":\"SearchAction\",\"target\":{\"@type\":\"EntryPoint\",\"urlTemplate\":\"https:\\\/\\\/ajatutaja.com\\\/?s={search_term_string}\"},\"query-input\":{\"@type\":\"PropertyValueSpecification\",\"valueRequired\":true,\"valueName\":\"search_term_string\"}}],\"inLanguage\":\"hr\"},{\"@type\":\"Organization\",\"@id\":\"https:\\\/\\\/ajatutaja.com\\\/#organization\",\"name\":\"Ajatutaja\",\"url\":\"https:\\\/\\\/ajatutaja.com\\\/\",\"logo\":{\"@type\":\"ImageObject\",\"inLanguage\":\"hr\",\"@id\":\"https:\\\/\\\/ajatutaja.com\\\/#\\\/schema\\\/logo\\\/image\\\/\",\"url\":\"https:\\\/\\\/ajatutaja.com\\\/wp-content\\\/uploads\\\/2021\\\/10\\\/logo.png\",\"contentUrl\":\"https:\\\/\\\/ajatutaja.com\\\/wp-content\\\/uploads\\\/2021\\\/10\\\/logo.png\",\"width\":555,\"height\":150,\"caption\":\"Ajatutaja\"},\"image\":{\"@id\":\"https:\\\/\\\/ajatutaja.com\\\/#\\\/schema\\\/logo\\\/image\\\/\"}}]}<\/script>\n<!-- \/ Yoast SEO plugin. -->","yoast_head_json":{"title":"Otro\u0161ka soba za hi\u0161ko za pun\u010dke baby Little Dutch | Ajatutaja","description":"Lesena hi\u0161ka za pun\u010dke Little Dutch bo va\u0161ega mal\u010dka ali mal\u010dico v \u010daroben svet domi\u0161ljije. Dvonadstropna hi\u0161ka se lahko razpre, pa tudi okna in vrata se odpirajo in zapirajo.","robots":{"index":"index","follow":"follow","max-snippet":"max-snippet:-1","max-image-preview":"max-image-preview:large","max-video-preview":"max-video-preview:-1"},"canonical":"https:\/\/ajatutaja.com\/izdelek\/otroska-soba-za-hisko-za-puncke-baby-little-dutch\/","og_locale":"hr_HR","og_type":"article","og_title":"Otro\u0161ka soba za hi\u0161ko za pun\u010dke baby Little Dutch | Ajatutaja","og_description":"Lesena hi\u0161ka za pun\u010dke Little Dutch bo va\u0161ega mal\u010dka ali mal\u010dico v \u010daroben svet domi\u0161ljije. Dvonadstropna hi\u0161ka se lahko razpre, pa tudi okna in vrata se odpirajo in zapirajo.","og_url":"https:\/\/ajatutaja.com\/izdelek\/otroska-soba-za-hisko-za-puncke-baby-little-dutch\/","og_site_name":"Ajatutaja","article_modified_time":"2024-03-21T18:44:53+00:00","og_image":[{"width":800,"height":800,"url":"https:\/\/ajatutaja.com\/wp-content\/uploads\/2023\/08\/otroska-soba-za-hisko-za-puncke-Little-Dutch-ajatutaja-1.jpg","type":"image\/jpeg"}],"twitter_card":"summary_large_image","twitter_misc":{"Procijenjeno vrijeme \u010ditanja":"1 minuta"},"schema":{"@context":"https:\/\/schema.org","@graph":[{"@type":"WebPage","@id":"https:\/\/ajatutaja.com\/izdelek\/otroska-soba-za-hisko-za-puncke-baby-little-dutch\/","url":"https:\/\/ajatutaja.com\/izdelek\/otroska-soba-za-hisko-za-puncke-baby-little-dutch\/","name":"Otro\u0161ka soba za hi\u0161ko za pun\u010dke baby Little Dutch | Ajatutaja","isPartOf":{"@id":"https:\/\/ajatutaja.com\/#website"},"primaryImageOfPage":{"@id":"https:\/\/ajatutaja.com\/izdelek\/otroska-soba-za-hisko-za-puncke-baby-little-dutch\/#primaryimage"},"image":{"@id":"https:\/\/ajatutaja.com\/izdelek\/otroska-soba-za-hisko-za-puncke-baby-little-dutch\/#primaryimage"},"thumbnailUrl":"https:\/\/ajatutaja.com\/wp-content\/uploads\/2023\/08\/otroska-soba-za-hisko-za-puncke-Little-Dutch-ajatutaja-1.jpg","datePublished":"2023-08-08T08:35:57+00:00","dateModified":"2024-03-21T18:44:53+00:00","description":"Lesena hi\u0161ka za pun\u010dke Little Dutch bo va\u0161ega mal\u010dka ali mal\u010dico v \u010daroben svet domi\u0161ljije. Dvonadstropna hi\u0161ka se lahko razpre, pa tudi okna in vrata se odpirajo in zapirajo.","breadcrumb":{"@id":"https:\/\/ajatutaja.com\/izdelek\/otroska-soba-za-hisko-za-puncke-baby-little-dutch\/#breadcrumb"},"inLanguage":"hr","potentialAction":[{"@type":"ReadAction","target":["https:\/\/ajatutaja.com\/izdelek\/otroska-soba-za-hisko-za-puncke-baby-little-dutch\/"]}]},{"@type":"ImageObject","inLanguage":"hr","@id":"https:\/\/ajatutaja.com\/izdelek\/otroska-soba-za-hisko-za-puncke-baby-little-dutch\/#primaryimage","url":"https:\/\/ajatutaja.com\/wp-content\/uploads\/2023\/08\/otroska-soba-za-hisko-za-puncke-Little-Dutch-ajatutaja-1.jpg","contentUrl":"https:\/\/ajatutaja.com\/wp-content\/uploads\/2023\/08\/otroska-soba-za-hisko-za-puncke-Little-Dutch-ajatutaja-1.jpg","width":800,"height":800},{"@type":"BreadcrumbList","@id":"https:\/\/ajatutaja.com\/izdelek\/otroska-soba-za-hisko-za-puncke-baby-little-dutch\/#breadcrumb","itemListElement":[{"@type":"ListItem","position":1,"name":"Home","item":"https:\/\/ajatutaja.com\/hr\/"},{"@type":"ListItem","position":2,"name":"Trgovina","item":"https:\/\/ajatutaja.com\/hr\/trgovina\/"},{"@type":"ListItem","position":3,"name":"Otro\u0161ka soba za hi\u0161ko za pun\u010dke baby Little Dutch"}]},{"@type":"WebSite","@id":"https:\/\/ajatutaja.com\/#website","url":"https:\/\/ajatutaja.com\/","name":"Ajatutaja","description":"Otro\u0161ka spletna trgovina AJATUTAJA","publisher":{"@id":"https:\/\/ajatutaja.com\/#organization"},"potentialAction":[{"@type":"SearchAction","target":{"@type":"EntryPoint","urlTemplate":"https:\/\/ajatutaja.com\/?s={search_term_string}"},"query-input":{"@type":"PropertyValueSpecification","valueRequired":true,"valueName":"search_term_string"}}],"inLanguage":"hr"},{"@type":"Organization","@id":"https:\/\/ajatutaja.com\/#organization","name":"Ajatutaja","url":"https:\/\/ajatutaja.com\/","logo":{"@type":"ImageObject","inLanguage":"hr","@id":"https:\/\/ajatutaja.com\/#\/schema\/logo\/image\/","url":"https:\/\/ajatutaja.com\/wp-content\/uploads\/2021\/10\/logo.png","contentUrl":"https:\/\/ajatutaja.com\/wp-content\/uploads\/2021\/10\/logo.png","width":555,"height":150,"caption":"Ajatutaja"},"image":{"@id":"https:\/\/ajatutaja.com\/#\/schema\/logo\/image\/"}}]}},"brands":[{"id":2452,"name":"Igranje","slug":"igranje"},{"id":2457,"name":"Little Dutch","slug":"little-dutch-igra"}],"_links":{"self":[{"href":"https:\/\/ajatutaja.com\/hr\/wp-json\/wp\/v2\/product\/51292","targetHints":{"allow":["GET"]}}],"collection":[{"href":"https:\/\/ajatutaja.com\/hr\/wp-json\/wp\/v2\/product"}],"about":[{"href":"https:\/\/ajatutaja.com\/hr\/wp-json\/wp\/v2\/types\/product"}],"wp:featuredmedia":[{"embeddable":true,"href":"https:\/\/ajatutaja.com\/hr\/wp-json\/wp\/v2\/media\/51293"}],"wp:attachment":[{"href":"https:\/\/ajatutaja.com\/hr\/wp-json\/wp\/v2\/media?parent=51292"}],"wp:term":[{"taxonomy":"pwb-brand","embeddable":true,"href":"https:\/\/ajatutaja.com\/hr\/wp-json\/wp\/v2\/pwb-brand?post=51292"},{"taxonomy":"product_brand","embeddable":true,"href":"https:\/\/ajatutaja.com\/hr\/wp-json\/wp\/v2\/product_brand?post=51292"},{"taxonomy":"product_cat","embeddable":true,"href":"https:\/\/ajatutaja.com\/hr\/wp-json\/wp\/v2\/product_cat?post=51292"},{"taxonomy":"product_tag","embeddable":true,"href":"https:\/\/ajatutaja.com\/hr\/wp-json\/wp\/v2\/product_tag?post=51292"}],"curies":[{"name":"wp","href":"https:\/\/api.w.org\/{rel}","templated":true}]}}