{"id":51202,"date":"2023-08-05T11:46:04","date_gmt":"2023-08-05T09:46:04","guid":{"rendered":"https:\/\/ajatutaja.com\/?post_type=product&#038;p=51202"},"modified":"2024-05-20T07:24:23","modified_gmt":"2024-05-20T05:24:23","slug":"joie-isofix-baza-i-base-lx2","status":"publish","type":"product","link":"https:\/\/ajatutaja.com\/hr\/proizvod\/joie-isofix-baza-i-base-lx2\/","title":{"rendered":"Joie\u00ae ISOFIX baza i-Base\u2122 lx2"},"content":{"rendered":"<p>[vc_row][vc_column][vc_column_text]<em><strong><span class=\"st\">Isofix predstavlja sistem za pritrjevanje otro\u0161kih sede\u017eev v avtomobile, ki imajo vgrajene to\u010dke za Isofix podstavke. Isofix podstavki in baze omogo\u010dajo preprosto.<\/span><\/strong><\/em><\/p>\n<p>S pomo\u010djo baze lahko najhitreje in najbolj enostavno namestite poljuben model avtosede\u017ea v avtomobil. Baza ima barvne indikatorje, ki potrjujejo pravilno in varno namestitev baze na Isofix sistem in lupinice na samo bazo.<\/p>\n<div class=\"tab activeTab\">\n<h3>Lastnosti baze Joie i-Base lx2:<\/h3>\n<ul>\n<li>uporabna za novorojen\u010dka od rojstva do 13 kg te\u017ee oz.\u00a0 40-105cm<\/li>\n<li>kompatibilna z Joie\u00ae Joie\u00ae i-Level\u2122 Recline \/ i-Quest\u2122 \/ i-Snug\u2122 2 \/ i-Gemm\u2122 3 \/ i-Juva\u2122<\/li>\n<li>integrirana\u00a0 odbojna za\u0161\u010dita za noge<\/li>\n<li>7 pozicij naklonov<\/li>\n<li>varna in enostavna namestitev s pritrditvijo na ISOFIX avtomobila<\/li>\n<li>barvni kazalci, ki prikazujejo pravilno namestitev baze<\/li>\n<li>velikost: <span data-contrast=\"auto\">66.6x 20.4x 16.4-64.4 cm<\/span><\/li>\n<li>te\u017ea: 5.75kg<\/li>\n<li>certificirana: ECE R129\/00 in i-Size<\/li>\n<\/ul>\n<p><strong>Varnostno obvestilo:<\/strong><\/p>\n<ul>\n<li>Avtosede\u017e namestite na bazo v obratni smeri vo\u017enje<\/li>\n<li>Nikoli ne name\u0161\u010dajte avtosede\u017ea in baze na sede\u017e z aktivno zra\u010dno blazino<\/li>\n<li>Nikoli ne name\u0161\u010dajte baze na sede\u017e avtomobila, ki ni opremljen z Isofix-om<\/li>\n<\/ul>\n<\/div>\n<p>[\/vc_column_text][\/vc_column][\/vc_row]<\/p>\n","protected":false},"excerpt":{"rendered":"<p>ISOFIX baza i-Base\u2122 lx2 blagovne znamke Joie omogo\u010da enostavno namestitev in \u0161e varnej\u0161o vo\u017enjo za lupinice Joie\u00ae i-Level\u2122 Recline, i-Snug\u2122 2,\u00a0 i-Gemm\u2122 3,\u00a0 i-Juva\u2122 in avtosede\u017e i-Quest\u2122, ki se kupijo lo\u010deno.<\/p>\n","protected":false},"featured_media":51203,"template":"","meta":[],"pwb-brand":[2351,2353],"product_brand":[],"product_cat":[2339,2349],"product_tag":[4073,4193,5333,4763,4197,4198,4764],"class_list":{"0":"post-51202","1":"product","2":"type-product","3":"status-publish","4":"has-post-thumbnail","6":"pwb-brand-avtosedezi","7":"pwb-brand-joie","8":"product_cat-avtosedezi","9":"product_cat-dodatna-oprema","10":"product_tag-joie","11":"product_tag-joie-avtosedezi","12":"product_tag-joie-i-base","13":"product_tag-joie-i-gemm","14":"product_tag-joie-i-level","15":"product_tag-joie-i-quest","16":"product_tag-joie-i-snug","18":"first","19":"outofstock","20":"taxable","21":"shipping-taxable","22":"purchasable","23":"product-type-simple","24":"add-to-wishlist-before_image"},"yoast_head":"<!-- This site is optimized with the Yoast SEO plugin v27.3 - https:\/\/yoast.com\/product\/yoast-seo-wordpress\/ -->\n<title>Joie\u00ae ISOFIX baza i-Base\u2122 lx2 | Ajatutaja<\/title>\n<meta name=\"description\" content=\"ISOFIX baza i-Base\u2122 lx2 blagovne znamke Joie omogo\u010da enostavno namestitev in \u0161e varnej\u0161o vo\u017enjo za lupinice Joie\u00ae i-Level\u2122 Recline, i-Snug\u2122 2,\u00a0 i-Gemm\u2122 3,\u00a0 i-Juva\u2122 in avtosede\u017e i-Quest\u2122.\" \/>\n<meta name=\"robots\" content=\"index, follow, max-snippet:-1, max-image-preview:large, max-video-preview:-1\" \/>\n<link rel=\"canonical\" href=\"https:\/\/ajatutaja.com\/izdelek\/joie-isofix-baza-i-base-lx2\/\" \/>\n<meta property=\"og:locale\" content=\"hr_HR\" \/>\n<meta property=\"og:type\" content=\"article\" \/>\n<meta property=\"og:title\" content=\"Joie\u00ae ISOFIX baza i-Base\u2122 lx2 | Ajatutaja\" \/>\n<meta property=\"og:description\" content=\"ISOFIX baza i-Base\u2122 lx2 blagovne znamke Joie omogo\u010da enostavno namestitev in \u0161e varnej\u0161o vo\u017enjo za lupinice Joie\u00ae i-Level\u2122 Recline, i-Snug\u2122 2,\u00a0 i-Gemm\u2122 3,\u00a0 i-Juva\u2122 in avtosede\u017e i-Quest\u2122.\" \/>\n<meta property=\"og:url\" content=\"https:\/\/ajatutaja.com\/izdelek\/joie-isofix-baza-i-base-lx2\/\" \/>\n<meta property=\"og:site_name\" content=\"Ajatutaja\" \/>\n<meta property=\"article:modified_time\" content=\"2024-05-20T05:24:23+00:00\" \/>\n<meta property=\"og:image\" content=\"https:\/\/ajatutaja.com\/wp-content\/uploads\/2023\/08\/joie-i-base-2-isofix-baza-lx-2-ajatutaja-0.jpg\" \/>\n\t<meta property=\"og:image:width\" content=\"770\" \/>\n\t<meta property=\"og:image:height\" content=\"770\" \/>\n\t<meta property=\"og:image:type\" content=\"image\/jpeg\" \/>\n<meta name=\"twitter:card\" content=\"summary_large_image\" \/>\n<meta name=\"twitter:label1\" content=\"Procijenjeno vrijeme \u010ditanja\" \/>\n\t<meta name=\"twitter:data1\" content=\"1 minuta\" \/>\n<script type=\"application\/ld+json\" class=\"yoast-schema-graph\">{\"@context\":\"https:\\\/\\\/schema.org\",\"@graph\":[{\"@type\":\"WebPage\",\"@id\":\"https:\\\/\\\/ajatutaja.com\\\/izdelek\\\/joie-isofix-baza-i-base-lx2\\\/\",\"url\":\"https:\\\/\\\/ajatutaja.com\\\/izdelek\\\/joie-isofix-baza-i-base-lx2\\\/\",\"name\":\"Joie\u00ae ISOFIX baza i-Base\u2122 lx2 | Ajatutaja\",\"isPartOf\":{\"@id\":\"https:\\\/\\\/ajatutaja.com\\\/#website\"},\"primaryImageOfPage\":{\"@id\":\"https:\\\/\\\/ajatutaja.com\\\/izdelek\\\/joie-isofix-baza-i-base-lx2\\\/#primaryimage\"},\"image\":{\"@id\":\"https:\\\/\\\/ajatutaja.com\\\/izdelek\\\/joie-isofix-baza-i-base-lx2\\\/#primaryimage\"},\"thumbnailUrl\":\"https:\\\/\\\/ajatutaja.com\\\/wp-content\\\/uploads\\\/2023\\\/08\\\/joie-i-base-2-isofix-baza-lx-2-ajatutaja-0.jpg\",\"datePublished\":\"2023-08-05T09:46:04+00:00\",\"dateModified\":\"2024-05-20T05:24:23+00:00\",\"description\":\"ISOFIX baza i-Base\u2122 lx2 blagovne znamke Joie omogo\u010da enostavno namestitev in \u0161e varnej\u0161o vo\u017enjo za lupinice Joie\u00ae i-Level\u2122 Recline, i-Snug\u2122 2,\u00a0 i-Gemm\u2122 3,\u00a0 i-Juva\u2122 in avtosede\u017e i-Quest\u2122.\",\"breadcrumb\":{\"@id\":\"https:\\\/\\\/ajatutaja.com\\\/izdelek\\\/joie-isofix-baza-i-base-lx2\\\/#breadcrumb\"},\"inLanguage\":\"hr\",\"potentialAction\":[{\"@type\":\"ReadAction\",\"target\":[\"https:\\\/\\\/ajatutaja.com\\\/izdelek\\\/joie-isofix-baza-i-base-lx2\\\/\"]}]},{\"@type\":\"ImageObject\",\"inLanguage\":\"hr\",\"@id\":\"https:\\\/\\\/ajatutaja.com\\\/izdelek\\\/joie-isofix-baza-i-base-lx2\\\/#primaryimage\",\"url\":\"https:\\\/\\\/ajatutaja.com\\\/wp-content\\\/uploads\\\/2023\\\/08\\\/joie-i-base-2-isofix-baza-lx-2-ajatutaja-0.jpg\",\"contentUrl\":\"https:\\\/\\\/ajatutaja.com\\\/wp-content\\\/uploads\\\/2023\\\/08\\\/joie-i-base-2-isofix-baza-lx-2-ajatutaja-0.jpg\",\"width\":770,\"height\":770},{\"@type\":\"BreadcrumbList\",\"@id\":\"https:\\\/\\\/ajatutaja.com\\\/izdelek\\\/joie-isofix-baza-i-base-lx2\\\/#breadcrumb\",\"itemListElement\":[{\"@type\":\"ListItem\",\"position\":1,\"name\":\"Home\",\"item\":\"https:\\\/\\\/ajatutaja.com\\\/hr\\\/\"},{\"@type\":\"ListItem\",\"position\":2,\"name\":\"Trgovina\",\"item\":\"https:\\\/\\\/ajatutaja.com\\\/hr\\\/trgovina\\\/\"},{\"@type\":\"ListItem\",\"position\":3,\"name\":\"Joie\u00ae ISOFIX baza i-Base\u2122 lx2\"}]},{\"@type\":\"WebSite\",\"@id\":\"https:\\\/\\\/ajatutaja.com\\\/#website\",\"url\":\"https:\\\/\\\/ajatutaja.com\\\/\",\"name\":\"Ajatutaja\",\"description\":\"Otro\u0161ka spletna trgovina AJATUTAJA\",\"publisher\":{\"@id\":\"https:\\\/\\\/ajatutaja.com\\\/#organization\"},\"potentialAction\":[{\"@type\":\"SearchAction\",\"target\":{\"@type\":\"EntryPoint\",\"urlTemplate\":\"https:\\\/\\\/ajatutaja.com\\\/?s={search_term_string}\"},\"query-input\":{\"@type\":\"PropertyValueSpecification\",\"valueRequired\":true,\"valueName\":\"search_term_string\"}}],\"inLanguage\":\"hr\"},{\"@type\":\"Organization\",\"@id\":\"https:\\\/\\\/ajatutaja.com\\\/#organization\",\"name\":\"Ajatutaja\",\"url\":\"https:\\\/\\\/ajatutaja.com\\\/\",\"logo\":{\"@type\":\"ImageObject\",\"inLanguage\":\"hr\",\"@id\":\"https:\\\/\\\/ajatutaja.com\\\/#\\\/schema\\\/logo\\\/image\\\/\",\"url\":\"https:\\\/\\\/ajatutaja.com\\\/wp-content\\\/uploads\\\/2021\\\/10\\\/logo.png\",\"contentUrl\":\"https:\\\/\\\/ajatutaja.com\\\/wp-content\\\/uploads\\\/2021\\\/10\\\/logo.png\",\"width\":555,\"height\":150,\"caption\":\"Ajatutaja\"},\"image\":{\"@id\":\"https:\\\/\\\/ajatutaja.com\\\/#\\\/schema\\\/logo\\\/image\\\/\"}}]}<\/script>\n<!-- \/ Yoast SEO plugin. -->","yoast_head_json":{"title":"Joie\u00ae ISOFIX baza i-Base\u2122 lx2 | Ajatutaja","description":"ISOFIX baza i-Base\u2122 lx2 blagovne znamke Joie omogo\u010da enostavno namestitev in \u0161e varnej\u0161o vo\u017enjo za lupinice Joie\u00ae i-Level\u2122 Recline, i-Snug\u2122 2,\u00a0 i-Gemm\u2122 3,\u00a0 i-Juva\u2122 in avtosede\u017e i-Quest\u2122.","robots":{"index":"index","follow":"follow","max-snippet":"max-snippet:-1","max-image-preview":"max-image-preview:large","max-video-preview":"max-video-preview:-1"},"canonical":"https:\/\/ajatutaja.com\/izdelek\/joie-isofix-baza-i-base-lx2\/","og_locale":"hr_HR","og_type":"article","og_title":"Joie\u00ae ISOFIX baza i-Base\u2122 lx2 | Ajatutaja","og_description":"ISOFIX baza i-Base\u2122 lx2 blagovne znamke Joie omogo\u010da enostavno namestitev in \u0161e varnej\u0161o vo\u017enjo za lupinice Joie\u00ae i-Level\u2122 Recline, i-Snug\u2122 2,\u00a0 i-Gemm\u2122 3,\u00a0 i-Juva\u2122 in avtosede\u017e i-Quest\u2122.","og_url":"https:\/\/ajatutaja.com\/izdelek\/joie-isofix-baza-i-base-lx2\/","og_site_name":"Ajatutaja","article_modified_time":"2024-05-20T05:24:23+00:00","og_image":[{"width":770,"height":770,"url":"https:\/\/ajatutaja.com\/wp-content\/uploads\/2023\/08\/joie-i-base-2-isofix-baza-lx-2-ajatutaja-0.jpg","type":"image\/jpeg"}],"twitter_card":"summary_large_image","twitter_misc":{"Procijenjeno vrijeme \u010ditanja":"1 minuta"},"schema":{"@context":"https:\/\/schema.org","@graph":[{"@type":"WebPage","@id":"https:\/\/ajatutaja.com\/izdelek\/joie-isofix-baza-i-base-lx2\/","url":"https:\/\/ajatutaja.com\/izdelek\/joie-isofix-baza-i-base-lx2\/","name":"Joie\u00ae ISOFIX baza i-Base\u2122 lx2 | Ajatutaja","isPartOf":{"@id":"https:\/\/ajatutaja.com\/#website"},"primaryImageOfPage":{"@id":"https:\/\/ajatutaja.com\/izdelek\/joie-isofix-baza-i-base-lx2\/#primaryimage"},"image":{"@id":"https:\/\/ajatutaja.com\/izdelek\/joie-isofix-baza-i-base-lx2\/#primaryimage"},"thumbnailUrl":"https:\/\/ajatutaja.com\/wp-content\/uploads\/2023\/08\/joie-i-base-2-isofix-baza-lx-2-ajatutaja-0.jpg","datePublished":"2023-08-05T09:46:04+00:00","dateModified":"2024-05-20T05:24:23+00:00","description":"ISOFIX baza i-Base\u2122 lx2 blagovne znamke Joie omogo\u010da enostavno namestitev in \u0161e varnej\u0161o vo\u017enjo za lupinice Joie\u00ae i-Level\u2122 Recline, i-Snug\u2122 2,\u00a0 i-Gemm\u2122 3,\u00a0 i-Juva\u2122 in avtosede\u017e i-Quest\u2122.","breadcrumb":{"@id":"https:\/\/ajatutaja.com\/izdelek\/joie-isofix-baza-i-base-lx2\/#breadcrumb"},"inLanguage":"hr","potentialAction":[{"@type":"ReadAction","target":["https:\/\/ajatutaja.com\/izdelek\/joie-isofix-baza-i-base-lx2\/"]}]},{"@type":"ImageObject","inLanguage":"hr","@id":"https:\/\/ajatutaja.com\/izdelek\/joie-isofix-baza-i-base-lx2\/#primaryimage","url":"https:\/\/ajatutaja.com\/wp-content\/uploads\/2023\/08\/joie-i-base-2-isofix-baza-lx-2-ajatutaja-0.jpg","contentUrl":"https:\/\/ajatutaja.com\/wp-content\/uploads\/2023\/08\/joie-i-base-2-isofix-baza-lx-2-ajatutaja-0.jpg","width":770,"height":770},{"@type":"BreadcrumbList","@id":"https:\/\/ajatutaja.com\/izdelek\/joie-isofix-baza-i-base-lx2\/#breadcrumb","itemListElement":[{"@type":"ListItem","position":1,"name":"Home","item":"https:\/\/ajatutaja.com\/hr\/"},{"@type":"ListItem","position":2,"name":"Trgovina","item":"https:\/\/ajatutaja.com\/hr\/trgovina\/"},{"@type":"ListItem","position":3,"name":"Joie\u00ae ISOFIX baza i-Base\u2122 lx2"}]},{"@type":"WebSite","@id":"https:\/\/ajatutaja.com\/#website","url":"https:\/\/ajatutaja.com\/","name":"Ajatutaja","description":"Otro\u0161ka spletna trgovina AJATUTAJA","publisher":{"@id":"https:\/\/ajatutaja.com\/#organization"},"potentialAction":[{"@type":"SearchAction","target":{"@type":"EntryPoint","urlTemplate":"https:\/\/ajatutaja.com\/?s={search_term_string}"},"query-input":{"@type":"PropertyValueSpecification","valueRequired":true,"valueName":"search_term_string"}}],"inLanguage":"hr"},{"@type":"Organization","@id":"https:\/\/ajatutaja.com\/#organization","name":"Ajatutaja","url":"https:\/\/ajatutaja.com\/","logo":{"@type":"ImageObject","inLanguage":"hr","@id":"https:\/\/ajatutaja.com\/#\/schema\/logo\/image\/","url":"https:\/\/ajatutaja.com\/wp-content\/uploads\/2021\/10\/logo.png","contentUrl":"https:\/\/ajatutaja.com\/wp-content\/uploads\/2021\/10\/logo.png","width":555,"height":150,"caption":"Ajatutaja"},"image":{"@id":"https:\/\/ajatutaja.com\/#\/schema\/logo\/image\/"}}]}},"brands":[{"id":2351,"name":"Avtosede\u017ei","slug":"avtosedezi"},{"id":2353,"name":"Joie","slug":"joie"}],"_links":{"self":[{"href":"https:\/\/ajatutaja.com\/hr\/wp-json\/wp\/v2\/product\/51202","targetHints":{"allow":["GET"]}}],"collection":[{"href":"https:\/\/ajatutaja.com\/hr\/wp-json\/wp\/v2\/product"}],"about":[{"href":"https:\/\/ajatutaja.com\/hr\/wp-json\/wp\/v2\/types\/product"}],"wp:featuredmedia":[{"embeddable":true,"href":"https:\/\/ajatutaja.com\/hr\/wp-json\/wp\/v2\/media\/51203"}],"wp:attachment":[{"href":"https:\/\/ajatutaja.com\/hr\/wp-json\/wp\/v2\/media?parent=51202"}],"wp:term":[{"taxonomy":"pwb-brand","embeddable":true,"href":"https:\/\/ajatutaja.com\/hr\/wp-json\/wp\/v2\/pwb-brand?post=51202"},{"taxonomy":"product_brand","embeddable":true,"href":"https:\/\/ajatutaja.com\/hr\/wp-json\/wp\/v2\/product_brand?post=51202"},{"taxonomy":"product_cat","embeddable":true,"href":"https:\/\/ajatutaja.com\/hr\/wp-json\/wp\/v2\/product_cat?post=51202"},{"taxonomy":"product_tag","embeddable":true,"href":"https:\/\/ajatutaja.com\/hr\/wp-json\/wp\/v2\/product_tag?post=51202"}],"curies":[{"name":"wp","href":"https:\/\/api.w.org\/{rel}","templated":true}]}}