{"id":50567,"date":"2023-07-27T10:52:30","date_gmt":"2023-07-27T08:52:30","guid":{"rendered":"https:\/\/ajatutaja.com\/?post_type=product&#038;p=50567"},"modified":"2025-10-01T07:32:01","modified_gmt":"2025-10-01T05:32:01","slug":"termo-jeklenicka-s-slamico-b-box-500ml","status":"publish","type":"product","link":"https:\/\/ajatutaja.com\/hr\/proizvod\/termo-jeklenicka-s-slamico-b-box-500ml\/","title":{"rendered":"b.box Termo jekleni\u010dka s slamico (500ml)"},"content":{"rendered":"<p>[vc_row][vc_column][vc_column_text]<\/p>\n<h3>Lastnosti termo jekleni\u010dke s slamico b.box:<\/h3>\n<ul>\n<li>Termo fla\u0161ka je narejena z dvojnimi stenami iz nerjave\u010dega jekla<\/li>\n<li>Enostavno odpiranje pokrov\u010dka s pritiskom na gumb<\/li>\n<li>Silikonska slamica omogo\u010da enostavno pitje<\/li>\n<li>Ne poliva, varno za prena\u0161anje<\/li>\n<li>Napitki ostanejo hladni do 8 in topli do 6 ur<\/li>\n<li>Integriran ro\u010daj za prena\u0161anje<\/li>\n<li>Volumen: 500 ml<\/li>\n<li>Izdelana iz nerjave\u010dega jekla, silikona in polipropilena,<\/li>\n<li>Ne vsebuje BPA, ftalatov in PVC<\/li>\n<li>Za starost od 3 leta dalje<\/li>\n<\/ul>\n<p>[\/vc_column_text][\/vc_column][\/vc_row]<\/p>\n","protected":false},"excerpt":{"rendered":"<p>Termo jekleni\u010dka s slamico b.box ohranja teko\u010dino hladno do 8 ali vro\u010do do 6 ur. Enostavno odpiranje pokrov\u010dka s pritiskom na gumb in prakti\u010den ro\u010daj za no\u0161enje, sta idealna tudi za majhne otro\u0161ke roke. Primerno za otroke od 3 leta dalje.<\/p>\n<p>Jekleni\u010dke Bbox so na voljo v ve\u010d barvah.<\/p>\n","protected":false},"featured_media":78667,"template":"","meta":[],"pwb-brand":[5287,2269],"product_brand":[],"product_cat":[2307,2266,2312],"product_tag":[5288],"class_list":{"0":"post-50567","1":"product","2":"type-product","3":"status-publish","4":"has-post-thumbnail","6":"pwb-brand-bbox","7":"pwb-brand-hranjenje","8":"product_cat-flaske-in-steklenicke","9":"product_cat-hranjenje","10":"product_cat-termo-posodice-in-termovke","11":"product_tag-bbox","13":"first","14":"instock","15":"taxable","16":"shipping-taxable","17":"purchasable","18":"product-type-variable","19":"add-to-wishlist-before_image"},"yoast_head":"<!-- This site is optimized with the Yoast SEO plugin v27.3 - https:\/\/yoast.com\/product\/yoast-seo-wordpress\/ -->\n<title>b.box Termo jekleni\u010dka s slamico (500ml) | Ajatutaja<\/title>\n<meta name=\"description\" content=\"Termo jekleni\u010dka s slamico b.box ohranja teko\u010dino hladno do 8 ali vro\u010do do 6 ur. Enostavno odpiranje pokrov\u010dka s pritiskom na gumb in prakti\u010den ro\u010daj za no\u0161enje, sta idealna tudi za majhne otro\u0161ke roke.\" \/>\n<meta name=\"robots\" content=\"index, follow, max-snippet:-1, max-image-preview:large, max-video-preview:-1\" \/>\n<link rel=\"canonical\" href=\"https:\/\/ajatutaja.com\/izdelek\/termo-jeklenicka-s-slamico-b-box-500ml\/\" \/>\n<meta property=\"og:locale\" content=\"hr_HR\" \/>\n<meta property=\"og:type\" content=\"article\" \/>\n<meta property=\"og:title\" content=\"b.box Termo jekleni\u010dka s slamico (500ml) | Ajatutaja\" \/>\n<meta property=\"og:description\" content=\"Termo jekleni\u010dka s slamico b.box ohranja teko\u010dino hladno do 8 ali vro\u010do do 6 ur. Enostavno odpiranje pokrov\u010dka s pritiskom na gumb in prakti\u010den ro\u010daj za no\u0161enje, sta idealna tudi za majhne otro\u0161ke roke.\" \/>\n<meta property=\"og:url\" content=\"https:\/\/ajatutaja.com\/izdelek\/termo-jeklenicka-s-slamico-b-box-500ml\/\" \/>\n<meta property=\"og:site_name\" content=\"Ajatutaja\" \/>\n<meta property=\"article:modified_time\" content=\"2025-10-01T05:32:01+00:00\" \/>\n<meta property=\"og:image\" content=\"https:\/\/ajatutaja.com\/wp-content\/uploads\/2023\/07\/Termo-jeklenicka-s-slamico-500ml-b-box-barve.webp\" \/>\n\t<meta property=\"og:image:width\" content=\"633\" \/>\n\t<meta property=\"og:image:height\" content=\"594\" \/>\n\t<meta property=\"og:image:type\" content=\"image\/webp\" \/>\n<meta name=\"twitter:card\" content=\"summary_large_image\" \/>\n<script type=\"application\/ld+json\" class=\"yoast-schema-graph\">{\"@context\":\"https:\\\/\\\/schema.org\",\"@graph\":[{\"@type\":\"WebPage\",\"@id\":\"https:\\\/\\\/ajatutaja.com\\\/izdelek\\\/termo-jeklenicka-s-slamico-b-box-500ml\\\/\",\"url\":\"https:\\\/\\\/ajatutaja.com\\\/izdelek\\\/termo-jeklenicka-s-slamico-b-box-500ml\\\/\",\"name\":\"b.box Termo jekleni\u010dka s slamico (500ml) | Ajatutaja\",\"isPartOf\":{\"@id\":\"https:\\\/\\\/ajatutaja.com\\\/#website\"},\"primaryImageOfPage\":{\"@id\":\"https:\\\/\\\/ajatutaja.com\\\/izdelek\\\/termo-jeklenicka-s-slamico-b-box-500ml\\\/#primaryimage\"},\"image\":{\"@id\":\"https:\\\/\\\/ajatutaja.com\\\/izdelek\\\/termo-jeklenicka-s-slamico-b-box-500ml\\\/#primaryimage\"},\"thumbnailUrl\":\"https:\\\/\\\/ajatutaja.com\\\/wp-content\\\/uploads\\\/2023\\\/07\\\/Termo-jeklenicka-s-slamico-500ml-b-box-barve.webp\",\"datePublished\":\"2023-07-27T08:52:30+00:00\",\"dateModified\":\"2025-10-01T05:32:01+00:00\",\"description\":\"Termo jekleni\u010dka s slamico b.box ohranja teko\u010dino hladno do 8 ali vro\u010do do 6 ur. Enostavno odpiranje pokrov\u010dka s pritiskom na gumb in prakti\u010den ro\u010daj za no\u0161enje, sta idealna tudi za majhne otro\u0161ke roke.\",\"breadcrumb\":{\"@id\":\"https:\\\/\\\/ajatutaja.com\\\/izdelek\\\/termo-jeklenicka-s-slamico-b-box-500ml\\\/#breadcrumb\"},\"inLanguage\":\"hr\",\"potentialAction\":[{\"@type\":\"ReadAction\",\"target\":[\"https:\\\/\\\/ajatutaja.com\\\/izdelek\\\/termo-jeklenicka-s-slamico-b-box-500ml\\\/\"]}]},{\"@type\":\"ImageObject\",\"inLanguage\":\"hr\",\"@id\":\"https:\\\/\\\/ajatutaja.com\\\/izdelek\\\/termo-jeklenicka-s-slamico-b-box-500ml\\\/#primaryimage\",\"url\":\"https:\\\/\\\/ajatutaja.com\\\/wp-content\\\/uploads\\\/2023\\\/07\\\/Termo-jeklenicka-s-slamico-500ml-b-box-barve.webp\",\"contentUrl\":\"https:\\\/\\\/ajatutaja.com\\\/wp-content\\\/uploads\\\/2023\\\/07\\\/Termo-jeklenicka-s-slamico-500ml-b-box-barve.webp\",\"width\":633,\"height\":594},{\"@type\":\"BreadcrumbList\",\"@id\":\"https:\\\/\\\/ajatutaja.com\\\/izdelek\\\/termo-jeklenicka-s-slamico-b-box-500ml\\\/#breadcrumb\",\"itemListElement\":[{\"@type\":\"ListItem\",\"position\":1,\"name\":\"Home\",\"item\":\"https:\\\/\\\/ajatutaja.com\\\/hr\\\/\"},{\"@type\":\"ListItem\",\"position\":2,\"name\":\"Trgovina\",\"item\":\"https:\\\/\\\/ajatutaja.com\\\/hr\\\/trgovina\\\/\"},{\"@type\":\"ListItem\",\"position\":3,\"name\":\"b.box Termo jekleni\u010dka s slamico (500ml)\"}]},{\"@type\":\"WebSite\",\"@id\":\"https:\\\/\\\/ajatutaja.com\\\/#website\",\"url\":\"https:\\\/\\\/ajatutaja.com\\\/\",\"name\":\"Ajatutaja\",\"description\":\"Otro\u0161ka spletna trgovina AJATUTAJA\",\"publisher\":{\"@id\":\"https:\\\/\\\/ajatutaja.com\\\/#organization\"},\"potentialAction\":[{\"@type\":\"SearchAction\",\"target\":{\"@type\":\"EntryPoint\",\"urlTemplate\":\"https:\\\/\\\/ajatutaja.com\\\/?s={search_term_string}\"},\"query-input\":{\"@type\":\"PropertyValueSpecification\",\"valueRequired\":true,\"valueName\":\"search_term_string\"}}],\"inLanguage\":\"hr\"},{\"@type\":\"Organization\",\"@id\":\"https:\\\/\\\/ajatutaja.com\\\/#organization\",\"name\":\"Ajatutaja\",\"url\":\"https:\\\/\\\/ajatutaja.com\\\/\",\"logo\":{\"@type\":\"ImageObject\",\"inLanguage\":\"hr\",\"@id\":\"https:\\\/\\\/ajatutaja.com\\\/#\\\/schema\\\/logo\\\/image\\\/\",\"url\":\"https:\\\/\\\/ajatutaja.com\\\/wp-content\\\/uploads\\\/2021\\\/10\\\/logo.png\",\"contentUrl\":\"https:\\\/\\\/ajatutaja.com\\\/wp-content\\\/uploads\\\/2021\\\/10\\\/logo.png\",\"width\":555,\"height\":150,\"caption\":\"Ajatutaja\"},\"image\":{\"@id\":\"https:\\\/\\\/ajatutaja.com\\\/#\\\/schema\\\/logo\\\/image\\\/\"}}]}<\/script>\n<!-- \/ Yoast SEO plugin. -->","yoast_head_json":{"title":"b.box Termo jekleni\u010dka s slamico (500ml) | Ajatutaja","description":"Termo jekleni\u010dka s slamico b.box ohranja teko\u010dino hladno do 8 ali vro\u010do do 6 ur. Enostavno odpiranje pokrov\u010dka s pritiskom na gumb in prakti\u010den ro\u010daj za no\u0161enje, sta idealna tudi za majhne otro\u0161ke roke.","robots":{"index":"index","follow":"follow","max-snippet":"max-snippet:-1","max-image-preview":"max-image-preview:large","max-video-preview":"max-video-preview:-1"},"canonical":"https:\/\/ajatutaja.com\/izdelek\/termo-jeklenicka-s-slamico-b-box-500ml\/","og_locale":"hr_HR","og_type":"article","og_title":"b.box Termo jekleni\u010dka s slamico (500ml) | Ajatutaja","og_description":"Termo jekleni\u010dka s slamico b.box ohranja teko\u010dino hladno do 8 ali vro\u010do do 6 ur. Enostavno odpiranje pokrov\u010dka s pritiskom na gumb in prakti\u010den ro\u010daj za no\u0161enje, sta idealna tudi za majhne otro\u0161ke roke.","og_url":"https:\/\/ajatutaja.com\/izdelek\/termo-jeklenicka-s-slamico-b-box-500ml\/","og_site_name":"Ajatutaja","article_modified_time":"2025-10-01T05:32:01+00:00","og_image":[{"width":633,"height":594,"url":"https:\/\/ajatutaja.com\/wp-content\/uploads\/2023\/07\/Termo-jeklenicka-s-slamico-500ml-b-box-barve.webp","type":"image\/webp"}],"twitter_card":"summary_large_image","schema":{"@context":"https:\/\/schema.org","@graph":[{"@type":"WebPage","@id":"https:\/\/ajatutaja.com\/izdelek\/termo-jeklenicka-s-slamico-b-box-500ml\/","url":"https:\/\/ajatutaja.com\/izdelek\/termo-jeklenicka-s-slamico-b-box-500ml\/","name":"b.box Termo jekleni\u010dka s slamico (500ml) | Ajatutaja","isPartOf":{"@id":"https:\/\/ajatutaja.com\/#website"},"primaryImageOfPage":{"@id":"https:\/\/ajatutaja.com\/izdelek\/termo-jeklenicka-s-slamico-b-box-500ml\/#primaryimage"},"image":{"@id":"https:\/\/ajatutaja.com\/izdelek\/termo-jeklenicka-s-slamico-b-box-500ml\/#primaryimage"},"thumbnailUrl":"https:\/\/ajatutaja.com\/wp-content\/uploads\/2023\/07\/Termo-jeklenicka-s-slamico-500ml-b-box-barve.webp","datePublished":"2023-07-27T08:52:30+00:00","dateModified":"2025-10-01T05:32:01+00:00","description":"Termo jekleni\u010dka s slamico b.box ohranja teko\u010dino hladno do 8 ali vro\u010do do 6 ur. Enostavno odpiranje pokrov\u010dka s pritiskom na gumb in prakti\u010den ro\u010daj za no\u0161enje, sta idealna tudi za majhne otro\u0161ke roke.","breadcrumb":{"@id":"https:\/\/ajatutaja.com\/izdelek\/termo-jeklenicka-s-slamico-b-box-500ml\/#breadcrumb"},"inLanguage":"hr","potentialAction":[{"@type":"ReadAction","target":["https:\/\/ajatutaja.com\/izdelek\/termo-jeklenicka-s-slamico-b-box-500ml\/"]}]},{"@type":"ImageObject","inLanguage":"hr","@id":"https:\/\/ajatutaja.com\/izdelek\/termo-jeklenicka-s-slamico-b-box-500ml\/#primaryimage","url":"https:\/\/ajatutaja.com\/wp-content\/uploads\/2023\/07\/Termo-jeklenicka-s-slamico-500ml-b-box-barve.webp","contentUrl":"https:\/\/ajatutaja.com\/wp-content\/uploads\/2023\/07\/Termo-jeklenicka-s-slamico-500ml-b-box-barve.webp","width":633,"height":594},{"@type":"BreadcrumbList","@id":"https:\/\/ajatutaja.com\/izdelek\/termo-jeklenicka-s-slamico-b-box-500ml\/#breadcrumb","itemListElement":[{"@type":"ListItem","position":1,"name":"Home","item":"https:\/\/ajatutaja.com\/hr\/"},{"@type":"ListItem","position":2,"name":"Trgovina","item":"https:\/\/ajatutaja.com\/hr\/trgovina\/"},{"@type":"ListItem","position":3,"name":"b.box Termo jekleni\u010dka s slamico (500ml)"}]},{"@type":"WebSite","@id":"https:\/\/ajatutaja.com\/#website","url":"https:\/\/ajatutaja.com\/","name":"Ajatutaja","description":"Otro\u0161ka spletna trgovina AJATUTAJA","publisher":{"@id":"https:\/\/ajatutaja.com\/#organization"},"potentialAction":[{"@type":"SearchAction","target":{"@type":"EntryPoint","urlTemplate":"https:\/\/ajatutaja.com\/?s={search_term_string}"},"query-input":{"@type":"PropertyValueSpecification","valueRequired":true,"valueName":"search_term_string"}}],"inLanguage":"hr"},{"@type":"Organization","@id":"https:\/\/ajatutaja.com\/#organization","name":"Ajatutaja","url":"https:\/\/ajatutaja.com\/","logo":{"@type":"ImageObject","inLanguage":"hr","@id":"https:\/\/ajatutaja.com\/#\/schema\/logo\/image\/","url":"https:\/\/ajatutaja.com\/wp-content\/uploads\/2021\/10\/logo.png","contentUrl":"https:\/\/ajatutaja.com\/wp-content\/uploads\/2021\/10\/logo.png","width":555,"height":150,"caption":"Ajatutaja"},"image":{"@id":"https:\/\/ajatutaja.com\/#\/schema\/logo\/image\/"}}]}},"brands":[{"id":5287,"name":"b.box","slug":"bbox"},{"id":2269,"name":"Hranjenje","slug":"hranjenje"}],"_links":{"self":[{"href":"https:\/\/ajatutaja.com\/hr\/wp-json\/wp\/v2\/product\/50567","targetHints":{"allow":["GET"]}}],"collection":[{"href":"https:\/\/ajatutaja.com\/hr\/wp-json\/wp\/v2\/product"}],"about":[{"href":"https:\/\/ajatutaja.com\/hr\/wp-json\/wp\/v2\/types\/product"}],"wp:featuredmedia":[{"embeddable":true,"href":"https:\/\/ajatutaja.com\/hr\/wp-json\/wp\/v2\/media\/78667"}],"wp:attachment":[{"href":"https:\/\/ajatutaja.com\/hr\/wp-json\/wp\/v2\/media?parent=50567"}],"wp:term":[{"taxonomy":"pwb-brand","embeddable":true,"href":"https:\/\/ajatutaja.com\/hr\/wp-json\/wp\/v2\/pwb-brand?post=50567"},{"taxonomy":"product_brand","embeddable":true,"href":"https:\/\/ajatutaja.com\/hr\/wp-json\/wp\/v2\/product_brand?post=50567"},{"taxonomy":"product_cat","embeddable":true,"href":"https:\/\/ajatutaja.com\/hr\/wp-json\/wp\/v2\/product_cat?post=50567"},{"taxonomy":"product_tag","embeddable":true,"href":"https:\/\/ajatutaja.com\/hr\/wp-json\/wp\/v2\/product_tag?post=50567"}],"curies":[{"name":"wp","href":"https:\/\/api.w.org\/{rel}","templated":true}]}}