{"id":50231,"date":"2023-07-12T16:31:15","date_gmt":"2023-07-12T14:31:15","guid":{"rendered":"https:\/\/ajatutaja.com\/?post_type=product&#038;p=50231"},"modified":"2025-10-01T07:32:33","modified_gmt":"2025-10-01T05:32:33","slug":"skledica-s-slamico-250ml-b-box","status":"publish","type":"product","link":"https:\/\/ajatutaja.com\/hr\/proizvod\/skledica-s-slamico-250ml-b-box\/","title":{"rendered":"Skledica s slamico 250ml b.box"},"content":{"rendered":"<h3>Lastnosti skledice s slamico b.box:<\/h3>\n<ul>\n<li>Veliki ro\u010daji za enostaven oprijem spodbujajo neodvisnost<\/li>\n<li>Odstranljiva slamica in sponka<\/li>\n<li>Ima nedrse\u010do podlago<\/li>\n<li>Pokrov za enostavno shranjevanje<\/li>\n<li>Z vlo\u017ekom za prigrizke jo lahko vzamete kamor koli \u017eelite<\/li>\n<li>Pralna v pomivalnem stroju, lahko se jo uporablja v mikrovalovni pe\u010dici<\/li>\n<li>Izdelano iz PP in TPE<\/li>\n<li>Dimenzije: 9,5x9x14,5cm (s slamico), 9,5&#215;7,5&#215;14,5cm (brez slamice)<\/li>\n<li>Volumen: 250 ml<\/li>\n<\/ul>\n<p>Primerno za starost od 6 meseca dalje<\/p>\n","protected":false},"excerpt":{"rendered":"<p>Skledica s slamico b.box je edina posoda, ki jo potrebuje va\u0161 mal\u010dek. Zahvaljujo\u010d silikonski slamici, ki se pritrdi na rob posode, lahko otroci pijejo mleko ali teko\u010dino. Ko slamico odstranite, jo lahko uporabite kot samostojno skledo. Zraven prejmete \u0161e priro\u010den pokrov za enostavno shranjevanje. Skledica se lahko pretvori tudi v posodo za prigrizke: preprosto vstavite prilagodljiv vlo\u017eek za suhe prigrizke.<\/p>\n","protected":false},"featured_media":50244,"template":"","meta":[],"pwb-brand":[5287,2269],"product_brand":[],"product_cat":[2266,2310,2314],"product_tag":[5288],"class_list":{"0":"post-50231","1":"product","2":"type-product","3":"status-publish","4":"has-post-thumbnail","6":"pwb-brand-bbox","7":"pwb-brand-hranjenje","8":"product_cat-hranjenje","9":"product_cat-krozniki-in-skledice","10":"product_cat-pripomocki-za-hranjenje","11":"product_tag-bbox","13":"first","14":"onbackorder","15":"taxable","16":"shipping-taxable","17":"purchasable","18":"product-type-variable","19":"add-to-wishlist-before_image"},"yoast_head":"<!-- This site is optimized with the Yoast SEO plugin v27.3 - https:\/\/yoast.com\/product\/yoast-seo-wordpress\/ -->\n<title>Skledica s slamico 250ml b.box | Ajatutaja<\/title>\n<meta name=\"description\" content=\"Skledica s slamico b.box je edina posoda, ki jo potrebuje va\u0161 mal\u010dek. Zahvaljujo\u010d silikonski slamici, ki se pritrdi na rob posode, lahko otroci pijejo mleko ali teko\u010dino. Ko slamico odstranite, jo lahko uporabite kot samostojno skledo.\" \/>\n<meta name=\"robots\" content=\"index, follow, max-snippet:-1, max-image-preview:large, max-video-preview:-1\" \/>\n<link rel=\"canonical\" href=\"https:\/\/ajatutaja.com\/izdelek\/skledica-s-slamico-250ml-b-box\/\" \/>\n<meta property=\"og:locale\" content=\"hr_HR\" \/>\n<meta property=\"og:type\" content=\"article\" \/>\n<meta property=\"og:title\" content=\"Skledica s slamico 250ml b.box | Ajatutaja\" \/>\n<meta property=\"og:description\" content=\"Skledica s slamico b.box je edina posoda, ki jo potrebuje va\u0161 mal\u010dek. Zahvaljujo\u010d silikonski slamici, ki se pritrdi na rob posode, lahko otroci pijejo mleko ali teko\u010dino. Ko slamico odstranite, jo lahko uporabite kot samostojno skledo.\" \/>\n<meta property=\"og:url\" content=\"https:\/\/ajatutaja.com\/izdelek\/skledica-s-slamico-250ml-b-box\/\" \/>\n<meta property=\"og:site_name\" content=\"Ajatutaja\" \/>\n<meta property=\"article:modified_time\" content=\"2025-10-01T05:32:33+00:00\" \/>\n<meta property=\"og:image\" content=\"https:\/\/ajatutaja.com\/wp-content\/uploads\/2023\/07\/b-box-posodica-s-slamico-pistachio-ajatutaja-1-scaled.jpg\" \/>\n\t<meta property=\"og:image:width\" content=\"2560\" \/>\n\t<meta property=\"og:image:height\" content=\"2560\" \/>\n\t<meta property=\"og:image:type\" content=\"image\/jpeg\" \/>\n<meta name=\"twitter:card\" content=\"summary_large_image\" \/>\n<script type=\"application\/ld+json\" class=\"yoast-schema-graph\">{\"@context\":\"https:\\\/\\\/schema.org\",\"@graph\":[{\"@type\":\"WebPage\",\"@id\":\"https:\\\/\\\/ajatutaja.com\\\/izdelek\\\/skledica-s-slamico-250ml-b-box\\\/\",\"url\":\"https:\\\/\\\/ajatutaja.com\\\/izdelek\\\/skledica-s-slamico-250ml-b-box\\\/\",\"name\":\"Skledica s slamico 250ml b.box | Ajatutaja\",\"isPartOf\":{\"@id\":\"https:\\\/\\\/ajatutaja.com\\\/#website\"},\"primaryImageOfPage\":{\"@id\":\"https:\\\/\\\/ajatutaja.com\\\/izdelek\\\/skledica-s-slamico-250ml-b-box\\\/#primaryimage\"},\"image\":{\"@id\":\"https:\\\/\\\/ajatutaja.com\\\/izdelek\\\/skledica-s-slamico-250ml-b-box\\\/#primaryimage\"},\"thumbnailUrl\":\"https:\\\/\\\/ajatutaja.com\\\/wp-content\\\/uploads\\\/2023\\\/07\\\/b-box-posodica-s-slamico-pistachio-ajatutaja-1-scaled.jpg\",\"datePublished\":\"2023-07-12T14:31:15+00:00\",\"dateModified\":\"2025-10-01T05:32:33+00:00\",\"description\":\"Skledica s slamico b.box je edina posoda, ki jo potrebuje va\u0161 mal\u010dek. Zahvaljujo\u010d silikonski slamici, ki se pritrdi na rob posode, lahko otroci pijejo mleko ali teko\u010dino. Ko slamico odstranite, jo lahko uporabite kot samostojno skledo.\",\"breadcrumb\":{\"@id\":\"https:\\\/\\\/ajatutaja.com\\\/izdelek\\\/skledica-s-slamico-250ml-b-box\\\/#breadcrumb\"},\"inLanguage\":\"hr\",\"potentialAction\":[{\"@type\":\"ReadAction\",\"target\":[\"https:\\\/\\\/ajatutaja.com\\\/izdelek\\\/skledica-s-slamico-250ml-b-box\\\/\"]}]},{\"@type\":\"ImageObject\",\"inLanguage\":\"hr\",\"@id\":\"https:\\\/\\\/ajatutaja.com\\\/izdelek\\\/skledica-s-slamico-250ml-b-box\\\/#primaryimage\",\"url\":\"https:\\\/\\\/ajatutaja.com\\\/wp-content\\\/uploads\\\/2023\\\/07\\\/b-box-posodica-s-slamico-pistachio-ajatutaja-1-scaled.jpg\",\"contentUrl\":\"https:\\\/\\\/ajatutaja.com\\\/wp-content\\\/uploads\\\/2023\\\/07\\\/b-box-posodica-s-slamico-pistachio-ajatutaja-1-scaled.jpg\",\"width\":2560,\"height\":2560},{\"@type\":\"BreadcrumbList\",\"@id\":\"https:\\\/\\\/ajatutaja.com\\\/izdelek\\\/skledica-s-slamico-250ml-b-box\\\/#breadcrumb\",\"itemListElement\":[{\"@type\":\"ListItem\",\"position\":1,\"name\":\"Home\",\"item\":\"https:\\\/\\\/ajatutaja.com\\\/hr\\\/\"},{\"@type\":\"ListItem\",\"position\":2,\"name\":\"Trgovina\",\"item\":\"https:\\\/\\\/ajatutaja.com\\\/hr\\\/trgovina\\\/\"},{\"@type\":\"ListItem\",\"position\":3,\"name\":\"Skledica s slamico 250ml b.box\"}]},{\"@type\":\"WebSite\",\"@id\":\"https:\\\/\\\/ajatutaja.com\\\/#website\",\"url\":\"https:\\\/\\\/ajatutaja.com\\\/\",\"name\":\"Ajatutaja\",\"description\":\"Otro\u0161ka spletna trgovina AJATUTAJA\",\"publisher\":{\"@id\":\"https:\\\/\\\/ajatutaja.com\\\/#organization\"},\"potentialAction\":[{\"@type\":\"SearchAction\",\"target\":{\"@type\":\"EntryPoint\",\"urlTemplate\":\"https:\\\/\\\/ajatutaja.com\\\/?s={search_term_string}\"},\"query-input\":{\"@type\":\"PropertyValueSpecification\",\"valueRequired\":true,\"valueName\":\"search_term_string\"}}],\"inLanguage\":\"hr\"},{\"@type\":\"Organization\",\"@id\":\"https:\\\/\\\/ajatutaja.com\\\/#organization\",\"name\":\"Ajatutaja\",\"url\":\"https:\\\/\\\/ajatutaja.com\\\/\",\"logo\":{\"@type\":\"ImageObject\",\"inLanguage\":\"hr\",\"@id\":\"https:\\\/\\\/ajatutaja.com\\\/#\\\/schema\\\/logo\\\/image\\\/\",\"url\":\"https:\\\/\\\/ajatutaja.com\\\/wp-content\\\/uploads\\\/2021\\\/10\\\/logo.png\",\"contentUrl\":\"https:\\\/\\\/ajatutaja.com\\\/wp-content\\\/uploads\\\/2021\\\/10\\\/logo.png\",\"width\":555,\"height\":150,\"caption\":\"Ajatutaja\"},\"image\":{\"@id\":\"https:\\\/\\\/ajatutaja.com\\\/#\\\/schema\\\/logo\\\/image\\\/\"}}]}<\/script>\n<!-- \/ Yoast SEO plugin. -->","yoast_head_json":{"title":"Skledica s slamico 250ml b.box | Ajatutaja","description":"Skledica s slamico b.box je edina posoda, ki jo potrebuje va\u0161 mal\u010dek. Zahvaljujo\u010d silikonski slamici, ki se pritrdi na rob posode, lahko otroci pijejo mleko ali teko\u010dino. Ko slamico odstranite, jo lahko uporabite kot samostojno skledo.","robots":{"index":"index","follow":"follow","max-snippet":"max-snippet:-1","max-image-preview":"max-image-preview:large","max-video-preview":"max-video-preview:-1"},"canonical":"https:\/\/ajatutaja.com\/izdelek\/skledica-s-slamico-250ml-b-box\/","og_locale":"hr_HR","og_type":"article","og_title":"Skledica s slamico 250ml b.box | Ajatutaja","og_description":"Skledica s slamico b.box je edina posoda, ki jo potrebuje va\u0161 mal\u010dek. Zahvaljujo\u010d silikonski slamici, ki se pritrdi na rob posode, lahko otroci pijejo mleko ali teko\u010dino. Ko slamico odstranite, jo lahko uporabite kot samostojno skledo.","og_url":"https:\/\/ajatutaja.com\/izdelek\/skledica-s-slamico-250ml-b-box\/","og_site_name":"Ajatutaja","article_modified_time":"2025-10-01T05:32:33+00:00","og_image":[{"width":2560,"height":2560,"url":"https:\/\/ajatutaja.com\/wp-content\/uploads\/2023\/07\/b-box-posodica-s-slamico-pistachio-ajatutaja-1-scaled.jpg","type":"image\/jpeg"}],"twitter_card":"summary_large_image","schema":{"@context":"https:\/\/schema.org","@graph":[{"@type":"WebPage","@id":"https:\/\/ajatutaja.com\/izdelek\/skledica-s-slamico-250ml-b-box\/","url":"https:\/\/ajatutaja.com\/izdelek\/skledica-s-slamico-250ml-b-box\/","name":"Skledica s slamico 250ml b.box | Ajatutaja","isPartOf":{"@id":"https:\/\/ajatutaja.com\/#website"},"primaryImageOfPage":{"@id":"https:\/\/ajatutaja.com\/izdelek\/skledica-s-slamico-250ml-b-box\/#primaryimage"},"image":{"@id":"https:\/\/ajatutaja.com\/izdelek\/skledica-s-slamico-250ml-b-box\/#primaryimage"},"thumbnailUrl":"https:\/\/ajatutaja.com\/wp-content\/uploads\/2023\/07\/b-box-posodica-s-slamico-pistachio-ajatutaja-1-scaled.jpg","datePublished":"2023-07-12T14:31:15+00:00","dateModified":"2025-10-01T05:32:33+00:00","description":"Skledica s slamico b.box je edina posoda, ki jo potrebuje va\u0161 mal\u010dek. Zahvaljujo\u010d silikonski slamici, ki se pritrdi na rob posode, lahko otroci pijejo mleko ali teko\u010dino. Ko slamico odstranite, jo lahko uporabite kot samostojno skledo.","breadcrumb":{"@id":"https:\/\/ajatutaja.com\/izdelek\/skledica-s-slamico-250ml-b-box\/#breadcrumb"},"inLanguage":"hr","potentialAction":[{"@type":"ReadAction","target":["https:\/\/ajatutaja.com\/izdelek\/skledica-s-slamico-250ml-b-box\/"]}]},{"@type":"ImageObject","inLanguage":"hr","@id":"https:\/\/ajatutaja.com\/izdelek\/skledica-s-slamico-250ml-b-box\/#primaryimage","url":"https:\/\/ajatutaja.com\/wp-content\/uploads\/2023\/07\/b-box-posodica-s-slamico-pistachio-ajatutaja-1-scaled.jpg","contentUrl":"https:\/\/ajatutaja.com\/wp-content\/uploads\/2023\/07\/b-box-posodica-s-slamico-pistachio-ajatutaja-1-scaled.jpg","width":2560,"height":2560},{"@type":"BreadcrumbList","@id":"https:\/\/ajatutaja.com\/izdelek\/skledica-s-slamico-250ml-b-box\/#breadcrumb","itemListElement":[{"@type":"ListItem","position":1,"name":"Home","item":"https:\/\/ajatutaja.com\/hr\/"},{"@type":"ListItem","position":2,"name":"Trgovina","item":"https:\/\/ajatutaja.com\/hr\/trgovina\/"},{"@type":"ListItem","position":3,"name":"Skledica s slamico 250ml b.box"}]},{"@type":"WebSite","@id":"https:\/\/ajatutaja.com\/#website","url":"https:\/\/ajatutaja.com\/","name":"Ajatutaja","description":"Otro\u0161ka spletna trgovina AJATUTAJA","publisher":{"@id":"https:\/\/ajatutaja.com\/#organization"},"potentialAction":[{"@type":"SearchAction","target":{"@type":"EntryPoint","urlTemplate":"https:\/\/ajatutaja.com\/?s={search_term_string}"},"query-input":{"@type":"PropertyValueSpecification","valueRequired":true,"valueName":"search_term_string"}}],"inLanguage":"hr"},{"@type":"Organization","@id":"https:\/\/ajatutaja.com\/#organization","name":"Ajatutaja","url":"https:\/\/ajatutaja.com\/","logo":{"@type":"ImageObject","inLanguage":"hr","@id":"https:\/\/ajatutaja.com\/#\/schema\/logo\/image\/","url":"https:\/\/ajatutaja.com\/wp-content\/uploads\/2021\/10\/logo.png","contentUrl":"https:\/\/ajatutaja.com\/wp-content\/uploads\/2021\/10\/logo.png","width":555,"height":150,"caption":"Ajatutaja"},"image":{"@id":"https:\/\/ajatutaja.com\/#\/schema\/logo\/image\/"}}]}},"brands":[{"id":5287,"name":"b.box","slug":"bbox"},{"id":2269,"name":"Hranjenje","slug":"hranjenje"}],"_links":{"self":[{"href":"https:\/\/ajatutaja.com\/hr\/wp-json\/wp\/v2\/product\/50231","targetHints":{"allow":["GET"]}}],"collection":[{"href":"https:\/\/ajatutaja.com\/hr\/wp-json\/wp\/v2\/product"}],"about":[{"href":"https:\/\/ajatutaja.com\/hr\/wp-json\/wp\/v2\/types\/product"}],"wp:featuredmedia":[{"embeddable":true,"href":"https:\/\/ajatutaja.com\/hr\/wp-json\/wp\/v2\/media\/50244"}],"wp:attachment":[{"href":"https:\/\/ajatutaja.com\/hr\/wp-json\/wp\/v2\/media?parent=50231"}],"wp:term":[{"taxonomy":"pwb-brand","embeddable":true,"href":"https:\/\/ajatutaja.com\/hr\/wp-json\/wp\/v2\/pwb-brand?post=50231"},{"taxonomy":"product_brand","embeddable":true,"href":"https:\/\/ajatutaja.com\/hr\/wp-json\/wp\/v2\/product_brand?post=50231"},{"taxonomy":"product_cat","embeddable":true,"href":"https:\/\/ajatutaja.com\/hr\/wp-json\/wp\/v2\/product_cat?post=50231"},{"taxonomy":"product_tag","embeddable":true,"href":"https:\/\/ajatutaja.com\/hr\/wp-json\/wp\/v2\/product_tag?post=50231"}],"curies":[{"name":"wp","href":"https:\/\/api.w.org\/{rel}","templated":true}]}}