{"id":50053,"date":"2023-07-11T13:17:56","date_gmt":"2023-07-11T11:17:56","guid":{"rendered":"https:\/\/ajatutaja.com\/?post_type=product&#038;p=50053"},"modified":"2025-12-02T10:46:23","modified_gmt":"2025-12-02T09:46:23","slug":"modu-explorer-modularni-set-kock-new","status":"publish","type":"product","link":"https:\/\/ajatutaja.com\/hr\/proizvod\/modu-explorer-modularni-set-kock-new\/","title":{"rendered":"MODU\u00ae Explorer &#8211; modularni set kock"},"content":{"rendered":"<p>[vc_row][vc_column][vc_column_text]Modu\u00ae je modularni set kock, ki jih lahko medsebojno pove\u017eete in z njimi zgradite \u0161tevilne vrste konstrukcij, ki omogo\u010dajo neomejeno \u0161tevilo razli\u010dnih iger. Kocke Modu so elegantne, \u010diste in neutralnih osnovnih barv, s svojim minimalisti\u010dnim dizajnom pa nas takoj asociirajo na priljubljen skandinavski slog. S kockami Modu, otroku ne bo nikoli dolg\u010das! Modularne kocke MODU je v Copenhagnu razvila skupina mladih in talentiranih posameznikov, katerih cilj je bil ustvariti vzdr\u017eljivo in zabavno igra\u010do, ki otrokom pomaga pri razvoju motori\u010dnih sposobnosti.<\/p>\n<h3>Lastnosti MODU\u00ae Explorer &#8211; modularni set kock:<\/h3>\n<ul>\n<li>V \u0161katli prejmete:\u00a05 x kocke, 10 x priklju\u010dki, 4 x kolesa, 1 x knji\u017eica za navdih<\/li>\n<li>Kreacije: ve\u010d kot 15 mo\u017enosti<\/li>\n<li>Material: 100% reciklirana EVA pena in ABS primeren za stik z \u017eivili (od tega je 15% recikliranih plastenk najdenih v oceanu)<\/li>\n<li>Max. nosilnost: 50 kg<\/li>\n<li>Starost: 0-6 let<\/li>\n<li>Dimnezije: 55 x 40 x 20 cm<\/li>\n<li>Te\u017ea 3,5\u00a0kg<\/li>\n<li>Nega in \u010di\u0161\u010denje: obri\u0161ite z vla\u017eno krpo, mo\u017eno pranje v pomivalnem stroju<\/li>\n<li>Prejmik nagrad: Baby Innovation Award, Danish Design Award, Innovation Award in RedDot Design 2019 Award Winner<\/li>\n<li>Proizvedeno v EU (Franciji in Danska)<\/li>\n<\/ul>\n<h3><a href=\"https:\/\/ajatutaja.com\/wp-content\/uploads\/2023\/07\/MODU_Explorer_Booklet_2023_v1.pdf\">MODU KNJIGICA ZA INSPIRACIJO<\/a><\/h3>\n<p>[\/vc_column_text][\/vc_column][\/vc_row]<\/p>\n","protected":false},"excerpt":{"rendered":"<p style=\"text-align: justify\">MODU\u00ae Explorer je modularni set kock srednjega nivoja, ki ponuja najmanj 15 razli\u010dnih kreacij v resni\u010dni velikosti, ter za ustvarjalce \u0161e veliko ve\u010d mo\u017enosti.\u00a0Ta super zabavni komplet kock in likov, omogo\u010da igro brez meja in bo otroku pomagal razvijati motori\u010dne sposobnosti.<\/p>\n","protected":false},"featured_media":50087,"template":"","meta":[],"pwb-brand":[2452,2469],"product_brand":[],"product_cat":[3986,2441,2712,2713,2451],"product_tag":[3984],"class_list":{"0":"post-50053","1":"product","2":"type-product","3":"status-publish","4":"has-post-thumbnail","6":"pwb-brand-igranje","7":"pwb-brand-modu","8":"product_cat-novorojencek-igrace","9":"product_cat-aktivnostne-igrace","10":"product_cat-darilo-za-decka","11":"product_cat-darilo-za-deklico","12":"product_cat-igra-na-prostem","13":"product_tag-modu","15":"first","16":"instock","17":"taxable","18":"shipping-taxable","19":"purchasable","20":"product-type-variable","21":"add-to-wishlist-before_image"},"yoast_head":"<!-- This site is optimized with the Yoast SEO plugin v27.3 - https:\/\/yoast.com\/product\/yoast-seo-wordpress\/ -->\n<title>MODU\u00ae Explorer - modularni set kock | Ajatutaja<\/title>\n<meta name=\"description\" content=\"MODU\u00ae Explorer je modularni set kock srednjega nivoja, ki ponuja najmanj 15 razli\u010dnih kreacij v resni\u010dni velikosti, ter za ustvarjalce \u0161e veliko ve\u010d mo\u017enosti.\" \/>\n<meta name=\"robots\" content=\"index, follow, max-snippet:-1, max-image-preview:large, max-video-preview:-1\" \/>\n<link rel=\"canonical\" href=\"https:\/\/ajatutaja.com\/izdelek\/modu-explorer-modularni-set-kock-new\/\" \/>\n<meta property=\"og:locale\" content=\"hr_HR\" \/>\n<meta property=\"og:type\" content=\"article\" \/>\n<meta property=\"og:title\" content=\"MODU\u00ae Explorer - modularni set kock | Ajatutaja\" \/>\n<meta property=\"og:description\" content=\"MODU\u00ae Explorer je modularni set kock srednjega nivoja, ki ponuja najmanj 15 razli\u010dnih kreacij v resni\u010dni velikosti, ter za ustvarjalce \u0161e veliko ve\u010d mo\u017enosti.\" \/>\n<meta property=\"og:url\" content=\"https:\/\/ajatutaja.com\/izdelek\/modu-explorer-modularni-set-kock-new\/\" \/>\n<meta property=\"og:site_name\" content=\"Ajatutaja\" \/>\n<meta property=\"article:modified_time\" content=\"2025-12-02T09:46:23+00:00\" \/>\n<meta property=\"og:image\" content=\"https:\/\/ajatutaja.com\/wp-content\/uploads\/2023\/07\/modu-Explorer-Set-Ocean-Mint_Forest-Green-ajatutaja-1.jpg\" \/>\n\t<meta property=\"og:image:width\" content=\"800\" \/>\n\t<meta property=\"og:image:height\" content=\"1000\" \/>\n\t<meta property=\"og:image:type\" content=\"image\/jpeg\" \/>\n<meta name=\"twitter:card\" content=\"summary_large_image\" \/>\n<meta name=\"twitter:label1\" content=\"Procijenjeno vrijeme \u010ditanja\" \/>\n\t<meta name=\"twitter:data1\" content=\"1 minuta\" \/>\n<script type=\"application\/ld+json\" class=\"yoast-schema-graph\">{\"@context\":\"https:\\\/\\\/schema.org\",\"@graph\":[{\"@type\":\"WebPage\",\"@id\":\"https:\\\/\\\/ajatutaja.com\\\/izdelek\\\/modu-explorer-modularni-set-kock-new\\\/\",\"url\":\"https:\\\/\\\/ajatutaja.com\\\/izdelek\\\/modu-explorer-modularni-set-kock-new\\\/\",\"name\":\"MODU\u00ae Explorer - modularni set kock | Ajatutaja\",\"isPartOf\":{\"@id\":\"https:\\\/\\\/ajatutaja.com\\\/#website\"},\"primaryImageOfPage\":{\"@id\":\"https:\\\/\\\/ajatutaja.com\\\/izdelek\\\/modu-explorer-modularni-set-kock-new\\\/#primaryimage\"},\"image\":{\"@id\":\"https:\\\/\\\/ajatutaja.com\\\/izdelek\\\/modu-explorer-modularni-set-kock-new\\\/#primaryimage\"},\"thumbnailUrl\":\"https:\\\/\\\/ajatutaja.com\\\/wp-content\\\/uploads\\\/2023\\\/07\\\/modu-Explorer-Set-Ocean-Mint_Forest-Green-ajatutaja-1.jpg\",\"datePublished\":\"2023-07-11T11:17:56+00:00\",\"dateModified\":\"2025-12-02T09:46:23+00:00\",\"description\":\"MODU\u00ae Explorer je modularni set kock srednjega nivoja, ki ponuja najmanj 15 razli\u010dnih kreacij v resni\u010dni velikosti, ter za ustvarjalce \u0161e veliko ve\u010d mo\u017enosti.\",\"breadcrumb\":{\"@id\":\"https:\\\/\\\/ajatutaja.com\\\/izdelek\\\/modu-explorer-modularni-set-kock-new\\\/#breadcrumb\"},\"inLanguage\":\"hr\",\"potentialAction\":[{\"@type\":\"ReadAction\",\"target\":[\"https:\\\/\\\/ajatutaja.com\\\/izdelek\\\/modu-explorer-modularni-set-kock-new\\\/\"]}]},{\"@type\":\"ImageObject\",\"inLanguage\":\"hr\",\"@id\":\"https:\\\/\\\/ajatutaja.com\\\/izdelek\\\/modu-explorer-modularni-set-kock-new\\\/#primaryimage\",\"url\":\"https:\\\/\\\/ajatutaja.com\\\/wp-content\\\/uploads\\\/2023\\\/07\\\/modu-Explorer-Set-Ocean-Mint_Forest-Green-ajatutaja-1.jpg\",\"contentUrl\":\"https:\\\/\\\/ajatutaja.com\\\/wp-content\\\/uploads\\\/2023\\\/07\\\/modu-Explorer-Set-Ocean-Mint_Forest-Green-ajatutaja-1.jpg\",\"width\":800,\"height\":1000},{\"@type\":\"BreadcrumbList\",\"@id\":\"https:\\\/\\\/ajatutaja.com\\\/izdelek\\\/modu-explorer-modularni-set-kock-new\\\/#breadcrumb\",\"itemListElement\":[{\"@type\":\"ListItem\",\"position\":1,\"name\":\"Home\",\"item\":\"https:\\\/\\\/ajatutaja.com\\\/hr\\\/\"},{\"@type\":\"ListItem\",\"position\":2,\"name\":\"Trgovina\",\"item\":\"https:\\\/\\\/ajatutaja.com\\\/hr\\\/trgovina\\\/\"},{\"@type\":\"ListItem\",\"position\":3,\"name\":\"MODU\u00ae Explorer &#8211; modularni set kock\"}]},{\"@type\":\"WebSite\",\"@id\":\"https:\\\/\\\/ajatutaja.com\\\/#website\",\"url\":\"https:\\\/\\\/ajatutaja.com\\\/\",\"name\":\"Ajatutaja\",\"description\":\"Otro\u0161ka spletna trgovina AJATUTAJA\",\"publisher\":{\"@id\":\"https:\\\/\\\/ajatutaja.com\\\/#organization\"},\"potentialAction\":[{\"@type\":\"SearchAction\",\"target\":{\"@type\":\"EntryPoint\",\"urlTemplate\":\"https:\\\/\\\/ajatutaja.com\\\/?s={search_term_string}\"},\"query-input\":{\"@type\":\"PropertyValueSpecification\",\"valueRequired\":true,\"valueName\":\"search_term_string\"}}],\"inLanguage\":\"hr\"},{\"@type\":\"Organization\",\"@id\":\"https:\\\/\\\/ajatutaja.com\\\/#organization\",\"name\":\"Ajatutaja\",\"url\":\"https:\\\/\\\/ajatutaja.com\\\/\",\"logo\":{\"@type\":\"ImageObject\",\"inLanguage\":\"hr\",\"@id\":\"https:\\\/\\\/ajatutaja.com\\\/#\\\/schema\\\/logo\\\/image\\\/\",\"url\":\"https:\\\/\\\/ajatutaja.com\\\/wp-content\\\/uploads\\\/2021\\\/10\\\/logo.png\",\"contentUrl\":\"https:\\\/\\\/ajatutaja.com\\\/wp-content\\\/uploads\\\/2021\\\/10\\\/logo.png\",\"width\":555,\"height\":150,\"caption\":\"Ajatutaja\"},\"image\":{\"@id\":\"https:\\\/\\\/ajatutaja.com\\\/#\\\/schema\\\/logo\\\/image\\\/\"}}]}<\/script>\n<!-- \/ Yoast SEO plugin. -->","yoast_head_json":{"title":"MODU\u00ae Explorer - modularni set kock | Ajatutaja","description":"MODU\u00ae Explorer je modularni set kock srednjega nivoja, ki ponuja najmanj 15 razli\u010dnih kreacij v resni\u010dni velikosti, ter za ustvarjalce \u0161e veliko ve\u010d mo\u017enosti.","robots":{"index":"index","follow":"follow","max-snippet":"max-snippet:-1","max-image-preview":"max-image-preview:large","max-video-preview":"max-video-preview:-1"},"canonical":"https:\/\/ajatutaja.com\/izdelek\/modu-explorer-modularni-set-kock-new\/","og_locale":"hr_HR","og_type":"article","og_title":"MODU\u00ae Explorer - modularni set kock | Ajatutaja","og_description":"MODU\u00ae Explorer je modularni set kock srednjega nivoja, ki ponuja najmanj 15 razli\u010dnih kreacij v resni\u010dni velikosti, ter za ustvarjalce \u0161e veliko ve\u010d mo\u017enosti.","og_url":"https:\/\/ajatutaja.com\/izdelek\/modu-explorer-modularni-set-kock-new\/","og_site_name":"Ajatutaja","article_modified_time":"2025-12-02T09:46:23+00:00","og_image":[{"width":800,"height":1000,"url":"https:\/\/ajatutaja.com\/wp-content\/uploads\/2023\/07\/modu-Explorer-Set-Ocean-Mint_Forest-Green-ajatutaja-1.jpg","type":"image\/jpeg"}],"twitter_card":"summary_large_image","twitter_misc":{"Procijenjeno vrijeme \u010ditanja":"1 minuta"},"schema":{"@context":"https:\/\/schema.org","@graph":[{"@type":"WebPage","@id":"https:\/\/ajatutaja.com\/izdelek\/modu-explorer-modularni-set-kock-new\/","url":"https:\/\/ajatutaja.com\/izdelek\/modu-explorer-modularni-set-kock-new\/","name":"MODU\u00ae Explorer - modularni set kock | Ajatutaja","isPartOf":{"@id":"https:\/\/ajatutaja.com\/#website"},"primaryImageOfPage":{"@id":"https:\/\/ajatutaja.com\/izdelek\/modu-explorer-modularni-set-kock-new\/#primaryimage"},"image":{"@id":"https:\/\/ajatutaja.com\/izdelek\/modu-explorer-modularni-set-kock-new\/#primaryimage"},"thumbnailUrl":"https:\/\/ajatutaja.com\/wp-content\/uploads\/2023\/07\/modu-Explorer-Set-Ocean-Mint_Forest-Green-ajatutaja-1.jpg","datePublished":"2023-07-11T11:17:56+00:00","dateModified":"2025-12-02T09:46:23+00:00","description":"MODU\u00ae Explorer je modularni set kock srednjega nivoja, ki ponuja najmanj 15 razli\u010dnih kreacij v resni\u010dni velikosti, ter za ustvarjalce \u0161e veliko ve\u010d mo\u017enosti.","breadcrumb":{"@id":"https:\/\/ajatutaja.com\/izdelek\/modu-explorer-modularni-set-kock-new\/#breadcrumb"},"inLanguage":"hr","potentialAction":[{"@type":"ReadAction","target":["https:\/\/ajatutaja.com\/izdelek\/modu-explorer-modularni-set-kock-new\/"]}]},{"@type":"ImageObject","inLanguage":"hr","@id":"https:\/\/ajatutaja.com\/izdelek\/modu-explorer-modularni-set-kock-new\/#primaryimage","url":"https:\/\/ajatutaja.com\/wp-content\/uploads\/2023\/07\/modu-Explorer-Set-Ocean-Mint_Forest-Green-ajatutaja-1.jpg","contentUrl":"https:\/\/ajatutaja.com\/wp-content\/uploads\/2023\/07\/modu-Explorer-Set-Ocean-Mint_Forest-Green-ajatutaja-1.jpg","width":800,"height":1000},{"@type":"BreadcrumbList","@id":"https:\/\/ajatutaja.com\/izdelek\/modu-explorer-modularni-set-kock-new\/#breadcrumb","itemListElement":[{"@type":"ListItem","position":1,"name":"Home","item":"https:\/\/ajatutaja.com\/hr\/"},{"@type":"ListItem","position":2,"name":"Trgovina","item":"https:\/\/ajatutaja.com\/hr\/trgovina\/"},{"@type":"ListItem","position":3,"name":"MODU\u00ae Explorer &#8211; modularni set kock"}]},{"@type":"WebSite","@id":"https:\/\/ajatutaja.com\/#website","url":"https:\/\/ajatutaja.com\/","name":"Ajatutaja","description":"Otro\u0161ka spletna trgovina AJATUTAJA","publisher":{"@id":"https:\/\/ajatutaja.com\/#organization"},"potentialAction":[{"@type":"SearchAction","target":{"@type":"EntryPoint","urlTemplate":"https:\/\/ajatutaja.com\/?s={search_term_string}"},"query-input":{"@type":"PropertyValueSpecification","valueRequired":true,"valueName":"search_term_string"}}],"inLanguage":"hr"},{"@type":"Organization","@id":"https:\/\/ajatutaja.com\/#organization","name":"Ajatutaja","url":"https:\/\/ajatutaja.com\/","logo":{"@type":"ImageObject","inLanguage":"hr","@id":"https:\/\/ajatutaja.com\/#\/schema\/logo\/image\/","url":"https:\/\/ajatutaja.com\/wp-content\/uploads\/2021\/10\/logo.png","contentUrl":"https:\/\/ajatutaja.com\/wp-content\/uploads\/2021\/10\/logo.png","width":555,"height":150,"caption":"Ajatutaja"},"image":{"@id":"https:\/\/ajatutaja.com\/#\/schema\/logo\/image\/"}}]}},"brands":[{"id":2452,"name":"Igranje","slug":"igranje"},{"id":2469,"name":"Modu","slug":"modu"}],"_links":{"self":[{"href":"https:\/\/ajatutaja.com\/hr\/wp-json\/wp\/v2\/product\/50053","targetHints":{"allow":["GET"]}}],"collection":[{"href":"https:\/\/ajatutaja.com\/hr\/wp-json\/wp\/v2\/product"}],"about":[{"href":"https:\/\/ajatutaja.com\/hr\/wp-json\/wp\/v2\/types\/product"}],"wp:featuredmedia":[{"embeddable":true,"href":"https:\/\/ajatutaja.com\/hr\/wp-json\/wp\/v2\/media\/50087"}],"wp:attachment":[{"href":"https:\/\/ajatutaja.com\/hr\/wp-json\/wp\/v2\/media?parent=50053"}],"wp:term":[{"taxonomy":"pwb-brand","embeddable":true,"href":"https:\/\/ajatutaja.com\/hr\/wp-json\/wp\/v2\/pwb-brand?post=50053"},{"taxonomy":"product_brand","embeddable":true,"href":"https:\/\/ajatutaja.com\/hr\/wp-json\/wp\/v2\/product_brand?post=50053"},{"taxonomy":"product_cat","embeddable":true,"href":"https:\/\/ajatutaja.com\/hr\/wp-json\/wp\/v2\/product_cat?post=50053"},{"taxonomy":"product_tag","embeddable":true,"href":"https:\/\/ajatutaja.com\/hr\/wp-json\/wp\/v2\/product_tag?post=50053"}],"curies":[{"name":"wp","href":"https:\/\/api.w.org\/{rel}","templated":true}]}}