{"id":50032,"date":"2023-07-11T16:20:12","date_gmt":"2023-07-11T14:20:12","guid":{"rendered":"https:\/\/ajatutaja.com\/?post_type=product&#038;p=50032"},"modified":"2025-10-01T07:34:49","modified_gmt":"2025-10-01T05:34:49","slug":"termo-posodica-210ml-b-box-bear-hugs","status":"publish","type":"product","link":"https:\/\/ajatutaja.com\/hr\/proizvod\/termo-posodica-210ml-b-box-bear-hugs\/","title":{"rendered":"Termo posodica 210ml b.box &#8211; Bear Hugs"},"content":{"rendered":"<p>[vc_row][vc_column][vc_column_text]<\/p>\n<h3>Lastnosti termo posodice za hranjenje b.box:<\/h3>\n<ul>\n<li>Hrana ostane hladna do 6 oziroma topla do 4 ure<\/li>\n<li>Izolacijsko nerjave\u010de jeklo z dvojno steno<\/li>\n<li>Nepropustna in enostavna za pitje<\/li>\n<li>Edinstven zama\u0161ek prepre\u010duje premo\u010dno zategovanje pokrova<\/li>\n<li>Volumen &#8211; 210 ml<\/li>\n<li>Priporo\u010dljiva starost otroka: 4mesece<\/li>\n<li>Priporo\u010dljivo le ro\u010dno pranje, brez drgnjenja &#8211;\u00a0 sicer se tisk s\u010dasoma lahko zbri\u0161e<\/li>\n<\/ul>\n<p>[\/vc_column_text][\/vc_column][\/vc_row]<\/p>\n","protected":false},"excerpt":{"rendered":"<p>Termo posodica za hranjenje b.box je izdelana iz nerjave\u010dega jekla. S svojo neprepustno zasnovo je to popolna posoda za majhne prigrizke \u010dez ves dan. Edinstven zama\u0161ek onemogo\u010da premo\u010dno zategovanje pokrova, tako da ga lahko otrok odpre sam in tako razvija svojo samostojnost.<\/p>\n","protected":false},"featured_media":50147,"template":"","meta":[],"pwb-brand":[5287,2269],"product_brand":[],"product_cat":[2266,2312],"product_tag":[5288],"class_list":{"0":"post-50032","1":"product","2":"type-product","3":"status-publish","4":"has-post-thumbnail","6":"pwb-brand-bbox","7":"pwb-brand-hranjenje","8":"product_cat-hranjenje","9":"product_cat-termo-posodice-in-termovke","10":"product_tag-bbox","12":"first","13":"instock","14":"taxable","15":"shipping-taxable","16":"purchasable","17":"product-type-simple","18":"add-to-wishlist-before_image"},"yoast_head":"<!-- This site is optimized with the Yoast SEO plugin v27.3 - https:\/\/yoast.com\/product\/yoast-seo-wordpress\/ -->\n<title>Termo posodica 210ml b.box - Bear Hugs | Ajatutaja<\/title>\n<meta name=\"description\" content=\"Termo posodica za hranjenje b.box je izdelana iz nerjave\u010dega jekla. S svojo neprepustno zasnovo je to popolna posoda za majhne prigrizke \u010dez ves dan.\" \/>\n<meta name=\"robots\" content=\"index, follow, max-snippet:-1, max-image-preview:large, max-video-preview:-1\" \/>\n<link rel=\"canonical\" href=\"https:\/\/ajatutaja.com\/izdelek\/termo-posodica-210ml-b-box-bear-hugs\/\" \/>\n<meta property=\"og:locale\" content=\"hr_HR\" \/>\n<meta property=\"og:type\" content=\"article\" \/>\n<meta property=\"og:title\" content=\"Termo posodica 210ml b.box - Bear Hugs | Ajatutaja\" \/>\n<meta property=\"og:description\" content=\"Termo posodica za hranjenje b.box je izdelana iz nerjave\u010dega jekla. S svojo neprepustno zasnovo je to popolna posoda za majhne prigrizke \u010dez ves dan.\" \/>\n<meta property=\"og:url\" content=\"https:\/\/ajatutaja.com\/izdelek\/termo-posodica-210ml-b-box-bear-hugs\/\" \/>\n<meta property=\"og:site_name\" content=\"Ajatutaja\" \/>\n<meta property=\"article:modified_time\" content=\"2025-10-01T05:34:49+00:00\" \/>\n<meta property=\"og:image\" content=\"https:\/\/ajatutaja.com\/wp-content\/uploads\/2023\/07\/bear_hugs_001.jpg\" \/>\n\t<meta property=\"og:image:width\" content=\"1040\" \/>\n\t<meta property=\"og:image:height\" content=\"1040\" \/>\n\t<meta property=\"og:image:type\" content=\"image\/jpeg\" \/>\n<meta name=\"twitter:card\" content=\"summary_large_image\" \/>\n<script type=\"application\/ld+json\" class=\"yoast-schema-graph\">{\"@context\":\"https:\\\/\\\/schema.org\",\"@graph\":[{\"@type\":\"WebPage\",\"@id\":\"https:\\\/\\\/ajatutaja.com\\\/izdelek\\\/termo-posodica-210ml-b-box-bear-hugs\\\/\",\"url\":\"https:\\\/\\\/ajatutaja.com\\\/izdelek\\\/termo-posodica-210ml-b-box-bear-hugs\\\/\",\"name\":\"Termo posodica 210ml b.box - Bear Hugs | Ajatutaja\",\"isPartOf\":{\"@id\":\"https:\\\/\\\/ajatutaja.com\\\/#website\"},\"primaryImageOfPage\":{\"@id\":\"https:\\\/\\\/ajatutaja.com\\\/izdelek\\\/termo-posodica-210ml-b-box-bear-hugs\\\/#primaryimage\"},\"image\":{\"@id\":\"https:\\\/\\\/ajatutaja.com\\\/izdelek\\\/termo-posodica-210ml-b-box-bear-hugs\\\/#primaryimage\"},\"thumbnailUrl\":\"https:\\\/\\\/ajatutaja.com\\\/wp-content\\\/uploads\\\/2023\\\/07\\\/bear_hugs_001.jpg\",\"datePublished\":\"2023-07-11T14:20:12+00:00\",\"dateModified\":\"2025-10-01T05:34:49+00:00\",\"description\":\"Termo posodica za hranjenje b.box je izdelana iz nerjave\u010dega jekla. S svojo neprepustno zasnovo je to popolna posoda za majhne prigrizke \u010dez ves dan.\",\"breadcrumb\":{\"@id\":\"https:\\\/\\\/ajatutaja.com\\\/izdelek\\\/termo-posodica-210ml-b-box-bear-hugs\\\/#breadcrumb\"},\"inLanguage\":\"hr\",\"potentialAction\":[{\"@type\":\"ReadAction\",\"target\":[\"https:\\\/\\\/ajatutaja.com\\\/izdelek\\\/termo-posodica-210ml-b-box-bear-hugs\\\/\"]}]},{\"@type\":\"ImageObject\",\"inLanguage\":\"hr\",\"@id\":\"https:\\\/\\\/ajatutaja.com\\\/izdelek\\\/termo-posodica-210ml-b-box-bear-hugs\\\/#primaryimage\",\"url\":\"https:\\\/\\\/ajatutaja.com\\\/wp-content\\\/uploads\\\/2023\\\/07\\\/bear_hugs_001.jpg\",\"contentUrl\":\"https:\\\/\\\/ajatutaja.com\\\/wp-content\\\/uploads\\\/2023\\\/07\\\/bear_hugs_001.jpg\",\"width\":1040,\"height\":1040},{\"@type\":\"BreadcrumbList\",\"@id\":\"https:\\\/\\\/ajatutaja.com\\\/izdelek\\\/termo-posodica-210ml-b-box-bear-hugs\\\/#breadcrumb\",\"itemListElement\":[{\"@type\":\"ListItem\",\"position\":1,\"name\":\"Home\",\"item\":\"https:\\\/\\\/ajatutaja.com\\\/hr\\\/\"},{\"@type\":\"ListItem\",\"position\":2,\"name\":\"Trgovina\",\"item\":\"https:\\\/\\\/ajatutaja.com\\\/hr\\\/trgovina\\\/\"},{\"@type\":\"ListItem\",\"position\":3,\"name\":\"Termo posodica 210ml b.box &#8211; Bear Hugs\"}]},{\"@type\":\"WebSite\",\"@id\":\"https:\\\/\\\/ajatutaja.com\\\/#website\",\"url\":\"https:\\\/\\\/ajatutaja.com\\\/\",\"name\":\"Ajatutaja\",\"description\":\"Otro\u0161ka spletna trgovina AJATUTAJA\",\"publisher\":{\"@id\":\"https:\\\/\\\/ajatutaja.com\\\/#organization\"},\"potentialAction\":[{\"@type\":\"SearchAction\",\"target\":{\"@type\":\"EntryPoint\",\"urlTemplate\":\"https:\\\/\\\/ajatutaja.com\\\/?s={search_term_string}\"},\"query-input\":{\"@type\":\"PropertyValueSpecification\",\"valueRequired\":true,\"valueName\":\"search_term_string\"}}],\"inLanguage\":\"hr\"},{\"@type\":\"Organization\",\"@id\":\"https:\\\/\\\/ajatutaja.com\\\/#organization\",\"name\":\"Ajatutaja\",\"url\":\"https:\\\/\\\/ajatutaja.com\\\/\",\"logo\":{\"@type\":\"ImageObject\",\"inLanguage\":\"hr\",\"@id\":\"https:\\\/\\\/ajatutaja.com\\\/#\\\/schema\\\/logo\\\/image\\\/\",\"url\":\"https:\\\/\\\/ajatutaja.com\\\/wp-content\\\/uploads\\\/2021\\\/10\\\/logo.png\",\"contentUrl\":\"https:\\\/\\\/ajatutaja.com\\\/wp-content\\\/uploads\\\/2021\\\/10\\\/logo.png\",\"width\":555,\"height\":150,\"caption\":\"Ajatutaja\"},\"image\":{\"@id\":\"https:\\\/\\\/ajatutaja.com\\\/#\\\/schema\\\/logo\\\/image\\\/\"}}]}<\/script>\n<!-- \/ Yoast SEO plugin. -->","yoast_head_json":{"title":"Termo posodica 210ml b.box - Bear Hugs | Ajatutaja","description":"Termo posodica za hranjenje b.box je izdelana iz nerjave\u010dega jekla. S svojo neprepustno zasnovo je to popolna posoda za majhne prigrizke \u010dez ves dan.","robots":{"index":"index","follow":"follow","max-snippet":"max-snippet:-1","max-image-preview":"max-image-preview:large","max-video-preview":"max-video-preview:-1"},"canonical":"https:\/\/ajatutaja.com\/izdelek\/termo-posodica-210ml-b-box-bear-hugs\/","og_locale":"hr_HR","og_type":"article","og_title":"Termo posodica 210ml b.box - Bear Hugs | Ajatutaja","og_description":"Termo posodica za hranjenje b.box je izdelana iz nerjave\u010dega jekla. S svojo neprepustno zasnovo je to popolna posoda za majhne prigrizke \u010dez ves dan.","og_url":"https:\/\/ajatutaja.com\/izdelek\/termo-posodica-210ml-b-box-bear-hugs\/","og_site_name":"Ajatutaja","article_modified_time":"2025-10-01T05:34:49+00:00","og_image":[{"width":1040,"height":1040,"url":"https:\/\/ajatutaja.com\/wp-content\/uploads\/2023\/07\/bear_hugs_001.jpg","type":"image\/jpeg"}],"twitter_card":"summary_large_image","schema":{"@context":"https:\/\/schema.org","@graph":[{"@type":"WebPage","@id":"https:\/\/ajatutaja.com\/izdelek\/termo-posodica-210ml-b-box-bear-hugs\/","url":"https:\/\/ajatutaja.com\/izdelek\/termo-posodica-210ml-b-box-bear-hugs\/","name":"Termo posodica 210ml b.box - Bear Hugs | Ajatutaja","isPartOf":{"@id":"https:\/\/ajatutaja.com\/#website"},"primaryImageOfPage":{"@id":"https:\/\/ajatutaja.com\/izdelek\/termo-posodica-210ml-b-box-bear-hugs\/#primaryimage"},"image":{"@id":"https:\/\/ajatutaja.com\/izdelek\/termo-posodica-210ml-b-box-bear-hugs\/#primaryimage"},"thumbnailUrl":"https:\/\/ajatutaja.com\/wp-content\/uploads\/2023\/07\/bear_hugs_001.jpg","datePublished":"2023-07-11T14:20:12+00:00","dateModified":"2025-10-01T05:34:49+00:00","description":"Termo posodica za hranjenje b.box je izdelana iz nerjave\u010dega jekla. S svojo neprepustno zasnovo je to popolna posoda za majhne prigrizke \u010dez ves dan.","breadcrumb":{"@id":"https:\/\/ajatutaja.com\/izdelek\/termo-posodica-210ml-b-box-bear-hugs\/#breadcrumb"},"inLanguage":"hr","potentialAction":[{"@type":"ReadAction","target":["https:\/\/ajatutaja.com\/izdelek\/termo-posodica-210ml-b-box-bear-hugs\/"]}]},{"@type":"ImageObject","inLanguage":"hr","@id":"https:\/\/ajatutaja.com\/izdelek\/termo-posodica-210ml-b-box-bear-hugs\/#primaryimage","url":"https:\/\/ajatutaja.com\/wp-content\/uploads\/2023\/07\/bear_hugs_001.jpg","contentUrl":"https:\/\/ajatutaja.com\/wp-content\/uploads\/2023\/07\/bear_hugs_001.jpg","width":1040,"height":1040},{"@type":"BreadcrumbList","@id":"https:\/\/ajatutaja.com\/izdelek\/termo-posodica-210ml-b-box-bear-hugs\/#breadcrumb","itemListElement":[{"@type":"ListItem","position":1,"name":"Home","item":"https:\/\/ajatutaja.com\/hr\/"},{"@type":"ListItem","position":2,"name":"Trgovina","item":"https:\/\/ajatutaja.com\/hr\/trgovina\/"},{"@type":"ListItem","position":3,"name":"Termo posodica 210ml b.box &#8211; Bear Hugs"}]},{"@type":"WebSite","@id":"https:\/\/ajatutaja.com\/#website","url":"https:\/\/ajatutaja.com\/","name":"Ajatutaja","description":"Otro\u0161ka spletna trgovina AJATUTAJA","publisher":{"@id":"https:\/\/ajatutaja.com\/#organization"},"potentialAction":[{"@type":"SearchAction","target":{"@type":"EntryPoint","urlTemplate":"https:\/\/ajatutaja.com\/?s={search_term_string}"},"query-input":{"@type":"PropertyValueSpecification","valueRequired":true,"valueName":"search_term_string"}}],"inLanguage":"hr"},{"@type":"Organization","@id":"https:\/\/ajatutaja.com\/#organization","name":"Ajatutaja","url":"https:\/\/ajatutaja.com\/","logo":{"@type":"ImageObject","inLanguage":"hr","@id":"https:\/\/ajatutaja.com\/#\/schema\/logo\/image\/","url":"https:\/\/ajatutaja.com\/wp-content\/uploads\/2021\/10\/logo.png","contentUrl":"https:\/\/ajatutaja.com\/wp-content\/uploads\/2021\/10\/logo.png","width":555,"height":150,"caption":"Ajatutaja"},"image":{"@id":"https:\/\/ajatutaja.com\/#\/schema\/logo\/image\/"}}]}},"brands":[{"id":5287,"name":"b.box","slug":"bbox"},{"id":2269,"name":"Hranjenje","slug":"hranjenje"}],"_links":{"self":[{"href":"https:\/\/ajatutaja.com\/hr\/wp-json\/wp\/v2\/product\/50032","targetHints":{"allow":["GET"]}}],"collection":[{"href":"https:\/\/ajatutaja.com\/hr\/wp-json\/wp\/v2\/product"}],"about":[{"href":"https:\/\/ajatutaja.com\/hr\/wp-json\/wp\/v2\/types\/product"}],"wp:featuredmedia":[{"embeddable":true,"href":"https:\/\/ajatutaja.com\/hr\/wp-json\/wp\/v2\/media\/50147"}],"wp:attachment":[{"href":"https:\/\/ajatutaja.com\/hr\/wp-json\/wp\/v2\/media?parent=50032"}],"wp:term":[{"taxonomy":"pwb-brand","embeddable":true,"href":"https:\/\/ajatutaja.com\/hr\/wp-json\/wp\/v2\/pwb-brand?post=50032"},{"taxonomy":"product_brand","embeddable":true,"href":"https:\/\/ajatutaja.com\/hr\/wp-json\/wp\/v2\/product_brand?post=50032"},{"taxonomy":"product_cat","embeddable":true,"href":"https:\/\/ajatutaja.com\/hr\/wp-json\/wp\/v2\/product_cat?post=50032"},{"taxonomy":"product_tag","embeddable":true,"href":"https:\/\/ajatutaja.com\/hr\/wp-json\/wp\/v2\/product_tag?post=50032"}],"curies":[{"name":"wp","href":"https:\/\/api.w.org\/{rel}","templated":true}]}}