{"id":49977,"date":"2023-07-07T15:44:26","date_gmt":"2023-07-07T13:44:26","guid":{"rendered":"https:\/\/ajatutaja.com\/?post_type=product&#038;p=49977"},"modified":"2026-03-04T19:16:23","modified_gmt":"2026-03-04T18:16:23","slug":"nanobebe-komplet-rocajev-za-flexy-steklenicko-pak-2-siva","status":"publish","type":"product","link":"https:\/\/ajatutaja.com\/hr\/proizvod\/nanobebe-komplet-rocajev-za-flexy-steklenicko-pak-2-siva\/","title":{"rendered":"Nanob\u00e9b\u00e9 komplet ro\u010dajev za Flexy stekleni\u010dko pak.2 &#8211; Siva"},"content":{"rendered":"<div class=\"rte\">\n<p>Lastnosti Nanob\u00e9b\u00e9 Flexi ro\u010dajev:<\/p>\n<ul>\n<li><strong>Uradni dodatek Nanob\u00e9b\u00e9:<\/strong> za uporabo s silikonsko stekleni\u010dko Flexy; nagrajeni tehnolo\u0161ki standardi zagotavljajo izdelke najvi\u0161je kakovosti.<\/li>\n<li><strong>Povezava s hitrim zaskokom:<\/strong> inovativna oblika ro\u010daja se zasko\u010di na steklenico v enem preprostem koraku, ni vam treba razstaviti stekleni\u010de, da bi pritrdili ali odstranili ro\u010daje. <span class=\"truncated\">Ro\u010daje pritrdite tako, da stranska dr\u017eala stisnite in jih mo\u010dno pritisnite v luknje, dokler ne sli\u0161ite &#8220;klik&#8221;. <\/span><\/li>\n<li><strong>Za\u0161\u010dita pred pu\u0161\u010danjem:<\/strong> ro\u010daja se hitro in enostavno pove\u017eeta s strani in ne ovirata tesnila stekleni\u010de za maksimalno udobje.<\/li>\n<li><strong>Enostavno za dr\u017eanje:<\/strong> mehki, nedrse\u010di, ergonomski ro\u010daji, ki jih majhne roke zlahka primejo, pomaga pri razvoju finih motori\u010dnih sposobnosti in pri prehodu s stekleni\u010dke na skodelico, hkrati pa spodbuja neodvisnost.<\/li>\n<li><strong>Varno za dojen\u010dke:<\/strong> izdelano iz materialov 100 % BPA free, brez svinca in brez ftalatov.<\/li>\n<\/ul>\n<p>Ti kompleti ro\u010dajev za stekleni\u010dke Flexy so popoln dodatek va\u0161i silikonski stekleni\u010dki Flexy. Na voljo v 4 \u017eivahnih barvah za me\u0161anje in ujemanje z va\u0161imi stekleni\u010dkami.<\/p>\n<p>&nbsp;<\/p>\n<\/div>\n","protected":false},"excerpt":{"rendered":"<p>Komplet dveh ro\u010dajev za silikonsko stekleni\u010dko Nanob\u00e9b\u00e9 Flexy. Ro\u010daje v enem preprostem koraku pritrdite<span class=\"truncated\"> na stekleni\u010dko, za pritrditev ali odstranitev ro\u010dajev ni potrebno razstavljati stekleni\u010dke. Ro\u010daja se hitro in enostavno pove\u017eeta s strani in ne posegata v tesnilo stekleni\u010dke. Mehki, nedrse\u010di in ergonomski ro\u010daji so enostavni za oprijemanje za majhne rokice, ter pomagajo pri razvoju finih motori\u010dnih sposobnosti in prehodu iz stekleni\u010dke v skodelico ter tako spodbujajo neodvisnost.<\/span><\/p>\n","protected":false},"featured_media":49981,"template":"","meta":[],"pwb-brand":[2269,5024],"product_brand":[],"product_cat":[2307,2266,2314],"product_tag":[5025],"class_list":{"0":"post-49977","1":"product","2":"type-product","3":"status-publish","4":"has-post-thumbnail","6":"pwb-brand-hranjenje","7":"pwb-brand-nanobebe","8":"product_cat-flaske-in-steklenicke","9":"product_cat-hranjenje","10":"product_cat-pripomocki-za-hranjenje","11":"product_tag-nanobebe","13":"first","14":"onbackorder","15":"taxable","16":"shipping-taxable","17":"purchasable","18":"product-type-simple","19":"add-to-wishlist-before_image"},"yoast_head":"<!-- This site is optimized with the Yoast SEO plugin v27.3 - https:\/\/yoast.com\/product\/yoast-seo-wordpress\/ -->\n<title>Nanob\u00e9b\u00e9 komplet ro\u010dajev za Flexy stekleni\u010dko pak.2 - Siva | Ajatutaja<\/title>\n<meta name=\"description\" content=\"Komplet dveh ro\u010dajev za silikonsko stekleni\u010dko Nanob\u00e9b\u00e9 Flexy. Ro\u010daje v enem preprostem koraku pritrdite na stekleni\u010dko, za pritrditev ali odstranitev ro\u010dajev ni potrebno razstavljati stekleni\u010dke\" \/>\n<meta name=\"robots\" content=\"index, follow, max-snippet:-1, max-image-preview:large, max-video-preview:-1\" \/>\n<link rel=\"canonical\" href=\"https:\/\/ajatutaja.com\/izdelek\/nanobebe-komplet-rocajev-za-flexy-steklenicko-pak-2-siva\/\" \/>\n<meta property=\"og:locale\" content=\"hr_HR\" \/>\n<meta property=\"og:type\" content=\"article\" \/>\n<meta property=\"og:title\" content=\"Nanob\u00e9b\u00e9 komplet ro\u010dajev za Flexy stekleni\u010dko pak.2 - Siva | Ajatutaja\" \/>\n<meta property=\"og:description\" content=\"Komplet dveh ro\u010dajev za silikonsko stekleni\u010dko Nanob\u00e9b\u00e9 Flexy. Ro\u010daje v enem preprostem koraku pritrdite na stekleni\u010dko, za pritrditev ali odstranitev ro\u010dajev ni potrebno razstavljati stekleni\u010dke\" \/>\n<meta property=\"og:url\" content=\"https:\/\/ajatutaja.com\/izdelek\/nanobebe-komplet-rocajev-za-flexy-steklenicko-pak-2-siva\/\" \/>\n<meta property=\"og:site_name\" content=\"Ajatutaja\" \/>\n<meta property=\"article:modified_time\" content=\"2026-03-04T18:16:23+00:00\" \/>\n<meta property=\"og:image\" content=\"https:\/\/ajatutaja.com\/wp-content\/uploads\/2023\/07\/nanobebe-komplet-rocajev-za-flexi-steklenicko-ajatutaja-4-e1689147265304.webp\" \/>\n\t<meta property=\"og:image:width\" content=\"1000\" \/>\n\t<meta property=\"og:image:height\" content=\"1000\" \/>\n\t<meta property=\"og:image:type\" content=\"image\/webp\" \/>\n<meta name=\"twitter:card\" content=\"summary_large_image\" \/>\n<meta name=\"twitter:label1\" content=\"Procijenjeno vrijeme \u010ditanja\" \/>\n\t<meta name=\"twitter:data1\" content=\"1 minuta\" \/>\n<script type=\"application\/ld+json\" class=\"yoast-schema-graph\">{\"@context\":\"https:\\\/\\\/schema.org\",\"@graph\":[{\"@type\":\"WebPage\",\"@id\":\"https:\\\/\\\/ajatutaja.com\\\/izdelek\\\/nanobebe-komplet-rocajev-za-flexy-steklenicko-pak-2-siva\\\/\",\"url\":\"https:\\\/\\\/ajatutaja.com\\\/izdelek\\\/nanobebe-komplet-rocajev-za-flexy-steklenicko-pak-2-siva\\\/\",\"name\":\"Nanob\u00e9b\u00e9 komplet ro\u010dajev za Flexy stekleni\u010dko pak.2 - Siva | Ajatutaja\",\"isPartOf\":{\"@id\":\"https:\\\/\\\/ajatutaja.com\\\/#website\"},\"primaryImageOfPage\":{\"@id\":\"https:\\\/\\\/ajatutaja.com\\\/izdelek\\\/nanobebe-komplet-rocajev-za-flexy-steklenicko-pak-2-siva\\\/#primaryimage\"},\"image\":{\"@id\":\"https:\\\/\\\/ajatutaja.com\\\/izdelek\\\/nanobebe-komplet-rocajev-za-flexy-steklenicko-pak-2-siva\\\/#primaryimage\"},\"thumbnailUrl\":\"https:\\\/\\\/ajatutaja.com\\\/wp-content\\\/uploads\\\/2023\\\/07\\\/nanobebe-komplet-rocajev-za-flexi-steklenicko-ajatutaja-4-e1689147265304.webp\",\"datePublished\":\"2023-07-07T13:44:26+00:00\",\"dateModified\":\"2026-03-04T18:16:23+00:00\",\"description\":\"Komplet dveh ro\u010dajev za silikonsko stekleni\u010dko Nanob\u00e9b\u00e9 Flexy. Ro\u010daje v enem preprostem koraku pritrdite na stekleni\u010dko, za pritrditev ali odstranitev ro\u010dajev ni potrebno razstavljati stekleni\u010dke\",\"breadcrumb\":{\"@id\":\"https:\\\/\\\/ajatutaja.com\\\/izdelek\\\/nanobebe-komplet-rocajev-za-flexy-steklenicko-pak-2-siva\\\/#breadcrumb\"},\"inLanguage\":\"hr\",\"potentialAction\":[{\"@type\":\"ReadAction\",\"target\":[\"https:\\\/\\\/ajatutaja.com\\\/izdelek\\\/nanobebe-komplet-rocajev-za-flexy-steklenicko-pak-2-siva\\\/\"]}]},{\"@type\":\"ImageObject\",\"inLanguage\":\"hr\",\"@id\":\"https:\\\/\\\/ajatutaja.com\\\/izdelek\\\/nanobebe-komplet-rocajev-za-flexy-steklenicko-pak-2-siva\\\/#primaryimage\",\"url\":\"https:\\\/\\\/ajatutaja.com\\\/wp-content\\\/uploads\\\/2023\\\/07\\\/nanobebe-komplet-rocajev-za-flexi-steklenicko-ajatutaja-4-e1689147265304.webp\",\"contentUrl\":\"https:\\\/\\\/ajatutaja.com\\\/wp-content\\\/uploads\\\/2023\\\/07\\\/nanobebe-komplet-rocajev-za-flexi-steklenicko-ajatutaja-4-e1689147265304.webp\",\"width\":1000,\"height\":1000},{\"@type\":\"BreadcrumbList\",\"@id\":\"https:\\\/\\\/ajatutaja.com\\\/izdelek\\\/nanobebe-komplet-rocajev-za-flexy-steklenicko-pak-2-siva\\\/#breadcrumb\",\"itemListElement\":[{\"@type\":\"ListItem\",\"position\":1,\"name\":\"Home\",\"item\":\"https:\\\/\\\/ajatutaja.com\\\/hr\\\/\"},{\"@type\":\"ListItem\",\"position\":2,\"name\":\"Trgovina\",\"item\":\"https:\\\/\\\/ajatutaja.com\\\/hr\\\/trgovina\\\/\"},{\"@type\":\"ListItem\",\"position\":3,\"name\":\"Nanob\u00e9b\u00e9 komplet ro\u010dajev za Flexy stekleni\u010dko pak.2 &#8211; Siva\"}]},{\"@type\":\"WebSite\",\"@id\":\"https:\\\/\\\/ajatutaja.com\\\/#website\",\"url\":\"https:\\\/\\\/ajatutaja.com\\\/\",\"name\":\"Ajatutaja\",\"description\":\"Otro\u0161ka spletna trgovina AJATUTAJA\",\"publisher\":{\"@id\":\"https:\\\/\\\/ajatutaja.com\\\/#organization\"},\"potentialAction\":[{\"@type\":\"SearchAction\",\"target\":{\"@type\":\"EntryPoint\",\"urlTemplate\":\"https:\\\/\\\/ajatutaja.com\\\/?s={search_term_string}\"},\"query-input\":{\"@type\":\"PropertyValueSpecification\",\"valueRequired\":true,\"valueName\":\"search_term_string\"}}],\"inLanguage\":\"hr\"},{\"@type\":\"Organization\",\"@id\":\"https:\\\/\\\/ajatutaja.com\\\/#organization\",\"name\":\"Ajatutaja\",\"url\":\"https:\\\/\\\/ajatutaja.com\\\/\",\"logo\":{\"@type\":\"ImageObject\",\"inLanguage\":\"hr\",\"@id\":\"https:\\\/\\\/ajatutaja.com\\\/#\\\/schema\\\/logo\\\/image\\\/\",\"url\":\"https:\\\/\\\/ajatutaja.com\\\/wp-content\\\/uploads\\\/2021\\\/10\\\/logo.png\",\"contentUrl\":\"https:\\\/\\\/ajatutaja.com\\\/wp-content\\\/uploads\\\/2021\\\/10\\\/logo.png\",\"width\":555,\"height\":150,\"caption\":\"Ajatutaja\"},\"image\":{\"@id\":\"https:\\\/\\\/ajatutaja.com\\\/#\\\/schema\\\/logo\\\/image\\\/\"}}]}<\/script>\n<!-- \/ Yoast SEO plugin. -->","yoast_head_json":{"title":"Nanob\u00e9b\u00e9 komplet ro\u010dajev za Flexy stekleni\u010dko pak.2 - Siva | Ajatutaja","description":"Komplet dveh ro\u010dajev za silikonsko stekleni\u010dko Nanob\u00e9b\u00e9 Flexy. Ro\u010daje v enem preprostem koraku pritrdite na stekleni\u010dko, za pritrditev ali odstranitev ro\u010dajev ni potrebno razstavljati stekleni\u010dke","robots":{"index":"index","follow":"follow","max-snippet":"max-snippet:-1","max-image-preview":"max-image-preview:large","max-video-preview":"max-video-preview:-1"},"canonical":"https:\/\/ajatutaja.com\/izdelek\/nanobebe-komplet-rocajev-za-flexy-steklenicko-pak-2-siva\/","og_locale":"hr_HR","og_type":"article","og_title":"Nanob\u00e9b\u00e9 komplet ro\u010dajev za Flexy stekleni\u010dko pak.2 - Siva | Ajatutaja","og_description":"Komplet dveh ro\u010dajev za silikonsko stekleni\u010dko Nanob\u00e9b\u00e9 Flexy. Ro\u010daje v enem preprostem koraku pritrdite na stekleni\u010dko, za pritrditev ali odstranitev ro\u010dajev ni potrebno razstavljati stekleni\u010dke","og_url":"https:\/\/ajatutaja.com\/izdelek\/nanobebe-komplet-rocajev-za-flexy-steklenicko-pak-2-siva\/","og_site_name":"Ajatutaja","article_modified_time":"2026-03-04T18:16:23+00:00","og_image":[{"width":1000,"height":1000,"url":"https:\/\/ajatutaja.com\/wp-content\/uploads\/2023\/07\/nanobebe-komplet-rocajev-za-flexi-steklenicko-ajatutaja-4-e1689147265304.webp","type":"image\/webp"}],"twitter_card":"summary_large_image","twitter_misc":{"Procijenjeno vrijeme \u010ditanja":"1 minuta"},"schema":{"@context":"https:\/\/schema.org","@graph":[{"@type":"WebPage","@id":"https:\/\/ajatutaja.com\/izdelek\/nanobebe-komplet-rocajev-za-flexy-steklenicko-pak-2-siva\/","url":"https:\/\/ajatutaja.com\/izdelek\/nanobebe-komplet-rocajev-za-flexy-steklenicko-pak-2-siva\/","name":"Nanob\u00e9b\u00e9 komplet ro\u010dajev za Flexy stekleni\u010dko pak.2 - Siva | Ajatutaja","isPartOf":{"@id":"https:\/\/ajatutaja.com\/#website"},"primaryImageOfPage":{"@id":"https:\/\/ajatutaja.com\/izdelek\/nanobebe-komplet-rocajev-za-flexy-steklenicko-pak-2-siva\/#primaryimage"},"image":{"@id":"https:\/\/ajatutaja.com\/izdelek\/nanobebe-komplet-rocajev-za-flexy-steklenicko-pak-2-siva\/#primaryimage"},"thumbnailUrl":"https:\/\/ajatutaja.com\/wp-content\/uploads\/2023\/07\/nanobebe-komplet-rocajev-za-flexi-steklenicko-ajatutaja-4-e1689147265304.webp","datePublished":"2023-07-07T13:44:26+00:00","dateModified":"2026-03-04T18:16:23+00:00","description":"Komplet dveh ro\u010dajev za silikonsko stekleni\u010dko Nanob\u00e9b\u00e9 Flexy. Ro\u010daje v enem preprostem koraku pritrdite na stekleni\u010dko, za pritrditev ali odstranitev ro\u010dajev ni potrebno razstavljati stekleni\u010dke","breadcrumb":{"@id":"https:\/\/ajatutaja.com\/izdelek\/nanobebe-komplet-rocajev-za-flexy-steklenicko-pak-2-siva\/#breadcrumb"},"inLanguage":"hr","potentialAction":[{"@type":"ReadAction","target":["https:\/\/ajatutaja.com\/izdelek\/nanobebe-komplet-rocajev-za-flexy-steklenicko-pak-2-siva\/"]}]},{"@type":"ImageObject","inLanguage":"hr","@id":"https:\/\/ajatutaja.com\/izdelek\/nanobebe-komplet-rocajev-za-flexy-steklenicko-pak-2-siva\/#primaryimage","url":"https:\/\/ajatutaja.com\/wp-content\/uploads\/2023\/07\/nanobebe-komplet-rocajev-za-flexi-steklenicko-ajatutaja-4-e1689147265304.webp","contentUrl":"https:\/\/ajatutaja.com\/wp-content\/uploads\/2023\/07\/nanobebe-komplet-rocajev-za-flexi-steklenicko-ajatutaja-4-e1689147265304.webp","width":1000,"height":1000},{"@type":"BreadcrumbList","@id":"https:\/\/ajatutaja.com\/izdelek\/nanobebe-komplet-rocajev-za-flexy-steklenicko-pak-2-siva\/#breadcrumb","itemListElement":[{"@type":"ListItem","position":1,"name":"Home","item":"https:\/\/ajatutaja.com\/hr\/"},{"@type":"ListItem","position":2,"name":"Trgovina","item":"https:\/\/ajatutaja.com\/hr\/trgovina\/"},{"@type":"ListItem","position":3,"name":"Nanob\u00e9b\u00e9 komplet ro\u010dajev za Flexy stekleni\u010dko pak.2 &#8211; Siva"}]},{"@type":"WebSite","@id":"https:\/\/ajatutaja.com\/#website","url":"https:\/\/ajatutaja.com\/","name":"Ajatutaja","description":"Otro\u0161ka spletna trgovina AJATUTAJA","publisher":{"@id":"https:\/\/ajatutaja.com\/#organization"},"potentialAction":[{"@type":"SearchAction","target":{"@type":"EntryPoint","urlTemplate":"https:\/\/ajatutaja.com\/?s={search_term_string}"},"query-input":{"@type":"PropertyValueSpecification","valueRequired":true,"valueName":"search_term_string"}}],"inLanguage":"hr"},{"@type":"Organization","@id":"https:\/\/ajatutaja.com\/#organization","name":"Ajatutaja","url":"https:\/\/ajatutaja.com\/","logo":{"@type":"ImageObject","inLanguage":"hr","@id":"https:\/\/ajatutaja.com\/#\/schema\/logo\/image\/","url":"https:\/\/ajatutaja.com\/wp-content\/uploads\/2021\/10\/logo.png","contentUrl":"https:\/\/ajatutaja.com\/wp-content\/uploads\/2021\/10\/logo.png","width":555,"height":150,"caption":"Ajatutaja"},"image":{"@id":"https:\/\/ajatutaja.com\/#\/schema\/logo\/image\/"}}]}},"brands":[{"id":2269,"name":"Hranjenje","slug":"hranjenje"},{"id":5024,"name":"Nanob\u00e9b\u00e9","slug":"nanobebe"}],"_links":{"self":[{"href":"https:\/\/ajatutaja.com\/hr\/wp-json\/wp\/v2\/product\/49977","targetHints":{"allow":["GET"]}}],"collection":[{"href":"https:\/\/ajatutaja.com\/hr\/wp-json\/wp\/v2\/product"}],"about":[{"href":"https:\/\/ajatutaja.com\/hr\/wp-json\/wp\/v2\/types\/product"}],"wp:featuredmedia":[{"embeddable":true,"href":"https:\/\/ajatutaja.com\/hr\/wp-json\/wp\/v2\/media\/49981"}],"wp:attachment":[{"href":"https:\/\/ajatutaja.com\/hr\/wp-json\/wp\/v2\/media?parent=49977"}],"wp:term":[{"taxonomy":"pwb-brand","embeddable":true,"href":"https:\/\/ajatutaja.com\/hr\/wp-json\/wp\/v2\/pwb-brand?post=49977"},{"taxonomy":"product_brand","embeddable":true,"href":"https:\/\/ajatutaja.com\/hr\/wp-json\/wp\/v2\/product_brand?post=49977"},{"taxonomy":"product_cat","embeddable":true,"href":"https:\/\/ajatutaja.com\/hr\/wp-json\/wp\/v2\/product_cat?post=49977"},{"taxonomy":"product_tag","embeddable":true,"href":"https:\/\/ajatutaja.com\/hr\/wp-json\/wp\/v2\/product_tag?post=49977"}],"curies":[{"name":"wp","href":"https:\/\/api.w.org\/{rel}","templated":true}]}}