{"id":49919,"date":"2023-07-06T16:29:15","date_gmt":"2023-07-06T14:29:15","guid":{"rendered":"https:\/\/ajatutaja.com\/?post_type=product&#038;p=49919"},"modified":"2025-03-03T07:49:30","modified_gmt":"2025-03-03T06:49:30","slug":"nanobebe-active-flexi-silikonska-duda-pak-4-4m","status":"publish","type":"product","link":"https:\/\/ajatutaja.com\/hr\/proizvod\/nanobebe-active-flexi-silikonska-duda-pak-4-4m\/","title":{"rendered":"Nanob\u00e9b\u00e9 Active Flexi silikonska duda pak.4 (4m+)"},"content":{"rendered":"<h3>Lastnosti Nanob\u00e9b\u00e9 Active Flexi tola\u017eilne dude:<\/h3>\n<ul>\n<li><strong>Za aktivne dojen\u010dke:<\/strong> Ta nova razli\u010dica izvirne dude Flexy, ki jo obo\u017eujejo dojen\u010dki, ima odprte stranske zra\u010dnike za dodaten pretok zraka in izjemno lahko konstrukcijo za dojen\u010dke v gibanju (od plazenja do hoje).<\/li>\n<li><strong>Prilagodljivo in oblikovano:<\/strong> ergonomsko, prilagodljivo prileganje se popolnoma oblikuje glede na otrokov obraz in zagotavlja, da ostane na mestu.<\/li>\n<li><strong>Ustvarjena za odra\u0161\u010dajo\u010de dojen\u010dke:<\/strong> mehka, trpe\u017ena tekstura izjemno pomirja dojen\u010dkove bole\u010de dlesni, ko jim izra\u0161\u010dajo zobki. Narejena je tako, da jo lahko primejo drobne roke, kar pomaga pri razvoju fine motorike.<\/li>\n<li><strong>Enostavno \u010di\u0161\u010denje:<\/strong> odprta zasnova higienske silikonske dude olaj\u0161a \u010di\u0161\u010denje. Primerena za sterilizator in pomivalni stroj.<\/li>\n<li><strong>Najvarnej\u0161i materiali za dojen\u010dka:<\/strong> enodelna silikonska konstrukcija brez BPA, ftalatov, svinca, lateksa in PVC-ja.<\/li>\n<li>Za starost 4mes+<\/li>\n<\/ul>\n","protected":false},"excerpt":{"rendered":"<p>Ve\u010dkrat nagrajene ergonomsko oblikovane dude Nanob\u00e9b\u00e9 Flexy imajo novorojen\u010dki radi \u017ee od prvega trenutka. Te mehke, pro\u017ene silikonske dude hitro pomirijo tudi dojene novorojen\u010dke, hkrati pa so vzdr\u017eljive in enostavne za \u010di\u0161\u010denje. Izdelane so iz enodelne silikonske konstrukcije, kar je najvarnej\u0161a za dojen\u010dke. Flexi tola\u017eilne dude je mo\u017eno pritrditi na ve\u010dino priponk za dudo preko stranske odprtine.<\/p>\n","protected":false},"featured_media":49932,"template":"","meta":[],"pwb-brand":[2269,5024],"product_brand":[],"product_cat":[2306,2266],"product_tag":[5025],"class_list":{"0":"post-49919","1":"product","2":"type-product","3":"status-publish","4":"has-post-thumbnail","6":"pwb-brand-hranjenje","7":"pwb-brand-nanobebe","8":"product_cat-dude-in-priponke","9":"product_cat-hranjenje","10":"product_tag-nanobebe","12":"first","13":"instock","14":"taxable","15":"shipping-taxable","16":"purchasable","17":"product-type-variable","18":"has-default-attributes","19":"add-to-wishlist-before_image"},"yoast_head":"<!-- This site is optimized with the Yoast SEO plugin v27.3 - https:\/\/yoast.com\/product\/yoast-seo-wordpress\/ -->\n<title>Nanob\u00e9b\u00e9 Active Flexi silikonska duda pak.4 (4m+) | Ajatutaja<\/title>\n<meta name=\"description\" content=\"Ve\u010dkrat nagrajene ergonomsko oblikovane dude Nanob\u00e9b\u00e9 Flexy imajo novorojen\u010dki radi \u017ee od prvega trenutka. Te mehke, pro\u017ene silikonske dude hitro pomirijo tudi dojene novorojen\u010dke, hkrati pa so vzdr\u017eljive in enostavne za \u010di\u0161\u010denje.\" \/>\n<meta name=\"robots\" content=\"index, follow, max-snippet:-1, max-image-preview:large, max-video-preview:-1\" \/>\n<link rel=\"canonical\" href=\"https:\/\/ajatutaja.com\/izdelek\/nanobebe-active-flexi-silikonska-duda-pak-4-4m\/\" \/>\n<meta property=\"og:locale\" content=\"hr_HR\" \/>\n<meta property=\"og:type\" content=\"article\" \/>\n<meta property=\"og:title\" content=\"Nanob\u00e9b\u00e9 Active Flexi silikonska duda pak.4 (4m+) | Ajatutaja\" \/>\n<meta property=\"og:description\" content=\"Ve\u010dkrat nagrajene ergonomsko oblikovane dude Nanob\u00e9b\u00e9 Flexy imajo novorojen\u010dki radi \u017ee od prvega trenutka. Te mehke, pro\u017ene silikonske dude hitro pomirijo tudi dojene novorojen\u010dke, hkrati pa so vzdr\u017eljive in enostavne za \u010di\u0161\u010denje.\" \/>\n<meta property=\"og:url\" content=\"https:\/\/ajatutaja.com\/izdelek\/nanobebe-active-flexi-silikonska-duda-pak-4-4m\/\" \/>\n<meta property=\"og:site_name\" content=\"Ajatutaja\" \/>\n<meta property=\"article:modified_time\" content=\"2025-03-03T06:49:30+00:00\" \/>\n<meta property=\"og:image\" content=\"https:\/\/ajatutaja.com\/wp-content\/uploads\/2023\/07\/NANOBEBE-4-pak-dude-ajatutaja-4.jpg\" \/>\n\t<meta property=\"og:image:width\" content=\"2000\" \/>\n\t<meta property=\"og:image:height\" content=\"2001\" \/>\n\t<meta property=\"og:image:type\" content=\"image\/jpeg\" \/>\n<meta name=\"twitter:card\" content=\"summary_large_image\" \/>\n<meta name=\"twitter:label1\" content=\"Procijenjeno vrijeme \u010ditanja\" \/>\n\t<meta name=\"twitter:data1\" content=\"1 minuta\" \/>\n<script type=\"application\/ld+json\" class=\"yoast-schema-graph\">{\"@context\":\"https:\\\/\\\/schema.org\",\"@graph\":[{\"@type\":\"WebPage\",\"@id\":\"https:\\\/\\\/ajatutaja.com\\\/izdelek\\\/nanobebe-active-flexi-silikonska-duda-pak-4-4m\\\/\",\"url\":\"https:\\\/\\\/ajatutaja.com\\\/izdelek\\\/nanobebe-active-flexi-silikonska-duda-pak-4-4m\\\/\",\"name\":\"Nanob\u00e9b\u00e9 Active Flexi silikonska duda pak.4 (4m+) | Ajatutaja\",\"isPartOf\":{\"@id\":\"https:\\\/\\\/ajatutaja.com\\\/#website\"},\"primaryImageOfPage\":{\"@id\":\"https:\\\/\\\/ajatutaja.com\\\/izdelek\\\/nanobebe-active-flexi-silikonska-duda-pak-4-4m\\\/#primaryimage\"},\"image\":{\"@id\":\"https:\\\/\\\/ajatutaja.com\\\/izdelek\\\/nanobebe-active-flexi-silikonska-duda-pak-4-4m\\\/#primaryimage\"},\"thumbnailUrl\":\"https:\\\/\\\/ajatutaja.com\\\/wp-content\\\/uploads\\\/2023\\\/07\\\/NANOBEBE-4-pak-dude-ajatutaja-4.jpg\",\"datePublished\":\"2023-07-06T14:29:15+00:00\",\"dateModified\":\"2025-03-03T06:49:30+00:00\",\"description\":\"Ve\u010dkrat nagrajene ergonomsko oblikovane dude Nanob\u00e9b\u00e9 Flexy imajo novorojen\u010dki radi \u017ee od prvega trenutka. Te mehke, pro\u017ene silikonske dude hitro pomirijo tudi dojene novorojen\u010dke, hkrati pa so vzdr\u017eljive in enostavne za \u010di\u0161\u010denje.\",\"breadcrumb\":{\"@id\":\"https:\\\/\\\/ajatutaja.com\\\/izdelek\\\/nanobebe-active-flexi-silikonska-duda-pak-4-4m\\\/#breadcrumb\"},\"inLanguage\":\"hr\",\"potentialAction\":[{\"@type\":\"ReadAction\",\"target\":[\"https:\\\/\\\/ajatutaja.com\\\/izdelek\\\/nanobebe-active-flexi-silikonska-duda-pak-4-4m\\\/\"]}]},{\"@type\":\"ImageObject\",\"inLanguage\":\"hr\",\"@id\":\"https:\\\/\\\/ajatutaja.com\\\/izdelek\\\/nanobebe-active-flexi-silikonska-duda-pak-4-4m\\\/#primaryimage\",\"url\":\"https:\\\/\\\/ajatutaja.com\\\/wp-content\\\/uploads\\\/2023\\\/07\\\/NANOBEBE-4-pak-dude-ajatutaja-4.jpg\",\"contentUrl\":\"https:\\\/\\\/ajatutaja.com\\\/wp-content\\\/uploads\\\/2023\\\/07\\\/NANOBEBE-4-pak-dude-ajatutaja-4.jpg\",\"width\":2000,\"height\":2001},{\"@type\":\"BreadcrumbList\",\"@id\":\"https:\\\/\\\/ajatutaja.com\\\/izdelek\\\/nanobebe-active-flexi-silikonska-duda-pak-4-4m\\\/#breadcrumb\",\"itemListElement\":[{\"@type\":\"ListItem\",\"position\":1,\"name\":\"Home\",\"item\":\"https:\\\/\\\/ajatutaja.com\\\/hr\\\/\"},{\"@type\":\"ListItem\",\"position\":2,\"name\":\"Trgovina\",\"item\":\"https:\\\/\\\/ajatutaja.com\\\/hr\\\/trgovina\\\/\"},{\"@type\":\"ListItem\",\"position\":3,\"name\":\"Nanob\u00e9b\u00e9 Active Flexi silikonska duda pak.4 (4m+)\"}]},{\"@type\":\"WebSite\",\"@id\":\"https:\\\/\\\/ajatutaja.com\\\/#website\",\"url\":\"https:\\\/\\\/ajatutaja.com\\\/\",\"name\":\"Ajatutaja\",\"description\":\"Otro\u0161ka spletna trgovina AJATUTAJA\",\"publisher\":{\"@id\":\"https:\\\/\\\/ajatutaja.com\\\/#organization\"},\"potentialAction\":[{\"@type\":\"SearchAction\",\"target\":{\"@type\":\"EntryPoint\",\"urlTemplate\":\"https:\\\/\\\/ajatutaja.com\\\/?s={search_term_string}\"},\"query-input\":{\"@type\":\"PropertyValueSpecification\",\"valueRequired\":true,\"valueName\":\"search_term_string\"}}],\"inLanguage\":\"hr\"},{\"@type\":\"Organization\",\"@id\":\"https:\\\/\\\/ajatutaja.com\\\/#organization\",\"name\":\"Ajatutaja\",\"url\":\"https:\\\/\\\/ajatutaja.com\\\/\",\"logo\":{\"@type\":\"ImageObject\",\"inLanguage\":\"hr\",\"@id\":\"https:\\\/\\\/ajatutaja.com\\\/#\\\/schema\\\/logo\\\/image\\\/\",\"url\":\"https:\\\/\\\/ajatutaja.com\\\/wp-content\\\/uploads\\\/2021\\\/10\\\/logo.png\",\"contentUrl\":\"https:\\\/\\\/ajatutaja.com\\\/wp-content\\\/uploads\\\/2021\\\/10\\\/logo.png\",\"width\":555,\"height\":150,\"caption\":\"Ajatutaja\"},\"image\":{\"@id\":\"https:\\\/\\\/ajatutaja.com\\\/#\\\/schema\\\/logo\\\/image\\\/\"}}]}<\/script>\n<!-- \/ Yoast SEO plugin. -->","yoast_head_json":{"title":"Nanob\u00e9b\u00e9 Active Flexi silikonska duda pak.4 (4m+) | Ajatutaja","description":"Ve\u010dkrat nagrajene ergonomsko oblikovane dude Nanob\u00e9b\u00e9 Flexy imajo novorojen\u010dki radi \u017ee od prvega trenutka. Te mehke, pro\u017ene silikonske dude hitro pomirijo tudi dojene novorojen\u010dke, hkrati pa so vzdr\u017eljive in enostavne za \u010di\u0161\u010denje.","robots":{"index":"index","follow":"follow","max-snippet":"max-snippet:-1","max-image-preview":"max-image-preview:large","max-video-preview":"max-video-preview:-1"},"canonical":"https:\/\/ajatutaja.com\/izdelek\/nanobebe-active-flexi-silikonska-duda-pak-4-4m\/","og_locale":"hr_HR","og_type":"article","og_title":"Nanob\u00e9b\u00e9 Active Flexi silikonska duda pak.4 (4m+) | Ajatutaja","og_description":"Ve\u010dkrat nagrajene ergonomsko oblikovane dude Nanob\u00e9b\u00e9 Flexy imajo novorojen\u010dki radi \u017ee od prvega trenutka. Te mehke, pro\u017ene silikonske dude hitro pomirijo tudi dojene novorojen\u010dke, hkrati pa so vzdr\u017eljive in enostavne za \u010di\u0161\u010denje.","og_url":"https:\/\/ajatutaja.com\/izdelek\/nanobebe-active-flexi-silikonska-duda-pak-4-4m\/","og_site_name":"Ajatutaja","article_modified_time":"2025-03-03T06:49:30+00:00","og_image":[{"width":2000,"height":2001,"url":"https:\/\/ajatutaja.com\/wp-content\/uploads\/2023\/07\/NANOBEBE-4-pak-dude-ajatutaja-4.jpg","type":"image\/jpeg"}],"twitter_card":"summary_large_image","twitter_misc":{"Procijenjeno vrijeme \u010ditanja":"1 minuta"},"schema":{"@context":"https:\/\/schema.org","@graph":[{"@type":"WebPage","@id":"https:\/\/ajatutaja.com\/izdelek\/nanobebe-active-flexi-silikonska-duda-pak-4-4m\/","url":"https:\/\/ajatutaja.com\/izdelek\/nanobebe-active-flexi-silikonska-duda-pak-4-4m\/","name":"Nanob\u00e9b\u00e9 Active Flexi silikonska duda pak.4 (4m+) | Ajatutaja","isPartOf":{"@id":"https:\/\/ajatutaja.com\/#website"},"primaryImageOfPage":{"@id":"https:\/\/ajatutaja.com\/izdelek\/nanobebe-active-flexi-silikonska-duda-pak-4-4m\/#primaryimage"},"image":{"@id":"https:\/\/ajatutaja.com\/izdelek\/nanobebe-active-flexi-silikonska-duda-pak-4-4m\/#primaryimage"},"thumbnailUrl":"https:\/\/ajatutaja.com\/wp-content\/uploads\/2023\/07\/NANOBEBE-4-pak-dude-ajatutaja-4.jpg","datePublished":"2023-07-06T14:29:15+00:00","dateModified":"2025-03-03T06:49:30+00:00","description":"Ve\u010dkrat nagrajene ergonomsko oblikovane dude Nanob\u00e9b\u00e9 Flexy imajo novorojen\u010dki radi \u017ee od prvega trenutka. Te mehke, pro\u017ene silikonske dude hitro pomirijo tudi dojene novorojen\u010dke, hkrati pa so vzdr\u017eljive in enostavne za \u010di\u0161\u010denje.","breadcrumb":{"@id":"https:\/\/ajatutaja.com\/izdelek\/nanobebe-active-flexi-silikonska-duda-pak-4-4m\/#breadcrumb"},"inLanguage":"hr","potentialAction":[{"@type":"ReadAction","target":["https:\/\/ajatutaja.com\/izdelek\/nanobebe-active-flexi-silikonska-duda-pak-4-4m\/"]}]},{"@type":"ImageObject","inLanguage":"hr","@id":"https:\/\/ajatutaja.com\/izdelek\/nanobebe-active-flexi-silikonska-duda-pak-4-4m\/#primaryimage","url":"https:\/\/ajatutaja.com\/wp-content\/uploads\/2023\/07\/NANOBEBE-4-pak-dude-ajatutaja-4.jpg","contentUrl":"https:\/\/ajatutaja.com\/wp-content\/uploads\/2023\/07\/NANOBEBE-4-pak-dude-ajatutaja-4.jpg","width":2000,"height":2001},{"@type":"BreadcrumbList","@id":"https:\/\/ajatutaja.com\/izdelek\/nanobebe-active-flexi-silikonska-duda-pak-4-4m\/#breadcrumb","itemListElement":[{"@type":"ListItem","position":1,"name":"Home","item":"https:\/\/ajatutaja.com\/hr\/"},{"@type":"ListItem","position":2,"name":"Trgovina","item":"https:\/\/ajatutaja.com\/hr\/trgovina\/"},{"@type":"ListItem","position":3,"name":"Nanob\u00e9b\u00e9 Active Flexi silikonska duda pak.4 (4m+)"}]},{"@type":"WebSite","@id":"https:\/\/ajatutaja.com\/#website","url":"https:\/\/ajatutaja.com\/","name":"Ajatutaja","description":"Otro\u0161ka spletna trgovina AJATUTAJA","publisher":{"@id":"https:\/\/ajatutaja.com\/#organization"},"potentialAction":[{"@type":"SearchAction","target":{"@type":"EntryPoint","urlTemplate":"https:\/\/ajatutaja.com\/?s={search_term_string}"},"query-input":{"@type":"PropertyValueSpecification","valueRequired":true,"valueName":"search_term_string"}}],"inLanguage":"hr"},{"@type":"Organization","@id":"https:\/\/ajatutaja.com\/#organization","name":"Ajatutaja","url":"https:\/\/ajatutaja.com\/","logo":{"@type":"ImageObject","inLanguage":"hr","@id":"https:\/\/ajatutaja.com\/#\/schema\/logo\/image\/","url":"https:\/\/ajatutaja.com\/wp-content\/uploads\/2021\/10\/logo.png","contentUrl":"https:\/\/ajatutaja.com\/wp-content\/uploads\/2021\/10\/logo.png","width":555,"height":150,"caption":"Ajatutaja"},"image":{"@id":"https:\/\/ajatutaja.com\/#\/schema\/logo\/image\/"}}]}},"brands":[{"id":2269,"name":"Hranjenje","slug":"hranjenje"},{"id":5024,"name":"Nanob\u00e9b\u00e9","slug":"nanobebe"}],"_links":{"self":[{"href":"https:\/\/ajatutaja.com\/hr\/wp-json\/wp\/v2\/product\/49919","targetHints":{"allow":["GET"]}}],"collection":[{"href":"https:\/\/ajatutaja.com\/hr\/wp-json\/wp\/v2\/product"}],"about":[{"href":"https:\/\/ajatutaja.com\/hr\/wp-json\/wp\/v2\/types\/product"}],"wp:featuredmedia":[{"embeddable":true,"href":"https:\/\/ajatutaja.com\/hr\/wp-json\/wp\/v2\/media\/49932"}],"wp:attachment":[{"href":"https:\/\/ajatutaja.com\/hr\/wp-json\/wp\/v2\/media?parent=49919"}],"wp:term":[{"taxonomy":"pwb-brand","embeddable":true,"href":"https:\/\/ajatutaja.com\/hr\/wp-json\/wp\/v2\/pwb-brand?post=49919"},{"taxonomy":"product_brand","embeddable":true,"href":"https:\/\/ajatutaja.com\/hr\/wp-json\/wp\/v2\/product_brand?post=49919"},{"taxonomy":"product_cat","embeddable":true,"href":"https:\/\/ajatutaja.com\/hr\/wp-json\/wp\/v2\/product_cat?post=49919"},{"taxonomy":"product_tag","embeddable":true,"href":"https:\/\/ajatutaja.com\/hr\/wp-json\/wp\/v2\/product_tag?post=49919"}],"curies":[{"name":"wp","href":"https:\/\/api.w.org\/{rel}","templated":true}]}}