{"id":49460,"date":"2023-06-20T15:24:41","date_gmt":"2023-06-20T13:24:41","guid":{"rendered":"https:\/\/ajatutaja.com\/?post_type=product&#038;p=49460"},"modified":"2026-03-04T12:53:12","modified_gmt":"2026-03-04T11:53:12","slug":"obrocek-za-grizenje-sophie-la-girafe","status":"publish","type":"product","link":"https:\/\/ajatutaja.com\/hr\/proizvod\/obrocek-za-grizenje-sophie-la-girafe\/","title":{"rendered":"Obro\u010dek za grizenje Sophie la Girafe"},"content":{"rendered":"<p>[vc_row][vc_column][vc_column_text]Obro\u010dek Sophie la Girafe je iz 100% naravnega kav\u010duka (brez ftalatov), pridobljenega iz soka drevesa kav\u010dukovca, iz fleksibilnih, obnovljivih materialov in netoksi\u010dnih barv, ki se uporabljajo v \u017eivilski industriji, kar pomeni, da je varna in naravna igra\u010da.<\/p>\n<h3>Lastnosti obro\u010dka za grizenje Sophie la Girafe:<\/h3>\n<ul>\n<li>Material: iz\u00a0100% naravnega kav\u010duka<\/li>\n<li>Brez ftalatov<\/li>\n<li>Starost: 0m+<\/li>\n<\/ul>\n<p>VZDR\u017dEVANJE: Igra\u010de ne smemo prekuhavati in sterilizirati. Ne je izpostavljati neposredni son\u010dni svetlobi in viru toplote. Povr\u0161ino igra\u010de obri\u0161ite z milnico in vla\u017eno krpo.<\/p>\n<p style=\"text-align: justify\">\u017dirafa Sophie je izdelek, ki zadovolji vse dojen\u010dkove potrebe in je primeren za vsako stopnjo dojen\u010dkovega razvoja &#8211; \u017ee od rojstva dalje. Ko dojen\u010dek stisne \u017eirafo, ta proizvede ne\u017een zvok, ki spodbuja njegov sluh. Francoski proizvajalec Vulli je prvo \u017eirafo izdelal 25. maja davnega leta 1961\u2026to je dan Svete Sofije!\u00a0 Z leti je Sofija zaslovela po vsem svetu (v kar 71 dr\u017eavah jo prodajajo) in je prejemnica vrsto presti\u017enih priznanj in nagrad kot najbolj\u0161a igra\u010da za mal\u010dke.<\/p>\n<p>[\/vc_column_text][\/vc_column][\/vc_row]<\/p>\n","protected":false},"excerpt":{"rendered":"<div class=\"product-more\">\n<div class=\"full-description\">\n<p>\u017dirafa Sophie je tokrat v obliki obro\u010dka za grizenje z listki.\u00a0Obro\u010dek za grizenje \u017eirafa Sophie je naravno grizalo, ki pomaga pri pomirjanju bole\u010dih dlesni in je prva dojen\u010dkova igra\u010da, ki spodbuja njegove \u010dute.<\/p>\n<\/div>\n<\/div>\n","protected":false},"featured_media":49462,"template":"","meta":[],"pwb-brand":[2269,2333],"product_brand":[],"product_cat":[3986,2610,2715,2308,2362,3985],"product_tag":[3982,3983],"class_list":{"0":"post-49460","1":"product","2":"type-product","3":"status-publish","4":"has-post-thumbnail","6":"pwb-brand-hranjenje","7":"pwb-brand-vulli","8":"product_cat-novorojencek-igrace","9":"product_cat-darila","10":"product_cat-darilo-do-15e","11":"product_cat-grizala-za-zobke","12":"product_cat-igranje","13":"product_cat-po-starosti","14":"product_tag-vulli","15":"product_tag-zirafa-sofija","17":"first","18":"instock","19":"taxable","20":"shipping-taxable","21":"purchasable","22":"product-type-simple","23":"add-to-wishlist-before_image"},"yoast_head":"<!-- This site is optimized with the Yoast SEO plugin v27.3 - https:\/\/yoast.com\/product\/yoast-seo-wordpress\/ -->\n<title>Obro\u010dek za grizenje Sophie la Girafe | Ajatutaja<\/title>\n<meta name=\"description\" content=\"Obro\u010dek Sophie la Girafe je iz 100% naravnega kav\u010duka (brez ftalatov), pridobljenega iz soka drevesa kav\u010dukovca, iz fleksibilnih, obnovljivih materialov in netoksi\u010dnih barv.\" \/>\n<meta name=\"robots\" content=\"index, follow, max-snippet:-1, max-image-preview:large, max-video-preview:-1\" \/>\n<link rel=\"canonical\" href=\"https:\/\/ajatutaja.com\/izdelek\/obrocek-za-grizenje-sophie-la-girafe\/\" \/>\n<meta property=\"og:locale\" content=\"hr_HR\" \/>\n<meta property=\"og:type\" content=\"article\" \/>\n<meta property=\"og:title\" content=\"Obro\u010dek za grizenje Sophie la Girafe | Ajatutaja\" \/>\n<meta property=\"og:description\" content=\"Obro\u010dek Sophie la Girafe je iz 100% naravnega kav\u010duka (brez ftalatov), pridobljenega iz soka drevesa kav\u010dukovca, iz fleksibilnih, obnovljivih materialov in netoksi\u010dnih barv.\" \/>\n<meta property=\"og:url\" content=\"https:\/\/ajatutaja.com\/izdelek\/obrocek-za-grizenje-sophie-la-girafe\/\" \/>\n<meta property=\"og:site_name\" content=\"Ajatutaja\" \/>\n<meta property=\"article:modified_time\" content=\"2026-03-04T11:53:12+00:00\" \/>\n<meta property=\"og:image\" content=\"https:\/\/ajatutaja.com\/wp-content\/uploads\/2023\/06\/grizalo-sophie-la-girafe-0.jpg\" \/>\n\t<meta property=\"og:image:width\" content=\"800\" \/>\n\t<meta property=\"og:image:height\" content=\"800\" \/>\n\t<meta property=\"og:image:type\" content=\"image\/jpeg\" \/>\n<meta name=\"twitter:card\" content=\"summary_large_image\" \/>\n<meta name=\"twitter:label1\" content=\"Procijenjeno vrijeme \u010ditanja\" \/>\n\t<meta name=\"twitter:data1\" content=\"1 minuta\" \/>\n<script type=\"application\/ld+json\" class=\"yoast-schema-graph\">{\"@context\":\"https:\\\/\\\/schema.org\",\"@graph\":[{\"@type\":\"WebPage\",\"@id\":\"https:\\\/\\\/ajatutaja.com\\\/izdelek\\\/obrocek-za-grizenje-sophie-la-girafe\\\/\",\"url\":\"https:\\\/\\\/ajatutaja.com\\\/izdelek\\\/obrocek-za-grizenje-sophie-la-girafe\\\/\",\"name\":\"Obro\u010dek za grizenje Sophie la Girafe | Ajatutaja\",\"isPartOf\":{\"@id\":\"https:\\\/\\\/ajatutaja.com\\\/#website\"},\"primaryImageOfPage\":{\"@id\":\"https:\\\/\\\/ajatutaja.com\\\/izdelek\\\/obrocek-za-grizenje-sophie-la-girafe\\\/#primaryimage\"},\"image\":{\"@id\":\"https:\\\/\\\/ajatutaja.com\\\/izdelek\\\/obrocek-za-grizenje-sophie-la-girafe\\\/#primaryimage\"},\"thumbnailUrl\":\"https:\\\/\\\/ajatutaja.com\\\/wp-content\\\/uploads\\\/2023\\\/06\\\/grizalo-sophie-la-girafe-0.jpg\",\"datePublished\":\"2023-06-20T13:24:41+00:00\",\"dateModified\":\"2026-03-04T11:53:12+00:00\",\"description\":\"Obro\u010dek Sophie la Girafe je iz 100% naravnega kav\u010duka (brez ftalatov), pridobljenega iz soka drevesa kav\u010dukovca, iz fleksibilnih, obnovljivih materialov in netoksi\u010dnih barv.\",\"breadcrumb\":{\"@id\":\"https:\\\/\\\/ajatutaja.com\\\/izdelek\\\/obrocek-za-grizenje-sophie-la-girafe\\\/#breadcrumb\"},\"inLanguage\":\"hr\",\"potentialAction\":[{\"@type\":\"ReadAction\",\"target\":[\"https:\\\/\\\/ajatutaja.com\\\/izdelek\\\/obrocek-za-grizenje-sophie-la-girafe\\\/\"]}]},{\"@type\":\"ImageObject\",\"inLanguage\":\"hr\",\"@id\":\"https:\\\/\\\/ajatutaja.com\\\/izdelek\\\/obrocek-za-grizenje-sophie-la-girafe\\\/#primaryimage\",\"url\":\"https:\\\/\\\/ajatutaja.com\\\/wp-content\\\/uploads\\\/2023\\\/06\\\/grizalo-sophie-la-girafe-0.jpg\",\"contentUrl\":\"https:\\\/\\\/ajatutaja.com\\\/wp-content\\\/uploads\\\/2023\\\/06\\\/grizalo-sophie-la-girafe-0.jpg\",\"width\":800,\"height\":800},{\"@type\":\"BreadcrumbList\",\"@id\":\"https:\\\/\\\/ajatutaja.com\\\/izdelek\\\/obrocek-za-grizenje-sophie-la-girafe\\\/#breadcrumb\",\"itemListElement\":[{\"@type\":\"ListItem\",\"position\":1,\"name\":\"Home\",\"item\":\"https:\\\/\\\/ajatutaja.com\\\/hr\\\/\"},{\"@type\":\"ListItem\",\"position\":2,\"name\":\"Trgovina\",\"item\":\"https:\\\/\\\/ajatutaja.com\\\/hr\\\/trgovina\\\/\"},{\"@type\":\"ListItem\",\"position\":3,\"name\":\"Obro\u010dek za grizenje Sophie la Girafe\"}]},{\"@type\":\"WebSite\",\"@id\":\"https:\\\/\\\/ajatutaja.com\\\/#website\",\"url\":\"https:\\\/\\\/ajatutaja.com\\\/\",\"name\":\"Ajatutaja\",\"description\":\"Otro\u0161ka spletna trgovina AJATUTAJA\",\"publisher\":{\"@id\":\"https:\\\/\\\/ajatutaja.com\\\/#organization\"},\"potentialAction\":[{\"@type\":\"SearchAction\",\"target\":{\"@type\":\"EntryPoint\",\"urlTemplate\":\"https:\\\/\\\/ajatutaja.com\\\/?s={search_term_string}\"},\"query-input\":{\"@type\":\"PropertyValueSpecification\",\"valueRequired\":true,\"valueName\":\"search_term_string\"}}],\"inLanguage\":\"hr\"},{\"@type\":\"Organization\",\"@id\":\"https:\\\/\\\/ajatutaja.com\\\/#organization\",\"name\":\"Ajatutaja\",\"url\":\"https:\\\/\\\/ajatutaja.com\\\/\",\"logo\":{\"@type\":\"ImageObject\",\"inLanguage\":\"hr\",\"@id\":\"https:\\\/\\\/ajatutaja.com\\\/#\\\/schema\\\/logo\\\/image\\\/\",\"url\":\"https:\\\/\\\/ajatutaja.com\\\/wp-content\\\/uploads\\\/2021\\\/10\\\/logo.png\",\"contentUrl\":\"https:\\\/\\\/ajatutaja.com\\\/wp-content\\\/uploads\\\/2021\\\/10\\\/logo.png\",\"width\":555,\"height\":150,\"caption\":\"Ajatutaja\"},\"image\":{\"@id\":\"https:\\\/\\\/ajatutaja.com\\\/#\\\/schema\\\/logo\\\/image\\\/\"}}]}<\/script>\n<!-- \/ Yoast SEO plugin. -->","yoast_head_json":{"title":"Obro\u010dek za grizenje Sophie la Girafe | Ajatutaja","description":"Obro\u010dek Sophie la Girafe je iz 100% naravnega kav\u010duka (brez ftalatov), pridobljenega iz soka drevesa kav\u010dukovca, iz fleksibilnih, obnovljivih materialov in netoksi\u010dnih barv.","robots":{"index":"index","follow":"follow","max-snippet":"max-snippet:-1","max-image-preview":"max-image-preview:large","max-video-preview":"max-video-preview:-1"},"canonical":"https:\/\/ajatutaja.com\/izdelek\/obrocek-za-grizenje-sophie-la-girafe\/","og_locale":"hr_HR","og_type":"article","og_title":"Obro\u010dek za grizenje Sophie la Girafe | Ajatutaja","og_description":"Obro\u010dek Sophie la Girafe je iz 100% naravnega kav\u010duka (brez ftalatov), pridobljenega iz soka drevesa kav\u010dukovca, iz fleksibilnih, obnovljivih materialov in netoksi\u010dnih barv.","og_url":"https:\/\/ajatutaja.com\/izdelek\/obrocek-za-grizenje-sophie-la-girafe\/","og_site_name":"Ajatutaja","article_modified_time":"2026-03-04T11:53:12+00:00","og_image":[{"width":800,"height":800,"url":"https:\/\/ajatutaja.com\/wp-content\/uploads\/2023\/06\/grizalo-sophie-la-girafe-0.jpg","type":"image\/jpeg"}],"twitter_card":"summary_large_image","twitter_misc":{"Procijenjeno vrijeme \u010ditanja":"1 minuta"},"schema":{"@context":"https:\/\/schema.org","@graph":[{"@type":"WebPage","@id":"https:\/\/ajatutaja.com\/izdelek\/obrocek-za-grizenje-sophie-la-girafe\/","url":"https:\/\/ajatutaja.com\/izdelek\/obrocek-za-grizenje-sophie-la-girafe\/","name":"Obro\u010dek za grizenje Sophie la Girafe | Ajatutaja","isPartOf":{"@id":"https:\/\/ajatutaja.com\/#website"},"primaryImageOfPage":{"@id":"https:\/\/ajatutaja.com\/izdelek\/obrocek-za-grizenje-sophie-la-girafe\/#primaryimage"},"image":{"@id":"https:\/\/ajatutaja.com\/izdelek\/obrocek-za-grizenje-sophie-la-girafe\/#primaryimage"},"thumbnailUrl":"https:\/\/ajatutaja.com\/wp-content\/uploads\/2023\/06\/grizalo-sophie-la-girafe-0.jpg","datePublished":"2023-06-20T13:24:41+00:00","dateModified":"2026-03-04T11:53:12+00:00","description":"Obro\u010dek Sophie la Girafe je iz 100% naravnega kav\u010duka (brez ftalatov), pridobljenega iz soka drevesa kav\u010dukovca, iz fleksibilnih, obnovljivih materialov in netoksi\u010dnih barv.","breadcrumb":{"@id":"https:\/\/ajatutaja.com\/izdelek\/obrocek-za-grizenje-sophie-la-girafe\/#breadcrumb"},"inLanguage":"hr","potentialAction":[{"@type":"ReadAction","target":["https:\/\/ajatutaja.com\/izdelek\/obrocek-za-grizenje-sophie-la-girafe\/"]}]},{"@type":"ImageObject","inLanguage":"hr","@id":"https:\/\/ajatutaja.com\/izdelek\/obrocek-za-grizenje-sophie-la-girafe\/#primaryimage","url":"https:\/\/ajatutaja.com\/wp-content\/uploads\/2023\/06\/grizalo-sophie-la-girafe-0.jpg","contentUrl":"https:\/\/ajatutaja.com\/wp-content\/uploads\/2023\/06\/grizalo-sophie-la-girafe-0.jpg","width":800,"height":800},{"@type":"BreadcrumbList","@id":"https:\/\/ajatutaja.com\/izdelek\/obrocek-za-grizenje-sophie-la-girafe\/#breadcrumb","itemListElement":[{"@type":"ListItem","position":1,"name":"Home","item":"https:\/\/ajatutaja.com\/hr\/"},{"@type":"ListItem","position":2,"name":"Trgovina","item":"https:\/\/ajatutaja.com\/hr\/trgovina\/"},{"@type":"ListItem","position":3,"name":"Obro\u010dek za grizenje Sophie la Girafe"}]},{"@type":"WebSite","@id":"https:\/\/ajatutaja.com\/#website","url":"https:\/\/ajatutaja.com\/","name":"Ajatutaja","description":"Otro\u0161ka spletna trgovina AJATUTAJA","publisher":{"@id":"https:\/\/ajatutaja.com\/#organization"},"potentialAction":[{"@type":"SearchAction","target":{"@type":"EntryPoint","urlTemplate":"https:\/\/ajatutaja.com\/?s={search_term_string}"},"query-input":{"@type":"PropertyValueSpecification","valueRequired":true,"valueName":"search_term_string"}}],"inLanguage":"hr"},{"@type":"Organization","@id":"https:\/\/ajatutaja.com\/#organization","name":"Ajatutaja","url":"https:\/\/ajatutaja.com\/","logo":{"@type":"ImageObject","inLanguage":"hr","@id":"https:\/\/ajatutaja.com\/#\/schema\/logo\/image\/","url":"https:\/\/ajatutaja.com\/wp-content\/uploads\/2021\/10\/logo.png","contentUrl":"https:\/\/ajatutaja.com\/wp-content\/uploads\/2021\/10\/logo.png","width":555,"height":150,"caption":"Ajatutaja"},"image":{"@id":"https:\/\/ajatutaja.com\/#\/schema\/logo\/image\/"}}]}},"brands":[{"id":2269,"name":"Hranjenje","slug":"hranjenje"},{"id":2333,"name":"Vulli","slug":"vulli"}],"_links":{"self":[{"href":"https:\/\/ajatutaja.com\/hr\/wp-json\/wp\/v2\/product\/49460","targetHints":{"allow":["GET"]}}],"collection":[{"href":"https:\/\/ajatutaja.com\/hr\/wp-json\/wp\/v2\/product"}],"about":[{"href":"https:\/\/ajatutaja.com\/hr\/wp-json\/wp\/v2\/types\/product"}],"wp:featuredmedia":[{"embeddable":true,"href":"https:\/\/ajatutaja.com\/hr\/wp-json\/wp\/v2\/media\/49462"}],"wp:attachment":[{"href":"https:\/\/ajatutaja.com\/hr\/wp-json\/wp\/v2\/media?parent=49460"}],"wp:term":[{"taxonomy":"pwb-brand","embeddable":true,"href":"https:\/\/ajatutaja.com\/hr\/wp-json\/wp\/v2\/pwb-brand?post=49460"},{"taxonomy":"product_brand","embeddable":true,"href":"https:\/\/ajatutaja.com\/hr\/wp-json\/wp\/v2\/product_brand?post=49460"},{"taxonomy":"product_cat","embeddable":true,"href":"https:\/\/ajatutaja.com\/hr\/wp-json\/wp\/v2\/product_cat?post=49460"},{"taxonomy":"product_tag","embeddable":true,"href":"https:\/\/ajatutaja.com\/hr\/wp-json\/wp\/v2\/product_tag?post=49460"}],"curies":[{"name":"wp","href":"https:\/\/api.w.org\/{rel}","templated":true}]}}