{"id":49317,"date":"2023-06-13T08:14:37","date_gmt":"2023-06-13T06:14:37","guid":{"rendered":"https:\/\/ajatutaja.com\/?post_type=product&#038;p=49317"},"modified":"2025-12-02T10:44:37","modified_gmt":"2025-12-02T09:44:37","slug":"joie-otroska-obposteljna-posteljica-roomie-go-next-to-me","status":"publish","type":"product","link":"https:\/\/ajatutaja.com\/hr\/proizvod\/joie-otroska-obposteljna-posteljica-roomie-go-next-to-me\/","title":{"rendered":"Joie\u00ae otro\u0161ka obposteljna posteljica Roomie\u2122 Go next to me"},"content":{"rendered":"<p>[vc_row][vc_column][vc_column_text]Joie\u00ae Roomie\u2122 Go je zra\u010dna, udobna in nadvse prakti\u010dna posteljica za dojen\u010dka. Oblazinjena vzmetnica je oble\u010dena v zra\u010den material, tako da boste lahko pono\u010di mirno spali, tako va\u0161 mali zakladek, kakor tudi vi. Posteljica za dojen\u010dka Joie\u00ae Roomie\u2122 Go ima kar 5 razli\u010dnih vi\u0161inskih nastavitev, zato je povsem prilagodljiva in zdru\u017eljiva s prakti\u010dno vsako posteljo na tr\u017ei\u0161\u010du. Posteljico lahko prilagodite na poljubno vi\u0161ino, spreminjate naklon (omogo\u010dite vi\u0161je ali ni\u017eje vzglavje va\u0161emu malemu zakladku), posteljico lahko prilagodite tako, da je stranica dvignjena ali spu\u0161\u010dena. \u0160tevilne prilagoditve bodo poskrbele za odli\u010dno po\u010dutje vseh dru\u017einskih \u010dlanov. Prenosna in zlo\u017eljiva obposteljna posteljica Joie\u00ae Roomie\u2122 Go ima tudi kolesca, s katerimi lahko posteljico preprosto premikate po svojem stanovanju in jih zaklenete, ko \u017eelite posteljico obdr\u017eati na mestu.<\/p>\n<div class=\"value\">\n<h3><strong>Klju\u010dne lastnosti Roomie Go:<br \/>\n<\/strong><\/h3>\n<ul>\n<li>Uporaba\u00a0od\u00a0rojstva\u00a0do 9 kg<\/li>\n<li>Spalna povr\u0161ina\u00a0za\u00a0dnevni in no\u010dni po\u010ditek<\/li>\n<li>Posteljica doma in zlo\u017eljiva potovalna posteljica v enem<\/li>\n<li>Next to me posteljica omogo\u010da neposredno bli\u017eino otroka in mamice<\/li>\n<\/ul>\n<p><strong>Dimenzije in te\u017ea:<\/strong><\/p>\n<ul>\n<li>Dimenzije\u00a0posteljice\u00a0(dol\u017eina\u00a0x\u00a0\u0161irina\u00a0x\u00a0vi\u0161ina): 90,3 x 68,5 x 74,8-82,2\u00a0cm<\/li>\n<li>Te\u017ea:\u00a09,5 kg<\/li>\n<\/ul>\n<p><strong>Ogrodje in\u00a0vzmetnica:<\/strong><\/p>\n<ul>\n<li>Trdno, lahko\u00a0aluminijasto\u00a0ogrodje<\/li>\n<li>Enostavno\u00a0zlaganje\u00a0in sestavljanje\u00a0\u2013 prenosna, potovalna posteljica<\/li>\n<li>Edinstvena\u00a0otro\u0161ka posteljica,\u00a0ki\u00a0se pritrdi na rob va\u0161e postelje<\/li>\n<li>Kompaktne dimenzije zlo\u017eene posteljice in potovalna torba omogo\u010dajo enostavno potovanje in shranjevanje<\/li>\n<li>5\u00a0mo\u017enih vi\u0161inskih nastavitev<\/li>\n<li>Oblazinjeni\u00a0robovi\u00a0posteljice\u00a0zagotavljajo\u00a0varno\u00a0uporabo<\/li>\n<li>Mehka\u00a0in\u00a0udobna\u00a0vzmetnica z odstranljivo, pralno prevleko<\/li>\n<li>Tkanina:\u00a0vzdr\u017eljvi in zra\u010dni materiali, poliester<\/li>\n<li>\u010cudovit\u00a0videz\u00a0posteljice,\u00a0ki\u00a0se\u00a0vklopi\u00a0v\u00a0vsak\u00a0prostor<\/li>\n<li>Na voljo v treh \u010dudovitih, nevtralnih barvah<\/li>\n<\/ul>\n<div id=\"included-in-price\" class=\"data item content\" role=\"tabpanel\" aria-labelledby=\"tab-label-included-in-price\" data-role=\"content\" aria-hidden=\"false\">\n<div class=\"product attribute included-in-price\">\n<p><strong class=\"type\">Vklju\u010deno v ceno<\/strong><\/p>\n<div class=\"value\">\n<ul>\n<li>Ogrodje\u00a0posteljice<\/li>\n<li>Vzmetnica<\/li>\n<li>Potovalna\u00a0torba<\/li>\n<li>Trakovi za pritrjevanje na posteljo<\/li>\n<\/ul>\n<p><strong>DODATKI (MO\u017dNO DOKUPITI)\u00a0<\/strong><\/p>\n<ul>\n<li>Rjuha iz 100 % organskega bomba\u017ea<\/li>\n<\/ul>\n<\/div>\n<\/div>\n<\/div>\n<p><strong>Testi in certifikati:<\/strong><\/p>\n<ul>\n<li>Otro\u0161ka posteljica Joie\u00ae Roomie\u2122 Go je izdelana\u202fv skladu z evropskim standardom\u202f EN 1130:2019\/AC:2020<\/li>\n<li>Otro\u0161ka posteljica Joie\u00ae Roomie\u2122 Go je\u202fizdelana v skladu z evropskim standardom\u202fEN 16890:2017+A1:2021<\/li>\n<\/ul>\n<\/div>\n<p>[\/vc_column_text][\/vc_column][\/vc_row]<\/p>\n","protected":false},"excerpt":{"rendered":"<p>Roomie\u2122 Go je popolna otro\u0161ka posteljica za uporabo doma ali na po\u010ditnicah. Izjemno kakovostno, zra\u010dno in udobno le\u017ei\u0161\u010de zagotavlja prijetno in varno spanje novorojen\u010dku.\u00a0 Joie Roomie Go se zlo\u017ei v samo nekaj sekundah. To je prva obposteljna posteljica (s pomi\u010dno stranico) in prenosna posteljica v enem!<\/p>\n","protected":false},"featured_media":49327,"template":"","meta":[],"pwb-brand":[4525,2611],"product_brand":[],"product_cat":[2595,2401,2593,2596],"product_tag":[4073,4207],"class_list":{"0":"post-49317","1":"product","2":"type-product","3":"status-publish","4":"has-post-thumbnail","6":"pwb-brand-joie-vozicki","7":"pwb-brand-spanje","8":"product_cat-otroske-postelje","9":"product_cat-prenosne-postelje","10":"product_cat-spanje","11":"product_cat-zibelke-in-koski","12":"product_tag-joie","13":"product_tag-joie-roomie","15":"first","16":"onbackorder","17":"taxable","18":"shipping-taxable","19":"purchasable","20":"product-type-variable","21":"add-to-wishlist-before_image"},"yoast_head":"<!-- This site is optimized with the Yoast SEO plugin v27.3 - https:\/\/yoast.com\/product\/yoast-seo-wordpress\/ -->\n<title>Joie\u00ae otro\u0161ka obposteljna posteljica Roomie\u2122 Go next to me | Ajatutaja<\/title>\n<meta name=\"description\" content=\"To je prva obposteljna posteljica (s pomi\u010dno stranico) in prenosna posteljica v enem!Joie\u00ae Roomie\u2122 Go se zlo\u017ei v samo nekaj sekundah.\" \/>\n<meta name=\"robots\" content=\"index, follow, max-snippet:-1, max-image-preview:large, max-video-preview:-1\" \/>\n<link rel=\"canonical\" href=\"https:\/\/ajatutaja.com\/izdelek\/joie-otroska-obposteljna-posteljica-roomie-go-next-to-me\/\" \/>\n<meta property=\"og:locale\" content=\"hr_HR\" \/>\n<meta property=\"og:type\" content=\"article\" \/>\n<meta property=\"og:title\" content=\"Joie\u00ae otro\u0161ka obposteljna posteljica Roomie\u2122 Go next to me | Ajatutaja\" \/>\n<meta property=\"og:description\" content=\"To je prva obposteljna posteljica (s pomi\u010dno stranico) in prenosna posteljica v enem!Joie\u00ae Roomie\u2122 Go se zlo\u017ei v samo nekaj sekundah.\" \/>\n<meta property=\"og:url\" content=\"https:\/\/ajatutaja.com\/izdelek\/joie-otroska-obposteljna-posteljica-roomie-go-next-to-me\/\" \/>\n<meta property=\"og:site_name\" content=\"Ajatutaja\" \/>\n<meta property=\"article:modified_time\" content=\"2025-12-02T09:44:37+00:00\" \/>\n<meta property=\"og:image\" content=\"https:\/\/ajatutaja.com\/wp-content\/uploads\/2023\/06\/Joie-obposteljna-posteljica-roomie-go-shale-ajatutaja-1.png\" \/>\n\t<meta property=\"og:image:width\" content=\"1080\" \/>\n\t<meta property=\"og:image:height\" content=\"1080\" \/>\n\t<meta property=\"og:image:type\" content=\"image\/png\" \/>\n<meta name=\"twitter:card\" content=\"summary_large_image\" \/>\n<meta name=\"twitter:label1\" content=\"Procijenjeno vrijeme \u010ditanja\" \/>\n\t<meta name=\"twitter:data1\" content=\"2 minute\" \/>\n<script type=\"application\/ld+json\" class=\"yoast-schema-graph\">{\"@context\":\"https:\\\/\\\/schema.org\",\"@graph\":[{\"@type\":\"WebPage\",\"@id\":\"https:\\\/\\\/ajatutaja.com\\\/izdelek\\\/joie-otroska-obposteljna-posteljica-roomie-go-next-to-me\\\/\",\"url\":\"https:\\\/\\\/ajatutaja.com\\\/izdelek\\\/joie-otroska-obposteljna-posteljica-roomie-go-next-to-me\\\/\",\"name\":\"Joie\u00ae otro\u0161ka obposteljna posteljica Roomie\u2122 Go next to me | Ajatutaja\",\"isPartOf\":{\"@id\":\"https:\\\/\\\/ajatutaja.com\\\/#website\"},\"primaryImageOfPage\":{\"@id\":\"https:\\\/\\\/ajatutaja.com\\\/izdelek\\\/joie-otroska-obposteljna-posteljica-roomie-go-next-to-me\\\/#primaryimage\"},\"image\":{\"@id\":\"https:\\\/\\\/ajatutaja.com\\\/izdelek\\\/joie-otroska-obposteljna-posteljica-roomie-go-next-to-me\\\/#primaryimage\"},\"thumbnailUrl\":\"https:\\\/\\\/ajatutaja.com\\\/wp-content\\\/uploads\\\/2023\\\/06\\\/Joie-obposteljna-posteljica-roomie-go-shale-ajatutaja-1.png\",\"datePublished\":\"2023-06-13T06:14:37+00:00\",\"dateModified\":\"2025-12-02T09:44:37+00:00\",\"description\":\"To je prva obposteljna posteljica (s pomi\u010dno stranico) in prenosna posteljica v enem!Joie\u00ae Roomie\u2122 Go se zlo\u017ei v samo nekaj sekundah.\",\"breadcrumb\":{\"@id\":\"https:\\\/\\\/ajatutaja.com\\\/izdelek\\\/joie-otroska-obposteljna-posteljica-roomie-go-next-to-me\\\/#breadcrumb\"},\"inLanguage\":\"hr\",\"potentialAction\":[{\"@type\":\"ReadAction\",\"target\":[\"https:\\\/\\\/ajatutaja.com\\\/izdelek\\\/joie-otroska-obposteljna-posteljica-roomie-go-next-to-me\\\/\"]}]},{\"@type\":\"ImageObject\",\"inLanguage\":\"hr\",\"@id\":\"https:\\\/\\\/ajatutaja.com\\\/izdelek\\\/joie-otroska-obposteljna-posteljica-roomie-go-next-to-me\\\/#primaryimage\",\"url\":\"https:\\\/\\\/ajatutaja.com\\\/wp-content\\\/uploads\\\/2023\\\/06\\\/Joie-obposteljna-posteljica-roomie-go-shale-ajatutaja-1.png\",\"contentUrl\":\"https:\\\/\\\/ajatutaja.com\\\/wp-content\\\/uploads\\\/2023\\\/06\\\/Joie-obposteljna-posteljica-roomie-go-shale-ajatutaja-1.png\",\"width\":1080,\"height\":1080},{\"@type\":\"BreadcrumbList\",\"@id\":\"https:\\\/\\\/ajatutaja.com\\\/izdelek\\\/joie-otroska-obposteljna-posteljica-roomie-go-next-to-me\\\/#breadcrumb\",\"itemListElement\":[{\"@type\":\"ListItem\",\"position\":1,\"name\":\"Home\",\"item\":\"https:\\\/\\\/ajatutaja.com\\\/hr\\\/\"},{\"@type\":\"ListItem\",\"position\":2,\"name\":\"Trgovina\",\"item\":\"https:\\\/\\\/ajatutaja.com\\\/hr\\\/trgovina\\\/\"},{\"@type\":\"ListItem\",\"position\":3,\"name\":\"Joie\u00ae otro\u0161ka obposteljna posteljica Roomie\u2122 Go next to me\"}]},{\"@type\":\"WebSite\",\"@id\":\"https:\\\/\\\/ajatutaja.com\\\/#website\",\"url\":\"https:\\\/\\\/ajatutaja.com\\\/\",\"name\":\"Ajatutaja\",\"description\":\"Otro\u0161ka spletna trgovina AJATUTAJA\",\"publisher\":{\"@id\":\"https:\\\/\\\/ajatutaja.com\\\/#organization\"},\"potentialAction\":[{\"@type\":\"SearchAction\",\"target\":{\"@type\":\"EntryPoint\",\"urlTemplate\":\"https:\\\/\\\/ajatutaja.com\\\/?s={search_term_string}\"},\"query-input\":{\"@type\":\"PropertyValueSpecification\",\"valueRequired\":true,\"valueName\":\"search_term_string\"}}],\"inLanguage\":\"hr\"},{\"@type\":\"Organization\",\"@id\":\"https:\\\/\\\/ajatutaja.com\\\/#organization\",\"name\":\"Ajatutaja\",\"url\":\"https:\\\/\\\/ajatutaja.com\\\/\",\"logo\":{\"@type\":\"ImageObject\",\"inLanguage\":\"hr\",\"@id\":\"https:\\\/\\\/ajatutaja.com\\\/#\\\/schema\\\/logo\\\/image\\\/\",\"url\":\"https:\\\/\\\/ajatutaja.com\\\/wp-content\\\/uploads\\\/2021\\\/10\\\/logo.png\",\"contentUrl\":\"https:\\\/\\\/ajatutaja.com\\\/wp-content\\\/uploads\\\/2021\\\/10\\\/logo.png\",\"width\":555,\"height\":150,\"caption\":\"Ajatutaja\"},\"image\":{\"@id\":\"https:\\\/\\\/ajatutaja.com\\\/#\\\/schema\\\/logo\\\/image\\\/\"}}]}<\/script>\n<!-- \/ Yoast SEO plugin. -->","yoast_head_json":{"title":"Joie\u00ae otro\u0161ka obposteljna posteljica Roomie\u2122 Go next to me | Ajatutaja","description":"To je prva obposteljna posteljica (s pomi\u010dno stranico) in prenosna posteljica v enem!Joie\u00ae Roomie\u2122 Go se zlo\u017ei v samo nekaj sekundah.","robots":{"index":"index","follow":"follow","max-snippet":"max-snippet:-1","max-image-preview":"max-image-preview:large","max-video-preview":"max-video-preview:-1"},"canonical":"https:\/\/ajatutaja.com\/izdelek\/joie-otroska-obposteljna-posteljica-roomie-go-next-to-me\/","og_locale":"hr_HR","og_type":"article","og_title":"Joie\u00ae otro\u0161ka obposteljna posteljica Roomie\u2122 Go next to me | Ajatutaja","og_description":"To je prva obposteljna posteljica (s pomi\u010dno stranico) in prenosna posteljica v enem!Joie\u00ae Roomie\u2122 Go se zlo\u017ei v samo nekaj sekundah.","og_url":"https:\/\/ajatutaja.com\/izdelek\/joie-otroska-obposteljna-posteljica-roomie-go-next-to-me\/","og_site_name":"Ajatutaja","article_modified_time":"2025-12-02T09:44:37+00:00","og_image":[{"width":1080,"height":1080,"url":"https:\/\/ajatutaja.com\/wp-content\/uploads\/2023\/06\/Joie-obposteljna-posteljica-roomie-go-shale-ajatutaja-1.png","type":"image\/png"}],"twitter_card":"summary_large_image","twitter_misc":{"Procijenjeno vrijeme \u010ditanja":"2 minute"},"schema":{"@context":"https:\/\/schema.org","@graph":[{"@type":"WebPage","@id":"https:\/\/ajatutaja.com\/izdelek\/joie-otroska-obposteljna-posteljica-roomie-go-next-to-me\/","url":"https:\/\/ajatutaja.com\/izdelek\/joie-otroska-obposteljna-posteljica-roomie-go-next-to-me\/","name":"Joie\u00ae otro\u0161ka obposteljna posteljica Roomie\u2122 Go next to me | Ajatutaja","isPartOf":{"@id":"https:\/\/ajatutaja.com\/#website"},"primaryImageOfPage":{"@id":"https:\/\/ajatutaja.com\/izdelek\/joie-otroska-obposteljna-posteljica-roomie-go-next-to-me\/#primaryimage"},"image":{"@id":"https:\/\/ajatutaja.com\/izdelek\/joie-otroska-obposteljna-posteljica-roomie-go-next-to-me\/#primaryimage"},"thumbnailUrl":"https:\/\/ajatutaja.com\/wp-content\/uploads\/2023\/06\/Joie-obposteljna-posteljica-roomie-go-shale-ajatutaja-1.png","datePublished":"2023-06-13T06:14:37+00:00","dateModified":"2025-12-02T09:44:37+00:00","description":"To je prva obposteljna posteljica (s pomi\u010dno stranico) in prenosna posteljica v enem!Joie\u00ae Roomie\u2122 Go se zlo\u017ei v samo nekaj sekundah.","breadcrumb":{"@id":"https:\/\/ajatutaja.com\/izdelek\/joie-otroska-obposteljna-posteljica-roomie-go-next-to-me\/#breadcrumb"},"inLanguage":"hr","potentialAction":[{"@type":"ReadAction","target":["https:\/\/ajatutaja.com\/izdelek\/joie-otroska-obposteljna-posteljica-roomie-go-next-to-me\/"]}]},{"@type":"ImageObject","inLanguage":"hr","@id":"https:\/\/ajatutaja.com\/izdelek\/joie-otroska-obposteljna-posteljica-roomie-go-next-to-me\/#primaryimage","url":"https:\/\/ajatutaja.com\/wp-content\/uploads\/2023\/06\/Joie-obposteljna-posteljica-roomie-go-shale-ajatutaja-1.png","contentUrl":"https:\/\/ajatutaja.com\/wp-content\/uploads\/2023\/06\/Joie-obposteljna-posteljica-roomie-go-shale-ajatutaja-1.png","width":1080,"height":1080},{"@type":"BreadcrumbList","@id":"https:\/\/ajatutaja.com\/izdelek\/joie-otroska-obposteljna-posteljica-roomie-go-next-to-me\/#breadcrumb","itemListElement":[{"@type":"ListItem","position":1,"name":"Home","item":"https:\/\/ajatutaja.com\/hr\/"},{"@type":"ListItem","position":2,"name":"Trgovina","item":"https:\/\/ajatutaja.com\/hr\/trgovina\/"},{"@type":"ListItem","position":3,"name":"Joie\u00ae otro\u0161ka obposteljna posteljica Roomie\u2122 Go next to me"}]},{"@type":"WebSite","@id":"https:\/\/ajatutaja.com\/#website","url":"https:\/\/ajatutaja.com\/","name":"Ajatutaja","description":"Otro\u0161ka spletna trgovina AJATUTAJA","publisher":{"@id":"https:\/\/ajatutaja.com\/#organization"},"potentialAction":[{"@type":"SearchAction","target":{"@type":"EntryPoint","urlTemplate":"https:\/\/ajatutaja.com\/?s={search_term_string}"},"query-input":{"@type":"PropertyValueSpecification","valueRequired":true,"valueName":"search_term_string"}}],"inLanguage":"hr"},{"@type":"Organization","@id":"https:\/\/ajatutaja.com\/#organization","name":"Ajatutaja","url":"https:\/\/ajatutaja.com\/","logo":{"@type":"ImageObject","inLanguage":"hr","@id":"https:\/\/ajatutaja.com\/#\/schema\/logo\/image\/","url":"https:\/\/ajatutaja.com\/wp-content\/uploads\/2021\/10\/logo.png","contentUrl":"https:\/\/ajatutaja.com\/wp-content\/uploads\/2021\/10\/logo.png","width":555,"height":150,"caption":"Ajatutaja"},"image":{"@id":"https:\/\/ajatutaja.com\/#\/schema\/logo\/image\/"}}]}},"brands":[{"id":4525,"name":"Joie","slug":"joie-vozicki"},{"id":2611,"name":"Spanje","slug":"spanje"}],"_links":{"self":[{"href":"https:\/\/ajatutaja.com\/hr\/wp-json\/wp\/v2\/product\/49317","targetHints":{"allow":["GET"]}}],"collection":[{"href":"https:\/\/ajatutaja.com\/hr\/wp-json\/wp\/v2\/product"}],"about":[{"href":"https:\/\/ajatutaja.com\/hr\/wp-json\/wp\/v2\/types\/product"}],"wp:featuredmedia":[{"embeddable":true,"href":"https:\/\/ajatutaja.com\/hr\/wp-json\/wp\/v2\/media\/49327"}],"wp:attachment":[{"href":"https:\/\/ajatutaja.com\/hr\/wp-json\/wp\/v2\/media?parent=49317"}],"wp:term":[{"taxonomy":"pwb-brand","embeddable":true,"href":"https:\/\/ajatutaja.com\/hr\/wp-json\/wp\/v2\/pwb-brand?post=49317"},{"taxonomy":"product_brand","embeddable":true,"href":"https:\/\/ajatutaja.com\/hr\/wp-json\/wp\/v2\/product_brand?post=49317"},{"taxonomy":"product_cat","embeddable":true,"href":"https:\/\/ajatutaja.com\/hr\/wp-json\/wp\/v2\/product_cat?post=49317"},{"taxonomy":"product_tag","embeddable":true,"href":"https:\/\/ajatutaja.com\/hr\/wp-json\/wp\/v2\/product_tag?post=49317"}],"curies":[{"name":"wp","href":"https:\/\/api.w.org\/{rel}","templated":true}]}}