{"id":48823,"date":"2024-05-19T12:21:59","date_gmt":"2024-05-19T10:21:59","guid":{"rendered":"https:\/\/ajatutaja.com\/?post_type=product&#038;p=48823"},"modified":"2026-03-12T14:52:01","modified_gmt":"2026-03-12T13:52:01","slug":"lesen-vozicek-za-puncke-little-dutch","status":"publish","type":"product","link":"https:\/\/ajatutaja.com\/hr\/proizvod\/lesen-vozicek-za-puncke-little-dutch\/","title":{"rendered":"Lesen retro vozi\u010dek za pun\u010dke Little Dutch"},"content":{"rendered":"<p>[vc_row][vc_column][vc_column_text]Igra vlog spodbuja ustvarjalnost in domi\u0161ljijo va\u0161ega otroka. Obenem je ta vozi\u010dek odli\u010den za razvoj ravnote\u017eja, koordinacije in motori\u010dnih sposobnosti. Zahvaljujo\u010d gumijastim trakom vam ne bo treba skrbeti za va\u0161a tla, ko se va\u0161 otrok sprehaja po sobi.<\/p>\n<h3>Lastnosi lesenega vozi\u010dka Little Dutch:<\/h3>\n<ul>\n<li>Izdelano iz lesa + tekstil (posteljnina za pun\u010dko)<\/li>\n<li>Starost: 18+ mesecev<\/li>\n<li>Dimenzije: 41 x 25 x 44.5 cm<\/li>\n<li>Barvano z otrokom prijaznimi barvami na vodni osnovi<\/li>\n<\/ul>\n<p>Varno za otroke &#8211; izdelek je skladen z evropsko uredbo REACH in evropsko direktivo EN-71.[\/vc_column_text][\/vc_column][\/vc_row]<\/p>\n","protected":false},"excerpt":{"rendered":"<p><span lang=\"sl\">Vozi\u010dek <\/span>za pun\u010dke Little Dutch z retro pridihom je narejen iz trdnega lesa in kot nala\u0161\u010d za pomo\u010d va\u0161emu dojen\u010dku pri prvih korakih. Otroci radi posnemajo svoje star\u0161e in se pretvarjajo, da so mama ali o\u010de, tako da skrbijo za svoje pun\u010dke in igra\u010de za crkljanje.<\/p>\n","protected":false},"featured_media":48833,"template":"","meta":[],"pwb-brand":[2452,2457],"product_brand":[],"product_cat":[3990,5072,2713,2362,2448,2443],"product_tag":[4002,4831],"class_list":{"0":"post-48823","1":"product","2":"type-product","3":"status-publish","4":"has-post-thumbnail","6":"pwb-brand-igranje","7":"pwb-brand-little-dutch-igra","8":"product_cat-18-mesecev-igrace","9":"product_cat-bozicna-darila","10":"product_cat-darilo-za-deklico","11":"product_cat-igranje","12":"product_cat-igranje-vlog","13":"product_cat-lesene-igrace","14":"product_tag-little-dutch","15":"product_tag-mehke-puncke","17":"first","18":"instock","19":"taxable","20":"shipping-taxable","21":"purchasable","22":"product-type-simple","23":"add-to-wishlist-before_image"},"yoast_head":"<!-- This site is optimized with the Yoast SEO plugin v27.3 - https:\/\/yoast.com\/product\/yoast-seo-wordpress\/ -->\n<title>Lesen retro vozi\u010dek za pun\u010dke Little Dutch | Ajatutaja<\/title>\n<meta name=\"description\" content=\"Vozi\u010dek za pun\u010dke Little Dutch z retro pridihom je narejen iz trdnega lesa in kot nala\u0161\u010d za pomo\u010d va\u0161emu dojen\u010dku pri prvih korakih. Otroci radi posnemajo svoje star\u0161e in se pretvarjajo, da so mama ali o\u010de, tako da skrbijo za svoje pun\u010dke in igra\u010de za crkljanje.\" \/>\n<meta name=\"robots\" content=\"index, follow, max-snippet:-1, max-image-preview:large, max-video-preview:-1\" \/>\n<link rel=\"canonical\" href=\"https:\/\/ajatutaja.com\/izdelek\/lesen-vozicek-za-puncke-little-dutch\/\" \/>\n<meta property=\"og:locale\" content=\"hr_HR\" \/>\n<meta property=\"og:type\" content=\"article\" \/>\n<meta property=\"og:title\" content=\"Lesen retro vozi\u010dek za pun\u010dke Little Dutch | Ajatutaja\" \/>\n<meta property=\"og:description\" content=\"Vozi\u010dek za pun\u010dke Little Dutch z retro pridihom je narejen iz trdnega lesa in kot nala\u0161\u010d za pomo\u010d va\u0161emu dojen\u010dku pri prvih korakih. Otroci radi posnemajo svoje star\u0161e in se pretvarjajo, da so mama ali o\u010de, tako da skrbijo za svoje pun\u010dke in igra\u010de za crkljanje.\" \/>\n<meta property=\"og:url\" content=\"https:\/\/ajatutaja.com\/izdelek\/lesen-vozicek-za-puncke-little-dutch\/\" \/>\n<meta property=\"og:site_name\" content=\"Ajatutaja\" \/>\n<meta property=\"article:modified_time\" content=\"2026-03-12T13:52:01+00:00\" \/>\n<meta property=\"og:image\" content=\"https:\/\/ajatutaja.com\/wp-content\/uploads\/2023\/05\/0-lesen-vozicek-za-puncke-little-dutch-ajatutaja-2.jpg\" \/>\n\t<meta property=\"og:image:width\" content=\"1000\" \/>\n\t<meta property=\"og:image:height\" content=\"1000\" \/>\n\t<meta property=\"og:image:type\" content=\"image\/jpeg\" \/>\n<meta name=\"twitter:card\" content=\"summary_large_image\" \/>\n<meta name=\"twitter:label1\" content=\"Procijenjeno vrijeme \u010ditanja\" \/>\n\t<meta name=\"twitter:data1\" content=\"1 minuta\" \/>\n<script type=\"application\/ld+json\" class=\"yoast-schema-graph\">{\"@context\":\"https:\\\/\\\/schema.org\",\"@graph\":[{\"@type\":\"WebPage\",\"@id\":\"https:\\\/\\\/ajatutaja.com\\\/izdelek\\\/lesen-vozicek-za-puncke-little-dutch\\\/\",\"url\":\"https:\\\/\\\/ajatutaja.com\\\/izdelek\\\/lesen-vozicek-za-puncke-little-dutch\\\/\",\"name\":\"Lesen retro vozi\u010dek za pun\u010dke Little Dutch | Ajatutaja\",\"isPartOf\":{\"@id\":\"https:\\\/\\\/ajatutaja.com\\\/#website\"},\"primaryImageOfPage\":{\"@id\":\"https:\\\/\\\/ajatutaja.com\\\/izdelek\\\/lesen-vozicek-za-puncke-little-dutch\\\/#primaryimage\"},\"image\":{\"@id\":\"https:\\\/\\\/ajatutaja.com\\\/izdelek\\\/lesen-vozicek-za-puncke-little-dutch\\\/#primaryimage\"},\"thumbnailUrl\":\"https:\\\/\\\/ajatutaja.com\\\/wp-content\\\/uploads\\\/2023\\\/05\\\/0-lesen-vozicek-za-puncke-little-dutch-ajatutaja-2.jpg\",\"datePublished\":\"2024-05-19T10:21:59+00:00\",\"dateModified\":\"2026-03-12T13:52:01+00:00\",\"description\":\"Vozi\u010dek za pun\u010dke Little Dutch z retro pridihom je narejen iz trdnega lesa in kot nala\u0161\u010d za pomo\u010d va\u0161emu dojen\u010dku pri prvih korakih. Otroci radi posnemajo svoje star\u0161e in se pretvarjajo, da so mama ali o\u010de, tako da skrbijo za svoje pun\u010dke in igra\u010de za crkljanje.\",\"breadcrumb\":{\"@id\":\"https:\\\/\\\/ajatutaja.com\\\/izdelek\\\/lesen-vozicek-za-puncke-little-dutch\\\/#breadcrumb\"},\"inLanguage\":\"hr\",\"potentialAction\":[{\"@type\":\"ReadAction\",\"target\":[\"https:\\\/\\\/ajatutaja.com\\\/izdelek\\\/lesen-vozicek-za-puncke-little-dutch\\\/\"]}]},{\"@type\":\"ImageObject\",\"inLanguage\":\"hr\",\"@id\":\"https:\\\/\\\/ajatutaja.com\\\/izdelek\\\/lesen-vozicek-za-puncke-little-dutch\\\/#primaryimage\",\"url\":\"https:\\\/\\\/ajatutaja.com\\\/wp-content\\\/uploads\\\/2023\\\/05\\\/0-lesen-vozicek-za-puncke-little-dutch-ajatutaja-2.jpg\",\"contentUrl\":\"https:\\\/\\\/ajatutaja.com\\\/wp-content\\\/uploads\\\/2023\\\/05\\\/0-lesen-vozicek-za-puncke-little-dutch-ajatutaja-2.jpg\",\"width\":1000,\"height\":1000},{\"@type\":\"BreadcrumbList\",\"@id\":\"https:\\\/\\\/ajatutaja.com\\\/izdelek\\\/lesen-vozicek-za-puncke-little-dutch\\\/#breadcrumb\",\"itemListElement\":[{\"@type\":\"ListItem\",\"position\":1,\"name\":\"Home\",\"item\":\"https:\\\/\\\/ajatutaja.com\\\/hr\\\/\"},{\"@type\":\"ListItem\",\"position\":2,\"name\":\"Trgovina\",\"item\":\"https:\\\/\\\/ajatutaja.com\\\/hr\\\/trgovina\\\/\"},{\"@type\":\"ListItem\",\"position\":3,\"name\":\"Lesen retro vozi\u010dek za pun\u010dke Little Dutch\"}]},{\"@type\":\"WebSite\",\"@id\":\"https:\\\/\\\/ajatutaja.com\\\/#website\",\"url\":\"https:\\\/\\\/ajatutaja.com\\\/\",\"name\":\"Ajatutaja\",\"description\":\"Otro\u0161ka spletna trgovina AJATUTAJA\",\"publisher\":{\"@id\":\"https:\\\/\\\/ajatutaja.com\\\/#organization\"},\"potentialAction\":[{\"@type\":\"SearchAction\",\"target\":{\"@type\":\"EntryPoint\",\"urlTemplate\":\"https:\\\/\\\/ajatutaja.com\\\/?s={search_term_string}\"},\"query-input\":{\"@type\":\"PropertyValueSpecification\",\"valueRequired\":true,\"valueName\":\"search_term_string\"}}],\"inLanguage\":\"hr\"},{\"@type\":\"Organization\",\"@id\":\"https:\\\/\\\/ajatutaja.com\\\/#organization\",\"name\":\"Ajatutaja\",\"url\":\"https:\\\/\\\/ajatutaja.com\\\/\",\"logo\":{\"@type\":\"ImageObject\",\"inLanguage\":\"hr\",\"@id\":\"https:\\\/\\\/ajatutaja.com\\\/#\\\/schema\\\/logo\\\/image\\\/\",\"url\":\"https:\\\/\\\/ajatutaja.com\\\/wp-content\\\/uploads\\\/2021\\\/10\\\/logo.png\",\"contentUrl\":\"https:\\\/\\\/ajatutaja.com\\\/wp-content\\\/uploads\\\/2021\\\/10\\\/logo.png\",\"width\":555,\"height\":150,\"caption\":\"Ajatutaja\"},\"image\":{\"@id\":\"https:\\\/\\\/ajatutaja.com\\\/#\\\/schema\\\/logo\\\/image\\\/\"}}]}<\/script>\n<!-- \/ Yoast SEO plugin. -->","yoast_head_json":{"title":"Lesen retro vozi\u010dek za pun\u010dke Little Dutch | Ajatutaja","description":"Vozi\u010dek za pun\u010dke Little Dutch z retro pridihom je narejen iz trdnega lesa in kot nala\u0161\u010d za pomo\u010d va\u0161emu dojen\u010dku pri prvih korakih. Otroci radi posnemajo svoje star\u0161e in se pretvarjajo, da so mama ali o\u010de, tako da skrbijo za svoje pun\u010dke in igra\u010de za crkljanje.","robots":{"index":"index","follow":"follow","max-snippet":"max-snippet:-1","max-image-preview":"max-image-preview:large","max-video-preview":"max-video-preview:-1"},"canonical":"https:\/\/ajatutaja.com\/izdelek\/lesen-vozicek-za-puncke-little-dutch\/","og_locale":"hr_HR","og_type":"article","og_title":"Lesen retro vozi\u010dek za pun\u010dke Little Dutch | Ajatutaja","og_description":"Vozi\u010dek za pun\u010dke Little Dutch z retro pridihom je narejen iz trdnega lesa in kot nala\u0161\u010d za pomo\u010d va\u0161emu dojen\u010dku pri prvih korakih. Otroci radi posnemajo svoje star\u0161e in se pretvarjajo, da so mama ali o\u010de, tako da skrbijo za svoje pun\u010dke in igra\u010de za crkljanje.","og_url":"https:\/\/ajatutaja.com\/izdelek\/lesen-vozicek-za-puncke-little-dutch\/","og_site_name":"Ajatutaja","article_modified_time":"2026-03-12T13:52:01+00:00","og_image":[{"width":1000,"height":1000,"url":"https:\/\/ajatutaja.com\/wp-content\/uploads\/2023\/05\/0-lesen-vozicek-za-puncke-little-dutch-ajatutaja-2.jpg","type":"image\/jpeg"}],"twitter_card":"summary_large_image","twitter_misc":{"Procijenjeno vrijeme \u010ditanja":"1 minuta"},"schema":{"@context":"https:\/\/schema.org","@graph":[{"@type":"WebPage","@id":"https:\/\/ajatutaja.com\/izdelek\/lesen-vozicek-za-puncke-little-dutch\/","url":"https:\/\/ajatutaja.com\/izdelek\/lesen-vozicek-za-puncke-little-dutch\/","name":"Lesen retro vozi\u010dek za pun\u010dke Little Dutch | Ajatutaja","isPartOf":{"@id":"https:\/\/ajatutaja.com\/#website"},"primaryImageOfPage":{"@id":"https:\/\/ajatutaja.com\/izdelek\/lesen-vozicek-za-puncke-little-dutch\/#primaryimage"},"image":{"@id":"https:\/\/ajatutaja.com\/izdelek\/lesen-vozicek-za-puncke-little-dutch\/#primaryimage"},"thumbnailUrl":"https:\/\/ajatutaja.com\/wp-content\/uploads\/2023\/05\/0-lesen-vozicek-za-puncke-little-dutch-ajatutaja-2.jpg","datePublished":"2024-05-19T10:21:59+00:00","dateModified":"2026-03-12T13:52:01+00:00","description":"Vozi\u010dek za pun\u010dke Little Dutch z retro pridihom je narejen iz trdnega lesa in kot nala\u0161\u010d za pomo\u010d va\u0161emu dojen\u010dku pri prvih korakih. Otroci radi posnemajo svoje star\u0161e in se pretvarjajo, da so mama ali o\u010de, tako da skrbijo za svoje pun\u010dke in igra\u010de za crkljanje.","breadcrumb":{"@id":"https:\/\/ajatutaja.com\/izdelek\/lesen-vozicek-za-puncke-little-dutch\/#breadcrumb"},"inLanguage":"hr","potentialAction":[{"@type":"ReadAction","target":["https:\/\/ajatutaja.com\/izdelek\/lesen-vozicek-za-puncke-little-dutch\/"]}]},{"@type":"ImageObject","inLanguage":"hr","@id":"https:\/\/ajatutaja.com\/izdelek\/lesen-vozicek-za-puncke-little-dutch\/#primaryimage","url":"https:\/\/ajatutaja.com\/wp-content\/uploads\/2023\/05\/0-lesen-vozicek-za-puncke-little-dutch-ajatutaja-2.jpg","contentUrl":"https:\/\/ajatutaja.com\/wp-content\/uploads\/2023\/05\/0-lesen-vozicek-za-puncke-little-dutch-ajatutaja-2.jpg","width":1000,"height":1000},{"@type":"BreadcrumbList","@id":"https:\/\/ajatutaja.com\/izdelek\/lesen-vozicek-za-puncke-little-dutch\/#breadcrumb","itemListElement":[{"@type":"ListItem","position":1,"name":"Home","item":"https:\/\/ajatutaja.com\/hr\/"},{"@type":"ListItem","position":2,"name":"Trgovina","item":"https:\/\/ajatutaja.com\/hr\/trgovina\/"},{"@type":"ListItem","position":3,"name":"Lesen retro vozi\u010dek za pun\u010dke Little Dutch"}]},{"@type":"WebSite","@id":"https:\/\/ajatutaja.com\/#website","url":"https:\/\/ajatutaja.com\/","name":"Ajatutaja","description":"Otro\u0161ka spletna trgovina AJATUTAJA","publisher":{"@id":"https:\/\/ajatutaja.com\/#organization"},"potentialAction":[{"@type":"SearchAction","target":{"@type":"EntryPoint","urlTemplate":"https:\/\/ajatutaja.com\/?s={search_term_string}"},"query-input":{"@type":"PropertyValueSpecification","valueRequired":true,"valueName":"search_term_string"}}],"inLanguage":"hr"},{"@type":"Organization","@id":"https:\/\/ajatutaja.com\/#organization","name":"Ajatutaja","url":"https:\/\/ajatutaja.com\/","logo":{"@type":"ImageObject","inLanguage":"hr","@id":"https:\/\/ajatutaja.com\/#\/schema\/logo\/image\/","url":"https:\/\/ajatutaja.com\/wp-content\/uploads\/2021\/10\/logo.png","contentUrl":"https:\/\/ajatutaja.com\/wp-content\/uploads\/2021\/10\/logo.png","width":555,"height":150,"caption":"Ajatutaja"},"image":{"@id":"https:\/\/ajatutaja.com\/#\/schema\/logo\/image\/"}}]}},"brands":[{"id":2452,"name":"Igranje","slug":"igranje"},{"id":2457,"name":"Little Dutch","slug":"little-dutch-igra"}],"_links":{"self":[{"href":"https:\/\/ajatutaja.com\/hr\/wp-json\/wp\/v2\/product\/48823","targetHints":{"allow":["GET"]}}],"collection":[{"href":"https:\/\/ajatutaja.com\/hr\/wp-json\/wp\/v2\/product"}],"about":[{"href":"https:\/\/ajatutaja.com\/hr\/wp-json\/wp\/v2\/types\/product"}],"wp:featuredmedia":[{"embeddable":true,"href":"https:\/\/ajatutaja.com\/hr\/wp-json\/wp\/v2\/media\/48833"}],"wp:attachment":[{"href":"https:\/\/ajatutaja.com\/hr\/wp-json\/wp\/v2\/media?parent=48823"}],"wp:term":[{"taxonomy":"pwb-brand","embeddable":true,"href":"https:\/\/ajatutaja.com\/hr\/wp-json\/wp\/v2\/pwb-brand?post=48823"},{"taxonomy":"product_brand","embeddable":true,"href":"https:\/\/ajatutaja.com\/hr\/wp-json\/wp\/v2\/product_brand?post=48823"},{"taxonomy":"product_cat","embeddable":true,"href":"https:\/\/ajatutaja.com\/hr\/wp-json\/wp\/v2\/product_cat?post=48823"},{"taxonomy":"product_tag","embeddable":true,"href":"https:\/\/ajatutaja.com\/hr\/wp-json\/wp\/v2\/product_tag?post=48823"}],"curies":[{"name":"wp","href":"https:\/\/api.w.org\/{rel}","templated":true}]}}