{"id":48767,"date":"2023-05-18T11:55:04","date_gmt":"2023-05-18T09:55:04","guid":{"rendered":"https:\/\/ajatutaja.com\/?post_type=product&#038;p=48767"},"modified":"2025-01-22T10:34:59","modified_gmt":"2025-01-22T09:34:59","slug":"zvezek-z-nalepkami-in-voscenkami-stephen-joseph-morska-deklica","status":"publish","type":"product","link":"https:\/\/ajatutaja.com\/hr\/proizvod\/zvezek-z-nalepkami-in-voscenkami-stephen-joseph-morska-deklica\/","title":{"rendered":"Zvezek z nalepkami in vo\u0161\u010denkami Stephen Joseph &#8211; Morska Deklica"},"content":{"rendered":"<h3>Lastnosti zvezka Stephen Joseph:<\/h3>\n<ul>\n<li>Dimenzije zvezka: 24cm x 23cm<\/li>\n<li>\u0160tevilo strani: 100<\/li>\n<li>Vsebuje 2 seta nalepk in 6 vo\u0161\u010denih barvic (v pvc mini peresnici)<\/li>\n<\/ul>\n","protected":false},"excerpt":{"rendered":"<p>Zvezek z nalepkami in vo\u0161\u010denimi barvicami Stephen Joseph je pravi pripomo\u010dek za pisanje, risanje in lepljenje in bo va\u0161emu otroku nudil veliko zabave pri kreacijah. Priro\u010den je tudi za prena\u0161anje. Zvezek vsebuje 100 strani listov, 2 seta nalepk ter 6 vo\u0161\u010denk (v pvc mini peresnici).<\/p>\n","protected":false},"featured_media":48754,"template":"","meta":[],"pwb-brand":[2452,2460],"product_brand":[],"product_cat":[3992,2610,2715,2362,5412],"product_tag":[4042,3980,5264],"class_list":{"0":"post-48767","1":"product","2":"type-product","3":"status-publish","4":"has-post-thumbnail","6":"pwb-brand-igranje","7":"pwb-brand-stephen-joseph-igranje","8":"product_cat-3-leta-igrace","9":"product_cat-darila","10":"product_cat-darilo-do-15e","11":"product_cat-igranje","12":"product_cat-ustvarjalne-igrace","13":"product_tag-morska-deklica","14":"product_tag-stephen-joseph","15":"product_tag-stephen-joseph-zvezki","17":"first","18":"instock","19":"taxable","20":"shipping-taxable","21":"purchasable","22":"product-type-simple","23":"add-to-wishlist-before_image"},"yoast_head":"<!-- This site is optimized with the Yoast SEO plugin v27.3 - https:\/\/yoast.com\/product\/yoast-seo-wordpress\/ -->\n<title>Zvezek z nalepkami in vo\u0161\u010denkami Stephen Joseph - Morska Deklica | Ajatutaja<\/title>\n<meta name=\"description\" content=\"Zvezek z nalepkami in vo\u0161\u010denimi barvicami Stephen Joseph je pravi pripomo\u010dek za pisanje, risanje in lepljenje in bo va\u0161emu otroku nudil veliko zabave pri kreacijah. Priro\u010den je tudi za prena\u0161anje.\" \/>\n<meta name=\"robots\" content=\"index, follow, max-snippet:-1, max-image-preview:large, max-video-preview:-1\" \/>\n<link rel=\"canonical\" href=\"https:\/\/ajatutaja.com\/izdelek\/zvezek-z-nalepkami-in-voscenkami-stephen-joseph-morska-deklica\/\" \/>\n<meta property=\"og:locale\" content=\"hr_HR\" \/>\n<meta property=\"og:type\" content=\"article\" \/>\n<meta property=\"og:title\" content=\"Zvezek z nalepkami in vo\u0161\u010denkami Stephen Joseph - Morska Deklica | Ajatutaja\" \/>\n<meta property=\"og:description\" content=\"Zvezek z nalepkami in vo\u0161\u010denimi barvicami Stephen Joseph je pravi pripomo\u010dek za pisanje, risanje in lepljenje in bo va\u0161emu otroku nudil veliko zabave pri kreacijah. Priro\u010den je tudi za prena\u0161anje.\" \/>\n<meta property=\"og:url\" content=\"https:\/\/ajatutaja.com\/izdelek\/zvezek-z-nalepkami-in-voscenkami-stephen-joseph-morska-deklica\/\" \/>\n<meta property=\"og:site_name\" content=\"Ajatutaja\" \/>\n<meta property=\"article:modified_time\" content=\"2025-01-22T09:34:59+00:00\" \/>\n<meta property=\"og:image\" content=\"https:\/\/ajatutaja.com\/wp-content\/uploads\/2023\/05\/stephen-joseph-zvezek-z-nalepkami-in-voscenimi-barvicami-MORSKA-DEKLICA-ajtutaja-1-1024x1024.jpeg\" \/>\n\t<meta property=\"og:image:width\" content=\"1024\" \/>\n\t<meta property=\"og:image:height\" content=\"1024\" \/>\n\t<meta property=\"og:image:type\" content=\"image\/jpeg\" \/>\n<meta name=\"twitter:card\" content=\"summary_large_image\" \/>\n<script type=\"application\/ld+json\" class=\"yoast-schema-graph\">{\"@context\":\"https:\\\/\\\/schema.org\",\"@graph\":[{\"@type\":\"WebPage\",\"@id\":\"https:\\\/\\\/ajatutaja.com\\\/izdelek\\\/zvezek-z-nalepkami-in-voscenkami-stephen-joseph-morska-deklica\\\/\",\"url\":\"https:\\\/\\\/ajatutaja.com\\\/izdelek\\\/zvezek-z-nalepkami-in-voscenkami-stephen-joseph-morska-deklica\\\/\",\"name\":\"Zvezek z nalepkami in vo\u0161\u010denkami Stephen Joseph - Morska Deklica | Ajatutaja\",\"isPartOf\":{\"@id\":\"https:\\\/\\\/ajatutaja.com\\\/#website\"},\"primaryImageOfPage\":{\"@id\":\"https:\\\/\\\/ajatutaja.com\\\/izdelek\\\/zvezek-z-nalepkami-in-voscenkami-stephen-joseph-morska-deklica\\\/#primaryimage\"},\"image\":{\"@id\":\"https:\\\/\\\/ajatutaja.com\\\/izdelek\\\/zvezek-z-nalepkami-in-voscenkami-stephen-joseph-morska-deklica\\\/#primaryimage\"},\"thumbnailUrl\":\"https:\\\/\\\/ajatutaja.com\\\/wp-content\\\/uploads\\\/2023\\\/05\\\/stephen-joseph-zvezek-z-nalepkami-in-voscenimi-barvicami-MORSKA-DEKLICA-ajtutaja-1.jpeg\",\"datePublished\":\"2023-05-18T09:55:04+00:00\",\"dateModified\":\"2025-01-22T09:34:59+00:00\",\"description\":\"Zvezek z nalepkami in vo\u0161\u010denimi barvicami Stephen Joseph je pravi pripomo\u010dek za pisanje, risanje in lepljenje in bo va\u0161emu otroku nudil veliko zabave pri kreacijah. Priro\u010den je tudi za prena\u0161anje.\",\"breadcrumb\":{\"@id\":\"https:\\\/\\\/ajatutaja.com\\\/izdelek\\\/zvezek-z-nalepkami-in-voscenkami-stephen-joseph-morska-deklica\\\/#breadcrumb\"},\"inLanguage\":\"hr\",\"potentialAction\":[{\"@type\":\"ReadAction\",\"target\":[\"https:\\\/\\\/ajatutaja.com\\\/izdelek\\\/zvezek-z-nalepkami-in-voscenkami-stephen-joseph-morska-deklica\\\/\"]}]},{\"@type\":\"ImageObject\",\"inLanguage\":\"hr\",\"@id\":\"https:\\\/\\\/ajatutaja.com\\\/izdelek\\\/zvezek-z-nalepkami-in-voscenkami-stephen-joseph-morska-deklica\\\/#primaryimage\",\"url\":\"https:\\\/\\\/ajatutaja.com\\\/wp-content\\\/uploads\\\/2023\\\/05\\\/stephen-joseph-zvezek-z-nalepkami-in-voscenimi-barvicami-MORSKA-DEKLICA-ajtutaja-1.jpeg\",\"contentUrl\":\"https:\\\/\\\/ajatutaja.com\\\/wp-content\\\/uploads\\\/2023\\\/05\\\/stephen-joseph-zvezek-z-nalepkami-in-voscenimi-barvicami-MORSKA-DEKLICA-ajtutaja-1.jpeg\",\"width\":1920,\"height\":1920},{\"@type\":\"BreadcrumbList\",\"@id\":\"https:\\\/\\\/ajatutaja.com\\\/izdelek\\\/zvezek-z-nalepkami-in-voscenkami-stephen-joseph-morska-deklica\\\/#breadcrumb\",\"itemListElement\":[{\"@type\":\"ListItem\",\"position\":1,\"name\":\"Home\",\"item\":\"https:\\\/\\\/ajatutaja.com\\\/hr\\\/\"},{\"@type\":\"ListItem\",\"position\":2,\"name\":\"Trgovina\",\"item\":\"https:\\\/\\\/ajatutaja.com\\\/hr\\\/trgovina\\\/\"},{\"@type\":\"ListItem\",\"position\":3,\"name\":\"Zvezek z nalepkami in vo\u0161\u010denkami Stephen Joseph &#8211; Morska Deklica\"}]},{\"@type\":\"WebSite\",\"@id\":\"https:\\\/\\\/ajatutaja.com\\\/#website\",\"url\":\"https:\\\/\\\/ajatutaja.com\\\/\",\"name\":\"Ajatutaja\",\"description\":\"Otro\u0161ka spletna trgovina AJATUTAJA\",\"publisher\":{\"@id\":\"https:\\\/\\\/ajatutaja.com\\\/#organization\"},\"potentialAction\":[{\"@type\":\"SearchAction\",\"target\":{\"@type\":\"EntryPoint\",\"urlTemplate\":\"https:\\\/\\\/ajatutaja.com\\\/?s={search_term_string}\"},\"query-input\":{\"@type\":\"PropertyValueSpecification\",\"valueRequired\":true,\"valueName\":\"search_term_string\"}}],\"inLanguage\":\"hr\"},{\"@type\":\"Organization\",\"@id\":\"https:\\\/\\\/ajatutaja.com\\\/#organization\",\"name\":\"Ajatutaja\",\"url\":\"https:\\\/\\\/ajatutaja.com\\\/\",\"logo\":{\"@type\":\"ImageObject\",\"inLanguage\":\"hr\",\"@id\":\"https:\\\/\\\/ajatutaja.com\\\/#\\\/schema\\\/logo\\\/image\\\/\",\"url\":\"https:\\\/\\\/ajatutaja.com\\\/wp-content\\\/uploads\\\/2021\\\/10\\\/logo.png\",\"contentUrl\":\"https:\\\/\\\/ajatutaja.com\\\/wp-content\\\/uploads\\\/2021\\\/10\\\/logo.png\",\"width\":555,\"height\":150,\"caption\":\"Ajatutaja\"},\"image\":{\"@id\":\"https:\\\/\\\/ajatutaja.com\\\/#\\\/schema\\\/logo\\\/image\\\/\"}}]}<\/script>\n<!-- \/ Yoast SEO plugin. -->","yoast_head_json":{"title":"Zvezek z nalepkami in vo\u0161\u010denkami Stephen Joseph - Morska Deklica | Ajatutaja","description":"Zvezek z nalepkami in vo\u0161\u010denimi barvicami Stephen Joseph je pravi pripomo\u010dek za pisanje, risanje in lepljenje in bo va\u0161emu otroku nudil veliko zabave pri kreacijah. Priro\u010den je tudi za prena\u0161anje.","robots":{"index":"index","follow":"follow","max-snippet":"max-snippet:-1","max-image-preview":"max-image-preview:large","max-video-preview":"max-video-preview:-1"},"canonical":"https:\/\/ajatutaja.com\/izdelek\/zvezek-z-nalepkami-in-voscenkami-stephen-joseph-morska-deklica\/","og_locale":"hr_HR","og_type":"article","og_title":"Zvezek z nalepkami in vo\u0161\u010denkami Stephen Joseph - Morska Deklica | Ajatutaja","og_description":"Zvezek z nalepkami in vo\u0161\u010denimi barvicami Stephen Joseph je pravi pripomo\u010dek za pisanje, risanje in lepljenje in bo va\u0161emu otroku nudil veliko zabave pri kreacijah. Priro\u010den je tudi za prena\u0161anje.","og_url":"https:\/\/ajatutaja.com\/izdelek\/zvezek-z-nalepkami-in-voscenkami-stephen-joseph-morska-deklica\/","og_site_name":"Ajatutaja","article_modified_time":"2025-01-22T09:34:59+00:00","og_image":[{"width":1024,"height":1024,"url":"https:\/\/ajatutaja.com\/wp-content\/uploads\/2023\/05\/stephen-joseph-zvezek-z-nalepkami-in-voscenimi-barvicami-MORSKA-DEKLICA-ajtutaja-1-1024x1024.jpeg","type":"image\/jpeg"}],"twitter_card":"summary_large_image","schema":{"@context":"https:\/\/schema.org","@graph":[{"@type":"WebPage","@id":"https:\/\/ajatutaja.com\/izdelek\/zvezek-z-nalepkami-in-voscenkami-stephen-joseph-morska-deklica\/","url":"https:\/\/ajatutaja.com\/izdelek\/zvezek-z-nalepkami-in-voscenkami-stephen-joseph-morska-deklica\/","name":"Zvezek z nalepkami in vo\u0161\u010denkami Stephen Joseph - Morska Deklica | Ajatutaja","isPartOf":{"@id":"https:\/\/ajatutaja.com\/#website"},"primaryImageOfPage":{"@id":"https:\/\/ajatutaja.com\/izdelek\/zvezek-z-nalepkami-in-voscenkami-stephen-joseph-morska-deklica\/#primaryimage"},"image":{"@id":"https:\/\/ajatutaja.com\/izdelek\/zvezek-z-nalepkami-in-voscenkami-stephen-joseph-morska-deklica\/#primaryimage"},"thumbnailUrl":"https:\/\/ajatutaja.com\/wp-content\/uploads\/2023\/05\/stephen-joseph-zvezek-z-nalepkami-in-voscenimi-barvicami-MORSKA-DEKLICA-ajtutaja-1.jpeg","datePublished":"2023-05-18T09:55:04+00:00","dateModified":"2025-01-22T09:34:59+00:00","description":"Zvezek z nalepkami in vo\u0161\u010denimi barvicami Stephen Joseph je pravi pripomo\u010dek za pisanje, risanje in lepljenje in bo va\u0161emu otroku nudil veliko zabave pri kreacijah. Priro\u010den je tudi za prena\u0161anje.","breadcrumb":{"@id":"https:\/\/ajatutaja.com\/izdelek\/zvezek-z-nalepkami-in-voscenkami-stephen-joseph-morska-deklica\/#breadcrumb"},"inLanguage":"hr","potentialAction":[{"@type":"ReadAction","target":["https:\/\/ajatutaja.com\/izdelek\/zvezek-z-nalepkami-in-voscenkami-stephen-joseph-morska-deklica\/"]}]},{"@type":"ImageObject","inLanguage":"hr","@id":"https:\/\/ajatutaja.com\/izdelek\/zvezek-z-nalepkami-in-voscenkami-stephen-joseph-morska-deklica\/#primaryimage","url":"https:\/\/ajatutaja.com\/wp-content\/uploads\/2023\/05\/stephen-joseph-zvezek-z-nalepkami-in-voscenimi-barvicami-MORSKA-DEKLICA-ajtutaja-1.jpeg","contentUrl":"https:\/\/ajatutaja.com\/wp-content\/uploads\/2023\/05\/stephen-joseph-zvezek-z-nalepkami-in-voscenimi-barvicami-MORSKA-DEKLICA-ajtutaja-1.jpeg","width":1920,"height":1920},{"@type":"BreadcrumbList","@id":"https:\/\/ajatutaja.com\/izdelek\/zvezek-z-nalepkami-in-voscenkami-stephen-joseph-morska-deklica\/#breadcrumb","itemListElement":[{"@type":"ListItem","position":1,"name":"Home","item":"https:\/\/ajatutaja.com\/hr\/"},{"@type":"ListItem","position":2,"name":"Trgovina","item":"https:\/\/ajatutaja.com\/hr\/trgovina\/"},{"@type":"ListItem","position":3,"name":"Zvezek z nalepkami in vo\u0161\u010denkami Stephen Joseph &#8211; Morska Deklica"}]},{"@type":"WebSite","@id":"https:\/\/ajatutaja.com\/#website","url":"https:\/\/ajatutaja.com\/","name":"Ajatutaja","description":"Otro\u0161ka spletna trgovina AJATUTAJA","publisher":{"@id":"https:\/\/ajatutaja.com\/#organization"},"potentialAction":[{"@type":"SearchAction","target":{"@type":"EntryPoint","urlTemplate":"https:\/\/ajatutaja.com\/?s={search_term_string}"},"query-input":{"@type":"PropertyValueSpecification","valueRequired":true,"valueName":"search_term_string"}}],"inLanguage":"hr"},{"@type":"Organization","@id":"https:\/\/ajatutaja.com\/#organization","name":"Ajatutaja","url":"https:\/\/ajatutaja.com\/","logo":{"@type":"ImageObject","inLanguage":"hr","@id":"https:\/\/ajatutaja.com\/#\/schema\/logo\/image\/","url":"https:\/\/ajatutaja.com\/wp-content\/uploads\/2021\/10\/logo.png","contentUrl":"https:\/\/ajatutaja.com\/wp-content\/uploads\/2021\/10\/logo.png","width":555,"height":150,"caption":"Ajatutaja"},"image":{"@id":"https:\/\/ajatutaja.com\/#\/schema\/logo\/image\/"}}]}},"brands":[{"id":2452,"name":"Igranje","slug":"igranje"},{"id":2460,"name":"Stephen Joseph","slug":"stephen-joseph-igranje"}],"_links":{"self":[{"href":"https:\/\/ajatutaja.com\/hr\/wp-json\/wp\/v2\/product\/48767","targetHints":{"allow":["GET"]}}],"collection":[{"href":"https:\/\/ajatutaja.com\/hr\/wp-json\/wp\/v2\/product"}],"about":[{"href":"https:\/\/ajatutaja.com\/hr\/wp-json\/wp\/v2\/types\/product"}],"wp:featuredmedia":[{"embeddable":true,"href":"https:\/\/ajatutaja.com\/hr\/wp-json\/wp\/v2\/media\/48754"}],"wp:attachment":[{"href":"https:\/\/ajatutaja.com\/hr\/wp-json\/wp\/v2\/media?parent=48767"}],"wp:term":[{"taxonomy":"pwb-brand","embeddable":true,"href":"https:\/\/ajatutaja.com\/hr\/wp-json\/wp\/v2\/pwb-brand?post=48767"},{"taxonomy":"product_brand","embeddable":true,"href":"https:\/\/ajatutaja.com\/hr\/wp-json\/wp\/v2\/product_brand?post=48767"},{"taxonomy":"product_cat","embeddable":true,"href":"https:\/\/ajatutaja.com\/hr\/wp-json\/wp\/v2\/product_cat?post=48767"},{"taxonomy":"product_tag","embeddable":true,"href":"https:\/\/ajatutaja.com\/hr\/wp-json\/wp\/v2\/product_tag?post=48767"}],"curies":[{"name":"wp","href":"https:\/\/api.w.org\/{rel}","templated":true}]}}