{"id":47882,"date":"2023-05-09T11:59:11","date_gmt":"2023-05-09T09:59:11","guid":{"rendered":"https:\/\/ajatutaja.com\/?post_type=product&#038;p=47882"},"modified":"2024-03-08T16:28:34","modified_gmt":"2024-03-08T15:28:34","slug":"nahrbtnik-daddy-bag-black","status":"publish","type":"product","link":"https:\/\/ajatutaja.com\/hr\/proizvod\/nahrbtnik-daddy-bag-black\/","title":{"rendered":"Nahrbtnik DADDY BAG &#8211; Black"},"content":{"rendered":"<p>[vc_row][vc_column][vc_column_text]<\/p>\n<p style=\"text-align: justify\">Nahrbtnik Daddy Bag je prostorna previjalna torba, ki je namenjena predvsem o\u010dkom. Vanjo o\u010detje namre\u010d lahko pospravijo poleg svojih osebnih re\u010di in ra\u010dunalnika, tusi\u00a0 obla\u010dila za mal\u010dka, plenice, kozmetiko, fla\u0161ko in igla\u010de. Primeren pa je tudi za kraj\u0161a potovanja.<\/p>\n<p>Kvalitetna izdelava Childhome previjalne torbe Daddy Bag, \u010dvrsti ro\u010daji in neverjetna prostornina bo navdu\u0161ila tudi vas!<\/p>\n<p style=\"text-align: justify\">Dimenzije: 40&#215;20 x47 cm<br \/>\nMaterial: Zunanji del 100% Poliester, Notranji del 100% Najlon<br \/>\nEN Standardi: EN 71-2, EN 71-3, REACH, EN 14362, EN 17234<\/p>\n<p style=\"text-align: justify\">\u010ci\u0161\u010denje je zelo enostavno, saj\u00a0 torbo Daddy Bag obri\u0161emo z vla\u017eno krpo.<\/p>\n<p>[\/vc_column_text][\/vc_column][\/vc_row]<\/p>\n","protected":false},"excerpt":{"rendered":"<p>Previjalni nahrbtnik Daddy Bag je tako prostoren in trpe\u017een, da se mu o\u010detje ne morejo upreti. Vanj lahko namre\u010d\u00a0 pospravijo vse potrebno za mal\u010dka, pa tudi vse svoje stvari. Nahrbtnik Childhome Daddy Bag ima ogromno predal\u010dkov, v prednjem pa je pospravljena tudi previjalna podloga.<\/p>\n","protected":false},"featured_media":62630,"template":"","meta":[],"pwb-brand":[2422,2409],"product_brand":[],"product_cat":[2710,2610,2711,2361,2398],"product_tag":[4043,4830],"class_list":{"0":"post-47882","1":"product","2":"type-product","3":"status-publish","4":"has-post-thumbnail","6":"pwb-brand-childhome-potepanje","7":"pwb-brand-potepanje","8":"product_cat-babyshower-darila","9":"product_cat-darila","10":"product_cat-darilo-ob-rojstvu","11":"product_cat-potepanje","12":"product_cat-previjalne-torbe","13":"product_tag-childhome","14":"product_tag-daddy-bag","16":"first","17":"instock","18":"taxable","19":"shipping-taxable","20":"purchasable","21":"product-type-simple","22":"add-to-wishlist-before_image"},"yoast_head":"<!-- This site is optimized with the Yoast SEO plugin v27.3 - https:\/\/yoast.com\/product\/yoast-seo-wordpress\/ -->\n<title>Nahrbtnik DADDY BAG - Black | Ajatutaja<\/title>\n<meta name=\"description\" content=\"Nahrbtnik Daddy Bag je tako prostoren in trpe\u017een, da se mu o\u010detje ne morejo upreti.Vanj lahko namre\u010d pospravijo vse potrebno za mal\u010dka, pa tudi svoje stvari\" \/>\n<meta name=\"robots\" content=\"index, follow, max-snippet:-1, max-image-preview:large, max-video-preview:-1\" \/>\n<link rel=\"canonical\" href=\"https:\/\/ajatutaja.com\/hr\/proizvod\/nahrbtnik-daddy-bag-black\/\" \/>\n<meta property=\"og:locale\" content=\"hr_HR\" \/>\n<meta property=\"og:type\" content=\"article\" \/>\n<meta property=\"og:title\" content=\"Nahrbtnik DADDY BAG - Black | Ajatutaja\" \/>\n<meta property=\"og:description\" content=\"Nahrbtnik Daddy Bag je tako prostoren in trpe\u017een, da se mu o\u010detje ne morejo upreti.Vanj lahko namre\u010d pospravijo vse potrebno za mal\u010dka, pa tudi svoje stvari\" \/>\n<meta property=\"og:url\" content=\"https:\/\/ajatutaja.com\/hr\/proizvod\/nahrbtnik-daddy-bag-black\/\" \/>\n<meta property=\"og:site_name\" content=\"Ajatutaja\" \/>\n<meta property=\"article:modified_time\" content=\"2024-03-08T15:28:34+00:00\" \/>\n<meta property=\"og:image\" content=\"https:\/\/ajatutaja.com\/wp-content\/uploads\/2023\/05\/Childhome_previjalni_nahrbtnik_daddy_bag.jpg\" \/>\n\t<meta property=\"og:image:width\" content=\"800\" \/>\n\t<meta property=\"og:image:height\" content=\"800\" \/>\n\t<meta property=\"og:image:type\" content=\"image\/jpeg\" \/>\n<meta name=\"twitter:card\" content=\"summary_large_image\" \/>\n<meta name=\"twitter:label1\" content=\"Procijenjeno vrijeme \u010ditanja\" \/>\n\t<meta name=\"twitter:data1\" content=\"1 minuta\" \/>\n<script type=\"application\/ld+json\" class=\"yoast-schema-graph\">{\"@context\":\"https:\\\/\\\/schema.org\",\"@graph\":[{\"@type\":\"WebPage\",\"@id\":\"https:\\\/\\\/ajatutaja.com\\\/hr\\\/proizvod\\\/nahrbtnik-daddy-bag-black\\\/\",\"url\":\"https:\\\/\\\/ajatutaja.com\\\/hr\\\/proizvod\\\/nahrbtnik-daddy-bag-black\\\/\",\"name\":\"Nahrbtnik DADDY BAG - Black | Ajatutaja\",\"isPartOf\":{\"@id\":\"https:\\\/\\\/ajatutaja.com\\\/#website\"},\"primaryImageOfPage\":{\"@id\":\"https:\\\/\\\/ajatutaja.com\\\/hr\\\/proizvod\\\/nahrbtnik-daddy-bag-black\\\/#primaryimage\"},\"image\":{\"@id\":\"https:\\\/\\\/ajatutaja.com\\\/hr\\\/proizvod\\\/nahrbtnik-daddy-bag-black\\\/#primaryimage\"},\"thumbnailUrl\":\"https:\\\/\\\/ajatutaja.com\\\/wp-content\\\/uploads\\\/2023\\\/05\\\/Childhome_previjalni_nahrbtnik_daddy_bag.jpg\",\"datePublished\":\"2023-05-09T09:59:11+00:00\",\"dateModified\":\"2024-03-08T15:28:34+00:00\",\"description\":\"Nahrbtnik Daddy Bag je tako prostoren in trpe\u017een, da se mu o\u010detje ne morejo upreti.Vanj lahko namre\u010d pospravijo vse potrebno za mal\u010dka, pa tudi svoje stvari\",\"breadcrumb\":{\"@id\":\"https:\\\/\\\/ajatutaja.com\\\/hr\\\/proizvod\\\/nahrbtnik-daddy-bag-black\\\/#breadcrumb\"},\"inLanguage\":\"hr\",\"potentialAction\":[{\"@type\":\"ReadAction\",\"target\":[\"https:\\\/\\\/ajatutaja.com\\\/hr\\\/proizvod\\\/nahrbtnik-daddy-bag-black\\\/\"]}]},{\"@type\":\"ImageObject\",\"inLanguage\":\"hr\",\"@id\":\"https:\\\/\\\/ajatutaja.com\\\/hr\\\/proizvod\\\/nahrbtnik-daddy-bag-black\\\/#primaryimage\",\"url\":\"https:\\\/\\\/ajatutaja.com\\\/wp-content\\\/uploads\\\/2023\\\/05\\\/Childhome_previjalni_nahrbtnik_daddy_bag.jpg\",\"contentUrl\":\"https:\\\/\\\/ajatutaja.com\\\/wp-content\\\/uploads\\\/2023\\\/05\\\/Childhome_previjalni_nahrbtnik_daddy_bag.jpg\",\"width\":800,\"height\":800},{\"@type\":\"BreadcrumbList\",\"@id\":\"https:\\\/\\\/ajatutaja.com\\\/hr\\\/proizvod\\\/nahrbtnik-daddy-bag-black\\\/#breadcrumb\",\"itemListElement\":[{\"@type\":\"ListItem\",\"position\":1,\"name\":\"Home\",\"item\":\"https:\\\/\\\/ajatutaja.com\\\/hr\\\/\"},{\"@type\":\"ListItem\",\"position\":2,\"name\":\"Trgovina\",\"item\":\"https:\\\/\\\/ajatutaja.com\\\/hr\\\/trgovina\\\/\"},{\"@type\":\"ListItem\",\"position\":3,\"name\":\"Nahrbtnik DADDY BAG &#8211; Black\"}]},{\"@type\":\"WebSite\",\"@id\":\"https:\\\/\\\/ajatutaja.com\\\/#website\",\"url\":\"https:\\\/\\\/ajatutaja.com\\\/\",\"name\":\"Ajatutaja\",\"description\":\"Otro\u0161ka spletna trgovina AJATUTAJA\",\"publisher\":{\"@id\":\"https:\\\/\\\/ajatutaja.com\\\/#organization\"},\"potentialAction\":[{\"@type\":\"SearchAction\",\"target\":{\"@type\":\"EntryPoint\",\"urlTemplate\":\"https:\\\/\\\/ajatutaja.com\\\/?s={search_term_string}\"},\"query-input\":{\"@type\":\"PropertyValueSpecification\",\"valueRequired\":true,\"valueName\":\"search_term_string\"}}],\"inLanguage\":\"hr\"},{\"@type\":\"Organization\",\"@id\":\"https:\\\/\\\/ajatutaja.com\\\/#organization\",\"name\":\"Ajatutaja\",\"url\":\"https:\\\/\\\/ajatutaja.com\\\/\",\"logo\":{\"@type\":\"ImageObject\",\"inLanguage\":\"hr\",\"@id\":\"https:\\\/\\\/ajatutaja.com\\\/#\\\/schema\\\/logo\\\/image\\\/\",\"url\":\"https:\\\/\\\/ajatutaja.com\\\/wp-content\\\/uploads\\\/2021\\\/10\\\/logo.png\",\"contentUrl\":\"https:\\\/\\\/ajatutaja.com\\\/wp-content\\\/uploads\\\/2021\\\/10\\\/logo.png\",\"width\":555,\"height\":150,\"caption\":\"Ajatutaja\"},\"image\":{\"@id\":\"https:\\\/\\\/ajatutaja.com\\\/#\\\/schema\\\/logo\\\/image\\\/\"}}]}<\/script>\n<!-- \/ Yoast SEO plugin. -->","yoast_head_json":{"title":"Nahrbtnik DADDY BAG - Black | Ajatutaja","description":"Nahrbtnik Daddy Bag je tako prostoren in trpe\u017een, da se mu o\u010detje ne morejo upreti.Vanj lahko namre\u010d pospravijo vse potrebno za mal\u010dka, pa tudi svoje stvari","robots":{"index":"index","follow":"follow","max-snippet":"max-snippet:-1","max-image-preview":"max-image-preview:large","max-video-preview":"max-video-preview:-1"},"canonical":"https:\/\/ajatutaja.com\/hr\/proizvod\/nahrbtnik-daddy-bag-black\/","og_locale":"hr_HR","og_type":"article","og_title":"Nahrbtnik DADDY BAG - Black | Ajatutaja","og_description":"Nahrbtnik Daddy Bag je tako prostoren in trpe\u017een, da se mu o\u010detje ne morejo upreti.Vanj lahko namre\u010d pospravijo vse potrebno za mal\u010dka, pa tudi svoje stvari","og_url":"https:\/\/ajatutaja.com\/hr\/proizvod\/nahrbtnik-daddy-bag-black\/","og_site_name":"Ajatutaja","article_modified_time":"2024-03-08T15:28:34+00:00","og_image":[{"width":800,"height":800,"url":"https:\/\/ajatutaja.com\/wp-content\/uploads\/2023\/05\/Childhome_previjalni_nahrbtnik_daddy_bag.jpg","type":"image\/jpeg"}],"twitter_card":"summary_large_image","twitter_misc":{"Procijenjeno vrijeme \u010ditanja":"1 minuta"},"schema":{"@context":"https:\/\/schema.org","@graph":[{"@type":"WebPage","@id":"https:\/\/ajatutaja.com\/hr\/proizvod\/nahrbtnik-daddy-bag-black\/","url":"https:\/\/ajatutaja.com\/hr\/proizvod\/nahrbtnik-daddy-bag-black\/","name":"Nahrbtnik DADDY BAG - Black | Ajatutaja","isPartOf":{"@id":"https:\/\/ajatutaja.com\/#website"},"primaryImageOfPage":{"@id":"https:\/\/ajatutaja.com\/hr\/proizvod\/nahrbtnik-daddy-bag-black\/#primaryimage"},"image":{"@id":"https:\/\/ajatutaja.com\/hr\/proizvod\/nahrbtnik-daddy-bag-black\/#primaryimage"},"thumbnailUrl":"https:\/\/ajatutaja.com\/wp-content\/uploads\/2023\/05\/Childhome_previjalni_nahrbtnik_daddy_bag.jpg","datePublished":"2023-05-09T09:59:11+00:00","dateModified":"2024-03-08T15:28:34+00:00","description":"Nahrbtnik Daddy Bag je tako prostoren in trpe\u017een, da se mu o\u010detje ne morejo upreti.Vanj lahko namre\u010d pospravijo vse potrebno za mal\u010dka, pa tudi svoje stvari","breadcrumb":{"@id":"https:\/\/ajatutaja.com\/hr\/proizvod\/nahrbtnik-daddy-bag-black\/#breadcrumb"},"inLanguage":"hr","potentialAction":[{"@type":"ReadAction","target":["https:\/\/ajatutaja.com\/hr\/proizvod\/nahrbtnik-daddy-bag-black\/"]}]},{"@type":"ImageObject","inLanguage":"hr","@id":"https:\/\/ajatutaja.com\/hr\/proizvod\/nahrbtnik-daddy-bag-black\/#primaryimage","url":"https:\/\/ajatutaja.com\/wp-content\/uploads\/2023\/05\/Childhome_previjalni_nahrbtnik_daddy_bag.jpg","contentUrl":"https:\/\/ajatutaja.com\/wp-content\/uploads\/2023\/05\/Childhome_previjalni_nahrbtnik_daddy_bag.jpg","width":800,"height":800},{"@type":"BreadcrumbList","@id":"https:\/\/ajatutaja.com\/hr\/proizvod\/nahrbtnik-daddy-bag-black\/#breadcrumb","itemListElement":[{"@type":"ListItem","position":1,"name":"Home","item":"https:\/\/ajatutaja.com\/hr\/"},{"@type":"ListItem","position":2,"name":"Trgovina","item":"https:\/\/ajatutaja.com\/hr\/trgovina\/"},{"@type":"ListItem","position":3,"name":"Nahrbtnik DADDY BAG &#8211; Black"}]},{"@type":"WebSite","@id":"https:\/\/ajatutaja.com\/#website","url":"https:\/\/ajatutaja.com\/","name":"Ajatutaja","description":"Otro\u0161ka spletna trgovina AJATUTAJA","publisher":{"@id":"https:\/\/ajatutaja.com\/#organization"},"potentialAction":[{"@type":"SearchAction","target":{"@type":"EntryPoint","urlTemplate":"https:\/\/ajatutaja.com\/?s={search_term_string}"},"query-input":{"@type":"PropertyValueSpecification","valueRequired":true,"valueName":"search_term_string"}}],"inLanguage":"hr"},{"@type":"Organization","@id":"https:\/\/ajatutaja.com\/#organization","name":"Ajatutaja","url":"https:\/\/ajatutaja.com\/","logo":{"@type":"ImageObject","inLanguage":"hr","@id":"https:\/\/ajatutaja.com\/#\/schema\/logo\/image\/","url":"https:\/\/ajatutaja.com\/wp-content\/uploads\/2021\/10\/logo.png","contentUrl":"https:\/\/ajatutaja.com\/wp-content\/uploads\/2021\/10\/logo.png","width":555,"height":150,"caption":"Ajatutaja"},"image":{"@id":"https:\/\/ajatutaja.com\/#\/schema\/logo\/image\/"}}]}},"brands":[{"id":2422,"name":"Childhome","slug":"childhome-potepanje"},{"id":2409,"name":"Potepanje","slug":"potepanje"}],"_links":{"self":[{"href":"https:\/\/ajatutaja.com\/hr\/wp-json\/wp\/v2\/product\/47882","targetHints":{"allow":["GET"]}}],"collection":[{"href":"https:\/\/ajatutaja.com\/hr\/wp-json\/wp\/v2\/product"}],"about":[{"href":"https:\/\/ajatutaja.com\/hr\/wp-json\/wp\/v2\/types\/product"}],"wp:featuredmedia":[{"embeddable":true,"href":"https:\/\/ajatutaja.com\/hr\/wp-json\/wp\/v2\/media\/62630"}],"wp:attachment":[{"href":"https:\/\/ajatutaja.com\/hr\/wp-json\/wp\/v2\/media?parent=47882"}],"wp:term":[{"taxonomy":"pwb-brand","embeddable":true,"href":"https:\/\/ajatutaja.com\/hr\/wp-json\/wp\/v2\/pwb-brand?post=47882"},{"taxonomy":"product_brand","embeddable":true,"href":"https:\/\/ajatutaja.com\/hr\/wp-json\/wp\/v2\/product_brand?post=47882"},{"taxonomy":"product_cat","embeddable":true,"href":"https:\/\/ajatutaja.com\/hr\/wp-json\/wp\/v2\/product_cat?post=47882"},{"taxonomy":"product_tag","embeddable":true,"href":"https:\/\/ajatutaja.com\/hr\/wp-json\/wp\/v2\/product_tag?post=47882"}],"curies":[{"name":"wp","href":"https:\/\/api.w.org\/{rel}","templated":true}]}}