{"id":47843,"date":"2023-05-08T19:14:43","date_gmt":"2023-05-08T17:14:43","guid":{"rendered":"https:\/\/ajatutaja.com\/?post_type=product&#038;p=47843"},"modified":"2025-12-04T15:28:40","modified_gmt":"2025-12-04T14:28:40","slug":"otroski-digitalni-fotoaparat-z-instant-tiskanjem-hoppstar-artist-laurel","status":"publish","type":"product","link":"https:\/\/ajatutaja.com\/hr\/proizvod\/otroski-digitalni-fotoaparat-z-instant-tiskanjem-hoppstar-artist-laurel\/","title":{"rendered":"Otro\u0161ki digitalni fotoaparat z instant tiskanjem Hoppstar\u00ae Artist &#8211; Laurel"},"content":{"rendered":"<p>[vc_row][vc_column][vc_column_text]<\/p>\n<p dir=\"ltr\" data-placeholder=\"Prevod\">Ob nakupu fotoaparata Hoppstar\u00ae Artist so v embala\u017ei izdelka prilo\u017eeni 3 zvitki papirja za tiskanje (2x obi\u010dajni termo papir in 1x samolepilni termo papir). \u010ce potrebujete ve\u010d, priporo\u010damo paket 3 zvitkov papirja za tiskanje za pribl. 220 fotografij (cca. 0,04 \u20ac na fotografijo).<\/p>\n<h3 dir=\"ltr\" data-placeholder=\"Prevod\"><span lang=\"sl\">Lastnosti<\/span><span lang=\"sl\"> otro\u0161kega digitalnega fotoaparata Hoppstar Artist<\/span><span lang=\"sl\">:<\/span><\/h3>\n<ul>\n<li id=\"tw-target-text\" dir=\"ltr\" data-placeholder=\"Prevod\"><span lang=\"sl\">Priporo\u010dena starost: od 5 let<\/span><\/li>\n<li dir=\"ltr\" data-placeholder=\"Prevod\"><span lang=\"sl\">Velikost:\u00a0<\/span>13.3 x 9.6 x 4.6 cm<\/li>\n<li dir=\"ltr\" data-placeholder=\"Prevod\"><span lang=\"sl\">Te\u017ea: 230 gramov<\/span><\/li>\n<li dir=\"ltr\" data-placeholder=\"Prevod\"><span lang=\"sl\">\u010cas polnjenja baterije: pribli\u017eno 2,5 ure<\/span><\/li>\n<li dir=\"ltr\" data-placeholder=\"Prevod\">\u010crno-bela fotografija Artist Hoppstar je velika pribl. 8 x 5 cm<\/li>\n<li dir=\"ltr\" data-placeholder=\"Prevod\">12 MP prednja kamera in selfie kamera<\/li>\n<li id=\"tw-target-text\" dir=\"ltr\" data-placeholder=\"Prevod\"><span lang=\"sl\">Certificirana kakovost: CE, EN71, RoHS, CCC, MA<\/span><\/li>\n<li dir=\"ltr\" data-placeholder=\"Prevod\"><span lang=\"sl\">Samodejno ostrenje<\/span><\/li>\n<li dir=\"ltr\" data-placeholder=\"Prevod\"><span lang=\"sl\">Samodejno ravnovesje beline<\/span><\/li>\n<li dir=\"ltr\" data-placeholder=\"Prevod\"><span lang=\"sl\">Samodejno ravnovesje ISO<\/span><\/li>\n<li dir=\"ltr\" data-placeholder=\"Prevod\"><span lang=\"sl\">Samodejna barvna korekcija<\/span><\/li>\n<li dir=\"ltr\" data-placeholder=\"Prevod\"><span lang=\"sl\">Samodejna korekcija svetlosti<\/span><\/li>\n<li dir=\"ltr\" data-placeholder=\"Prevod\"><span lang=\"sl\">Zaznavanje obrazov<\/span><\/li>\n<li dir=\"ltr\" data-placeholder=\"Prevod\"><span lang=\"sl\">Veliko razli\u010dnih jezikovnih menijev<\/span><\/li>\n<li dir=\"ltr\" data-placeholder=\"Prevod\">2 barvi na voljo<\/li>\n<\/ul>\n<p><strong><span lang=\"sl\">Kaj je vklju\u010deno?<\/span><\/strong><\/p>\n<ul>\n<li><span lang=\"sl\">Digitalni fotoaparat<\/span><\/li>\n<li><span lang=\"sl\">3 rezervni zvitki papirja za tiskanje (<\/span>BPA in BPS free)<\/li>\n<li><span lang=\"sl\">16GB spominska kartica<\/span><\/li>\n<li><span lang=\"sl\">1x adapter Type-C<\/span><\/li>\n<li><span lang=\"sl\">1x\u00a0<\/span><span lang=\"sl\">mikro-USB adapter<\/span><\/li>\n<li><span lang=\"sl\">podatkovni kabel<\/span><\/li>\n<li><span lang=\"sl\">navodila za uporabo<\/span><\/li>\n<li><span lang=\"sl\">nosilna vrvica\u00a0<\/span><\/li>\n<\/ul>\n<p id=\"tw-target-text\" dir=\"ltr\" data-placeholder=\"Prevod\"><strong><span lang=\"sl\">POMEMBNO!<\/span><\/strong><\/p>\n<ul>\n<li dir=\"ltr\" data-placeholder=\"Prevod\"><span lang=\"sl\">Digitalni fotoaparat \u010distite samo z rahlo vla\u017eno krpo. <\/span><\/li>\n<li dir=\"ltr\" data-placeholder=\"Prevod\"><span lang=\"sl\">Digitalnega fotoaparata nikoli ne pu\u0161\u010dajte na neposredni son\u010dni svetlobi ali v bli\u017eini vira toplote. <\/span><\/li>\n<li dir=\"ltr\" data-placeholder=\"Prevod\"><span lang=\"sl\">Digitalni fotoaparat hranite pro\u010d od vlage in ne dovolite, da voda pride nanj. <\/span><\/li>\n<li dir=\"ltr\" data-placeholder=\"Prevod\"><span lang=\"sl\">Digitalnega fotoaparata ni mogo\u010de uporabljati v vodi ali pod vodo! <\/span><\/li>\n<li dir=\"ltr\" data-placeholder=\"Prevod\"><span lang=\"sl\">\u010ce je mogo\u010de, se izogibajte padcu digitalnega fotoaparata na trde povr\u0161ine. <\/span><\/li>\n<li dir=\"ltr\" data-placeholder=\"Prevod\"><span lang=\"sl\">Kamere Hoppstar se smejo uporabljati samo pod nadzorom odrasle osebe. <\/span><\/li>\n<li dir=\"ltr\" data-placeholder=\"Prevod\"><span lang=\"sl\">Na otro\u0161ko kamero Hoppstar ne prena\u0161ajte nobenih fotografij ali video datotek, narejenih z drugimi kamerami. <\/span><\/li>\n<li dir=\"ltr\" data-placeholder=\"Prevod\"><span lang=\"sl\">Redno preverjajte izobra\u017eevalno igra\u010do glede morebitnih po\u0161kodb. <\/span><\/li>\n<li dir=\"ltr\" data-placeholder=\"Prevod\"><span lang=\"sl\">Izdelka nikoli ne odpirajte sami.<\/span><\/li>\n<li dir=\"ltr\" data-placeholder=\"Prevod\"><span lang=\"sl\"> Popravila lahko izvaja samo usposobljeno osebje.<\/span><\/li>\n<\/ul>\n<p>[\/vc_column_text][\/vc_column][\/vc_row]<\/p>\n","protected":false},"excerpt":{"rendered":"<p>Otro\u0161ki digitalni fotoaparat Hoppstar\u00ae Artist omogo\u010da, da v samo 3 sekundah\u00a0 natisnete svojo \u010drno-belo fotografijo. In star\u0161i pozor! Cena fotografije nanese le 0,04\u20ac. Zaradi velikih gumbov je uporaba \u0161e posebej enostavna za male fotografe. Hoppstar Artist nudi \u0161e foto okvirje, foto filtre, 12 MP kamero, selfie kamero na zadnji strani, video funkcijo in \u0161e veliko ve\u010d!<\/span><\/p>\n","protected":false},"featured_media":47830,"template":"","meta":[],"pwb-brand":[5240],"product_brand":[],"product_cat":[3992,2441,2362,2448],"product_tag":[5245,5243],"class_list":{"0":"post-47843","1":"product","2":"type-product","3":"status-publish","4":"has-post-thumbnail","6":"pwb-brand-hoppstar","7":"product_cat-3-leta-igrace","8":"product_cat-aktivnostne-igrace","9":"product_cat-igranje","10":"product_cat-igranje-vlog","11":"product_tag-hoppstar-artist","12":"product_tag-hoppstar","14":"first","15":"instock","16":"taxable","17":"shipping-taxable","18":"purchasable","19":"product-type-simple","20":"add-to-wishlist-before_image"},"yoast_head":"<!-- This site is optimized with the Yoast SEO plugin v27.3 - https:\/\/yoast.com\/product\/yoast-seo-wordpress\/ -->\n<title>Otro\u0161ki digitalni fotoaparat z instant tiskanjem Hoppstar\u00ae Artist - Laurel | Ajatutaja<\/title>\n<meta name=\"description\" content=\"Otro\u0161ki digitalni fotoaparat Hoppstar\u00ae Artist omogo\u010da, da v samo 3 sekundah\u00a0 natisnete svojo \u010drno-belo fotografijo.\" \/>\n<meta name=\"robots\" content=\"index, follow, max-snippet:-1, max-image-preview:large, max-video-preview:-1\" \/>\n<link rel=\"canonical\" href=\"https:\/\/ajatutaja.com\/izdelek\/otroski-digitalni-fotoaparat-z-instant-tiskanjem-hoppstar-artist-laurel\/\" \/>\n<meta property=\"og:locale\" content=\"hr_HR\" \/>\n<meta property=\"og:type\" content=\"article\" \/>\n<meta property=\"og:title\" content=\"Otro\u0161ki digitalni fotoaparat z instant tiskanjem Hoppstar\u00ae Artist - Laurel | Ajatutaja\" \/>\n<meta property=\"og:description\" content=\"Otro\u0161ki digitalni fotoaparat Hoppstar\u00ae Artist omogo\u010da, da v samo 3 sekundah\u00a0 natisnete svojo \u010drno-belo fotografijo.\" \/>\n<meta property=\"og:url\" content=\"https:\/\/ajatutaja.com\/izdelek\/otroski-digitalni-fotoaparat-z-instant-tiskanjem-hoppstar-artist-laurel\/\" \/>\n<meta property=\"og:site_name\" content=\"Ajatutaja\" \/>\n<meta property=\"article:modified_time\" content=\"2025-12-04T14:28:40+00:00\" \/>\n<meta property=\"og:image\" content=\"https:\/\/ajatutaja.com\/wp-content\/uploads\/2023\/05\/Hoppstar-digitalni-fotoaparat-s-takojsnjim-tiskanjem-artist-ajatutaja-laurel.jpeg\" \/>\n\t<meta property=\"og:image:width\" content=\"800\" \/>\n\t<meta property=\"og:image:height\" content=\"800\" \/>\n\t<meta property=\"og:image:type\" content=\"image\/jpeg\" \/>\n<meta name=\"twitter:card\" content=\"summary_large_image\" \/>\n<meta name=\"twitter:label1\" content=\"Procijenjeno vrijeme \u010ditanja\" \/>\n\t<meta name=\"twitter:data1\" content=\"1 minuta\" \/>\n<script type=\"application\/ld+json\" class=\"yoast-schema-graph\">{\"@context\":\"https:\\\/\\\/schema.org\",\"@graph\":[{\"@type\":\"WebPage\",\"@id\":\"https:\\\/\\\/ajatutaja.com\\\/izdelek\\\/otroski-digitalni-fotoaparat-z-instant-tiskanjem-hoppstar-artist-laurel\\\/\",\"url\":\"https:\\\/\\\/ajatutaja.com\\\/izdelek\\\/otroski-digitalni-fotoaparat-z-instant-tiskanjem-hoppstar-artist-laurel\\\/\",\"name\":\"Otro\u0161ki digitalni fotoaparat z instant tiskanjem Hoppstar\u00ae Artist - Laurel | Ajatutaja\",\"isPartOf\":{\"@id\":\"https:\\\/\\\/ajatutaja.com\\\/#website\"},\"primaryImageOfPage\":{\"@id\":\"https:\\\/\\\/ajatutaja.com\\\/izdelek\\\/otroski-digitalni-fotoaparat-z-instant-tiskanjem-hoppstar-artist-laurel\\\/#primaryimage\"},\"image\":{\"@id\":\"https:\\\/\\\/ajatutaja.com\\\/izdelek\\\/otroski-digitalni-fotoaparat-z-instant-tiskanjem-hoppstar-artist-laurel\\\/#primaryimage\"},\"thumbnailUrl\":\"https:\\\/\\\/ajatutaja.com\\\/wp-content\\\/uploads\\\/2023\\\/05\\\/Hoppstar-digitalni-fotoaparat-s-takojsnjim-tiskanjem-artist-ajatutaja-laurel.jpeg\",\"datePublished\":\"2023-05-08T17:14:43+00:00\",\"dateModified\":\"2025-12-04T14:28:40+00:00\",\"description\":\"Otro\u0161ki digitalni fotoaparat Hoppstar\u00ae Artist omogo\u010da, da v samo 3 sekundah\u00a0 natisnete svojo \u010drno-belo fotografijo.\",\"breadcrumb\":{\"@id\":\"https:\\\/\\\/ajatutaja.com\\\/izdelek\\\/otroski-digitalni-fotoaparat-z-instant-tiskanjem-hoppstar-artist-laurel\\\/#breadcrumb\"},\"inLanguage\":\"hr\",\"potentialAction\":[{\"@type\":\"ReadAction\",\"target\":[\"https:\\\/\\\/ajatutaja.com\\\/izdelek\\\/otroski-digitalni-fotoaparat-z-instant-tiskanjem-hoppstar-artist-laurel\\\/\"]}]},{\"@type\":\"ImageObject\",\"inLanguage\":\"hr\",\"@id\":\"https:\\\/\\\/ajatutaja.com\\\/izdelek\\\/otroski-digitalni-fotoaparat-z-instant-tiskanjem-hoppstar-artist-laurel\\\/#primaryimage\",\"url\":\"https:\\\/\\\/ajatutaja.com\\\/wp-content\\\/uploads\\\/2023\\\/05\\\/Hoppstar-digitalni-fotoaparat-s-takojsnjim-tiskanjem-artist-ajatutaja-laurel.jpeg\",\"contentUrl\":\"https:\\\/\\\/ajatutaja.com\\\/wp-content\\\/uploads\\\/2023\\\/05\\\/Hoppstar-digitalni-fotoaparat-s-takojsnjim-tiskanjem-artist-ajatutaja-laurel.jpeg\",\"width\":800,\"height\":800},{\"@type\":\"BreadcrumbList\",\"@id\":\"https:\\\/\\\/ajatutaja.com\\\/izdelek\\\/otroski-digitalni-fotoaparat-z-instant-tiskanjem-hoppstar-artist-laurel\\\/#breadcrumb\",\"itemListElement\":[{\"@type\":\"ListItem\",\"position\":1,\"name\":\"Home\",\"item\":\"https:\\\/\\\/ajatutaja.com\\\/hr\\\/\"},{\"@type\":\"ListItem\",\"position\":2,\"name\":\"Trgovina\",\"item\":\"https:\\\/\\\/ajatutaja.com\\\/hr\\\/trgovina\\\/\"},{\"@type\":\"ListItem\",\"position\":3,\"name\":\"Otro\u0161ki digitalni fotoaparat z instant tiskanjem Hoppstar\u00ae Artist &#8211; Laurel\"}]},{\"@type\":\"WebSite\",\"@id\":\"https:\\\/\\\/ajatutaja.com\\\/#website\",\"url\":\"https:\\\/\\\/ajatutaja.com\\\/\",\"name\":\"Ajatutaja\",\"description\":\"Otro\u0161ka spletna trgovina AJATUTAJA\",\"publisher\":{\"@id\":\"https:\\\/\\\/ajatutaja.com\\\/#organization\"},\"potentialAction\":[{\"@type\":\"SearchAction\",\"target\":{\"@type\":\"EntryPoint\",\"urlTemplate\":\"https:\\\/\\\/ajatutaja.com\\\/?s={search_term_string}\"},\"query-input\":{\"@type\":\"PropertyValueSpecification\",\"valueRequired\":true,\"valueName\":\"search_term_string\"}}],\"inLanguage\":\"hr\"},{\"@type\":\"Organization\",\"@id\":\"https:\\\/\\\/ajatutaja.com\\\/#organization\",\"name\":\"Ajatutaja\",\"url\":\"https:\\\/\\\/ajatutaja.com\\\/\",\"logo\":{\"@type\":\"ImageObject\",\"inLanguage\":\"hr\",\"@id\":\"https:\\\/\\\/ajatutaja.com\\\/#\\\/schema\\\/logo\\\/image\\\/\",\"url\":\"https:\\\/\\\/ajatutaja.com\\\/wp-content\\\/uploads\\\/2021\\\/10\\\/logo.png\",\"contentUrl\":\"https:\\\/\\\/ajatutaja.com\\\/wp-content\\\/uploads\\\/2021\\\/10\\\/logo.png\",\"width\":555,\"height\":150,\"caption\":\"Ajatutaja\"},\"image\":{\"@id\":\"https:\\\/\\\/ajatutaja.com\\\/#\\\/schema\\\/logo\\\/image\\\/\"}}]}<\/script>\n<!-- \/ Yoast SEO plugin. -->","yoast_head_json":{"title":"Otro\u0161ki digitalni fotoaparat z instant tiskanjem Hoppstar\u00ae Artist - Laurel | Ajatutaja","description":"Otro\u0161ki digitalni fotoaparat Hoppstar\u00ae Artist omogo\u010da, da v samo 3 sekundah\u00a0 natisnete svojo \u010drno-belo fotografijo.","robots":{"index":"index","follow":"follow","max-snippet":"max-snippet:-1","max-image-preview":"max-image-preview:large","max-video-preview":"max-video-preview:-1"},"canonical":"https:\/\/ajatutaja.com\/izdelek\/otroski-digitalni-fotoaparat-z-instant-tiskanjem-hoppstar-artist-laurel\/","og_locale":"hr_HR","og_type":"article","og_title":"Otro\u0161ki digitalni fotoaparat z instant tiskanjem Hoppstar\u00ae Artist - Laurel | Ajatutaja","og_description":"Otro\u0161ki digitalni fotoaparat Hoppstar\u00ae Artist omogo\u010da, da v samo 3 sekundah\u00a0 natisnete svojo \u010drno-belo fotografijo.","og_url":"https:\/\/ajatutaja.com\/izdelek\/otroski-digitalni-fotoaparat-z-instant-tiskanjem-hoppstar-artist-laurel\/","og_site_name":"Ajatutaja","article_modified_time":"2025-12-04T14:28:40+00:00","og_image":[{"width":800,"height":800,"url":"https:\/\/ajatutaja.com\/wp-content\/uploads\/2023\/05\/Hoppstar-digitalni-fotoaparat-s-takojsnjim-tiskanjem-artist-ajatutaja-laurel.jpeg","type":"image\/jpeg"}],"twitter_card":"summary_large_image","twitter_misc":{"Procijenjeno vrijeme \u010ditanja":"1 minuta"},"schema":{"@context":"https:\/\/schema.org","@graph":[{"@type":"WebPage","@id":"https:\/\/ajatutaja.com\/izdelek\/otroski-digitalni-fotoaparat-z-instant-tiskanjem-hoppstar-artist-laurel\/","url":"https:\/\/ajatutaja.com\/izdelek\/otroski-digitalni-fotoaparat-z-instant-tiskanjem-hoppstar-artist-laurel\/","name":"Otro\u0161ki digitalni fotoaparat z instant tiskanjem Hoppstar\u00ae Artist - Laurel | Ajatutaja","isPartOf":{"@id":"https:\/\/ajatutaja.com\/#website"},"primaryImageOfPage":{"@id":"https:\/\/ajatutaja.com\/izdelek\/otroski-digitalni-fotoaparat-z-instant-tiskanjem-hoppstar-artist-laurel\/#primaryimage"},"image":{"@id":"https:\/\/ajatutaja.com\/izdelek\/otroski-digitalni-fotoaparat-z-instant-tiskanjem-hoppstar-artist-laurel\/#primaryimage"},"thumbnailUrl":"https:\/\/ajatutaja.com\/wp-content\/uploads\/2023\/05\/Hoppstar-digitalni-fotoaparat-s-takojsnjim-tiskanjem-artist-ajatutaja-laurel.jpeg","datePublished":"2023-05-08T17:14:43+00:00","dateModified":"2025-12-04T14:28:40+00:00","description":"Otro\u0161ki digitalni fotoaparat Hoppstar\u00ae Artist omogo\u010da, da v samo 3 sekundah\u00a0 natisnete svojo \u010drno-belo fotografijo.","breadcrumb":{"@id":"https:\/\/ajatutaja.com\/izdelek\/otroski-digitalni-fotoaparat-z-instant-tiskanjem-hoppstar-artist-laurel\/#breadcrumb"},"inLanguage":"hr","potentialAction":[{"@type":"ReadAction","target":["https:\/\/ajatutaja.com\/izdelek\/otroski-digitalni-fotoaparat-z-instant-tiskanjem-hoppstar-artist-laurel\/"]}]},{"@type":"ImageObject","inLanguage":"hr","@id":"https:\/\/ajatutaja.com\/izdelek\/otroski-digitalni-fotoaparat-z-instant-tiskanjem-hoppstar-artist-laurel\/#primaryimage","url":"https:\/\/ajatutaja.com\/wp-content\/uploads\/2023\/05\/Hoppstar-digitalni-fotoaparat-s-takojsnjim-tiskanjem-artist-ajatutaja-laurel.jpeg","contentUrl":"https:\/\/ajatutaja.com\/wp-content\/uploads\/2023\/05\/Hoppstar-digitalni-fotoaparat-s-takojsnjim-tiskanjem-artist-ajatutaja-laurel.jpeg","width":800,"height":800},{"@type":"BreadcrumbList","@id":"https:\/\/ajatutaja.com\/izdelek\/otroski-digitalni-fotoaparat-z-instant-tiskanjem-hoppstar-artist-laurel\/#breadcrumb","itemListElement":[{"@type":"ListItem","position":1,"name":"Home","item":"https:\/\/ajatutaja.com\/hr\/"},{"@type":"ListItem","position":2,"name":"Trgovina","item":"https:\/\/ajatutaja.com\/hr\/trgovina\/"},{"@type":"ListItem","position":3,"name":"Otro\u0161ki digitalni fotoaparat z instant tiskanjem Hoppstar\u00ae Artist &#8211; Laurel"}]},{"@type":"WebSite","@id":"https:\/\/ajatutaja.com\/#website","url":"https:\/\/ajatutaja.com\/","name":"Ajatutaja","description":"Otro\u0161ka spletna trgovina AJATUTAJA","publisher":{"@id":"https:\/\/ajatutaja.com\/#organization"},"potentialAction":[{"@type":"SearchAction","target":{"@type":"EntryPoint","urlTemplate":"https:\/\/ajatutaja.com\/?s={search_term_string}"},"query-input":{"@type":"PropertyValueSpecification","valueRequired":true,"valueName":"search_term_string"}}],"inLanguage":"hr"},{"@type":"Organization","@id":"https:\/\/ajatutaja.com\/#organization","name":"Ajatutaja","url":"https:\/\/ajatutaja.com\/","logo":{"@type":"ImageObject","inLanguage":"hr","@id":"https:\/\/ajatutaja.com\/#\/schema\/logo\/image\/","url":"https:\/\/ajatutaja.com\/wp-content\/uploads\/2021\/10\/logo.png","contentUrl":"https:\/\/ajatutaja.com\/wp-content\/uploads\/2021\/10\/logo.png","width":555,"height":150,"caption":"Ajatutaja"},"image":{"@id":"https:\/\/ajatutaja.com\/#\/schema\/logo\/image\/"}}]}},"brands":[{"id":5240,"name":"Hoppstar","slug":"hoppstar"}],"_links":{"self":[{"href":"https:\/\/ajatutaja.com\/hr\/wp-json\/wp\/v2\/product\/47843","targetHints":{"allow":["GET"]}}],"collection":[{"href":"https:\/\/ajatutaja.com\/hr\/wp-json\/wp\/v2\/product"}],"about":[{"href":"https:\/\/ajatutaja.com\/hr\/wp-json\/wp\/v2\/types\/product"}],"wp:featuredmedia":[{"embeddable":true,"href":"https:\/\/ajatutaja.com\/hr\/wp-json\/wp\/v2\/media\/47830"}],"wp:attachment":[{"href":"https:\/\/ajatutaja.com\/hr\/wp-json\/wp\/v2\/media?parent=47843"}],"wp:term":[{"taxonomy":"pwb-brand","embeddable":true,"href":"https:\/\/ajatutaja.com\/hr\/wp-json\/wp\/v2\/pwb-brand?post=47843"},{"taxonomy":"product_brand","embeddable":true,"href":"https:\/\/ajatutaja.com\/hr\/wp-json\/wp\/v2\/product_brand?post=47843"},{"taxonomy":"product_cat","embeddable":true,"href":"https:\/\/ajatutaja.com\/hr\/wp-json\/wp\/v2\/product_cat?post=47843"},{"taxonomy":"product_tag","embeddable":true,"href":"https:\/\/ajatutaja.com\/hr\/wp-json\/wp\/v2\/product_tag?post=47843"}],"curies":[{"name":"wp","href":"https:\/\/api.w.org\/{rel}","templated":true}]}}