{"id":47778,"date":"2023-05-08T16:57:35","date_gmt":"2023-05-08T14:57:35","guid":{"rendered":"https:\/\/ajatutaja.com\/?post_type=product&#038;p=47778"},"modified":"2025-04-02T16:24:50","modified_gmt":"2025-04-02T14:24:50","slug":"torba-mommy-bag-signature-canvas-black","status":"publish","type":"product","link":"https:\/\/ajatutaja.com\/hr\/proizvod\/torba-mommy-bag-signature-canvas-black\/","title":{"rendered":"Torba MOMMY BAG &#8211; Signature Canvas Black"},"content":{"rendered":"<p>[vc_row][vc_column][vc_column_text]<\/p>\n<p style=\"text-align: justify\">Torba Mommy Bag blagovne znamke Childhome je prostorna previjalna torba, ki jo mamice naravnost obo\u017eujejo. Vanjo namre\u010d lahko pospravijo ogromno re\u010di &#8211; obla\u010dila za mal\u010dka, plenice, kozmetiko, fla\u0161ko in igla\u010de. Nadvse je primerna za odhod v porodni\u0161nico ali pa kraj\u0161e dopuste. Mamice dvoj\u010dkov, pa lahko vanjo pospravijo vse potrebno.<\/p>\n<h3 style=\"text-align: justify\">Lastnosti torbe MOOMY BAG:<\/h3>\n<ul>\n<li>Izredno udobna in prijetna za no\u0161enje v roki ali na rami<\/li>\n<li>Prostorna in pregledna<\/li>\n<li>Izoliran \u017eepek za stekleni\u010dko<\/li>\n<li>Vklju\u010dena previjalna podloga<\/li>\n<li>Tkanina: 65 % bomba\u017e, 35 % poliester<\/li>\n<li>Podloga: 100 % najlon<\/li>\n<li>Ro\u010daji: 100 % PU usnje<\/li>\n<li>Dimenzije: 55 x 30 x 40 cm<\/li>\n<li>Prostornina 58 lt<\/li>\n<li>Te\u017ea: 1,4 kg<\/li>\n<li>Nosilnost: 5 kg<\/li>\n<li>\u010ci\u0161\u010denje je zelo enostavno, saj\u00a0 torbo Mommy Bag obri\u0161emo z vla\u017eno krpo.<\/li>\n<\/ul>\n<p>[\/vc_column_text][\/vc_column][\/vc_row]<\/p>\n","protected":false},"excerpt":{"rendered":"<p style=\"text-align: justify\">Vedno bolj priljubljena torba za mamice Childhome Mommy Bag iz kolekcije Signature Canvas je modna in ekstra prostorna previjalna torba, ki zdru\u017euje stil in funkcionalnost.<\/p>\n","protected":false},"featured_media":47740,"template":"","meta":[],"pwb-brand":[2422,2409],"product_brand":[],"product_cat":[2264,2711,2262,2250,2361,2398],"product_tag":[4043,4358],"class_list":{"0":"post-47778","1":"product","2":"type-product","3":"status-publish","4":"has-post-thumbnail","6":"pwb-brand-childhome-potepanje","7":"pwb-brand-potepanje","8":"product_cat-babyshower","9":"product_cat-darilo-ob-rojstvu","10":"product_cat-darilo-za-nosecnico","11":"product_cat-nosecnost","12":"product_cat-potepanje","13":"product_cat-previjalne-torbe","14":"product_tag-childhome","15":"product_tag-mommy-bag","17":"first","18":"instock","19":"taxable","20":"shipping-taxable","21":"purchasable","22":"product-type-simple","23":"add-to-wishlist-before_image"},"yoast_head":"<!-- This site is optimized with the Yoast SEO plugin v27.3 - https:\/\/yoast.com\/product\/yoast-seo-wordpress\/ -->\n<title>Torba MOMMY BAG - Signature Canvas Black | Ajatutaja<\/title>\n<meta name=\"description\" content=\"Vedno bolj priljubljena torba za mamice Childhome Mommy Bag iz kolekcije Signature Canvas je modna in ekstra prostorna previjalna torba, ki zdru\u017euje stil in funkcionalnost.\" \/>\n<meta name=\"robots\" content=\"index, follow, max-snippet:-1, max-image-preview:large, max-video-preview:-1\" \/>\n<link rel=\"canonical\" href=\"https:\/\/ajatutaja.com\/izdelek\/torba-mommy-bag-signature-canvas-black\/\" \/>\n<meta property=\"og:locale\" content=\"hr_HR\" \/>\n<meta property=\"og:type\" content=\"article\" \/>\n<meta property=\"og:title\" content=\"Torba MOMMY BAG - Signature Canvas Black | Ajatutaja\" \/>\n<meta property=\"og:description\" content=\"Vedno bolj priljubljena torba za mamice Childhome Mommy Bag iz kolekcije Signature Canvas je modna in ekstra prostorna previjalna torba, ki zdru\u017euje stil in funkcionalnost.\" \/>\n<meta property=\"og:url\" content=\"https:\/\/ajatutaja.com\/izdelek\/torba-mommy-bag-signature-canvas-black\/\" \/>\n<meta property=\"og:site_name\" content=\"Ajatutaja\" \/>\n<meta property=\"article:modified_time\" content=\"2025-04-02T14:24:50+00:00\" \/>\n<meta property=\"og:image\" content=\"https:\/\/ajatutaja.com\/wp-content\/uploads\/2023\/05\/Childhome-torba-Mommy-Bag-Signature-Canvas-BLACK-ajatutaja-1.jpg\" \/>\n\t<meta property=\"og:image:width\" content=\"700\" \/>\n\t<meta property=\"og:image:height\" content=\"700\" \/>\n\t<meta property=\"og:image:type\" content=\"image\/jpeg\" \/>\n<meta name=\"twitter:card\" content=\"summary_large_image\" \/>\n<meta name=\"twitter:label1\" content=\"Procijenjeno vrijeme \u010ditanja\" \/>\n\t<meta name=\"twitter:data1\" content=\"1 minuta\" \/>\n<script type=\"application\/ld+json\" class=\"yoast-schema-graph\">{\"@context\":\"https:\\\/\\\/schema.org\",\"@graph\":[{\"@type\":\"WebPage\",\"@id\":\"https:\\\/\\\/ajatutaja.com\\\/izdelek\\\/torba-mommy-bag-signature-canvas-black\\\/\",\"url\":\"https:\\\/\\\/ajatutaja.com\\\/izdelek\\\/torba-mommy-bag-signature-canvas-black\\\/\",\"name\":\"Torba MOMMY BAG - Signature Canvas Black | Ajatutaja\",\"isPartOf\":{\"@id\":\"https:\\\/\\\/ajatutaja.com\\\/#website\"},\"primaryImageOfPage\":{\"@id\":\"https:\\\/\\\/ajatutaja.com\\\/izdelek\\\/torba-mommy-bag-signature-canvas-black\\\/#primaryimage\"},\"image\":{\"@id\":\"https:\\\/\\\/ajatutaja.com\\\/izdelek\\\/torba-mommy-bag-signature-canvas-black\\\/#primaryimage\"},\"thumbnailUrl\":\"https:\\\/\\\/ajatutaja.com\\\/wp-content\\\/uploads\\\/2023\\\/05\\\/Childhome-torba-Mommy-Bag-Signature-Canvas-BLACK-ajatutaja-1.jpg\",\"datePublished\":\"2023-05-08T14:57:35+00:00\",\"dateModified\":\"2025-04-02T14:24:50+00:00\",\"description\":\"Vedno bolj priljubljena torba za mamice Childhome Mommy Bag iz kolekcije Signature Canvas je modna in ekstra prostorna previjalna torba, ki zdru\u017euje stil in funkcionalnost.\",\"breadcrumb\":{\"@id\":\"https:\\\/\\\/ajatutaja.com\\\/izdelek\\\/torba-mommy-bag-signature-canvas-black\\\/#breadcrumb\"},\"inLanguage\":\"hr\",\"potentialAction\":[{\"@type\":\"ReadAction\",\"target\":[\"https:\\\/\\\/ajatutaja.com\\\/izdelek\\\/torba-mommy-bag-signature-canvas-black\\\/\"]}]},{\"@type\":\"ImageObject\",\"inLanguage\":\"hr\",\"@id\":\"https:\\\/\\\/ajatutaja.com\\\/izdelek\\\/torba-mommy-bag-signature-canvas-black\\\/#primaryimage\",\"url\":\"https:\\\/\\\/ajatutaja.com\\\/wp-content\\\/uploads\\\/2023\\\/05\\\/Childhome-torba-Mommy-Bag-Signature-Canvas-BLACK-ajatutaja-1.jpg\",\"contentUrl\":\"https:\\\/\\\/ajatutaja.com\\\/wp-content\\\/uploads\\\/2023\\\/05\\\/Childhome-torba-Mommy-Bag-Signature-Canvas-BLACK-ajatutaja-1.jpg\",\"width\":700,\"height\":700},{\"@type\":\"BreadcrumbList\",\"@id\":\"https:\\\/\\\/ajatutaja.com\\\/izdelek\\\/torba-mommy-bag-signature-canvas-black\\\/#breadcrumb\",\"itemListElement\":[{\"@type\":\"ListItem\",\"position\":1,\"name\":\"Home\",\"item\":\"https:\\\/\\\/ajatutaja.com\\\/hr\\\/\"},{\"@type\":\"ListItem\",\"position\":2,\"name\":\"Trgovina\",\"item\":\"https:\\\/\\\/ajatutaja.com\\\/hr\\\/trgovina\\\/\"},{\"@type\":\"ListItem\",\"position\":3,\"name\":\"Torba MOMMY BAG &#8211; Signature Canvas Black\"}]},{\"@type\":\"WebSite\",\"@id\":\"https:\\\/\\\/ajatutaja.com\\\/#website\",\"url\":\"https:\\\/\\\/ajatutaja.com\\\/\",\"name\":\"Ajatutaja\",\"description\":\"Otro\u0161ka spletna trgovina AJATUTAJA\",\"publisher\":{\"@id\":\"https:\\\/\\\/ajatutaja.com\\\/#organization\"},\"potentialAction\":[{\"@type\":\"SearchAction\",\"target\":{\"@type\":\"EntryPoint\",\"urlTemplate\":\"https:\\\/\\\/ajatutaja.com\\\/?s={search_term_string}\"},\"query-input\":{\"@type\":\"PropertyValueSpecification\",\"valueRequired\":true,\"valueName\":\"search_term_string\"}}],\"inLanguage\":\"hr\"},{\"@type\":\"Organization\",\"@id\":\"https:\\\/\\\/ajatutaja.com\\\/#organization\",\"name\":\"Ajatutaja\",\"url\":\"https:\\\/\\\/ajatutaja.com\\\/\",\"logo\":{\"@type\":\"ImageObject\",\"inLanguage\":\"hr\",\"@id\":\"https:\\\/\\\/ajatutaja.com\\\/#\\\/schema\\\/logo\\\/image\\\/\",\"url\":\"https:\\\/\\\/ajatutaja.com\\\/wp-content\\\/uploads\\\/2021\\\/10\\\/logo.png\",\"contentUrl\":\"https:\\\/\\\/ajatutaja.com\\\/wp-content\\\/uploads\\\/2021\\\/10\\\/logo.png\",\"width\":555,\"height\":150,\"caption\":\"Ajatutaja\"},\"image\":{\"@id\":\"https:\\\/\\\/ajatutaja.com\\\/#\\\/schema\\\/logo\\\/image\\\/\"}}]}<\/script>\n<!-- \/ Yoast SEO plugin. -->","yoast_head_json":{"title":"Torba MOMMY BAG - Signature Canvas Black | Ajatutaja","description":"Vedno bolj priljubljena torba za mamice Childhome Mommy Bag iz kolekcije Signature Canvas je modna in ekstra prostorna previjalna torba, ki zdru\u017euje stil in funkcionalnost.","robots":{"index":"index","follow":"follow","max-snippet":"max-snippet:-1","max-image-preview":"max-image-preview:large","max-video-preview":"max-video-preview:-1"},"canonical":"https:\/\/ajatutaja.com\/izdelek\/torba-mommy-bag-signature-canvas-black\/","og_locale":"hr_HR","og_type":"article","og_title":"Torba MOMMY BAG - Signature Canvas Black | Ajatutaja","og_description":"Vedno bolj priljubljena torba za mamice Childhome Mommy Bag iz kolekcije Signature Canvas je modna in ekstra prostorna previjalna torba, ki zdru\u017euje stil in funkcionalnost.","og_url":"https:\/\/ajatutaja.com\/izdelek\/torba-mommy-bag-signature-canvas-black\/","og_site_name":"Ajatutaja","article_modified_time":"2025-04-02T14:24:50+00:00","og_image":[{"width":700,"height":700,"url":"https:\/\/ajatutaja.com\/wp-content\/uploads\/2023\/05\/Childhome-torba-Mommy-Bag-Signature-Canvas-BLACK-ajatutaja-1.jpg","type":"image\/jpeg"}],"twitter_card":"summary_large_image","twitter_misc":{"Procijenjeno vrijeme \u010ditanja":"1 minuta"},"schema":{"@context":"https:\/\/schema.org","@graph":[{"@type":"WebPage","@id":"https:\/\/ajatutaja.com\/izdelek\/torba-mommy-bag-signature-canvas-black\/","url":"https:\/\/ajatutaja.com\/izdelek\/torba-mommy-bag-signature-canvas-black\/","name":"Torba MOMMY BAG - Signature Canvas Black | Ajatutaja","isPartOf":{"@id":"https:\/\/ajatutaja.com\/#website"},"primaryImageOfPage":{"@id":"https:\/\/ajatutaja.com\/izdelek\/torba-mommy-bag-signature-canvas-black\/#primaryimage"},"image":{"@id":"https:\/\/ajatutaja.com\/izdelek\/torba-mommy-bag-signature-canvas-black\/#primaryimage"},"thumbnailUrl":"https:\/\/ajatutaja.com\/wp-content\/uploads\/2023\/05\/Childhome-torba-Mommy-Bag-Signature-Canvas-BLACK-ajatutaja-1.jpg","datePublished":"2023-05-08T14:57:35+00:00","dateModified":"2025-04-02T14:24:50+00:00","description":"Vedno bolj priljubljena torba za mamice Childhome Mommy Bag iz kolekcije Signature Canvas je modna in ekstra prostorna previjalna torba, ki zdru\u017euje stil in funkcionalnost.","breadcrumb":{"@id":"https:\/\/ajatutaja.com\/izdelek\/torba-mommy-bag-signature-canvas-black\/#breadcrumb"},"inLanguage":"hr","potentialAction":[{"@type":"ReadAction","target":["https:\/\/ajatutaja.com\/izdelek\/torba-mommy-bag-signature-canvas-black\/"]}]},{"@type":"ImageObject","inLanguage":"hr","@id":"https:\/\/ajatutaja.com\/izdelek\/torba-mommy-bag-signature-canvas-black\/#primaryimage","url":"https:\/\/ajatutaja.com\/wp-content\/uploads\/2023\/05\/Childhome-torba-Mommy-Bag-Signature-Canvas-BLACK-ajatutaja-1.jpg","contentUrl":"https:\/\/ajatutaja.com\/wp-content\/uploads\/2023\/05\/Childhome-torba-Mommy-Bag-Signature-Canvas-BLACK-ajatutaja-1.jpg","width":700,"height":700},{"@type":"BreadcrumbList","@id":"https:\/\/ajatutaja.com\/izdelek\/torba-mommy-bag-signature-canvas-black\/#breadcrumb","itemListElement":[{"@type":"ListItem","position":1,"name":"Home","item":"https:\/\/ajatutaja.com\/hr\/"},{"@type":"ListItem","position":2,"name":"Trgovina","item":"https:\/\/ajatutaja.com\/hr\/trgovina\/"},{"@type":"ListItem","position":3,"name":"Torba MOMMY BAG &#8211; Signature Canvas Black"}]},{"@type":"WebSite","@id":"https:\/\/ajatutaja.com\/#website","url":"https:\/\/ajatutaja.com\/","name":"Ajatutaja","description":"Otro\u0161ka spletna trgovina AJATUTAJA","publisher":{"@id":"https:\/\/ajatutaja.com\/#organization"},"potentialAction":[{"@type":"SearchAction","target":{"@type":"EntryPoint","urlTemplate":"https:\/\/ajatutaja.com\/?s={search_term_string}"},"query-input":{"@type":"PropertyValueSpecification","valueRequired":true,"valueName":"search_term_string"}}],"inLanguage":"hr"},{"@type":"Organization","@id":"https:\/\/ajatutaja.com\/#organization","name":"Ajatutaja","url":"https:\/\/ajatutaja.com\/","logo":{"@type":"ImageObject","inLanguage":"hr","@id":"https:\/\/ajatutaja.com\/#\/schema\/logo\/image\/","url":"https:\/\/ajatutaja.com\/wp-content\/uploads\/2021\/10\/logo.png","contentUrl":"https:\/\/ajatutaja.com\/wp-content\/uploads\/2021\/10\/logo.png","width":555,"height":150,"caption":"Ajatutaja"},"image":{"@id":"https:\/\/ajatutaja.com\/#\/schema\/logo\/image\/"}}]}},"brands":[{"id":2422,"name":"Childhome","slug":"childhome-potepanje"},{"id":2409,"name":"Potepanje","slug":"potepanje"}],"_links":{"self":[{"href":"https:\/\/ajatutaja.com\/hr\/wp-json\/wp\/v2\/product\/47778","targetHints":{"allow":["GET"]}}],"collection":[{"href":"https:\/\/ajatutaja.com\/hr\/wp-json\/wp\/v2\/product"}],"about":[{"href":"https:\/\/ajatutaja.com\/hr\/wp-json\/wp\/v2\/types\/product"}],"wp:featuredmedia":[{"embeddable":true,"href":"https:\/\/ajatutaja.com\/hr\/wp-json\/wp\/v2\/media\/47740"}],"wp:attachment":[{"href":"https:\/\/ajatutaja.com\/hr\/wp-json\/wp\/v2\/media?parent=47778"}],"wp:term":[{"taxonomy":"pwb-brand","embeddable":true,"href":"https:\/\/ajatutaja.com\/hr\/wp-json\/wp\/v2\/pwb-brand?post=47778"},{"taxonomy":"product_brand","embeddable":true,"href":"https:\/\/ajatutaja.com\/hr\/wp-json\/wp\/v2\/product_brand?post=47778"},{"taxonomy":"product_cat","embeddable":true,"href":"https:\/\/ajatutaja.com\/hr\/wp-json\/wp\/v2\/product_cat?post=47778"},{"taxonomy":"product_tag","embeddable":true,"href":"https:\/\/ajatutaja.com\/hr\/wp-json\/wp\/v2\/product_tag?post=47778"}],"curies":[{"name":"wp","href":"https:\/\/api.w.org\/{rel}","templated":true}]}}