{"id":47723,"date":"2023-05-08T16:16:20","date_gmt":"2023-05-08T14:16:20","guid":{"rendered":"https:\/\/ajatutaja.com\/?post_type=product&#038;p=47723"},"modified":"2025-07-09T17:09:58","modified_gmt":"2025-07-09T15:09:58","slug":"3sprouts-organizator-za-shranjevanje-igrac-multibin-terrazzo-pink","status":"publish","type":"product","link":"https:\/\/ajatutaja.com\/hr\/proizvod\/3sprouts-organizator-za-shranjevanje-igrac-multibin-terrazzo-pink\/","title":{"rendered":"3Sprouts organizator za shranjevanje igra\u010d MultiBin &#8211; Terrazzo Pink"},"content":{"rendered":"<p>[vc_row][vc_column][vc_column_text]<\/p>\n<h3>Lastnosti organizatorja za shranjevanje igra\u010d Multi-Bin 3Sprouts:<\/h3>\n<ul>\n<li>Prikupen dodatek za otro\u0161ko sobico in prakti\u010den dodatek za mal\u010dkov koti\u010dek<\/li>\n<li>Estetski organizator za shranjevanje igra\u010d, ki vklju\u010duje tudi 6 ko\u0161aric za shranjevanje (2xS, 2xM in 1xL)<\/li>\n<li>Lesen okvir zagotavlja dobro stabilnost<\/li>\n<li>Primerna vi\u0161ina za otroke, ki spodbuja samostojno pospravljanje<\/li>\n<li>Primeren za uporabo v razli\u010dnih prostorih doma<\/li>\n<li>Sofisticirane barve in estetski dizajn<\/li>\n<li>Trdna konstrukcija<\/li>\n<li>Enostavno sestavljanje<\/li>\n<li>Dimenzije: 70 x 62,5 x 28 cm<\/li>\n<li>Vklju\u010dene: 3 male, 2 srednji in 1 velika ko\u0161ara za shranjevanje<\/li>\n<li>Material: 100 % reciklirani poliester, lesen okvir<\/li>\n<li>\u010ci\u0161\u010denje s \u010disto krpo na mestu made\u017ea<\/li>\n<li>Prelepo darilo za mal\u010dkov rojstni dan<\/li>\n<li>Izdelek ni igra\u010da in ni primeren za otroke mlaj\u0161e od 3 let starosti<\/li>\n<\/ul>\n<p>[\/vc_column_text][\/vc_column][\/vc_row]<\/p>\n","protected":false},"excerpt":{"rendered":"<p>MultiBin je izredno prakti\u010den in estetski organizator priljubljene blagovne znamke 3Sprouts, ki ima kar 6 ko\u0161aric za shranjevanje. Z lahkoto boste vanj lahko pospravili prva obla\u010dila in pripomo\u010dke za va\u0161ega novorojen\u010dka, ter kasneje najljub\u0161e mal\u010dkove igra\u010de, knjigice in druge predmete.<\/p>\n","protected":false},"featured_media":47711,"template":"","meta":[],"pwb-brand":[2463,2452],"product_brand":[],"product_cat":[2607,2362,2592],"product_tag":[4110],"class_list":{"0":"post-47723","1":"product","2":"type-product","3":"status-publish","4":"has-post-thumbnail","6":"pwb-brand-3sprouts-igranje","7":"pwb-brand-igranje","8":"product_cat-dodatki-in-dekoracije","9":"product_cat-igranje","10":"product_cat-shranjevanje-igrac","11":"product_tag-3sprouts","13":"first","14":"onbackorder","15":"taxable","16":"shipping-taxable","17":"purchasable","18":"product-type-simple","19":"add-to-wishlist-before_image"},"yoast_head":"<!-- This site is optimized with the Yoast SEO plugin v27.3 - https:\/\/yoast.com\/product\/yoast-seo-wordpress\/ -->\n<title>3Sprouts organizator za shranjevanje igra\u010d MultiBin - Terrazzo Pink | Ajatutaja<\/title>\n<meta name=\"description\" content=\"Multi Bin je izredno prakti\u010den in estetski organizator priljubljene blagovne znamke 3Sprouts, ki ima kar 6 ko\u0161aric.\" \/>\n<meta name=\"robots\" content=\"index, follow, max-snippet:-1, max-image-preview:large, max-video-preview:-1\" \/>\n<link rel=\"canonical\" href=\"https:\/\/ajatutaja.com\/izdelek\/3sprouts-organizator-za-shranjevanje-igrac-multibin-terrazzo-pink\/\" \/>\n<meta property=\"og:locale\" content=\"hr_HR\" \/>\n<meta property=\"og:type\" content=\"article\" \/>\n<meta property=\"og:title\" content=\"3Sprouts organizator za shranjevanje igra\u010d MultiBin - Terrazzo Pink | Ajatutaja\" \/>\n<meta property=\"og:description\" content=\"Multi Bin je izredno prakti\u010den in estetski organizator priljubljene blagovne znamke 3Sprouts, ki ima kar 6 ko\u0161aric.\" \/>\n<meta property=\"og:url\" content=\"https:\/\/ajatutaja.com\/izdelek\/3sprouts-organizator-za-shranjevanje-igrac-multibin-terrazzo-pink\/\" \/>\n<meta property=\"og:site_name\" content=\"Ajatutaja\" \/>\n<meta property=\"article:modified_time\" content=\"2025-07-09T15:09:58+00:00\" \/>\n<meta property=\"og:image\" content=\"https:\/\/ajatutaja.com\/wp-content\/uploads\/2023\/05\/3sprouts-organizator-za-shranjevanje-igrac-multi-bin-terrazzo-cream.jpg\" \/>\n\t<meta property=\"og:image:width\" content=\"705\" \/>\n\t<meta property=\"og:image:height\" content=\"705\" \/>\n\t<meta property=\"og:image:type\" content=\"image\/jpeg\" \/>\n<meta name=\"twitter:card\" content=\"summary_large_image\" \/>\n<meta name=\"twitter:label1\" content=\"Procijenjeno vrijeme \u010ditanja\" \/>\n\t<meta name=\"twitter:data1\" content=\"1 minuta\" \/>\n<script type=\"application\/ld+json\" class=\"yoast-schema-graph\">{\"@context\":\"https:\\\/\\\/schema.org\",\"@graph\":[{\"@type\":\"WebPage\",\"@id\":\"https:\\\/\\\/ajatutaja.com\\\/izdelek\\\/3sprouts-organizator-za-shranjevanje-igrac-multibin-terrazzo-pink\\\/\",\"url\":\"https:\\\/\\\/ajatutaja.com\\\/izdelek\\\/3sprouts-organizator-za-shranjevanje-igrac-multibin-terrazzo-pink\\\/\",\"name\":\"3Sprouts organizator za shranjevanje igra\u010d MultiBin - Terrazzo Pink | Ajatutaja\",\"isPartOf\":{\"@id\":\"https:\\\/\\\/ajatutaja.com\\\/#website\"},\"primaryImageOfPage\":{\"@id\":\"https:\\\/\\\/ajatutaja.com\\\/izdelek\\\/3sprouts-organizator-za-shranjevanje-igrac-multibin-terrazzo-pink\\\/#primaryimage\"},\"image\":{\"@id\":\"https:\\\/\\\/ajatutaja.com\\\/izdelek\\\/3sprouts-organizator-za-shranjevanje-igrac-multibin-terrazzo-pink\\\/#primaryimage\"},\"thumbnailUrl\":\"https:\\\/\\\/ajatutaja.com\\\/wp-content\\\/uploads\\\/2023\\\/05\\\/3sprouts-organizator-za-shranjevanje-igrac-multi-bin-terrazzo-cream.jpg\",\"datePublished\":\"2023-05-08T14:16:20+00:00\",\"dateModified\":\"2025-07-09T15:09:58+00:00\",\"description\":\"Multi Bin je izredno prakti\u010den in estetski organizator priljubljene blagovne znamke 3Sprouts, ki ima kar 6 ko\u0161aric.\",\"breadcrumb\":{\"@id\":\"https:\\\/\\\/ajatutaja.com\\\/izdelek\\\/3sprouts-organizator-za-shranjevanje-igrac-multibin-terrazzo-pink\\\/#breadcrumb\"},\"inLanguage\":\"hr\",\"potentialAction\":[{\"@type\":\"ReadAction\",\"target\":[\"https:\\\/\\\/ajatutaja.com\\\/izdelek\\\/3sprouts-organizator-za-shranjevanje-igrac-multibin-terrazzo-pink\\\/\"]}]},{\"@type\":\"ImageObject\",\"inLanguage\":\"hr\",\"@id\":\"https:\\\/\\\/ajatutaja.com\\\/izdelek\\\/3sprouts-organizator-za-shranjevanje-igrac-multibin-terrazzo-pink\\\/#primaryimage\",\"url\":\"https:\\\/\\\/ajatutaja.com\\\/wp-content\\\/uploads\\\/2023\\\/05\\\/3sprouts-organizator-za-shranjevanje-igrac-multi-bin-terrazzo-cream.jpg\",\"contentUrl\":\"https:\\\/\\\/ajatutaja.com\\\/wp-content\\\/uploads\\\/2023\\\/05\\\/3sprouts-organizator-za-shranjevanje-igrac-multi-bin-terrazzo-cream.jpg\",\"width\":705,\"height\":705},{\"@type\":\"BreadcrumbList\",\"@id\":\"https:\\\/\\\/ajatutaja.com\\\/izdelek\\\/3sprouts-organizator-za-shranjevanje-igrac-multibin-terrazzo-pink\\\/#breadcrumb\",\"itemListElement\":[{\"@type\":\"ListItem\",\"position\":1,\"name\":\"Home\",\"item\":\"https:\\\/\\\/ajatutaja.com\\\/hr\\\/\"},{\"@type\":\"ListItem\",\"position\":2,\"name\":\"Trgovina\",\"item\":\"https:\\\/\\\/ajatutaja.com\\\/hr\\\/trgovina\\\/\"},{\"@type\":\"ListItem\",\"position\":3,\"name\":\"3Sprouts organizator za shranjevanje igra\u010d MultiBin &#8211; Terrazzo Pink\"}]},{\"@type\":\"WebSite\",\"@id\":\"https:\\\/\\\/ajatutaja.com\\\/#website\",\"url\":\"https:\\\/\\\/ajatutaja.com\\\/\",\"name\":\"Ajatutaja\",\"description\":\"Otro\u0161ka spletna trgovina AJATUTAJA\",\"publisher\":{\"@id\":\"https:\\\/\\\/ajatutaja.com\\\/#organization\"},\"potentialAction\":[{\"@type\":\"SearchAction\",\"target\":{\"@type\":\"EntryPoint\",\"urlTemplate\":\"https:\\\/\\\/ajatutaja.com\\\/?s={search_term_string}\"},\"query-input\":{\"@type\":\"PropertyValueSpecification\",\"valueRequired\":true,\"valueName\":\"search_term_string\"}}],\"inLanguage\":\"hr\"},{\"@type\":\"Organization\",\"@id\":\"https:\\\/\\\/ajatutaja.com\\\/#organization\",\"name\":\"Ajatutaja\",\"url\":\"https:\\\/\\\/ajatutaja.com\\\/\",\"logo\":{\"@type\":\"ImageObject\",\"inLanguage\":\"hr\",\"@id\":\"https:\\\/\\\/ajatutaja.com\\\/#\\\/schema\\\/logo\\\/image\\\/\",\"url\":\"https:\\\/\\\/ajatutaja.com\\\/wp-content\\\/uploads\\\/2021\\\/10\\\/logo.png\",\"contentUrl\":\"https:\\\/\\\/ajatutaja.com\\\/wp-content\\\/uploads\\\/2021\\\/10\\\/logo.png\",\"width\":555,\"height\":150,\"caption\":\"Ajatutaja\"},\"image\":{\"@id\":\"https:\\\/\\\/ajatutaja.com\\\/#\\\/schema\\\/logo\\\/image\\\/\"}}]}<\/script>\n<!-- \/ Yoast SEO plugin. -->","yoast_head_json":{"title":"3Sprouts organizator za shranjevanje igra\u010d MultiBin - Terrazzo Pink | Ajatutaja","description":"Multi Bin je izredno prakti\u010den in estetski organizator priljubljene blagovne znamke 3Sprouts, ki ima kar 6 ko\u0161aric.","robots":{"index":"index","follow":"follow","max-snippet":"max-snippet:-1","max-image-preview":"max-image-preview:large","max-video-preview":"max-video-preview:-1"},"canonical":"https:\/\/ajatutaja.com\/izdelek\/3sprouts-organizator-za-shranjevanje-igrac-multibin-terrazzo-pink\/","og_locale":"hr_HR","og_type":"article","og_title":"3Sprouts organizator za shranjevanje igra\u010d MultiBin - Terrazzo Pink | Ajatutaja","og_description":"Multi Bin je izredno prakti\u010den in estetski organizator priljubljene blagovne znamke 3Sprouts, ki ima kar 6 ko\u0161aric.","og_url":"https:\/\/ajatutaja.com\/izdelek\/3sprouts-organizator-za-shranjevanje-igrac-multibin-terrazzo-pink\/","og_site_name":"Ajatutaja","article_modified_time":"2025-07-09T15:09:58+00:00","og_image":[{"width":705,"height":705,"url":"https:\/\/ajatutaja.com\/wp-content\/uploads\/2023\/05\/3sprouts-organizator-za-shranjevanje-igrac-multi-bin-terrazzo-cream.jpg","type":"image\/jpeg"}],"twitter_card":"summary_large_image","twitter_misc":{"Procijenjeno vrijeme \u010ditanja":"1 minuta"},"schema":{"@context":"https:\/\/schema.org","@graph":[{"@type":"WebPage","@id":"https:\/\/ajatutaja.com\/izdelek\/3sprouts-organizator-za-shranjevanje-igrac-multibin-terrazzo-pink\/","url":"https:\/\/ajatutaja.com\/izdelek\/3sprouts-organizator-za-shranjevanje-igrac-multibin-terrazzo-pink\/","name":"3Sprouts organizator za shranjevanje igra\u010d MultiBin - Terrazzo Pink | Ajatutaja","isPartOf":{"@id":"https:\/\/ajatutaja.com\/#website"},"primaryImageOfPage":{"@id":"https:\/\/ajatutaja.com\/izdelek\/3sprouts-organizator-za-shranjevanje-igrac-multibin-terrazzo-pink\/#primaryimage"},"image":{"@id":"https:\/\/ajatutaja.com\/izdelek\/3sprouts-organizator-za-shranjevanje-igrac-multibin-terrazzo-pink\/#primaryimage"},"thumbnailUrl":"https:\/\/ajatutaja.com\/wp-content\/uploads\/2023\/05\/3sprouts-organizator-za-shranjevanje-igrac-multi-bin-terrazzo-cream.jpg","datePublished":"2023-05-08T14:16:20+00:00","dateModified":"2025-07-09T15:09:58+00:00","description":"Multi Bin je izredno prakti\u010den in estetski organizator priljubljene blagovne znamke 3Sprouts, ki ima kar 6 ko\u0161aric.","breadcrumb":{"@id":"https:\/\/ajatutaja.com\/izdelek\/3sprouts-organizator-za-shranjevanje-igrac-multibin-terrazzo-pink\/#breadcrumb"},"inLanguage":"hr","potentialAction":[{"@type":"ReadAction","target":["https:\/\/ajatutaja.com\/izdelek\/3sprouts-organizator-za-shranjevanje-igrac-multibin-terrazzo-pink\/"]}]},{"@type":"ImageObject","inLanguage":"hr","@id":"https:\/\/ajatutaja.com\/izdelek\/3sprouts-organizator-za-shranjevanje-igrac-multibin-terrazzo-pink\/#primaryimage","url":"https:\/\/ajatutaja.com\/wp-content\/uploads\/2023\/05\/3sprouts-organizator-za-shranjevanje-igrac-multi-bin-terrazzo-cream.jpg","contentUrl":"https:\/\/ajatutaja.com\/wp-content\/uploads\/2023\/05\/3sprouts-organizator-za-shranjevanje-igrac-multi-bin-terrazzo-cream.jpg","width":705,"height":705},{"@type":"BreadcrumbList","@id":"https:\/\/ajatutaja.com\/izdelek\/3sprouts-organizator-za-shranjevanje-igrac-multibin-terrazzo-pink\/#breadcrumb","itemListElement":[{"@type":"ListItem","position":1,"name":"Home","item":"https:\/\/ajatutaja.com\/hr\/"},{"@type":"ListItem","position":2,"name":"Trgovina","item":"https:\/\/ajatutaja.com\/hr\/trgovina\/"},{"@type":"ListItem","position":3,"name":"3Sprouts organizator za shranjevanje igra\u010d MultiBin &#8211; Terrazzo Pink"}]},{"@type":"WebSite","@id":"https:\/\/ajatutaja.com\/#website","url":"https:\/\/ajatutaja.com\/","name":"Ajatutaja","description":"Otro\u0161ka spletna trgovina AJATUTAJA","publisher":{"@id":"https:\/\/ajatutaja.com\/#organization"},"potentialAction":[{"@type":"SearchAction","target":{"@type":"EntryPoint","urlTemplate":"https:\/\/ajatutaja.com\/?s={search_term_string}"},"query-input":{"@type":"PropertyValueSpecification","valueRequired":true,"valueName":"search_term_string"}}],"inLanguage":"hr"},{"@type":"Organization","@id":"https:\/\/ajatutaja.com\/#organization","name":"Ajatutaja","url":"https:\/\/ajatutaja.com\/","logo":{"@type":"ImageObject","inLanguage":"hr","@id":"https:\/\/ajatutaja.com\/#\/schema\/logo\/image\/","url":"https:\/\/ajatutaja.com\/wp-content\/uploads\/2021\/10\/logo.png","contentUrl":"https:\/\/ajatutaja.com\/wp-content\/uploads\/2021\/10\/logo.png","width":555,"height":150,"caption":"Ajatutaja"},"image":{"@id":"https:\/\/ajatutaja.com\/#\/schema\/logo\/image\/"}}]}},"brands":[{"id":2463,"name":"3Sprouts","slug":"3sprouts-igranje"},{"id":2452,"name":"Igranje","slug":"igranje"}],"_links":{"self":[{"href":"https:\/\/ajatutaja.com\/hr\/wp-json\/wp\/v2\/product\/47723","targetHints":{"allow":["GET"]}}],"collection":[{"href":"https:\/\/ajatutaja.com\/hr\/wp-json\/wp\/v2\/product"}],"about":[{"href":"https:\/\/ajatutaja.com\/hr\/wp-json\/wp\/v2\/types\/product"}],"wp:featuredmedia":[{"embeddable":true,"href":"https:\/\/ajatutaja.com\/hr\/wp-json\/wp\/v2\/media\/47711"}],"wp:attachment":[{"href":"https:\/\/ajatutaja.com\/hr\/wp-json\/wp\/v2\/media?parent=47723"}],"wp:term":[{"taxonomy":"pwb-brand","embeddable":true,"href":"https:\/\/ajatutaja.com\/hr\/wp-json\/wp\/v2\/pwb-brand?post=47723"},{"taxonomy":"product_brand","embeddable":true,"href":"https:\/\/ajatutaja.com\/hr\/wp-json\/wp\/v2\/product_brand?post=47723"},{"taxonomy":"product_cat","embeddable":true,"href":"https:\/\/ajatutaja.com\/hr\/wp-json\/wp\/v2\/product_cat?post=47723"},{"taxonomy":"product_tag","embeddable":true,"href":"https:\/\/ajatutaja.com\/hr\/wp-json\/wp\/v2\/product_tag?post=47723"}],"curies":[{"name":"wp","href":"https:\/\/api.w.org\/{rel}","templated":true}]}}