{"id":46863,"date":"2023-04-20T07:23:50","date_gmt":"2023-04-20T05:23:50","guid":{"rendered":"https:\/\/ajatutaja.com\/?post_type=product&#038;p=46863"},"modified":"2023-04-20T07:28:17","modified_gmt":"2023-04-20T05:28:17","slug":"nosecniske-sportne-hlace-crne","status":"publish","type":"product","link":"https:\/\/ajatutaja.com\/hr\/proizvod\/nosecniske-sportne-hlace-crne\/","title":{"rendered":"Nose\u010dni\u0161ke \u0161portne hla\u010de &#8211; \u010crne"},"content":{"rendered":"<p>[vc_row][vc_column][vc_column_text]<\/p>\n<p style=\"text-align: justify\">Nose\u010dni\u0161ke \u0161portne hla\u010de imajo spredaj 2 \u017eepka. Izdelane so iz mehkega, zra\u010dnega in elasti\u010dnega bomba\u017ea z v\u0161itim visokim pasom.<\/p>\n<div><b>Posebnosti nose\u010dni\u0161kih \u0161portnih hla\u010d:<\/b><\/div>\n<ul>\n<li>ker so elasti\u010dne jih lahko nosi\u0161 \u017ee od 2. meseca naprej in vse do rojstva dojen\u010dka<\/li>\n<li>ni\u010d ve\u010d ti\u0161\u010danja, v njih se bo\u0161 celo nose\u010dnost po\u010dutila spro\u0161\u010deno in udobno<\/li>\n<li>spredaj so ni\u017eje in imajo dovolj prostora za tvoj rasto\u010di trebu\u0161\u010dek<\/li>\n<li>brez\u0161ivni visok pas ti bo dal ob\u010dutek varnosti in skril poporodni trebu\u0161\u010dek<\/li>\n<li>lahko jih bo\u0161 nosila tudi, ko ne bo\u0161 ve\u010d nose\u010da<\/li>\n<\/ul>\n<p style=\"text-align: justify\">Kakovostna izdelava in izredno dober kroj vam nudita udoben korak, brez nepotrebne utesnjenosti.<\/p>\n<p style=\"text-align: center\">Surovinska sestava: 92% bomba\u017e; 8% elastan<\/p>\n<p>[\/vc_column_text][\/vc_column][\/vc_row]<\/p>\n","protected":false},"excerpt":{"rendered":"<p style=\"text-align: justify\">Nose\u010dni\u0161ke \u0161portne hla\u010de v \u010drni barvi, so uporabne kot trenerka ali udobne hla\u010de za prosti \u010das. Imajo veliko vsebnost bomba\u017ea so izredno pro\u017ene in udobne. Zelo uporabne so tudi po porodu, saj zaradi svoje pro\u017enosti ohranijo obliko.<\/p>\n","protected":false},"featured_media":46867,"template":"","meta":[],"pwb-brand":[2267,2270],"product_brand":[],"product_cat":[2251,2250],"product_tag":[4098,4307],"class_list":{"0":"post-46863","1":"product","2":"type-product","3":"status-publish","4":"has-post-thumbnail","6":"pwb-brand-nosecnost","7":"pwb-brand-popek","8":"product_cat-nosecniske-hlace","9":"product_cat-nosecnost","10":"product_tag-popek","11":"product_tag-slovenski-proizvod","13":"first","14":"instock","15":"taxable","16":"shipping-taxable","17":"purchasable","18":"product-type-variable","19":"add-to-wishlist-before_image"},"yoast_head":"<!-- This site is optimized with the Yoast SEO plugin v27.3 - https:\/\/yoast.com\/product\/yoast-seo-wordpress\/ -->\n<title>Nose\u010dni\u0161ke \u0161portne hla\u010de - \u010crne | Ajatutaja<\/title>\n<meta name=\"description\" content=\"Nose\u010dni\u0161ke \u0161portne hla\u010de v \u010drni barvi so uporabne kot trenerka ali udobne hla\u010de za prosti \u010das. Imajo veliko vsebnost bomba\u017ea so izredno pro\u017ene in udobne.\" \/>\n<meta name=\"robots\" content=\"index, follow, max-snippet:-1, max-image-preview:large, max-video-preview:-1\" \/>\n<link rel=\"canonical\" href=\"https:\/\/ajatutaja.com\/izdelek\/nosecniske-sportne-hlace-crne\/\" \/>\n<meta property=\"og:locale\" content=\"hr_HR\" \/>\n<meta property=\"og:type\" content=\"article\" \/>\n<meta property=\"og:title\" content=\"Nose\u010dni\u0161ke \u0161portne hla\u010de - \u010crne | Ajatutaja\" \/>\n<meta property=\"og:description\" content=\"Nose\u010dni\u0161ke \u0161portne hla\u010de v \u010drni barvi so uporabne kot trenerka ali udobne hla\u010de za prosti \u010das. Imajo veliko vsebnost bomba\u017ea so izredno pro\u017ene in udobne.\" \/>\n<meta property=\"og:url\" content=\"https:\/\/ajatutaja.com\/izdelek\/nosecniske-sportne-hlace-crne\/\" \/>\n<meta property=\"og:site_name\" content=\"Ajatutaja\" \/>\n<meta property=\"article:modified_time\" content=\"2023-04-20T05:28:17+00:00\" \/>\n<meta property=\"og:image\" content=\"https:\/\/ajatutaja.com\/wp-content\/uploads\/2023\/04\/Hlace-za-nosecnice-popek-crne-ajatutaja-0.webp\" \/>\n\t<meta property=\"og:image:width\" content=\"800\" \/>\n\t<meta property=\"og:image:height\" content=\"1200\" \/>\n\t<meta property=\"og:image:type\" content=\"image\/webp\" \/>\n<meta name=\"twitter:card\" content=\"summary_large_image\" \/>\n<meta name=\"twitter:label1\" content=\"Procijenjeno vrijeme \u010ditanja\" \/>\n\t<meta name=\"twitter:data1\" content=\"1 minuta\" \/>\n<script type=\"application\/ld+json\" class=\"yoast-schema-graph\">{\"@context\":\"https:\\\/\\\/schema.org\",\"@graph\":[{\"@type\":\"WebPage\",\"@id\":\"https:\\\/\\\/ajatutaja.com\\\/izdelek\\\/nosecniske-sportne-hlace-crne\\\/\",\"url\":\"https:\\\/\\\/ajatutaja.com\\\/izdelek\\\/nosecniske-sportne-hlace-crne\\\/\",\"name\":\"Nose\u010dni\u0161ke \u0161portne hla\u010de - \u010crne | Ajatutaja\",\"isPartOf\":{\"@id\":\"https:\\\/\\\/ajatutaja.com\\\/#website\"},\"primaryImageOfPage\":{\"@id\":\"https:\\\/\\\/ajatutaja.com\\\/izdelek\\\/nosecniske-sportne-hlace-crne\\\/#primaryimage\"},\"image\":{\"@id\":\"https:\\\/\\\/ajatutaja.com\\\/izdelek\\\/nosecniske-sportne-hlace-crne\\\/#primaryimage\"},\"thumbnailUrl\":\"https:\\\/\\\/ajatutaja.com\\\/wp-content\\\/uploads\\\/2023\\\/04\\\/Hlace-za-nosecnice-popek-crne-ajatutaja-0.webp\",\"datePublished\":\"2023-04-20T05:23:50+00:00\",\"dateModified\":\"2023-04-20T05:28:17+00:00\",\"description\":\"Nose\u010dni\u0161ke \u0161portne hla\u010de v \u010drni barvi so uporabne kot trenerka ali udobne hla\u010de za prosti \u010das. Imajo veliko vsebnost bomba\u017ea so izredno pro\u017ene in udobne.\",\"breadcrumb\":{\"@id\":\"https:\\\/\\\/ajatutaja.com\\\/izdelek\\\/nosecniske-sportne-hlace-crne\\\/#breadcrumb\"},\"inLanguage\":\"hr\",\"potentialAction\":[{\"@type\":\"ReadAction\",\"target\":[\"https:\\\/\\\/ajatutaja.com\\\/izdelek\\\/nosecniske-sportne-hlace-crne\\\/\"]}]},{\"@type\":\"ImageObject\",\"inLanguage\":\"hr\",\"@id\":\"https:\\\/\\\/ajatutaja.com\\\/izdelek\\\/nosecniske-sportne-hlace-crne\\\/#primaryimage\",\"url\":\"https:\\\/\\\/ajatutaja.com\\\/wp-content\\\/uploads\\\/2023\\\/04\\\/Hlace-za-nosecnice-popek-crne-ajatutaja-0.webp\",\"contentUrl\":\"https:\\\/\\\/ajatutaja.com\\\/wp-content\\\/uploads\\\/2023\\\/04\\\/Hlace-za-nosecnice-popek-crne-ajatutaja-0.webp\",\"width\":800,\"height\":1200},{\"@type\":\"BreadcrumbList\",\"@id\":\"https:\\\/\\\/ajatutaja.com\\\/izdelek\\\/nosecniske-sportne-hlace-crne\\\/#breadcrumb\",\"itemListElement\":[{\"@type\":\"ListItem\",\"position\":1,\"name\":\"Home\",\"item\":\"https:\\\/\\\/ajatutaja.com\\\/hr\\\/\"},{\"@type\":\"ListItem\",\"position\":2,\"name\":\"Trgovina\",\"item\":\"https:\\\/\\\/ajatutaja.com\\\/hr\\\/trgovina\\\/\"},{\"@type\":\"ListItem\",\"position\":3,\"name\":\"Nose\u010dni\u0161ke \u0161portne hla\u010de &#8211; \u010crne\"}]},{\"@type\":\"WebSite\",\"@id\":\"https:\\\/\\\/ajatutaja.com\\\/#website\",\"url\":\"https:\\\/\\\/ajatutaja.com\\\/\",\"name\":\"Ajatutaja\",\"description\":\"Otro\u0161ka spletna trgovina AJATUTAJA\",\"publisher\":{\"@id\":\"https:\\\/\\\/ajatutaja.com\\\/#organization\"},\"potentialAction\":[{\"@type\":\"SearchAction\",\"target\":{\"@type\":\"EntryPoint\",\"urlTemplate\":\"https:\\\/\\\/ajatutaja.com\\\/?s={search_term_string}\"},\"query-input\":{\"@type\":\"PropertyValueSpecification\",\"valueRequired\":true,\"valueName\":\"search_term_string\"}}],\"inLanguage\":\"hr\"},{\"@type\":\"Organization\",\"@id\":\"https:\\\/\\\/ajatutaja.com\\\/#organization\",\"name\":\"Ajatutaja\",\"url\":\"https:\\\/\\\/ajatutaja.com\\\/\",\"logo\":{\"@type\":\"ImageObject\",\"inLanguage\":\"hr\",\"@id\":\"https:\\\/\\\/ajatutaja.com\\\/#\\\/schema\\\/logo\\\/image\\\/\",\"url\":\"https:\\\/\\\/ajatutaja.com\\\/wp-content\\\/uploads\\\/2021\\\/10\\\/logo.png\",\"contentUrl\":\"https:\\\/\\\/ajatutaja.com\\\/wp-content\\\/uploads\\\/2021\\\/10\\\/logo.png\",\"width\":555,\"height\":150,\"caption\":\"Ajatutaja\"},\"image\":{\"@id\":\"https:\\\/\\\/ajatutaja.com\\\/#\\\/schema\\\/logo\\\/image\\\/\"}}]}<\/script>\n<!-- \/ Yoast SEO plugin. -->","yoast_head_json":{"title":"Nose\u010dni\u0161ke \u0161portne hla\u010de - \u010crne | Ajatutaja","description":"Nose\u010dni\u0161ke \u0161portne hla\u010de v \u010drni barvi so uporabne kot trenerka ali udobne hla\u010de za prosti \u010das. Imajo veliko vsebnost bomba\u017ea so izredno pro\u017ene in udobne.","robots":{"index":"index","follow":"follow","max-snippet":"max-snippet:-1","max-image-preview":"max-image-preview:large","max-video-preview":"max-video-preview:-1"},"canonical":"https:\/\/ajatutaja.com\/izdelek\/nosecniske-sportne-hlace-crne\/","og_locale":"hr_HR","og_type":"article","og_title":"Nose\u010dni\u0161ke \u0161portne hla\u010de - \u010crne | Ajatutaja","og_description":"Nose\u010dni\u0161ke \u0161portne hla\u010de v \u010drni barvi so uporabne kot trenerka ali udobne hla\u010de za prosti \u010das. Imajo veliko vsebnost bomba\u017ea so izredno pro\u017ene in udobne.","og_url":"https:\/\/ajatutaja.com\/izdelek\/nosecniske-sportne-hlace-crne\/","og_site_name":"Ajatutaja","article_modified_time":"2023-04-20T05:28:17+00:00","og_image":[{"width":800,"height":1200,"url":"https:\/\/ajatutaja.com\/wp-content\/uploads\/2023\/04\/Hlace-za-nosecnice-popek-crne-ajatutaja-0.webp","type":"image\/webp"}],"twitter_card":"summary_large_image","twitter_misc":{"Procijenjeno vrijeme \u010ditanja":"1 minuta"},"schema":{"@context":"https:\/\/schema.org","@graph":[{"@type":"WebPage","@id":"https:\/\/ajatutaja.com\/izdelek\/nosecniske-sportne-hlace-crne\/","url":"https:\/\/ajatutaja.com\/izdelek\/nosecniske-sportne-hlace-crne\/","name":"Nose\u010dni\u0161ke \u0161portne hla\u010de - \u010crne | Ajatutaja","isPartOf":{"@id":"https:\/\/ajatutaja.com\/#website"},"primaryImageOfPage":{"@id":"https:\/\/ajatutaja.com\/izdelek\/nosecniske-sportne-hlace-crne\/#primaryimage"},"image":{"@id":"https:\/\/ajatutaja.com\/izdelek\/nosecniske-sportne-hlace-crne\/#primaryimage"},"thumbnailUrl":"https:\/\/ajatutaja.com\/wp-content\/uploads\/2023\/04\/Hlace-za-nosecnice-popek-crne-ajatutaja-0.webp","datePublished":"2023-04-20T05:23:50+00:00","dateModified":"2023-04-20T05:28:17+00:00","description":"Nose\u010dni\u0161ke \u0161portne hla\u010de v \u010drni barvi so uporabne kot trenerka ali udobne hla\u010de za prosti \u010das. Imajo veliko vsebnost bomba\u017ea so izredno pro\u017ene in udobne.","breadcrumb":{"@id":"https:\/\/ajatutaja.com\/izdelek\/nosecniske-sportne-hlace-crne\/#breadcrumb"},"inLanguage":"hr","potentialAction":[{"@type":"ReadAction","target":["https:\/\/ajatutaja.com\/izdelek\/nosecniske-sportne-hlace-crne\/"]}]},{"@type":"ImageObject","inLanguage":"hr","@id":"https:\/\/ajatutaja.com\/izdelek\/nosecniske-sportne-hlace-crne\/#primaryimage","url":"https:\/\/ajatutaja.com\/wp-content\/uploads\/2023\/04\/Hlace-za-nosecnice-popek-crne-ajatutaja-0.webp","contentUrl":"https:\/\/ajatutaja.com\/wp-content\/uploads\/2023\/04\/Hlace-za-nosecnice-popek-crne-ajatutaja-0.webp","width":800,"height":1200},{"@type":"BreadcrumbList","@id":"https:\/\/ajatutaja.com\/izdelek\/nosecniske-sportne-hlace-crne\/#breadcrumb","itemListElement":[{"@type":"ListItem","position":1,"name":"Home","item":"https:\/\/ajatutaja.com\/hr\/"},{"@type":"ListItem","position":2,"name":"Trgovina","item":"https:\/\/ajatutaja.com\/hr\/trgovina\/"},{"@type":"ListItem","position":3,"name":"Nose\u010dni\u0161ke \u0161portne hla\u010de &#8211; \u010crne"}]},{"@type":"WebSite","@id":"https:\/\/ajatutaja.com\/#website","url":"https:\/\/ajatutaja.com\/","name":"Ajatutaja","description":"Otro\u0161ka spletna trgovina AJATUTAJA","publisher":{"@id":"https:\/\/ajatutaja.com\/#organization"},"potentialAction":[{"@type":"SearchAction","target":{"@type":"EntryPoint","urlTemplate":"https:\/\/ajatutaja.com\/?s={search_term_string}"},"query-input":{"@type":"PropertyValueSpecification","valueRequired":true,"valueName":"search_term_string"}}],"inLanguage":"hr"},{"@type":"Organization","@id":"https:\/\/ajatutaja.com\/#organization","name":"Ajatutaja","url":"https:\/\/ajatutaja.com\/","logo":{"@type":"ImageObject","inLanguage":"hr","@id":"https:\/\/ajatutaja.com\/#\/schema\/logo\/image\/","url":"https:\/\/ajatutaja.com\/wp-content\/uploads\/2021\/10\/logo.png","contentUrl":"https:\/\/ajatutaja.com\/wp-content\/uploads\/2021\/10\/logo.png","width":555,"height":150,"caption":"Ajatutaja"},"image":{"@id":"https:\/\/ajatutaja.com\/#\/schema\/logo\/image\/"}}]}},"brands":[{"id":2267,"name":"Nose\u010dnost","slug":"nosecnost"},{"id":2270,"name":"Popek","slug":"popek"}],"_links":{"self":[{"href":"https:\/\/ajatutaja.com\/hr\/wp-json\/wp\/v2\/product\/46863","targetHints":{"allow":["GET"]}}],"collection":[{"href":"https:\/\/ajatutaja.com\/hr\/wp-json\/wp\/v2\/product"}],"about":[{"href":"https:\/\/ajatutaja.com\/hr\/wp-json\/wp\/v2\/types\/product"}],"wp:featuredmedia":[{"embeddable":true,"href":"https:\/\/ajatutaja.com\/hr\/wp-json\/wp\/v2\/media\/46867"}],"wp:attachment":[{"href":"https:\/\/ajatutaja.com\/hr\/wp-json\/wp\/v2\/media?parent=46863"}],"wp:term":[{"taxonomy":"pwb-brand","embeddable":true,"href":"https:\/\/ajatutaja.com\/hr\/wp-json\/wp\/v2\/pwb-brand?post=46863"},{"taxonomy":"product_brand","embeddable":true,"href":"https:\/\/ajatutaja.com\/hr\/wp-json\/wp\/v2\/product_brand?post=46863"},{"taxonomy":"product_cat","embeddable":true,"href":"https:\/\/ajatutaja.com\/hr\/wp-json\/wp\/v2\/product_cat?post=46863"},{"taxonomy":"product_tag","embeddable":true,"href":"https:\/\/ajatutaja.com\/hr\/wp-json\/wp\/v2\/product_tag?post=46863"}],"curies":[{"name":"wp","href":"https:\/\/api.w.org\/{rel}","templated":true}]}}