{"id":46755,"date":"2024-09-19T20:24:44","date_gmt":"2024-09-19T18:24:44","guid":{"rendered":"https:\/\/ajatutaja.com\/?post_type=product&#038;p=46755"},"modified":"2025-08-30T18:18:04","modified_gmt":"2025-08-30T16:18:04","slug":"otroski-dezni-plasc-stephen-joseph-vesolje","status":"publish","type":"product","link":"https:\/\/ajatutaja.com\/hr\/proizvod\/otroski-dezni-plasc-stephen-joseph-vesolje\/","title":{"rendered":"Otro\u0161ki de\u017eni pla\u0161\u010d Stephen Joseph &#8211; Space"},"content":{"rendered":"<p>[vc_row][vc_column][vc_column_text]Barviti in ljubki vzorci na de\u017enem pla\u0161\u010du Stephen Joseph so res nekaj posebnega. Va\u0161 otrok bo v pestri ponudbi proizvajalca Stephen Joseph zagotovo na\u0161el svoj najljub\u0161i motiv. Ne pozabite, da se izdelki Stephen Joseph (de\u017eni \u0161kornji, de\u017eniki in torbe) odli\u010dno dopolnjujejo med seboj!<\/p>\n<h3>Otro\u0161ki de\u017eni pla\u0161\u010d Stephen Joseph ima naslednje lastnosti:<\/h3>\n<ul>\n<li>De\u017eni pla\u0161\u010d s kapuco in elastiko na rokavih se odpira na zadrgo<\/li>\n<li>Bomba\u017ena notranja podloga<\/li>\n<li>Izredno mehek vodoodporen material na zunanji strani<\/li>\n<li>Odli\u010den za veter, de\u017e in hladno vreme, ta de\u017eni pla\u0161\u010d je popolnoma oblo\u017een z udobnim bomba\u017enim materialom. Mehka zunanjost pa zagotavlja\u00a0 va\u0161emu otroku svobodo in pro\u017enost za igranje, medtem ko je pla\u0161\u010dek \u0161e vedno popolnoma vodoodporen, zato otroke ohranja suhe in tople.<\/li>\n<li>\u0160iroka zadrga in kapuca sta kot nala\u0161\u010d za\u00a0 de\u017eevne izlete, medtem ko elasti\u010den okoli zapestij zagotavlja, da so rokavi primerni za vsakega otroka.<\/li>\n<li>Razli\u010dne velikosti pripomorejo k temu, da boste na\u0161li ustreznega tudi za va\u0161ega otroka katerekoli starosti.<\/li>\n<li>Surovinska sestava: Zunanji material: 100% poliuretan \/ Notranji material: 100% bomba\u017e.<\/li>\n<li>Vzdr\u017eevanje: Prati v pralnem stroju na 40\u00b0C \/ Prepovedano beljenje in kemi\u010dno \u010di\u0161\u010denje \/ Su\u0161iti na sve\u017eem zraku \/ Prepovedano likanje<\/li>\n<li>De\u017eni pla\u0161\u010d se lepo poda de\u017enim \u0161kornjem, de\u017enikom, nahrbtnikom in potovelnemu programu Stephen Joseph.<\/li>\n<\/ul>\n<p>[\/vc_column_text][\/vc_column][\/vc_row]<\/p>\n","protected":false},"excerpt":{"rendered":"<p style=\"text-align: justify\">Otro\u0161ki de\u017eni pla\u0161\u010d Stephen Joseph je odli\u010dna re\u0161itev za za\u0161\u010dito va\u0161ega mal\u010dka v de\u017eevnih dneh. Bomba\u017ena podloga bo poskrbela, da bo mal\u010dku prijetno toplo. Za za\u0161\u010dito pred de\u017ejem in vetrom, pa bo poskrbela mehka poliuretanska zunanjost in kapuca. Debelina je primerna tako za pomladne, kot jesenske mesece.<\/p>\n","protected":false},"featured_media":46732,"template":"","meta":[],"pwb-brand":[2696,2409,2437,2706],"product_brand":[],"product_cat":[2695,2609,2684],"product_tag":[4028,3980,4039],"class_list":{"0":"post-46755","1":"product","2":"type-product","3":"status-publish","4":"has-post-thumbnail","6":"pwb-brand-moda","7":"pwb-brand-potepanje","8":"pwb-brand-stephen-joseph","9":"pwb-brand-stephen-joseph-moda","10":"product_cat-dezni-program","11":"product_cat-moda","12":"product_cat-oblacila-za-decka","13":"product_tag-sj-dezni-plasci","14":"product_tag-stephen-joseph","15":"product_tag-vesolje","17":"first","18":"instock","19":"taxable","20":"shipping-taxable","21":"purchasable","22":"product-type-variable","23":"add-to-wishlist-before_image"},"yoast_head":"<!-- This site is optimized with the Yoast SEO plugin v27.3 - https:\/\/yoast.com\/product\/yoast-seo-wordpress\/ -->\n<title>Otro\u0161ki de\u017eni pla\u0161\u010d Stephen Joseph - Space | Ajatutaja<\/title>\n<meta name=\"description\" content=\"Otro\u0161ki de\u017eni pla\u0161\u010d Stephen Joseph je odli\u010dna re\u0161itev za za\u0161\u010dito va\u0161ega mal\u010dka v de\u017eevnih dneh. Bomba\u017ena podloga bo poskrbela, da bo mal\u010dku prijetno toplo.\" \/>\n<meta name=\"robots\" content=\"index, follow, max-snippet:-1, max-image-preview:large, max-video-preview:-1\" \/>\n<link rel=\"canonical\" href=\"https:\/\/ajatutaja.com\/hr\/proizvod\/otroski-dezni-plasc-stephen-joseph-vesolje\/\" \/>\n<meta property=\"og:locale\" content=\"hr_HR\" \/>\n<meta property=\"og:type\" content=\"article\" \/>\n<meta property=\"og:title\" content=\"Otro\u0161ki de\u017eni pla\u0161\u010d Stephen Joseph - Space | Ajatutaja\" \/>\n<meta property=\"og:description\" content=\"Otro\u0161ki de\u017eni pla\u0161\u010d Stephen Joseph je odli\u010dna re\u0161itev za za\u0161\u010dito va\u0161ega mal\u010dka v de\u017eevnih dneh. Bomba\u017ena podloga bo poskrbela, da bo mal\u010dku prijetno toplo.\" \/>\n<meta property=\"og:url\" content=\"https:\/\/ajatutaja.com\/hr\/proizvod\/otroski-dezni-plasc-stephen-joseph-vesolje\/\" \/>\n<meta property=\"og:site_name\" content=\"Ajatutaja\" \/>\n<meta property=\"article:modified_time\" content=\"2025-08-30T16:18:04+00:00\" \/>\n<meta property=\"og:image\" content=\"https:\/\/ajatutaja.com\/wp-content\/uploads\/2023\/04\/Dezni-plasc-stephen-joseph-ajatutaja-vesolje-1.jpg\" \/>\n\t<meta property=\"og:image:width\" content=\"800\" \/>\n\t<meta property=\"og:image:height\" content=\"800\" \/>\n\t<meta property=\"og:image:type\" content=\"image\/jpeg\" \/>\n<meta name=\"twitter:card\" content=\"summary_large_image\" \/>\n<meta name=\"twitter:label1\" content=\"Procijenjeno vrijeme \u010ditanja\" \/>\n\t<meta name=\"twitter:data1\" content=\"1 minuta\" \/>\n<script type=\"application\/ld+json\" class=\"yoast-schema-graph\">{\"@context\":\"https:\\\/\\\/schema.org\",\"@graph\":[{\"@type\":\"WebPage\",\"@id\":\"https:\\\/\\\/ajatutaja.com\\\/hr\\\/proizvod\\\/otroski-dezni-plasc-stephen-joseph-vesolje\\\/\",\"url\":\"https:\\\/\\\/ajatutaja.com\\\/hr\\\/proizvod\\\/otroski-dezni-plasc-stephen-joseph-vesolje\\\/\",\"name\":\"Otro\u0161ki de\u017eni pla\u0161\u010d Stephen Joseph - Space | Ajatutaja\",\"isPartOf\":{\"@id\":\"https:\\\/\\\/ajatutaja.com\\\/#website\"},\"primaryImageOfPage\":{\"@id\":\"https:\\\/\\\/ajatutaja.com\\\/hr\\\/proizvod\\\/otroski-dezni-plasc-stephen-joseph-vesolje\\\/#primaryimage\"},\"image\":{\"@id\":\"https:\\\/\\\/ajatutaja.com\\\/hr\\\/proizvod\\\/otroski-dezni-plasc-stephen-joseph-vesolje\\\/#primaryimage\"},\"thumbnailUrl\":\"https:\\\/\\\/ajatutaja.com\\\/wp-content\\\/uploads\\\/2023\\\/04\\\/Dezni-plasc-stephen-joseph-ajatutaja-vesolje-1.jpg\",\"datePublished\":\"2024-09-19T18:24:44+00:00\",\"dateModified\":\"2025-08-30T16:18:04+00:00\",\"description\":\"Otro\u0161ki de\u017eni pla\u0161\u010d Stephen Joseph je odli\u010dna re\u0161itev za za\u0161\u010dito va\u0161ega mal\u010dka v de\u017eevnih dneh. Bomba\u017ena podloga bo poskrbela, da bo mal\u010dku prijetno toplo.\",\"breadcrumb\":{\"@id\":\"https:\\\/\\\/ajatutaja.com\\\/hr\\\/proizvod\\\/otroski-dezni-plasc-stephen-joseph-vesolje\\\/#breadcrumb\"},\"inLanguage\":\"hr\",\"potentialAction\":[{\"@type\":\"ReadAction\",\"target\":[\"https:\\\/\\\/ajatutaja.com\\\/hr\\\/proizvod\\\/otroski-dezni-plasc-stephen-joseph-vesolje\\\/\"]}]},{\"@type\":\"ImageObject\",\"inLanguage\":\"hr\",\"@id\":\"https:\\\/\\\/ajatutaja.com\\\/hr\\\/proizvod\\\/otroski-dezni-plasc-stephen-joseph-vesolje\\\/#primaryimage\",\"url\":\"https:\\\/\\\/ajatutaja.com\\\/wp-content\\\/uploads\\\/2023\\\/04\\\/Dezni-plasc-stephen-joseph-ajatutaja-vesolje-1.jpg\",\"contentUrl\":\"https:\\\/\\\/ajatutaja.com\\\/wp-content\\\/uploads\\\/2023\\\/04\\\/Dezni-plasc-stephen-joseph-ajatutaja-vesolje-1.jpg\",\"width\":800,\"height\":800},{\"@type\":\"BreadcrumbList\",\"@id\":\"https:\\\/\\\/ajatutaja.com\\\/hr\\\/proizvod\\\/otroski-dezni-plasc-stephen-joseph-vesolje\\\/#breadcrumb\",\"itemListElement\":[{\"@type\":\"ListItem\",\"position\":1,\"name\":\"Home\",\"item\":\"https:\\\/\\\/ajatutaja.com\\\/hr\\\/\"},{\"@type\":\"ListItem\",\"position\":2,\"name\":\"Trgovina\",\"item\":\"https:\\\/\\\/ajatutaja.com\\\/hr\\\/trgovina\\\/\"},{\"@type\":\"ListItem\",\"position\":3,\"name\":\"Otro\u0161ki de\u017eni pla\u0161\u010d Stephen Joseph &#8211; Space\"}]},{\"@type\":\"WebSite\",\"@id\":\"https:\\\/\\\/ajatutaja.com\\\/#website\",\"url\":\"https:\\\/\\\/ajatutaja.com\\\/\",\"name\":\"Ajatutaja\",\"description\":\"Otro\u0161ka spletna trgovina AJATUTAJA\",\"publisher\":{\"@id\":\"https:\\\/\\\/ajatutaja.com\\\/#organization\"},\"potentialAction\":[{\"@type\":\"SearchAction\",\"target\":{\"@type\":\"EntryPoint\",\"urlTemplate\":\"https:\\\/\\\/ajatutaja.com\\\/?s={search_term_string}\"},\"query-input\":{\"@type\":\"PropertyValueSpecification\",\"valueRequired\":true,\"valueName\":\"search_term_string\"}}],\"inLanguage\":\"hr\"},{\"@type\":\"Organization\",\"@id\":\"https:\\\/\\\/ajatutaja.com\\\/#organization\",\"name\":\"Ajatutaja\",\"url\":\"https:\\\/\\\/ajatutaja.com\\\/\",\"logo\":{\"@type\":\"ImageObject\",\"inLanguage\":\"hr\",\"@id\":\"https:\\\/\\\/ajatutaja.com\\\/#\\\/schema\\\/logo\\\/image\\\/\",\"url\":\"https:\\\/\\\/ajatutaja.com\\\/wp-content\\\/uploads\\\/2021\\\/10\\\/logo.png\",\"contentUrl\":\"https:\\\/\\\/ajatutaja.com\\\/wp-content\\\/uploads\\\/2021\\\/10\\\/logo.png\",\"width\":555,\"height\":150,\"caption\":\"Ajatutaja\"},\"image\":{\"@id\":\"https:\\\/\\\/ajatutaja.com\\\/#\\\/schema\\\/logo\\\/image\\\/\"}}]}<\/script>\n<!-- \/ Yoast SEO plugin. -->","yoast_head_json":{"title":"Otro\u0161ki de\u017eni pla\u0161\u010d Stephen Joseph - Space | Ajatutaja","description":"Otro\u0161ki de\u017eni pla\u0161\u010d Stephen Joseph je odli\u010dna re\u0161itev za za\u0161\u010dito va\u0161ega mal\u010dka v de\u017eevnih dneh. Bomba\u017ena podloga bo poskrbela, da bo mal\u010dku prijetno toplo.","robots":{"index":"index","follow":"follow","max-snippet":"max-snippet:-1","max-image-preview":"max-image-preview:large","max-video-preview":"max-video-preview:-1"},"canonical":"https:\/\/ajatutaja.com\/hr\/proizvod\/otroski-dezni-plasc-stephen-joseph-vesolje\/","og_locale":"hr_HR","og_type":"article","og_title":"Otro\u0161ki de\u017eni pla\u0161\u010d Stephen Joseph - Space | Ajatutaja","og_description":"Otro\u0161ki de\u017eni pla\u0161\u010d Stephen Joseph je odli\u010dna re\u0161itev za za\u0161\u010dito va\u0161ega mal\u010dka v de\u017eevnih dneh. Bomba\u017ena podloga bo poskrbela, da bo mal\u010dku prijetno toplo.","og_url":"https:\/\/ajatutaja.com\/hr\/proizvod\/otroski-dezni-plasc-stephen-joseph-vesolje\/","og_site_name":"Ajatutaja","article_modified_time":"2025-08-30T16:18:04+00:00","og_image":[{"width":800,"height":800,"url":"https:\/\/ajatutaja.com\/wp-content\/uploads\/2023\/04\/Dezni-plasc-stephen-joseph-ajatutaja-vesolje-1.jpg","type":"image\/jpeg"}],"twitter_card":"summary_large_image","twitter_misc":{"Procijenjeno vrijeme \u010ditanja":"1 minuta"},"schema":{"@context":"https:\/\/schema.org","@graph":[{"@type":"WebPage","@id":"https:\/\/ajatutaja.com\/hr\/proizvod\/otroski-dezni-plasc-stephen-joseph-vesolje\/","url":"https:\/\/ajatutaja.com\/hr\/proizvod\/otroski-dezni-plasc-stephen-joseph-vesolje\/","name":"Otro\u0161ki de\u017eni pla\u0161\u010d Stephen Joseph - Space | Ajatutaja","isPartOf":{"@id":"https:\/\/ajatutaja.com\/#website"},"primaryImageOfPage":{"@id":"https:\/\/ajatutaja.com\/hr\/proizvod\/otroski-dezni-plasc-stephen-joseph-vesolje\/#primaryimage"},"image":{"@id":"https:\/\/ajatutaja.com\/hr\/proizvod\/otroski-dezni-plasc-stephen-joseph-vesolje\/#primaryimage"},"thumbnailUrl":"https:\/\/ajatutaja.com\/wp-content\/uploads\/2023\/04\/Dezni-plasc-stephen-joseph-ajatutaja-vesolje-1.jpg","datePublished":"2024-09-19T18:24:44+00:00","dateModified":"2025-08-30T16:18:04+00:00","description":"Otro\u0161ki de\u017eni pla\u0161\u010d Stephen Joseph je odli\u010dna re\u0161itev za za\u0161\u010dito va\u0161ega mal\u010dka v de\u017eevnih dneh. Bomba\u017ena podloga bo poskrbela, da bo mal\u010dku prijetno toplo.","breadcrumb":{"@id":"https:\/\/ajatutaja.com\/hr\/proizvod\/otroski-dezni-plasc-stephen-joseph-vesolje\/#breadcrumb"},"inLanguage":"hr","potentialAction":[{"@type":"ReadAction","target":["https:\/\/ajatutaja.com\/hr\/proizvod\/otroski-dezni-plasc-stephen-joseph-vesolje\/"]}]},{"@type":"ImageObject","inLanguage":"hr","@id":"https:\/\/ajatutaja.com\/hr\/proizvod\/otroski-dezni-plasc-stephen-joseph-vesolje\/#primaryimage","url":"https:\/\/ajatutaja.com\/wp-content\/uploads\/2023\/04\/Dezni-plasc-stephen-joseph-ajatutaja-vesolje-1.jpg","contentUrl":"https:\/\/ajatutaja.com\/wp-content\/uploads\/2023\/04\/Dezni-plasc-stephen-joseph-ajatutaja-vesolje-1.jpg","width":800,"height":800},{"@type":"BreadcrumbList","@id":"https:\/\/ajatutaja.com\/hr\/proizvod\/otroski-dezni-plasc-stephen-joseph-vesolje\/#breadcrumb","itemListElement":[{"@type":"ListItem","position":1,"name":"Home","item":"https:\/\/ajatutaja.com\/hr\/"},{"@type":"ListItem","position":2,"name":"Trgovina","item":"https:\/\/ajatutaja.com\/hr\/trgovina\/"},{"@type":"ListItem","position":3,"name":"Otro\u0161ki de\u017eni pla\u0161\u010d Stephen Joseph &#8211; Space"}]},{"@type":"WebSite","@id":"https:\/\/ajatutaja.com\/#website","url":"https:\/\/ajatutaja.com\/","name":"Ajatutaja","description":"Otro\u0161ka spletna trgovina AJATUTAJA","publisher":{"@id":"https:\/\/ajatutaja.com\/#organization"},"potentialAction":[{"@type":"SearchAction","target":{"@type":"EntryPoint","urlTemplate":"https:\/\/ajatutaja.com\/?s={search_term_string}"},"query-input":{"@type":"PropertyValueSpecification","valueRequired":true,"valueName":"search_term_string"}}],"inLanguage":"hr"},{"@type":"Organization","@id":"https:\/\/ajatutaja.com\/#organization","name":"Ajatutaja","url":"https:\/\/ajatutaja.com\/","logo":{"@type":"ImageObject","inLanguage":"hr","@id":"https:\/\/ajatutaja.com\/#\/schema\/logo\/image\/","url":"https:\/\/ajatutaja.com\/wp-content\/uploads\/2021\/10\/logo.png","contentUrl":"https:\/\/ajatutaja.com\/wp-content\/uploads\/2021\/10\/logo.png","width":555,"height":150,"caption":"Ajatutaja"},"image":{"@id":"https:\/\/ajatutaja.com\/#\/schema\/logo\/image\/"}}]}},"brands":[{"id":2696,"name":"Moda","slug":"moda"},{"id":2409,"name":"Potepanje","slug":"potepanje"},{"id":2437,"name":"Stephen Joseph","slug":"stephen-joseph"},{"id":2706,"name":"Stephen Joseph","slug":"stephen-joseph-moda"}],"_links":{"self":[{"href":"https:\/\/ajatutaja.com\/hr\/wp-json\/wp\/v2\/product\/46755","targetHints":{"allow":["GET"]}}],"collection":[{"href":"https:\/\/ajatutaja.com\/hr\/wp-json\/wp\/v2\/product"}],"about":[{"href":"https:\/\/ajatutaja.com\/hr\/wp-json\/wp\/v2\/types\/product"}],"wp:featuredmedia":[{"embeddable":true,"href":"https:\/\/ajatutaja.com\/hr\/wp-json\/wp\/v2\/media\/46732"}],"wp:attachment":[{"href":"https:\/\/ajatutaja.com\/hr\/wp-json\/wp\/v2\/media?parent=46755"}],"wp:term":[{"taxonomy":"pwb-brand","embeddable":true,"href":"https:\/\/ajatutaja.com\/hr\/wp-json\/wp\/v2\/pwb-brand?post=46755"},{"taxonomy":"product_brand","embeddable":true,"href":"https:\/\/ajatutaja.com\/hr\/wp-json\/wp\/v2\/product_brand?post=46755"},{"taxonomy":"product_cat","embeddable":true,"href":"https:\/\/ajatutaja.com\/hr\/wp-json\/wp\/v2\/product_cat?post=46755"},{"taxonomy":"product_tag","embeddable":true,"href":"https:\/\/ajatutaja.com\/hr\/wp-json\/wp\/v2\/product_tag?post=46755"}],"curies":[{"name":"wp","href":"https:\/\/api.w.org\/{rel}","templated":true}]}}