{"id":46723,"date":"2024-09-19T20:25:13","date_gmt":"2024-09-19T18:25:13","guid":{"rendered":"https:\/\/ajatutaja.com\/?post_type=product&#038;p=46723"},"modified":"2025-08-30T18:22:59","modified_gmt":"2025-08-30T16:22:59","slug":"otroski-dezni-skornji-stephen-joseph-vesolje","status":"publish","type":"product","link":"https:\/\/ajatutaja.com\/hr\/proizvod\/otroski-dezni-skornji-stephen-joseph-vesolje\/","title":{"rendered":"Otro\u0161ki de\u017eni \u0161kornji Stephen Joseph &#8211; Space"},"content":{"rendered":"<p>[vc_row][vc_column][vc_column_text]Otro\u0161ki de\u017eni \u0161kornji Stephen Joseph vsem mal\u010dkom zagotavljajo dodatno veselje in udobje med skakanjem po lu\u017eah in pri\u010darajo vesele trenutke &#8211; tudi, ko de\u017euje.<\/p>\n<h3>Lastnosti otro\u0161kih de\u017enih \u0161kornjev Stephen Joseph:<\/h3>\n<ul>\n<li>Zunanji material: 100% naravna guma.<\/li>\n<li>Notranji material: 70% bomba\u017e in 30% poliester<\/li>\n<li>Odstranljiv notranji vlo\u017eek.<\/li>\n<li>Ustreza tudi nogicam z vi\u0161jim nartom.<\/li>\n<li>V zadnjem delu so zo\u017eani, kar omogo\u010da \u0161e bolj\u0161e prilagajanje nogice.<\/li>\n<li>Stranski ro\u010daji za la\u017eje obuvanje.<\/li>\n<li>\u0160kornji se lepo podajo de\u017enim pla\u0161\u010dem, de\u017enikom, nahrbtnikom in potovelnemu programu Stephen Joseph.<\/li>\n<\/ul>\n<p>[\/vc_column_text][\/vc_column][\/vc_row]<\/p>\n","protected":false},"excerpt":{"rendered":"<p style=\"text-align: justify\">Otro\u0161ki de\u017eni \u0161kornji Stephen Joseph so izredno mehki in enostavni za obuvanje. Mal\u010dek si bo \u0161kornje samostojno nadel s pomo\u010djo stranskih ro\u010dajev. Notranjost je oblazinjena in zato \u0161e bolj prijetna, zunanja plast pa je vodoodporna in zagotavlja brezskrbo skakanje po lu\u017eah.<\/p>\n","protected":false},"featured_media":46740,"template":"","meta":[],"pwb-brand":[2696,2409,2437,2706],"product_brand":[],"product_cat":[2695,2609,2690],"product_tag":[4036,5578,3980],"class_list":{"0":"post-46723","1":"product","2":"type-product","3":"status-publish","4":"has-post-thumbnail","6":"pwb-brand-moda","7":"pwb-brand-potepanje","8":"pwb-brand-stephen-joseph","9":"pwb-brand-stephen-joseph-moda","10":"product_cat-dezni-program","11":"product_cat-moda","12":"product_cat-otroska-obutev","13":"product_tag-sj-dezni-skornji","14":"product_tag-space","15":"product_tag-stephen-joseph","17":"first","18":"instock","19":"taxable","20":"shipping-taxable","21":"purchasable","22":"product-type-variable","23":"add-to-wishlist-before_image"},"yoast_head":"<!-- This site is optimized with the Yoast SEO plugin v27.3 - https:\/\/yoast.com\/product\/yoast-seo-wordpress\/ -->\n<title>Otro\u0161ki de\u017eni \u0161kornji Stephen Joseph - Space | Ajatutaja<\/title>\n<meta name=\"description\" content=\"Otro\u0161ki de\u017eni \u0161kornji Stephen Joseph so izredno mehki in enostavni za obuvanje. Notranjost je oblazinjena in zato \u0161e bolj prijetna za no\u0161enje.\" \/>\n<meta name=\"robots\" content=\"index, follow, max-snippet:-1, max-image-preview:large, max-video-preview:-1\" \/>\n<link rel=\"canonical\" href=\"https:\/\/ajatutaja.com\/hr\/proizvod\/otroski-dezni-skornji-stephen-joseph-vesolje\/\" \/>\n<meta property=\"og:locale\" content=\"hr_HR\" \/>\n<meta property=\"og:type\" content=\"article\" \/>\n<meta property=\"og:title\" content=\"Otro\u0161ki de\u017eni \u0161kornji Stephen Joseph - Space | Ajatutaja\" \/>\n<meta property=\"og:description\" content=\"Otro\u0161ki de\u017eni \u0161kornji Stephen Joseph so izredno mehki in enostavni za obuvanje. Notranjost je oblazinjena in zato \u0161e bolj prijetna za no\u0161enje.\" \/>\n<meta property=\"og:url\" content=\"https:\/\/ajatutaja.com\/hr\/proizvod\/otroski-dezni-skornji-stephen-joseph-vesolje\/\" \/>\n<meta property=\"og:site_name\" content=\"Ajatutaja\" \/>\n<meta property=\"article:modified_time\" content=\"2025-08-30T16:22:59+00:00\" \/>\n<meta property=\"og:image\" content=\"https:\/\/ajatutaja.com\/wp-content\/uploads\/2023\/04\/Dezni-skornji-stephen-joseph-ajatutaja-vesolje-1.jpg\" \/>\n\t<meta property=\"og:image:width\" content=\"800\" \/>\n\t<meta property=\"og:image:height\" content=\"800\" \/>\n\t<meta property=\"og:image:type\" content=\"image\/jpeg\" \/>\n<meta name=\"twitter:card\" content=\"summary_large_image\" \/>\n<meta name=\"twitter:label1\" content=\"Procijenjeno vrijeme \u010ditanja\" \/>\n\t<meta name=\"twitter:data1\" content=\"1 minuta\" \/>\n<script type=\"application\/ld+json\" class=\"yoast-schema-graph\">{\"@context\":\"https:\\\/\\\/schema.org\",\"@graph\":[{\"@type\":\"WebPage\",\"@id\":\"https:\\\/\\\/ajatutaja.com\\\/hr\\\/proizvod\\\/otroski-dezni-skornji-stephen-joseph-vesolje\\\/\",\"url\":\"https:\\\/\\\/ajatutaja.com\\\/hr\\\/proizvod\\\/otroski-dezni-skornji-stephen-joseph-vesolje\\\/\",\"name\":\"Otro\u0161ki de\u017eni \u0161kornji Stephen Joseph - Space | Ajatutaja\",\"isPartOf\":{\"@id\":\"https:\\\/\\\/ajatutaja.com\\\/#website\"},\"primaryImageOfPage\":{\"@id\":\"https:\\\/\\\/ajatutaja.com\\\/hr\\\/proizvod\\\/otroski-dezni-skornji-stephen-joseph-vesolje\\\/#primaryimage\"},\"image\":{\"@id\":\"https:\\\/\\\/ajatutaja.com\\\/hr\\\/proizvod\\\/otroski-dezni-skornji-stephen-joseph-vesolje\\\/#primaryimage\"},\"thumbnailUrl\":\"https:\\\/\\\/ajatutaja.com\\\/wp-content\\\/uploads\\\/2023\\\/04\\\/Dezni-skornji-stephen-joseph-ajatutaja-vesolje-1.jpg\",\"datePublished\":\"2024-09-19T18:25:13+00:00\",\"dateModified\":\"2025-08-30T16:22:59+00:00\",\"description\":\"Otro\u0161ki de\u017eni \u0161kornji Stephen Joseph so izredno mehki in enostavni za obuvanje. Notranjost je oblazinjena in zato \u0161e bolj prijetna za no\u0161enje.\",\"breadcrumb\":{\"@id\":\"https:\\\/\\\/ajatutaja.com\\\/hr\\\/proizvod\\\/otroski-dezni-skornji-stephen-joseph-vesolje\\\/#breadcrumb\"},\"inLanguage\":\"hr\",\"potentialAction\":[{\"@type\":\"ReadAction\",\"target\":[\"https:\\\/\\\/ajatutaja.com\\\/hr\\\/proizvod\\\/otroski-dezni-skornji-stephen-joseph-vesolje\\\/\"]}]},{\"@type\":\"ImageObject\",\"inLanguage\":\"hr\",\"@id\":\"https:\\\/\\\/ajatutaja.com\\\/hr\\\/proizvod\\\/otroski-dezni-skornji-stephen-joseph-vesolje\\\/#primaryimage\",\"url\":\"https:\\\/\\\/ajatutaja.com\\\/wp-content\\\/uploads\\\/2023\\\/04\\\/Dezni-skornji-stephen-joseph-ajatutaja-vesolje-1.jpg\",\"contentUrl\":\"https:\\\/\\\/ajatutaja.com\\\/wp-content\\\/uploads\\\/2023\\\/04\\\/Dezni-skornji-stephen-joseph-ajatutaja-vesolje-1.jpg\",\"width\":800,\"height\":800},{\"@type\":\"BreadcrumbList\",\"@id\":\"https:\\\/\\\/ajatutaja.com\\\/hr\\\/proizvod\\\/otroski-dezni-skornji-stephen-joseph-vesolje\\\/#breadcrumb\",\"itemListElement\":[{\"@type\":\"ListItem\",\"position\":1,\"name\":\"Home\",\"item\":\"https:\\\/\\\/ajatutaja.com\\\/hr\\\/\"},{\"@type\":\"ListItem\",\"position\":2,\"name\":\"Trgovina\",\"item\":\"https:\\\/\\\/ajatutaja.com\\\/hr\\\/trgovina\\\/\"},{\"@type\":\"ListItem\",\"position\":3,\"name\":\"Otro\u0161ki de\u017eni \u0161kornji Stephen Joseph &#8211; Space\"}]},{\"@type\":\"WebSite\",\"@id\":\"https:\\\/\\\/ajatutaja.com\\\/#website\",\"url\":\"https:\\\/\\\/ajatutaja.com\\\/\",\"name\":\"Ajatutaja\",\"description\":\"Otro\u0161ka spletna trgovina AJATUTAJA\",\"publisher\":{\"@id\":\"https:\\\/\\\/ajatutaja.com\\\/#organization\"},\"potentialAction\":[{\"@type\":\"SearchAction\",\"target\":{\"@type\":\"EntryPoint\",\"urlTemplate\":\"https:\\\/\\\/ajatutaja.com\\\/?s={search_term_string}\"},\"query-input\":{\"@type\":\"PropertyValueSpecification\",\"valueRequired\":true,\"valueName\":\"search_term_string\"}}],\"inLanguage\":\"hr\"},{\"@type\":\"Organization\",\"@id\":\"https:\\\/\\\/ajatutaja.com\\\/#organization\",\"name\":\"Ajatutaja\",\"url\":\"https:\\\/\\\/ajatutaja.com\\\/\",\"logo\":{\"@type\":\"ImageObject\",\"inLanguage\":\"hr\",\"@id\":\"https:\\\/\\\/ajatutaja.com\\\/#\\\/schema\\\/logo\\\/image\\\/\",\"url\":\"https:\\\/\\\/ajatutaja.com\\\/wp-content\\\/uploads\\\/2021\\\/10\\\/logo.png\",\"contentUrl\":\"https:\\\/\\\/ajatutaja.com\\\/wp-content\\\/uploads\\\/2021\\\/10\\\/logo.png\",\"width\":555,\"height\":150,\"caption\":\"Ajatutaja\"},\"image\":{\"@id\":\"https:\\\/\\\/ajatutaja.com\\\/#\\\/schema\\\/logo\\\/image\\\/\"}}]}<\/script>\n<!-- \/ Yoast SEO plugin. -->","yoast_head_json":{"title":"Otro\u0161ki de\u017eni \u0161kornji Stephen Joseph - Space | Ajatutaja","description":"Otro\u0161ki de\u017eni \u0161kornji Stephen Joseph so izredno mehki in enostavni za obuvanje. Notranjost je oblazinjena in zato \u0161e bolj prijetna za no\u0161enje.","robots":{"index":"index","follow":"follow","max-snippet":"max-snippet:-1","max-image-preview":"max-image-preview:large","max-video-preview":"max-video-preview:-1"},"canonical":"https:\/\/ajatutaja.com\/hr\/proizvod\/otroski-dezni-skornji-stephen-joseph-vesolje\/","og_locale":"hr_HR","og_type":"article","og_title":"Otro\u0161ki de\u017eni \u0161kornji Stephen Joseph - Space | Ajatutaja","og_description":"Otro\u0161ki de\u017eni \u0161kornji Stephen Joseph so izredno mehki in enostavni za obuvanje. Notranjost je oblazinjena in zato \u0161e bolj prijetna za no\u0161enje.","og_url":"https:\/\/ajatutaja.com\/hr\/proizvod\/otroski-dezni-skornji-stephen-joseph-vesolje\/","og_site_name":"Ajatutaja","article_modified_time":"2025-08-30T16:22:59+00:00","og_image":[{"width":800,"height":800,"url":"https:\/\/ajatutaja.com\/wp-content\/uploads\/2023\/04\/Dezni-skornji-stephen-joseph-ajatutaja-vesolje-1.jpg","type":"image\/jpeg"}],"twitter_card":"summary_large_image","twitter_misc":{"Procijenjeno vrijeme \u010ditanja":"1 minuta"},"schema":{"@context":"https:\/\/schema.org","@graph":[{"@type":"WebPage","@id":"https:\/\/ajatutaja.com\/hr\/proizvod\/otroski-dezni-skornji-stephen-joseph-vesolje\/","url":"https:\/\/ajatutaja.com\/hr\/proizvod\/otroski-dezni-skornji-stephen-joseph-vesolje\/","name":"Otro\u0161ki de\u017eni \u0161kornji Stephen Joseph - Space | Ajatutaja","isPartOf":{"@id":"https:\/\/ajatutaja.com\/#website"},"primaryImageOfPage":{"@id":"https:\/\/ajatutaja.com\/hr\/proizvod\/otroski-dezni-skornji-stephen-joseph-vesolje\/#primaryimage"},"image":{"@id":"https:\/\/ajatutaja.com\/hr\/proizvod\/otroski-dezni-skornji-stephen-joseph-vesolje\/#primaryimage"},"thumbnailUrl":"https:\/\/ajatutaja.com\/wp-content\/uploads\/2023\/04\/Dezni-skornji-stephen-joseph-ajatutaja-vesolje-1.jpg","datePublished":"2024-09-19T18:25:13+00:00","dateModified":"2025-08-30T16:22:59+00:00","description":"Otro\u0161ki de\u017eni \u0161kornji Stephen Joseph so izredno mehki in enostavni za obuvanje. Notranjost je oblazinjena in zato \u0161e bolj prijetna za no\u0161enje.","breadcrumb":{"@id":"https:\/\/ajatutaja.com\/hr\/proizvod\/otroski-dezni-skornji-stephen-joseph-vesolje\/#breadcrumb"},"inLanguage":"hr","potentialAction":[{"@type":"ReadAction","target":["https:\/\/ajatutaja.com\/hr\/proizvod\/otroski-dezni-skornji-stephen-joseph-vesolje\/"]}]},{"@type":"ImageObject","inLanguage":"hr","@id":"https:\/\/ajatutaja.com\/hr\/proizvod\/otroski-dezni-skornji-stephen-joseph-vesolje\/#primaryimage","url":"https:\/\/ajatutaja.com\/wp-content\/uploads\/2023\/04\/Dezni-skornji-stephen-joseph-ajatutaja-vesolje-1.jpg","contentUrl":"https:\/\/ajatutaja.com\/wp-content\/uploads\/2023\/04\/Dezni-skornji-stephen-joseph-ajatutaja-vesolje-1.jpg","width":800,"height":800},{"@type":"BreadcrumbList","@id":"https:\/\/ajatutaja.com\/hr\/proizvod\/otroski-dezni-skornji-stephen-joseph-vesolje\/#breadcrumb","itemListElement":[{"@type":"ListItem","position":1,"name":"Home","item":"https:\/\/ajatutaja.com\/hr\/"},{"@type":"ListItem","position":2,"name":"Trgovina","item":"https:\/\/ajatutaja.com\/hr\/trgovina\/"},{"@type":"ListItem","position":3,"name":"Otro\u0161ki de\u017eni \u0161kornji Stephen Joseph &#8211; Space"}]},{"@type":"WebSite","@id":"https:\/\/ajatutaja.com\/#website","url":"https:\/\/ajatutaja.com\/","name":"Ajatutaja","description":"Otro\u0161ka spletna trgovina AJATUTAJA","publisher":{"@id":"https:\/\/ajatutaja.com\/#organization"},"potentialAction":[{"@type":"SearchAction","target":{"@type":"EntryPoint","urlTemplate":"https:\/\/ajatutaja.com\/?s={search_term_string}"},"query-input":{"@type":"PropertyValueSpecification","valueRequired":true,"valueName":"search_term_string"}}],"inLanguage":"hr"},{"@type":"Organization","@id":"https:\/\/ajatutaja.com\/#organization","name":"Ajatutaja","url":"https:\/\/ajatutaja.com\/","logo":{"@type":"ImageObject","inLanguage":"hr","@id":"https:\/\/ajatutaja.com\/#\/schema\/logo\/image\/","url":"https:\/\/ajatutaja.com\/wp-content\/uploads\/2021\/10\/logo.png","contentUrl":"https:\/\/ajatutaja.com\/wp-content\/uploads\/2021\/10\/logo.png","width":555,"height":150,"caption":"Ajatutaja"},"image":{"@id":"https:\/\/ajatutaja.com\/#\/schema\/logo\/image\/"}}]}},"brands":[{"id":2696,"name":"Moda","slug":"moda"},{"id":2409,"name":"Potepanje","slug":"potepanje"},{"id":2437,"name":"Stephen Joseph","slug":"stephen-joseph"},{"id":2706,"name":"Stephen Joseph","slug":"stephen-joseph-moda"}],"_links":{"self":[{"href":"https:\/\/ajatutaja.com\/hr\/wp-json\/wp\/v2\/product\/46723","targetHints":{"allow":["GET"]}}],"collection":[{"href":"https:\/\/ajatutaja.com\/hr\/wp-json\/wp\/v2\/product"}],"about":[{"href":"https:\/\/ajatutaja.com\/hr\/wp-json\/wp\/v2\/types\/product"}],"wp:featuredmedia":[{"embeddable":true,"href":"https:\/\/ajatutaja.com\/hr\/wp-json\/wp\/v2\/media\/46740"}],"wp:attachment":[{"href":"https:\/\/ajatutaja.com\/hr\/wp-json\/wp\/v2\/media?parent=46723"}],"wp:term":[{"taxonomy":"pwb-brand","embeddable":true,"href":"https:\/\/ajatutaja.com\/hr\/wp-json\/wp\/v2\/pwb-brand?post=46723"},{"taxonomy":"product_brand","embeddable":true,"href":"https:\/\/ajatutaja.com\/hr\/wp-json\/wp\/v2\/product_brand?post=46723"},{"taxonomy":"product_cat","embeddable":true,"href":"https:\/\/ajatutaja.com\/hr\/wp-json\/wp\/v2\/product_cat?post=46723"},{"taxonomy":"product_tag","embeddable":true,"href":"https:\/\/ajatutaja.com\/hr\/wp-json\/wp\/v2\/product_tag?post=46723"}],"curies":[{"name":"wp","href":"https:\/\/api.w.org\/{rel}","templated":true}]}}