{"id":46500,"date":"2023-04-07T11:27:57","date_gmt":"2023-04-07T09:27:57","guid":{"rendered":"https:\/\/ajatutaja.com\/?post_type=product&#038;p=46500"},"modified":"2025-12-16T04:42:02","modified_gmt":"2025-12-16T03:42:02","slug":"otroske-stampiljke-janod-stampino-unicorn","status":"publish","type":"product","link":"https:\/\/ajatutaja.com\/hr\/proizvod\/otroske-stampiljke-janod-stampino-unicorn\/","title":{"rendered":"Otro\u0161ke \u0161tampiljke Janod &#8211; Stampino Unicorn"},"content":{"rendered":"<p>[vc_row][vc_column][vc_column_text]<b>Janod<\/b> igra\u010de so oblikovane v Franciji, izdelava pa je kakovostna, zaradi \u010desar so njihove igra\u010de trpe\u017ene in dolgo obstojne.<\/p>\n<p>Za zgodnje ustvarjanje va\u0161ih najmlaj\u0161ih, so na voljo ve\u010dje \u0161tampiljke iz pene, ki so s svojo ergonomsko obliko popolnoma prilagojene majhnim ro\u010dicam. Ta dejavnost je idealna za razvoj fine motorike in domi\u0161ljije \u017ee od zgodnjega otro\u0161tva.<\/p>\n<p><strong>Lastnosti lesenih \u0161tampiljk Janod<\/strong>:<\/p>\n<ul>\n<li>dimenzije: 20 x 6 x 14 cm<\/li>\n<li>material \u2013 pena, umetna masa<\/li>\n<li>set vsebuje 5 \u0161tampiljk + \u010drno blazinico<\/li>\n<li>primerno za otroke\u00a0<b>od 3 let<\/b><\/li>\n<\/ul>\n<p style=\"text-align: justify\"><b>OPOZORILO:<\/b> Igra\u010da ni primerna za otroke do 3. leta starosti. Majhni delci so nevarni, ker jih otroci lahko vdihnejo ali pogoltnejo. Predno otroku izro\u010dite igra\u010do odstranite embala\u017eo. Shranite informacije za poznej\u0161o rabo.<\/p>\n<p>[\/vc_column_text][\/vc_column][\/vc_row]<\/p>\n","protected":false},"excerpt":{"rendered":"<p style=\"text-align: justify\">Simpati\u010dne otro\u0161ke \u0161tampiljke Janod z motivom Samorog, so zaradi svoje oblike nadvse primerne za otroke od 3. leta dalje. \u0160tampiljke so iz tr\u0161e pene in so s svojo obliko popolnoma prilagojene otrokom.<\/p>\n","protected":false},"featured_media":46491,"template":"","meta":[],"pwb-brand":[2452,2455],"product_brand":[],"product_cat":[3992,2441,2610,2715,2712,2450,2362],"product_tag":[4035,3981,5069],"class_list":{"0":"post-46500","1":"product","2":"type-product","3":"status-publish","4":"has-post-thumbnail","6":"pwb-brand-igranje","7":"pwb-brand-janod-igranje","8":"product_cat-3-leta-igrace","9":"product_cat-aktivnostne-igrace","10":"product_cat-darila","11":"product_cat-darilo-do-15e","12":"product_cat-darilo-za-decka","13":"product_cat-druzabne-igre","14":"product_cat-igranje","15":"product_tag-dinozaver","16":"product_tag-janod","17":"product_tag-stampiljke-za-otroke","19":"first","20":"outofstock","21":"taxable","22":"shipping-taxable","23":"purchasable","24":"product-type-simple","25":"add-to-wishlist-before_image"},"yoast_head":"<!-- This site is optimized with the Yoast SEO plugin v27.3 - https:\/\/yoast.com\/product\/yoast-seo-wordpress\/ -->\n<title>Otro\u0161ke \u0161tampiljke Janod - Stampino Unicorn | Ajatutaja<\/title>\n<meta name=\"description\" content=\"Simpati\u010dne otro\u0161ke \u0161tampiljke Janod so zaradi svoje oblike nadvse primerne za otroke od 3. leta dalje. \u0160tampiljke so iz tr\u0161e pene in so s svojo obliko popolnoma prilagojene otrokom.\" \/>\n<meta name=\"robots\" content=\"index, follow, max-snippet:-1, max-image-preview:large, max-video-preview:-1\" \/>\n<link rel=\"canonical\" href=\"https:\/\/ajatutaja.com\/izdelek\/otroske-stampiljke-janod-stampino-unicorn\/\" \/>\n<meta property=\"og:locale\" content=\"hr_HR\" \/>\n<meta property=\"og:type\" content=\"article\" \/>\n<meta property=\"og:title\" content=\"Otro\u0161ke \u0161tampiljke Janod - Stampino Unicorn | Ajatutaja\" \/>\n<meta property=\"og:description\" content=\"Simpati\u010dne otro\u0161ke \u0161tampiljke Janod so zaradi svoje oblike nadvse primerne za otroke od 3. leta dalje. \u0160tampiljke so iz tr\u0161e pene in so s svojo obliko popolnoma prilagojene otrokom.\" \/>\n<meta property=\"og:url\" content=\"https:\/\/ajatutaja.com\/izdelek\/otroske-stampiljke-janod-stampino-unicorn\/\" \/>\n<meta property=\"og:site_name\" content=\"Ajatutaja\" \/>\n<meta property=\"article:modified_time\" content=\"2025-12-16T03:42:02+00:00\" \/>\n<meta property=\"og:image\" content=\"https:\/\/ajatutaja.com\/wp-content\/uploads\/2023\/04\/Janod-unicorn-stampiljke-za-otroke-1.jpg\" \/>\n\t<meta property=\"og:image:width\" content=\"1000\" \/>\n\t<meta property=\"og:image:height\" content=\"1000\" \/>\n\t<meta property=\"og:image:type\" content=\"image\/jpeg\" \/>\n<meta name=\"twitter:card\" content=\"summary_large_image\" \/>\n<meta name=\"twitter:label1\" content=\"Procijenjeno vrijeme \u010ditanja\" \/>\n\t<meta name=\"twitter:data1\" content=\"1 minuta\" \/>\n<script type=\"application\/ld+json\" class=\"yoast-schema-graph\">{\"@context\":\"https:\\\/\\\/schema.org\",\"@graph\":[{\"@type\":\"WebPage\",\"@id\":\"https:\\\/\\\/ajatutaja.com\\\/izdelek\\\/otroske-stampiljke-janod-stampino-unicorn\\\/\",\"url\":\"https:\\\/\\\/ajatutaja.com\\\/izdelek\\\/otroske-stampiljke-janod-stampino-unicorn\\\/\",\"name\":\"Otro\u0161ke \u0161tampiljke Janod - Stampino Unicorn | Ajatutaja\",\"isPartOf\":{\"@id\":\"https:\\\/\\\/ajatutaja.com\\\/#website\"},\"primaryImageOfPage\":{\"@id\":\"https:\\\/\\\/ajatutaja.com\\\/izdelek\\\/otroske-stampiljke-janod-stampino-unicorn\\\/#primaryimage\"},\"image\":{\"@id\":\"https:\\\/\\\/ajatutaja.com\\\/izdelek\\\/otroske-stampiljke-janod-stampino-unicorn\\\/#primaryimage\"},\"thumbnailUrl\":\"https:\\\/\\\/ajatutaja.com\\\/wp-content\\\/uploads\\\/2023\\\/04\\\/Janod-unicorn-stampiljke-za-otroke-1.jpg\",\"datePublished\":\"2023-04-07T09:27:57+00:00\",\"dateModified\":\"2025-12-16T03:42:02+00:00\",\"description\":\"Simpati\u010dne otro\u0161ke \u0161tampiljke Janod so zaradi svoje oblike nadvse primerne za otroke od 3. leta dalje. \u0160tampiljke so iz tr\u0161e pene in so s svojo obliko popolnoma prilagojene otrokom.\",\"breadcrumb\":{\"@id\":\"https:\\\/\\\/ajatutaja.com\\\/izdelek\\\/otroske-stampiljke-janod-stampino-unicorn\\\/#breadcrumb\"},\"inLanguage\":\"hr\",\"potentialAction\":[{\"@type\":\"ReadAction\",\"target\":[\"https:\\\/\\\/ajatutaja.com\\\/izdelek\\\/otroske-stampiljke-janod-stampino-unicorn\\\/\"]}]},{\"@type\":\"ImageObject\",\"inLanguage\":\"hr\",\"@id\":\"https:\\\/\\\/ajatutaja.com\\\/izdelek\\\/otroske-stampiljke-janod-stampino-unicorn\\\/#primaryimage\",\"url\":\"https:\\\/\\\/ajatutaja.com\\\/wp-content\\\/uploads\\\/2023\\\/04\\\/Janod-unicorn-stampiljke-za-otroke-1.jpg\",\"contentUrl\":\"https:\\\/\\\/ajatutaja.com\\\/wp-content\\\/uploads\\\/2023\\\/04\\\/Janod-unicorn-stampiljke-za-otroke-1.jpg\",\"width\":1000,\"height\":1000},{\"@type\":\"BreadcrumbList\",\"@id\":\"https:\\\/\\\/ajatutaja.com\\\/izdelek\\\/otroske-stampiljke-janod-stampino-unicorn\\\/#breadcrumb\",\"itemListElement\":[{\"@type\":\"ListItem\",\"position\":1,\"name\":\"Home\",\"item\":\"https:\\\/\\\/ajatutaja.com\\\/hr\\\/\"},{\"@type\":\"ListItem\",\"position\":2,\"name\":\"Trgovina\",\"item\":\"https:\\\/\\\/ajatutaja.com\\\/hr\\\/trgovina\\\/\"},{\"@type\":\"ListItem\",\"position\":3,\"name\":\"Otro\u0161ke \u0161tampiljke Janod &#8211; Stampino Unicorn\"}]},{\"@type\":\"WebSite\",\"@id\":\"https:\\\/\\\/ajatutaja.com\\\/#website\",\"url\":\"https:\\\/\\\/ajatutaja.com\\\/\",\"name\":\"Ajatutaja\",\"description\":\"Otro\u0161ka spletna trgovina AJATUTAJA\",\"publisher\":{\"@id\":\"https:\\\/\\\/ajatutaja.com\\\/#organization\"},\"potentialAction\":[{\"@type\":\"SearchAction\",\"target\":{\"@type\":\"EntryPoint\",\"urlTemplate\":\"https:\\\/\\\/ajatutaja.com\\\/?s={search_term_string}\"},\"query-input\":{\"@type\":\"PropertyValueSpecification\",\"valueRequired\":true,\"valueName\":\"search_term_string\"}}],\"inLanguage\":\"hr\"},{\"@type\":\"Organization\",\"@id\":\"https:\\\/\\\/ajatutaja.com\\\/#organization\",\"name\":\"Ajatutaja\",\"url\":\"https:\\\/\\\/ajatutaja.com\\\/\",\"logo\":{\"@type\":\"ImageObject\",\"inLanguage\":\"hr\",\"@id\":\"https:\\\/\\\/ajatutaja.com\\\/#\\\/schema\\\/logo\\\/image\\\/\",\"url\":\"https:\\\/\\\/ajatutaja.com\\\/wp-content\\\/uploads\\\/2021\\\/10\\\/logo.png\",\"contentUrl\":\"https:\\\/\\\/ajatutaja.com\\\/wp-content\\\/uploads\\\/2021\\\/10\\\/logo.png\",\"width\":555,\"height\":150,\"caption\":\"Ajatutaja\"},\"image\":{\"@id\":\"https:\\\/\\\/ajatutaja.com\\\/#\\\/schema\\\/logo\\\/image\\\/\"}}]}<\/script>\n<!-- \/ Yoast SEO plugin. -->","yoast_head_json":{"title":"Otro\u0161ke \u0161tampiljke Janod - Stampino Unicorn | Ajatutaja","description":"Simpati\u010dne otro\u0161ke \u0161tampiljke Janod so zaradi svoje oblike nadvse primerne za otroke od 3. leta dalje. \u0160tampiljke so iz tr\u0161e pene in so s svojo obliko popolnoma prilagojene otrokom.","robots":{"index":"index","follow":"follow","max-snippet":"max-snippet:-1","max-image-preview":"max-image-preview:large","max-video-preview":"max-video-preview:-1"},"canonical":"https:\/\/ajatutaja.com\/izdelek\/otroske-stampiljke-janod-stampino-unicorn\/","og_locale":"hr_HR","og_type":"article","og_title":"Otro\u0161ke \u0161tampiljke Janod - Stampino Unicorn | Ajatutaja","og_description":"Simpati\u010dne otro\u0161ke \u0161tampiljke Janod so zaradi svoje oblike nadvse primerne za otroke od 3. leta dalje. \u0160tampiljke so iz tr\u0161e pene in so s svojo obliko popolnoma prilagojene otrokom.","og_url":"https:\/\/ajatutaja.com\/izdelek\/otroske-stampiljke-janod-stampino-unicorn\/","og_site_name":"Ajatutaja","article_modified_time":"2025-12-16T03:42:02+00:00","og_image":[{"width":1000,"height":1000,"url":"https:\/\/ajatutaja.com\/wp-content\/uploads\/2023\/04\/Janod-unicorn-stampiljke-za-otroke-1.jpg","type":"image\/jpeg"}],"twitter_card":"summary_large_image","twitter_misc":{"Procijenjeno vrijeme \u010ditanja":"1 minuta"},"schema":{"@context":"https:\/\/schema.org","@graph":[{"@type":"WebPage","@id":"https:\/\/ajatutaja.com\/izdelek\/otroske-stampiljke-janod-stampino-unicorn\/","url":"https:\/\/ajatutaja.com\/izdelek\/otroske-stampiljke-janod-stampino-unicorn\/","name":"Otro\u0161ke \u0161tampiljke Janod - Stampino Unicorn | Ajatutaja","isPartOf":{"@id":"https:\/\/ajatutaja.com\/#website"},"primaryImageOfPage":{"@id":"https:\/\/ajatutaja.com\/izdelek\/otroske-stampiljke-janod-stampino-unicorn\/#primaryimage"},"image":{"@id":"https:\/\/ajatutaja.com\/izdelek\/otroske-stampiljke-janod-stampino-unicorn\/#primaryimage"},"thumbnailUrl":"https:\/\/ajatutaja.com\/wp-content\/uploads\/2023\/04\/Janod-unicorn-stampiljke-za-otroke-1.jpg","datePublished":"2023-04-07T09:27:57+00:00","dateModified":"2025-12-16T03:42:02+00:00","description":"Simpati\u010dne otro\u0161ke \u0161tampiljke Janod so zaradi svoje oblike nadvse primerne za otroke od 3. leta dalje. \u0160tampiljke so iz tr\u0161e pene in so s svojo obliko popolnoma prilagojene otrokom.","breadcrumb":{"@id":"https:\/\/ajatutaja.com\/izdelek\/otroske-stampiljke-janod-stampino-unicorn\/#breadcrumb"},"inLanguage":"hr","potentialAction":[{"@type":"ReadAction","target":["https:\/\/ajatutaja.com\/izdelek\/otroske-stampiljke-janod-stampino-unicorn\/"]}]},{"@type":"ImageObject","inLanguage":"hr","@id":"https:\/\/ajatutaja.com\/izdelek\/otroske-stampiljke-janod-stampino-unicorn\/#primaryimage","url":"https:\/\/ajatutaja.com\/wp-content\/uploads\/2023\/04\/Janod-unicorn-stampiljke-za-otroke-1.jpg","contentUrl":"https:\/\/ajatutaja.com\/wp-content\/uploads\/2023\/04\/Janod-unicorn-stampiljke-za-otroke-1.jpg","width":1000,"height":1000},{"@type":"BreadcrumbList","@id":"https:\/\/ajatutaja.com\/izdelek\/otroske-stampiljke-janod-stampino-unicorn\/#breadcrumb","itemListElement":[{"@type":"ListItem","position":1,"name":"Home","item":"https:\/\/ajatutaja.com\/hr\/"},{"@type":"ListItem","position":2,"name":"Trgovina","item":"https:\/\/ajatutaja.com\/hr\/trgovina\/"},{"@type":"ListItem","position":3,"name":"Otro\u0161ke \u0161tampiljke Janod &#8211; Stampino Unicorn"}]},{"@type":"WebSite","@id":"https:\/\/ajatutaja.com\/#website","url":"https:\/\/ajatutaja.com\/","name":"Ajatutaja","description":"Otro\u0161ka spletna trgovina AJATUTAJA","publisher":{"@id":"https:\/\/ajatutaja.com\/#organization"},"potentialAction":[{"@type":"SearchAction","target":{"@type":"EntryPoint","urlTemplate":"https:\/\/ajatutaja.com\/?s={search_term_string}"},"query-input":{"@type":"PropertyValueSpecification","valueRequired":true,"valueName":"search_term_string"}}],"inLanguage":"hr"},{"@type":"Organization","@id":"https:\/\/ajatutaja.com\/#organization","name":"Ajatutaja","url":"https:\/\/ajatutaja.com\/","logo":{"@type":"ImageObject","inLanguage":"hr","@id":"https:\/\/ajatutaja.com\/#\/schema\/logo\/image\/","url":"https:\/\/ajatutaja.com\/wp-content\/uploads\/2021\/10\/logo.png","contentUrl":"https:\/\/ajatutaja.com\/wp-content\/uploads\/2021\/10\/logo.png","width":555,"height":150,"caption":"Ajatutaja"},"image":{"@id":"https:\/\/ajatutaja.com\/#\/schema\/logo\/image\/"}}]}},"brands":[{"id":2452,"name":"Igranje","slug":"igranje"},{"id":2455,"name":"Janod","slug":"janod-igranje"}],"_links":{"self":[{"href":"https:\/\/ajatutaja.com\/hr\/wp-json\/wp\/v2\/product\/46500","targetHints":{"allow":["GET"]}}],"collection":[{"href":"https:\/\/ajatutaja.com\/hr\/wp-json\/wp\/v2\/product"}],"about":[{"href":"https:\/\/ajatutaja.com\/hr\/wp-json\/wp\/v2\/types\/product"}],"wp:featuredmedia":[{"embeddable":true,"href":"https:\/\/ajatutaja.com\/hr\/wp-json\/wp\/v2\/media\/46491"}],"wp:attachment":[{"href":"https:\/\/ajatutaja.com\/hr\/wp-json\/wp\/v2\/media?parent=46500"}],"wp:term":[{"taxonomy":"pwb-brand","embeddable":true,"href":"https:\/\/ajatutaja.com\/hr\/wp-json\/wp\/v2\/pwb-brand?post=46500"},{"taxonomy":"product_brand","embeddable":true,"href":"https:\/\/ajatutaja.com\/hr\/wp-json\/wp\/v2\/product_brand?post=46500"},{"taxonomy":"product_cat","embeddable":true,"href":"https:\/\/ajatutaja.com\/hr\/wp-json\/wp\/v2\/product_cat?post=46500"},{"taxonomy":"product_tag","embeddable":true,"href":"https:\/\/ajatutaja.com\/hr\/wp-json\/wp\/v2\/product_tag?post=46500"}],"curies":[{"name":"wp","href":"https:\/\/api.w.org\/{rel}","templated":true}]}}