{"id":46465,"date":"2023-04-06T21:03:44","date_gmt":"2023-04-06T19:03:44","guid":{"rendered":"https:\/\/ajatutaja.com\/?post_type=product&#038;p=46465"},"modified":"2023-04-06T21:17:23","modified_gmt":"2023-04-06T19:17:23","slug":"poletna-tunika-za-nosecnost-in-dojenje-popek-2","status":"publish","type":"product","link":"https:\/\/ajatutaja.com\/hr\/proizvod\/poletna-tunika-za-nosecnost-in-dojenje-popek-2\/","title":{"rendered":"Poletna tunika za nose\u010dnost in dojenje Popek"},"content":{"rendered":"<p>[vc_row][vc_column][vc_column_text]Zaradi posebnega kroja in elasti\u010dnosti materiala lahko tuniko Popek nosi\u0161 \u017ee v \u010dasu nose\u010dnosti, po porodu pa odli\u010dno, diskretno skrije poporodni trebu\u0161\u010dek, \u010de le ta ostane. Tunika za nose\u010dnost in dojenje se odli\u010dno kombinira na pajkice ali oprijete hla\u010de.<\/p>\n<div>\n<div><b>Posebnosti tunike za nose\u010dnost in dojenje POPEK:<\/b><\/div>\n<ul>\n<li>hiter in enostaven dostop do prsi z eno roko<\/li>\n<li>tvoja druga roka bo prosta, da lahko v miru dr\u017ei\u0161 svojega dojen\u010dka<\/li>\n<li>na hranjenje bosta pripravljena kjerkoli in kadarkoli<\/li>\n<li>\u010de bo\u0161 dojila v javnosti bosta skoraj neopazna<\/li>\n<li>tvoj hrbet in trebuh bosta med dojenjem na toplem, za\u0161\u010ditena pred hladom<\/li>\n<li>Material: mehka viskoza (92%), elastan (8%)<\/li>\n<li>Po pranju ne spremeni oblike<\/li>\n<\/ul>\n<\/div>\n<p style=\"text-align: justify\"><em>Nose\u010dni\u0161ke hla\u010de, majice in tunike za dojenje, pajkice za nose\u010dnice in druga nose\u010dni\u0161la obla\u010dila blagovne znamke Popek so na voljo tudi v trgovini Ajatutaja Koper!<\/em><\/p>\n<p style=\"text-align: center\"><span style=\"color: #00ccff\"><span style=\"color: #999999\">Surovinska sestava: 92% viskoza, 8% elastan<\/span><br \/>\n<\/span><\/p>\n<p style=\"text-align: center\"><a href=\"https:\/\/ajatutaja.com\/wp-content\/uploads\/2015\/09\/VZDRZEVANJE1.png\"><img loading=\"lazy\" decoding=\"async\" class=\"alignnone size-full wp-image-8366\" src=\"https:\/\/ajatutaja.com\/wp-content\/uploads\/2015\/09\/VZDRZEVANJE1.png\" alt=\"VZDRZEVANJE\" width=\"167\" height=\"22\" \/><\/a><\/p>\n<p>[\/vc_column_text][\/vc_column][\/vc_row]<\/p>\n","protected":false},"excerpt":{"rendered":"<p>Tunika za nose\u010dnost in dojenje v \u010drni barvi s kratkimi rokavi je se\u0161ita iz mehke, zra\u010dne in elasti\u010dne viskoze. Tunika ima posebno krojen sprednji del, ki se pri dojenju samo privzdigne, zato si hitro pripravljena na dojenje. Prednji del in ledveni del bosta med tem ostala pokrita.<\/p>\n","protected":false},"featured_media":23080,"template":"","meta":[],"pwb-brand":[2268,2267,2294,2270],"product_brand":[],"product_cat":[2262,2265,2284,2254,2250],"product_tag":[4098,4307],"class_list":{"0":"post-46465","1":"product","2":"type-product","3":"status-publish","4":"has-post-thumbnail","6":"pwb-brand-dojenje","7":"pwb-brand-nosecnost","8":"pwb-brand-popek-dojenje","9":"pwb-brand-popek","10":"product_cat-darilo-za-nosecnico","11":"product_cat-dojenje","12":"product_cat-majice-za-dojenje","13":"product_cat-nosecniske-tunike","14":"product_cat-nosecnost","15":"product_tag-popek","16":"product_tag-slovenski-proizvod","18":"first","19":"instock","20":"taxable","21":"shipping-taxable","22":"purchasable","23":"product-type-variable","24":"add-to-wishlist-before_image"},"yoast_head":"<!-- This site is optimized with the Yoast SEO plugin v27.3 - https:\/\/yoast.com\/product\/yoast-seo-wordpress\/ -->\n<title>Poletna tunika za nose\u010dnost in dojenje Popek | Ajatutaja<\/title>\n<meta name=\"description\" content=\"Zaradi posebnega kroja in elasti\u010dnosti materiala je tunika Popek uporabna tako v nose\u010dnosti in po porodu, saj je posebej krojena in prilagojena za dojenje.\" \/>\n<meta name=\"robots\" content=\"index, follow, max-snippet:-1, max-image-preview:large, max-video-preview:-1\" \/>\n<link rel=\"canonical\" href=\"https:\/\/ajatutaja.com\/izdelek\/poletna-tunika-za-nosecnost-in-dojenje-popek-2\/\" \/>\n<meta property=\"og:locale\" content=\"hr_HR\" \/>\n<meta property=\"og:type\" content=\"article\" \/>\n<meta property=\"og:title\" content=\"Poletna tunika za nose\u010dnost in dojenje Popek | Ajatutaja\" \/>\n<meta property=\"og:description\" content=\"Zaradi posebnega kroja in elasti\u010dnosti materiala je tunika Popek uporabna tako v nose\u010dnosti in po porodu, saj je posebej krojena in prilagojena za dojenje.\" \/>\n<meta property=\"og:url\" content=\"https:\/\/ajatutaja.com\/izdelek\/poletna-tunika-za-nosecnost-in-dojenje-popek-2\/\" \/>\n<meta property=\"og:site_name\" content=\"Ajatutaja\" \/>\n<meta property=\"article:modified_time\" content=\"2023-04-06T19:17:23+00:00\" \/>\n<meta property=\"og:image\" content=\"https:\/\/ajatutaja.com\/wp-content\/uploads\/2021\/11\/majica-za-dojenje-crna-popek-ajatutaja-2.jpg\" \/>\n\t<meta property=\"og:image:width\" content=\"640\" \/>\n\t<meta property=\"og:image:height\" content=\"960\" \/>\n\t<meta property=\"og:image:type\" content=\"image\/jpeg\" \/>\n<meta name=\"twitter:card\" content=\"summary_large_image\" \/>\n<meta name=\"twitter:label1\" content=\"Procijenjeno vrijeme \u010ditanja\" \/>\n\t<meta name=\"twitter:data1\" content=\"1 minuta\" \/>\n<script type=\"application\/ld+json\" class=\"yoast-schema-graph\">{\"@context\":\"https:\\\/\\\/schema.org\",\"@graph\":[{\"@type\":\"WebPage\",\"@id\":\"https:\\\/\\\/ajatutaja.com\\\/izdelek\\\/poletna-tunika-za-nosecnost-in-dojenje-popek-2\\\/\",\"url\":\"https:\\\/\\\/ajatutaja.com\\\/izdelek\\\/poletna-tunika-za-nosecnost-in-dojenje-popek-2\\\/\",\"name\":\"Poletna tunika za nose\u010dnost in dojenje Popek | Ajatutaja\",\"isPartOf\":{\"@id\":\"https:\\\/\\\/ajatutaja.com\\\/#website\"},\"primaryImageOfPage\":{\"@id\":\"https:\\\/\\\/ajatutaja.com\\\/izdelek\\\/poletna-tunika-za-nosecnost-in-dojenje-popek-2\\\/#primaryimage\"},\"image\":{\"@id\":\"https:\\\/\\\/ajatutaja.com\\\/izdelek\\\/poletna-tunika-za-nosecnost-in-dojenje-popek-2\\\/#primaryimage\"},\"thumbnailUrl\":\"https:\\\/\\\/ajatutaja.com\\\/wp-content\\\/uploads\\\/2021\\\/11\\\/majica-za-dojenje-crna-popek-ajatutaja-2.jpg\",\"datePublished\":\"2023-04-06T19:03:44+00:00\",\"dateModified\":\"2023-04-06T19:17:23+00:00\",\"description\":\"Zaradi posebnega kroja in elasti\u010dnosti materiala je tunika Popek uporabna tako v nose\u010dnosti in po porodu, saj je posebej krojena in prilagojena za dojenje.\",\"breadcrumb\":{\"@id\":\"https:\\\/\\\/ajatutaja.com\\\/izdelek\\\/poletna-tunika-za-nosecnost-in-dojenje-popek-2\\\/#breadcrumb\"},\"inLanguage\":\"hr\",\"potentialAction\":[{\"@type\":\"ReadAction\",\"target\":[\"https:\\\/\\\/ajatutaja.com\\\/izdelek\\\/poletna-tunika-za-nosecnost-in-dojenje-popek-2\\\/\"]}]},{\"@type\":\"ImageObject\",\"inLanguage\":\"hr\",\"@id\":\"https:\\\/\\\/ajatutaja.com\\\/izdelek\\\/poletna-tunika-za-nosecnost-in-dojenje-popek-2\\\/#primaryimage\",\"url\":\"https:\\\/\\\/ajatutaja.com\\\/wp-content\\\/uploads\\\/2021\\\/11\\\/majica-za-dojenje-crna-popek-ajatutaja-2.jpg\",\"contentUrl\":\"https:\\\/\\\/ajatutaja.com\\\/wp-content\\\/uploads\\\/2021\\\/11\\\/majica-za-dojenje-crna-popek-ajatutaja-2.jpg\",\"width\":640,\"height\":960},{\"@type\":\"BreadcrumbList\",\"@id\":\"https:\\\/\\\/ajatutaja.com\\\/izdelek\\\/poletna-tunika-za-nosecnost-in-dojenje-popek-2\\\/#breadcrumb\",\"itemListElement\":[{\"@type\":\"ListItem\",\"position\":1,\"name\":\"Home\",\"item\":\"https:\\\/\\\/ajatutaja.com\\\/hr\\\/\"},{\"@type\":\"ListItem\",\"position\":2,\"name\":\"Trgovina\",\"item\":\"https:\\\/\\\/ajatutaja.com\\\/hr\\\/trgovina\\\/\"},{\"@type\":\"ListItem\",\"position\":3,\"name\":\"Poletna tunika za nose\u010dnost in dojenje Popek\"}]},{\"@type\":\"WebSite\",\"@id\":\"https:\\\/\\\/ajatutaja.com\\\/#website\",\"url\":\"https:\\\/\\\/ajatutaja.com\\\/\",\"name\":\"Ajatutaja\",\"description\":\"Otro\u0161ka spletna trgovina AJATUTAJA\",\"publisher\":{\"@id\":\"https:\\\/\\\/ajatutaja.com\\\/#organization\"},\"potentialAction\":[{\"@type\":\"SearchAction\",\"target\":{\"@type\":\"EntryPoint\",\"urlTemplate\":\"https:\\\/\\\/ajatutaja.com\\\/?s={search_term_string}\"},\"query-input\":{\"@type\":\"PropertyValueSpecification\",\"valueRequired\":true,\"valueName\":\"search_term_string\"}}],\"inLanguage\":\"hr\"},{\"@type\":\"Organization\",\"@id\":\"https:\\\/\\\/ajatutaja.com\\\/#organization\",\"name\":\"Ajatutaja\",\"url\":\"https:\\\/\\\/ajatutaja.com\\\/\",\"logo\":{\"@type\":\"ImageObject\",\"inLanguage\":\"hr\",\"@id\":\"https:\\\/\\\/ajatutaja.com\\\/#\\\/schema\\\/logo\\\/image\\\/\",\"url\":\"https:\\\/\\\/ajatutaja.com\\\/wp-content\\\/uploads\\\/2021\\\/10\\\/logo.png\",\"contentUrl\":\"https:\\\/\\\/ajatutaja.com\\\/wp-content\\\/uploads\\\/2021\\\/10\\\/logo.png\",\"width\":555,\"height\":150,\"caption\":\"Ajatutaja\"},\"image\":{\"@id\":\"https:\\\/\\\/ajatutaja.com\\\/#\\\/schema\\\/logo\\\/image\\\/\"}}]}<\/script>\n<!-- \/ Yoast SEO plugin. -->","yoast_head_json":{"title":"Poletna tunika za nose\u010dnost in dojenje Popek | Ajatutaja","description":"Zaradi posebnega kroja in elasti\u010dnosti materiala je tunika Popek uporabna tako v nose\u010dnosti in po porodu, saj je posebej krojena in prilagojena za dojenje.","robots":{"index":"index","follow":"follow","max-snippet":"max-snippet:-1","max-image-preview":"max-image-preview:large","max-video-preview":"max-video-preview:-1"},"canonical":"https:\/\/ajatutaja.com\/izdelek\/poletna-tunika-za-nosecnost-in-dojenje-popek-2\/","og_locale":"hr_HR","og_type":"article","og_title":"Poletna tunika za nose\u010dnost in dojenje Popek | Ajatutaja","og_description":"Zaradi posebnega kroja in elasti\u010dnosti materiala je tunika Popek uporabna tako v nose\u010dnosti in po porodu, saj je posebej krojena in prilagojena za dojenje.","og_url":"https:\/\/ajatutaja.com\/izdelek\/poletna-tunika-za-nosecnost-in-dojenje-popek-2\/","og_site_name":"Ajatutaja","article_modified_time":"2023-04-06T19:17:23+00:00","og_image":[{"width":640,"height":960,"url":"https:\/\/ajatutaja.com\/wp-content\/uploads\/2021\/11\/majica-za-dojenje-crna-popek-ajatutaja-2.jpg","type":"image\/jpeg"}],"twitter_card":"summary_large_image","twitter_misc":{"Procijenjeno vrijeme \u010ditanja":"1 minuta"},"schema":{"@context":"https:\/\/schema.org","@graph":[{"@type":"WebPage","@id":"https:\/\/ajatutaja.com\/izdelek\/poletna-tunika-za-nosecnost-in-dojenje-popek-2\/","url":"https:\/\/ajatutaja.com\/izdelek\/poletna-tunika-za-nosecnost-in-dojenje-popek-2\/","name":"Poletna tunika za nose\u010dnost in dojenje Popek | Ajatutaja","isPartOf":{"@id":"https:\/\/ajatutaja.com\/#website"},"primaryImageOfPage":{"@id":"https:\/\/ajatutaja.com\/izdelek\/poletna-tunika-za-nosecnost-in-dojenje-popek-2\/#primaryimage"},"image":{"@id":"https:\/\/ajatutaja.com\/izdelek\/poletna-tunika-za-nosecnost-in-dojenje-popek-2\/#primaryimage"},"thumbnailUrl":"https:\/\/ajatutaja.com\/wp-content\/uploads\/2021\/11\/majica-za-dojenje-crna-popek-ajatutaja-2.jpg","datePublished":"2023-04-06T19:03:44+00:00","dateModified":"2023-04-06T19:17:23+00:00","description":"Zaradi posebnega kroja in elasti\u010dnosti materiala je tunika Popek uporabna tako v nose\u010dnosti in po porodu, saj je posebej krojena in prilagojena za dojenje.","breadcrumb":{"@id":"https:\/\/ajatutaja.com\/izdelek\/poletna-tunika-za-nosecnost-in-dojenje-popek-2\/#breadcrumb"},"inLanguage":"hr","potentialAction":[{"@type":"ReadAction","target":["https:\/\/ajatutaja.com\/izdelek\/poletna-tunika-za-nosecnost-in-dojenje-popek-2\/"]}]},{"@type":"ImageObject","inLanguage":"hr","@id":"https:\/\/ajatutaja.com\/izdelek\/poletna-tunika-za-nosecnost-in-dojenje-popek-2\/#primaryimage","url":"https:\/\/ajatutaja.com\/wp-content\/uploads\/2021\/11\/majica-za-dojenje-crna-popek-ajatutaja-2.jpg","contentUrl":"https:\/\/ajatutaja.com\/wp-content\/uploads\/2021\/11\/majica-za-dojenje-crna-popek-ajatutaja-2.jpg","width":640,"height":960},{"@type":"BreadcrumbList","@id":"https:\/\/ajatutaja.com\/izdelek\/poletna-tunika-za-nosecnost-in-dojenje-popek-2\/#breadcrumb","itemListElement":[{"@type":"ListItem","position":1,"name":"Home","item":"https:\/\/ajatutaja.com\/hr\/"},{"@type":"ListItem","position":2,"name":"Trgovina","item":"https:\/\/ajatutaja.com\/hr\/trgovina\/"},{"@type":"ListItem","position":3,"name":"Poletna tunika za nose\u010dnost in dojenje Popek"}]},{"@type":"WebSite","@id":"https:\/\/ajatutaja.com\/#website","url":"https:\/\/ajatutaja.com\/","name":"Ajatutaja","description":"Otro\u0161ka spletna trgovina AJATUTAJA","publisher":{"@id":"https:\/\/ajatutaja.com\/#organization"},"potentialAction":[{"@type":"SearchAction","target":{"@type":"EntryPoint","urlTemplate":"https:\/\/ajatutaja.com\/?s={search_term_string}"},"query-input":{"@type":"PropertyValueSpecification","valueRequired":true,"valueName":"search_term_string"}}],"inLanguage":"hr"},{"@type":"Organization","@id":"https:\/\/ajatutaja.com\/#organization","name":"Ajatutaja","url":"https:\/\/ajatutaja.com\/","logo":{"@type":"ImageObject","inLanguage":"hr","@id":"https:\/\/ajatutaja.com\/#\/schema\/logo\/image\/","url":"https:\/\/ajatutaja.com\/wp-content\/uploads\/2021\/10\/logo.png","contentUrl":"https:\/\/ajatutaja.com\/wp-content\/uploads\/2021\/10\/logo.png","width":555,"height":150,"caption":"Ajatutaja"},"image":{"@id":"https:\/\/ajatutaja.com\/#\/schema\/logo\/image\/"}}]}},"brands":[{"id":2268,"name":"Dojenje","slug":"dojenje"},{"id":2267,"name":"Nose\u010dnost","slug":"nosecnost"},{"id":2270,"name":"Popek","slug":"popek"},{"id":2294,"name":"Popek","slug":"popek-dojenje"}],"_links":{"self":[{"href":"https:\/\/ajatutaja.com\/hr\/wp-json\/wp\/v2\/product\/46465","targetHints":{"allow":["GET"]}}],"collection":[{"href":"https:\/\/ajatutaja.com\/hr\/wp-json\/wp\/v2\/product"}],"about":[{"href":"https:\/\/ajatutaja.com\/hr\/wp-json\/wp\/v2\/types\/product"}],"wp:featuredmedia":[{"embeddable":true,"href":"https:\/\/ajatutaja.com\/hr\/wp-json\/wp\/v2\/media\/23080"}],"wp:attachment":[{"href":"https:\/\/ajatutaja.com\/hr\/wp-json\/wp\/v2\/media?parent=46465"}],"wp:term":[{"taxonomy":"pwb-brand","embeddable":true,"href":"https:\/\/ajatutaja.com\/hr\/wp-json\/wp\/v2\/pwb-brand?post=46465"},{"taxonomy":"product_brand","embeddable":true,"href":"https:\/\/ajatutaja.com\/hr\/wp-json\/wp\/v2\/product_brand?post=46465"},{"taxonomy":"product_cat","embeddable":true,"href":"https:\/\/ajatutaja.com\/hr\/wp-json\/wp\/v2\/product_cat?post=46465"},{"taxonomy":"product_tag","embeddable":true,"href":"https:\/\/ajatutaja.com\/hr\/wp-json\/wp\/v2\/product_tag?post=46465"}],"curies":[{"name":"wp","href":"https:\/\/api.w.org\/{rel}","templated":true}]}}