{"id":45722,"date":"2023-03-18T18:12:13","date_gmt":"2023-03-18T17:12:13","guid":{"rendered":"https:\/\/ajatutaja.com\/?post_type=product&#038;p=45722"},"modified":"2026-03-14T11:26:09","modified_gmt":"2026-03-14T10:26:09","slug":"previjalna-torba-z-okvirjem-elodie-black","status":"publish","type":"product","link":"https:\/\/ajatutaja.com\/hr\/proizvod\/previjalna-torba-z-okvirjem-elodie-black\/","title":{"rendered":"Previjalna torba z okvirjem Elodie &#8211; Black"},"content":{"rendered":"<p>Previjalna torba z okvirjem blagovne znamke Elodie omogo\u010da enostaven dostop in maksimalno preglednost. Previjalno torbo odlikuje inovativna kombinacija ne\u017ene tkanine na zunanji strani, ki ponudi tako eleganten kot tudi \u0161porten izgled. Poleg pregledne notranjosti ponuja tudi mnogo predalov in \u017eepkov, v katere boste lahko pospravili vse potrebne stvari, in bodo takoj pri roki. Kot vse previjalke Elodie ima tudi ta torba prilo\u017eene paske za namestitev na vozi\u010dek in mehko previjalno podlogo. Z njo boste vedno odli\u010dno organizirane in vedno v koraku s trendom.<\/p>\n<h3>Lastnosti previjalne torbe Elodie:<\/h3>\n<ul>\n<li>Material: 100% poliester<\/li>\n<li>Velikost: 33 x 31 cm<\/li>\n<li>Nega: Obri\u0161ite z vla\u017eno krpo<\/li>\n<li>Termo \u017eepek za stekleni\u010dko<\/li>\n<li>Vklju\u010dena previjalna podloga<\/li>\n<li>Velcro trakovi (ro\u010daji), za enostavno namestitev torbe na vozi\u010dek<\/li>\n<li>Mnogo \u017eepkov za odli\u010dno organiziranost<\/li>\n<li>Okvir omogo\u010da dober pregled nad vsebino v torbi.<\/li>\n<\/ul>\n","protected":false},"excerpt":{"rendered":"<p>Previjalna torba skandinavske blagovne znamke Elodie zdru\u017euje trend in funkcionalnost. Z videzom ekskluzivne modne torbice jo boste lahko uporabili ob vseh prilo\u017enostih. Ko boste na poti s svojim dojen\u010dkom ali pa \u010disto sami na izletu in nakupih.<\/p>\n","protected":false},"featured_media":45723,"template":"","meta":[],"pwb-brand":[2412,2409],"product_brand":[],"product_cat":[2361,2398,2373,2360],"product_tag":[4154,4158],"class_list":{"0":"post-45722","1":"product","2":"type-product","3":"status-publish","4":"has-post-thumbnail","6":"pwb-brand-elodie-potepanje","7":"pwb-brand-potepanje","8":"product_cat-potepanje","9":"product_cat-previjalne-torbe","10":"product_cat-previjalne-torbe-za-vozicek","11":"product_cat-vozicki","12":"product_tag-elodie","13":"product_tag-elodie-previjalne-torbe","15":"first","16":"instock","17":"taxable","18":"shipping-taxable","19":"purchasable","20":"product-type-simple","21":"add-to-wishlist-before_image"},"yoast_head":"<!-- This site is optimized with the Yoast SEO plugin v27.3 - https:\/\/yoast.com\/product\/yoast-seo-wordpress\/ -->\n<title>Previjalna torba z okvirjem Elodie - Black | Ajatutaja<\/title>\n<meta name=\"description\" content=\"Previjalna torba skandinavske blagovne znamke Elodie zdru\u017euje trend in funkcionalnost. Z videzom ekskluzivne modne torbice jo boste lahko uporabili ob vseh prilo\u017enostih\" \/>\n<meta name=\"robots\" content=\"index, follow, max-snippet:-1, max-image-preview:large, max-video-preview:-1\" \/>\n<link rel=\"canonical\" href=\"https:\/\/ajatutaja.com\/izdelek\/previjalna-torba-z-okvirjem-elodie-black\/\" \/>\n<meta property=\"og:locale\" content=\"hr_HR\" \/>\n<meta property=\"og:type\" content=\"article\" \/>\n<meta property=\"og:title\" content=\"Previjalna torba z okvirjem Elodie - Black | Ajatutaja\" \/>\n<meta property=\"og:description\" content=\"Previjalna torba skandinavske blagovne znamke Elodie zdru\u017euje trend in funkcionalnost. Z videzom ekskluzivne modne torbice jo boste lahko uporabili ob vseh prilo\u017enostih\" \/>\n<meta property=\"og:url\" content=\"https:\/\/ajatutaja.com\/izdelek\/previjalna-torba-z-okvirjem-elodie-black\/\" \/>\n<meta property=\"og:site_name\" content=\"Ajatutaja\" \/>\n<meta property=\"article:modified_time\" content=\"2026-03-14T10:26:09+00:00\" \/>\n<meta property=\"og:image\" content=\"https:\/\/ajatutaja.com\/wp-content\/uploads\/2023\/03\/elodie-previjalna-torba-z-okvirjem-black-ajatutaja-1.jpg\" \/>\n\t<meta property=\"og:image:width\" content=\"650\" \/>\n\t<meta property=\"og:image:height\" content=\"650\" \/>\n\t<meta property=\"og:image:type\" content=\"image\/jpeg\" \/>\n<meta name=\"twitter:card\" content=\"summary_large_image\" \/>\n<meta name=\"twitter:label1\" content=\"Procijenjeno vrijeme \u010ditanja\" \/>\n\t<meta name=\"twitter:data1\" content=\"1 minuta\" \/>\n<script type=\"application\/ld+json\" class=\"yoast-schema-graph\">{\"@context\":\"https:\\\/\\\/schema.org\",\"@graph\":[{\"@type\":\"WebPage\",\"@id\":\"https:\\\/\\\/ajatutaja.com\\\/izdelek\\\/previjalna-torba-z-okvirjem-elodie-black\\\/\",\"url\":\"https:\\\/\\\/ajatutaja.com\\\/izdelek\\\/previjalna-torba-z-okvirjem-elodie-black\\\/\",\"name\":\"Previjalna torba z okvirjem Elodie - Black | Ajatutaja\",\"isPartOf\":{\"@id\":\"https:\\\/\\\/ajatutaja.com\\\/#website\"},\"primaryImageOfPage\":{\"@id\":\"https:\\\/\\\/ajatutaja.com\\\/izdelek\\\/previjalna-torba-z-okvirjem-elodie-black\\\/#primaryimage\"},\"image\":{\"@id\":\"https:\\\/\\\/ajatutaja.com\\\/izdelek\\\/previjalna-torba-z-okvirjem-elodie-black\\\/#primaryimage\"},\"thumbnailUrl\":\"https:\\\/\\\/ajatutaja.com\\\/wp-content\\\/uploads\\\/2023\\\/03\\\/elodie-previjalna-torba-z-okvirjem-black-ajatutaja-1.jpg\",\"datePublished\":\"2023-03-18T17:12:13+00:00\",\"dateModified\":\"2026-03-14T10:26:09+00:00\",\"description\":\"Previjalna torba skandinavske blagovne znamke Elodie zdru\u017euje trend in funkcionalnost. Z videzom ekskluzivne modne torbice jo boste lahko uporabili ob vseh prilo\u017enostih\",\"breadcrumb\":{\"@id\":\"https:\\\/\\\/ajatutaja.com\\\/izdelek\\\/previjalna-torba-z-okvirjem-elodie-black\\\/#breadcrumb\"},\"inLanguage\":\"hr\",\"potentialAction\":[{\"@type\":\"ReadAction\",\"target\":[\"https:\\\/\\\/ajatutaja.com\\\/izdelek\\\/previjalna-torba-z-okvirjem-elodie-black\\\/\"]}]},{\"@type\":\"ImageObject\",\"inLanguage\":\"hr\",\"@id\":\"https:\\\/\\\/ajatutaja.com\\\/izdelek\\\/previjalna-torba-z-okvirjem-elodie-black\\\/#primaryimage\",\"url\":\"https:\\\/\\\/ajatutaja.com\\\/wp-content\\\/uploads\\\/2023\\\/03\\\/elodie-previjalna-torba-z-okvirjem-black-ajatutaja-1.jpg\",\"contentUrl\":\"https:\\\/\\\/ajatutaja.com\\\/wp-content\\\/uploads\\\/2023\\\/03\\\/elodie-previjalna-torba-z-okvirjem-black-ajatutaja-1.jpg\",\"width\":650,\"height\":650},{\"@type\":\"BreadcrumbList\",\"@id\":\"https:\\\/\\\/ajatutaja.com\\\/izdelek\\\/previjalna-torba-z-okvirjem-elodie-black\\\/#breadcrumb\",\"itemListElement\":[{\"@type\":\"ListItem\",\"position\":1,\"name\":\"Home\",\"item\":\"https:\\\/\\\/ajatutaja.com\\\/hr\\\/\"},{\"@type\":\"ListItem\",\"position\":2,\"name\":\"Trgovina\",\"item\":\"https:\\\/\\\/ajatutaja.com\\\/hr\\\/trgovina\\\/\"},{\"@type\":\"ListItem\",\"position\":3,\"name\":\"Previjalna torba z okvirjem Elodie &#8211; Black\"}]},{\"@type\":\"WebSite\",\"@id\":\"https:\\\/\\\/ajatutaja.com\\\/#website\",\"url\":\"https:\\\/\\\/ajatutaja.com\\\/\",\"name\":\"Ajatutaja\",\"description\":\"Otro\u0161ka spletna trgovina AJATUTAJA\",\"publisher\":{\"@id\":\"https:\\\/\\\/ajatutaja.com\\\/#organization\"},\"potentialAction\":[{\"@type\":\"SearchAction\",\"target\":{\"@type\":\"EntryPoint\",\"urlTemplate\":\"https:\\\/\\\/ajatutaja.com\\\/?s={search_term_string}\"},\"query-input\":{\"@type\":\"PropertyValueSpecification\",\"valueRequired\":true,\"valueName\":\"search_term_string\"}}],\"inLanguage\":\"hr\"},{\"@type\":\"Organization\",\"@id\":\"https:\\\/\\\/ajatutaja.com\\\/#organization\",\"name\":\"Ajatutaja\",\"url\":\"https:\\\/\\\/ajatutaja.com\\\/\",\"logo\":{\"@type\":\"ImageObject\",\"inLanguage\":\"hr\",\"@id\":\"https:\\\/\\\/ajatutaja.com\\\/#\\\/schema\\\/logo\\\/image\\\/\",\"url\":\"https:\\\/\\\/ajatutaja.com\\\/wp-content\\\/uploads\\\/2021\\\/10\\\/logo.png\",\"contentUrl\":\"https:\\\/\\\/ajatutaja.com\\\/wp-content\\\/uploads\\\/2021\\\/10\\\/logo.png\",\"width\":555,\"height\":150,\"caption\":\"Ajatutaja\"},\"image\":{\"@id\":\"https:\\\/\\\/ajatutaja.com\\\/#\\\/schema\\\/logo\\\/image\\\/\"}}]}<\/script>\n<!-- \/ Yoast SEO plugin. -->","yoast_head_json":{"title":"Previjalna torba z okvirjem Elodie - Black | Ajatutaja","description":"Previjalna torba skandinavske blagovne znamke Elodie zdru\u017euje trend in funkcionalnost. Z videzom ekskluzivne modne torbice jo boste lahko uporabili ob vseh prilo\u017enostih","robots":{"index":"index","follow":"follow","max-snippet":"max-snippet:-1","max-image-preview":"max-image-preview:large","max-video-preview":"max-video-preview:-1"},"canonical":"https:\/\/ajatutaja.com\/izdelek\/previjalna-torba-z-okvirjem-elodie-black\/","og_locale":"hr_HR","og_type":"article","og_title":"Previjalna torba z okvirjem Elodie - Black | Ajatutaja","og_description":"Previjalna torba skandinavske blagovne znamke Elodie zdru\u017euje trend in funkcionalnost. Z videzom ekskluzivne modne torbice jo boste lahko uporabili ob vseh prilo\u017enostih","og_url":"https:\/\/ajatutaja.com\/izdelek\/previjalna-torba-z-okvirjem-elodie-black\/","og_site_name":"Ajatutaja","article_modified_time":"2026-03-14T10:26:09+00:00","og_image":[{"width":650,"height":650,"url":"https:\/\/ajatutaja.com\/wp-content\/uploads\/2023\/03\/elodie-previjalna-torba-z-okvirjem-black-ajatutaja-1.jpg","type":"image\/jpeg"}],"twitter_card":"summary_large_image","twitter_misc":{"Procijenjeno vrijeme \u010ditanja":"1 minuta"},"schema":{"@context":"https:\/\/schema.org","@graph":[{"@type":"WebPage","@id":"https:\/\/ajatutaja.com\/izdelek\/previjalna-torba-z-okvirjem-elodie-black\/","url":"https:\/\/ajatutaja.com\/izdelek\/previjalna-torba-z-okvirjem-elodie-black\/","name":"Previjalna torba z okvirjem Elodie - Black | Ajatutaja","isPartOf":{"@id":"https:\/\/ajatutaja.com\/#website"},"primaryImageOfPage":{"@id":"https:\/\/ajatutaja.com\/izdelek\/previjalna-torba-z-okvirjem-elodie-black\/#primaryimage"},"image":{"@id":"https:\/\/ajatutaja.com\/izdelek\/previjalna-torba-z-okvirjem-elodie-black\/#primaryimage"},"thumbnailUrl":"https:\/\/ajatutaja.com\/wp-content\/uploads\/2023\/03\/elodie-previjalna-torba-z-okvirjem-black-ajatutaja-1.jpg","datePublished":"2023-03-18T17:12:13+00:00","dateModified":"2026-03-14T10:26:09+00:00","description":"Previjalna torba skandinavske blagovne znamke Elodie zdru\u017euje trend in funkcionalnost. Z videzom ekskluzivne modne torbice jo boste lahko uporabili ob vseh prilo\u017enostih","breadcrumb":{"@id":"https:\/\/ajatutaja.com\/izdelek\/previjalna-torba-z-okvirjem-elodie-black\/#breadcrumb"},"inLanguage":"hr","potentialAction":[{"@type":"ReadAction","target":["https:\/\/ajatutaja.com\/izdelek\/previjalna-torba-z-okvirjem-elodie-black\/"]}]},{"@type":"ImageObject","inLanguage":"hr","@id":"https:\/\/ajatutaja.com\/izdelek\/previjalna-torba-z-okvirjem-elodie-black\/#primaryimage","url":"https:\/\/ajatutaja.com\/wp-content\/uploads\/2023\/03\/elodie-previjalna-torba-z-okvirjem-black-ajatutaja-1.jpg","contentUrl":"https:\/\/ajatutaja.com\/wp-content\/uploads\/2023\/03\/elodie-previjalna-torba-z-okvirjem-black-ajatutaja-1.jpg","width":650,"height":650},{"@type":"BreadcrumbList","@id":"https:\/\/ajatutaja.com\/izdelek\/previjalna-torba-z-okvirjem-elodie-black\/#breadcrumb","itemListElement":[{"@type":"ListItem","position":1,"name":"Home","item":"https:\/\/ajatutaja.com\/hr\/"},{"@type":"ListItem","position":2,"name":"Trgovina","item":"https:\/\/ajatutaja.com\/hr\/trgovina\/"},{"@type":"ListItem","position":3,"name":"Previjalna torba z okvirjem Elodie &#8211; Black"}]},{"@type":"WebSite","@id":"https:\/\/ajatutaja.com\/#website","url":"https:\/\/ajatutaja.com\/","name":"Ajatutaja","description":"Otro\u0161ka spletna trgovina AJATUTAJA","publisher":{"@id":"https:\/\/ajatutaja.com\/#organization"},"potentialAction":[{"@type":"SearchAction","target":{"@type":"EntryPoint","urlTemplate":"https:\/\/ajatutaja.com\/?s={search_term_string}"},"query-input":{"@type":"PropertyValueSpecification","valueRequired":true,"valueName":"search_term_string"}}],"inLanguage":"hr"},{"@type":"Organization","@id":"https:\/\/ajatutaja.com\/#organization","name":"Ajatutaja","url":"https:\/\/ajatutaja.com\/","logo":{"@type":"ImageObject","inLanguage":"hr","@id":"https:\/\/ajatutaja.com\/#\/schema\/logo\/image\/","url":"https:\/\/ajatutaja.com\/wp-content\/uploads\/2021\/10\/logo.png","contentUrl":"https:\/\/ajatutaja.com\/wp-content\/uploads\/2021\/10\/logo.png","width":555,"height":150,"caption":"Ajatutaja"},"image":{"@id":"https:\/\/ajatutaja.com\/#\/schema\/logo\/image\/"}}]}},"brands":[{"id":2412,"name":"Elodie","slug":"elodie-potepanje"},{"id":2409,"name":"Potepanje","slug":"potepanje"}],"_links":{"self":[{"href":"https:\/\/ajatutaja.com\/hr\/wp-json\/wp\/v2\/product\/45722","targetHints":{"allow":["GET"]}}],"collection":[{"href":"https:\/\/ajatutaja.com\/hr\/wp-json\/wp\/v2\/product"}],"about":[{"href":"https:\/\/ajatutaja.com\/hr\/wp-json\/wp\/v2\/types\/product"}],"wp:featuredmedia":[{"embeddable":true,"href":"https:\/\/ajatutaja.com\/hr\/wp-json\/wp\/v2\/media\/45723"}],"wp:attachment":[{"href":"https:\/\/ajatutaja.com\/hr\/wp-json\/wp\/v2\/media?parent=45722"}],"wp:term":[{"taxonomy":"pwb-brand","embeddable":true,"href":"https:\/\/ajatutaja.com\/hr\/wp-json\/wp\/v2\/pwb-brand?post=45722"},{"taxonomy":"product_brand","embeddable":true,"href":"https:\/\/ajatutaja.com\/hr\/wp-json\/wp\/v2\/product_brand?post=45722"},{"taxonomy":"product_cat","embeddable":true,"href":"https:\/\/ajatutaja.com\/hr\/wp-json\/wp\/v2\/product_cat?post=45722"},{"taxonomy":"product_tag","embeddable":true,"href":"https:\/\/ajatutaja.com\/hr\/wp-json\/wp\/v2\/product_tag?post=45722"}],"curies":[{"name":"wp","href":"https:\/\/api.w.org\/{rel}","templated":true}]}}