{"id":44896,"date":"2023-03-11T16:09:40","date_gmt":"2023-03-11T15:09:40","guid":{"rendered":"https:\/\/ajatutaja.com\/?post_type=product&#038;p=44896"},"modified":"2024-02-16T17:03:06","modified_gmt":"2024-02-16T16:03:06","slug":"otroska-igraca-pop-it-flower-mushie-rose-blush-shifting-sand","status":"publish","type":"product","link":"https:\/\/ajatutaja.com\/hr\/proizvod\/otroska-igraca-pop-it-flower-mushie-rose-blush-shifting-sand\/","title":{"rendered":"Otro\u0161ka igra\u010da POP-IT Flower Mushie &#8211; Rose\/Blush\/Shifting Sand"},"content":{"rendered":"<h3>Lastnosti igra\u010dke iz silikona Mushie:<\/h3>\n<ul>\n<li>Priporo\u010dljivo za otroke stare 10+ mesecev<\/li>\n<li>Brez BPA\/PVC\/ftalatov<\/li>\n<li>100 % silikon za \u017eivila<\/li>\n<li>Dimenzije: 11,5 x 11,5\u00a0cm<\/li>\n<li>Nega: perite s toplo vodo z milom in pustite, da se posu\u0161i na zraku<\/li>\n<\/ul>\n","protected":false},"excerpt":{"rendered":"<p>Aktivnostna igra\u010dka v obliki ro\u017eice je izdelana iz nestrupnega 100% silikona, brez BPA, kar omogo\u010da varno igro. Mushie silikonska igra\u010da je narejena z mislijo na male roke, s svojo preprosto zasnovo in mehkimi barvami spodbuja senzori\u010dno raziskovanje in razvoj finih motori\u010dnih sposobnosti. Va\u0161i mal\u010dki se bodo vklju\u010dili v u\u010denje, medtem ko bodo pritiskali na mehur\u010dke in sli\u0161ali ne\u017een pok.<\/p>\n<p>Ta igra\u010da bo s svojimi neskon\u010dnimi mo\u017enostmi za igro zagotovo pritegnila pozornost dojen\u010dkov in starej\u0161ih otrok.<\/p>\n","protected":false},"featured_media":44897,"template":"","meta":[],"pwb-brand":[2452,5148],"product_brand":[],"product_cat":[3989,2441,2362],"product_tag":[5142],"class_list":{"0":"post-44896","1":"product","2":"type-product","3":"status-publish","4":"has-post-thumbnail","6":"pwb-brand-igranje","7":"pwb-brand-mushie-igranje","8":"product_cat-12-mesecev-igrace","9":"product_cat-aktivnostne-igrace","10":"product_cat-igranje","11":"product_tag-mushie","13":"first","14":"outofstock","15":"taxable","16":"shipping-taxable","17":"purchasable","18":"product-type-simple","19":"add-to-wishlist-before_image"},"yoast_head":"<!-- This site is optimized with the Yoast SEO plugin v27.3 - https:\/\/yoast.com\/product\/yoast-seo-wordpress\/ -->\n<title>Otro\u0161ka igra\u010da POP-IT Flower Mushie - Rose\/Blush\/Shifting Sand | Ajatutaja<\/title>\n<meta name=\"description\" content=\"Mushie silikonska igra\u010da je narejena z mislijo na male roke, s svojo preprosto zasnovo in mehkimi barvami spodbuja senzori\u010dno raziskovanje in razvoj finih motori\u010dnih sposobnost\" \/>\n<meta name=\"robots\" content=\"index, follow, max-snippet:-1, max-image-preview:large, max-video-preview:-1\" \/>\n<link rel=\"canonical\" href=\"https:\/\/ajatutaja.com\/izdelek\/otroska-igraca-pop-it-flower-mushie-rose-blush-shifting-sand\/\" \/>\n<meta property=\"og:locale\" content=\"hr_HR\" \/>\n<meta property=\"og:type\" content=\"article\" \/>\n<meta property=\"og:title\" content=\"Otro\u0161ka igra\u010da POP-IT Flower Mushie - Rose\/Blush\/Shifting Sand | Ajatutaja\" \/>\n<meta property=\"og:description\" content=\"Mushie silikonska igra\u010da je narejena z mislijo na male roke, s svojo preprosto zasnovo in mehkimi barvami spodbuja senzori\u010dno raziskovanje in razvoj finih motori\u010dnih sposobnost\" \/>\n<meta property=\"og:url\" content=\"https:\/\/ajatutaja.com\/izdelek\/otroska-igraca-pop-it-flower-mushie-rose-blush-shifting-sand\/\" \/>\n<meta property=\"og:site_name\" content=\"Ajatutaja\" \/>\n<meta property=\"article:modified_time\" content=\"2024-02-16T16:03:06+00:00\" \/>\n<meta property=\"og:image\" content=\"https:\/\/ajatutaja.com\/wp-content\/uploads\/2023\/03\/mushie-otroska-igraca-pop-it-flower-roseblushshifting-sand-ajatutaja-1-e1678547573792.jpeg\" \/>\n\t<meta property=\"og:image:width\" content=\"600\" \/>\n\t<meta property=\"og:image:height\" content=\"600\" \/>\n\t<meta property=\"og:image:type\" content=\"image\/jpeg\" \/>\n<meta name=\"twitter:card\" content=\"summary_large_image\" \/>\n<script type=\"application\/ld+json\" class=\"yoast-schema-graph\">{\"@context\":\"https:\\\/\\\/schema.org\",\"@graph\":[{\"@type\":\"WebPage\",\"@id\":\"https:\\\/\\\/ajatutaja.com\\\/izdelek\\\/otroska-igraca-pop-it-flower-mushie-rose-blush-shifting-sand\\\/\",\"url\":\"https:\\\/\\\/ajatutaja.com\\\/izdelek\\\/otroska-igraca-pop-it-flower-mushie-rose-blush-shifting-sand\\\/\",\"name\":\"Otro\u0161ka igra\u010da POP-IT Flower Mushie - Rose\\\/Blush\\\/Shifting Sand | Ajatutaja\",\"isPartOf\":{\"@id\":\"https:\\\/\\\/ajatutaja.com\\\/#website\"},\"primaryImageOfPage\":{\"@id\":\"https:\\\/\\\/ajatutaja.com\\\/izdelek\\\/otroska-igraca-pop-it-flower-mushie-rose-blush-shifting-sand\\\/#primaryimage\"},\"image\":{\"@id\":\"https:\\\/\\\/ajatutaja.com\\\/izdelek\\\/otroska-igraca-pop-it-flower-mushie-rose-blush-shifting-sand\\\/#primaryimage\"},\"thumbnailUrl\":\"https:\\\/\\\/ajatutaja.com\\\/wp-content\\\/uploads\\\/2023\\\/03\\\/mushie-otroska-igraca-pop-it-flower-roseblushshifting-sand-ajatutaja-1-e1678547573792.jpeg\",\"datePublished\":\"2023-03-11T15:09:40+00:00\",\"dateModified\":\"2024-02-16T16:03:06+00:00\",\"description\":\"Mushie silikonska igra\u010da je narejena z mislijo na male roke, s svojo preprosto zasnovo in mehkimi barvami spodbuja senzori\u010dno raziskovanje in razvoj finih motori\u010dnih sposobnost\",\"breadcrumb\":{\"@id\":\"https:\\\/\\\/ajatutaja.com\\\/izdelek\\\/otroska-igraca-pop-it-flower-mushie-rose-blush-shifting-sand\\\/#breadcrumb\"},\"inLanguage\":\"hr\",\"potentialAction\":[{\"@type\":\"ReadAction\",\"target\":[\"https:\\\/\\\/ajatutaja.com\\\/izdelek\\\/otroska-igraca-pop-it-flower-mushie-rose-blush-shifting-sand\\\/\"]}]},{\"@type\":\"ImageObject\",\"inLanguage\":\"hr\",\"@id\":\"https:\\\/\\\/ajatutaja.com\\\/izdelek\\\/otroska-igraca-pop-it-flower-mushie-rose-blush-shifting-sand\\\/#primaryimage\",\"url\":\"https:\\\/\\\/ajatutaja.com\\\/wp-content\\\/uploads\\\/2023\\\/03\\\/mushie-otroska-igraca-pop-it-flower-roseblushshifting-sand-ajatutaja-1-e1678547573792.jpeg\",\"contentUrl\":\"https:\\\/\\\/ajatutaja.com\\\/wp-content\\\/uploads\\\/2023\\\/03\\\/mushie-otroska-igraca-pop-it-flower-roseblushshifting-sand-ajatutaja-1-e1678547573792.jpeg\",\"width\":600,\"height\":600},{\"@type\":\"BreadcrumbList\",\"@id\":\"https:\\\/\\\/ajatutaja.com\\\/izdelek\\\/otroska-igraca-pop-it-flower-mushie-rose-blush-shifting-sand\\\/#breadcrumb\",\"itemListElement\":[{\"@type\":\"ListItem\",\"position\":1,\"name\":\"Home\",\"item\":\"https:\\\/\\\/ajatutaja.com\\\/hr\\\/\"},{\"@type\":\"ListItem\",\"position\":2,\"name\":\"Trgovina\",\"item\":\"https:\\\/\\\/ajatutaja.com\\\/hr\\\/trgovina\\\/\"},{\"@type\":\"ListItem\",\"position\":3,\"name\":\"Otro\u0161ka igra\u010da POP-IT Flower Mushie &#8211; Rose\\\/Blush\\\/Shifting Sand\"}]},{\"@type\":\"WebSite\",\"@id\":\"https:\\\/\\\/ajatutaja.com\\\/#website\",\"url\":\"https:\\\/\\\/ajatutaja.com\\\/\",\"name\":\"Ajatutaja\",\"description\":\"Otro\u0161ka spletna trgovina AJATUTAJA\",\"publisher\":{\"@id\":\"https:\\\/\\\/ajatutaja.com\\\/#organization\"},\"potentialAction\":[{\"@type\":\"SearchAction\",\"target\":{\"@type\":\"EntryPoint\",\"urlTemplate\":\"https:\\\/\\\/ajatutaja.com\\\/?s={search_term_string}\"},\"query-input\":{\"@type\":\"PropertyValueSpecification\",\"valueRequired\":true,\"valueName\":\"search_term_string\"}}],\"inLanguage\":\"hr\"},{\"@type\":\"Organization\",\"@id\":\"https:\\\/\\\/ajatutaja.com\\\/#organization\",\"name\":\"Ajatutaja\",\"url\":\"https:\\\/\\\/ajatutaja.com\\\/\",\"logo\":{\"@type\":\"ImageObject\",\"inLanguage\":\"hr\",\"@id\":\"https:\\\/\\\/ajatutaja.com\\\/#\\\/schema\\\/logo\\\/image\\\/\",\"url\":\"https:\\\/\\\/ajatutaja.com\\\/wp-content\\\/uploads\\\/2021\\\/10\\\/logo.png\",\"contentUrl\":\"https:\\\/\\\/ajatutaja.com\\\/wp-content\\\/uploads\\\/2021\\\/10\\\/logo.png\",\"width\":555,\"height\":150,\"caption\":\"Ajatutaja\"},\"image\":{\"@id\":\"https:\\\/\\\/ajatutaja.com\\\/#\\\/schema\\\/logo\\\/image\\\/\"}}]}<\/script>\n<!-- \/ Yoast SEO plugin. -->","yoast_head_json":{"title":"Otro\u0161ka igra\u010da POP-IT Flower Mushie - Rose\/Blush\/Shifting Sand | Ajatutaja","description":"Mushie silikonska igra\u010da je narejena z mislijo na male roke, s svojo preprosto zasnovo in mehkimi barvami spodbuja senzori\u010dno raziskovanje in razvoj finih motori\u010dnih sposobnost","robots":{"index":"index","follow":"follow","max-snippet":"max-snippet:-1","max-image-preview":"max-image-preview:large","max-video-preview":"max-video-preview:-1"},"canonical":"https:\/\/ajatutaja.com\/izdelek\/otroska-igraca-pop-it-flower-mushie-rose-blush-shifting-sand\/","og_locale":"hr_HR","og_type":"article","og_title":"Otro\u0161ka igra\u010da POP-IT Flower Mushie - Rose\/Blush\/Shifting Sand | Ajatutaja","og_description":"Mushie silikonska igra\u010da je narejena z mislijo na male roke, s svojo preprosto zasnovo in mehkimi barvami spodbuja senzori\u010dno raziskovanje in razvoj finih motori\u010dnih sposobnost","og_url":"https:\/\/ajatutaja.com\/izdelek\/otroska-igraca-pop-it-flower-mushie-rose-blush-shifting-sand\/","og_site_name":"Ajatutaja","article_modified_time":"2024-02-16T16:03:06+00:00","og_image":[{"width":600,"height":600,"url":"https:\/\/ajatutaja.com\/wp-content\/uploads\/2023\/03\/mushie-otroska-igraca-pop-it-flower-roseblushshifting-sand-ajatutaja-1-e1678547573792.jpeg","type":"image\/jpeg"}],"twitter_card":"summary_large_image","schema":{"@context":"https:\/\/schema.org","@graph":[{"@type":"WebPage","@id":"https:\/\/ajatutaja.com\/izdelek\/otroska-igraca-pop-it-flower-mushie-rose-blush-shifting-sand\/","url":"https:\/\/ajatutaja.com\/izdelek\/otroska-igraca-pop-it-flower-mushie-rose-blush-shifting-sand\/","name":"Otro\u0161ka igra\u010da POP-IT Flower Mushie - Rose\/Blush\/Shifting Sand | Ajatutaja","isPartOf":{"@id":"https:\/\/ajatutaja.com\/#website"},"primaryImageOfPage":{"@id":"https:\/\/ajatutaja.com\/izdelek\/otroska-igraca-pop-it-flower-mushie-rose-blush-shifting-sand\/#primaryimage"},"image":{"@id":"https:\/\/ajatutaja.com\/izdelek\/otroska-igraca-pop-it-flower-mushie-rose-blush-shifting-sand\/#primaryimage"},"thumbnailUrl":"https:\/\/ajatutaja.com\/wp-content\/uploads\/2023\/03\/mushie-otroska-igraca-pop-it-flower-roseblushshifting-sand-ajatutaja-1-e1678547573792.jpeg","datePublished":"2023-03-11T15:09:40+00:00","dateModified":"2024-02-16T16:03:06+00:00","description":"Mushie silikonska igra\u010da je narejena z mislijo na male roke, s svojo preprosto zasnovo in mehkimi barvami spodbuja senzori\u010dno raziskovanje in razvoj finih motori\u010dnih sposobnost","breadcrumb":{"@id":"https:\/\/ajatutaja.com\/izdelek\/otroska-igraca-pop-it-flower-mushie-rose-blush-shifting-sand\/#breadcrumb"},"inLanguage":"hr","potentialAction":[{"@type":"ReadAction","target":["https:\/\/ajatutaja.com\/izdelek\/otroska-igraca-pop-it-flower-mushie-rose-blush-shifting-sand\/"]}]},{"@type":"ImageObject","inLanguage":"hr","@id":"https:\/\/ajatutaja.com\/izdelek\/otroska-igraca-pop-it-flower-mushie-rose-blush-shifting-sand\/#primaryimage","url":"https:\/\/ajatutaja.com\/wp-content\/uploads\/2023\/03\/mushie-otroska-igraca-pop-it-flower-roseblushshifting-sand-ajatutaja-1-e1678547573792.jpeg","contentUrl":"https:\/\/ajatutaja.com\/wp-content\/uploads\/2023\/03\/mushie-otroska-igraca-pop-it-flower-roseblushshifting-sand-ajatutaja-1-e1678547573792.jpeg","width":600,"height":600},{"@type":"BreadcrumbList","@id":"https:\/\/ajatutaja.com\/izdelek\/otroska-igraca-pop-it-flower-mushie-rose-blush-shifting-sand\/#breadcrumb","itemListElement":[{"@type":"ListItem","position":1,"name":"Home","item":"https:\/\/ajatutaja.com\/hr\/"},{"@type":"ListItem","position":2,"name":"Trgovina","item":"https:\/\/ajatutaja.com\/hr\/trgovina\/"},{"@type":"ListItem","position":3,"name":"Otro\u0161ka igra\u010da POP-IT Flower Mushie &#8211; Rose\/Blush\/Shifting Sand"}]},{"@type":"WebSite","@id":"https:\/\/ajatutaja.com\/#website","url":"https:\/\/ajatutaja.com\/","name":"Ajatutaja","description":"Otro\u0161ka spletna trgovina AJATUTAJA","publisher":{"@id":"https:\/\/ajatutaja.com\/#organization"},"potentialAction":[{"@type":"SearchAction","target":{"@type":"EntryPoint","urlTemplate":"https:\/\/ajatutaja.com\/?s={search_term_string}"},"query-input":{"@type":"PropertyValueSpecification","valueRequired":true,"valueName":"search_term_string"}}],"inLanguage":"hr"},{"@type":"Organization","@id":"https:\/\/ajatutaja.com\/#organization","name":"Ajatutaja","url":"https:\/\/ajatutaja.com\/","logo":{"@type":"ImageObject","inLanguage":"hr","@id":"https:\/\/ajatutaja.com\/#\/schema\/logo\/image\/","url":"https:\/\/ajatutaja.com\/wp-content\/uploads\/2021\/10\/logo.png","contentUrl":"https:\/\/ajatutaja.com\/wp-content\/uploads\/2021\/10\/logo.png","width":555,"height":150,"caption":"Ajatutaja"},"image":{"@id":"https:\/\/ajatutaja.com\/#\/schema\/logo\/image\/"}}]}},"brands":[{"id":2452,"name":"Igranje","slug":"igranje"},{"id":5148,"name":"Mushie","slug":"mushie-igranje"}],"_links":{"self":[{"href":"https:\/\/ajatutaja.com\/hr\/wp-json\/wp\/v2\/product\/44896","targetHints":{"allow":["GET"]}}],"collection":[{"href":"https:\/\/ajatutaja.com\/hr\/wp-json\/wp\/v2\/product"}],"about":[{"href":"https:\/\/ajatutaja.com\/hr\/wp-json\/wp\/v2\/types\/product"}],"wp:featuredmedia":[{"embeddable":true,"href":"https:\/\/ajatutaja.com\/hr\/wp-json\/wp\/v2\/media\/44897"}],"wp:attachment":[{"href":"https:\/\/ajatutaja.com\/hr\/wp-json\/wp\/v2\/media?parent=44896"}],"wp:term":[{"taxonomy":"pwb-brand","embeddable":true,"href":"https:\/\/ajatutaja.com\/hr\/wp-json\/wp\/v2\/pwb-brand?post=44896"},{"taxonomy":"product_brand","embeddable":true,"href":"https:\/\/ajatutaja.com\/hr\/wp-json\/wp\/v2\/product_brand?post=44896"},{"taxonomy":"product_cat","embeddable":true,"href":"https:\/\/ajatutaja.com\/hr\/wp-json\/wp\/v2\/product_cat?post=44896"},{"taxonomy":"product_tag","embeddable":true,"href":"https:\/\/ajatutaja.com\/hr\/wp-json\/wp\/v2\/product_tag?post=44896"}],"curies":[{"name":"wp","href":"https:\/\/api.w.org\/{rel}","templated":true}]}}